{"id":502250,"date":"2026-04-11T08:11:51","date_gmt":"2026-04-11T08:11:51","guid":{"rendered":"https:\/\/saludsostenible.es\/?page_id=502250"},"modified":"2026-04-11T08:20:35","modified_gmt":"2026-04-11T08:20:35","slug":"about","status":"publish","type":"page","link":"https:\/\/saludsostenible.es\/en\/about\/","title":{"rendered":"About"},"content":{"rendered":"<div data-elementor-type=\"wp-page\" data-elementor-id=\"502250\" class=\"elementor elementor-502250\" data-elementor-post-type=\"page\">\n\t\t\t\t\t\t<section class=\"elementor-section elementor-top-section elementor-element elementor-element-41983214 elementor-section-boxed elementor-section-height-default elementor-section-height-default\" data-id=\"41983214\" data-element_type=\"section\" data-e-type=\"section\">\n\t\t\t\t\t\t<div class=\"elementor-container elementor-column-gap-default\">\n\t\t\t\t\t<div class=\"elementor-column elementor-col-100 elementor-top-column elementor-element elementor-element-6b23e399\" data-id=\"6b23e399\" data-element_type=\"column\" data-e-type=\"column\">\n\t\t\t<div class=\"elementor-widget-wrap elementor-element-populated\">\n\t\t\t\t\t\t<div class=\"elementor-element elementor-element-775ef98f elementor-widget elementor-widget-text-editor\" data-id=\"775ef98f\" data-element_type=\"widget\" data-e-type=\"widget\" data-widget_type=\"text-editor.default\">\n\t\t\t\t<div class=\"elementor-widget-container\">\n\t\t\t\t\t\t\t\t\t<p>        <div class=\"ssp-specialties-page ssp-theme-clean ssp-about-page\">\n            <section class=\"ssp-block ssp-about-hero\">\n                <div class=\"ssp-about-hero__grid\">\n                    <div class=\"ssp-about-hero__intro\">\n                        <div class=\"ssp-kicker\">Salud Sostenible Beauty Longevity<\/div>\n                        <h1 class=\"ssp-specialties-hero__title ssp-about-hero__title\">Una estructura cl\u00ednica pensada para pacientes y profesionales<\/h1>\n                        <p class=\"ssp-specialties-hero__subtitle ssp-about-hero__subtitle\">Salud Sostenible articula un modelo orientado a integrar evaluaci\u00f3n, orientaci\u00f3n cl\u00ednica y coordinaci\u00f3n entre especialidades dentro de una l\u00f3gica global del paciente.<\/p>\n                    <\/div>\n\n                    <article class=\"ssp-about-leader-visual\">\n                        <div class=\"ssp-about-leader-visual__media\">\n                            <img decoding=\"async\" class=\"ssp-about-leader-visual__img\" src=\"https:\/\/saludsostenible.es\/wp-content\/plugins\/salud-sostenible-platform-v1.5.12.6-about-redesign-real-1\/assets\/img\/fabrice-lefevre.jpg\" alt=\"Fabrice Lef\u00e8vre\" loading=\"lazy\" onerror=\"this.onerror=null;this.src='https:\/\/saludsostenible.es\/wp-content\/plugins\/salud-sostenible-platform-v1.5.12.6-about-redesign-real-1\/assets\/img\/fabrice-lefevre.jpg';\" \/>\n                        <\/div>\n                        <div class=\"ssp-about-leader-visual__meta\">\n                            <div class=\"ssp-specialties-highlight__eyebrow\">CEO<\/div>\n                            <h2>Fabrice Lef\u00e8vre<\/h2>\n                            <div class=\"ssp-about-leader-card__caption\">CEO &amp; Founder \u00b7 FLI Institute<\/div>\n                        <\/div>\n                    <\/article>\n                <\/div>\n            <\/section>\n\n            <section class=\"ssp-block ssp-about-ceo-story\">\n                <div class=\"ssp-about-ceo-story__grid\">\n                    <div class=\"ssp-about-ceo-story__intro\">\n                        <div class=\"ssp-kicker\">CEO<\/div>\n                        <h2 class=\"ssp-h2\">Fabrice Lef\u00e8vre<\/h2>\n                        <div class=\"ssp-about-leader-card__caption\">CEO &amp; Founder \u00b7 FLI Institute<\/div>\n                    <\/div>\n                    <div class=\"ssp-about-ceo-story__content\">\n                        <p class=\"ssp-p\">Fabrice Lef\u00e8vre lidera Salud Sostenible con una visi\u00f3n centrada en la calidad cl\u00ednica, la coherencia metodol\u00f3gica y la construcci\u00f3n de una red profesional s\u00f3lida.<\/p>\n                        <p class=\"ssp-p\">Su trabajo impulsa el desarrollo de un modelo que conecta evaluaci\u00f3n, criterio cl\u00ednico y colaboraci\u00f3n entre disciplinas para mejorar la experiencia del paciente y facilitar nuevas oportunidades a los profesionales.<\/p>\n                    <\/div>\n                <\/div>\n            <\/section>\n\n            <section class=\"ssp-block ssp-about-benefits\">\n                <div class=\"ssp-specialties-grid ssp-about-benefits__grid\">\n                    <article class=\"ssp-specialties-card ssp-specialties-card--category\">\n                        <h3 class=\"ssp-specialties-card__single-title\">Qu\u00e9 aporta a los pacientes<\/h3>\n                        <p class=\"ssp-specialties-card__single-copy\">Para los pacientes, Salud Sostenible ofrece una v\u00eda m\u00e1s estructurada para entender su situaci\u00f3n, orientar cada caso y facilitar el acceso a profesionales adecuados dentro de un enfoque global.<\/p>\n                        <div class=\"ssp-specialties-category-lines\">\n                            <div class=\"ssp-specialties-category-line\">Orientaci\u00f3n inicial m\u00e1s clara y estructurada<\/div><div class=\"ssp-specialties-category-line\">Acceso a profesionales de distintas \u00e1reas<\/div><div class=\"ssp-specialties-category-line\">Posibilidad de coordinaci\u00f3n entre especialidades<\/div>                        <\/div>\n                    <\/article>\n                    <article class=\"ssp-specialties-card ssp-specialties-card--category\">\n                        <h3 class=\"ssp-specialties-card__single-title\">Qu\u00e9 aporta a los profesionales<\/h3>\n                        <p class=\"ssp-specialties-card__single-copy\">Para los profesionales, Salud Sostenible genera un entorno de red, visibilidad y colaboraci\u00f3n donde cada incorporaci\u00f3n se integra bajo criterios comunes de calidad y coherencia cl\u00ednica.<\/p>\n                        <div class=\"ssp-specialties-category-lines\">\n                            <div class=\"ssp-specialties-category-line\">Mayor visibilidad dentro del Clinical Network<\/div><div class=\"ssp-specialties-category-line\">Integraci\u00f3n en una l\u00f3gica compartida de trabajo<\/div><div class=\"ssp-specialties-category-line\">Conexi\u00f3n con pacientes y otros especialistas<\/div>                        <\/div>\n                    <\/article>\n                    <article class=\"ssp-specialties-card ssp-specialties-card--category\">\n                        <h3 class=\"ssp-specialties-card__single-title\">C\u00f3mo se articula el modelo<\/h3>\n                        <p class=\"ssp-specialties-card__single-copy\">Evaluaci\u00f3n inicial, orientaci\u00f3n cl\u00ednica y conexi\u00f3n con especialistas dentro de una l\u00f3gica compartida que facilita continuidad, criterio y coordinaci\u00f3n.<\/p>\n                        <div class=\"ssp-specialties-category-lines\">\n                            <div class=\"ssp-specialties-category-line\">Perfil de salud como punto de partida<\/div><div class=\"ssp-specialties-category-line\">Orientaci\u00f3n cl\u00ednica seg\u00fan cada caso<\/div><div class=\"ssp-specialties-category-line\">Trabajo coordinado cuando intervienen varias disciplinas<\/div>                        <\/div>\n                    <\/article>\n                <\/div>\n            <\/section>\n\n            <section class=\"ssp-block ssp-about-model\">\n                <div class=\"ssp-about-model__grid\">\n                    <div class=\"ssp-about-model__media\">\n                        <img decoding=\"async\" src=\"https:\/\/saludsostenible.es\/wp-content\/plugins\/salud-sostenible-platform-v1.5.12.6-about-redesign-real-1\/assets\/img\/home-consulta.jpg\" alt=\"Un modelo organizado para acompa\u00f1ar mejor cada caso\" loading=\"lazy\" onerror=\"this.onerror=null;this.src='https:\/\/saludsostenible.es\/wp-content\/plugins\/salud-sostenible-platform-v1.5.12.6-about-redesign-real-1\/assets\/img\/home-consulta.jpg';\" \/>\n                    <\/div>\n                    <div class=\"ssp-about-model__content\">\n                        <div class=\"ssp-kicker\">Red en expansi\u00f3n<\/div>\n                        <h2 class=\"ssp-h2\">Un modelo organizado para acompa\u00f1ar mejor cada caso<\/h2>\n                        <p class=\"ssp-p\">La propuesta de Salud Sostenible combina perfil de salud, orientaci\u00f3n cl\u00ednica y red profesional para construir recorridos m\u00e1s coherentes cuando intervienen distintas disciplinas.<\/p>\n                        <p class=\"ssp-p\">Este enfoque permite ordenar la informaci\u00f3n relevante, facilitar la continuidad y promover una atenci\u00f3n m\u00e1s adaptada a cada situaci\u00f3n.<\/p>\n                        <div class=\"ssp-about-coverage-note\">\n                            <strong>Presencia y desarrollo en diferentes ciudades de Espa\u00f1a<\/strong>\n                            <p>El proyecto evoluciona integrando progresivamente especialistas y colaboradores en distintas ciudades, manteniendo una misma l\u00f3gica de calidad y colaboraci\u00f3n.<\/p>\n                        <\/div>\n                    <\/div>\n                <\/div>\n            <\/section>\n        <\/div>\n        <\/p>\t\t\t\t\t\t\t\t<\/div>\n\t\t\t\t<\/div>\n\t\t\t\t\t<\/div>\n\t\t<\/div>\n\t\t\t\t\t<\/div>\n\t\t<\/section>\n\t\t\t\t<\/div>","protected":false},"excerpt":{"rendered":"","protected":false},"author":1,"featured_media":0,"parent":0,"menu_order":0,"comment_status":"closed","ping_status":"closed","template":"","meta":{"footnotes":""},"class_list":["post-502250","page","type-page","status-publish","hentry"],"yoast_head":"<!-- This site is optimized with the Yoast SEO Premium plugin v22.9 (Yoast SEO v27.3) - https:\/\/yoast.com\/product\/yoast-seo-premium-wordpress\/ -->\n<title>About - Salud Sostenible by Fabrice Lef&egrave;vre Institute<\/title>\n<meta name=\"robots\" content=\"index, follow, max-snippet:-1, max-image-preview:large, max-video-preview:-1\" \/>\n<link rel=\"canonical\" href=\"https:\/\/saludsostenible.es\/en\/about\/\" \/>\n<meta property=\"og:locale\" content=\"en_GB\" \/>\n<meta property=\"og:type\" content=\"article\" \/>\n<meta property=\"og:title\" content=\"About\" \/>\n<meta property=\"og:url\" content=\"https:\/\/saludsostenible.es\/en\/about\/\" \/>\n<meta property=\"og:site_name\" content=\"Salud Sostenible by Fabrice Lef&egrave;vre Institute\" \/>\n<meta property=\"article:publisher\" content=\"https:\/\/www.facebook.com\/ProbodyoneBarcelona\" \/>\n<meta property=\"article:modified_time\" content=\"2026-04-11T08:20:35+00:00\" \/>\n<meta property=\"og:image\" content=\"https:\/\/saludsostenible.es\/wp-content\/uploads\/2024\/08\/probodyone-blog.jpg\" \/>\n\t<meta property=\"og:image:width\" content=\"1600\" \/>\n\t<meta property=\"og:image:height\" content=\"550\" \/>\n\t<meta property=\"og:image:type\" content=\"image\/jpeg\" \/>\n<meta name=\"twitter:card\" content=\"summary_large_image\" \/>\n<meta name=\"twitter:site\" content=\"@probodyone\" \/>\n<meta name=\"twitter:label1\" content=\"Estimated reading time\" \/>\n\t<meta name=\"twitter:data1\" content=\"1 minute\" \/>\n<script type=\"application\/ld+json\" class=\"yoast-schema-graph\">{\"@context\":\"https:\\\/\\\/schema.org\",\"@graph\":[{\"@type\":\"WebPage\",\"@id\":\"https:\\\/\\\/saludsostenible.es\\\/about\\\/\",\"url\":\"https:\\\/\\\/saludsostenible.es\\\/about\\\/\",\"name\":\"About - Salud Sostenible by Fabrice Lef&egrave;vre Institute\",\"isPartOf\":{\"@id\":\"https:\\\/\\\/saludsostenible.es\\\/#website\"},\"datePublished\":\"2026-04-11T08:11:51+00:00\",\"dateModified\":\"2026-04-11T08:20:35+00:00\",\"breadcrumb\":{\"@id\":\"https:\\\/\\\/saludsostenible.es\\\/about\\\/#breadcrumb\"},\"inLanguage\":\"en-GB\",\"potentialAction\":[{\"@type\":\"ReadAction\",\"target\":[\"https:\\\/\\\/saludsostenible.es\\\/about\\\/\"]}]},{\"@type\":\"BreadcrumbList\",\"@id\":\"https:\\\/\\\/saludsostenible.es\\\/about\\\/#breadcrumb\",\"itemListElement\":[{\"@type\":\"ListItem\",\"position\":1,\"name\":\"Home\",\"item\":\"https:\\\/\\\/saludsostenible.es\\\/\"},{\"@type\":\"ListItem\",\"position\":2,\"name\":\"About\"}]},{\"@type\":\"WebSite\",\"@id\":\"https:\\\/\\\/saludsostenible.es\\\/#website\",\"url\":\"https:\\\/\\\/saludsostenible.es\\\/\",\"name\":\"Salud Sostenible by Fabrice Lef\u00e8vre Institute\",\"description\":\"Osteopat&iacute;a, fisioterapeuta y quiropr&aacute;ctica en Barcelona, Madrid y Marbella\",\"publisher\":{\"@id\":\"https:\\\/\\\/saludsostenible.es\\\/#organization\"},\"alternateName\":\"Osteopat\u00eda Barcelona Madrid y Marbella\",\"potentialAction\":[{\"@type\":\"SearchAction\",\"target\":{\"@type\":\"EntryPoint\",\"urlTemplate\":\"https:\\\/\\\/saludsostenible.es\\\/?s={search_term_string}\"},\"query-input\":{\"@type\":\"PropertyValueSpecification\",\"valueRequired\":true,\"valueName\":\"search_term_string\"}}],\"inLanguage\":\"en-GB\"},{\"@type\":\"Organization\",\"@id\":\"https:\\\/\\\/saludsostenible.es\\\/#organization\",\"name\":\"Salud Sostenible by Fabrice Lef\u00e8vre Institute\",\"alternateName\":\"Osteopat\u00eda en Barcelona, Madrid y Marbella\",\"url\":\"https:\\\/\\\/saludsostenible.es\\\/\",\"logo\":{\"@type\":\"ImageObject\",\"inLanguage\":\"en-GB\",\"@id\":\"https:\\\/\\\/saludsostenible.es\\\/#\\\/schema\\\/logo\\\/image\\\/\",\"url\":\"https:\\\/\\\/saludsostenible.es\\\/wp-content\\\/uploads\\\/2024\\\/08\\\/probodyone-blog.jpg\",\"contentUrl\":\"https:\\\/\\\/saludsostenible.es\\\/wp-content\\\/uploads\\\/2024\\\/08\\\/probodyone-blog.jpg\",\"width\":1600,\"height\":550,\"caption\":\"Salud Sostenible by Fabrice Lef\u00e8vre Institute\"},\"image\":{\"@id\":\"https:\\\/\\\/saludsostenible.es\\\/#\\\/schema\\\/logo\\\/image\\\/\"},\"sameAs\":[\"https:\\\/\\\/www.facebook.com\\\/ProbodyoneBarcelona\",\"https:\\\/\\\/x.com\\\/probodyone\",\"https:\\\/\\\/www.youtube.com\\\/@Probodyone\\\/videos\"]}]}<\/script>\n<!-- \/ Yoast SEO Premium plugin. -->","yoast_head_json":{"title":"About - Salud Sostenible by Fabrice Lef&egrave;vre Institute","robots":{"index":"index","follow":"follow","max-snippet":"max-snippet:-1","max-image-preview":"max-image-preview:large","max-video-preview":"max-video-preview:-1"},"canonical":"https:\/\/saludsostenible.es\/en\/about\/","og_locale":"en_GB","og_type":"article","og_title":"About","og_url":"https:\/\/saludsostenible.es\/en\/about\/","og_site_name":"Salud Sostenible by Fabrice Lef&egrave;vre Institute","article_publisher":"https:\/\/www.facebook.com\/ProbodyoneBarcelona","article_modified_time":"2026-04-11T08:20:35+00:00","og_image":[{"width":1600,"height":550,"url":"https:\/\/saludsostenible.es\/wp-content\/uploads\/2024\/08\/probodyone-blog.jpg","type":"image\/jpeg"}],"twitter_card":"summary_large_image","twitter_site":"@probodyone","twitter_misc":{"Estimated reading time":"1 minute"},"schema":{"@context":"https:\/\/schema.org","@graph":[{"@type":"WebPage","@id":"https:\/\/saludsostenible.es\/about\/","url":"https:\/\/saludsostenible.es\/about\/","name":"About - Salud Sostenible by Fabrice Lef&egrave;vre Institute","isPartOf":{"@id":"https:\/\/saludsostenible.es\/#website"},"datePublished":"2026-04-11T08:11:51+00:00","dateModified":"2026-04-11T08:20:35+00:00","breadcrumb":{"@id":"https:\/\/saludsostenible.es\/about\/#breadcrumb"},"inLanguage":"en-GB","potentialAction":[{"@type":"ReadAction","target":["https:\/\/saludsostenible.es\/about\/"]}]},{"@type":"BreadcrumbList","@id":"https:\/\/saludsostenible.es\/about\/#breadcrumb","itemListElement":[{"@type":"ListItem","position":1,"name":"Home","item":"https:\/\/saludsostenible.es\/"},{"@type":"ListItem","position":2,"name":"About"}]},{"@type":"WebSite","@id":"https:\/\/saludsostenible.es\/#website","url":"https:\/\/saludsostenible.es\/","name":"Salud Sostenible by Fabrice Lef\u00e8vre Institute","description":"Osteopat&iacute;a, fisioterapeuta y quiropr&aacute;ctica en Barcelona, Madrid y Marbella","publisher":{"@id":"https:\/\/saludsostenible.es\/#organization"},"alternateName":"Osteopat\u00eda Barcelona Madrid y Marbella","potentialAction":[{"@type":"SearchAction","target":{"@type":"EntryPoint","urlTemplate":"https:\/\/saludsostenible.es\/?s={search_term_string}"},"query-input":{"@type":"PropertyValueSpecification","valueRequired":true,"valueName":"search_term_string"}}],"inLanguage":"en-GB"},{"@type":"Organization","@id":"https:\/\/saludsostenible.es\/#organization","name":"Salud Sostenible by Fabrice Lef\u00e8vre Institute","alternateName":"Osteopat\u00eda en Barcelona, Madrid y Marbella","url":"https:\/\/saludsostenible.es\/","logo":{"@type":"ImageObject","inLanguage":"en-GB","@id":"https:\/\/saludsostenible.es\/#\/schema\/logo\/image\/","url":"https:\/\/saludsostenible.es\/wp-content\/uploads\/2024\/08\/probodyone-blog.jpg","contentUrl":"https:\/\/saludsostenible.es\/wp-content\/uploads\/2024\/08\/probodyone-blog.jpg","width":1600,"height":550,"caption":"Salud Sostenible by Fabrice Lef\u00e8vre Institute"},"image":{"@id":"https:\/\/saludsostenible.es\/#\/schema\/logo\/image\/"},"sameAs":["https:\/\/www.facebook.com\/ProbodyoneBarcelona","https:\/\/x.com\/probodyone","https:\/\/www.youtube.com\/@Probodyone\/videos"]}]}},"_links":{"self":[{"href":"https:\/\/saludsostenible.es\/en\/wp-json\/wp\/v2\/pages\/502250","targetHints":{"allow":["GET"]}}],"collection":[{"href":"https:\/\/saludsostenible.es\/en\/wp-json\/wp\/v2\/pages"}],"about":[{"href":"https:\/\/saludsostenible.es\/en\/wp-json\/wp\/v2\/types\/page"}],"author":[{"embeddable":true,"href":"https:\/\/saludsostenible.es\/en\/wp-json\/wp\/v2\/users\/1"}],"replies":[{"embeddable":true,"href":"https:\/\/saludsostenible.es\/en\/wp-json\/wp\/v2\/comments?post=502250"}],"version-history":[{"count":4,"href":"https:\/\/saludsostenible.es\/en\/wp-json\/wp\/v2\/pages\/502250\/revisions"}],"predecessor-version":[{"id":502255,"href":"https:\/\/saludsostenible.es\/en\/wp-json\/wp\/v2\/pages\/502250\/revisions\/502255"}],"wp:attachment":[{"href":"https:\/\/saludsostenible.es\/en\/wp-json\/wp\/v2\/media?parent=502250"}],"curies":[{"name":"wp","href":"https:\/\/api.w.org\/{rel}","templated":true}]}}