{"id":500867,"date":"2025-09-10T20:12:08","date_gmt":"2025-09-10T20:12:08","guid":{"rendered":"https:\/\/saludsostenible.es\/product\/crema-eca-zonas-sensibles\/"},"modified":"2025-09-10T20:12:11","modified_gmt":"2025-09-10T20:12:11","slug":"crema-eca-zonas-sensibles","status":"publish","type":"product","link":"https:\/\/saludsostenible.es\/en\/product\/crema-eca-zonas-sensibles\/","title":{"rendered":"CREMA ECA ZONAS SENSIBLES"},"content":{"rendered":"<p>INDICACIONES<br \/>\nCrema ECA Zonas Sensibles aporta a la piel unas condiciones de pH \u00f3ptimas para la eliminaci\u00f3n de calcificaciones, favoreciendo\u00a0la reparaci\u00f3n de las fibras de col\u00e1geno, ayudando a eliminar fibrosis y calcificaciones de la dermis<br \/>\napta para zonas delicadas, devuelve al tejido conectivo fibrosado, las condiciones de acidez necesarias favoreciendo la autorreparaci\u00f3n en las fibras de col\u00e1geno.<br \/>\nLibre de:<br \/>\nParabenos<br \/>\nPerfumes sint\u00e9ticos<br \/>\nColorantes artificiales<br \/>\nAlcohol irritante<br \/>\nIndicaciones de uso<br \/>\nModo de uso: Aplicar una peque\u00f1a cantidad sobre la zona sensible a tratar, de 1 a 3 veces al d\u00eda, mediante un masaje suave hasta su absorci\u00f3n completa.<br \/>\nPrecauciones<br \/>\nUso externo exclusivamente.<br \/>\nEvitar el contacto con ojos y mucosas internas.<br \/>\nNo aplicar sobre heridas abiertas.<br \/>\nMantener fuera del alcance de los ni\u00f1os.<\/p>","protected":false},"excerpt":{"rendered":"<p>CREMA ECA ZONAS SENSIBLES es una f\u00f3rmula espec\u00edfica de aplicaci\u00f3n t\u00f3pica, pensada para las \u00e1reas m\u00e1s delicadas y sensibles del cuerpo. Su combinaci\u00f3n de ingredientes naturales aporta alivio en procesos inflamatorios leves, calma la piel irritada, favorece la circulaci\u00f3n local y ofrece un efecto descongestionante y refrescante sin causar irritaci\u00f3n, incluso en zonas vulnerables como el rostro, cuello, escote, axilas, \u00e1rea inguinal o zonas \u00edntimas externas.<\/p>","protected":false},"featured_media":500868,"template":"","meta":[],"product_brand":[181],"product_cat":[182,263,252,205,280],"product_tag":[],"class_list":{"0":"post-500867","1":"product","2":"type-product","3":"status-publish","4":"has-post-thumbnail","6":"product_brand-crema-eca","7":"product_cat-crema-eca","8":"product_cat-cremas-balsamicos","9":"product_cat-huesos-articulaciones-musculos","10":"product_cat-longevity","11":"product_cat-salud-antiinflamatoria","12":"product_shipping_class-producto-fisico","14":"first","15":"instock","16":"purchasable","17":"product-type-simple"},"yoast_head":"<!-- This site is optimized with the Yoast SEO Premium plugin v22.9 (Yoast SEO v27.6) - https:\/\/yoast.com\/product\/yoast-seo-premium-wordpress\/ -->\n<title>CREMA ECA ZONAS SENSIBLES - Salud Sostenible by Fabrice Lef&egrave;vre Institute<\/title>\n<meta name=\"robots\" content=\"index, follow, max-snippet:-1, max-image-preview:large, max-video-preview:-1\" \/>\n<link rel=\"canonical\" href=\"https:\/\/saludsostenible.es\/en\/product\/crema-eca-zonas-sensibles\/\" \/>\n<meta property=\"og:locale\" content=\"en_GB\" \/>\n<meta property=\"og:type\" content=\"article\" \/>\n<meta property=\"og:title\" content=\"CREMA ECA ZONAS SENSIBLES\" \/>\n<meta property=\"og:description\" content=\"CREMA ECA ZONAS SENSIBLES es una f\u00f3rmula espec\u00edfica de aplicaci\u00f3n t\u00f3pica, pensada para las \u00e1reas m\u00e1s delicadas y sensibles del cuerpo. Su combinaci\u00f3n de ingredientes naturales aporta alivio en procesos inflamatorios leves, calma la piel irritada, favorece la circulaci\u00f3n local y ofrece un efecto descongestionante y refrescante sin causar irritaci\u00f3n, incluso en zonas vulnerables como el rostro, cuello, escote, axilas, \u00e1rea inguinal o zonas \u00edntimas externas.\" \/>\n<meta property=\"og:url\" content=\"https:\/\/saludsostenible.es\/en\/product\/crema-eca-zonas-sensibles\/\" \/>\n<meta property=\"og:site_name\" content=\"Salud Sostenible by Fabrice Lef&egrave;vre Institute\" \/>\n<meta property=\"article:publisher\" content=\"https:\/\/www.facebook.com\/ProbodyoneBarcelona\" \/>\n<meta property=\"article:modified_time\" content=\"2025-09-10T20:12:11+00:00\" \/>\n<meta property=\"og:image\" content=\"https:\/\/saludsostenible.es\/wp-content\/uploads\/2025\/09\/crema-eca-zonas-sensibles.jpg\" \/>\n\t<meta property=\"og:image:width\" content=\"300\" \/>\n\t<meta property=\"og:image:height\" content=\"400\" \/>\n\t<meta property=\"og:image:type\" content=\"image\/png\" \/>\n<meta name=\"twitter:card\" content=\"summary_large_image\" \/>\n<meta name=\"twitter:site\" content=\"@probodyone\" \/>\n<meta name=\"twitter:label1\" content=\"Estimated reading time\" \/>\n\t<meta name=\"twitter:data1\" content=\"1 minute\" \/>\n<script type=\"application\/ld+json\" class=\"yoast-schema-graph\">{\"@context\":\"https:\\\/\\\/schema.org\",\"@graph\":[{\"@type\":\"WebPage\",\"@id\":\"https:\\\/\\\/saludsostenible.es\\\/product\\\/crema-eca-zonas-sensibles\\\/\",\"url\":\"https:\\\/\\\/saludsostenible.es\\\/product\\\/crema-eca-zonas-sensibles\\\/\",\"name\":\"CREMA ECA ZONAS SENSIBLES - Salud Sostenible by Fabrice Lef&egrave;vre Institute\",\"isPartOf\":{\"@id\":\"https:\\\/\\\/saludsostenible.es\\\/#website\"},\"primaryImageOfPage\":{\"@id\":\"https:\\\/\\\/saludsostenible.es\\\/product\\\/crema-eca-zonas-sensibles\\\/#primaryimage\"},\"image\":{\"@id\":\"https:\\\/\\\/saludsostenible.es\\\/product\\\/crema-eca-zonas-sensibles\\\/#primaryimage\"},\"thumbnailUrl\":\"https:\\\/\\\/saludsostenible.es\\\/wp-content\\\/uploads\\\/2025\\\/09\\\/crema-eca-zonas-sensibles.jpg\",\"datePublished\":\"2025-09-10T20:12:08+00:00\",\"dateModified\":\"2025-09-10T20:12:11+00:00\",\"breadcrumb\":{\"@id\":\"https:\\\/\\\/saludsostenible.es\\\/product\\\/crema-eca-zonas-sensibles\\\/#breadcrumb\"},\"inLanguage\":\"en-GB\",\"potentialAction\":[{\"@type\":\"ReadAction\",\"target\":[\"https:\\\/\\\/saludsostenible.es\\\/product\\\/crema-eca-zonas-sensibles\\\/\"]}]},{\"@type\":\"ImageObject\",\"inLanguage\":\"en-GB\",\"@id\":\"https:\\\/\\\/saludsostenible.es\\\/product\\\/crema-eca-zonas-sensibles\\\/#primaryimage\",\"url\":\"https:\\\/\\\/saludsostenible.es\\\/wp-content\\\/uploads\\\/2025\\\/09\\\/crema-eca-zonas-sensibles.jpg\",\"contentUrl\":\"https:\\\/\\\/saludsostenible.es\\\/wp-content\\\/uploads\\\/2025\\\/09\\\/crema-eca-zonas-sensibles.jpg\",\"width\":300,\"height\":400},{\"@type\":\"BreadcrumbList\",\"@id\":\"https:\\\/\\\/saludsostenible.es\\\/product\\\/crema-eca-zonas-sensibles\\\/#breadcrumb\",\"itemListElement\":[{\"@type\":\"ListItem\",\"position\":1,\"name\":\"Home\",\"item\":\"https:\\\/\\\/saludsostenible.es\\\/\"},{\"@type\":\"ListItem\",\"position\":2,\"name\":\"Tienda\",\"item\":\"https:\\\/\\\/saludsostenible.es\\\/tienda\\\/\"},{\"@type\":\"ListItem\",\"position\":3,\"name\":\"CREMA ECA ZONAS SENSIBLES\"}]},{\"@type\":\"WebSite\",\"@id\":\"https:\\\/\\\/saludsostenible.es\\\/#website\",\"url\":\"https:\\\/\\\/saludsostenible.es\\\/\",\"name\":\"Salud Sostenible Beauty & Longevity\",\"description\":\"Plataforma de consulta online y acceso a especialistas privados: salud integrativa, beauty y longevidad. Inicia tu perfil de salud metab\u00f3lica.\",\"publisher\":{\"@id\":\"https:\\\/\\\/saludsostenible.es\\\/#organization\"},\"alternateName\":\"Salud Sostenible\",\"potentialAction\":[{\"@type\":\"SearchAction\",\"target\":{\"@type\":\"EntryPoint\",\"urlTemplate\":\"https:\\\/\\\/saludsostenible.es\\\/?s={search_term_string}\"},\"query-input\":{\"@type\":\"PropertyValueSpecification\",\"valueRequired\":true,\"valueName\":\"search_term_string\"}}],\"inLanguage\":\"en-GB\"},{\"@type\":\"Organization\",\"@id\":\"https:\\\/\\\/saludsostenible.es\\\/#organization\",\"name\":\"Salud Sostenible by Fabrice Lef\u00e8vre Institute\",\"alternateName\":\"Osteopat\u00eda en Barcelona, Madrid y Marbella\",\"url\":\"https:\\\/\\\/saludsostenible.es\\\/\",\"logo\":{\"@type\":\"ImageObject\",\"inLanguage\":\"en-GB\",\"@id\":\"https:\\\/\\\/saludsostenible.es\\\/#\\\/schema\\\/logo\\\/image\\\/\",\"url\":\"https:\\\/\\\/saludsostenible.es\\\/wp-content\\\/uploads\\\/2024\\\/08\\\/probodyone-blog.jpg\",\"contentUrl\":\"https:\\\/\\\/saludsostenible.es\\\/wp-content\\\/uploads\\\/2024\\\/08\\\/probodyone-blog.jpg\",\"width\":1600,\"height\":550,\"caption\":\"Salud Sostenible by Fabrice Lef\u00e8vre Institute\"},\"image\":{\"@id\":\"https:\\\/\\\/saludsostenible.es\\\/#\\\/schema\\\/logo\\\/image\\\/\"},\"sameAs\":[\"https:\\\/\\\/www.facebook.com\\\/ProbodyoneBarcelona\",\"https:\\\/\\\/x.com\\\/probodyone\",\"https:\\\/\\\/www.youtube.com\\\/@Probodyone\\\/videos\"]}]}<\/script>\n<!-- \/ Yoast SEO Premium plugin. -->","yoast_head_json":{"title":"CREMA ECA ZONAS SENSIBLES - Salud Sostenible by Fabrice Lef&egrave;vre Institute","robots":{"index":"index","follow":"follow","max-snippet":"max-snippet:-1","max-image-preview":"max-image-preview:large","max-video-preview":"max-video-preview:-1"},"canonical":"https:\/\/saludsostenible.es\/en\/product\/crema-eca-zonas-sensibles\/","og_locale":"en_GB","og_type":"article","og_title":"CREMA ECA ZONAS SENSIBLES","og_description":"CREMA ECA ZONAS SENSIBLES es una f\u00f3rmula espec\u00edfica de aplicaci\u00f3n t\u00f3pica, pensada para las \u00e1reas m\u00e1s delicadas y sensibles del cuerpo. Su combinaci\u00f3n de ingredientes naturales aporta alivio en procesos inflamatorios leves, calma la piel irritada, favorece la circulaci\u00f3n local y ofrece un efecto descongestionante y refrescante sin causar irritaci\u00f3n, incluso en zonas vulnerables como el rostro, cuello, escote, axilas, \u00e1rea inguinal o zonas \u00edntimas externas.","og_url":"https:\/\/saludsostenible.es\/en\/product\/crema-eca-zonas-sensibles\/","og_site_name":"Salud Sostenible by Fabrice Lef&egrave;vre Institute","article_publisher":"https:\/\/www.facebook.com\/ProbodyoneBarcelona","article_modified_time":"2025-09-10T20:12:11+00:00","og_image":[{"width":300,"height":400,"url":"https:\/\/saludsostenible.es\/wp-content\/uploads\/2025\/09\/crema-eca-zonas-sensibles.jpg","type":"image\/png"}],"twitter_card":"summary_large_image","twitter_site":"@probodyone","twitter_misc":{"Estimated reading time":"1 minute"},"schema":{"@context":"https:\/\/schema.org","@graph":[{"@type":"WebPage","@id":"https:\/\/saludsostenible.es\/product\/crema-eca-zonas-sensibles\/","url":"https:\/\/saludsostenible.es\/product\/crema-eca-zonas-sensibles\/","name":"CREMA ECA ZONAS SENSIBLES - Salud Sostenible by Fabrice Lef&egrave;vre Institute","isPartOf":{"@id":"https:\/\/saludsostenible.es\/#website"},"primaryImageOfPage":{"@id":"https:\/\/saludsostenible.es\/product\/crema-eca-zonas-sensibles\/#primaryimage"},"image":{"@id":"https:\/\/saludsostenible.es\/product\/crema-eca-zonas-sensibles\/#primaryimage"},"thumbnailUrl":"https:\/\/saludsostenible.es\/wp-content\/uploads\/2025\/09\/crema-eca-zonas-sensibles.jpg","datePublished":"2025-09-10T20:12:08+00:00","dateModified":"2025-09-10T20:12:11+00:00","breadcrumb":{"@id":"https:\/\/saludsostenible.es\/product\/crema-eca-zonas-sensibles\/#breadcrumb"},"inLanguage":"en-GB","potentialAction":[{"@type":"ReadAction","target":["https:\/\/saludsostenible.es\/product\/crema-eca-zonas-sensibles\/"]}]},{"@type":"ImageObject","inLanguage":"en-GB","@id":"https:\/\/saludsostenible.es\/product\/crema-eca-zonas-sensibles\/#primaryimage","url":"https:\/\/saludsostenible.es\/wp-content\/uploads\/2025\/09\/crema-eca-zonas-sensibles.jpg","contentUrl":"https:\/\/saludsostenible.es\/wp-content\/uploads\/2025\/09\/crema-eca-zonas-sensibles.jpg","width":300,"height":400},{"@type":"BreadcrumbList","@id":"https:\/\/saludsostenible.es\/product\/crema-eca-zonas-sensibles\/#breadcrumb","itemListElement":[{"@type":"ListItem","position":1,"name":"Home","item":"https:\/\/saludsostenible.es\/"},{"@type":"ListItem","position":2,"name":"Tienda","item":"https:\/\/saludsostenible.es\/tienda\/"},{"@type":"ListItem","position":3,"name":"CREMA ECA ZONAS SENSIBLES"}]},{"@type":"WebSite","@id":"https:\/\/saludsostenible.es\/#website","url":"https:\/\/saludsostenible.es\/","name":"Salud Sostenible Beauty & Longevity","description":"Plataforma de consulta online y acceso a especialistas privados: salud integrativa, beauty y longevidad. Inicia tu perfil de salud metab\u00f3lica.","publisher":{"@id":"https:\/\/saludsostenible.es\/#organization"},"alternateName":"Salud Sostenible","potentialAction":[{"@type":"SearchAction","target":{"@type":"EntryPoint","urlTemplate":"https:\/\/saludsostenible.es\/?s={search_term_string}"},"query-input":{"@type":"PropertyValueSpecification","valueRequired":true,"valueName":"search_term_string"}}],"inLanguage":"en-GB"},{"@type":"Organization","@id":"https:\/\/saludsostenible.es\/#organization","name":"Salud Sostenible by Fabrice Lef\u00e8vre Institute","alternateName":"Osteopat\u00eda en Barcelona, Madrid y Marbella","url":"https:\/\/saludsostenible.es\/","logo":{"@type":"ImageObject","inLanguage":"en-GB","@id":"https:\/\/saludsostenible.es\/#\/schema\/logo\/image\/","url":"https:\/\/saludsostenible.es\/wp-content\/uploads\/2024\/08\/probodyone-blog.jpg","contentUrl":"https:\/\/saludsostenible.es\/wp-content\/uploads\/2024\/08\/probodyone-blog.jpg","width":1600,"height":550,"caption":"Salud Sostenible by Fabrice Lef\u00e8vre Institute"},"image":{"@id":"https:\/\/saludsostenible.es\/#\/schema\/logo\/image\/"},"sameAs":["https:\/\/www.facebook.com\/ProbodyoneBarcelona","https:\/\/x.com\/probodyone","https:\/\/www.youtube.com\/@Probodyone\/videos"]}]}},"_links":{"self":[{"href":"https:\/\/saludsostenible.es\/en\/wp-json\/wp\/v2\/product\/500867","targetHints":{"allow":["GET"]}}],"collection":[{"href":"https:\/\/saludsostenible.es\/en\/wp-json\/wp\/v2\/product"}],"about":[{"href":"https:\/\/saludsostenible.es\/en\/wp-json\/wp\/v2\/types\/product"}],"wp:featuredmedia":[{"embeddable":true,"href":"https:\/\/saludsostenible.es\/en\/wp-json\/wp\/v2\/media\/500868"}],"wp:attachment":[{"href":"https:\/\/saludsostenible.es\/en\/wp-json\/wp\/v2\/media?parent=500867"}],"wp:term":[{"taxonomy":"product_brand","embeddable":true,"href":"https:\/\/saludsostenible.es\/en\/wp-json\/wp\/v2\/product_brand?post=500867"},{"taxonomy":"product_cat","embeddable":true,"href":"https:\/\/saludsostenible.es\/en\/wp-json\/wp\/v2\/product_cat?post=500867"},{"taxonomy":"product_tag","embeddable":true,"href":"https:\/\/saludsostenible.es\/en\/wp-json\/wp\/v2\/product_tag?post=500867"}],"curies":[{"name":"wp","href":"https:\/\/api.w.org\/{rel}","templated":true}]}}