{"id":500909,"date":"2025-09-10T20:12:36","date_gmt":"2025-09-10T20:12:36","guid":{"rendered":"https:\/\/saludsostenible.es\/product\/crema-dental-de-neem-y-granada\/"},"modified":"2025-09-10T20:12:39","modified_gmt":"2025-09-10T20:12:39","slug":"crema-dental-de-neem-y-granada","status":"publish","type":"product","link":"https:\/\/saludsostenible.es\/en\/product\/crema-dental-de-neem-y-granada\/","title":{"rendered":"Crema Dental de Neem y Granada"},"content":{"rendered":"<p>INDICACIONES<br \/>\nPrevenci\u00f3n de placa y gingivitis: Neem es un potente antis\u00e9ptico natural que combate las bacterias bucales<br \/>\nFortalece enc\u00edas y calma inflamaciones mediante el extracto de Granada rico en antioxidantes y Triphala (frutos ayurv\u00e9dicos<br \/>\nRefresca el aliento con aroma a menta natural, sin sensaci\u00f3n irritante<br \/>\nHigiene bucal de alta tolerancia, segura para personas sensibles o que desean evitar qu\u00edmicos agresivos<br \/>\nMODO DE USO<br \/>\nCepillar los dientes al menos dos veces al d\u00eda, ideal tras cada comida<br \/>\nNi\u00f1os de entre 2 y 6 a\u00f1os: cantidad del tama\u00f1o de un guisante bajo supervisi\u00f3n adulta.<br \/>\nConsultar dentista antes de su uso en menores de 2 a\u00f1os.<br \/>\nNo ingerir; escupir y enjuagar bien con agua despu\u00e9s del cepillado.<br \/>\nConservar en lugar fresco, seco y fuera de luz directa.<br \/>\nCrema Dental de  Clavo<\/p>","protected":false},"excerpt":{"rendered":"<p>Pasta dental herbal elaborada con extractos org\u00e1nicos de Neem y Granada, formulada para promover enc\u00edas sanas, reducir placa y proporcionar frescura oral sin ingredientes agresivos. Libre de fl\u00faor, sulfatos (SLS), gluten, parabenos, carragenina y sin aromas o colorantes sint\u00e9ticos. Es vegana, crueltyfree, y est\u00e1 certificada por Ecocert COSMOS NATURAL, con hasta 99.6\u202f% de ingredientes de origen natural y 5.4\u202f% provenientes de agricultura ecol\u00f3gica<\/p>","protected":false},"featured_media":500910,"template":"","meta":[],"product_brand":[183],"product_cat":[276,265,184,257],"product_tag":[],"class_list":{"0":"post-500909","1":"product","2":"type-product","3":"status-publish","4":"has-post-thumbnail","6":"product_brand-himalaya","7":"product_cat-cosmetica-longevity","8":"product_cat-cosmetica-natural-beauty","9":"product_cat-himalaya","10":"product_cat-cuidado-bucal-sensorial","12":"first","13":"instock","14":"purchasable","15":"product-type-simple"},"yoast_head":"<!-- This site is optimized with the Yoast SEO Premium plugin v22.9 (Yoast SEO v27.6) - https:\/\/yoast.com\/product\/yoast-seo-premium-wordpress\/ -->\n<title>Crema Dental de Neem y Granada - Salud Sostenible by Fabrice Lef&egrave;vre Institute<\/title>\n<meta name=\"robots\" content=\"index, follow, max-snippet:-1, max-image-preview:large, max-video-preview:-1\" \/>\n<link rel=\"canonical\" href=\"https:\/\/saludsostenible.es\/en\/product\/crema-dental-de-neem-y-granada\/\" \/>\n<meta property=\"og:locale\" content=\"en_GB\" \/>\n<meta property=\"og:type\" content=\"article\" \/>\n<meta property=\"og:title\" content=\"Crema Dental de Neem y Granada\" \/>\n<meta property=\"og:description\" content=\"Pasta dental herbal elaborada con extractos org\u00e1nicos de Neem y Granada, formulada para promover enc\u00edas sanas, reducir placa y proporcionar frescura oral sin ingredientes agresivos. Libre de fl\u00faor, sulfatos (SLS), gluten, parabenos, carragenina y sin aromas o colorantes sint\u00e9ticos. Es vegana, crueltyfree, y est\u00e1 certificada por Ecocert COSMOS NATURAL, con hasta 99.6\u202f% de ingredientes de origen natural y 5.4\u202f% provenientes de agricultura ecol\u00f3gica\" \/>\n<meta property=\"og:url\" content=\"https:\/\/saludsostenible.es\/en\/product\/crema-dental-de-neem-y-granada\/\" \/>\n<meta property=\"og:site_name\" content=\"Salud Sostenible by Fabrice Lef&egrave;vre Institute\" \/>\n<meta property=\"article:publisher\" content=\"https:\/\/www.facebook.com\/ProbodyoneBarcelona\" \/>\n<meta property=\"article:modified_time\" content=\"2025-09-10T20:12:39+00:00\" \/>\n<meta property=\"og:image\" content=\"https:\/\/saludsostenible.es\/wp-content\/uploads\/2025\/09\/crema-dental-de-neem-y-granada.jpg\" \/>\n\t<meta property=\"og:image:width\" content=\"1024\" \/>\n\t<meta property=\"og:image:height\" content=\"1024\" \/>\n\t<meta property=\"og:image:type\" content=\"image\/png\" \/>\n<meta name=\"twitter:card\" content=\"summary_large_image\" \/>\n<meta name=\"twitter:site\" content=\"@probodyone\" \/>\n<meta name=\"twitter:label1\" content=\"Estimated reading time\" \/>\n\t<meta name=\"twitter:data1\" content=\"1 minute\" \/>\n<script type=\"application\/ld+json\" class=\"yoast-schema-graph\">{\"@context\":\"https:\\\/\\\/schema.org\",\"@graph\":[{\"@type\":\"WebPage\",\"@id\":\"https:\\\/\\\/saludsostenible.es\\\/product\\\/crema-dental-de-neem-y-granada\\\/\",\"url\":\"https:\\\/\\\/saludsostenible.es\\\/product\\\/crema-dental-de-neem-y-granada\\\/\",\"name\":\"Crema Dental de Neem y Granada - Salud Sostenible by Fabrice Lef&egrave;vre Institute\",\"isPartOf\":{\"@id\":\"https:\\\/\\\/saludsostenible.es\\\/#website\"},\"primaryImageOfPage\":{\"@id\":\"https:\\\/\\\/saludsostenible.es\\\/product\\\/crema-dental-de-neem-y-granada\\\/#primaryimage\"},\"image\":{\"@id\":\"https:\\\/\\\/saludsostenible.es\\\/product\\\/crema-dental-de-neem-y-granada\\\/#primaryimage\"},\"thumbnailUrl\":\"https:\\\/\\\/saludsostenible.es\\\/wp-content\\\/uploads\\\/2025\\\/09\\\/crema-dental-de-neem-y-granada.jpg\",\"datePublished\":\"2025-09-10T20:12:36+00:00\",\"dateModified\":\"2025-09-10T20:12:39+00:00\",\"breadcrumb\":{\"@id\":\"https:\\\/\\\/saludsostenible.es\\\/product\\\/crema-dental-de-neem-y-granada\\\/#breadcrumb\"},\"inLanguage\":\"en-GB\",\"potentialAction\":[{\"@type\":\"ReadAction\",\"target\":[\"https:\\\/\\\/saludsostenible.es\\\/product\\\/crema-dental-de-neem-y-granada\\\/\"]}]},{\"@type\":\"ImageObject\",\"inLanguage\":\"en-GB\",\"@id\":\"https:\\\/\\\/saludsostenible.es\\\/product\\\/crema-dental-de-neem-y-granada\\\/#primaryimage\",\"url\":\"https:\\\/\\\/saludsostenible.es\\\/wp-content\\\/uploads\\\/2025\\\/09\\\/crema-dental-de-neem-y-granada.jpg\",\"contentUrl\":\"https:\\\/\\\/saludsostenible.es\\\/wp-content\\\/uploads\\\/2025\\\/09\\\/crema-dental-de-neem-y-granada.jpg\",\"width\":1024,\"height\":1024},{\"@type\":\"BreadcrumbList\",\"@id\":\"https:\\\/\\\/saludsostenible.es\\\/product\\\/crema-dental-de-neem-y-granada\\\/#breadcrumb\",\"itemListElement\":[{\"@type\":\"ListItem\",\"position\":1,\"name\":\"Home\",\"item\":\"https:\\\/\\\/saludsostenible.es\\\/\"},{\"@type\":\"ListItem\",\"position\":2,\"name\":\"Tienda\",\"item\":\"https:\\\/\\\/saludsostenible.es\\\/tienda\\\/\"},{\"@type\":\"ListItem\",\"position\":3,\"name\":\"Crema Dental de Neem y Granada\"}]},{\"@type\":\"WebSite\",\"@id\":\"https:\\\/\\\/saludsostenible.es\\\/#website\",\"url\":\"https:\\\/\\\/saludsostenible.es\\\/\",\"name\":\"Salud Sostenible Beauty & Longevity\",\"description\":\"Plataforma de consulta online y acceso a especialistas privados: salud integrativa, beauty y longevidad. Inicia tu perfil de salud metab\u00f3lica.\",\"publisher\":{\"@id\":\"https:\\\/\\\/saludsostenible.es\\\/#organization\"},\"alternateName\":\"Salud Sostenible\",\"potentialAction\":[{\"@type\":\"SearchAction\",\"target\":{\"@type\":\"EntryPoint\",\"urlTemplate\":\"https:\\\/\\\/saludsostenible.es\\\/?s={search_term_string}\"},\"query-input\":{\"@type\":\"PropertyValueSpecification\",\"valueRequired\":true,\"valueName\":\"search_term_string\"}}],\"inLanguage\":\"en-GB\"},{\"@type\":\"Organization\",\"@id\":\"https:\\\/\\\/saludsostenible.es\\\/#organization\",\"name\":\"Salud Sostenible by Fabrice Lef\u00e8vre Institute\",\"alternateName\":\"Osteopat\u00eda en Barcelona, Madrid y Marbella\",\"url\":\"https:\\\/\\\/saludsostenible.es\\\/\",\"logo\":{\"@type\":\"ImageObject\",\"inLanguage\":\"en-GB\",\"@id\":\"https:\\\/\\\/saludsostenible.es\\\/#\\\/schema\\\/logo\\\/image\\\/\",\"url\":\"https:\\\/\\\/saludsostenible.es\\\/wp-content\\\/uploads\\\/2024\\\/08\\\/probodyone-blog.jpg\",\"contentUrl\":\"https:\\\/\\\/saludsostenible.es\\\/wp-content\\\/uploads\\\/2024\\\/08\\\/probodyone-blog.jpg\",\"width\":1600,\"height\":550,\"caption\":\"Salud Sostenible by Fabrice Lef\u00e8vre Institute\"},\"image\":{\"@id\":\"https:\\\/\\\/saludsostenible.es\\\/#\\\/schema\\\/logo\\\/image\\\/\"},\"sameAs\":[\"https:\\\/\\\/www.facebook.com\\\/ProbodyoneBarcelona\",\"https:\\\/\\\/x.com\\\/probodyone\",\"https:\\\/\\\/www.youtube.com\\\/@Probodyone\\\/videos\"]}]}<\/script>\n<!-- \/ Yoast SEO Premium plugin. -->","yoast_head_json":{"title":"Crema Dental de Neem y Granada - Salud Sostenible by Fabrice Lef&egrave;vre Institute","robots":{"index":"index","follow":"follow","max-snippet":"max-snippet:-1","max-image-preview":"max-image-preview:large","max-video-preview":"max-video-preview:-1"},"canonical":"https:\/\/saludsostenible.es\/en\/product\/crema-dental-de-neem-y-granada\/","og_locale":"en_GB","og_type":"article","og_title":"Crema Dental de Neem y Granada","og_description":"Pasta dental herbal elaborada con extractos org\u00e1nicos de Neem y Granada, formulada para promover enc\u00edas sanas, reducir placa y proporcionar frescura oral sin ingredientes agresivos. Libre de fl\u00faor, sulfatos (SLS), gluten, parabenos, carragenina y sin aromas o colorantes sint\u00e9ticos. Es vegana, crueltyfree, y est\u00e1 certificada por Ecocert COSMOS NATURAL, con hasta 99.6\u202f% de ingredientes de origen natural y 5.4\u202f% provenientes de agricultura ecol\u00f3gica","og_url":"https:\/\/saludsostenible.es\/en\/product\/crema-dental-de-neem-y-granada\/","og_site_name":"Salud Sostenible by Fabrice Lef&egrave;vre Institute","article_publisher":"https:\/\/www.facebook.com\/ProbodyoneBarcelona","article_modified_time":"2025-09-10T20:12:39+00:00","og_image":[{"width":1024,"height":1024,"url":"https:\/\/saludsostenible.es\/wp-content\/uploads\/2025\/09\/crema-dental-de-neem-y-granada.jpg","type":"image\/png"}],"twitter_card":"summary_large_image","twitter_site":"@probodyone","twitter_misc":{"Estimated reading time":"1 minute"},"schema":{"@context":"https:\/\/schema.org","@graph":[{"@type":"WebPage","@id":"https:\/\/saludsostenible.es\/product\/crema-dental-de-neem-y-granada\/","url":"https:\/\/saludsostenible.es\/product\/crema-dental-de-neem-y-granada\/","name":"Crema Dental de Neem y Granada - Salud Sostenible by Fabrice Lef&egrave;vre Institute","isPartOf":{"@id":"https:\/\/saludsostenible.es\/#website"},"primaryImageOfPage":{"@id":"https:\/\/saludsostenible.es\/product\/crema-dental-de-neem-y-granada\/#primaryimage"},"image":{"@id":"https:\/\/saludsostenible.es\/product\/crema-dental-de-neem-y-granada\/#primaryimage"},"thumbnailUrl":"https:\/\/saludsostenible.es\/wp-content\/uploads\/2025\/09\/crema-dental-de-neem-y-granada.jpg","datePublished":"2025-09-10T20:12:36+00:00","dateModified":"2025-09-10T20:12:39+00:00","breadcrumb":{"@id":"https:\/\/saludsostenible.es\/product\/crema-dental-de-neem-y-granada\/#breadcrumb"},"inLanguage":"en-GB","potentialAction":[{"@type":"ReadAction","target":["https:\/\/saludsostenible.es\/product\/crema-dental-de-neem-y-granada\/"]}]},{"@type":"ImageObject","inLanguage":"en-GB","@id":"https:\/\/saludsostenible.es\/product\/crema-dental-de-neem-y-granada\/#primaryimage","url":"https:\/\/saludsostenible.es\/wp-content\/uploads\/2025\/09\/crema-dental-de-neem-y-granada.jpg","contentUrl":"https:\/\/saludsostenible.es\/wp-content\/uploads\/2025\/09\/crema-dental-de-neem-y-granada.jpg","width":1024,"height":1024},{"@type":"BreadcrumbList","@id":"https:\/\/saludsostenible.es\/product\/crema-dental-de-neem-y-granada\/#breadcrumb","itemListElement":[{"@type":"ListItem","position":1,"name":"Home","item":"https:\/\/saludsostenible.es\/"},{"@type":"ListItem","position":2,"name":"Tienda","item":"https:\/\/saludsostenible.es\/tienda\/"},{"@type":"ListItem","position":3,"name":"Crema Dental de Neem y Granada"}]},{"@type":"WebSite","@id":"https:\/\/saludsostenible.es\/#website","url":"https:\/\/saludsostenible.es\/","name":"Salud Sostenible Beauty & Longevity","description":"Plataforma de consulta online y acceso a especialistas privados: salud integrativa, beauty y longevidad. Inicia tu perfil de salud metab\u00f3lica.","publisher":{"@id":"https:\/\/saludsostenible.es\/#organization"},"alternateName":"Salud Sostenible","potentialAction":[{"@type":"SearchAction","target":{"@type":"EntryPoint","urlTemplate":"https:\/\/saludsostenible.es\/?s={search_term_string}"},"query-input":{"@type":"PropertyValueSpecification","valueRequired":true,"valueName":"search_term_string"}}],"inLanguage":"en-GB"},{"@type":"Organization","@id":"https:\/\/saludsostenible.es\/#organization","name":"Salud Sostenible by Fabrice Lef\u00e8vre Institute","alternateName":"Osteopat\u00eda en Barcelona, Madrid y Marbella","url":"https:\/\/saludsostenible.es\/","logo":{"@type":"ImageObject","inLanguage":"en-GB","@id":"https:\/\/saludsostenible.es\/#\/schema\/logo\/image\/","url":"https:\/\/saludsostenible.es\/wp-content\/uploads\/2024\/08\/probodyone-blog.jpg","contentUrl":"https:\/\/saludsostenible.es\/wp-content\/uploads\/2024\/08\/probodyone-blog.jpg","width":1600,"height":550,"caption":"Salud Sostenible by Fabrice Lef\u00e8vre Institute"},"image":{"@id":"https:\/\/saludsostenible.es\/#\/schema\/logo\/image\/"},"sameAs":["https:\/\/www.facebook.com\/ProbodyoneBarcelona","https:\/\/x.com\/probodyone","https:\/\/www.youtube.com\/@Probodyone\/videos"]}]}},"_links":{"self":[{"href":"https:\/\/saludsostenible.es\/en\/wp-json\/wp\/v2\/product\/500909","targetHints":{"allow":["GET"]}}],"collection":[{"href":"https:\/\/saludsostenible.es\/en\/wp-json\/wp\/v2\/product"}],"about":[{"href":"https:\/\/saludsostenible.es\/en\/wp-json\/wp\/v2\/types\/product"}],"wp:featuredmedia":[{"embeddable":true,"href":"https:\/\/saludsostenible.es\/en\/wp-json\/wp\/v2\/media\/500910"}],"wp:attachment":[{"href":"https:\/\/saludsostenible.es\/en\/wp-json\/wp\/v2\/media?parent=500909"}],"wp:term":[{"taxonomy":"product_brand","embeddable":true,"href":"https:\/\/saludsostenible.es\/en\/wp-json\/wp\/v2\/product_brand?post=500909"},{"taxonomy":"product_cat","embeddable":true,"href":"https:\/\/saludsostenible.es\/en\/wp-json\/wp\/v2\/product_cat?post=500909"},{"taxonomy":"product_tag","embeddable":true,"href":"https:\/\/saludsostenible.es\/en\/wp-json\/wp\/v2\/product_tag?post=500909"}],"curies":[{"name":"wp","href":"https:\/\/api.w.org\/{rel}","templated":true}]}}