{"id":500925,"date":"2025-09-10T20:12:36","date_gmt":"2025-09-10T20:12:36","guid":{"rendered":"https:\/\/saludsostenible.es\/product\/limpiador-facial-iluminador-de-arandanos-vitamina-c-100ml\/"},"modified":"2025-09-10T20:12:48","modified_gmt":"2025-09-10T20:12:48","slug":"limpiador-facial-iluminador-de-arandanos-vitamina-c-100ml","status":"publish","type":"product","link":"https:\/\/saludsostenible.es\/en\/product\/limpiador-facial-iluminador-de-arandanos-vitamina-c-100ml\/","title":{"rendered":"Limpiador Facial Iluminador de Arandanos Vitamina C -100ml"},"content":{"rendered":"<p>INDICACIONES<br \/>\nIluminaci\u00f3n visible: realza el brillo natural de la piel mediante vitamina\u202fC y extracto de ar\u00e1ndano antioxidante<br \/>\nTono m\u00e1s uniforme gracias a la acci\u00f3n de niacinamida, que ayuda a reducir la pigmentaci\u00f3n<br \/>\nExfoliaci\u00f3n suave y no abrasiva: las microperlas de celulosa eliminan impurezas y exceso de grasa sin resecar<br \/>\nLimpieza no agresiva, sin jab\u00f3n fuerte: ideal para uso diario sin da\u00f1ar la barrera cut\u00e1nea<br \/>\nINGREDIENTES<br \/>\nAr\u00e1ndano:Aqua, Ammonium Lauryl Sulfate, Sorbitol, Cocamidopropyl Betaine, PEG-7 Glyceryl Cocoate, Glycerin,Acrylates\/C10-30 Alkyl Acrylate Crosspolymer, Sodium Cocoyl Glycinate,Parfum, Vaccinium Angustifolium ( Blueberry) Fruit Extract, Sodium Benzoate, Phenoxyethanol, Polysorbate 20, Microcrystalline Cellulose, Sodium Hidroxide, Salicylic Acid, Menthol, Niacinamide, Citric Acid, Ascorbyl Glucoside, Disodium EDTA, Guar Hydroxypropyltrimonium Chloride, Sodium Metabisulfite, Benzophenone-4, PEG-45M, Emblica Officinalis Fruit Extract ,Titanium Dioxide, CI74160, Benzyl Salicytate, Limonene, Hexyl Cinnamal, Alpha-Isomethyl Ionone, Linalool, Citronellol.<br \/>\nModo de uso<br \/>\nHumedece rostro y cuello con agua.<br \/>\nAplica una peque\u00f1a cantidad y masajea suavemente con movimientos circulares evitando el \u00e1rea de ojos.<br \/>\nEnjuaga bien y seca dando ligeros toques.<br \/>\nSe recomienda usar dos veces al d\u00eda, ma\u00f1ana y noche<br \/>\nFinalizar con t\u00f3nico, hidratante y protecci\u00f3n solar si se usa en la ma\u00f1ana.<br \/>\nLimpiador Facial Iluminador de Naranja Vitamina C -100 ml<\/p>","protected":false},"excerpt":{"rendered":"<p>Gel facial iluminador enriquecido con vitamina\u202fC (Ascorbyl Glucoside), extracto natural de ar\u00e1ndanos y niacinamida, en una f\u00f3rmula suave que limpia sin resecar la piel. Incluye microperlas vegetales de celulosa para exfoliaci\u00f3n ligera, fomentando una tez m\u00e1s brillante y renovada. Dise\u00f1ado especialmente para piel mixta o grasa con tendencia opaca o desigualidad de tono<\/p>","protected":false},"featured_media":500926,"template":"","meta":[],"product_brand":[183],"product_cat":[265,184,205,251,281],"product_tag":[],"class_list":{"0":"post-500925","1":"product","2":"type-product","3":"status-publish","4":"has-post-thumbnail","6":"product_brand-himalaya","7":"product_cat-cosmetica-natural-beauty","8":"product_cat-himalaya","9":"product_cat-longevity","10":"product_cat-piel-unas-cabello","11":"product_cat-salud-inmune-defensas","12":"product_shipping_class-producto-fisico","14":"first","15":"instock","16":"purchasable","17":"product-type-simple"},"yoast_head":"<!-- This site is optimized with the Yoast SEO Premium plugin v22.9 (Yoast SEO v27.6) - https:\/\/yoast.com\/product\/yoast-seo-premium-wordpress\/ -->\n<title>Limpiador Facial Iluminador de Arandanos Vitamina C -100ml - Salud Sostenible by Fabrice Lef&egrave;vre Institute<\/title>\n<meta name=\"robots\" content=\"index, follow, max-snippet:-1, max-image-preview:large, max-video-preview:-1\" \/>\n<link rel=\"canonical\" href=\"https:\/\/saludsostenible.es\/en\/product\/limpiador-facial-iluminador-de-arandanos-vitamina-c-100ml\/\" \/>\n<meta property=\"og:locale\" content=\"en_GB\" \/>\n<meta property=\"og:type\" content=\"article\" \/>\n<meta property=\"og:title\" content=\"Limpiador Facial Iluminador de Arandanos Vitamina C -100ml\" \/>\n<meta property=\"og:description\" content=\"Gel facial iluminador enriquecido con vitamina\u202fC (Ascorbyl Glucoside), extracto natural de ar\u00e1ndanos y niacinamida, en una f\u00f3rmula suave que limpia sin resecar la piel. Incluye microperlas vegetales de celulosa para exfoliaci\u00f3n ligera, fomentando una tez m\u00e1s brillante y renovada. Dise\u00f1ado especialmente para piel mixta o grasa con tendencia opaca o desigualidad de tono\" \/>\n<meta property=\"og:url\" content=\"https:\/\/saludsostenible.es\/en\/product\/limpiador-facial-iluminador-de-arandanos-vitamina-c-100ml\/\" \/>\n<meta property=\"og:site_name\" content=\"Salud Sostenible by Fabrice Lef&egrave;vre Institute\" \/>\n<meta property=\"article:publisher\" content=\"https:\/\/www.facebook.com\/ProbodyoneBarcelona\" \/>\n<meta property=\"article:modified_time\" content=\"2025-09-10T20:12:48+00:00\" \/>\n<meta property=\"og:image\" content=\"https:\/\/saludsostenible.es\/wp-content\/uploads\/2025\/09\/limpiador-facial-iluminador-de-arandanos-vitamina-c-100ml.jpg\" \/>\n\t<meta property=\"og:image:width\" content=\"1200\" \/>\n\t<meta property=\"og:image:height\" content=\"1200\" \/>\n\t<meta property=\"og:image:type\" content=\"image\/jpeg\" \/>\n<meta name=\"twitter:card\" content=\"summary_large_image\" \/>\n<meta name=\"twitter:site\" content=\"@probodyone\" \/>\n<meta name=\"twitter:label1\" content=\"Estimated reading time\" \/>\n\t<meta name=\"twitter:data1\" content=\"1 minute\" \/>\n<script type=\"application\/ld+json\" class=\"yoast-schema-graph\">{\"@context\":\"https:\\\/\\\/schema.org\",\"@graph\":[{\"@type\":\"WebPage\",\"@id\":\"https:\\\/\\\/saludsostenible.es\\\/product\\\/limpiador-facial-iluminador-de-arandanos-vitamina-c-100ml\\\/\",\"url\":\"https:\\\/\\\/saludsostenible.es\\\/product\\\/limpiador-facial-iluminador-de-arandanos-vitamina-c-100ml\\\/\",\"name\":\"Limpiador Facial Iluminador de Arandanos Vitamina C -100ml - Salud Sostenible by Fabrice Lef&egrave;vre Institute\",\"isPartOf\":{\"@id\":\"https:\\\/\\\/saludsostenible.es\\\/#website\"},\"primaryImageOfPage\":{\"@id\":\"https:\\\/\\\/saludsostenible.es\\\/product\\\/limpiador-facial-iluminador-de-arandanos-vitamina-c-100ml\\\/#primaryimage\"},\"image\":{\"@id\":\"https:\\\/\\\/saludsostenible.es\\\/product\\\/limpiador-facial-iluminador-de-arandanos-vitamina-c-100ml\\\/#primaryimage\"},\"thumbnailUrl\":\"https:\\\/\\\/saludsostenible.es\\\/wp-content\\\/uploads\\\/2025\\\/09\\\/limpiador-facial-iluminador-de-arandanos-vitamina-c-100ml.jpg\",\"datePublished\":\"2025-09-10T20:12:36+00:00\",\"dateModified\":\"2025-09-10T20:12:48+00:00\",\"breadcrumb\":{\"@id\":\"https:\\\/\\\/saludsostenible.es\\\/product\\\/limpiador-facial-iluminador-de-arandanos-vitamina-c-100ml\\\/#breadcrumb\"},\"inLanguage\":\"en-GB\",\"potentialAction\":[{\"@type\":\"ReadAction\",\"target\":[\"https:\\\/\\\/saludsostenible.es\\\/product\\\/limpiador-facial-iluminador-de-arandanos-vitamina-c-100ml\\\/\"]}]},{\"@type\":\"ImageObject\",\"inLanguage\":\"en-GB\",\"@id\":\"https:\\\/\\\/saludsostenible.es\\\/product\\\/limpiador-facial-iluminador-de-arandanos-vitamina-c-100ml\\\/#primaryimage\",\"url\":\"https:\\\/\\\/saludsostenible.es\\\/wp-content\\\/uploads\\\/2025\\\/09\\\/limpiador-facial-iluminador-de-arandanos-vitamina-c-100ml.jpg\",\"contentUrl\":\"https:\\\/\\\/saludsostenible.es\\\/wp-content\\\/uploads\\\/2025\\\/09\\\/limpiador-facial-iluminador-de-arandanos-vitamina-c-100ml.jpg\",\"width\":1200,\"height\":1200},{\"@type\":\"BreadcrumbList\",\"@id\":\"https:\\\/\\\/saludsostenible.es\\\/product\\\/limpiador-facial-iluminador-de-arandanos-vitamina-c-100ml\\\/#breadcrumb\",\"itemListElement\":[{\"@type\":\"ListItem\",\"position\":1,\"name\":\"Home\",\"item\":\"https:\\\/\\\/saludsostenible.es\\\/\"},{\"@type\":\"ListItem\",\"position\":2,\"name\":\"Tienda\",\"item\":\"https:\\\/\\\/saludsostenible.es\\\/tienda\\\/\"},{\"@type\":\"ListItem\",\"position\":3,\"name\":\"Limpiador Facial Iluminador de Arandanos Vitamina C -100ml\"}]},{\"@type\":\"WebSite\",\"@id\":\"https:\\\/\\\/saludsostenible.es\\\/#website\",\"url\":\"https:\\\/\\\/saludsostenible.es\\\/\",\"name\":\"Salud Sostenible Beauty & Longevity\",\"description\":\"Plataforma de consulta online y acceso a especialistas privados: salud integrativa, beauty y longevidad. Inicia tu perfil de salud metab\u00f3lica.\",\"publisher\":{\"@id\":\"https:\\\/\\\/saludsostenible.es\\\/#organization\"},\"alternateName\":\"Salud Sostenible\",\"potentialAction\":[{\"@type\":\"SearchAction\",\"target\":{\"@type\":\"EntryPoint\",\"urlTemplate\":\"https:\\\/\\\/saludsostenible.es\\\/?s={search_term_string}\"},\"query-input\":{\"@type\":\"PropertyValueSpecification\",\"valueRequired\":true,\"valueName\":\"search_term_string\"}}],\"inLanguage\":\"en-GB\"},{\"@type\":\"Organization\",\"@id\":\"https:\\\/\\\/saludsostenible.es\\\/#organization\",\"name\":\"Salud Sostenible by Fabrice Lef\u00e8vre Institute\",\"alternateName\":\"Osteopat\u00eda en Barcelona, Madrid y Marbella\",\"url\":\"https:\\\/\\\/saludsostenible.es\\\/\",\"logo\":{\"@type\":\"ImageObject\",\"inLanguage\":\"en-GB\",\"@id\":\"https:\\\/\\\/saludsostenible.es\\\/#\\\/schema\\\/logo\\\/image\\\/\",\"url\":\"https:\\\/\\\/saludsostenible.es\\\/wp-content\\\/uploads\\\/2024\\\/08\\\/probodyone-blog.jpg\",\"contentUrl\":\"https:\\\/\\\/saludsostenible.es\\\/wp-content\\\/uploads\\\/2024\\\/08\\\/probodyone-blog.jpg\",\"width\":1600,\"height\":550,\"caption\":\"Salud Sostenible by Fabrice Lef\u00e8vre Institute\"},\"image\":{\"@id\":\"https:\\\/\\\/saludsostenible.es\\\/#\\\/schema\\\/logo\\\/image\\\/\"},\"sameAs\":[\"https:\\\/\\\/www.facebook.com\\\/ProbodyoneBarcelona\",\"https:\\\/\\\/x.com\\\/probodyone\",\"https:\\\/\\\/www.youtube.com\\\/@Probodyone\\\/videos\"]}]}<\/script>\n<!-- \/ Yoast SEO Premium plugin. -->","yoast_head_json":{"title":"Limpiador Facial Iluminador de Arandanos Vitamina C -100ml - Salud Sostenible by Fabrice Lef&egrave;vre Institute","robots":{"index":"index","follow":"follow","max-snippet":"max-snippet:-1","max-image-preview":"max-image-preview:large","max-video-preview":"max-video-preview:-1"},"canonical":"https:\/\/saludsostenible.es\/en\/product\/limpiador-facial-iluminador-de-arandanos-vitamina-c-100ml\/","og_locale":"en_GB","og_type":"article","og_title":"Limpiador Facial Iluminador de Arandanos Vitamina C -100ml","og_description":"Gel facial iluminador enriquecido con vitamina\u202fC (Ascorbyl Glucoside), extracto natural de ar\u00e1ndanos y niacinamida, en una f\u00f3rmula suave que limpia sin resecar la piel. Incluye microperlas vegetales de celulosa para exfoliaci\u00f3n ligera, fomentando una tez m\u00e1s brillante y renovada. Dise\u00f1ado especialmente para piel mixta o grasa con tendencia opaca o desigualidad de tono","og_url":"https:\/\/saludsostenible.es\/en\/product\/limpiador-facial-iluminador-de-arandanos-vitamina-c-100ml\/","og_site_name":"Salud Sostenible by Fabrice Lef&egrave;vre Institute","article_publisher":"https:\/\/www.facebook.com\/ProbodyoneBarcelona","article_modified_time":"2025-09-10T20:12:48+00:00","og_image":[{"width":1200,"height":1200,"url":"https:\/\/saludsostenible.es\/wp-content\/uploads\/2025\/09\/limpiador-facial-iluminador-de-arandanos-vitamina-c-100ml.jpg","type":"image\/jpeg"}],"twitter_card":"summary_large_image","twitter_site":"@probodyone","twitter_misc":{"Estimated reading time":"1 minute"},"schema":{"@context":"https:\/\/schema.org","@graph":[{"@type":"WebPage","@id":"https:\/\/saludsostenible.es\/product\/limpiador-facial-iluminador-de-arandanos-vitamina-c-100ml\/","url":"https:\/\/saludsostenible.es\/product\/limpiador-facial-iluminador-de-arandanos-vitamina-c-100ml\/","name":"Limpiador Facial Iluminador de Arandanos Vitamina C -100ml - Salud Sostenible by Fabrice Lef&egrave;vre Institute","isPartOf":{"@id":"https:\/\/saludsostenible.es\/#website"},"primaryImageOfPage":{"@id":"https:\/\/saludsostenible.es\/product\/limpiador-facial-iluminador-de-arandanos-vitamina-c-100ml\/#primaryimage"},"image":{"@id":"https:\/\/saludsostenible.es\/product\/limpiador-facial-iluminador-de-arandanos-vitamina-c-100ml\/#primaryimage"},"thumbnailUrl":"https:\/\/saludsostenible.es\/wp-content\/uploads\/2025\/09\/limpiador-facial-iluminador-de-arandanos-vitamina-c-100ml.jpg","datePublished":"2025-09-10T20:12:36+00:00","dateModified":"2025-09-10T20:12:48+00:00","breadcrumb":{"@id":"https:\/\/saludsostenible.es\/product\/limpiador-facial-iluminador-de-arandanos-vitamina-c-100ml\/#breadcrumb"},"inLanguage":"en-GB","potentialAction":[{"@type":"ReadAction","target":["https:\/\/saludsostenible.es\/product\/limpiador-facial-iluminador-de-arandanos-vitamina-c-100ml\/"]}]},{"@type":"ImageObject","inLanguage":"en-GB","@id":"https:\/\/saludsostenible.es\/product\/limpiador-facial-iluminador-de-arandanos-vitamina-c-100ml\/#primaryimage","url":"https:\/\/saludsostenible.es\/wp-content\/uploads\/2025\/09\/limpiador-facial-iluminador-de-arandanos-vitamina-c-100ml.jpg","contentUrl":"https:\/\/saludsostenible.es\/wp-content\/uploads\/2025\/09\/limpiador-facial-iluminador-de-arandanos-vitamina-c-100ml.jpg","width":1200,"height":1200},{"@type":"BreadcrumbList","@id":"https:\/\/saludsostenible.es\/product\/limpiador-facial-iluminador-de-arandanos-vitamina-c-100ml\/#breadcrumb","itemListElement":[{"@type":"ListItem","position":1,"name":"Home","item":"https:\/\/saludsostenible.es\/"},{"@type":"ListItem","position":2,"name":"Tienda","item":"https:\/\/saludsostenible.es\/tienda\/"},{"@type":"ListItem","position":3,"name":"Limpiador Facial Iluminador de Arandanos Vitamina C -100ml"}]},{"@type":"WebSite","@id":"https:\/\/saludsostenible.es\/#website","url":"https:\/\/saludsostenible.es\/","name":"Salud Sostenible Beauty & Longevity","description":"Plataforma de consulta online y acceso a especialistas privados: salud integrativa, beauty y longevidad. Inicia tu perfil de salud metab\u00f3lica.","publisher":{"@id":"https:\/\/saludsostenible.es\/#organization"},"alternateName":"Salud Sostenible","potentialAction":[{"@type":"SearchAction","target":{"@type":"EntryPoint","urlTemplate":"https:\/\/saludsostenible.es\/?s={search_term_string}"},"query-input":{"@type":"PropertyValueSpecification","valueRequired":true,"valueName":"search_term_string"}}],"inLanguage":"en-GB"},{"@type":"Organization","@id":"https:\/\/saludsostenible.es\/#organization","name":"Salud Sostenible by Fabrice Lef\u00e8vre Institute","alternateName":"Osteopat\u00eda en Barcelona, Madrid y Marbella","url":"https:\/\/saludsostenible.es\/","logo":{"@type":"ImageObject","inLanguage":"en-GB","@id":"https:\/\/saludsostenible.es\/#\/schema\/logo\/image\/","url":"https:\/\/saludsostenible.es\/wp-content\/uploads\/2024\/08\/probodyone-blog.jpg","contentUrl":"https:\/\/saludsostenible.es\/wp-content\/uploads\/2024\/08\/probodyone-blog.jpg","width":1600,"height":550,"caption":"Salud Sostenible by Fabrice Lef\u00e8vre Institute"},"image":{"@id":"https:\/\/saludsostenible.es\/#\/schema\/logo\/image\/"},"sameAs":["https:\/\/www.facebook.com\/ProbodyoneBarcelona","https:\/\/x.com\/probodyone","https:\/\/www.youtube.com\/@Probodyone\/videos"]}]}},"_links":{"self":[{"href":"https:\/\/saludsostenible.es\/en\/wp-json\/wp\/v2\/product\/500925","targetHints":{"allow":["GET"]}}],"collection":[{"href":"https:\/\/saludsostenible.es\/en\/wp-json\/wp\/v2\/product"}],"about":[{"href":"https:\/\/saludsostenible.es\/en\/wp-json\/wp\/v2\/types\/product"}],"wp:featuredmedia":[{"embeddable":true,"href":"https:\/\/saludsostenible.es\/en\/wp-json\/wp\/v2\/media\/500926"}],"wp:attachment":[{"href":"https:\/\/saludsostenible.es\/en\/wp-json\/wp\/v2\/media?parent=500925"}],"wp:term":[{"taxonomy":"product_brand","embeddable":true,"href":"https:\/\/saludsostenible.es\/en\/wp-json\/wp\/v2\/product_brand?post=500925"},{"taxonomy":"product_cat","embeddable":true,"href":"https:\/\/saludsostenible.es\/en\/wp-json\/wp\/v2\/product_cat?post=500925"},{"taxonomy":"product_tag","embeddable":true,"href":"https:\/\/saludsostenible.es\/en\/wp-json\/wp\/v2\/product_tag?post=500925"}],"curies":[{"name":"wp","href":"https:\/\/api.w.org\/{rel}","templated":true}]}}