{"id":500939,"date":"2025-09-10T20:12:36","date_gmt":"2025-09-10T20:12:36","guid":{"rendered":"https:\/\/saludsostenible.es\/product\/exfoliante-de-albaricoque\/"},"modified":"2026-04-28T19:22:08","modified_gmt":"2026-04-28T19:22:08","slug":"exfoliante-de-albaricoque","status":"publish","type":"product","link":"https:\/\/saludsostenible.es\/en\/product\/exfoliante-de-albaricoque\/","title":{"rendered":"Exfoliante de Albaricoque"},"content":{"rendered":"<p>INDICACIONES<br \/>\nExfoliaci\u00f3n suave y efectiva: elimina impurezas y estimula la renovaci\u00f3n celular sin irritar<br \/>\nElimina puntos negros y c\u00e9lulas muertas, clarificando la piel<br \/>\nNutrici\u00f3n antioxidante: aceite de germen de trigo rico en vitamina\u202fE cuida y protege<br \/>\nPiel suave, el\u00e1stica y con brillo natural tras su uso<br \/>\nINGREDIENTES<br \/>\nManzana (Pyrus malus)Germen de trigo (Triticum sativum)Albaricoque (Prunus armeniaca)<br \/>\nModo de uso recomendado<br \/>\nAplicar sobre rostro y cuello h\u00famedos con movimientos circulares suaves, evitando el \u00e1rea de los ojos.<br \/>\nEnjuagar bien con agua y secar con toques suaves.<br \/>\nUsar 2 a 3 veces por semana para mantener la piel saludable y radiante<br \/>\nExfoliante de C\u00e1scara de Nuez<\/p>","protected":false},"excerpt":{"rendered":"<p>Exfoliante facial bot\u00e1nico con microgr\u00e1nulos de albaricoque (nudillos de semilla) y aceite de germen de trigo (vitamina\u202fE), adem\u00e1s de extracto de manzana silvestre. Dise\u00f1ado para eliminar suavemente c\u00e9lulas muertas, puntos negros y renovar la piel, aportando luminosidad y tersura. Libre de parabenos, SLS\/SLES y ftalatos.<\/p>","protected":false},"featured_media":500940,"template":"","meta":[],"product_brand":[183],"product_cat":[184,262],"product_tag":[],"class_list":{"0":"post-500939","1":"product","2":"type-product","3":"status-publish","4":"has-post-thumbnail","6":"product_brand-himalaya","7":"product_cat-himalaya","8":"product_cat-suplementos-micronutricionales","9":"product_shipping_class-producto-fisico","11":"first","12":"instock","13":"purchasable","14":"product-type-simple"},"yoast_head":"<!-- This site is optimized with the Yoast SEO Premium plugin v22.9 (Yoast SEO v27.6) - https:\/\/yoast.com\/product\/yoast-seo-premium-wordpress\/ -->\n<title>Exfoliante de Albaricoque - Salud Sostenible by Fabrice Lef&egrave;vre Institute<\/title>\n<meta name=\"robots\" content=\"index, follow, max-snippet:-1, max-image-preview:large, max-video-preview:-1\" \/>\n<link rel=\"canonical\" href=\"https:\/\/saludsostenible.es\/en\/product\/exfoliante-de-albaricoque\/\" \/>\n<meta property=\"og:locale\" content=\"en_GB\" \/>\n<meta property=\"og:type\" content=\"article\" \/>\n<meta property=\"og:title\" content=\"Exfoliante de Albaricoque\" \/>\n<meta property=\"og:description\" content=\"Exfoliante facial bot\u00e1nico con microgr\u00e1nulos de albaricoque (nudillos de semilla) y aceite de germen de trigo (vitamina\u202fE), adem\u00e1s de extracto de manzana silvestre. Dise\u00f1ado para eliminar suavemente c\u00e9lulas muertas, puntos negros y renovar la piel, aportando luminosidad y tersura. Libre de parabenos, SLS\/SLES y ftalatos.\" \/>\n<meta property=\"og:url\" content=\"https:\/\/saludsostenible.es\/en\/product\/exfoliante-de-albaricoque\/\" \/>\n<meta property=\"og:site_name\" content=\"Salud Sostenible by Fabrice Lef&egrave;vre Institute\" \/>\n<meta property=\"article:publisher\" content=\"https:\/\/www.facebook.com\/ProbodyoneBarcelona\" \/>\n<meta property=\"article:modified_time\" content=\"2026-04-28T19:22:08+00:00\" \/>\n<meta property=\"og:image\" content=\"https:\/\/saludsostenible.es\/wp-content\/uploads\/2025\/09\/exfoliante-de-albaricoque.jpg\" \/>\n\t<meta property=\"og:image:width\" content=\"334\" \/>\n\t<meta property=\"og:image:height\" content=\"651\" \/>\n\t<meta property=\"og:image:type\" content=\"image\/jpeg\" \/>\n<meta name=\"twitter:card\" content=\"summary_large_image\" \/>\n<meta name=\"twitter:site\" content=\"@probodyone\" \/>\n<meta name=\"twitter:label1\" content=\"Estimated reading time\" \/>\n\t<meta name=\"twitter:data1\" content=\"1 minute\" \/>\n<script type=\"application\/ld+json\" class=\"yoast-schema-graph\">{\"@context\":\"https:\\\/\\\/schema.org\",\"@graph\":[{\"@type\":\"WebPage\",\"@id\":\"https:\\\/\\\/saludsostenible.es\\\/product\\\/exfoliante-de-albaricoque\\\/\",\"url\":\"https:\\\/\\\/saludsostenible.es\\\/product\\\/exfoliante-de-albaricoque\\\/\",\"name\":\"Exfoliante de Albaricoque - Salud Sostenible by Fabrice Lef&egrave;vre Institute\",\"isPartOf\":{\"@id\":\"https:\\\/\\\/saludsostenible.es\\\/#website\"},\"primaryImageOfPage\":{\"@id\":\"https:\\\/\\\/saludsostenible.es\\\/product\\\/exfoliante-de-albaricoque\\\/#primaryimage\"},\"image\":{\"@id\":\"https:\\\/\\\/saludsostenible.es\\\/product\\\/exfoliante-de-albaricoque\\\/#primaryimage\"},\"thumbnailUrl\":\"https:\\\/\\\/saludsostenible.es\\\/wp-content\\\/uploads\\\/2025\\\/09\\\/exfoliante-de-albaricoque.jpg\",\"datePublished\":\"2025-09-10T20:12:36+00:00\",\"dateModified\":\"2026-04-28T19:22:08+00:00\",\"breadcrumb\":{\"@id\":\"https:\\\/\\\/saludsostenible.es\\\/product\\\/exfoliante-de-albaricoque\\\/#breadcrumb\"},\"inLanguage\":\"en-GB\",\"potentialAction\":[{\"@type\":\"ReadAction\",\"target\":[\"https:\\\/\\\/saludsostenible.es\\\/product\\\/exfoliante-de-albaricoque\\\/\"]}]},{\"@type\":\"ImageObject\",\"inLanguage\":\"en-GB\",\"@id\":\"https:\\\/\\\/saludsostenible.es\\\/product\\\/exfoliante-de-albaricoque\\\/#primaryimage\",\"url\":\"https:\\\/\\\/saludsostenible.es\\\/wp-content\\\/uploads\\\/2025\\\/09\\\/exfoliante-de-albaricoque.jpg\",\"contentUrl\":\"https:\\\/\\\/saludsostenible.es\\\/wp-content\\\/uploads\\\/2025\\\/09\\\/exfoliante-de-albaricoque.jpg\",\"width\":334,\"height\":651},{\"@type\":\"BreadcrumbList\",\"@id\":\"https:\\\/\\\/saludsostenible.es\\\/product\\\/exfoliante-de-albaricoque\\\/#breadcrumb\",\"itemListElement\":[{\"@type\":\"ListItem\",\"position\":1,\"name\":\"Home\",\"item\":\"https:\\\/\\\/saludsostenible.es\\\/\"},{\"@type\":\"ListItem\",\"position\":2,\"name\":\"Tienda\",\"item\":\"https:\\\/\\\/saludsostenible.es\\\/tienda\\\/\"},{\"@type\":\"ListItem\",\"position\":3,\"name\":\"Exfoliante de Albaricoque\"}]},{\"@type\":\"WebSite\",\"@id\":\"https:\\\/\\\/saludsostenible.es\\\/#website\",\"url\":\"https:\\\/\\\/saludsostenible.es\\\/\",\"name\":\"Salud Sostenible Beauty & Longevity\",\"description\":\"Plataforma de consulta online y acceso a especialistas privados: salud integrativa, beauty y longevidad. Inicia tu perfil de salud metab\u00f3lica.\",\"publisher\":{\"@id\":\"https:\\\/\\\/saludsostenible.es\\\/#organization\"},\"alternateName\":\"Salud Sostenible\",\"potentialAction\":[{\"@type\":\"SearchAction\",\"target\":{\"@type\":\"EntryPoint\",\"urlTemplate\":\"https:\\\/\\\/saludsostenible.es\\\/?s={search_term_string}\"},\"query-input\":{\"@type\":\"PropertyValueSpecification\",\"valueRequired\":true,\"valueName\":\"search_term_string\"}}],\"inLanguage\":\"en-GB\"},{\"@type\":\"Organization\",\"@id\":\"https:\\\/\\\/saludsostenible.es\\\/#organization\",\"name\":\"Salud Sostenible by Fabrice Lef\u00e8vre Institute\",\"alternateName\":\"Osteopat\u00eda en Barcelona, Madrid y Marbella\",\"url\":\"https:\\\/\\\/saludsostenible.es\\\/\",\"logo\":{\"@type\":\"ImageObject\",\"inLanguage\":\"en-GB\",\"@id\":\"https:\\\/\\\/saludsostenible.es\\\/#\\\/schema\\\/logo\\\/image\\\/\",\"url\":\"https:\\\/\\\/saludsostenible.es\\\/wp-content\\\/uploads\\\/2024\\\/08\\\/probodyone-blog.jpg\",\"contentUrl\":\"https:\\\/\\\/saludsostenible.es\\\/wp-content\\\/uploads\\\/2024\\\/08\\\/probodyone-blog.jpg\",\"width\":1600,\"height\":550,\"caption\":\"Salud Sostenible by Fabrice Lef\u00e8vre Institute\"},\"image\":{\"@id\":\"https:\\\/\\\/saludsostenible.es\\\/#\\\/schema\\\/logo\\\/image\\\/\"},\"sameAs\":[\"https:\\\/\\\/www.facebook.com\\\/ProbodyoneBarcelona\",\"https:\\\/\\\/x.com\\\/probodyone\",\"https:\\\/\\\/www.youtube.com\\\/@Probodyone\\\/videos\"]}]}<\/script>\n<!-- \/ Yoast SEO Premium plugin. -->","yoast_head_json":{"title":"Exfoliante de Albaricoque - Salud Sostenible by Fabrice Lef&egrave;vre Institute","robots":{"index":"index","follow":"follow","max-snippet":"max-snippet:-1","max-image-preview":"max-image-preview:large","max-video-preview":"max-video-preview:-1"},"canonical":"https:\/\/saludsostenible.es\/en\/product\/exfoliante-de-albaricoque\/","og_locale":"en_GB","og_type":"article","og_title":"Exfoliante de Albaricoque","og_description":"Exfoliante facial bot\u00e1nico con microgr\u00e1nulos de albaricoque (nudillos de semilla) y aceite de germen de trigo (vitamina\u202fE), adem\u00e1s de extracto de manzana silvestre. Dise\u00f1ado para eliminar suavemente c\u00e9lulas muertas, puntos negros y renovar la piel, aportando luminosidad y tersura. Libre de parabenos, SLS\/SLES y ftalatos.","og_url":"https:\/\/saludsostenible.es\/en\/product\/exfoliante-de-albaricoque\/","og_site_name":"Salud Sostenible by Fabrice Lef&egrave;vre Institute","article_publisher":"https:\/\/www.facebook.com\/ProbodyoneBarcelona","article_modified_time":"2026-04-28T19:22:08+00:00","og_image":[{"width":334,"height":651,"url":"https:\/\/saludsostenible.es\/wp-content\/uploads\/2025\/09\/exfoliante-de-albaricoque.jpg","type":"image\/jpeg"}],"twitter_card":"summary_large_image","twitter_site":"@probodyone","twitter_misc":{"Estimated reading time":"1 minute"},"schema":{"@context":"https:\/\/schema.org","@graph":[{"@type":"WebPage","@id":"https:\/\/saludsostenible.es\/product\/exfoliante-de-albaricoque\/","url":"https:\/\/saludsostenible.es\/product\/exfoliante-de-albaricoque\/","name":"Exfoliante de Albaricoque - Salud Sostenible by Fabrice Lef&egrave;vre Institute","isPartOf":{"@id":"https:\/\/saludsostenible.es\/#website"},"primaryImageOfPage":{"@id":"https:\/\/saludsostenible.es\/product\/exfoliante-de-albaricoque\/#primaryimage"},"image":{"@id":"https:\/\/saludsostenible.es\/product\/exfoliante-de-albaricoque\/#primaryimage"},"thumbnailUrl":"https:\/\/saludsostenible.es\/wp-content\/uploads\/2025\/09\/exfoliante-de-albaricoque.jpg","datePublished":"2025-09-10T20:12:36+00:00","dateModified":"2026-04-28T19:22:08+00:00","breadcrumb":{"@id":"https:\/\/saludsostenible.es\/product\/exfoliante-de-albaricoque\/#breadcrumb"},"inLanguage":"en-GB","potentialAction":[{"@type":"ReadAction","target":["https:\/\/saludsostenible.es\/product\/exfoliante-de-albaricoque\/"]}]},{"@type":"ImageObject","inLanguage":"en-GB","@id":"https:\/\/saludsostenible.es\/product\/exfoliante-de-albaricoque\/#primaryimage","url":"https:\/\/saludsostenible.es\/wp-content\/uploads\/2025\/09\/exfoliante-de-albaricoque.jpg","contentUrl":"https:\/\/saludsostenible.es\/wp-content\/uploads\/2025\/09\/exfoliante-de-albaricoque.jpg","width":334,"height":651},{"@type":"BreadcrumbList","@id":"https:\/\/saludsostenible.es\/product\/exfoliante-de-albaricoque\/#breadcrumb","itemListElement":[{"@type":"ListItem","position":1,"name":"Home","item":"https:\/\/saludsostenible.es\/"},{"@type":"ListItem","position":2,"name":"Tienda","item":"https:\/\/saludsostenible.es\/tienda\/"},{"@type":"ListItem","position":3,"name":"Exfoliante de Albaricoque"}]},{"@type":"WebSite","@id":"https:\/\/saludsostenible.es\/#website","url":"https:\/\/saludsostenible.es\/","name":"Salud Sostenible Beauty & Longevity","description":"Plataforma de consulta online y acceso a especialistas privados: salud integrativa, beauty y longevidad. Inicia tu perfil de salud metab\u00f3lica.","publisher":{"@id":"https:\/\/saludsostenible.es\/#organization"},"alternateName":"Salud Sostenible","potentialAction":[{"@type":"SearchAction","target":{"@type":"EntryPoint","urlTemplate":"https:\/\/saludsostenible.es\/?s={search_term_string}"},"query-input":{"@type":"PropertyValueSpecification","valueRequired":true,"valueName":"search_term_string"}}],"inLanguage":"en-GB"},{"@type":"Organization","@id":"https:\/\/saludsostenible.es\/#organization","name":"Salud Sostenible by Fabrice Lef\u00e8vre Institute","alternateName":"Osteopat\u00eda en Barcelona, Madrid y Marbella","url":"https:\/\/saludsostenible.es\/","logo":{"@type":"ImageObject","inLanguage":"en-GB","@id":"https:\/\/saludsostenible.es\/#\/schema\/logo\/image\/","url":"https:\/\/saludsostenible.es\/wp-content\/uploads\/2024\/08\/probodyone-blog.jpg","contentUrl":"https:\/\/saludsostenible.es\/wp-content\/uploads\/2024\/08\/probodyone-blog.jpg","width":1600,"height":550,"caption":"Salud Sostenible by Fabrice Lef\u00e8vre Institute"},"image":{"@id":"https:\/\/saludsostenible.es\/#\/schema\/logo\/image\/"},"sameAs":["https:\/\/www.facebook.com\/ProbodyoneBarcelona","https:\/\/x.com\/probodyone","https:\/\/www.youtube.com\/@Probodyone\/videos"]}]}},"_links":{"self":[{"href":"https:\/\/saludsostenible.es\/en\/wp-json\/wp\/v2\/product\/500939","targetHints":{"allow":["GET"]}}],"collection":[{"href":"https:\/\/saludsostenible.es\/en\/wp-json\/wp\/v2\/product"}],"about":[{"href":"https:\/\/saludsostenible.es\/en\/wp-json\/wp\/v2\/types\/product"}],"wp:featuredmedia":[{"embeddable":true,"href":"https:\/\/saludsostenible.es\/en\/wp-json\/wp\/v2\/media\/500940"}],"wp:attachment":[{"href":"https:\/\/saludsostenible.es\/en\/wp-json\/wp\/v2\/media?parent=500939"}],"wp:term":[{"taxonomy":"product_brand","embeddable":true,"href":"https:\/\/saludsostenible.es\/en\/wp-json\/wp\/v2\/product_brand?post=500939"},{"taxonomy":"product_cat","embeddable":true,"href":"https:\/\/saludsostenible.es\/en\/wp-json\/wp\/v2\/product_cat?post=500939"},{"taxonomy":"product_tag","embeddable":true,"href":"https:\/\/saludsostenible.es\/en\/wp-json\/wp\/v2\/product_tag?post=500939"}],"curies":[{"name":"wp","href":"https:\/\/api.w.org\/{rel}","templated":true}]}}