{"id":500967,"date":"2025-09-10T20:13:02","date_gmt":"2025-09-10T20:13:02","guid":{"rendered":"https:\/\/saludsostenible.es\/product\/serum-facial-manchas-oscuras-curcuma\/"},"modified":"2025-09-10T20:13:16","modified_gmt":"2025-09-10T20:13:16","slug":"serum-facial-manchas-oscuras-curcuma","status":"publish","type":"product","link":"https:\/\/saludsostenible.es\/en\/product\/serum-facial-manchas-oscuras-curcuma\/","title":{"rendered":"Serum Facial Manchas Oscuras &#8211; C\u00farcuma-"},"content":{"rendered":"<p>INDICACIONES<br \/>\nAten\u00faa manchas oscuras e hiperpigmentaci\u00f3n con c\u00farcuma y regaliz, que inhiben la formaci\u00f3n de melanina.<br \/>\nUniformiza el tono y aporta luminosidad gracias a niacinamida (Vit.\u202fB3) y \u00e1cido glic\u00f3lico que exfolian suavemente.<br \/>\nHidrata sin sensaci\u00f3n grasa, absorci\u00f3n r\u00e1pida y textura ligera apta para todo tipo de piel.<br \/>\nINGREDIENTES<br \/>\nAgua, Glycolic Acis, Propanedol, Sodium Hidroxide, Curcuma Longa Rhizome Extract, Niacidamide, Glycerin, Xarthan Gum, Phenoxyethanol, Allartoin, Sodium Gluconate, Ethyhexyglycerin, Sodium Hyaluronate, Parfum, Glycymhiza Glabra (Licorice) Root Extract, CI 15985, CI 19140, Linabool.<br \/>\nMODO DE USO<br \/>\nAntes de aplicar, realiza parche en un \u00e1rea peque\u00f1a durante 3 d\u00edas.<br \/>\nEn piel limpia por la noche, aplica 3 a 5 gotas y masajea hasta absorber.<br \/>\nSi hay hormigueo o descamaci\u00f3n, reducir uso a noches alternas.<br \/>\nPor la ma\u00f1ana usa protecci\u00f3n solar siempre para potenciar resultados.\ue202cite\ue202turn0search0\ue202turn0search2\ue202turn0search7\ue201<br \/>\nPrecauciones<br \/>\nEl \u00e1cido glic\u00f3lico puede causar irritaci\u00f3n o hormigueo inicial; por tanto, comienzo gradual es clave.<br \/>\nPersonas con piel muy sensible o barrera cut\u00e1nea da\u00f1ada deber\u00edan usarlo con precauci\u00f3n.<br \/>\nEl cultivo del regaliz puede provocar irritaci\u00f3n en casos raros; prueba primero.<br \/>\nExfoliante Facial Manchas Oscuras \u2013 C\u00farcuma- 75 ML<\/p>","protected":false},"excerpt":{"rendered":"<p>S\u00e9rum nocturno con base bot\u00e1nica que combina c\u00farcuma prensada en fr\u00edo, regaliz (licorice), niacinamida al 2\u202f% y \u00e1cido glic\u00f3lico al 10\u202f%. Formulado para reducir manchas oscuras, cicatrices de acn\u00e9 y opacidad, y dejar la piel m\u00e1s luminosa, suave y uniforme.<\/p>","protected":false},"featured_media":500968,"template":"","meta":[],"product_brand":[183],"product_cat":[265,184,205,251,280],"product_tag":[],"class_list":{"0":"post-500967","1":"product","2":"type-product","3":"status-publish","4":"has-post-thumbnail","6":"product_brand-himalaya","7":"product_cat-cosmetica-natural-beauty","8":"product_cat-himalaya","9":"product_cat-longevity","10":"product_cat-piel-unas-cabello","11":"product_cat-salud-antiinflamatoria","12":"product_shipping_class-producto-fisico","14":"first","15":"instock","16":"purchasable","17":"product-type-simple"},"yoast_head":"<!-- This site is optimized with the Yoast SEO Premium plugin v22.9 (Yoast SEO v27.6) - https:\/\/yoast.com\/product\/yoast-seo-premium-wordpress\/ -->\n<title>Serum Facial Manchas Oscuras - C\u00farcuma- Salud Sostenible by Fabrice Lef&egrave;vre Institute<\/title>\n<meta name=\"robots\" content=\"index, follow, max-snippet:-1, max-image-preview:large, max-video-preview:-1\" \/>\n<link rel=\"canonical\" href=\"https:\/\/saludsostenible.es\/en\/product\/serum-facial-manchas-oscuras-curcuma\/\" \/>\n<meta property=\"og:locale\" content=\"en_GB\" \/>\n<meta property=\"og:type\" content=\"article\" \/>\n<meta property=\"og:title\" content=\"Serum Facial Manchas Oscuras - C\u00farcuma-\" \/>\n<meta property=\"og:description\" content=\"S\u00e9rum nocturno con base bot\u00e1nica que combina c\u00farcuma prensada en fr\u00edo, regaliz (licorice), niacinamida al 2\u202f% y \u00e1cido glic\u00f3lico al 10\u202f%. Formulado para reducir manchas oscuras, cicatrices de acn\u00e9 y opacidad, y dejar la piel m\u00e1s luminosa, suave y uniforme.\" \/>\n<meta property=\"og:url\" content=\"https:\/\/saludsostenible.es\/en\/product\/serum-facial-manchas-oscuras-curcuma\/\" \/>\n<meta property=\"og:site_name\" content=\"Salud Sostenible by Fabrice Lef&egrave;vre Institute\" \/>\n<meta property=\"article:publisher\" content=\"https:\/\/www.facebook.com\/ProbodyoneBarcelona\" \/>\n<meta property=\"article:modified_time\" content=\"2025-09-10T20:13:16+00:00\" \/>\n<meta property=\"og:image\" content=\"https:\/\/saludsostenible.es\/wp-content\/uploads\/2025\/09\/serum-facial-manchas-oscuras-curcuma-.jpg\" \/>\n\t<meta property=\"og:image:width\" content=\"443\" \/>\n\t<meta property=\"og:image:height\" content=\"622\" \/>\n\t<meta property=\"og:image:type\" content=\"image\/jpeg\" \/>\n<meta name=\"twitter:card\" content=\"summary_large_image\" \/>\n<meta name=\"twitter:site\" content=\"@probodyone\" \/>\n<meta name=\"twitter:label1\" content=\"Estimated reading time\" \/>\n\t<meta name=\"twitter:data1\" content=\"1 minute\" \/>\n<script type=\"application\/ld+json\" class=\"yoast-schema-graph\">{\"@context\":\"https:\\\/\\\/schema.org\",\"@graph\":[{\"@type\":\"WebPage\",\"@id\":\"https:\\\/\\\/saludsostenible.es\\\/product\\\/serum-facial-manchas-oscuras-curcuma\\\/\",\"url\":\"https:\\\/\\\/saludsostenible.es\\\/product\\\/serum-facial-manchas-oscuras-curcuma\\\/\",\"name\":\"Serum Facial Manchas Oscuras - C\u00farcuma- Salud Sostenible by Fabrice Lef&egrave;vre Institute\",\"isPartOf\":{\"@id\":\"https:\\\/\\\/saludsostenible.es\\\/#website\"},\"primaryImageOfPage\":{\"@id\":\"https:\\\/\\\/saludsostenible.es\\\/product\\\/serum-facial-manchas-oscuras-curcuma\\\/#primaryimage\"},\"image\":{\"@id\":\"https:\\\/\\\/saludsostenible.es\\\/product\\\/serum-facial-manchas-oscuras-curcuma\\\/#primaryimage\"},\"thumbnailUrl\":\"https:\\\/\\\/saludsostenible.es\\\/wp-content\\\/uploads\\\/2025\\\/09\\\/serum-facial-manchas-oscuras-curcuma-.jpg\",\"datePublished\":\"2025-09-10T20:13:02+00:00\",\"dateModified\":\"2025-09-10T20:13:16+00:00\",\"breadcrumb\":{\"@id\":\"https:\\\/\\\/saludsostenible.es\\\/product\\\/serum-facial-manchas-oscuras-curcuma\\\/#breadcrumb\"},\"inLanguage\":\"en-GB\",\"potentialAction\":[{\"@type\":\"ReadAction\",\"target\":[\"https:\\\/\\\/saludsostenible.es\\\/product\\\/serum-facial-manchas-oscuras-curcuma\\\/\"]}]},{\"@type\":\"ImageObject\",\"inLanguage\":\"en-GB\",\"@id\":\"https:\\\/\\\/saludsostenible.es\\\/product\\\/serum-facial-manchas-oscuras-curcuma\\\/#primaryimage\",\"url\":\"https:\\\/\\\/saludsostenible.es\\\/wp-content\\\/uploads\\\/2025\\\/09\\\/serum-facial-manchas-oscuras-curcuma-.jpg\",\"contentUrl\":\"https:\\\/\\\/saludsostenible.es\\\/wp-content\\\/uploads\\\/2025\\\/09\\\/serum-facial-manchas-oscuras-curcuma-.jpg\",\"width\":443,\"height\":622},{\"@type\":\"BreadcrumbList\",\"@id\":\"https:\\\/\\\/saludsostenible.es\\\/product\\\/serum-facial-manchas-oscuras-curcuma\\\/#breadcrumb\",\"itemListElement\":[{\"@type\":\"ListItem\",\"position\":1,\"name\":\"Home\",\"item\":\"https:\\\/\\\/saludsostenible.es\\\/\"},{\"@type\":\"ListItem\",\"position\":2,\"name\":\"Tienda\",\"item\":\"https:\\\/\\\/saludsostenible.es\\\/tienda\\\/\"},{\"@type\":\"ListItem\",\"position\":3,\"name\":\"Serum Facial Manchas Oscuras &#8211; C\u00farcuma-\"}]},{\"@type\":\"WebSite\",\"@id\":\"https:\\\/\\\/saludsostenible.es\\\/#website\",\"url\":\"https:\\\/\\\/saludsostenible.es\\\/\",\"name\":\"Salud Sostenible Beauty & Longevity\",\"description\":\"Plataforma de consulta online y acceso a especialistas privados: salud integrativa, beauty y longevidad. Inicia tu perfil de salud metab\u00f3lica.\",\"publisher\":{\"@id\":\"https:\\\/\\\/saludsostenible.es\\\/#organization\"},\"alternateName\":\"Salud Sostenible\",\"potentialAction\":[{\"@type\":\"SearchAction\",\"target\":{\"@type\":\"EntryPoint\",\"urlTemplate\":\"https:\\\/\\\/saludsostenible.es\\\/?s={search_term_string}\"},\"query-input\":{\"@type\":\"PropertyValueSpecification\",\"valueRequired\":true,\"valueName\":\"search_term_string\"}}],\"inLanguage\":\"en-GB\"},{\"@type\":\"Organization\",\"@id\":\"https:\\\/\\\/saludsostenible.es\\\/#organization\",\"name\":\"Salud Sostenible by Fabrice Lef\u00e8vre Institute\",\"alternateName\":\"Osteopat\u00eda en Barcelona, Madrid y Marbella\",\"url\":\"https:\\\/\\\/saludsostenible.es\\\/\",\"logo\":{\"@type\":\"ImageObject\",\"inLanguage\":\"en-GB\",\"@id\":\"https:\\\/\\\/saludsostenible.es\\\/#\\\/schema\\\/logo\\\/image\\\/\",\"url\":\"https:\\\/\\\/saludsostenible.es\\\/wp-content\\\/uploads\\\/2024\\\/08\\\/probodyone-blog.jpg\",\"contentUrl\":\"https:\\\/\\\/saludsostenible.es\\\/wp-content\\\/uploads\\\/2024\\\/08\\\/probodyone-blog.jpg\",\"width\":1600,\"height\":550,\"caption\":\"Salud Sostenible by Fabrice Lef\u00e8vre Institute\"},\"image\":{\"@id\":\"https:\\\/\\\/saludsostenible.es\\\/#\\\/schema\\\/logo\\\/image\\\/\"},\"sameAs\":[\"https:\\\/\\\/www.facebook.com\\\/ProbodyoneBarcelona\",\"https:\\\/\\\/x.com\\\/probodyone\",\"https:\\\/\\\/www.youtube.com\\\/@Probodyone\\\/videos\"]}]}<\/script>\n<!-- \/ Yoast SEO Premium plugin. -->","yoast_head_json":{"title":"Serum Facial Manchas Oscuras - C\u00farcuma- Salud Sostenible by Fabrice Lef&egrave;vre Institute","robots":{"index":"index","follow":"follow","max-snippet":"max-snippet:-1","max-image-preview":"max-image-preview:large","max-video-preview":"max-video-preview:-1"},"canonical":"https:\/\/saludsostenible.es\/en\/product\/serum-facial-manchas-oscuras-curcuma\/","og_locale":"en_GB","og_type":"article","og_title":"Serum Facial Manchas Oscuras - C\u00farcuma-","og_description":"S\u00e9rum nocturno con base bot\u00e1nica que combina c\u00farcuma prensada en fr\u00edo, regaliz (licorice), niacinamida al 2\u202f% y \u00e1cido glic\u00f3lico al 10\u202f%. Formulado para reducir manchas oscuras, cicatrices de acn\u00e9 y opacidad, y dejar la piel m\u00e1s luminosa, suave y uniforme.","og_url":"https:\/\/saludsostenible.es\/en\/product\/serum-facial-manchas-oscuras-curcuma\/","og_site_name":"Salud Sostenible by Fabrice Lef&egrave;vre Institute","article_publisher":"https:\/\/www.facebook.com\/ProbodyoneBarcelona","article_modified_time":"2025-09-10T20:13:16+00:00","og_image":[{"width":443,"height":622,"url":"https:\/\/saludsostenible.es\/wp-content\/uploads\/2025\/09\/serum-facial-manchas-oscuras-curcuma-.jpg","type":"image\/jpeg"}],"twitter_card":"summary_large_image","twitter_site":"@probodyone","twitter_misc":{"Estimated reading time":"1 minute"},"schema":{"@context":"https:\/\/schema.org","@graph":[{"@type":"WebPage","@id":"https:\/\/saludsostenible.es\/product\/serum-facial-manchas-oscuras-curcuma\/","url":"https:\/\/saludsostenible.es\/product\/serum-facial-manchas-oscuras-curcuma\/","name":"Serum Facial Manchas Oscuras - C\u00farcuma- Salud Sostenible by Fabrice Lef&egrave;vre Institute","isPartOf":{"@id":"https:\/\/saludsostenible.es\/#website"},"primaryImageOfPage":{"@id":"https:\/\/saludsostenible.es\/product\/serum-facial-manchas-oscuras-curcuma\/#primaryimage"},"image":{"@id":"https:\/\/saludsostenible.es\/product\/serum-facial-manchas-oscuras-curcuma\/#primaryimage"},"thumbnailUrl":"https:\/\/saludsostenible.es\/wp-content\/uploads\/2025\/09\/serum-facial-manchas-oscuras-curcuma-.jpg","datePublished":"2025-09-10T20:13:02+00:00","dateModified":"2025-09-10T20:13:16+00:00","breadcrumb":{"@id":"https:\/\/saludsostenible.es\/product\/serum-facial-manchas-oscuras-curcuma\/#breadcrumb"},"inLanguage":"en-GB","potentialAction":[{"@type":"ReadAction","target":["https:\/\/saludsostenible.es\/product\/serum-facial-manchas-oscuras-curcuma\/"]}]},{"@type":"ImageObject","inLanguage":"en-GB","@id":"https:\/\/saludsostenible.es\/product\/serum-facial-manchas-oscuras-curcuma\/#primaryimage","url":"https:\/\/saludsostenible.es\/wp-content\/uploads\/2025\/09\/serum-facial-manchas-oscuras-curcuma-.jpg","contentUrl":"https:\/\/saludsostenible.es\/wp-content\/uploads\/2025\/09\/serum-facial-manchas-oscuras-curcuma-.jpg","width":443,"height":622},{"@type":"BreadcrumbList","@id":"https:\/\/saludsostenible.es\/product\/serum-facial-manchas-oscuras-curcuma\/#breadcrumb","itemListElement":[{"@type":"ListItem","position":1,"name":"Home","item":"https:\/\/saludsostenible.es\/"},{"@type":"ListItem","position":2,"name":"Tienda","item":"https:\/\/saludsostenible.es\/tienda\/"},{"@type":"ListItem","position":3,"name":"Serum Facial Manchas Oscuras &#8211; C\u00farcuma-"}]},{"@type":"WebSite","@id":"https:\/\/saludsostenible.es\/#website","url":"https:\/\/saludsostenible.es\/","name":"Salud Sostenible Beauty & Longevity","description":"Plataforma de consulta online y acceso a especialistas privados: salud integrativa, beauty y longevidad. Inicia tu perfil de salud metab\u00f3lica.","publisher":{"@id":"https:\/\/saludsostenible.es\/#organization"},"alternateName":"Salud Sostenible","potentialAction":[{"@type":"SearchAction","target":{"@type":"EntryPoint","urlTemplate":"https:\/\/saludsostenible.es\/?s={search_term_string}"},"query-input":{"@type":"PropertyValueSpecification","valueRequired":true,"valueName":"search_term_string"}}],"inLanguage":"en-GB"},{"@type":"Organization","@id":"https:\/\/saludsostenible.es\/#organization","name":"Salud Sostenible by Fabrice Lef\u00e8vre Institute","alternateName":"Osteopat\u00eda en Barcelona, Madrid y Marbella","url":"https:\/\/saludsostenible.es\/","logo":{"@type":"ImageObject","inLanguage":"en-GB","@id":"https:\/\/saludsostenible.es\/#\/schema\/logo\/image\/","url":"https:\/\/saludsostenible.es\/wp-content\/uploads\/2024\/08\/probodyone-blog.jpg","contentUrl":"https:\/\/saludsostenible.es\/wp-content\/uploads\/2024\/08\/probodyone-blog.jpg","width":1600,"height":550,"caption":"Salud Sostenible by Fabrice Lef\u00e8vre Institute"},"image":{"@id":"https:\/\/saludsostenible.es\/#\/schema\/logo\/image\/"},"sameAs":["https:\/\/www.facebook.com\/ProbodyoneBarcelona","https:\/\/x.com\/probodyone","https:\/\/www.youtube.com\/@Probodyone\/videos"]}]}},"_links":{"self":[{"href":"https:\/\/saludsostenible.es\/en\/wp-json\/wp\/v2\/product\/500967","targetHints":{"allow":["GET"]}}],"collection":[{"href":"https:\/\/saludsostenible.es\/en\/wp-json\/wp\/v2\/product"}],"about":[{"href":"https:\/\/saludsostenible.es\/en\/wp-json\/wp\/v2\/types\/product"}],"wp:featuredmedia":[{"embeddable":true,"href":"https:\/\/saludsostenible.es\/en\/wp-json\/wp\/v2\/media\/500968"}],"wp:attachment":[{"href":"https:\/\/saludsostenible.es\/en\/wp-json\/wp\/v2\/media?parent=500967"}],"wp:term":[{"taxonomy":"product_brand","embeddable":true,"href":"https:\/\/saludsostenible.es\/en\/wp-json\/wp\/v2\/product_brand?post=500967"},{"taxonomy":"product_cat","embeddable":true,"href":"https:\/\/saludsostenible.es\/en\/wp-json\/wp\/v2\/product_cat?post=500967"},{"taxonomy":"product_tag","embeddable":true,"href":"https:\/\/saludsostenible.es\/en\/wp-json\/wp\/v2\/product_tag?post=500967"}],"curies":[{"name":"wp","href":"https:\/\/api.w.org\/{rel}","templated":true}]}}