{"id":500985,"date":"2025-09-10T20:13:28","date_gmt":"2025-09-10T20:13:28","guid":{"rendered":"https:\/\/saludsostenible.es\/product\/crema-anti-arrugas-mass-herbal\/"},"modified":"2025-09-10T20:13:28","modified_gmt":"2025-09-10T20:13:28","slug":"crema-anti-arrugas-mass-herbal","status":"publish","type":"product","link":"https:\/\/saludsostenible.es\/en\/product\/crema-anti-arrugas-mass-herbal\/","title":{"rendered":"Crema Anti- Arrugas- Mass Herbal-"},"content":{"rendered":"<p>INDICACIONES<br \/>\nReduce visiblemente l\u00edneas finas y arrugas leves, gracias al contenido antioxidante y exfoliante suave de uva y aloe vera.<br \/>\nAclara manchas de la edad (pigmentaci\u00f3n leve), con extracto de regaliz que aporta efecto calmante y unificador.<br \/>\nHidrataci\u00f3n profunda sin sensaci\u00f3n grasa, ideal para usar todo el d\u00eda.<br \/>\nModo de uso recomendado<br \/>\nAplica sobre piel limpia (rostro y cuello), masajeando con movimientos circulares suaves hasta su completa absorci\u00f3n.<br \/>\nSe puede usar como base de maquillaje gracias a su textura fluida y no grasa.<br \/>\nPara mejores resultados, \u00fasala diariamente ma\u00f1ana y noche.<br \/>\nPrecauciones<br \/>\nAlgunas pieles muy sensibles o propensas a brotes reportan irritaci\u00f3n leve o sensaci\u00f3n pegajosa si se usa en exceso. Se recomienda hacer prueba de parche.\ue202cite\ue202turn0reddit16\ue202turn0reddit14\ue201<br \/>\nAunque reduce arrugas y manchas superficiales, no contiene retinol ni p\u00e9ptidos; para l\u00edneas m\u00e1s profundas tal vez sea necesario un producto m\u00e1s potente.<br \/>\nCrema  Hidratante Ligera en Gel<\/p>","protected":false},"excerpt":{"rendered":"<p>Crema facial de textura sedosa y no grasa, formulada para reducir arrugas, l\u00edneas de expresi\u00f3n y manchas de la edad. Penetra en profundidad aportando hidrataci\u00f3n duradera, elasticidad y suavidad a la piel. Adem\u00e1s, sirve como una excelente base para el maquillaje.<\/p>","protected":false},"featured_media":500986,"template":"","meta":[],"product_brand":[183],"product_cat":[263,184,252,280],"product_tag":[],"class_list":{"0":"post-500985","1":"product","2":"type-product","3":"status-publish","4":"has-post-thumbnail","6":"product_brand-himalaya","7":"product_cat-cremas-balsamicos","8":"product_cat-himalaya","9":"product_cat-huesos-articulaciones-musculos","10":"product_cat-salud-antiinflamatoria","11":"product_shipping_class-producto-fisico","13":"first","14":"instock","15":"purchasable","16":"product-type-simple"},"yoast_head":"<!-- This site is optimized with the Yoast SEO Premium plugin v22.9 (Yoast SEO v27.6) - https:\/\/yoast.com\/product\/yoast-seo-premium-wordpress\/ -->\n<title>Crema Anti- Arrugas- Mass Herbal- Salud Sostenible by Fabrice Lef&egrave;vre Institute<\/title>\n<meta name=\"robots\" content=\"index, follow, max-snippet:-1, max-image-preview:large, max-video-preview:-1\" \/>\n<link rel=\"canonical\" href=\"https:\/\/saludsostenible.es\/en\/product\/crema-anti-arrugas-mass-herbal\/\" \/>\n<meta property=\"og:locale\" content=\"en_GB\" \/>\n<meta property=\"og:type\" content=\"article\" \/>\n<meta property=\"og:title\" content=\"Crema Anti- Arrugas- Mass Herbal-\" \/>\n<meta property=\"og:description\" content=\"Crema facial de textura sedosa y no grasa, formulada para reducir arrugas, l\u00edneas de expresi\u00f3n y manchas de la edad. Penetra en profundidad aportando hidrataci\u00f3n duradera, elasticidad y suavidad a la piel. Adem\u00e1s, sirve como una excelente base para el maquillaje.\" \/>\n<meta property=\"og:url\" content=\"https:\/\/saludsostenible.es\/en\/product\/crema-anti-arrugas-mass-herbal\/\" \/>\n<meta property=\"og:site_name\" content=\"Salud Sostenible by Fabrice Lef&egrave;vre Institute\" \/>\n<meta property=\"article:publisher\" content=\"https:\/\/www.facebook.com\/ProbodyoneBarcelona\" \/>\n<meta property=\"og:image\" content=\"https:\/\/saludsostenible.es\/wp-content\/uploads\/2025\/09\/crema-anti-arrugas-mass-herbal-.jpg\" \/>\n\t<meta property=\"og:image:width\" content=\"813\" \/>\n\t<meta property=\"og:image:height\" content=\"813\" \/>\n\t<meta property=\"og:image:type\" content=\"image\/png\" \/>\n<meta name=\"twitter:card\" content=\"summary_large_image\" \/>\n<meta name=\"twitter:site\" content=\"@probodyone\" \/>\n<meta name=\"twitter:label1\" content=\"Estimated reading time\" \/>\n\t<meta name=\"twitter:data1\" content=\"1 minute\" \/>\n<script type=\"application\/ld+json\" class=\"yoast-schema-graph\">{\"@context\":\"https:\\\/\\\/schema.org\",\"@graph\":[{\"@type\":\"WebPage\",\"@id\":\"https:\\\/\\\/saludsostenible.es\\\/product\\\/crema-anti-arrugas-mass-herbal\\\/\",\"url\":\"https:\\\/\\\/saludsostenible.es\\\/product\\\/crema-anti-arrugas-mass-herbal\\\/\",\"name\":\"Crema Anti- Arrugas- Mass Herbal- Salud Sostenible by Fabrice Lef&egrave;vre Institute\",\"isPartOf\":{\"@id\":\"https:\\\/\\\/saludsostenible.es\\\/#website\"},\"primaryImageOfPage\":{\"@id\":\"https:\\\/\\\/saludsostenible.es\\\/product\\\/crema-anti-arrugas-mass-herbal\\\/#primaryimage\"},\"image\":{\"@id\":\"https:\\\/\\\/saludsostenible.es\\\/product\\\/crema-anti-arrugas-mass-herbal\\\/#primaryimage\"},\"thumbnailUrl\":\"https:\\\/\\\/saludsostenible.es\\\/wp-content\\\/uploads\\\/2025\\\/09\\\/crema-anti-arrugas-mass-herbal-.jpg\",\"datePublished\":\"2025-09-10T20:13:28+00:00\",\"breadcrumb\":{\"@id\":\"https:\\\/\\\/saludsostenible.es\\\/product\\\/crema-anti-arrugas-mass-herbal\\\/#breadcrumb\"},\"inLanguage\":\"en-GB\",\"potentialAction\":[{\"@type\":\"ReadAction\",\"target\":[\"https:\\\/\\\/saludsostenible.es\\\/product\\\/crema-anti-arrugas-mass-herbal\\\/\"]}]},{\"@type\":\"ImageObject\",\"inLanguage\":\"en-GB\",\"@id\":\"https:\\\/\\\/saludsostenible.es\\\/product\\\/crema-anti-arrugas-mass-herbal\\\/#primaryimage\",\"url\":\"https:\\\/\\\/saludsostenible.es\\\/wp-content\\\/uploads\\\/2025\\\/09\\\/crema-anti-arrugas-mass-herbal-.jpg\",\"contentUrl\":\"https:\\\/\\\/saludsostenible.es\\\/wp-content\\\/uploads\\\/2025\\\/09\\\/crema-anti-arrugas-mass-herbal-.jpg\",\"width\":813,\"height\":813},{\"@type\":\"BreadcrumbList\",\"@id\":\"https:\\\/\\\/saludsostenible.es\\\/product\\\/crema-anti-arrugas-mass-herbal\\\/#breadcrumb\",\"itemListElement\":[{\"@type\":\"ListItem\",\"position\":1,\"name\":\"Home\",\"item\":\"https:\\\/\\\/saludsostenible.es\\\/\"},{\"@type\":\"ListItem\",\"position\":2,\"name\":\"Tienda\",\"item\":\"https:\\\/\\\/saludsostenible.es\\\/tienda\\\/\"},{\"@type\":\"ListItem\",\"position\":3,\"name\":\"Crema Anti- Arrugas- Mass Herbal-\"}]},{\"@type\":\"WebSite\",\"@id\":\"https:\\\/\\\/saludsostenible.es\\\/#website\",\"url\":\"https:\\\/\\\/saludsostenible.es\\\/\",\"name\":\"Salud Sostenible Beauty & Longevity\",\"description\":\"Plataforma de consulta online y acceso a especialistas privados: salud integrativa, beauty y longevidad. Inicia tu perfil de salud metab\u00f3lica.\",\"publisher\":{\"@id\":\"https:\\\/\\\/saludsostenible.es\\\/#organization\"},\"alternateName\":\"Salud Sostenible\",\"potentialAction\":[{\"@type\":\"SearchAction\",\"target\":{\"@type\":\"EntryPoint\",\"urlTemplate\":\"https:\\\/\\\/saludsostenible.es\\\/?s={search_term_string}\"},\"query-input\":{\"@type\":\"PropertyValueSpecification\",\"valueRequired\":true,\"valueName\":\"search_term_string\"}}],\"inLanguage\":\"en-GB\"},{\"@type\":\"Organization\",\"@id\":\"https:\\\/\\\/saludsostenible.es\\\/#organization\",\"name\":\"Salud Sostenible by Fabrice Lef\u00e8vre Institute\",\"alternateName\":\"Osteopat\u00eda en Barcelona, Madrid y Marbella\",\"url\":\"https:\\\/\\\/saludsostenible.es\\\/\",\"logo\":{\"@type\":\"ImageObject\",\"inLanguage\":\"en-GB\",\"@id\":\"https:\\\/\\\/saludsostenible.es\\\/#\\\/schema\\\/logo\\\/image\\\/\",\"url\":\"https:\\\/\\\/saludsostenible.es\\\/wp-content\\\/uploads\\\/2024\\\/08\\\/probodyone-blog.jpg\",\"contentUrl\":\"https:\\\/\\\/saludsostenible.es\\\/wp-content\\\/uploads\\\/2024\\\/08\\\/probodyone-blog.jpg\",\"width\":1600,\"height\":550,\"caption\":\"Salud Sostenible by Fabrice Lef\u00e8vre Institute\"},\"image\":{\"@id\":\"https:\\\/\\\/saludsostenible.es\\\/#\\\/schema\\\/logo\\\/image\\\/\"},\"sameAs\":[\"https:\\\/\\\/www.facebook.com\\\/ProbodyoneBarcelona\",\"https:\\\/\\\/x.com\\\/probodyone\",\"https:\\\/\\\/www.youtube.com\\\/@Probodyone\\\/videos\"]}]}<\/script>\n<!-- \/ Yoast SEO Premium plugin. -->","yoast_head_json":{"title":"Crema Anti- Arrugas- Mass Herbal- Salud Sostenible by Fabrice Lef&egrave;vre Institute","robots":{"index":"index","follow":"follow","max-snippet":"max-snippet:-1","max-image-preview":"max-image-preview:large","max-video-preview":"max-video-preview:-1"},"canonical":"https:\/\/saludsostenible.es\/en\/product\/crema-anti-arrugas-mass-herbal\/","og_locale":"en_GB","og_type":"article","og_title":"Crema Anti- Arrugas- Mass Herbal-","og_description":"Crema facial de textura sedosa y no grasa, formulada para reducir arrugas, l\u00edneas de expresi\u00f3n y manchas de la edad. Penetra en profundidad aportando hidrataci\u00f3n duradera, elasticidad y suavidad a la piel. Adem\u00e1s, sirve como una excelente base para el maquillaje.","og_url":"https:\/\/saludsostenible.es\/en\/product\/crema-anti-arrugas-mass-herbal\/","og_site_name":"Salud Sostenible by Fabrice Lef&egrave;vre Institute","article_publisher":"https:\/\/www.facebook.com\/ProbodyoneBarcelona","og_image":[{"width":813,"height":813,"url":"https:\/\/saludsostenible.es\/wp-content\/uploads\/2025\/09\/crema-anti-arrugas-mass-herbal-.jpg","type":"image\/png"}],"twitter_card":"summary_large_image","twitter_site":"@probodyone","twitter_misc":{"Estimated reading time":"1 minute"},"schema":{"@context":"https:\/\/schema.org","@graph":[{"@type":"WebPage","@id":"https:\/\/saludsostenible.es\/product\/crema-anti-arrugas-mass-herbal\/","url":"https:\/\/saludsostenible.es\/product\/crema-anti-arrugas-mass-herbal\/","name":"Crema Anti- Arrugas- Mass Herbal- Salud Sostenible by Fabrice Lef&egrave;vre Institute","isPartOf":{"@id":"https:\/\/saludsostenible.es\/#website"},"primaryImageOfPage":{"@id":"https:\/\/saludsostenible.es\/product\/crema-anti-arrugas-mass-herbal\/#primaryimage"},"image":{"@id":"https:\/\/saludsostenible.es\/product\/crema-anti-arrugas-mass-herbal\/#primaryimage"},"thumbnailUrl":"https:\/\/saludsostenible.es\/wp-content\/uploads\/2025\/09\/crema-anti-arrugas-mass-herbal-.jpg","datePublished":"2025-09-10T20:13:28+00:00","breadcrumb":{"@id":"https:\/\/saludsostenible.es\/product\/crema-anti-arrugas-mass-herbal\/#breadcrumb"},"inLanguage":"en-GB","potentialAction":[{"@type":"ReadAction","target":["https:\/\/saludsostenible.es\/product\/crema-anti-arrugas-mass-herbal\/"]}]},{"@type":"ImageObject","inLanguage":"en-GB","@id":"https:\/\/saludsostenible.es\/product\/crema-anti-arrugas-mass-herbal\/#primaryimage","url":"https:\/\/saludsostenible.es\/wp-content\/uploads\/2025\/09\/crema-anti-arrugas-mass-herbal-.jpg","contentUrl":"https:\/\/saludsostenible.es\/wp-content\/uploads\/2025\/09\/crema-anti-arrugas-mass-herbal-.jpg","width":813,"height":813},{"@type":"BreadcrumbList","@id":"https:\/\/saludsostenible.es\/product\/crema-anti-arrugas-mass-herbal\/#breadcrumb","itemListElement":[{"@type":"ListItem","position":1,"name":"Home","item":"https:\/\/saludsostenible.es\/"},{"@type":"ListItem","position":2,"name":"Tienda","item":"https:\/\/saludsostenible.es\/tienda\/"},{"@type":"ListItem","position":3,"name":"Crema Anti- Arrugas- Mass Herbal-"}]},{"@type":"WebSite","@id":"https:\/\/saludsostenible.es\/#website","url":"https:\/\/saludsostenible.es\/","name":"Salud Sostenible Beauty & Longevity","description":"Plataforma de consulta online y acceso a especialistas privados: salud integrativa, beauty y longevidad. Inicia tu perfil de salud metab\u00f3lica.","publisher":{"@id":"https:\/\/saludsostenible.es\/#organization"},"alternateName":"Salud Sostenible","potentialAction":[{"@type":"SearchAction","target":{"@type":"EntryPoint","urlTemplate":"https:\/\/saludsostenible.es\/?s={search_term_string}"},"query-input":{"@type":"PropertyValueSpecification","valueRequired":true,"valueName":"search_term_string"}}],"inLanguage":"en-GB"},{"@type":"Organization","@id":"https:\/\/saludsostenible.es\/#organization","name":"Salud Sostenible by Fabrice Lef\u00e8vre Institute","alternateName":"Osteopat\u00eda en Barcelona, Madrid y Marbella","url":"https:\/\/saludsostenible.es\/","logo":{"@type":"ImageObject","inLanguage":"en-GB","@id":"https:\/\/saludsostenible.es\/#\/schema\/logo\/image\/","url":"https:\/\/saludsostenible.es\/wp-content\/uploads\/2024\/08\/probodyone-blog.jpg","contentUrl":"https:\/\/saludsostenible.es\/wp-content\/uploads\/2024\/08\/probodyone-blog.jpg","width":1600,"height":550,"caption":"Salud Sostenible by Fabrice Lef\u00e8vre Institute"},"image":{"@id":"https:\/\/saludsostenible.es\/#\/schema\/logo\/image\/"},"sameAs":["https:\/\/www.facebook.com\/ProbodyoneBarcelona","https:\/\/x.com\/probodyone","https:\/\/www.youtube.com\/@Probodyone\/videos"]}]}},"_links":{"self":[{"href":"https:\/\/saludsostenible.es\/en\/wp-json\/wp\/v2\/product\/500985","targetHints":{"allow":["GET"]}}],"collection":[{"href":"https:\/\/saludsostenible.es\/en\/wp-json\/wp\/v2\/product"}],"about":[{"href":"https:\/\/saludsostenible.es\/en\/wp-json\/wp\/v2\/types\/product"}],"wp:featuredmedia":[{"embeddable":true,"href":"https:\/\/saludsostenible.es\/en\/wp-json\/wp\/v2\/media\/500986"}],"wp:attachment":[{"href":"https:\/\/saludsostenible.es\/en\/wp-json\/wp\/v2\/media?parent=500985"}],"wp:term":[{"taxonomy":"product_brand","embeddable":true,"href":"https:\/\/saludsostenible.es\/en\/wp-json\/wp\/v2\/product_brand?post=500985"},{"taxonomy":"product_cat","embeddable":true,"href":"https:\/\/saludsostenible.es\/en\/wp-json\/wp\/v2\/product_cat?post=500985"},{"taxonomy":"product_tag","embeddable":true,"href":"https:\/\/saludsostenible.es\/en\/wp-json\/wp\/v2\/product_tag?post=500985"}],"curies":[{"name":"wp","href":"https:\/\/api.w.org\/{rel}","templated":true}]}}