{"id":501053,"date":"2025-09-10T20:13:53","date_gmt":"2025-09-10T20:13:53","guid":{"rendered":"https:\/\/saludsostenible.es\/product\/liv-52\/"},"modified":"2025-09-10T20:14:17","modified_gmt":"2025-09-10T20:14:17","slug":"liv-52","status":"publish","type":"product","link":"https:\/\/saludsostenible.es\/en\/product\/liv-52\/","title":{"rendered":"LIV.52"},"content":{"rendered":"<p>INDICACIONES<br \/>\nProtecci\u00f3n del h\u00edgado frente a t\u00f3xicos, medicamentos, alcohol o infecci\u00f3n, gracias a acci\u00f3n antioxidante, antiinflamatoria e inmunomoduladora.<br \/>\nMejora de par\u00e1metros hep\u00e1ticos, como reducci\u00f3n de ALT, AST, bilirrubina y ascitis en pacientes con cirrosis ligera o enfermedad hep\u00e1tica alcoh\u00f3lica.<br \/>\nApoyo en casos de hepatitis viral moderada, h\u00edgado graso (NAFLD\/NASH), efectos adversos hepatot\u00f3xicos de medicamentos (como antituberculosos o quimioterapia).<br \/>\nEstimulaci\u00f3n del apetito y digesti\u00f3n, especialmente \u00fatil en convalecencias o p\u00e9rdida de peso.<br \/>\nINGREDIENTES<br \/>\nCapparis spinosa , Cichorium intybus, Terminalia arjuna, Cassia occidentalis, Achillea millefolium, Tamarix gallica.<br \/>\nInformaci\u00f3n Alerg\u00e9nica<br \/>\nPuede contener trazas de huevo, leche y soja.<br \/>\nMODO DE USO<br \/>\nCuatro c\u00e1psulas, C\u00e1psula\/s con un vaso de agua, Dos veces al d\u00eda, C\u00e1psula\/s con las comidas,<br \/>\nPrecauciones y seguridad<br \/>\nGeneralmente seguro: no se han detectado reacciones adversas graves con el uso adecuado. Estudios recientes (fase IV) con 1000 pacientes confirmaron buena tolerancia y ausencia de toxicidad renal o hep\u00e1tica significativa.<br \/>\nNo indicado en cirrosis avanzada o falla hep\u00e1tica grave; estudios hist\u00f3ricos reportaron incluso mayor mortalidad en grupos con hepatitis alcoh\u00f3lica severa que recibieron Liv.52, por lo que se debe consultar al m\u00e9dico en casos complejos.<br \/>\nEmbarazo y lactancia: consultar con especialista previo.<br \/>\nLIV52 DS<\/p>","protected":false},"excerpt":{"rendered":"<p>Liv.52 es un suplemento herbal hepatoprotector que combina extractos como chicoria (Cichorium intybus), cap\u00e9rnico (Capparis spinosa), Terminalia arjuna, Solanum nigrum, Achillea millefolium y mandur bhasma. Disponible en tabletas y jarabe (syrup), est\u00e1 formulado para apoyar la funci\u00f3n del h\u00edgado, promover la regeneraci\u00f3n celular y mejorar el bienestar digestivo.<\/p>","protected":false},"featured_media":501054,"template":"","meta":[],"product_brand":[183],"product_cat":[256,279,184,262],"product_tag":[],"class_list":{"0":"post-501053","1":"product","2":"type-product","3":"status-publish","4":"has-post-thumbnail","6":"product_brand-himalaya","7":"product_cat-detox-drenaje","8":"product_cat-equilibrio-peso-adelgazamiento","9":"product_cat-himalaya","10":"product_cat-suplementos-micronutricionales","12":"first","13":"instock","14":"purchasable","15":"product-type-simple"},"yoast_head":"<!-- This site is optimized with the Yoast SEO Premium plugin v22.9 (Yoast SEO v27.6) - https:\/\/yoast.com\/product\/yoast-seo-premium-wordpress\/ -->\n<title>LIV.52 - Salud Sostenible by Fabrice Lef&egrave;vre Institute<\/title>\n<meta name=\"robots\" content=\"index, follow, max-snippet:-1, max-image-preview:large, max-video-preview:-1\" \/>\n<link rel=\"canonical\" href=\"https:\/\/saludsostenible.es\/en\/product\/liv-52\/\" \/>\n<meta property=\"og:locale\" content=\"en_GB\" \/>\n<meta property=\"og:type\" content=\"article\" \/>\n<meta property=\"og:title\" content=\"LIV.52\" \/>\n<meta property=\"og:description\" content=\"Liv.52 es un suplemento herbal hepatoprotector que combina extractos como chicoria (Cichorium intybus), cap\u00e9rnico (Capparis spinosa), Terminalia arjuna, Solanum nigrum, Achillea millefolium y mandur bhasma. Disponible en tabletas y jarabe (syrup), est\u00e1 formulado para apoyar la funci\u00f3n del h\u00edgado, promover la regeneraci\u00f3n celular y mejorar el bienestar digestivo.\" \/>\n<meta property=\"og:url\" content=\"https:\/\/saludsostenible.es\/en\/product\/liv-52\/\" \/>\n<meta property=\"og:site_name\" content=\"Salud Sostenible by Fabrice Lef&egrave;vre Institute\" \/>\n<meta property=\"article:publisher\" content=\"https:\/\/www.facebook.com\/ProbodyoneBarcelona\" \/>\n<meta property=\"article:modified_time\" content=\"2025-09-10T20:14:17+00:00\" \/>\n<meta property=\"og:image\" content=\"https:\/\/saludsostenible.es\/wp-content\/uploads\/2025\/09\/liv52.jpg\" \/>\n\t<meta property=\"og:image:width\" content=\"1024\" \/>\n\t<meta property=\"og:image:height\" content=\"1024\" \/>\n\t<meta property=\"og:image:type\" content=\"image\/jpeg\" \/>\n<meta name=\"twitter:card\" content=\"summary_large_image\" \/>\n<meta name=\"twitter:site\" content=\"@probodyone\" \/>\n<meta name=\"twitter:label1\" content=\"Estimated reading time\" \/>\n\t<meta name=\"twitter:data1\" content=\"1 minute\" \/>\n<script type=\"application\/ld+json\" class=\"yoast-schema-graph\">{\"@context\":\"https:\\\/\\\/schema.org\",\"@graph\":[{\"@type\":\"WebPage\",\"@id\":\"https:\\\/\\\/saludsostenible.es\\\/product\\\/liv-52\\\/\",\"url\":\"https:\\\/\\\/saludsostenible.es\\\/product\\\/liv-52\\\/\",\"name\":\"LIV.52 - Salud Sostenible by Fabrice Lef&egrave;vre Institute\",\"isPartOf\":{\"@id\":\"https:\\\/\\\/saludsostenible.es\\\/#website\"},\"primaryImageOfPage\":{\"@id\":\"https:\\\/\\\/saludsostenible.es\\\/product\\\/liv-52\\\/#primaryimage\"},\"image\":{\"@id\":\"https:\\\/\\\/saludsostenible.es\\\/product\\\/liv-52\\\/#primaryimage\"},\"thumbnailUrl\":\"https:\\\/\\\/saludsostenible.es\\\/wp-content\\\/uploads\\\/2025\\\/09\\\/liv52.jpg\",\"datePublished\":\"2025-09-10T20:13:53+00:00\",\"dateModified\":\"2025-09-10T20:14:17+00:00\",\"breadcrumb\":{\"@id\":\"https:\\\/\\\/saludsostenible.es\\\/product\\\/liv-52\\\/#breadcrumb\"},\"inLanguage\":\"en-GB\",\"potentialAction\":[{\"@type\":\"ReadAction\",\"target\":[\"https:\\\/\\\/saludsostenible.es\\\/product\\\/liv-52\\\/\"]}]},{\"@type\":\"ImageObject\",\"inLanguage\":\"en-GB\",\"@id\":\"https:\\\/\\\/saludsostenible.es\\\/product\\\/liv-52\\\/#primaryimage\",\"url\":\"https:\\\/\\\/saludsostenible.es\\\/wp-content\\\/uploads\\\/2025\\\/09\\\/liv52.jpg\",\"contentUrl\":\"https:\\\/\\\/saludsostenible.es\\\/wp-content\\\/uploads\\\/2025\\\/09\\\/liv52.jpg\",\"width\":1024,\"height\":1024},{\"@type\":\"BreadcrumbList\",\"@id\":\"https:\\\/\\\/saludsostenible.es\\\/product\\\/liv-52\\\/#breadcrumb\",\"itemListElement\":[{\"@type\":\"ListItem\",\"position\":1,\"name\":\"Home\",\"item\":\"https:\\\/\\\/saludsostenible.es\\\/\"},{\"@type\":\"ListItem\",\"position\":2,\"name\":\"Tienda\",\"item\":\"https:\\\/\\\/saludsostenible.es\\\/tienda\\\/\"},{\"@type\":\"ListItem\",\"position\":3,\"name\":\"LIV.52\"}]},{\"@type\":\"WebSite\",\"@id\":\"https:\\\/\\\/saludsostenible.es\\\/#website\",\"url\":\"https:\\\/\\\/saludsostenible.es\\\/\",\"name\":\"Salud Sostenible Beauty & Longevity\",\"description\":\"Plataforma de consulta online y acceso a especialistas privados: salud integrativa, beauty y longevidad. Inicia tu perfil de salud metab\u00f3lica.\",\"publisher\":{\"@id\":\"https:\\\/\\\/saludsostenible.es\\\/#organization\"},\"alternateName\":\"Salud Sostenible\",\"potentialAction\":[{\"@type\":\"SearchAction\",\"target\":{\"@type\":\"EntryPoint\",\"urlTemplate\":\"https:\\\/\\\/saludsostenible.es\\\/?s={search_term_string}\"},\"query-input\":{\"@type\":\"PropertyValueSpecification\",\"valueRequired\":true,\"valueName\":\"search_term_string\"}}],\"inLanguage\":\"en-GB\"},{\"@type\":\"Organization\",\"@id\":\"https:\\\/\\\/saludsostenible.es\\\/#organization\",\"name\":\"Salud Sostenible by Fabrice Lef\u00e8vre Institute\",\"alternateName\":\"Osteopat\u00eda en Barcelona, Madrid y Marbella\",\"url\":\"https:\\\/\\\/saludsostenible.es\\\/\",\"logo\":{\"@type\":\"ImageObject\",\"inLanguage\":\"en-GB\",\"@id\":\"https:\\\/\\\/saludsostenible.es\\\/#\\\/schema\\\/logo\\\/image\\\/\",\"url\":\"https:\\\/\\\/saludsostenible.es\\\/wp-content\\\/uploads\\\/2024\\\/08\\\/probodyone-blog.jpg\",\"contentUrl\":\"https:\\\/\\\/saludsostenible.es\\\/wp-content\\\/uploads\\\/2024\\\/08\\\/probodyone-blog.jpg\",\"width\":1600,\"height\":550,\"caption\":\"Salud Sostenible by Fabrice Lef\u00e8vre Institute\"},\"image\":{\"@id\":\"https:\\\/\\\/saludsostenible.es\\\/#\\\/schema\\\/logo\\\/image\\\/\"},\"sameAs\":[\"https:\\\/\\\/www.facebook.com\\\/ProbodyoneBarcelona\",\"https:\\\/\\\/x.com\\\/probodyone\",\"https:\\\/\\\/www.youtube.com\\\/@Probodyone\\\/videos\"]}]}<\/script>\n<!-- \/ Yoast SEO Premium plugin. -->","yoast_head_json":{"title":"LIV.52 - Salud Sostenible by Fabrice Lef&egrave;vre Institute","robots":{"index":"index","follow":"follow","max-snippet":"max-snippet:-1","max-image-preview":"max-image-preview:large","max-video-preview":"max-video-preview:-1"},"canonical":"https:\/\/saludsostenible.es\/en\/product\/liv-52\/","og_locale":"en_GB","og_type":"article","og_title":"LIV.52","og_description":"Liv.52 es un suplemento herbal hepatoprotector que combina extractos como chicoria (Cichorium intybus), cap\u00e9rnico (Capparis spinosa), Terminalia arjuna, Solanum nigrum, Achillea millefolium y mandur bhasma. Disponible en tabletas y jarabe (syrup), est\u00e1 formulado para apoyar la funci\u00f3n del h\u00edgado, promover la regeneraci\u00f3n celular y mejorar el bienestar digestivo.","og_url":"https:\/\/saludsostenible.es\/en\/product\/liv-52\/","og_site_name":"Salud Sostenible by Fabrice Lef&egrave;vre Institute","article_publisher":"https:\/\/www.facebook.com\/ProbodyoneBarcelona","article_modified_time":"2025-09-10T20:14:17+00:00","og_image":[{"width":1024,"height":1024,"url":"https:\/\/saludsostenible.es\/wp-content\/uploads\/2025\/09\/liv52.jpg","type":"image\/jpeg"}],"twitter_card":"summary_large_image","twitter_site":"@probodyone","twitter_misc":{"Estimated reading time":"1 minute"},"schema":{"@context":"https:\/\/schema.org","@graph":[{"@type":"WebPage","@id":"https:\/\/saludsostenible.es\/product\/liv-52\/","url":"https:\/\/saludsostenible.es\/product\/liv-52\/","name":"LIV.52 - Salud Sostenible by Fabrice Lef&egrave;vre Institute","isPartOf":{"@id":"https:\/\/saludsostenible.es\/#website"},"primaryImageOfPage":{"@id":"https:\/\/saludsostenible.es\/product\/liv-52\/#primaryimage"},"image":{"@id":"https:\/\/saludsostenible.es\/product\/liv-52\/#primaryimage"},"thumbnailUrl":"https:\/\/saludsostenible.es\/wp-content\/uploads\/2025\/09\/liv52.jpg","datePublished":"2025-09-10T20:13:53+00:00","dateModified":"2025-09-10T20:14:17+00:00","breadcrumb":{"@id":"https:\/\/saludsostenible.es\/product\/liv-52\/#breadcrumb"},"inLanguage":"en-GB","potentialAction":[{"@type":"ReadAction","target":["https:\/\/saludsostenible.es\/product\/liv-52\/"]}]},{"@type":"ImageObject","inLanguage":"en-GB","@id":"https:\/\/saludsostenible.es\/product\/liv-52\/#primaryimage","url":"https:\/\/saludsostenible.es\/wp-content\/uploads\/2025\/09\/liv52.jpg","contentUrl":"https:\/\/saludsostenible.es\/wp-content\/uploads\/2025\/09\/liv52.jpg","width":1024,"height":1024},{"@type":"BreadcrumbList","@id":"https:\/\/saludsostenible.es\/product\/liv-52\/#breadcrumb","itemListElement":[{"@type":"ListItem","position":1,"name":"Home","item":"https:\/\/saludsostenible.es\/"},{"@type":"ListItem","position":2,"name":"Tienda","item":"https:\/\/saludsostenible.es\/tienda\/"},{"@type":"ListItem","position":3,"name":"LIV.52"}]},{"@type":"WebSite","@id":"https:\/\/saludsostenible.es\/#website","url":"https:\/\/saludsostenible.es\/","name":"Salud Sostenible Beauty & Longevity","description":"Plataforma de consulta online y acceso a especialistas privados: salud integrativa, beauty y longevidad. Inicia tu perfil de salud metab\u00f3lica.","publisher":{"@id":"https:\/\/saludsostenible.es\/#organization"},"alternateName":"Salud Sostenible","potentialAction":[{"@type":"SearchAction","target":{"@type":"EntryPoint","urlTemplate":"https:\/\/saludsostenible.es\/?s={search_term_string}"},"query-input":{"@type":"PropertyValueSpecification","valueRequired":true,"valueName":"search_term_string"}}],"inLanguage":"en-GB"},{"@type":"Organization","@id":"https:\/\/saludsostenible.es\/#organization","name":"Salud Sostenible by Fabrice Lef\u00e8vre Institute","alternateName":"Osteopat\u00eda en Barcelona, Madrid y Marbella","url":"https:\/\/saludsostenible.es\/","logo":{"@type":"ImageObject","inLanguage":"en-GB","@id":"https:\/\/saludsostenible.es\/#\/schema\/logo\/image\/","url":"https:\/\/saludsostenible.es\/wp-content\/uploads\/2024\/08\/probodyone-blog.jpg","contentUrl":"https:\/\/saludsostenible.es\/wp-content\/uploads\/2024\/08\/probodyone-blog.jpg","width":1600,"height":550,"caption":"Salud Sostenible by Fabrice Lef\u00e8vre Institute"},"image":{"@id":"https:\/\/saludsostenible.es\/#\/schema\/logo\/image\/"},"sameAs":["https:\/\/www.facebook.com\/ProbodyoneBarcelona","https:\/\/x.com\/probodyone","https:\/\/www.youtube.com\/@Probodyone\/videos"]}]}},"_links":{"self":[{"href":"https:\/\/saludsostenible.es\/en\/wp-json\/wp\/v2\/product\/501053","targetHints":{"allow":["GET"]}}],"collection":[{"href":"https:\/\/saludsostenible.es\/en\/wp-json\/wp\/v2\/product"}],"about":[{"href":"https:\/\/saludsostenible.es\/en\/wp-json\/wp\/v2\/types\/product"}],"wp:featuredmedia":[{"embeddable":true,"href":"https:\/\/saludsostenible.es\/en\/wp-json\/wp\/v2\/media\/501054"}],"wp:attachment":[{"href":"https:\/\/saludsostenible.es\/en\/wp-json\/wp\/v2\/media?parent=501053"}],"wp:term":[{"taxonomy":"product_brand","embeddable":true,"href":"https:\/\/saludsostenible.es\/en\/wp-json\/wp\/v2\/product_brand?post=501053"},{"taxonomy":"product_cat","embeddable":true,"href":"https:\/\/saludsostenible.es\/en\/wp-json\/wp\/v2\/product_cat?post=501053"},{"taxonomy":"product_tag","embeddable":true,"href":"https:\/\/saludsostenible.es\/en\/wp-json\/wp\/v2\/product_tag?post=501053"}],"curies":[{"name":"wp","href":"https:\/\/api.w.org\/{rel}","templated":true}]}}