{"id":501084,"date":"2025-09-10T20:14:24","date_gmt":"2025-09-10T20:14:24","guid":{"rendered":"https:\/\/saludsostenible.es\/product\/precio-1900e-60-perlas\/"},"modified":"2026-04-27T21:32:03","modified_gmt":"2026-04-27T21:32:03","slug":"precio-1900e-60-perlas","status":"publish","type":"product","link":"https:\/\/saludsostenible.es\/en\/product\/precio-1900e-60-perlas\/","title":{"rendered":"*60 PERLAS"},"content":{"rendered":"<p>Indicaciones :<br \/>\nPara gestionar mejor las molestias femeninas durante los ciclos menstruales<br \/>\nTrastornos cut\u00e1neos (piel con tendencia al acn\u00e9\u2026)<br \/>\nEs compatible con el\u00a0embarazo, especialmente en el primer trimestre de la gestaci\u00f3n para cubrir las necesidades de omega-6. A partir del 4\u00ba mes, se recomienda una ingesta equilibrada de omega-6 y omega-3, en cuyo caso se prefiere SYNERVIOL, que contiene estos 2 \u00e1cidos grasos.<br \/>\nVentajas<br \/>\nAceite vegetal virgen de 1\u00aa presi\u00f3n en fr\u00edo:<br \/>\nObtenido por simple presi\u00f3n mec\u00e1nica de las semillas : sin etapa de purificaci\u00f3n,<br \/>\nControl riguroso de la ausencia de contaminantes : aceite de onagra garantizado sin residuos de pesticidas*.<br \/>\nIngredientes<br \/>\nAceite virgen de onagra (Oenothera biennis L.) de primera presi\u00f3n en fr\u00edo, vitamina E de origen natural.<br \/>\nPerla: gelatina de pescado, glicerol<br \/>\nComposici\u00f3n (por dosis diaria recomendada)<br \/>\nIngrediente<br \/>\nPor 1 perla<br \/>\nPor 3 perlas<br \/>\n% VRN*<br \/>\nAceite virgen de onagra (Oenothera biennis L.)<br \/>\n500 mg<br \/>\n1 500 mg<br \/>\n\u2014<br \/>\n\u2022 \u00c1cido linoleico (70 %)<br \/>\n350 mg<br \/>\n1 050 mg<br \/>\n\u2014<br \/>\n\u2022 \u00c1cido gamma-linol\u00e9nico (GLA, 9 %)<br \/>\n45,5 mg<br \/>\n135 mg<br \/>\n\u2014<br \/>\nVitamina E natural<br \/>\n10 mg<br \/>\n30 mg<br \/>\n250 %<br \/>\nLibre de:<br \/>\nGluten<br \/>\nL\u00e1cteos<br \/>\nOGM<br \/>\nConservantes artificiales<br \/>\nIndicaciones de uso<br \/>\n2 a 3 perlas al d\u00eda, durante una comida.<br \/>\nS\u00f3lo para uso oral.<br \/>\nPrecauciones<br \/>\nMantener fuera del alcance de los ni\u00f1os a temperatura inferior a 25\u00b0C y al abrigo de la humedad.<br \/>\nNo superar la dosis diaria recomendada.<br \/>\nErgy\u202f3 \u2013 Omega3 natural (EPA + DHA)<\/p>","protected":false},"excerpt":{"rendered":"<p>BILEINA es un complemento nutricional natural formulado a base de aceites v\u00edrgenes ricos en \u00e1cidos grasos esenciales (omega 3, 6 y 9), especialmente dise\u00f1ado para el cuidado de la piel, la funci\u00f3n hep\u00e1tica, cardiovascular y el bienestar general. Su combinaci\u00f3n equilibrada de aceites vegetales aporta nutrientes clave para mantener el equilibrio lip\u00eddico, apoyar el metabolismo del colesterol y favorecer la elasticidad y salud de la piel desde el interior.<\/p>","protected":false},"featured_media":501085,"template":"","meta":[],"product_brand":[185],"product_cat":[186,262],"product_tag":[],"class_list":{"0":"post-501084","1":"product","2":"type-product","3":"status-publish","4":"has-post-thumbnail","6":"product_brand-laboratorio-nutergia","7":"product_cat-laboratorio-nutergia","8":"product_cat-suplementos-micronutricionales","9":"product_shipping_class-producto-fisico","11":"first","12":"instock","13":"purchasable","14":"product-type-simple"},"yoast_head":"<!-- This site is optimized with the Yoast SEO Premium plugin v22.9 (Yoast SEO v27.6) - https:\/\/yoast.com\/product\/yoast-seo-premium-wordpress\/ -->\n<title>*60 PERLAS - Salud Sostenible by Fabrice Lef&egrave;vre Institute<\/title>\n<meta name=\"robots\" content=\"index, follow, max-snippet:-1, max-image-preview:large, max-video-preview:-1\" \/>\n<link rel=\"canonical\" href=\"https:\/\/saludsostenible.es\/en\/product\/precio-1900e-60-perlas\/\" \/>\n<meta property=\"og:locale\" content=\"en_GB\" \/>\n<meta property=\"og:type\" content=\"article\" \/>\n<meta property=\"og:title\" content=\"*60 PERLAS\" \/>\n<meta property=\"og:description\" content=\"BILEINA es un complemento nutricional natural formulado a base de aceites v\u00edrgenes ricos en \u00e1cidos grasos esenciales (omega 3, 6 y 9), especialmente dise\u00f1ado para el cuidado de la piel, la funci\u00f3n hep\u00e1tica, cardiovascular y el bienestar general. Su combinaci\u00f3n equilibrada de aceites vegetales aporta nutrientes clave para mantener el equilibrio lip\u00eddico, apoyar el metabolismo del colesterol y favorecer la elasticidad y salud de la piel desde el interior.\" \/>\n<meta property=\"og:url\" content=\"https:\/\/saludsostenible.es\/en\/product\/precio-1900e-60-perlas\/\" \/>\n<meta property=\"og:site_name\" content=\"Salud Sostenible by Fabrice Lef&egrave;vre Institute\" \/>\n<meta property=\"article:publisher\" content=\"https:\/\/www.facebook.com\/ProbodyoneBarcelona\" \/>\n<meta property=\"article:modified_time\" content=\"2026-04-27T21:32:03+00:00\" \/>\n<meta property=\"og:image\" content=\"https:\/\/saludsostenible.es\/wp-content\/uploads\/2025\/09\/precio-1900-60-perlas.jpg\" \/>\n\t<meta property=\"og:image:width\" content=\"1024\" \/>\n\t<meta property=\"og:image:height\" content=\"1024\" \/>\n\t<meta property=\"og:image:type\" content=\"image\/png\" \/>\n<meta name=\"twitter:card\" content=\"summary_large_image\" \/>\n<meta name=\"twitter:site\" content=\"@probodyone\" \/>\n<meta name=\"twitter:label1\" content=\"Estimated reading time\" \/>\n\t<meta name=\"twitter:data1\" content=\"1 minute\" \/>\n<script type=\"application\/ld+json\" class=\"yoast-schema-graph\">{\"@context\":\"https:\\\/\\\/schema.org\",\"@graph\":[{\"@type\":\"WebPage\",\"@id\":\"https:\\\/\\\/saludsostenible.es\\\/product\\\/precio-1900e-60-perlas\\\/\",\"url\":\"https:\\\/\\\/saludsostenible.es\\\/product\\\/precio-1900e-60-perlas\\\/\",\"name\":\"*60 PERLAS - Salud Sostenible by Fabrice Lef&egrave;vre Institute\",\"isPartOf\":{\"@id\":\"https:\\\/\\\/saludsostenible.es\\\/#website\"},\"primaryImageOfPage\":{\"@id\":\"https:\\\/\\\/saludsostenible.es\\\/product\\\/precio-1900e-60-perlas\\\/#primaryimage\"},\"image\":{\"@id\":\"https:\\\/\\\/saludsostenible.es\\\/product\\\/precio-1900e-60-perlas\\\/#primaryimage\"},\"thumbnailUrl\":\"https:\\\/\\\/saludsostenible.es\\\/wp-content\\\/uploads\\\/2025\\\/09\\\/precio-1900-60-perlas.jpg\",\"datePublished\":\"2025-09-10T20:14:24+00:00\",\"dateModified\":\"2026-04-27T21:32:03+00:00\",\"breadcrumb\":{\"@id\":\"https:\\\/\\\/saludsostenible.es\\\/product\\\/precio-1900e-60-perlas\\\/#breadcrumb\"},\"inLanguage\":\"en-GB\",\"potentialAction\":[{\"@type\":\"ReadAction\",\"target\":[\"https:\\\/\\\/saludsostenible.es\\\/product\\\/precio-1900e-60-perlas\\\/\"]}]},{\"@type\":\"ImageObject\",\"inLanguage\":\"en-GB\",\"@id\":\"https:\\\/\\\/saludsostenible.es\\\/product\\\/precio-1900e-60-perlas\\\/#primaryimage\",\"url\":\"https:\\\/\\\/saludsostenible.es\\\/wp-content\\\/uploads\\\/2025\\\/09\\\/precio-1900-60-perlas.jpg\",\"contentUrl\":\"https:\\\/\\\/saludsostenible.es\\\/wp-content\\\/uploads\\\/2025\\\/09\\\/precio-1900-60-perlas.jpg\",\"width\":1024,\"height\":1024},{\"@type\":\"BreadcrumbList\",\"@id\":\"https:\\\/\\\/saludsostenible.es\\\/product\\\/precio-1900e-60-perlas\\\/#breadcrumb\",\"itemListElement\":[{\"@type\":\"ListItem\",\"position\":1,\"name\":\"Home\",\"item\":\"https:\\\/\\\/saludsostenible.es\\\/\"},{\"@type\":\"ListItem\",\"position\":2,\"name\":\"Tienda\",\"item\":\"https:\\\/\\\/saludsostenible.es\\\/tienda\\\/\"},{\"@type\":\"ListItem\",\"position\":3,\"name\":\"*60 PERLAS\"}]},{\"@type\":\"WebSite\",\"@id\":\"https:\\\/\\\/saludsostenible.es\\\/#website\",\"url\":\"https:\\\/\\\/saludsostenible.es\\\/\",\"name\":\"Salud Sostenible Beauty & Longevity\",\"description\":\"Plataforma de consulta online y acceso a especialistas privados: salud integrativa, beauty y longevidad. Inicia tu perfil de salud metab\u00f3lica.\",\"publisher\":{\"@id\":\"https:\\\/\\\/saludsostenible.es\\\/#organization\"},\"alternateName\":\"Salud Sostenible\",\"potentialAction\":[{\"@type\":\"SearchAction\",\"target\":{\"@type\":\"EntryPoint\",\"urlTemplate\":\"https:\\\/\\\/saludsostenible.es\\\/?s={search_term_string}\"},\"query-input\":{\"@type\":\"PropertyValueSpecification\",\"valueRequired\":true,\"valueName\":\"search_term_string\"}}],\"inLanguage\":\"en-GB\"},{\"@type\":\"Organization\",\"@id\":\"https:\\\/\\\/saludsostenible.es\\\/#organization\",\"name\":\"Salud Sostenible by Fabrice Lef\u00e8vre Institute\",\"alternateName\":\"Osteopat\u00eda en Barcelona, Madrid y Marbella\",\"url\":\"https:\\\/\\\/saludsostenible.es\\\/\",\"logo\":{\"@type\":\"ImageObject\",\"inLanguage\":\"en-GB\",\"@id\":\"https:\\\/\\\/saludsostenible.es\\\/#\\\/schema\\\/logo\\\/image\\\/\",\"url\":\"https:\\\/\\\/saludsostenible.es\\\/wp-content\\\/uploads\\\/2024\\\/08\\\/probodyone-blog.jpg\",\"contentUrl\":\"https:\\\/\\\/saludsostenible.es\\\/wp-content\\\/uploads\\\/2024\\\/08\\\/probodyone-blog.jpg\",\"width\":1600,\"height\":550,\"caption\":\"Salud Sostenible by Fabrice Lef\u00e8vre Institute\"},\"image\":{\"@id\":\"https:\\\/\\\/saludsostenible.es\\\/#\\\/schema\\\/logo\\\/image\\\/\"},\"sameAs\":[\"https:\\\/\\\/www.facebook.com\\\/ProbodyoneBarcelona\",\"https:\\\/\\\/x.com\\\/probodyone\",\"https:\\\/\\\/www.youtube.com\\\/@Probodyone\\\/videos\"]}]}<\/script>\n<!-- \/ Yoast SEO Premium plugin. -->","yoast_head_json":{"title":"*60 PERLAS - Salud Sostenible by Fabrice Lef&egrave;vre Institute","robots":{"index":"index","follow":"follow","max-snippet":"max-snippet:-1","max-image-preview":"max-image-preview:large","max-video-preview":"max-video-preview:-1"},"canonical":"https:\/\/saludsostenible.es\/en\/product\/precio-1900e-60-perlas\/","og_locale":"en_GB","og_type":"article","og_title":"*60 PERLAS","og_description":"BILEINA es un complemento nutricional natural formulado a base de aceites v\u00edrgenes ricos en \u00e1cidos grasos esenciales (omega 3, 6 y 9), especialmente dise\u00f1ado para el cuidado de la piel, la funci\u00f3n hep\u00e1tica, cardiovascular y el bienestar general. Su combinaci\u00f3n equilibrada de aceites vegetales aporta nutrientes clave para mantener el equilibrio lip\u00eddico, apoyar el metabolismo del colesterol y favorecer la elasticidad y salud de la piel desde el interior.","og_url":"https:\/\/saludsostenible.es\/en\/product\/precio-1900e-60-perlas\/","og_site_name":"Salud Sostenible by Fabrice Lef&egrave;vre Institute","article_publisher":"https:\/\/www.facebook.com\/ProbodyoneBarcelona","article_modified_time":"2026-04-27T21:32:03+00:00","og_image":[{"width":1024,"height":1024,"url":"https:\/\/saludsostenible.es\/wp-content\/uploads\/2025\/09\/precio-1900-60-perlas.jpg","type":"image\/png"}],"twitter_card":"summary_large_image","twitter_site":"@probodyone","twitter_misc":{"Estimated reading time":"1 minute"},"schema":{"@context":"https:\/\/schema.org","@graph":[{"@type":"WebPage","@id":"https:\/\/saludsostenible.es\/product\/precio-1900e-60-perlas\/","url":"https:\/\/saludsostenible.es\/product\/precio-1900e-60-perlas\/","name":"*60 PERLAS - Salud Sostenible by Fabrice Lef&egrave;vre Institute","isPartOf":{"@id":"https:\/\/saludsostenible.es\/#website"},"primaryImageOfPage":{"@id":"https:\/\/saludsostenible.es\/product\/precio-1900e-60-perlas\/#primaryimage"},"image":{"@id":"https:\/\/saludsostenible.es\/product\/precio-1900e-60-perlas\/#primaryimage"},"thumbnailUrl":"https:\/\/saludsostenible.es\/wp-content\/uploads\/2025\/09\/precio-1900-60-perlas.jpg","datePublished":"2025-09-10T20:14:24+00:00","dateModified":"2026-04-27T21:32:03+00:00","breadcrumb":{"@id":"https:\/\/saludsostenible.es\/product\/precio-1900e-60-perlas\/#breadcrumb"},"inLanguage":"en-GB","potentialAction":[{"@type":"ReadAction","target":["https:\/\/saludsostenible.es\/product\/precio-1900e-60-perlas\/"]}]},{"@type":"ImageObject","inLanguage":"en-GB","@id":"https:\/\/saludsostenible.es\/product\/precio-1900e-60-perlas\/#primaryimage","url":"https:\/\/saludsostenible.es\/wp-content\/uploads\/2025\/09\/precio-1900-60-perlas.jpg","contentUrl":"https:\/\/saludsostenible.es\/wp-content\/uploads\/2025\/09\/precio-1900-60-perlas.jpg","width":1024,"height":1024},{"@type":"BreadcrumbList","@id":"https:\/\/saludsostenible.es\/product\/precio-1900e-60-perlas\/#breadcrumb","itemListElement":[{"@type":"ListItem","position":1,"name":"Home","item":"https:\/\/saludsostenible.es\/"},{"@type":"ListItem","position":2,"name":"Tienda","item":"https:\/\/saludsostenible.es\/tienda\/"},{"@type":"ListItem","position":3,"name":"*60 PERLAS"}]},{"@type":"WebSite","@id":"https:\/\/saludsostenible.es\/#website","url":"https:\/\/saludsostenible.es\/","name":"Salud Sostenible Beauty & Longevity","description":"Plataforma de consulta online y acceso a especialistas privados: salud integrativa, beauty y longevidad. Inicia tu perfil de salud metab\u00f3lica.","publisher":{"@id":"https:\/\/saludsostenible.es\/#organization"},"alternateName":"Salud Sostenible","potentialAction":[{"@type":"SearchAction","target":{"@type":"EntryPoint","urlTemplate":"https:\/\/saludsostenible.es\/?s={search_term_string}"},"query-input":{"@type":"PropertyValueSpecification","valueRequired":true,"valueName":"search_term_string"}}],"inLanguage":"en-GB"},{"@type":"Organization","@id":"https:\/\/saludsostenible.es\/#organization","name":"Salud Sostenible by Fabrice Lef\u00e8vre Institute","alternateName":"Osteopat\u00eda en Barcelona, Madrid y Marbella","url":"https:\/\/saludsostenible.es\/","logo":{"@type":"ImageObject","inLanguage":"en-GB","@id":"https:\/\/saludsostenible.es\/#\/schema\/logo\/image\/","url":"https:\/\/saludsostenible.es\/wp-content\/uploads\/2024\/08\/probodyone-blog.jpg","contentUrl":"https:\/\/saludsostenible.es\/wp-content\/uploads\/2024\/08\/probodyone-blog.jpg","width":1600,"height":550,"caption":"Salud Sostenible by Fabrice Lef\u00e8vre Institute"},"image":{"@id":"https:\/\/saludsostenible.es\/#\/schema\/logo\/image\/"},"sameAs":["https:\/\/www.facebook.com\/ProbodyoneBarcelona","https:\/\/x.com\/probodyone","https:\/\/www.youtube.com\/@Probodyone\/videos"]}]}},"_links":{"self":[{"href":"https:\/\/saludsostenible.es\/en\/wp-json\/wp\/v2\/product\/501084","targetHints":{"allow":["GET"]}}],"collection":[{"href":"https:\/\/saludsostenible.es\/en\/wp-json\/wp\/v2\/product"}],"about":[{"href":"https:\/\/saludsostenible.es\/en\/wp-json\/wp\/v2\/types\/product"}],"wp:featuredmedia":[{"embeddable":true,"href":"https:\/\/saludsostenible.es\/en\/wp-json\/wp\/v2\/media\/501085"}],"wp:attachment":[{"href":"https:\/\/saludsostenible.es\/en\/wp-json\/wp\/v2\/media?parent=501084"}],"wp:term":[{"taxonomy":"product_brand","embeddable":true,"href":"https:\/\/saludsostenible.es\/en\/wp-json\/wp\/v2\/product_brand?post=501084"},{"taxonomy":"product_cat","embeddable":true,"href":"https:\/\/saludsostenible.es\/en\/wp-json\/wp\/v2\/product_cat?post=501084"},{"taxonomy":"product_tag","embeddable":true,"href":"https:\/\/saludsostenible.es\/en\/wp-json\/wp\/v2\/product_tag?post=501084"}],"curies":[{"name":"wp","href":"https:\/\/api.w.org\/{rel}","templated":true}]}}