{"id":501095,"date":"2025-09-10T20:14:24","date_gmt":"2025-09-10T20:14:24","guid":{"rendered":"https:\/\/saludsostenible.es\/product\/precio-1450e-60-capsulas\/"},"modified":"2026-04-27T21:32:01","modified_gmt":"2026-04-27T21:32:01","slug":"precio-1450e-60-capsulas","status":"publish","type":"product","link":"https:\/\/saludsostenible.es\/en\/product\/precio-1450e-60-capsulas\/","title":{"rendered":"*60 CAPSULAS"},"content":{"rendered":"<p>Indicaciones<br \/>\nPara mejorar la vitalidad, en caso de falta de energ\u00eda<br \/>\nCuando se requiere de una aporte de vitaminas<br \/>\nVentajas<br \/>\nF\u00f3rmula Natural: Vitamina C de la Acerola, c\u00e1psulas vegetales, sin al\u00e9rgenos, sin colorantes, apto para vegetarianos y veganos.<br \/>\nActiva: Sinergia completa de vitaminas bajo sus formas activas (metiladas) y de minerales.<br \/>\nCon una dosificaci\u00f3n fisiol\u00f3gica ideal.<br \/>\nIngredientes<br \/>\nPolvo de zumo de acerola (Malpighia glabra L., maltodextrina, vitamina C); gluconato de zinc, vitaminas B1 (clorhidrato de tiamina), B2 (riboflavina), B3 (nicotinamida), B5 (D-pantotenato de calcio), B6 (clorhidrato de piridoxina), B8 (D-biotina), B9 (L-metilfolato de calcio) y B12 (metilcobalamina), antiaglomerantes: fosfato de calcio y estearato de magnesio vegetal; agente de carga: mono- y diglic\u00e9ridos de \u00e1cidos grasos; vitamina E (succinato \u00e1cido de D-alfatocoferil), vitamina D3 (colecalciferol), vitamina A (acetato de retinilo), cloruro de cromo. C\u00e1psula vegetal (hidroxipropilmetilcelulosa).<br \/>\nComposici\u00f3n (por dosis diaria \u2013 1 c\u00e1psula)<br \/>\nIngrediente<br \/>\nCantidad por 2 c\u00e1psulas<br \/>\n% VRN*<br \/>\nZinc<br \/>\n10 mg<br \/>\n100 %<br \/>\nCromo<br \/>\n20 \u00b5g<br \/>\n50 %<br \/>\nVitamina B1 (tiamina)<br \/>\n2,2 mg<br \/>\n200 %<br \/>\nVitamina B2 (riboflavina)<br \/>\n2,8 mg<br \/>\n200 %<br \/>\nVitamina B3 (niacina)<br \/>\n32 mg<br \/>\n200 %<br \/>\nVitamina B5 (\u00e1cido pantot\u00e9nico)<br \/>\n12 mg<br \/>\n200 %<br \/>\nVitamina B6 (piridoxina)<br \/>\n2,8 mg<br \/>\n200 %<br \/>\nVitamina B8 (biotina)<br \/>\n100 \u00b5g<br \/>\n200 %<br \/>\nVitamina B9 (L-metilfolato de calcio)<br \/>\n400 \u00b5g<br \/>\n200 %<br \/>\nVitamina B12 (metilcobalamina)<br \/>\n2,5 \u00b5g<br \/>\n100 %<br \/>\nVitamina A<br \/>\n320 \u00b5g<br \/>\n40 %<br \/>\nVitamina C (polvo de zumo de acerola)<br \/>\n240 mg<br \/>\n300 %<br \/>\nVitamina D3 (colecalciferol)<br \/>\n10 \u00b5g<br \/>\n200 %<br \/>\nVitamina E (succinato de D-alfa-tocoferil)<br \/>\n24 mg<br \/>\n200 %<br \/>\nLibre de:<br \/>\nGluten<br \/>\nL\u00e1cteos<br \/>\nOGM<br \/>\nConservantes artificiales<br \/>\nIndicaciones de uso<br \/>\nAdultos: 1 a 2 c\u00e1psulas al d\u00eda.<br \/>\nNi\u00f1os ( a partir de los 10 a\u00f1os) y adolescentes: 1 c\u00e1psula al d\u00eda.<br \/>\nPrecauciones<br \/>\nSe recomienda consultar con un profesional de la salud en caso de mujeres embarazadas o que quieran estarlo, as\u00ed como para las que est\u00e9n en la menopausia (vitamina A)No superar la dosis diaria recomendada.<br \/>\nMantener fuera del alcance de los ni\u00f1os a temperatura inferior a 25\u00b0C y al abrigo de la humedad.<br \/>\nERGYANTIOX FORTE<\/p>","protected":false},"excerpt":{"rendered":"<p>BICEBE Plus es un complemento alimenticio que combina vitaminas del complejo B con magnesio y zinc, ideal para apoyar el sistema nervioso, reducir la fatiga, mejorar el rendimiento f\u00edsico e intelectual, y contribuir a una piel y sistema inmunol\u00f3gico saludables. Formulado para personas con alta exigencia mental o estr\u00e9s, su formato pr\u00e1ctico es perfecto para uso diario.<\/p>","protected":false},"featured_media":501096,"template":"","meta":[],"product_brand":[185],"product_cat":[186,262],"product_tag":[],"class_list":{"0":"post-501095","1":"product","2":"type-product","3":"status-publish","4":"has-post-thumbnail","6":"product_brand-laboratorio-nutergia","7":"product_cat-laboratorio-nutergia","8":"product_cat-suplementos-micronutricionales","10":"first","11":"instock","12":"purchasable","13":"product-type-simple"},"yoast_head":"<!-- This site is optimized with the Yoast SEO Premium plugin v22.9 (Yoast SEO v27.6) - https:\/\/yoast.com\/product\/yoast-seo-premium-wordpress\/ -->\n<title>*60 CAPSULAS - Salud Sostenible by Fabrice Lef&egrave;vre Institute<\/title>\n<meta name=\"robots\" content=\"index, follow, max-snippet:-1, max-image-preview:large, max-video-preview:-1\" \/>\n<link rel=\"canonical\" href=\"https:\/\/saludsostenible.es\/en\/product\/precio-1450e-60-capsulas\/\" \/>\n<meta property=\"og:locale\" content=\"en_GB\" \/>\n<meta property=\"og:type\" content=\"article\" \/>\n<meta property=\"og:title\" content=\"*60 CAPSULAS\" \/>\n<meta property=\"og:description\" content=\"BICEBE Plus es un complemento alimenticio que combina vitaminas del complejo B con magnesio y zinc, ideal para apoyar el sistema nervioso, reducir la fatiga, mejorar el rendimiento f\u00edsico e intelectual, y contribuir a una piel y sistema inmunol\u00f3gico saludables. Formulado para personas con alta exigencia mental o estr\u00e9s, su formato pr\u00e1ctico es perfecto para uso diario.\" \/>\n<meta property=\"og:url\" content=\"https:\/\/saludsostenible.es\/en\/product\/precio-1450e-60-capsulas\/\" \/>\n<meta property=\"og:site_name\" content=\"Salud Sostenible by Fabrice Lef&egrave;vre Institute\" \/>\n<meta property=\"article:publisher\" content=\"https:\/\/www.facebook.com\/ProbodyoneBarcelona\" \/>\n<meta property=\"article:modified_time\" content=\"2026-04-27T21:32:01+00:00\" \/>\n<meta property=\"og:image\" content=\"https:\/\/saludsostenible.es\/wp-content\/uploads\/2025\/09\/precio-1450-60-capsulas.jpg\" \/>\n\t<meta property=\"og:image:width\" content=\"761\" \/>\n\t<meta property=\"og:image:height\" content=\"761\" \/>\n\t<meta property=\"og:image:type\" content=\"image\/png\" \/>\n<meta name=\"twitter:card\" content=\"summary_large_image\" \/>\n<meta name=\"twitter:site\" content=\"@probodyone\" \/>\n<meta name=\"twitter:label1\" content=\"Estimated reading time\" \/>\n\t<meta name=\"twitter:data1\" content=\"2 minutes\" \/>\n<script type=\"application\/ld+json\" class=\"yoast-schema-graph\">{\"@context\":\"https:\\\/\\\/schema.org\",\"@graph\":[{\"@type\":\"WebPage\",\"@id\":\"https:\\\/\\\/saludsostenible.es\\\/product\\\/precio-1450e-60-capsulas\\\/\",\"url\":\"https:\\\/\\\/saludsostenible.es\\\/product\\\/precio-1450e-60-capsulas\\\/\",\"name\":\"*60 CAPSULAS - Salud Sostenible by Fabrice Lef&egrave;vre Institute\",\"isPartOf\":{\"@id\":\"https:\\\/\\\/saludsostenible.es\\\/#website\"},\"primaryImageOfPage\":{\"@id\":\"https:\\\/\\\/saludsostenible.es\\\/product\\\/precio-1450e-60-capsulas\\\/#primaryimage\"},\"image\":{\"@id\":\"https:\\\/\\\/saludsostenible.es\\\/product\\\/precio-1450e-60-capsulas\\\/#primaryimage\"},\"thumbnailUrl\":\"https:\\\/\\\/saludsostenible.es\\\/wp-content\\\/uploads\\\/2025\\\/09\\\/precio-1450-60-capsulas.jpg\",\"datePublished\":\"2025-09-10T20:14:24+00:00\",\"dateModified\":\"2026-04-27T21:32:01+00:00\",\"breadcrumb\":{\"@id\":\"https:\\\/\\\/saludsostenible.es\\\/product\\\/precio-1450e-60-capsulas\\\/#breadcrumb\"},\"inLanguage\":\"en-GB\",\"potentialAction\":[{\"@type\":\"ReadAction\",\"target\":[\"https:\\\/\\\/saludsostenible.es\\\/product\\\/precio-1450e-60-capsulas\\\/\"]}]},{\"@type\":\"ImageObject\",\"inLanguage\":\"en-GB\",\"@id\":\"https:\\\/\\\/saludsostenible.es\\\/product\\\/precio-1450e-60-capsulas\\\/#primaryimage\",\"url\":\"https:\\\/\\\/saludsostenible.es\\\/wp-content\\\/uploads\\\/2025\\\/09\\\/precio-1450-60-capsulas.jpg\",\"contentUrl\":\"https:\\\/\\\/saludsostenible.es\\\/wp-content\\\/uploads\\\/2025\\\/09\\\/precio-1450-60-capsulas.jpg\",\"width\":761,\"height\":761},{\"@type\":\"BreadcrumbList\",\"@id\":\"https:\\\/\\\/saludsostenible.es\\\/product\\\/precio-1450e-60-capsulas\\\/#breadcrumb\",\"itemListElement\":[{\"@type\":\"ListItem\",\"position\":1,\"name\":\"Home\",\"item\":\"https:\\\/\\\/saludsostenible.es\\\/\"},{\"@type\":\"ListItem\",\"position\":2,\"name\":\"Tienda\",\"item\":\"https:\\\/\\\/saludsostenible.es\\\/tienda\\\/\"},{\"@type\":\"ListItem\",\"position\":3,\"name\":\"*60 CAPSULAS\"}]},{\"@type\":\"WebSite\",\"@id\":\"https:\\\/\\\/saludsostenible.es\\\/#website\",\"url\":\"https:\\\/\\\/saludsostenible.es\\\/\",\"name\":\"Salud Sostenible Beauty & Longevity\",\"description\":\"Plataforma de consulta online y acceso a especialistas privados: salud integrativa, beauty y longevidad. Inicia tu perfil de salud metab\u00f3lica.\",\"publisher\":{\"@id\":\"https:\\\/\\\/saludsostenible.es\\\/#organization\"},\"alternateName\":\"Salud Sostenible\",\"potentialAction\":[{\"@type\":\"SearchAction\",\"target\":{\"@type\":\"EntryPoint\",\"urlTemplate\":\"https:\\\/\\\/saludsostenible.es\\\/?s={search_term_string}\"},\"query-input\":{\"@type\":\"PropertyValueSpecification\",\"valueRequired\":true,\"valueName\":\"search_term_string\"}}],\"inLanguage\":\"en-GB\"},{\"@type\":\"Organization\",\"@id\":\"https:\\\/\\\/saludsostenible.es\\\/#organization\",\"name\":\"Salud Sostenible by Fabrice Lef\u00e8vre Institute\",\"alternateName\":\"Osteopat\u00eda en Barcelona, Madrid y Marbella\",\"url\":\"https:\\\/\\\/saludsostenible.es\\\/\",\"logo\":{\"@type\":\"ImageObject\",\"inLanguage\":\"en-GB\",\"@id\":\"https:\\\/\\\/saludsostenible.es\\\/#\\\/schema\\\/logo\\\/image\\\/\",\"url\":\"https:\\\/\\\/saludsostenible.es\\\/wp-content\\\/uploads\\\/2024\\\/08\\\/probodyone-blog.jpg\",\"contentUrl\":\"https:\\\/\\\/saludsostenible.es\\\/wp-content\\\/uploads\\\/2024\\\/08\\\/probodyone-blog.jpg\",\"width\":1600,\"height\":550,\"caption\":\"Salud Sostenible by Fabrice Lef\u00e8vre Institute\"},\"image\":{\"@id\":\"https:\\\/\\\/saludsostenible.es\\\/#\\\/schema\\\/logo\\\/image\\\/\"},\"sameAs\":[\"https:\\\/\\\/www.facebook.com\\\/ProbodyoneBarcelona\",\"https:\\\/\\\/x.com\\\/probodyone\",\"https:\\\/\\\/www.youtube.com\\\/@Probodyone\\\/videos\"]}]}<\/script>\n<!-- \/ Yoast SEO Premium plugin. -->","yoast_head_json":{"title":"*60 CAPSULAS - Salud Sostenible by Fabrice Lef&egrave;vre Institute","robots":{"index":"index","follow":"follow","max-snippet":"max-snippet:-1","max-image-preview":"max-image-preview:large","max-video-preview":"max-video-preview:-1"},"canonical":"https:\/\/saludsostenible.es\/en\/product\/precio-1450e-60-capsulas\/","og_locale":"en_GB","og_type":"article","og_title":"*60 CAPSULAS","og_description":"BICEBE Plus es un complemento alimenticio que combina vitaminas del complejo B con magnesio y zinc, ideal para apoyar el sistema nervioso, reducir la fatiga, mejorar el rendimiento f\u00edsico e intelectual, y contribuir a una piel y sistema inmunol\u00f3gico saludables. Formulado para personas con alta exigencia mental o estr\u00e9s, su formato pr\u00e1ctico es perfecto para uso diario.","og_url":"https:\/\/saludsostenible.es\/en\/product\/precio-1450e-60-capsulas\/","og_site_name":"Salud Sostenible by Fabrice Lef&egrave;vre Institute","article_publisher":"https:\/\/www.facebook.com\/ProbodyoneBarcelona","article_modified_time":"2026-04-27T21:32:01+00:00","og_image":[{"width":761,"height":761,"url":"https:\/\/saludsostenible.es\/wp-content\/uploads\/2025\/09\/precio-1450-60-capsulas.jpg","type":"image\/png"}],"twitter_card":"summary_large_image","twitter_site":"@probodyone","twitter_misc":{"Estimated reading time":"2 minutes"},"schema":{"@context":"https:\/\/schema.org","@graph":[{"@type":"WebPage","@id":"https:\/\/saludsostenible.es\/product\/precio-1450e-60-capsulas\/","url":"https:\/\/saludsostenible.es\/product\/precio-1450e-60-capsulas\/","name":"*60 CAPSULAS - Salud Sostenible by Fabrice Lef&egrave;vre Institute","isPartOf":{"@id":"https:\/\/saludsostenible.es\/#website"},"primaryImageOfPage":{"@id":"https:\/\/saludsostenible.es\/product\/precio-1450e-60-capsulas\/#primaryimage"},"image":{"@id":"https:\/\/saludsostenible.es\/product\/precio-1450e-60-capsulas\/#primaryimage"},"thumbnailUrl":"https:\/\/saludsostenible.es\/wp-content\/uploads\/2025\/09\/precio-1450-60-capsulas.jpg","datePublished":"2025-09-10T20:14:24+00:00","dateModified":"2026-04-27T21:32:01+00:00","breadcrumb":{"@id":"https:\/\/saludsostenible.es\/product\/precio-1450e-60-capsulas\/#breadcrumb"},"inLanguage":"en-GB","potentialAction":[{"@type":"ReadAction","target":["https:\/\/saludsostenible.es\/product\/precio-1450e-60-capsulas\/"]}]},{"@type":"ImageObject","inLanguage":"en-GB","@id":"https:\/\/saludsostenible.es\/product\/precio-1450e-60-capsulas\/#primaryimage","url":"https:\/\/saludsostenible.es\/wp-content\/uploads\/2025\/09\/precio-1450-60-capsulas.jpg","contentUrl":"https:\/\/saludsostenible.es\/wp-content\/uploads\/2025\/09\/precio-1450-60-capsulas.jpg","width":761,"height":761},{"@type":"BreadcrumbList","@id":"https:\/\/saludsostenible.es\/product\/precio-1450e-60-capsulas\/#breadcrumb","itemListElement":[{"@type":"ListItem","position":1,"name":"Home","item":"https:\/\/saludsostenible.es\/"},{"@type":"ListItem","position":2,"name":"Tienda","item":"https:\/\/saludsostenible.es\/tienda\/"},{"@type":"ListItem","position":3,"name":"*60 CAPSULAS"}]},{"@type":"WebSite","@id":"https:\/\/saludsostenible.es\/#website","url":"https:\/\/saludsostenible.es\/","name":"Salud Sostenible Beauty & Longevity","description":"Plataforma de consulta online y acceso a especialistas privados: salud integrativa, beauty y longevidad. Inicia tu perfil de salud metab\u00f3lica.","publisher":{"@id":"https:\/\/saludsostenible.es\/#organization"},"alternateName":"Salud Sostenible","potentialAction":[{"@type":"SearchAction","target":{"@type":"EntryPoint","urlTemplate":"https:\/\/saludsostenible.es\/?s={search_term_string}"},"query-input":{"@type":"PropertyValueSpecification","valueRequired":true,"valueName":"search_term_string"}}],"inLanguage":"en-GB"},{"@type":"Organization","@id":"https:\/\/saludsostenible.es\/#organization","name":"Salud Sostenible by Fabrice Lef\u00e8vre Institute","alternateName":"Osteopat\u00eda en Barcelona, Madrid y Marbella","url":"https:\/\/saludsostenible.es\/","logo":{"@type":"ImageObject","inLanguage":"en-GB","@id":"https:\/\/saludsostenible.es\/#\/schema\/logo\/image\/","url":"https:\/\/saludsostenible.es\/wp-content\/uploads\/2024\/08\/probodyone-blog.jpg","contentUrl":"https:\/\/saludsostenible.es\/wp-content\/uploads\/2024\/08\/probodyone-blog.jpg","width":1600,"height":550,"caption":"Salud Sostenible by Fabrice Lef\u00e8vre Institute"},"image":{"@id":"https:\/\/saludsostenible.es\/#\/schema\/logo\/image\/"},"sameAs":["https:\/\/www.facebook.com\/ProbodyoneBarcelona","https:\/\/x.com\/probodyone","https:\/\/www.youtube.com\/@Probodyone\/videos"]}]}},"_links":{"self":[{"href":"https:\/\/saludsostenible.es\/en\/wp-json\/wp\/v2\/product\/501095","targetHints":{"allow":["GET"]}}],"collection":[{"href":"https:\/\/saludsostenible.es\/en\/wp-json\/wp\/v2\/product"}],"about":[{"href":"https:\/\/saludsostenible.es\/en\/wp-json\/wp\/v2\/types\/product"}],"wp:featuredmedia":[{"embeddable":true,"href":"https:\/\/saludsostenible.es\/en\/wp-json\/wp\/v2\/media\/501096"}],"wp:attachment":[{"href":"https:\/\/saludsostenible.es\/en\/wp-json\/wp\/v2\/media?parent=501095"}],"wp:term":[{"taxonomy":"product_brand","embeddable":true,"href":"https:\/\/saludsostenible.es\/en\/wp-json\/wp\/v2\/product_brand?post=501095"},{"taxonomy":"product_cat","embeddable":true,"href":"https:\/\/saludsostenible.es\/en\/wp-json\/wp\/v2\/product_cat?post=501095"},{"taxonomy":"product_tag","embeddable":true,"href":"https:\/\/saludsostenible.es\/en\/wp-json\/wp\/v2\/product_tag?post=501095"}],"curies":[{"name":"wp","href":"https:\/\/api.w.org\/{rel}","templated":true}]}}