{"id":501097,"date":"2025-09-10T20:14:55","date_gmt":"2025-09-10T20:14:55","guid":{"rendered":"https:\/\/saludsostenible.es\/product\/ergyantiox-forte\/"},"modified":"2025-09-10T20:14:56","modified_gmt":"2025-09-10T20:14:56","slug":"ergyantiox-forte","status":"publish","type":"product","link":"https:\/\/saludsostenible.es\/en\/product\/ergyantiox-forte\/","title":{"rendered":"ERGYANTIOX FORTE"},"content":{"rendered":"<p>Indicaciones<br \/>\nPuede recomendarse en caso de exposici\u00f3n a la luz azul (pantallas),<br \/>\nEn caso de exposici\u00f3n a los radicales libres (contaminaci\u00f3n, tabaco), al envejecimiento celular<br \/>\nY para preparar la piel para los rayos UV del sol.<br \/>\nVentajas<br \/>\n\u2022 Sinergia completa de antioxidantes para una protecci\u00f3n \u00f3ptima.\u2022 Vitaminas B9 y B12 bajo forma \u00e1ctiva (metiladas) para una mejor biodisponibilidad.\u2022 Rico en lute\u00edna y resveratrol de alto inter\u00e9s en la protecci\u00f3n ocular y de la piel.\u2022 Ingredientes naturales SIN gluten, lactosa, di\u00f3xido de titanio, colorantes o conservantes artificiales<br \/>\nIngredientes<br \/>\nVitamina C (L-ascorbato de calcio), extractos de t\u00e9 verde (Camellia sinensis(L.) Kuntze) y de sophora (Styohnolobium Japonicum (L.) Schott), lute\u00edna que proviene de tagetes (Tagetes erectal.), antiaglomerante: fosfato de calcio; \u00bfluconato de zinc, extracto de mirtilo (Vaccinium myrtilus L,), agente de carga: mono y diglic\u00e9ridos de \u00e1cidos grasos; vitamina E (succinato de D-alfa tocoferol), selenita de sodio, extracto de uva (Vitis vinifera L) [sulfitos], vitaminas 82 (Ciboflavina), 86 (cloridrato piridoxina), 89 (L-metifolato de calcio) y B12 (metilcobalamina), vitamina A (acetato de retinilo), gluconato de cobre, trans-resveratrol de origen vegetal, citrato de manganeso.<br \/>\nComposici\u00f3n (por dosis diaria de 2 c\u00e1psulas)<br \/>\nIngrediente<br \/>\nPor 2 c\u00e1psulas<br \/>\n% VRN*<br \/>\nExtracto de t\u00e9 verde\u2022 Polifenoles<br \/>\n120 mg3 000 mg<br \/>\n\u2014<br \/>\nExtracto de Sophora japonica\u2022 Rutina<br \/>\n100 mg2 500 mg<br \/>\n\u2014<br \/>\nExtracto de mirtilo\u2022 Antocianos<br \/>\n16 mg200 mg<br \/>\n\u2014<br \/>\nExtracto de uva\u2022 Polifenoles<br \/>\n12 mg562,5 mg<br \/>\n\u2014<br \/>\nLute\u00edna<br \/>\n10 mg<br \/>\n\u2014<br \/>\nTrans-resveratrol<br \/>\n5 mg<br \/>\n\u2014<br \/>\nVitamina C (\u00e1cido L-asc\u00f3rbico)<br \/>\n200 mg<br \/>\n250 %<br \/>\nVitamina E (D-alfa-tocoferol succinato)<br \/>\n12 mg<br \/>\n100 %<br \/>\nVitamina A<br \/>\n800 \u00b5g<br \/>\n100 %<br \/>\nVitamina B2 (riboflavina)<br \/>\n1,4 mg<br \/>\n100 %<br \/>\nVitamina B6 (piridoxina)<br \/>\n1,4 mg<br \/>\n100 %<br \/>\nVitamina B9 (metilfolato de calcio)<br \/>\n200 \u00b5g<br \/>\n100 %<br \/>\nVitamina B12 (metilcobalamina)<br \/>\n2,5 \u00b5g<br \/>\n100 %<br \/>\nZinc<br \/>\n10 mg<br \/>\n100 %<br \/>\nManganeso<br \/>\n1 mg<br \/>\n50 %<br \/>\nCobre<br \/>\n1 mg<br \/>\n100 %<br \/>\nSelenio<br \/>\n55 \u00b5g<br \/>\n100 %<br \/>\nLibre de:<br \/>\nGluten<br \/>\nLactosa<br \/>\nConservantes artificiales<br \/>\nOGM<br \/>\nIndicaciones de uso<br \/>\n2 c\u00e1psulas al d\u00eda junto con una comida.<br \/>\nPrecauciones<br \/>\nDesaconsejado en mujeres embarazadas o lactantes (t\u00e9 verde)<br \/>\nNo debe de ser consumido en ni\u00f1os y adolescentes<br \/>\nConsultar con un profesional de la salud si est\u00e1 tomando medicaci\u00f3n anticoagulante<br \/>\nSe recomienda el consejo de un profesional de la salud para cualquier persona que tome medicamentos (trans-resveratrol).<br \/>\nContenido de cafe\u00edna inferior a 5 mg para 2 c\u00e1psulas.<br \/>\nNo debe consumirse si ya se consumen, en el mismo d\u00eda, otros productos que contengan t\u00e9 verde (no superar la dosis de 800 mg de\u00a0EGCG\u00a0(t\u00e9 verde) al d\u00eda).<br \/>\nNo debe tomarse con el est\u00f3mago vac\u00edo (t\u00e9 verde).<br \/>\nERGYACTIV \u2013 Renovador de Energ\u00eda y Vitalidad<\/p>\n","protected":false},"excerpt":{"rendered":"<p>ERGYANTIOX FORTE de Nutergia es un complemento alimenticio de alta potencia antioxidante, formulado con vitaminas, oligoelementos, polifenoles, zinc, selenio y c\u00farcuma, dise\u00f1ado para proteger las c\u00e9lulas del estr\u00e9s oxidativo, combatir el envejecimiento celular, y apoyar la detoxificaci\u00f3n hep\u00e1tica y la salud del sistema inmunol\u00f3gico.<\/p>","protected":false},"featured_media":501098,"template":"","meta":[],"product_brand":[185],"product_cat":[277,253,186,205,264,251,275,262],"product_tag":[],"class_list":{"0":"post-501097","1":"product","2":"type-product","3":"status-publish","4":"has-post-thumbnail","6":"product_brand-laboratorio-nutergia","7":"product_cat-antioxidantes-estres-oxidativo","8":"product_cat-inmunidad-antioxidantes","9":"product_cat-laboratorio-nutergia","10":"product_cat-longevity","11":"product_cat-nutricosmetica","12":"product_cat-piel-unas-cabello","13":"product_cat-suplementos-longevity","14":"product_cat-suplementos-micronutricionales","16":"first","17":"instock","18":"purchasable","19":"product-type-simple"},"yoast_head":"<!-- This site is optimized with the Yoast SEO Premium plugin v22.9 (Yoast SEO v27.6) - https:\/\/yoast.com\/product\/yoast-seo-premium-wordpress\/ -->\n<title>ERGYANTIOX FORTE - Salud Sostenible by Fabrice Lef&egrave;vre Institute<\/title>\n<meta name=\"robots\" content=\"index, follow, max-snippet:-1, max-image-preview:large, max-video-preview:-1\" \/>\n<link rel=\"canonical\" href=\"https:\/\/saludsostenible.es\/en\/product\/ergyantiox-forte\/\" \/>\n<meta property=\"og:locale\" content=\"en_GB\" \/>\n<meta property=\"og:type\" content=\"article\" \/>\n<meta property=\"og:title\" content=\"ERGYANTIOX FORTE\" \/>\n<meta property=\"og:description\" content=\"ERGYANTIOX FORTE de Nutergia es un complemento alimenticio de alta potencia antioxidante, formulado con vitaminas, oligoelementos, polifenoles, zinc, selenio y c\u00farcuma, dise\u00f1ado para proteger las c\u00e9lulas del estr\u00e9s oxidativo, combatir el envejecimiento celular, y apoyar la detoxificaci\u00f3n hep\u00e1tica y la salud del sistema inmunol\u00f3gico.\" \/>\n<meta property=\"og:url\" content=\"https:\/\/saludsostenible.es\/en\/product\/ergyantiox-forte\/\" \/>\n<meta property=\"og:site_name\" content=\"Salud Sostenible by Fabrice Lef&egrave;vre Institute\" \/>\n<meta property=\"article:publisher\" content=\"https:\/\/www.facebook.com\/ProbodyoneBarcelona\" \/>\n<meta property=\"article:modified_time\" content=\"2025-09-10T20:14:56+00:00\" \/>\n<meta property=\"og:image\" content=\"https:\/\/saludsostenible.es\/wp-content\/uploads\/2025\/09\/ergyantiox-forte.jpg\" \/>\n\t<meta property=\"og:image:width\" content=\"935\" \/>\n\t<meta property=\"og:image:height\" content=\"935\" \/>\n\t<meta property=\"og:image:type\" content=\"image\/png\" \/>\n<meta name=\"twitter:card\" content=\"summary_large_image\" \/>\n<meta name=\"twitter:site\" content=\"@probodyone\" \/>\n<meta name=\"twitter:label1\" content=\"Estimated reading time\" \/>\n\t<meta name=\"twitter:data1\" content=\"2 minutes\" \/>\n<script type=\"application\/ld+json\" class=\"yoast-schema-graph\">{\"@context\":\"https:\\\/\\\/schema.org\",\"@graph\":[{\"@type\":\"WebPage\",\"@id\":\"https:\\\/\\\/saludsostenible.es\\\/product\\\/ergyantiox-forte\\\/\",\"url\":\"https:\\\/\\\/saludsostenible.es\\\/product\\\/ergyantiox-forte\\\/\",\"name\":\"ERGYANTIOX FORTE - Salud Sostenible by Fabrice Lef&egrave;vre Institute\",\"isPartOf\":{\"@id\":\"https:\\\/\\\/saludsostenible.es\\\/#website\"},\"primaryImageOfPage\":{\"@id\":\"https:\\\/\\\/saludsostenible.es\\\/product\\\/ergyantiox-forte\\\/#primaryimage\"},\"image\":{\"@id\":\"https:\\\/\\\/saludsostenible.es\\\/product\\\/ergyantiox-forte\\\/#primaryimage\"},\"thumbnailUrl\":\"https:\\\/\\\/saludsostenible.es\\\/wp-content\\\/uploads\\\/2025\\\/09\\\/ergyantiox-forte.jpg\",\"datePublished\":\"2025-09-10T20:14:55+00:00\",\"dateModified\":\"2025-09-10T20:14:56+00:00\",\"breadcrumb\":{\"@id\":\"https:\\\/\\\/saludsostenible.es\\\/product\\\/ergyantiox-forte\\\/#breadcrumb\"},\"inLanguage\":\"en-GB\",\"potentialAction\":[{\"@type\":\"ReadAction\",\"target\":[\"https:\\\/\\\/saludsostenible.es\\\/product\\\/ergyantiox-forte\\\/\"]}]},{\"@type\":\"ImageObject\",\"inLanguage\":\"en-GB\",\"@id\":\"https:\\\/\\\/saludsostenible.es\\\/product\\\/ergyantiox-forte\\\/#primaryimage\",\"url\":\"https:\\\/\\\/saludsostenible.es\\\/wp-content\\\/uploads\\\/2025\\\/09\\\/ergyantiox-forte.jpg\",\"contentUrl\":\"https:\\\/\\\/saludsostenible.es\\\/wp-content\\\/uploads\\\/2025\\\/09\\\/ergyantiox-forte.jpg\",\"width\":935,\"height\":935},{\"@type\":\"BreadcrumbList\",\"@id\":\"https:\\\/\\\/saludsostenible.es\\\/product\\\/ergyantiox-forte\\\/#breadcrumb\",\"itemListElement\":[{\"@type\":\"ListItem\",\"position\":1,\"name\":\"Home\",\"item\":\"https:\\\/\\\/saludsostenible.es\\\/\"},{\"@type\":\"ListItem\",\"position\":2,\"name\":\"Tienda\",\"item\":\"https:\\\/\\\/saludsostenible.es\\\/tienda\\\/\"},{\"@type\":\"ListItem\",\"position\":3,\"name\":\"ERGYANTIOX FORTE\"}]},{\"@type\":\"WebSite\",\"@id\":\"https:\\\/\\\/saludsostenible.es\\\/#website\",\"url\":\"https:\\\/\\\/saludsostenible.es\\\/\",\"name\":\"Salud Sostenible Beauty & Longevity\",\"description\":\"Plataforma de consulta online y acceso a especialistas privados: salud integrativa, beauty y longevidad. Inicia tu perfil de salud metab\u00f3lica.\",\"publisher\":{\"@id\":\"https:\\\/\\\/saludsostenible.es\\\/#organization\"},\"alternateName\":\"Salud Sostenible\",\"potentialAction\":[{\"@type\":\"SearchAction\",\"target\":{\"@type\":\"EntryPoint\",\"urlTemplate\":\"https:\\\/\\\/saludsostenible.es\\\/?s={search_term_string}\"},\"query-input\":{\"@type\":\"PropertyValueSpecification\",\"valueRequired\":true,\"valueName\":\"search_term_string\"}}],\"inLanguage\":\"en-GB\"},{\"@type\":\"Organization\",\"@id\":\"https:\\\/\\\/saludsostenible.es\\\/#organization\",\"name\":\"Salud Sostenible by Fabrice Lef\u00e8vre Institute\",\"alternateName\":\"Osteopat\u00eda en Barcelona, Madrid y Marbella\",\"url\":\"https:\\\/\\\/saludsostenible.es\\\/\",\"logo\":{\"@type\":\"ImageObject\",\"inLanguage\":\"en-GB\",\"@id\":\"https:\\\/\\\/saludsostenible.es\\\/#\\\/schema\\\/logo\\\/image\\\/\",\"url\":\"https:\\\/\\\/saludsostenible.es\\\/wp-content\\\/uploads\\\/2024\\\/08\\\/probodyone-blog.jpg\",\"contentUrl\":\"https:\\\/\\\/saludsostenible.es\\\/wp-content\\\/uploads\\\/2024\\\/08\\\/probodyone-blog.jpg\",\"width\":1600,\"height\":550,\"caption\":\"Salud Sostenible by Fabrice Lef\u00e8vre Institute\"},\"image\":{\"@id\":\"https:\\\/\\\/saludsostenible.es\\\/#\\\/schema\\\/logo\\\/image\\\/\"},\"sameAs\":[\"https:\\\/\\\/www.facebook.com\\\/ProbodyoneBarcelona\",\"https:\\\/\\\/x.com\\\/probodyone\",\"https:\\\/\\\/www.youtube.com\\\/@Probodyone\\\/videos\"]}]}<\/script>\n<!-- \/ Yoast SEO Premium plugin. -->","yoast_head_json":{"title":"ERGYANTIOX FORTE - Salud Sostenible by Fabrice Lef&egrave;vre Institute","robots":{"index":"index","follow":"follow","max-snippet":"max-snippet:-1","max-image-preview":"max-image-preview:large","max-video-preview":"max-video-preview:-1"},"canonical":"https:\/\/saludsostenible.es\/en\/product\/ergyantiox-forte\/","og_locale":"en_GB","og_type":"article","og_title":"ERGYANTIOX FORTE","og_description":"ERGYANTIOX FORTE de Nutergia es un complemento alimenticio de alta potencia antioxidante, formulado con vitaminas, oligoelementos, polifenoles, zinc, selenio y c\u00farcuma, dise\u00f1ado para proteger las c\u00e9lulas del estr\u00e9s oxidativo, combatir el envejecimiento celular, y apoyar la detoxificaci\u00f3n hep\u00e1tica y la salud del sistema inmunol\u00f3gico.","og_url":"https:\/\/saludsostenible.es\/en\/product\/ergyantiox-forte\/","og_site_name":"Salud Sostenible by Fabrice Lef&egrave;vre Institute","article_publisher":"https:\/\/www.facebook.com\/ProbodyoneBarcelona","article_modified_time":"2025-09-10T20:14:56+00:00","og_image":[{"width":935,"height":935,"url":"https:\/\/saludsostenible.es\/wp-content\/uploads\/2025\/09\/ergyantiox-forte.jpg","type":"image\/png"}],"twitter_card":"summary_large_image","twitter_site":"@probodyone","twitter_misc":{"Estimated reading time":"2 minutes"},"schema":{"@context":"https:\/\/schema.org","@graph":[{"@type":"WebPage","@id":"https:\/\/saludsostenible.es\/product\/ergyantiox-forte\/","url":"https:\/\/saludsostenible.es\/product\/ergyantiox-forte\/","name":"ERGYANTIOX FORTE - Salud Sostenible by Fabrice Lef&egrave;vre Institute","isPartOf":{"@id":"https:\/\/saludsostenible.es\/#website"},"primaryImageOfPage":{"@id":"https:\/\/saludsostenible.es\/product\/ergyantiox-forte\/#primaryimage"},"image":{"@id":"https:\/\/saludsostenible.es\/product\/ergyantiox-forte\/#primaryimage"},"thumbnailUrl":"https:\/\/saludsostenible.es\/wp-content\/uploads\/2025\/09\/ergyantiox-forte.jpg","datePublished":"2025-09-10T20:14:55+00:00","dateModified":"2025-09-10T20:14:56+00:00","breadcrumb":{"@id":"https:\/\/saludsostenible.es\/product\/ergyantiox-forte\/#breadcrumb"},"inLanguage":"en-GB","potentialAction":[{"@type":"ReadAction","target":["https:\/\/saludsostenible.es\/product\/ergyantiox-forte\/"]}]},{"@type":"ImageObject","inLanguage":"en-GB","@id":"https:\/\/saludsostenible.es\/product\/ergyantiox-forte\/#primaryimage","url":"https:\/\/saludsostenible.es\/wp-content\/uploads\/2025\/09\/ergyantiox-forte.jpg","contentUrl":"https:\/\/saludsostenible.es\/wp-content\/uploads\/2025\/09\/ergyantiox-forte.jpg","width":935,"height":935},{"@type":"BreadcrumbList","@id":"https:\/\/saludsostenible.es\/product\/ergyantiox-forte\/#breadcrumb","itemListElement":[{"@type":"ListItem","position":1,"name":"Home","item":"https:\/\/saludsostenible.es\/"},{"@type":"ListItem","position":2,"name":"Tienda","item":"https:\/\/saludsostenible.es\/tienda\/"},{"@type":"ListItem","position":3,"name":"ERGYANTIOX FORTE"}]},{"@type":"WebSite","@id":"https:\/\/saludsostenible.es\/#website","url":"https:\/\/saludsostenible.es\/","name":"Salud Sostenible Beauty & Longevity","description":"Plataforma de consulta online y acceso a especialistas privados: salud integrativa, beauty y longevidad. Inicia tu perfil de salud metab\u00f3lica.","publisher":{"@id":"https:\/\/saludsostenible.es\/#organization"},"alternateName":"Salud Sostenible","potentialAction":[{"@type":"SearchAction","target":{"@type":"EntryPoint","urlTemplate":"https:\/\/saludsostenible.es\/?s={search_term_string}"},"query-input":{"@type":"PropertyValueSpecification","valueRequired":true,"valueName":"search_term_string"}}],"inLanguage":"en-GB"},{"@type":"Organization","@id":"https:\/\/saludsostenible.es\/#organization","name":"Salud Sostenible by Fabrice Lef\u00e8vre Institute","alternateName":"Osteopat\u00eda en Barcelona, Madrid y Marbella","url":"https:\/\/saludsostenible.es\/","logo":{"@type":"ImageObject","inLanguage":"en-GB","@id":"https:\/\/saludsostenible.es\/#\/schema\/logo\/image\/","url":"https:\/\/saludsostenible.es\/wp-content\/uploads\/2024\/08\/probodyone-blog.jpg","contentUrl":"https:\/\/saludsostenible.es\/wp-content\/uploads\/2024\/08\/probodyone-blog.jpg","width":1600,"height":550,"caption":"Salud Sostenible by Fabrice Lef\u00e8vre Institute"},"image":{"@id":"https:\/\/saludsostenible.es\/#\/schema\/logo\/image\/"},"sameAs":["https:\/\/www.facebook.com\/ProbodyoneBarcelona","https:\/\/x.com\/probodyone","https:\/\/www.youtube.com\/@Probodyone\/videos"]}]}},"_links":{"self":[{"href":"https:\/\/saludsostenible.es\/en\/wp-json\/wp\/v2\/product\/501097","targetHints":{"allow":["GET"]}}],"collection":[{"href":"https:\/\/saludsostenible.es\/en\/wp-json\/wp\/v2\/product"}],"about":[{"href":"https:\/\/saludsostenible.es\/en\/wp-json\/wp\/v2\/types\/product"}],"wp:featuredmedia":[{"embeddable":true,"href":"https:\/\/saludsostenible.es\/en\/wp-json\/wp\/v2\/media\/501098"}],"wp:attachment":[{"href":"https:\/\/saludsostenible.es\/en\/wp-json\/wp\/v2\/media?parent=501097"}],"wp:term":[{"taxonomy":"product_brand","embeddable":true,"href":"https:\/\/saludsostenible.es\/en\/wp-json\/wp\/v2\/product_brand?post=501097"},{"taxonomy":"product_cat","embeddable":true,"href":"https:\/\/saludsostenible.es\/en\/wp-json\/wp\/v2\/product_cat?post=501097"},{"taxonomy":"product_tag","embeddable":true,"href":"https:\/\/saludsostenible.es\/en\/wp-json\/wp\/v2\/product_tag?post=501097"}],"curies":[{"name":"wp","href":"https:\/\/api.w.org\/{rel}","templated":true}]}}