{"id":501099,"date":"2025-09-10T20:14:55","date_gmt":"2025-09-10T20:14:55","guid":{"rendered":"https:\/\/saludsostenible.es\/product\/ergyactiv-renovador-de-energia-y-vitalidad\/"},"modified":"2025-09-10T20:14:57","modified_gmt":"2025-09-10T20:14:57","slug":"ergyactiv-renovador-de-energia-y-vitalidad","status":"publish","type":"product","link":"https:\/\/saludsostenible.es\/en\/product\/ergyactiv-renovador-de-energia-y-vitalidad\/","title":{"rendered":"ERGYACTIV \u2013 Renovador de Energ\u00eda y Vitalidad"},"content":{"rendered":"<p>Indicaciones<br \/>\nEn caso de astenia, cansancio, falta de vitalidad y en \u00e9pocas de estr\u00e9s.<br \/>\nComo reconstituyente en caso de agotamiento f\u00edsico, emocional, mental.<br \/>\nPara reforzar el Sistema Nervioso en caso de estr\u00e9s.<br \/>\nVentajas<br \/>\nEL beneficio de la Ashwagandha potenciada por la sinergia de activos principales<br \/>\nOLIGOPIN potente antioxidante patentado.<br \/>\nComplemento de acci\u00f3n r\u00e1pida<br \/>\nAdapt\u00f3geno, sin efecto excitante.<br \/>\nNo contiene: conservantes, aromas artificiales, colorantes artificiales, az\u00facares ni fructosa a\u00f1adidos, edulcorantes artificiales, almid\u00f3n, trigo, ma\u00edz, soja o levaduras, ingredientes sin OGM.<br \/>\nApto para celiacos, intolerantes a la lactosa, vegetarianos y veganos.<br \/>\nC\u00e1psulas vegetales.<br \/>\nIngredientes<br \/>\nL-Arginina, C\u00e1psula vegetal (HPMC, colorante: complejo c\u00faprico de clorofilina), extracto seco de Ashwagandha (Withania somnifera\u00a0(L.) Dunal, 5% Whitan\u00f3lidos), L-Carnosina, Canela en polvo (Cinnamomum verum J. Presl), Extracto seco de Ginkgo Biloba (Ginkgo biloba L., 24% Glic\u00f3sidos de flavonol, 6% Lactonas terp\u00e9nicas), \u00d3xido de magnesio marino, Fibra de Arroz (Oriza sativa L.), antiaglomerante: Estearato de magnesio vegetal, Extracto seco de Pino marino (Pinus pinaster Ait.) patente Oligopin\u00ae<br \/>\nComposici\u00f3n (por dosis diaria de 2 c\u00e1psulas)<br \/>\nIngrediente<br \/>\nPor 3 c\u00e1psulas<br \/>\n% VRN*<br \/>\nL-Arginina<br \/>\n1 000 mg<br \/>\n\u2014<br \/>\nExtracto seco de Ashwagandha(Withania somnifera, 5 % withan\u00f3lidos)<br \/>\n300 mg<br \/>\n\u2014<br \/>\nL-Carnosina<br \/>\n250 mg<br \/>\n\u2014<br \/>\nCanela en polvo(Cinnamomum verum)<br \/>\n100 mg<br \/>\n\u2014<br \/>\nExtracto seco de Ginkgo biloba(Ginkgo biloba, 24 % glic\u00f3sidos de flavonol, 6 % lactonas terp\u00e9nicas)<br \/>\n80 mg<br \/>\n\u2014<br \/>\nMagnesio(\u00f3xido de magnesio marino)<br \/>\n80 mg<br \/>\n21 %<br \/>\nOligopin\u00ae(extracto seco de pino mar\u00edtimo, Pinus pinaster)<br \/>\n20 mg<br \/>\n\u2014<br \/>\nLibre de:<br \/>\nGluten<br \/>\nLactosa<br \/>\nConservantes artificiales<br \/>\nOGM<br \/>\nIndicaciones de uso<br \/>\n3 c\u00e1psulas al d\u00eda fuera de las comidas<br \/>\nPrecauciones<br \/>\nNo utilizar durante el embarazo o la lactancia* Consultar con su m\u00e9dico o farmace\u00fatico si se est\u00e1 tomando medicaci\u00f3n anticoagulante<br \/>\nERGY C<\/p>","protected":false},"excerpt":{"rendered":"<p>ERGYACTIV de Laboratorios Nutergia es un complemento nutricional especialmente formulado para combatir la fatiga f\u00edsica y mental, favorecer el rendimiento diario y mejorar la vitalidad. Contiene una combinaci\u00f3n \u00fanica de vitaminas del grupo B, magnesio, oligoelementos y extractos vegetales tonificantes, ideal para momentos de alto desgaste f\u00edsico, estr\u00e9s o falta de energ\u00eda.<\/p>","protected":false},"featured_media":501100,"template":"","meta":[],"product_brand":[185],"product_cat":[256,249,279,186,262],"product_tag":[],"class_list":{"0":"post-501099","1":"product","2":"type-product","3":"status-publish","4":"has-post-thumbnail","6":"product_brand-laboratorio-nutergia","7":"product_cat-detox-drenaje","8":"product_cat-energia-vitalidad","9":"product_cat-equilibrio-peso-adelgazamiento","10":"product_cat-laboratorio-nutergia","11":"product_cat-suplementos-micronutricionales","13":"first","14":"instock","15":"purchasable","16":"product-type-simple"},"yoast_head":"<!-- This site is optimized with the Yoast SEO Premium plugin v22.9 (Yoast SEO v27.6) - https:\/\/yoast.com\/product\/yoast-seo-premium-wordpress\/ -->\n<title>ERGYACTIV \u2013 Renovador de Energ\u00eda y Vitalidad - Salud Sostenible by Fabrice Lef&egrave;vre Institute<\/title>\n<meta name=\"robots\" content=\"index, follow, max-snippet:-1, max-image-preview:large, max-video-preview:-1\" \/>\n<link rel=\"canonical\" href=\"https:\/\/saludsostenible.es\/en\/product\/ergyactiv-renovador-de-energia-y-vitalidad\/\" \/>\n<meta property=\"og:locale\" content=\"en_GB\" \/>\n<meta property=\"og:type\" content=\"article\" \/>\n<meta property=\"og:title\" content=\"ERGYACTIV \u2013 Renovador de Energ\u00eda y Vitalidad\" \/>\n<meta property=\"og:description\" content=\"ERGYACTIV de Laboratorios Nutergia es un complemento nutricional especialmente formulado para combatir la fatiga f\u00edsica y mental, favorecer el rendimiento diario y mejorar la vitalidad. Contiene una combinaci\u00f3n \u00fanica de vitaminas del grupo B, magnesio, oligoelementos y extractos vegetales tonificantes, ideal para momentos de alto desgaste f\u00edsico, estr\u00e9s o falta de energ\u00eda.\" \/>\n<meta property=\"og:url\" content=\"https:\/\/saludsostenible.es\/en\/product\/ergyactiv-renovador-de-energia-y-vitalidad\/\" \/>\n<meta property=\"og:site_name\" content=\"Salud Sostenible by Fabrice Lef&egrave;vre Institute\" \/>\n<meta property=\"article:publisher\" content=\"https:\/\/www.facebook.com\/ProbodyoneBarcelona\" \/>\n<meta property=\"article:modified_time\" content=\"2025-09-10T20:14:57+00:00\" \/>\n<meta property=\"og:image\" content=\"https:\/\/saludsostenible.es\/wp-content\/uploads\/2025\/09\/ergyactiv-renovador-de-energia-y-vitalidad.jpg\" \/>\n\t<meta property=\"og:image:width\" content=\"1024\" \/>\n\t<meta property=\"og:image:height\" content=\"1024\" \/>\n\t<meta property=\"og:image:type\" content=\"image\/png\" \/>\n<meta name=\"twitter:card\" content=\"summary_large_image\" \/>\n<meta name=\"twitter:site\" content=\"@probodyone\" \/>\n<meta name=\"twitter:label1\" content=\"Estimated reading time\" \/>\n\t<meta name=\"twitter:data1\" content=\"1 minute\" \/>\n<script type=\"application\/ld+json\" class=\"yoast-schema-graph\">{\"@context\":\"https:\\\/\\\/schema.org\",\"@graph\":[{\"@type\":\"WebPage\",\"@id\":\"https:\\\/\\\/saludsostenible.es\\\/product\\\/ergyactiv-renovador-de-energia-y-vitalidad\\\/\",\"url\":\"https:\\\/\\\/saludsostenible.es\\\/product\\\/ergyactiv-renovador-de-energia-y-vitalidad\\\/\",\"name\":\"ERGYACTIV \u2013 Renovador de Energ\u00eda y Vitalidad - Salud Sostenible by Fabrice Lef&egrave;vre Institute\",\"isPartOf\":{\"@id\":\"https:\\\/\\\/saludsostenible.es\\\/#website\"},\"primaryImageOfPage\":{\"@id\":\"https:\\\/\\\/saludsostenible.es\\\/product\\\/ergyactiv-renovador-de-energia-y-vitalidad\\\/#primaryimage\"},\"image\":{\"@id\":\"https:\\\/\\\/saludsostenible.es\\\/product\\\/ergyactiv-renovador-de-energia-y-vitalidad\\\/#primaryimage\"},\"thumbnailUrl\":\"https:\\\/\\\/saludsostenible.es\\\/wp-content\\\/uploads\\\/2025\\\/09\\\/ergyactiv-renovador-de-energia-y-vitalidad.jpg\",\"datePublished\":\"2025-09-10T20:14:55+00:00\",\"dateModified\":\"2025-09-10T20:14:57+00:00\",\"breadcrumb\":{\"@id\":\"https:\\\/\\\/saludsostenible.es\\\/product\\\/ergyactiv-renovador-de-energia-y-vitalidad\\\/#breadcrumb\"},\"inLanguage\":\"en-GB\",\"potentialAction\":[{\"@type\":\"ReadAction\",\"target\":[\"https:\\\/\\\/saludsostenible.es\\\/product\\\/ergyactiv-renovador-de-energia-y-vitalidad\\\/\"]}]},{\"@type\":\"ImageObject\",\"inLanguage\":\"en-GB\",\"@id\":\"https:\\\/\\\/saludsostenible.es\\\/product\\\/ergyactiv-renovador-de-energia-y-vitalidad\\\/#primaryimage\",\"url\":\"https:\\\/\\\/saludsostenible.es\\\/wp-content\\\/uploads\\\/2025\\\/09\\\/ergyactiv-renovador-de-energia-y-vitalidad.jpg\",\"contentUrl\":\"https:\\\/\\\/saludsostenible.es\\\/wp-content\\\/uploads\\\/2025\\\/09\\\/ergyactiv-renovador-de-energia-y-vitalidad.jpg\",\"width\":1024,\"height\":1024},{\"@type\":\"BreadcrumbList\",\"@id\":\"https:\\\/\\\/saludsostenible.es\\\/product\\\/ergyactiv-renovador-de-energia-y-vitalidad\\\/#breadcrumb\",\"itemListElement\":[{\"@type\":\"ListItem\",\"position\":1,\"name\":\"Home\",\"item\":\"https:\\\/\\\/saludsostenible.es\\\/\"},{\"@type\":\"ListItem\",\"position\":2,\"name\":\"Tienda\",\"item\":\"https:\\\/\\\/saludsostenible.es\\\/tienda\\\/\"},{\"@type\":\"ListItem\",\"position\":3,\"name\":\"ERGYACTIV \u2013 Renovador de Energ\u00eda y Vitalidad\"}]},{\"@type\":\"WebSite\",\"@id\":\"https:\\\/\\\/saludsostenible.es\\\/#website\",\"url\":\"https:\\\/\\\/saludsostenible.es\\\/\",\"name\":\"Salud Sostenible Beauty & Longevity\",\"description\":\"Plataforma de consulta online y acceso a especialistas privados: salud integrativa, beauty y longevidad. Inicia tu perfil de salud metab\u00f3lica.\",\"publisher\":{\"@id\":\"https:\\\/\\\/saludsostenible.es\\\/#organization\"},\"alternateName\":\"Salud Sostenible\",\"potentialAction\":[{\"@type\":\"SearchAction\",\"target\":{\"@type\":\"EntryPoint\",\"urlTemplate\":\"https:\\\/\\\/saludsostenible.es\\\/?s={search_term_string}\"},\"query-input\":{\"@type\":\"PropertyValueSpecification\",\"valueRequired\":true,\"valueName\":\"search_term_string\"}}],\"inLanguage\":\"en-GB\"},{\"@type\":\"Organization\",\"@id\":\"https:\\\/\\\/saludsostenible.es\\\/#organization\",\"name\":\"Salud Sostenible by Fabrice Lef\u00e8vre Institute\",\"alternateName\":\"Osteopat\u00eda en Barcelona, Madrid y Marbella\",\"url\":\"https:\\\/\\\/saludsostenible.es\\\/\",\"logo\":{\"@type\":\"ImageObject\",\"inLanguage\":\"en-GB\",\"@id\":\"https:\\\/\\\/saludsostenible.es\\\/#\\\/schema\\\/logo\\\/image\\\/\",\"url\":\"https:\\\/\\\/saludsostenible.es\\\/wp-content\\\/uploads\\\/2024\\\/08\\\/probodyone-blog.jpg\",\"contentUrl\":\"https:\\\/\\\/saludsostenible.es\\\/wp-content\\\/uploads\\\/2024\\\/08\\\/probodyone-blog.jpg\",\"width\":1600,\"height\":550,\"caption\":\"Salud Sostenible by Fabrice Lef\u00e8vre Institute\"},\"image\":{\"@id\":\"https:\\\/\\\/saludsostenible.es\\\/#\\\/schema\\\/logo\\\/image\\\/\"},\"sameAs\":[\"https:\\\/\\\/www.facebook.com\\\/ProbodyoneBarcelona\",\"https:\\\/\\\/x.com\\\/probodyone\",\"https:\\\/\\\/www.youtube.com\\\/@Probodyone\\\/videos\"]}]}<\/script>\n<!-- \/ Yoast SEO Premium plugin. -->","yoast_head_json":{"title":"ERGYACTIV \u2013 Renovador de Energ\u00eda y Vitalidad - Salud Sostenible by Fabrice Lef&egrave;vre Institute","robots":{"index":"index","follow":"follow","max-snippet":"max-snippet:-1","max-image-preview":"max-image-preview:large","max-video-preview":"max-video-preview:-1"},"canonical":"https:\/\/saludsostenible.es\/en\/product\/ergyactiv-renovador-de-energia-y-vitalidad\/","og_locale":"en_GB","og_type":"article","og_title":"ERGYACTIV \u2013 Renovador de Energ\u00eda y Vitalidad","og_description":"ERGYACTIV de Laboratorios Nutergia es un complemento nutricional especialmente formulado para combatir la fatiga f\u00edsica y mental, favorecer el rendimiento diario y mejorar la vitalidad. Contiene una combinaci\u00f3n \u00fanica de vitaminas del grupo B, magnesio, oligoelementos y extractos vegetales tonificantes, ideal para momentos de alto desgaste f\u00edsico, estr\u00e9s o falta de energ\u00eda.","og_url":"https:\/\/saludsostenible.es\/en\/product\/ergyactiv-renovador-de-energia-y-vitalidad\/","og_site_name":"Salud Sostenible by Fabrice Lef&egrave;vre Institute","article_publisher":"https:\/\/www.facebook.com\/ProbodyoneBarcelona","article_modified_time":"2025-09-10T20:14:57+00:00","og_image":[{"width":1024,"height":1024,"url":"https:\/\/saludsostenible.es\/wp-content\/uploads\/2025\/09\/ergyactiv-renovador-de-energia-y-vitalidad.jpg","type":"image\/png"}],"twitter_card":"summary_large_image","twitter_site":"@probodyone","twitter_misc":{"Estimated reading time":"1 minute"},"schema":{"@context":"https:\/\/schema.org","@graph":[{"@type":"WebPage","@id":"https:\/\/saludsostenible.es\/product\/ergyactiv-renovador-de-energia-y-vitalidad\/","url":"https:\/\/saludsostenible.es\/product\/ergyactiv-renovador-de-energia-y-vitalidad\/","name":"ERGYACTIV \u2013 Renovador de Energ\u00eda y Vitalidad - Salud Sostenible by Fabrice Lef&egrave;vre Institute","isPartOf":{"@id":"https:\/\/saludsostenible.es\/#website"},"primaryImageOfPage":{"@id":"https:\/\/saludsostenible.es\/product\/ergyactiv-renovador-de-energia-y-vitalidad\/#primaryimage"},"image":{"@id":"https:\/\/saludsostenible.es\/product\/ergyactiv-renovador-de-energia-y-vitalidad\/#primaryimage"},"thumbnailUrl":"https:\/\/saludsostenible.es\/wp-content\/uploads\/2025\/09\/ergyactiv-renovador-de-energia-y-vitalidad.jpg","datePublished":"2025-09-10T20:14:55+00:00","dateModified":"2025-09-10T20:14:57+00:00","breadcrumb":{"@id":"https:\/\/saludsostenible.es\/product\/ergyactiv-renovador-de-energia-y-vitalidad\/#breadcrumb"},"inLanguage":"en-GB","potentialAction":[{"@type":"ReadAction","target":["https:\/\/saludsostenible.es\/product\/ergyactiv-renovador-de-energia-y-vitalidad\/"]}]},{"@type":"ImageObject","inLanguage":"en-GB","@id":"https:\/\/saludsostenible.es\/product\/ergyactiv-renovador-de-energia-y-vitalidad\/#primaryimage","url":"https:\/\/saludsostenible.es\/wp-content\/uploads\/2025\/09\/ergyactiv-renovador-de-energia-y-vitalidad.jpg","contentUrl":"https:\/\/saludsostenible.es\/wp-content\/uploads\/2025\/09\/ergyactiv-renovador-de-energia-y-vitalidad.jpg","width":1024,"height":1024},{"@type":"BreadcrumbList","@id":"https:\/\/saludsostenible.es\/product\/ergyactiv-renovador-de-energia-y-vitalidad\/#breadcrumb","itemListElement":[{"@type":"ListItem","position":1,"name":"Home","item":"https:\/\/saludsostenible.es\/"},{"@type":"ListItem","position":2,"name":"Tienda","item":"https:\/\/saludsostenible.es\/tienda\/"},{"@type":"ListItem","position":3,"name":"ERGYACTIV \u2013 Renovador de Energ\u00eda y Vitalidad"}]},{"@type":"WebSite","@id":"https:\/\/saludsostenible.es\/#website","url":"https:\/\/saludsostenible.es\/","name":"Salud Sostenible Beauty & Longevity","description":"Plataforma de consulta online y acceso a especialistas privados: salud integrativa, beauty y longevidad. Inicia tu perfil de salud metab\u00f3lica.","publisher":{"@id":"https:\/\/saludsostenible.es\/#organization"},"alternateName":"Salud Sostenible","potentialAction":[{"@type":"SearchAction","target":{"@type":"EntryPoint","urlTemplate":"https:\/\/saludsostenible.es\/?s={search_term_string}"},"query-input":{"@type":"PropertyValueSpecification","valueRequired":true,"valueName":"search_term_string"}}],"inLanguage":"en-GB"},{"@type":"Organization","@id":"https:\/\/saludsostenible.es\/#organization","name":"Salud Sostenible by Fabrice Lef\u00e8vre Institute","alternateName":"Osteopat\u00eda en Barcelona, Madrid y Marbella","url":"https:\/\/saludsostenible.es\/","logo":{"@type":"ImageObject","inLanguage":"en-GB","@id":"https:\/\/saludsostenible.es\/#\/schema\/logo\/image\/","url":"https:\/\/saludsostenible.es\/wp-content\/uploads\/2024\/08\/probodyone-blog.jpg","contentUrl":"https:\/\/saludsostenible.es\/wp-content\/uploads\/2024\/08\/probodyone-blog.jpg","width":1600,"height":550,"caption":"Salud Sostenible by Fabrice Lef\u00e8vre Institute"},"image":{"@id":"https:\/\/saludsostenible.es\/#\/schema\/logo\/image\/"},"sameAs":["https:\/\/www.facebook.com\/ProbodyoneBarcelona","https:\/\/x.com\/probodyone","https:\/\/www.youtube.com\/@Probodyone\/videos"]}]}},"_links":{"self":[{"href":"https:\/\/saludsostenible.es\/en\/wp-json\/wp\/v2\/product\/501099","targetHints":{"allow":["GET"]}}],"collection":[{"href":"https:\/\/saludsostenible.es\/en\/wp-json\/wp\/v2\/product"}],"about":[{"href":"https:\/\/saludsostenible.es\/en\/wp-json\/wp\/v2\/types\/product"}],"wp:featuredmedia":[{"embeddable":true,"href":"https:\/\/saludsostenible.es\/en\/wp-json\/wp\/v2\/media\/501100"}],"wp:attachment":[{"href":"https:\/\/saludsostenible.es\/en\/wp-json\/wp\/v2\/media?parent=501099"}],"wp:term":[{"taxonomy":"product_brand","embeddable":true,"href":"https:\/\/saludsostenible.es\/en\/wp-json\/wp\/v2\/product_brand?post=501099"},{"taxonomy":"product_cat","embeddable":true,"href":"https:\/\/saludsostenible.es\/en\/wp-json\/wp\/v2\/product_cat?post=501099"},{"taxonomy":"product_tag","embeddable":true,"href":"https:\/\/saludsostenible.es\/en\/wp-json\/wp\/v2\/product_tag?post=501099"}],"curies":[{"name":"wp","href":"https:\/\/api.w.org\/{rel}","templated":true}]}}