{"id":501105,"date":"2025-09-10T20:14:55","date_gmt":"2025-09-10T20:14:55","guid":{"rendered":"https:\/\/saludsostenible.es\/product\/ergy-d-plus\/"},"modified":"2025-09-10T20:15:02","modified_gmt":"2025-09-10T20:15:02","slug":"ergy-d-plus","status":"publish","type":"product","link":"https:\/\/saludsostenible.es\/en\/product\/ergy-d-plus\/","title":{"rendered":"ERGY D Plus"},"content":{"rendered":"<p>Indicaciones<br \/>\nERGY D Plus est\u00e1 especialmente indicado para garantizar un elevado aporte de vitamina D.<br \/>\nPuede recomendarse como apoyo a la inmunidad en periodos de riesgo (invierno, temporada de polen, etc.)<br \/>\nEn casos de fragilidad \u00f3sea y\/o muscular (menopausia, personas mayores, deportistas), ya que ayuda a mantener la funci\u00f3n \u00f3sea y muscular normal.<br \/>\nVentajas<br \/>\nIngredientes de origen 100% natural.<br \/>\nSabor neutro<br \/>\n1 gota = 20 \u03bcg = 800 UI de vitamina D de origen natural = 400 % IR (Ingestas de Referencia)<br \/>\nIngredientesAceite de colza virgen BIO (Brassica napus L.) vitamina D3 (colecalciferol), antioxidante: extractos ricos en tocoferoles.<br \/>\nComposici\u00f3n (por dosis recomendada)<br \/>\nIngrediente<br \/>\nCantidad por 1 gota<br \/>\n% VRN*<br \/>\nVitamina D\u2083 de origen natural (colecalciferol a partir de lanolina)<br \/>\n20 \u00b5g = 800 UI<br \/>\n400 %<br \/>\nAceite virgen BIO de colza (Brassica napus L.)<br \/>\nc.s.p.<br \/>\n\u2014<br \/>\nAntioxidante: extractos ricos en tocoferoles<br \/>\n\u2014<br \/>\nLibre de:<br \/>\nGluten<br \/>\nLactosa<br \/>\nConservantes<br \/>\nColorantes artificiales<br \/>\nIndicaciones de uso<br \/>\nDosis<br \/>\n1 gota al d\u00eda aporta 20 \u03bcg* (800 UI) de vitamina D3.<br \/>\n1-2 gotas\/d\u00eda<br \/>\nPrecauciones<br \/>\nDesaconsejado en ni\u00f1os menores de 10 a\u00f1os. Se aconseja consumir\u00a0ERGY D\u00a0en estos casos<br \/>\nMantener fuera del alcance de los ni\u00f1os, a una temperatura inferior a 25\u00b0C y alejado de la humedad.<br \/>\nSe recomienda el consejo de un profesional de la salud para las mujeres embarazadas o en per\u00edodo de lactancia.<br \/>\nNo superar la dosis diaria recomendada<br \/>\nERGYCARDIO FORTE<\/p>","protected":false},"excerpt":{"rendered":"<p>ERGY D Plus es un complemento alimenticio que combina vitamina D3 natural con vitamina K2, magnesio y otros cofactores, para optimizar la salud \u00f3sea, cardiovascular, muscular e inmunitaria. Su f\u00f3rmula completa favorece la correcta absorci\u00f3n y fijaci\u00f3n del calcio en los huesos, contribuyendo al bienestar general.<\/p>","protected":false},"featured_media":501106,"template":"","meta":[],"product_brand":[185],"product_cat":[253,186,281,275,262],"product_tag":[],"class_list":{"0":"post-501105","1":"product","2":"type-product","3":"status-publish","4":"has-post-thumbnail","6":"product_brand-laboratorio-nutergia","7":"product_cat-inmunidad-antioxidantes","8":"product_cat-laboratorio-nutergia","9":"product_cat-salud-inmune-defensas","10":"product_cat-suplementos-longevity","11":"product_cat-suplementos-micronutricionales","12":"product_shipping_class-producto-fisico","14":"first","15":"instock","16":"purchasable","17":"product-type-simple"},"yoast_head":"<!-- This site is optimized with the Yoast SEO Premium plugin v22.9 (Yoast SEO v27.6) - https:\/\/yoast.com\/product\/yoast-seo-premium-wordpress\/ -->\n<title>ERGY D Plus - Salud Sostenible by Fabrice Lef&egrave;vre Institute<\/title>\n<meta name=\"robots\" content=\"index, follow, max-snippet:-1, max-image-preview:large, max-video-preview:-1\" \/>\n<link rel=\"canonical\" href=\"https:\/\/saludsostenible.es\/en\/product\/ergy-d-plus\/\" \/>\n<meta property=\"og:locale\" content=\"en_GB\" \/>\n<meta property=\"og:type\" content=\"article\" \/>\n<meta property=\"og:title\" content=\"ERGY D Plus\" \/>\n<meta property=\"og:description\" content=\"ERGY D Plus es un complemento alimenticio que combina vitamina D3 natural con vitamina K2, magnesio y otros cofactores, para optimizar la salud \u00f3sea, cardiovascular, muscular e inmunitaria. Su f\u00f3rmula completa favorece la correcta absorci\u00f3n y fijaci\u00f3n del calcio en los huesos, contribuyendo al bienestar general.\" \/>\n<meta property=\"og:url\" content=\"https:\/\/saludsostenible.es\/en\/product\/ergy-d-plus\/\" \/>\n<meta property=\"og:site_name\" content=\"Salud Sostenible by Fabrice Lef&egrave;vre Institute\" \/>\n<meta property=\"article:publisher\" content=\"https:\/\/www.facebook.com\/ProbodyoneBarcelona\" \/>\n<meta property=\"article:modified_time\" content=\"2025-09-10T20:15:02+00:00\" \/>\n<meta property=\"og:image\" content=\"https:\/\/saludsostenible.es\/wp-content\/uploads\/2025\/09\/ergy-d-plus.jpg\" \/>\n\t<meta property=\"og:image:width\" content=\"920\" \/>\n\t<meta property=\"og:image:height\" content=\"959\" \/>\n\t<meta property=\"og:image:type\" content=\"image\/png\" \/>\n<meta name=\"twitter:card\" content=\"summary_large_image\" \/>\n<meta name=\"twitter:site\" content=\"@probodyone\" \/>\n<meta name=\"twitter:label1\" content=\"Estimated reading time\" \/>\n\t<meta name=\"twitter:data1\" content=\"1 minute\" \/>\n<script type=\"application\/ld+json\" class=\"yoast-schema-graph\">{\"@context\":\"https:\\\/\\\/schema.org\",\"@graph\":[{\"@type\":\"WebPage\",\"@id\":\"https:\\\/\\\/saludsostenible.es\\\/product\\\/ergy-d-plus\\\/\",\"url\":\"https:\\\/\\\/saludsostenible.es\\\/product\\\/ergy-d-plus\\\/\",\"name\":\"ERGY D Plus - Salud Sostenible by Fabrice Lef&egrave;vre Institute\",\"isPartOf\":{\"@id\":\"https:\\\/\\\/saludsostenible.es\\\/#website\"},\"primaryImageOfPage\":{\"@id\":\"https:\\\/\\\/saludsostenible.es\\\/product\\\/ergy-d-plus\\\/#primaryimage\"},\"image\":{\"@id\":\"https:\\\/\\\/saludsostenible.es\\\/product\\\/ergy-d-plus\\\/#primaryimage\"},\"thumbnailUrl\":\"https:\\\/\\\/saludsostenible.es\\\/wp-content\\\/uploads\\\/2025\\\/09\\\/ergy-d-plus.jpg\",\"datePublished\":\"2025-09-10T20:14:55+00:00\",\"dateModified\":\"2025-09-10T20:15:02+00:00\",\"breadcrumb\":{\"@id\":\"https:\\\/\\\/saludsostenible.es\\\/product\\\/ergy-d-plus\\\/#breadcrumb\"},\"inLanguage\":\"en-GB\",\"potentialAction\":[{\"@type\":\"ReadAction\",\"target\":[\"https:\\\/\\\/saludsostenible.es\\\/product\\\/ergy-d-plus\\\/\"]}]},{\"@type\":\"ImageObject\",\"inLanguage\":\"en-GB\",\"@id\":\"https:\\\/\\\/saludsostenible.es\\\/product\\\/ergy-d-plus\\\/#primaryimage\",\"url\":\"https:\\\/\\\/saludsostenible.es\\\/wp-content\\\/uploads\\\/2025\\\/09\\\/ergy-d-plus.jpg\",\"contentUrl\":\"https:\\\/\\\/saludsostenible.es\\\/wp-content\\\/uploads\\\/2025\\\/09\\\/ergy-d-plus.jpg\",\"width\":920,\"height\":959},{\"@type\":\"BreadcrumbList\",\"@id\":\"https:\\\/\\\/saludsostenible.es\\\/product\\\/ergy-d-plus\\\/#breadcrumb\",\"itemListElement\":[{\"@type\":\"ListItem\",\"position\":1,\"name\":\"Home\",\"item\":\"https:\\\/\\\/saludsostenible.es\\\/\"},{\"@type\":\"ListItem\",\"position\":2,\"name\":\"Tienda\",\"item\":\"https:\\\/\\\/saludsostenible.es\\\/tienda\\\/\"},{\"@type\":\"ListItem\",\"position\":3,\"name\":\"ERGY D Plus\"}]},{\"@type\":\"WebSite\",\"@id\":\"https:\\\/\\\/saludsostenible.es\\\/#website\",\"url\":\"https:\\\/\\\/saludsostenible.es\\\/\",\"name\":\"Salud Sostenible Beauty & Longevity\",\"description\":\"Plataforma de consulta online y acceso a especialistas privados: salud integrativa, beauty y longevidad. Inicia tu perfil de salud metab\u00f3lica.\",\"publisher\":{\"@id\":\"https:\\\/\\\/saludsostenible.es\\\/#organization\"},\"alternateName\":\"Salud Sostenible\",\"potentialAction\":[{\"@type\":\"SearchAction\",\"target\":{\"@type\":\"EntryPoint\",\"urlTemplate\":\"https:\\\/\\\/saludsostenible.es\\\/?s={search_term_string}\"},\"query-input\":{\"@type\":\"PropertyValueSpecification\",\"valueRequired\":true,\"valueName\":\"search_term_string\"}}],\"inLanguage\":\"en-GB\"},{\"@type\":\"Organization\",\"@id\":\"https:\\\/\\\/saludsostenible.es\\\/#organization\",\"name\":\"Salud Sostenible by Fabrice Lef\u00e8vre Institute\",\"alternateName\":\"Osteopat\u00eda en Barcelona, Madrid y Marbella\",\"url\":\"https:\\\/\\\/saludsostenible.es\\\/\",\"logo\":{\"@type\":\"ImageObject\",\"inLanguage\":\"en-GB\",\"@id\":\"https:\\\/\\\/saludsostenible.es\\\/#\\\/schema\\\/logo\\\/image\\\/\",\"url\":\"https:\\\/\\\/saludsostenible.es\\\/wp-content\\\/uploads\\\/2024\\\/08\\\/probodyone-blog.jpg\",\"contentUrl\":\"https:\\\/\\\/saludsostenible.es\\\/wp-content\\\/uploads\\\/2024\\\/08\\\/probodyone-blog.jpg\",\"width\":1600,\"height\":550,\"caption\":\"Salud Sostenible by Fabrice Lef\u00e8vre Institute\"},\"image\":{\"@id\":\"https:\\\/\\\/saludsostenible.es\\\/#\\\/schema\\\/logo\\\/image\\\/\"},\"sameAs\":[\"https:\\\/\\\/www.facebook.com\\\/ProbodyoneBarcelona\",\"https:\\\/\\\/x.com\\\/probodyone\",\"https:\\\/\\\/www.youtube.com\\\/@Probodyone\\\/videos\"]}]}<\/script>\n<!-- \/ Yoast SEO Premium plugin. -->","yoast_head_json":{"title":"ERGY D Plus - Salud Sostenible by Fabrice Lef&egrave;vre Institute","robots":{"index":"index","follow":"follow","max-snippet":"max-snippet:-1","max-image-preview":"max-image-preview:large","max-video-preview":"max-video-preview:-1"},"canonical":"https:\/\/saludsostenible.es\/en\/product\/ergy-d-plus\/","og_locale":"en_GB","og_type":"article","og_title":"ERGY D Plus","og_description":"ERGY D Plus es un complemento alimenticio que combina vitamina D3 natural con vitamina K2, magnesio y otros cofactores, para optimizar la salud \u00f3sea, cardiovascular, muscular e inmunitaria. Su f\u00f3rmula completa favorece la correcta absorci\u00f3n y fijaci\u00f3n del calcio en los huesos, contribuyendo al bienestar general.","og_url":"https:\/\/saludsostenible.es\/en\/product\/ergy-d-plus\/","og_site_name":"Salud Sostenible by Fabrice Lef&egrave;vre Institute","article_publisher":"https:\/\/www.facebook.com\/ProbodyoneBarcelona","article_modified_time":"2025-09-10T20:15:02+00:00","og_image":[{"width":920,"height":959,"url":"https:\/\/saludsostenible.es\/wp-content\/uploads\/2025\/09\/ergy-d-plus.jpg","type":"image\/png"}],"twitter_card":"summary_large_image","twitter_site":"@probodyone","twitter_misc":{"Estimated reading time":"1 minute"},"schema":{"@context":"https:\/\/schema.org","@graph":[{"@type":"WebPage","@id":"https:\/\/saludsostenible.es\/product\/ergy-d-plus\/","url":"https:\/\/saludsostenible.es\/product\/ergy-d-plus\/","name":"ERGY D Plus - Salud Sostenible by Fabrice Lef&egrave;vre Institute","isPartOf":{"@id":"https:\/\/saludsostenible.es\/#website"},"primaryImageOfPage":{"@id":"https:\/\/saludsostenible.es\/product\/ergy-d-plus\/#primaryimage"},"image":{"@id":"https:\/\/saludsostenible.es\/product\/ergy-d-plus\/#primaryimage"},"thumbnailUrl":"https:\/\/saludsostenible.es\/wp-content\/uploads\/2025\/09\/ergy-d-plus.jpg","datePublished":"2025-09-10T20:14:55+00:00","dateModified":"2025-09-10T20:15:02+00:00","breadcrumb":{"@id":"https:\/\/saludsostenible.es\/product\/ergy-d-plus\/#breadcrumb"},"inLanguage":"en-GB","potentialAction":[{"@type":"ReadAction","target":["https:\/\/saludsostenible.es\/product\/ergy-d-plus\/"]}]},{"@type":"ImageObject","inLanguage":"en-GB","@id":"https:\/\/saludsostenible.es\/product\/ergy-d-plus\/#primaryimage","url":"https:\/\/saludsostenible.es\/wp-content\/uploads\/2025\/09\/ergy-d-plus.jpg","contentUrl":"https:\/\/saludsostenible.es\/wp-content\/uploads\/2025\/09\/ergy-d-plus.jpg","width":920,"height":959},{"@type":"BreadcrumbList","@id":"https:\/\/saludsostenible.es\/product\/ergy-d-plus\/#breadcrumb","itemListElement":[{"@type":"ListItem","position":1,"name":"Home","item":"https:\/\/saludsostenible.es\/"},{"@type":"ListItem","position":2,"name":"Tienda","item":"https:\/\/saludsostenible.es\/tienda\/"},{"@type":"ListItem","position":3,"name":"ERGY D Plus"}]},{"@type":"WebSite","@id":"https:\/\/saludsostenible.es\/#website","url":"https:\/\/saludsostenible.es\/","name":"Salud Sostenible Beauty & Longevity","description":"Plataforma de consulta online y acceso a especialistas privados: salud integrativa, beauty y longevidad. Inicia tu perfil de salud metab\u00f3lica.","publisher":{"@id":"https:\/\/saludsostenible.es\/#organization"},"alternateName":"Salud Sostenible","potentialAction":[{"@type":"SearchAction","target":{"@type":"EntryPoint","urlTemplate":"https:\/\/saludsostenible.es\/?s={search_term_string}"},"query-input":{"@type":"PropertyValueSpecification","valueRequired":true,"valueName":"search_term_string"}}],"inLanguage":"en-GB"},{"@type":"Organization","@id":"https:\/\/saludsostenible.es\/#organization","name":"Salud Sostenible by Fabrice Lef\u00e8vre Institute","alternateName":"Osteopat\u00eda en Barcelona, Madrid y Marbella","url":"https:\/\/saludsostenible.es\/","logo":{"@type":"ImageObject","inLanguage":"en-GB","@id":"https:\/\/saludsostenible.es\/#\/schema\/logo\/image\/","url":"https:\/\/saludsostenible.es\/wp-content\/uploads\/2024\/08\/probodyone-blog.jpg","contentUrl":"https:\/\/saludsostenible.es\/wp-content\/uploads\/2024\/08\/probodyone-blog.jpg","width":1600,"height":550,"caption":"Salud Sostenible by Fabrice Lef\u00e8vre Institute"},"image":{"@id":"https:\/\/saludsostenible.es\/#\/schema\/logo\/image\/"},"sameAs":["https:\/\/www.facebook.com\/ProbodyoneBarcelona","https:\/\/x.com\/probodyone","https:\/\/www.youtube.com\/@Probodyone\/videos"]}]}},"_links":{"self":[{"href":"https:\/\/saludsostenible.es\/en\/wp-json\/wp\/v2\/product\/501105","targetHints":{"allow":["GET"]}}],"collection":[{"href":"https:\/\/saludsostenible.es\/en\/wp-json\/wp\/v2\/product"}],"about":[{"href":"https:\/\/saludsostenible.es\/en\/wp-json\/wp\/v2\/types\/product"}],"wp:featuredmedia":[{"embeddable":true,"href":"https:\/\/saludsostenible.es\/en\/wp-json\/wp\/v2\/media\/501106"}],"wp:attachment":[{"href":"https:\/\/saludsostenible.es\/en\/wp-json\/wp\/v2\/media?parent=501105"}],"wp:term":[{"taxonomy":"product_brand","embeddable":true,"href":"https:\/\/saludsostenible.es\/en\/wp-json\/wp\/v2\/product_brand?post=501105"},{"taxonomy":"product_cat","embeddable":true,"href":"https:\/\/saludsostenible.es\/en\/wp-json\/wp\/v2\/product_cat?post=501105"},{"taxonomy":"product_tag","embeddable":true,"href":"https:\/\/saludsostenible.es\/en\/wp-json\/wp\/v2\/product_tag?post=501105"}],"curies":[{"name":"wp","href":"https:\/\/api.w.org\/{rel}","templated":true}]}}