{"id":501111,"date":"2025-09-10T20:14:55","date_gmt":"2025-09-10T20:14:55","guid":{"rendered":"https:\/\/saludsostenible.es\/product\/ergycell\/"},"modified":"2025-09-10T20:15:05","modified_gmt":"2025-09-10T20:15:05","slug":"ergycell","status":"publish","type":"product","link":"https:\/\/saludsostenible.es\/en\/product\/ergycell\/","title":{"rendered":"ERGYCELL"},"content":{"rendered":"<p>Indicaciones<br \/>\nReducir la fatiga<br \/>\nAntioxidante. Proteger las c\u00e9lulas frente al estr\u00e9s oxidativo<br \/>\nVentajas<br \/>\nC\u00e1psula vegetal, apto para vegetarianos y veganos..<br \/>\nSinergia \u00fanica de\u00a0 17 activos con acciones clave que confieren protecci\u00f3n mitocondrial.<br \/>\nEficacia demostrada: mejora las defensas antioxidantes y reduce el stress oxidativo*.<br \/>\nNO CONTIENE: Gluten, lactosa, prote\u00ednas de leche, soja, az\u00facares, colorantes, conservantes, di\u00f3xido de titanio, s\u00edlice.<br \/>\nIngredientesN-Acetil L-Ciste\u00edna, Acetil L-Carnitina HCl, almid\u00f3n de patata, hidr\u00f3xido de magnesio polvo, L- ascorbato c\u00e1lcico (vitamina C), \u00e1cido alfa-Lipoico en forma R, coenzima Q10, succinato \u00e1cido natural de D-alfa-tocoferilo (vitamina E natural), antiaglomerante: estearato de magnesio vegetal, bisglicinato de zinc, trans-resveratrol de origen vegetal (origen no UE), nicotinamida ( vitamina B3), bisglicinato de manganeso, bisglicinato de cobre, clorhidrato de piridoxina (vitamina B6), riboflavina (vitamina B2), clorhidrato de tiamina (vitamina B1),L-metilfolato de calcio (vitamina B9), molibdato de sodio, selenita de sodio.<br \/>\nComposici\u00f3n (por dosis recomendada)<br \/>\nIngrediente<br \/>\nPor 3 c\u00e1psulas<br \/>\n% VRN*<br \/>\nN-Acetil-L-Ciste\u00edna (NAC)<br \/>\n400 mg<br \/>\n\u2014<br \/>\nAcetil-L-Carnitina HCl<br \/>\n400 mg<br \/>\n\u2014<br \/>\nVitamina C (L-ascorbato c\u00e1lcico)<br \/>\n166 mg<br \/>\n208 %<br \/>\n\u00c1cido alfa-lipoico (forma R)<br \/>\n100 mg<br \/>\n\u2014<br \/>\nCoenzima Q\u2081\u2080<br \/>\n60 mg<br \/>\n\u2014<br \/>\nVitamina E (succinato \u00e1cido natural de D-alfa-tocoferilo)<br \/>\n35,7 mg<br \/>\n298 %<br \/>\nTrans-resveratrol de origen vegetal<br \/>\n20 mg<br \/>\n\u2014<br \/>\nVitamina B3 (nicotinamida)<br \/>\n12 mg<br \/>\n75 %<br \/>\nZinc (bisglicinato)<br \/>\n10 mg<br \/>\n100 %<br \/>\nVitamina B6 (clorhidrato de piridoxina)<br \/>\n3 mg<br \/>\n214 %<br \/>\nVitamina B2 (riboflavina)<br \/>\n2,5 mg<br \/>\n179 %<br \/>\nVitamina B1 (clorhidrato de tiamina)<br \/>\n2 mg<br \/>\n182 %<br \/>\nManganeso (bisglicinato)<br \/>\n2 mg<br \/>\n100 %<br \/>\nCobre (bisglicinato)<br \/>\n1 mg<br \/>\n100 %<br \/>\nVitamina B9 metilada (L-metilfolato de calcio)<br \/>\n60 \u00b5g<br \/>\n30 %<br \/>\nMolibdeno (molibdato de sodio)<br \/>\n50 \u00b5g<br \/>\n100 %<br \/>\nSelenio (selenito de sodio)<br \/>\n55 \u00b5g<br \/>\n100 %<br \/>\nLibre de:<br \/>\nGluten<br \/>\nLactosa<br \/>\nColorantes artificiales<br \/>\nConservantes<br \/>\nIndicaciones de uso<br \/>\n3 c\u00e1psulas al d\u00eda, fuera de las comidas.<br \/>\nPrecauciones<br \/>\nEste complemento alimenticio \u00fanicamente debe ser consumido por adultos, no apto para mujeres embarazadas y lactantes.<br \/>\nDesaconsejado a diab\u00e9ticos (acido alfa-lipoico)<br \/>\nSupervisi\u00f3n de un profesional de la salud en caso de toma de anticoagulantes o cualquier tratamiento m\u00e9dico.<br \/>\nNo superar la dosis diaria expresamente recomendada.<br \/>\nMantener fuera del alcance de los ni\u00f1os.<br \/>\nConsultar con el m\u00e9dico si est\u00e1 bajo tratamiento o en caso de embarazo.<br \/>\nERGYCOX<\/p>","protected":false},"excerpt":{"rendered":"<p>ERGYCELL es un complemento alimenticio formulado con potentes antioxidantes, vitaminas, minerales y extractos vegetales que protegen las c\u00e9lulas del da\u00f1o oxidativo, apoyan el sistema inmunol\u00f3gico y contribuyen al bienestar general. Especialmente indicado en situaciones de estr\u00e9s oxidativo elevado.<\/p>","protected":false},"featured_media":501112,"template":"","meta":[],"product_brand":[185],"product_cat":[277,253,249,186,205,262],"product_tag":[],"class_list":{"0":"post-501111","1":"product","2":"type-product","3":"status-publish","4":"has-post-thumbnail","6":"product_brand-laboratorio-nutergia","7":"product_cat-antioxidantes-estres-oxidativo","8":"product_cat-inmunidad-antioxidantes","9":"product_cat-energia-vitalidad","10":"product_cat-laboratorio-nutergia","11":"product_cat-longevity","12":"product_cat-suplementos-micronutricionales","14":"first","15":"instock","16":"purchasable","17":"product-type-simple"},"yoast_head":"<!-- This site is optimized with the Yoast SEO Premium plugin v22.9 (Yoast SEO v27.6) - https:\/\/yoast.com\/product\/yoast-seo-premium-wordpress\/ -->\n<title>ERGYCELL - Salud Sostenible by Fabrice Lef&egrave;vre Institute<\/title>\n<meta name=\"robots\" content=\"index, follow, max-snippet:-1, max-image-preview:large, max-video-preview:-1\" \/>\n<link rel=\"canonical\" href=\"https:\/\/saludsostenible.es\/en\/product\/ergycell\/\" \/>\n<meta property=\"og:locale\" content=\"en_GB\" \/>\n<meta property=\"og:type\" content=\"article\" \/>\n<meta property=\"og:title\" content=\"ERGYCELL\" \/>\n<meta property=\"og:description\" content=\"ERGYCELL es un complemento alimenticio formulado con potentes antioxidantes, vitaminas, minerales y extractos vegetales que protegen las c\u00e9lulas del da\u00f1o oxidativo, apoyan el sistema inmunol\u00f3gico y contribuyen al bienestar general. Especialmente indicado en situaciones de estr\u00e9s oxidativo elevado.\" \/>\n<meta property=\"og:url\" content=\"https:\/\/saludsostenible.es\/en\/product\/ergycell\/\" \/>\n<meta property=\"og:site_name\" content=\"Salud Sostenible by Fabrice Lef&egrave;vre Institute\" \/>\n<meta property=\"article:publisher\" content=\"https:\/\/www.facebook.com\/ProbodyoneBarcelona\" \/>\n<meta property=\"article:modified_time\" content=\"2025-09-10T20:15:05+00:00\" \/>\n<meta property=\"og:image\" content=\"https:\/\/saludsostenible.es\/wp-content\/uploads\/2025\/09\/ergycell.jpg\" \/>\n\t<meta property=\"og:image:width\" content=\"600\" \/>\n\t<meta property=\"og:image:height\" content=\"600\" \/>\n\t<meta property=\"og:image:type\" content=\"image\/png\" \/>\n<meta name=\"twitter:card\" content=\"summary_large_image\" \/>\n<meta name=\"twitter:site\" content=\"@probodyone\" \/>\n<meta name=\"twitter:label1\" content=\"Estimated reading time\" \/>\n\t<meta name=\"twitter:data1\" content=\"2 minutes\" \/>\n<script type=\"application\/ld+json\" class=\"yoast-schema-graph\">{\"@context\":\"https:\\\/\\\/schema.org\",\"@graph\":[{\"@type\":\"WebPage\",\"@id\":\"https:\\\/\\\/saludsostenible.es\\\/product\\\/ergycell\\\/\",\"url\":\"https:\\\/\\\/saludsostenible.es\\\/product\\\/ergycell\\\/\",\"name\":\"ERGYCELL - Salud Sostenible by Fabrice Lef&egrave;vre Institute\",\"isPartOf\":{\"@id\":\"https:\\\/\\\/saludsostenible.es\\\/#website\"},\"primaryImageOfPage\":{\"@id\":\"https:\\\/\\\/saludsostenible.es\\\/product\\\/ergycell\\\/#primaryimage\"},\"image\":{\"@id\":\"https:\\\/\\\/saludsostenible.es\\\/product\\\/ergycell\\\/#primaryimage\"},\"thumbnailUrl\":\"https:\\\/\\\/saludsostenible.es\\\/wp-content\\\/uploads\\\/2025\\\/09\\\/ergycell.jpg\",\"datePublished\":\"2025-09-10T20:14:55+00:00\",\"dateModified\":\"2025-09-10T20:15:05+00:00\",\"breadcrumb\":{\"@id\":\"https:\\\/\\\/saludsostenible.es\\\/product\\\/ergycell\\\/#breadcrumb\"},\"inLanguage\":\"en-GB\",\"potentialAction\":[{\"@type\":\"ReadAction\",\"target\":[\"https:\\\/\\\/saludsostenible.es\\\/product\\\/ergycell\\\/\"]}]},{\"@type\":\"ImageObject\",\"inLanguage\":\"en-GB\",\"@id\":\"https:\\\/\\\/saludsostenible.es\\\/product\\\/ergycell\\\/#primaryimage\",\"url\":\"https:\\\/\\\/saludsostenible.es\\\/wp-content\\\/uploads\\\/2025\\\/09\\\/ergycell.jpg\",\"contentUrl\":\"https:\\\/\\\/saludsostenible.es\\\/wp-content\\\/uploads\\\/2025\\\/09\\\/ergycell.jpg\",\"width\":600,\"height\":600},{\"@type\":\"BreadcrumbList\",\"@id\":\"https:\\\/\\\/saludsostenible.es\\\/product\\\/ergycell\\\/#breadcrumb\",\"itemListElement\":[{\"@type\":\"ListItem\",\"position\":1,\"name\":\"Home\",\"item\":\"https:\\\/\\\/saludsostenible.es\\\/\"},{\"@type\":\"ListItem\",\"position\":2,\"name\":\"Tienda\",\"item\":\"https:\\\/\\\/saludsostenible.es\\\/tienda\\\/\"},{\"@type\":\"ListItem\",\"position\":3,\"name\":\"ERGYCELL\"}]},{\"@type\":\"WebSite\",\"@id\":\"https:\\\/\\\/saludsostenible.es\\\/#website\",\"url\":\"https:\\\/\\\/saludsostenible.es\\\/\",\"name\":\"Salud Sostenible Beauty & Longevity\",\"description\":\"Plataforma de consulta online y acceso a especialistas privados: salud integrativa, beauty y longevidad. Inicia tu perfil de salud metab\u00f3lica.\",\"publisher\":{\"@id\":\"https:\\\/\\\/saludsostenible.es\\\/#organization\"},\"alternateName\":\"Salud Sostenible\",\"potentialAction\":[{\"@type\":\"SearchAction\",\"target\":{\"@type\":\"EntryPoint\",\"urlTemplate\":\"https:\\\/\\\/saludsostenible.es\\\/?s={search_term_string}\"},\"query-input\":{\"@type\":\"PropertyValueSpecification\",\"valueRequired\":true,\"valueName\":\"search_term_string\"}}],\"inLanguage\":\"en-GB\"},{\"@type\":\"Organization\",\"@id\":\"https:\\\/\\\/saludsostenible.es\\\/#organization\",\"name\":\"Salud Sostenible by Fabrice Lef\u00e8vre Institute\",\"alternateName\":\"Osteopat\u00eda en Barcelona, Madrid y Marbella\",\"url\":\"https:\\\/\\\/saludsostenible.es\\\/\",\"logo\":{\"@type\":\"ImageObject\",\"inLanguage\":\"en-GB\",\"@id\":\"https:\\\/\\\/saludsostenible.es\\\/#\\\/schema\\\/logo\\\/image\\\/\",\"url\":\"https:\\\/\\\/saludsostenible.es\\\/wp-content\\\/uploads\\\/2024\\\/08\\\/probodyone-blog.jpg\",\"contentUrl\":\"https:\\\/\\\/saludsostenible.es\\\/wp-content\\\/uploads\\\/2024\\\/08\\\/probodyone-blog.jpg\",\"width\":1600,\"height\":550,\"caption\":\"Salud Sostenible by Fabrice Lef\u00e8vre Institute\"},\"image\":{\"@id\":\"https:\\\/\\\/saludsostenible.es\\\/#\\\/schema\\\/logo\\\/image\\\/\"},\"sameAs\":[\"https:\\\/\\\/www.facebook.com\\\/ProbodyoneBarcelona\",\"https:\\\/\\\/x.com\\\/probodyone\",\"https:\\\/\\\/www.youtube.com\\\/@Probodyone\\\/videos\"]}]}<\/script>\n<!-- \/ Yoast SEO Premium plugin. -->","yoast_head_json":{"title":"ERGYCELL - Salud Sostenible by Fabrice Lef&egrave;vre Institute","robots":{"index":"index","follow":"follow","max-snippet":"max-snippet:-1","max-image-preview":"max-image-preview:large","max-video-preview":"max-video-preview:-1"},"canonical":"https:\/\/saludsostenible.es\/en\/product\/ergycell\/","og_locale":"en_GB","og_type":"article","og_title":"ERGYCELL","og_description":"ERGYCELL es un complemento alimenticio formulado con potentes antioxidantes, vitaminas, minerales y extractos vegetales que protegen las c\u00e9lulas del da\u00f1o oxidativo, apoyan el sistema inmunol\u00f3gico y contribuyen al bienestar general. Especialmente indicado en situaciones de estr\u00e9s oxidativo elevado.","og_url":"https:\/\/saludsostenible.es\/en\/product\/ergycell\/","og_site_name":"Salud Sostenible by Fabrice Lef&egrave;vre Institute","article_publisher":"https:\/\/www.facebook.com\/ProbodyoneBarcelona","article_modified_time":"2025-09-10T20:15:05+00:00","og_image":[{"width":600,"height":600,"url":"https:\/\/saludsostenible.es\/wp-content\/uploads\/2025\/09\/ergycell.jpg","type":"image\/png"}],"twitter_card":"summary_large_image","twitter_site":"@probodyone","twitter_misc":{"Estimated reading time":"2 minutes"},"schema":{"@context":"https:\/\/schema.org","@graph":[{"@type":"WebPage","@id":"https:\/\/saludsostenible.es\/product\/ergycell\/","url":"https:\/\/saludsostenible.es\/product\/ergycell\/","name":"ERGYCELL - Salud Sostenible by Fabrice Lef&egrave;vre Institute","isPartOf":{"@id":"https:\/\/saludsostenible.es\/#website"},"primaryImageOfPage":{"@id":"https:\/\/saludsostenible.es\/product\/ergycell\/#primaryimage"},"image":{"@id":"https:\/\/saludsostenible.es\/product\/ergycell\/#primaryimage"},"thumbnailUrl":"https:\/\/saludsostenible.es\/wp-content\/uploads\/2025\/09\/ergycell.jpg","datePublished":"2025-09-10T20:14:55+00:00","dateModified":"2025-09-10T20:15:05+00:00","breadcrumb":{"@id":"https:\/\/saludsostenible.es\/product\/ergycell\/#breadcrumb"},"inLanguage":"en-GB","potentialAction":[{"@type":"ReadAction","target":["https:\/\/saludsostenible.es\/product\/ergycell\/"]}]},{"@type":"ImageObject","inLanguage":"en-GB","@id":"https:\/\/saludsostenible.es\/product\/ergycell\/#primaryimage","url":"https:\/\/saludsostenible.es\/wp-content\/uploads\/2025\/09\/ergycell.jpg","contentUrl":"https:\/\/saludsostenible.es\/wp-content\/uploads\/2025\/09\/ergycell.jpg","width":600,"height":600},{"@type":"BreadcrumbList","@id":"https:\/\/saludsostenible.es\/product\/ergycell\/#breadcrumb","itemListElement":[{"@type":"ListItem","position":1,"name":"Home","item":"https:\/\/saludsostenible.es\/"},{"@type":"ListItem","position":2,"name":"Tienda","item":"https:\/\/saludsostenible.es\/tienda\/"},{"@type":"ListItem","position":3,"name":"ERGYCELL"}]},{"@type":"WebSite","@id":"https:\/\/saludsostenible.es\/#website","url":"https:\/\/saludsostenible.es\/","name":"Salud Sostenible Beauty & Longevity","description":"Plataforma de consulta online y acceso a especialistas privados: salud integrativa, beauty y longevidad. Inicia tu perfil de salud metab\u00f3lica.","publisher":{"@id":"https:\/\/saludsostenible.es\/#organization"},"alternateName":"Salud Sostenible","potentialAction":[{"@type":"SearchAction","target":{"@type":"EntryPoint","urlTemplate":"https:\/\/saludsostenible.es\/?s={search_term_string}"},"query-input":{"@type":"PropertyValueSpecification","valueRequired":true,"valueName":"search_term_string"}}],"inLanguage":"en-GB"},{"@type":"Organization","@id":"https:\/\/saludsostenible.es\/#organization","name":"Salud Sostenible by Fabrice Lef\u00e8vre Institute","alternateName":"Osteopat\u00eda en Barcelona, Madrid y Marbella","url":"https:\/\/saludsostenible.es\/","logo":{"@type":"ImageObject","inLanguage":"en-GB","@id":"https:\/\/saludsostenible.es\/#\/schema\/logo\/image\/","url":"https:\/\/saludsostenible.es\/wp-content\/uploads\/2024\/08\/probodyone-blog.jpg","contentUrl":"https:\/\/saludsostenible.es\/wp-content\/uploads\/2024\/08\/probodyone-blog.jpg","width":1600,"height":550,"caption":"Salud Sostenible by Fabrice Lef\u00e8vre Institute"},"image":{"@id":"https:\/\/saludsostenible.es\/#\/schema\/logo\/image\/"},"sameAs":["https:\/\/www.facebook.com\/ProbodyoneBarcelona","https:\/\/x.com\/probodyone","https:\/\/www.youtube.com\/@Probodyone\/videos"]}]}},"_links":{"self":[{"href":"https:\/\/saludsostenible.es\/en\/wp-json\/wp\/v2\/product\/501111","targetHints":{"allow":["GET"]}}],"collection":[{"href":"https:\/\/saludsostenible.es\/en\/wp-json\/wp\/v2\/product"}],"about":[{"href":"https:\/\/saludsostenible.es\/en\/wp-json\/wp\/v2\/types\/product"}],"wp:featuredmedia":[{"embeddable":true,"href":"https:\/\/saludsostenible.es\/en\/wp-json\/wp\/v2\/media\/501112"}],"wp:attachment":[{"href":"https:\/\/saludsostenible.es\/en\/wp-json\/wp\/v2\/media?parent=501111"}],"wp:term":[{"taxonomy":"product_brand","embeddable":true,"href":"https:\/\/saludsostenible.es\/en\/wp-json\/wp\/v2\/product_brand?post=501111"},{"taxonomy":"product_cat","embeddable":true,"href":"https:\/\/saludsostenible.es\/en\/wp-json\/wp\/v2\/product_cat?post=501111"},{"taxonomy":"product_tag","embeddable":true,"href":"https:\/\/saludsostenible.es\/en\/wp-json\/wp\/v2\/product_tag?post=501111"}],"curies":[{"name":"wp","href":"https:\/\/api.w.org\/{rel}","templated":true}]}}