{"id":501114,"date":"2025-09-10T20:14:55","date_gmt":"2025-09-10T20:14:55","guid":{"rendered":"https:\/\/saludsostenible.es\/product\/precio-1550e-30-comprimidos\/"},"modified":"2026-04-27T21:31:56","modified_gmt":"2026-04-27T21:31:56","slug":"precio-1550e-30-comprimidos","status":"publish","type":"product","link":"https:\/\/saludsostenible.es\/en\/product\/precio-1550e-30-comprimidos\/","title":{"rendered":"*30 COMPRIMIDOS"},"content":{"rendered":"<p>Indicaciones<br \/>\nApoyo a la salud de las articulaciones<br \/>\nBienestar huesos y articulaciones<br \/>\nBienestar digestivo.<br \/>\nVentajas<br \/>\nPresentaci\u00f3n de bolsillo : 30 comprimidos<br \/>\nR\u00e1pido y buena tolerancia<br \/>\nEl harpagofito, curcuma y boswelia contribuyen a favorecer el bienestar de huesos y articulaciones.<br \/>\nEl Bamb\u00fa favorece el bienestar de las articulaciones y el T\u00e9 Verde contribuye a la protecci\u00f3n antioxidante.<br \/>\nIngredientesExtracto seco de Harpagofito (Harpagophytum\u00a0 procumbens (Burch.) DC., 2% Harpagosidos), extracto seco de T\u00e9 verde (Camellia sinensis (L.) Kuntze,95% polifenoles, 70% catequinas, 40% EGCG (Epigalocatequina-3-Galato), extracto seco de Matricaria camomilla, (Matricaria recutita L., 1% flavonas), extracto seco de C\u00farcuma longa (Curcuma longa L., 50% curcuminoides), extracto seco de Boswellia (Boswellia serrata Roxb. Ex Colebr, 10% \u00e1cidos bosw\u00e9licos (AKBA)) y extracto seco de Sauce blanco (Salix alba L., 25% salicina), Fibra de arroz (oryza sativa) y Antiaglomerantes: Estearato de magnesio.<br \/>\nPlantas de origen UE y no UE.<br \/>\nIngrediente<br \/>\nCantidad por 2 comprimidos<br \/>\n% VRN*<br \/>\nExtracto seco de Harpagofito(Harpagophytum procumbens, 2 % harpag\u00f3sidos)<br \/>\n300 mg<br \/>\n\u2014<br \/>\nExtracto seco de T\u00e9 verde(Camellia sinensis, 95 % polifenoles, 70 % catequinas, 40 % EGCG)<br \/>\n250 mg<br \/>\n\u2014<br \/>\nExtracto seco de Matricaria camomilla(Matricaria recutita, 1 % flavonas)<br \/>\n200 mg<br \/>\n\u2014<br \/>\nExtracto seco de C\u00farcuma longa(Curcuma longa, 50 % curcuminoides)<br \/>\n200 mg<br \/>\n\u2014<br \/>\nExtracto seco de Boswellia serrata(10 % \u00e1cidos bosw\u00e9licos)<br \/>\n100 mg<br \/>\n\u2014<br \/>\nExtracto seco de Sauce blanco(Salix alba, 25 % salicina)<br \/>\n83,33 mg<br \/>\n\u2014<br \/>\nLibre de:<br \/>\nGluten<br \/>\nLactosa<br \/>\nConservantes<br \/>\nColorantes artificiales<br \/>\nIndicaciones de uso<br \/>\n2 comprimidos al d\u00eda\u00a0durante el desayuno con agua o seg\u00fan indique el profesional de la salud<br \/>\nPrecauciones<br \/>\nUn consumo excesivo puede producir efectos laxantes.<br \/>\nNo utilizar en caso de \u00falcera g\u00e1strica o duodenal o c\u00e1lculos biliares (harpagofito).<br \/>\nNo debe ser consumido por mujeres embarazadas o en per\u00edodo de lactancia, ni por menores de 18 a\u00f1os (t\u00e9 verde, c\u00farcuma) ni en caso de alergia a los derivados salic\u00edlicos (sauce).<br \/>\nConsulte con su m\u00e9dico o farmac\u00e9utico en caso de toma simult\u00e1nea de anticoagulantes, de medicamentos, o de patolog\u00eda hep\u00e1tica (c\u00farcuma).<br \/>\nNo debe consumirse si ya se consumen, en el mismo d\u00eda, otros productos que contengan t\u00e9 verde (no superar la dosis de 800 mg de EGCG (t\u00e9 verde) al d\u00eda).<br \/>\nNo debe tomarse con el est\u00f3mago vac\u00edo (t\u00e9 verde).<br \/>\nERGYFLEX<\/p>","protected":false},"excerpt":{"rendered":"<p>ERGYCOX es un complemento alimenticio formulado para el bienestar articular y muscular. Combina extractos de plantas antiinflamatorias naturales, antioxidantes, minerales y nutrientes que ayudan a mantener la flexibilidad de las articulaciones, reducir la inflamaci\u00f3n y proteger el cart\u00edlago frente al desgaste.<\/p>","protected":false},"featured_media":501115,"template":"","meta":[],"product_brand":[185],"product_cat":[186,262],"product_tag":[],"class_list":{"0":"post-501114","1":"product","2":"type-product","3":"status-publish","4":"has-post-thumbnail","6":"product_brand-laboratorio-nutergia","7":"product_cat-laboratorio-nutergia","8":"product_cat-suplementos-micronutricionales","9":"product_shipping_class-producto-fisico","11":"first","12":"instock","13":"purchasable","14":"product-type-simple"},"yoast_head":"<!-- This site is optimized with the Yoast SEO Premium plugin v22.9 (Yoast SEO v27.6) - https:\/\/yoast.com\/product\/yoast-seo-premium-wordpress\/ -->\n<title>*30 COMPRIMIDOS - Salud Sostenible by Fabrice Lef&egrave;vre Institute<\/title>\n<meta name=\"robots\" content=\"index, follow, max-snippet:-1, max-image-preview:large, max-video-preview:-1\" \/>\n<link rel=\"canonical\" href=\"https:\/\/saludsostenible.es\/en\/product\/precio-1550e-30-comprimidos\/\" \/>\n<meta property=\"og:locale\" content=\"en_GB\" \/>\n<meta property=\"og:type\" content=\"article\" \/>\n<meta property=\"og:title\" content=\"*30 COMPRIMIDOS\" \/>\n<meta property=\"og:description\" content=\"ERGYCOX es un complemento alimenticio formulado para el bienestar articular y muscular. Combina extractos de plantas antiinflamatorias naturales, antioxidantes, minerales y nutrientes que ayudan a mantener la flexibilidad de las articulaciones, reducir la inflamaci\u00f3n y proteger el cart\u00edlago frente al desgaste.\" \/>\n<meta property=\"og:url\" content=\"https:\/\/saludsostenible.es\/en\/product\/precio-1550e-30-comprimidos\/\" \/>\n<meta property=\"og:site_name\" content=\"Salud Sostenible by Fabrice Lef&egrave;vre Institute\" \/>\n<meta property=\"article:publisher\" content=\"https:\/\/www.facebook.com\/ProbodyoneBarcelona\" \/>\n<meta property=\"article:modified_time\" content=\"2026-04-27T21:31:56+00:00\" \/>\n<meta property=\"og:image\" content=\"https:\/\/saludsostenible.es\/wp-content\/uploads\/2025\/09\/precio-1550-30-comprimidos.jpg\" \/>\n\t<meta property=\"og:image:width\" content=\"600\" \/>\n\t<meta property=\"og:image:height\" content=\"600\" \/>\n\t<meta property=\"og:image:type\" content=\"image\/png\" \/>\n<meta name=\"twitter:card\" content=\"summary_large_image\" \/>\n<meta name=\"twitter:site\" content=\"@probodyone\" \/>\n<meta name=\"twitter:label1\" content=\"Estimated reading time\" \/>\n\t<meta name=\"twitter:data1\" content=\"2 minutes\" \/>\n<script type=\"application\/ld+json\" class=\"yoast-schema-graph\">{\"@context\":\"https:\\\/\\\/schema.org\",\"@graph\":[{\"@type\":\"WebPage\",\"@id\":\"https:\\\/\\\/saludsostenible.es\\\/product\\\/precio-1550e-30-comprimidos\\\/\",\"url\":\"https:\\\/\\\/saludsostenible.es\\\/product\\\/precio-1550e-30-comprimidos\\\/\",\"name\":\"*30 COMPRIMIDOS - Salud Sostenible by Fabrice Lef&egrave;vre Institute\",\"isPartOf\":{\"@id\":\"https:\\\/\\\/saludsostenible.es\\\/#website\"},\"primaryImageOfPage\":{\"@id\":\"https:\\\/\\\/saludsostenible.es\\\/product\\\/precio-1550e-30-comprimidos\\\/#primaryimage\"},\"image\":{\"@id\":\"https:\\\/\\\/saludsostenible.es\\\/product\\\/precio-1550e-30-comprimidos\\\/#primaryimage\"},\"thumbnailUrl\":\"https:\\\/\\\/saludsostenible.es\\\/wp-content\\\/uploads\\\/2025\\\/09\\\/precio-1550-30-comprimidos.jpg\",\"datePublished\":\"2025-09-10T20:14:55+00:00\",\"dateModified\":\"2026-04-27T21:31:56+00:00\",\"breadcrumb\":{\"@id\":\"https:\\\/\\\/saludsostenible.es\\\/product\\\/precio-1550e-30-comprimidos\\\/#breadcrumb\"},\"inLanguage\":\"en-GB\",\"potentialAction\":[{\"@type\":\"ReadAction\",\"target\":[\"https:\\\/\\\/saludsostenible.es\\\/product\\\/precio-1550e-30-comprimidos\\\/\"]}]},{\"@type\":\"ImageObject\",\"inLanguage\":\"en-GB\",\"@id\":\"https:\\\/\\\/saludsostenible.es\\\/product\\\/precio-1550e-30-comprimidos\\\/#primaryimage\",\"url\":\"https:\\\/\\\/saludsostenible.es\\\/wp-content\\\/uploads\\\/2025\\\/09\\\/precio-1550-30-comprimidos.jpg\",\"contentUrl\":\"https:\\\/\\\/saludsostenible.es\\\/wp-content\\\/uploads\\\/2025\\\/09\\\/precio-1550-30-comprimidos.jpg\",\"width\":600,\"height\":600},{\"@type\":\"BreadcrumbList\",\"@id\":\"https:\\\/\\\/saludsostenible.es\\\/product\\\/precio-1550e-30-comprimidos\\\/#breadcrumb\",\"itemListElement\":[{\"@type\":\"ListItem\",\"position\":1,\"name\":\"Home\",\"item\":\"https:\\\/\\\/saludsostenible.es\\\/\"},{\"@type\":\"ListItem\",\"position\":2,\"name\":\"Tienda\",\"item\":\"https:\\\/\\\/saludsostenible.es\\\/tienda\\\/\"},{\"@type\":\"ListItem\",\"position\":3,\"name\":\"*30 COMPRIMIDOS\"}]},{\"@type\":\"WebSite\",\"@id\":\"https:\\\/\\\/saludsostenible.es\\\/#website\",\"url\":\"https:\\\/\\\/saludsostenible.es\\\/\",\"name\":\"Salud Sostenible Beauty & Longevity\",\"description\":\"Plataforma de consulta online y acceso a especialistas privados: salud integrativa, beauty y longevidad. Inicia tu perfil de salud metab\u00f3lica.\",\"publisher\":{\"@id\":\"https:\\\/\\\/saludsostenible.es\\\/#organization\"},\"alternateName\":\"Salud Sostenible\",\"potentialAction\":[{\"@type\":\"SearchAction\",\"target\":{\"@type\":\"EntryPoint\",\"urlTemplate\":\"https:\\\/\\\/saludsostenible.es\\\/?s={search_term_string}\"},\"query-input\":{\"@type\":\"PropertyValueSpecification\",\"valueRequired\":true,\"valueName\":\"search_term_string\"}}],\"inLanguage\":\"en-GB\"},{\"@type\":\"Organization\",\"@id\":\"https:\\\/\\\/saludsostenible.es\\\/#organization\",\"name\":\"Salud Sostenible by Fabrice Lef\u00e8vre Institute\",\"alternateName\":\"Osteopat\u00eda en Barcelona, Madrid y Marbella\",\"url\":\"https:\\\/\\\/saludsostenible.es\\\/\",\"logo\":{\"@type\":\"ImageObject\",\"inLanguage\":\"en-GB\",\"@id\":\"https:\\\/\\\/saludsostenible.es\\\/#\\\/schema\\\/logo\\\/image\\\/\",\"url\":\"https:\\\/\\\/saludsostenible.es\\\/wp-content\\\/uploads\\\/2024\\\/08\\\/probodyone-blog.jpg\",\"contentUrl\":\"https:\\\/\\\/saludsostenible.es\\\/wp-content\\\/uploads\\\/2024\\\/08\\\/probodyone-blog.jpg\",\"width\":1600,\"height\":550,\"caption\":\"Salud Sostenible by Fabrice Lef\u00e8vre Institute\"},\"image\":{\"@id\":\"https:\\\/\\\/saludsostenible.es\\\/#\\\/schema\\\/logo\\\/image\\\/\"},\"sameAs\":[\"https:\\\/\\\/www.facebook.com\\\/ProbodyoneBarcelona\",\"https:\\\/\\\/x.com\\\/probodyone\",\"https:\\\/\\\/www.youtube.com\\\/@Probodyone\\\/videos\"]}]}<\/script>\n<!-- \/ Yoast SEO Premium plugin. -->","yoast_head_json":{"title":"*30 COMPRIMIDOS - Salud Sostenible by Fabrice Lef&egrave;vre Institute","robots":{"index":"index","follow":"follow","max-snippet":"max-snippet:-1","max-image-preview":"max-image-preview:large","max-video-preview":"max-video-preview:-1"},"canonical":"https:\/\/saludsostenible.es\/en\/product\/precio-1550e-30-comprimidos\/","og_locale":"en_GB","og_type":"article","og_title":"*30 COMPRIMIDOS","og_description":"ERGYCOX es un complemento alimenticio formulado para el bienestar articular y muscular. Combina extractos de plantas antiinflamatorias naturales, antioxidantes, minerales y nutrientes que ayudan a mantener la flexibilidad de las articulaciones, reducir la inflamaci\u00f3n y proteger el cart\u00edlago frente al desgaste.","og_url":"https:\/\/saludsostenible.es\/en\/product\/precio-1550e-30-comprimidos\/","og_site_name":"Salud Sostenible by Fabrice Lef&egrave;vre Institute","article_publisher":"https:\/\/www.facebook.com\/ProbodyoneBarcelona","article_modified_time":"2026-04-27T21:31:56+00:00","og_image":[{"width":600,"height":600,"url":"https:\/\/saludsostenible.es\/wp-content\/uploads\/2025\/09\/precio-1550-30-comprimidos.jpg","type":"image\/png"}],"twitter_card":"summary_large_image","twitter_site":"@probodyone","twitter_misc":{"Estimated reading time":"2 minutes"},"schema":{"@context":"https:\/\/schema.org","@graph":[{"@type":"WebPage","@id":"https:\/\/saludsostenible.es\/product\/precio-1550e-30-comprimidos\/","url":"https:\/\/saludsostenible.es\/product\/precio-1550e-30-comprimidos\/","name":"*30 COMPRIMIDOS - Salud Sostenible by Fabrice Lef&egrave;vre Institute","isPartOf":{"@id":"https:\/\/saludsostenible.es\/#website"},"primaryImageOfPage":{"@id":"https:\/\/saludsostenible.es\/product\/precio-1550e-30-comprimidos\/#primaryimage"},"image":{"@id":"https:\/\/saludsostenible.es\/product\/precio-1550e-30-comprimidos\/#primaryimage"},"thumbnailUrl":"https:\/\/saludsostenible.es\/wp-content\/uploads\/2025\/09\/precio-1550-30-comprimidos.jpg","datePublished":"2025-09-10T20:14:55+00:00","dateModified":"2026-04-27T21:31:56+00:00","breadcrumb":{"@id":"https:\/\/saludsostenible.es\/product\/precio-1550e-30-comprimidos\/#breadcrumb"},"inLanguage":"en-GB","potentialAction":[{"@type":"ReadAction","target":["https:\/\/saludsostenible.es\/product\/precio-1550e-30-comprimidos\/"]}]},{"@type":"ImageObject","inLanguage":"en-GB","@id":"https:\/\/saludsostenible.es\/product\/precio-1550e-30-comprimidos\/#primaryimage","url":"https:\/\/saludsostenible.es\/wp-content\/uploads\/2025\/09\/precio-1550-30-comprimidos.jpg","contentUrl":"https:\/\/saludsostenible.es\/wp-content\/uploads\/2025\/09\/precio-1550-30-comprimidos.jpg","width":600,"height":600},{"@type":"BreadcrumbList","@id":"https:\/\/saludsostenible.es\/product\/precio-1550e-30-comprimidos\/#breadcrumb","itemListElement":[{"@type":"ListItem","position":1,"name":"Home","item":"https:\/\/saludsostenible.es\/"},{"@type":"ListItem","position":2,"name":"Tienda","item":"https:\/\/saludsostenible.es\/tienda\/"},{"@type":"ListItem","position":3,"name":"*30 COMPRIMIDOS"}]},{"@type":"WebSite","@id":"https:\/\/saludsostenible.es\/#website","url":"https:\/\/saludsostenible.es\/","name":"Salud Sostenible Beauty & Longevity","description":"Plataforma de consulta online y acceso a especialistas privados: salud integrativa, beauty y longevidad. Inicia tu perfil de salud metab\u00f3lica.","publisher":{"@id":"https:\/\/saludsostenible.es\/#organization"},"alternateName":"Salud Sostenible","potentialAction":[{"@type":"SearchAction","target":{"@type":"EntryPoint","urlTemplate":"https:\/\/saludsostenible.es\/?s={search_term_string}"},"query-input":{"@type":"PropertyValueSpecification","valueRequired":true,"valueName":"search_term_string"}}],"inLanguage":"en-GB"},{"@type":"Organization","@id":"https:\/\/saludsostenible.es\/#organization","name":"Salud Sostenible by Fabrice Lef\u00e8vre Institute","alternateName":"Osteopat\u00eda en Barcelona, Madrid y Marbella","url":"https:\/\/saludsostenible.es\/","logo":{"@type":"ImageObject","inLanguage":"en-GB","@id":"https:\/\/saludsostenible.es\/#\/schema\/logo\/image\/","url":"https:\/\/saludsostenible.es\/wp-content\/uploads\/2024\/08\/probodyone-blog.jpg","contentUrl":"https:\/\/saludsostenible.es\/wp-content\/uploads\/2024\/08\/probodyone-blog.jpg","width":1600,"height":550,"caption":"Salud Sostenible by Fabrice Lef\u00e8vre Institute"},"image":{"@id":"https:\/\/saludsostenible.es\/#\/schema\/logo\/image\/"},"sameAs":["https:\/\/www.facebook.com\/ProbodyoneBarcelona","https:\/\/x.com\/probodyone","https:\/\/www.youtube.com\/@Probodyone\/videos"]}]}},"_links":{"self":[{"href":"https:\/\/saludsostenible.es\/en\/wp-json\/wp\/v2\/product\/501114","targetHints":{"allow":["GET"]}}],"collection":[{"href":"https:\/\/saludsostenible.es\/en\/wp-json\/wp\/v2\/product"}],"about":[{"href":"https:\/\/saludsostenible.es\/en\/wp-json\/wp\/v2\/types\/product"}],"wp:featuredmedia":[{"embeddable":true,"href":"https:\/\/saludsostenible.es\/en\/wp-json\/wp\/v2\/media\/501115"}],"wp:attachment":[{"href":"https:\/\/saludsostenible.es\/en\/wp-json\/wp\/v2\/media?parent=501114"}],"wp:term":[{"taxonomy":"product_brand","embeddable":true,"href":"https:\/\/saludsostenible.es\/en\/wp-json\/wp\/v2\/product_brand?post=501114"},{"taxonomy":"product_cat","embeddable":true,"href":"https:\/\/saludsostenible.es\/en\/wp-json\/wp\/v2\/product_cat?post=501114"},{"taxonomy":"product_tag","embeddable":true,"href":"https:\/\/saludsostenible.es\/en\/wp-json\/wp\/v2\/product_tag?post=501114"}],"curies":[{"name":"wp","href":"https:\/\/api.w.org\/{rel}","templated":true}]}}