{"id":501116,"date":"2025-09-10T20:14:55","date_gmt":"2025-09-10T20:14:55","guid":{"rendered":"https:\/\/saludsostenible.es\/product\/ergyflex\/"},"modified":"2025-09-10T20:15:10","modified_gmt":"2025-09-10T20:15:10","slug":"ergyflex","status":"publish","type":"product","link":"https:\/\/saludsostenible.es\/en\/product\/ergyflex\/","title":{"rendered":"ERGYFLEX"},"content":{"rendered":"<p>Indicaciones<br \/>\nFlexibilidad articular.<br \/>\nRemineralizaci\u00f3n del organismo<br \/>\nMantenimiento de la flexibilidad de las articulaciones y de los tendones.<br \/>\nLa c\u00farcuma (1) ayuda a mantener la salud y la movilidad de las articulaciones y a fortalecer el aparato locomotor, incluidas las articulaciones.La vitamina C optimiza la formaci\u00f3n normal de col\u00e1geno para garantizar el buen funcionamiento de los cart\u00edlagos y los huesos.<br \/>\nEl manganeso(2) y el cobre(3) contribuyen, respectivamente, a la formaci\u00f3n normal y al mantenimiento del tejido conectivo sano, como el cart\u00edlago.<br \/>\nVentajas<br \/>\nActivos seleccionados:<br \/>\nCol\u00e1geno hidrolizado<br \/>\nAcido hialur\u00f3nico y Glucosamina de origen vegetal<br \/>\nSulfato de glucosamina no alerg\u00e9nico = no procedente de mariscos. Sulfato de condroitina de pescado.<br \/>\nCondroitina y glucosamina de fabricantes con certificaci\u00f3n ISO 22000.<br \/>\nC\u00farcuma patentada BCM 95\u00ae<br \/>\nAsociaci\u00f3n completa de activos<br \/>\nValidado por deportistas de alto nivel<br \/>\nIngredientes<br \/>\nCol\u00e1geno marino hidrolizado (pescado), glucosamina sulfato 2KCl de origen vegetal, condroitina sulfato de sodio (pescado), metilsulfonilmetano, citrato de magnesio, L-ascorbato de calcio, L-lisina, sabor natural de lim\u00f3n con otros sabores naturales, sabor natural de manzana, extracto de c\u00farcuma BCM-95\u00ae (Curcuma longa L.), \u00e1cido hialur\u00f3nico, acidificante: \u00e1cido c\u00edtrico; citratos de zinc y de manganeso, edulcorante: glic\u00f3sidos de steviol; estabilizante: gluconato de sodio; gluconato de cobre.<br \/>\nComposici\u00f3n (por dosis recomendada)<br \/>\nIngrediente<br \/>\nCantidad por 1 sobre<br \/>\n% IR*<br \/>\nCol\u00e1geno marino hidrolizado (pescado)<br \/>\n1 500 mg<br \/>\n\u2014<br \/>\n\u2022 Glicina<br \/>\n370 mg<br \/>\n\u2014<br \/>\n\u2022 Prolina<br \/>\n150 mg<br \/>\n\u2014<br \/>\nGlucosamina sulfato 2KCl (origen vegetal)<br \/>\n500 mg<br \/>\n\u2014<br \/>\nCondroitina sulfato (pescado)<br \/>\n500 mg<br \/>\n\u2014<br \/>\nMetilsulfonilmetano (MSM)<br \/>\n500 mg<br \/>\n\u2014<br \/>\n\u00c1cido hialur\u00f3nico<br \/>\n60 mg<br \/>\n\u2014<br \/>\nExtracto de c\u00farcuma BCM-95\u00ae (Curcuma longa L.)<br \/>\n77 mg<br \/>\n\u2014<br \/>\n\u2022 Curcuminoides<br \/>\n30 mg<br \/>\n\u2014<br \/>\nVitamina C (L-ascorbato de calcio)<br \/>\n180 mg<br \/>\n225 %<br \/>\nMagnesio (citrato)<br \/>\n75 mg<br \/>\n20 %<br \/>\nZinc (citrato)<br \/>\n3 mg<br \/>\n30 %<br \/>\nManganeso (citrato)<br \/>\n0,6 mg<br \/>\n30 %<br \/>\nCobre (gluconato)<br \/>\n0,3 mg<br \/>\n30 %<br \/>\nL-lisina<br \/>\n200 mg<br \/>\n\u2014<br \/>\nLibre de:<br \/>\nGluten<br \/>\nLactosa<br \/>\nConservantes<br \/>\nColorantes artificiales<br \/>\nIndicaciones de uso<br \/>\n1 sobre al d\u00eda diluido en 1\/2 vaso con agua (150 ml) a tomar junto con la comida.\u00a0(Para una buena disoluci\u00f3n, verter el polvo y a continuaci\u00f3n el agua poco a poco, sin dejar de remover)<br \/>\nPrecauciones<br \/>\nDesaconsejado para los ni\u00f1os, adolescentes, embarazo y lactancia, personas prediab\u00e9ticas, diab\u00e9ticas, asm\u00e1ticas, en tratamiento con vitamina K o cuya dieta est\u00e1 controlada en sodio o potasio ( glucosamina y condroitina)<br \/>\nSe recomienda consultar con un profesional de la salud en caso de enfermedad de h\u00edgado o de ves\u00edcula biliar o uso simult\u00e1neo con anticoagulantes ( c\u00farcuma)<br \/>\nNo superar las dosis diaria recomendadas<br \/>\nERGYNATAL<\/p>","protected":false},"excerpt":{"rendered":"<p>ERGYFLEX es un complemento alimenticio dise\u00f1ado para el confort articular. Su f\u00f3rmula contiene col\u00e1geno marino, \u00e1cido hialur\u00f3nico, vitaminas, minerales y antioxidantes naturales que contribuyen a mantener la salud de las articulaciones, cart\u00edlagos y tejidos conectivos, favoreciendo la flexibilidad y movilidad articular.<\/p>","protected":false},"featured_media":501117,"template":"","meta":[],"product_brand":[185],"product_cat":[252,186,280,262],"product_tag":[],"class_list":{"0":"post-501116","1":"product","2":"type-product","3":"status-publish","4":"has-post-thumbnail","6":"product_brand-laboratorio-nutergia","7":"product_cat-huesos-articulaciones-musculos","8":"product_cat-laboratorio-nutergia","9":"product_cat-salud-antiinflamatoria","10":"product_cat-suplementos-micronutricionales","12":"first","13":"instock","14":"purchasable","15":"product-type-simple"},"yoast_head":"<!-- This site is optimized with the Yoast SEO Premium plugin v22.9 (Yoast SEO v27.6) - https:\/\/yoast.com\/product\/yoast-seo-premium-wordpress\/ -->\n<title>ERGYFLEX - Salud Sostenible by Fabrice Lef&egrave;vre Institute<\/title>\n<meta name=\"robots\" content=\"index, follow, max-snippet:-1, max-image-preview:large, max-video-preview:-1\" \/>\n<link rel=\"canonical\" href=\"https:\/\/saludsostenible.es\/en\/product\/ergyflex\/\" \/>\n<meta property=\"og:locale\" content=\"en_GB\" \/>\n<meta property=\"og:type\" content=\"article\" \/>\n<meta property=\"og:title\" content=\"ERGYFLEX\" \/>\n<meta property=\"og:description\" content=\"ERGYFLEX es un complemento alimenticio dise\u00f1ado para el confort articular. Su f\u00f3rmula contiene col\u00e1geno marino, \u00e1cido hialur\u00f3nico, vitaminas, minerales y antioxidantes naturales que contribuyen a mantener la salud de las articulaciones, cart\u00edlagos y tejidos conectivos, favoreciendo la flexibilidad y movilidad articular.\" \/>\n<meta property=\"og:url\" content=\"https:\/\/saludsostenible.es\/en\/product\/ergyflex\/\" \/>\n<meta property=\"og:site_name\" content=\"Salud Sostenible by Fabrice Lef&egrave;vre Institute\" \/>\n<meta property=\"article:publisher\" content=\"https:\/\/www.facebook.com\/ProbodyoneBarcelona\" \/>\n<meta property=\"article:modified_time\" content=\"2025-09-10T20:15:10+00:00\" \/>\n<meta property=\"og:image\" content=\"https:\/\/saludsostenible.es\/wp-content\/uploads\/2025\/09\/ergyflex.jpg\" \/>\n\t<meta property=\"og:image:width\" content=\"600\" \/>\n\t<meta property=\"og:image:height\" content=\"600\" \/>\n\t<meta property=\"og:image:type\" content=\"image\/png\" \/>\n<meta name=\"twitter:card\" content=\"summary_large_image\" \/>\n<meta name=\"twitter:site\" content=\"@probodyone\" \/>\n<meta name=\"twitter:label1\" content=\"Estimated reading time\" \/>\n\t<meta name=\"twitter:data1\" content=\"2 minutes\" \/>\n<script type=\"application\/ld+json\" class=\"yoast-schema-graph\">{\"@context\":\"https:\\\/\\\/schema.org\",\"@graph\":[{\"@type\":\"WebPage\",\"@id\":\"https:\\\/\\\/saludsostenible.es\\\/product\\\/ergyflex\\\/\",\"url\":\"https:\\\/\\\/saludsostenible.es\\\/product\\\/ergyflex\\\/\",\"name\":\"ERGYFLEX - Salud Sostenible by Fabrice Lef&egrave;vre Institute\",\"isPartOf\":{\"@id\":\"https:\\\/\\\/saludsostenible.es\\\/#website\"},\"primaryImageOfPage\":{\"@id\":\"https:\\\/\\\/saludsostenible.es\\\/product\\\/ergyflex\\\/#primaryimage\"},\"image\":{\"@id\":\"https:\\\/\\\/saludsostenible.es\\\/product\\\/ergyflex\\\/#primaryimage\"},\"thumbnailUrl\":\"https:\\\/\\\/saludsostenible.es\\\/wp-content\\\/uploads\\\/2025\\\/09\\\/ergyflex.jpg\",\"datePublished\":\"2025-09-10T20:14:55+00:00\",\"dateModified\":\"2025-09-10T20:15:10+00:00\",\"breadcrumb\":{\"@id\":\"https:\\\/\\\/saludsostenible.es\\\/product\\\/ergyflex\\\/#breadcrumb\"},\"inLanguage\":\"en-GB\",\"potentialAction\":[{\"@type\":\"ReadAction\",\"target\":[\"https:\\\/\\\/saludsostenible.es\\\/product\\\/ergyflex\\\/\"]}]},{\"@type\":\"ImageObject\",\"inLanguage\":\"en-GB\",\"@id\":\"https:\\\/\\\/saludsostenible.es\\\/product\\\/ergyflex\\\/#primaryimage\",\"url\":\"https:\\\/\\\/saludsostenible.es\\\/wp-content\\\/uploads\\\/2025\\\/09\\\/ergyflex.jpg\",\"contentUrl\":\"https:\\\/\\\/saludsostenible.es\\\/wp-content\\\/uploads\\\/2025\\\/09\\\/ergyflex.jpg\",\"width\":600,\"height\":600},{\"@type\":\"BreadcrumbList\",\"@id\":\"https:\\\/\\\/saludsostenible.es\\\/product\\\/ergyflex\\\/#breadcrumb\",\"itemListElement\":[{\"@type\":\"ListItem\",\"position\":1,\"name\":\"Home\",\"item\":\"https:\\\/\\\/saludsostenible.es\\\/\"},{\"@type\":\"ListItem\",\"position\":2,\"name\":\"Tienda\",\"item\":\"https:\\\/\\\/saludsostenible.es\\\/tienda\\\/\"},{\"@type\":\"ListItem\",\"position\":3,\"name\":\"ERGYFLEX\"}]},{\"@type\":\"WebSite\",\"@id\":\"https:\\\/\\\/saludsostenible.es\\\/#website\",\"url\":\"https:\\\/\\\/saludsostenible.es\\\/\",\"name\":\"Salud Sostenible Beauty & Longevity\",\"description\":\"Plataforma de consulta online y acceso a especialistas privados: salud integrativa, beauty y longevidad. Inicia tu perfil de salud metab\u00f3lica.\",\"publisher\":{\"@id\":\"https:\\\/\\\/saludsostenible.es\\\/#organization\"},\"alternateName\":\"Salud Sostenible\",\"potentialAction\":[{\"@type\":\"SearchAction\",\"target\":{\"@type\":\"EntryPoint\",\"urlTemplate\":\"https:\\\/\\\/saludsostenible.es\\\/?s={search_term_string}\"},\"query-input\":{\"@type\":\"PropertyValueSpecification\",\"valueRequired\":true,\"valueName\":\"search_term_string\"}}],\"inLanguage\":\"en-GB\"},{\"@type\":\"Organization\",\"@id\":\"https:\\\/\\\/saludsostenible.es\\\/#organization\",\"name\":\"Salud Sostenible by Fabrice Lef\u00e8vre Institute\",\"alternateName\":\"Osteopat\u00eda en Barcelona, Madrid y Marbella\",\"url\":\"https:\\\/\\\/saludsostenible.es\\\/\",\"logo\":{\"@type\":\"ImageObject\",\"inLanguage\":\"en-GB\",\"@id\":\"https:\\\/\\\/saludsostenible.es\\\/#\\\/schema\\\/logo\\\/image\\\/\",\"url\":\"https:\\\/\\\/saludsostenible.es\\\/wp-content\\\/uploads\\\/2024\\\/08\\\/probodyone-blog.jpg\",\"contentUrl\":\"https:\\\/\\\/saludsostenible.es\\\/wp-content\\\/uploads\\\/2024\\\/08\\\/probodyone-blog.jpg\",\"width\":1600,\"height\":550,\"caption\":\"Salud Sostenible by Fabrice Lef\u00e8vre Institute\"},\"image\":{\"@id\":\"https:\\\/\\\/saludsostenible.es\\\/#\\\/schema\\\/logo\\\/image\\\/\"},\"sameAs\":[\"https:\\\/\\\/www.facebook.com\\\/ProbodyoneBarcelona\",\"https:\\\/\\\/x.com\\\/probodyone\",\"https:\\\/\\\/www.youtube.com\\\/@Probodyone\\\/videos\"]}]}<\/script>\n<!-- \/ Yoast SEO Premium plugin. -->","yoast_head_json":{"title":"ERGYFLEX - Salud Sostenible by Fabrice Lef&egrave;vre Institute","robots":{"index":"index","follow":"follow","max-snippet":"max-snippet:-1","max-image-preview":"max-image-preview:large","max-video-preview":"max-video-preview:-1"},"canonical":"https:\/\/saludsostenible.es\/en\/product\/ergyflex\/","og_locale":"en_GB","og_type":"article","og_title":"ERGYFLEX","og_description":"ERGYFLEX es un complemento alimenticio dise\u00f1ado para el confort articular. Su f\u00f3rmula contiene col\u00e1geno marino, \u00e1cido hialur\u00f3nico, vitaminas, minerales y antioxidantes naturales que contribuyen a mantener la salud de las articulaciones, cart\u00edlagos y tejidos conectivos, favoreciendo la flexibilidad y movilidad articular.","og_url":"https:\/\/saludsostenible.es\/en\/product\/ergyflex\/","og_site_name":"Salud Sostenible by Fabrice Lef&egrave;vre Institute","article_publisher":"https:\/\/www.facebook.com\/ProbodyoneBarcelona","article_modified_time":"2025-09-10T20:15:10+00:00","og_image":[{"width":600,"height":600,"url":"https:\/\/saludsostenible.es\/wp-content\/uploads\/2025\/09\/ergyflex.jpg","type":"image\/png"}],"twitter_card":"summary_large_image","twitter_site":"@probodyone","twitter_misc":{"Estimated reading time":"2 minutes"},"schema":{"@context":"https:\/\/schema.org","@graph":[{"@type":"WebPage","@id":"https:\/\/saludsostenible.es\/product\/ergyflex\/","url":"https:\/\/saludsostenible.es\/product\/ergyflex\/","name":"ERGYFLEX - Salud Sostenible by Fabrice Lef&egrave;vre Institute","isPartOf":{"@id":"https:\/\/saludsostenible.es\/#website"},"primaryImageOfPage":{"@id":"https:\/\/saludsostenible.es\/product\/ergyflex\/#primaryimage"},"image":{"@id":"https:\/\/saludsostenible.es\/product\/ergyflex\/#primaryimage"},"thumbnailUrl":"https:\/\/saludsostenible.es\/wp-content\/uploads\/2025\/09\/ergyflex.jpg","datePublished":"2025-09-10T20:14:55+00:00","dateModified":"2025-09-10T20:15:10+00:00","breadcrumb":{"@id":"https:\/\/saludsostenible.es\/product\/ergyflex\/#breadcrumb"},"inLanguage":"en-GB","potentialAction":[{"@type":"ReadAction","target":["https:\/\/saludsostenible.es\/product\/ergyflex\/"]}]},{"@type":"ImageObject","inLanguage":"en-GB","@id":"https:\/\/saludsostenible.es\/product\/ergyflex\/#primaryimage","url":"https:\/\/saludsostenible.es\/wp-content\/uploads\/2025\/09\/ergyflex.jpg","contentUrl":"https:\/\/saludsostenible.es\/wp-content\/uploads\/2025\/09\/ergyflex.jpg","width":600,"height":600},{"@type":"BreadcrumbList","@id":"https:\/\/saludsostenible.es\/product\/ergyflex\/#breadcrumb","itemListElement":[{"@type":"ListItem","position":1,"name":"Home","item":"https:\/\/saludsostenible.es\/"},{"@type":"ListItem","position":2,"name":"Tienda","item":"https:\/\/saludsostenible.es\/tienda\/"},{"@type":"ListItem","position":3,"name":"ERGYFLEX"}]},{"@type":"WebSite","@id":"https:\/\/saludsostenible.es\/#website","url":"https:\/\/saludsostenible.es\/","name":"Salud Sostenible Beauty & Longevity","description":"Plataforma de consulta online y acceso a especialistas privados: salud integrativa, beauty y longevidad. Inicia tu perfil de salud metab\u00f3lica.","publisher":{"@id":"https:\/\/saludsostenible.es\/#organization"},"alternateName":"Salud Sostenible","potentialAction":[{"@type":"SearchAction","target":{"@type":"EntryPoint","urlTemplate":"https:\/\/saludsostenible.es\/?s={search_term_string}"},"query-input":{"@type":"PropertyValueSpecification","valueRequired":true,"valueName":"search_term_string"}}],"inLanguage":"en-GB"},{"@type":"Organization","@id":"https:\/\/saludsostenible.es\/#organization","name":"Salud Sostenible by Fabrice Lef\u00e8vre Institute","alternateName":"Osteopat\u00eda en Barcelona, Madrid y Marbella","url":"https:\/\/saludsostenible.es\/","logo":{"@type":"ImageObject","inLanguage":"en-GB","@id":"https:\/\/saludsostenible.es\/#\/schema\/logo\/image\/","url":"https:\/\/saludsostenible.es\/wp-content\/uploads\/2024\/08\/probodyone-blog.jpg","contentUrl":"https:\/\/saludsostenible.es\/wp-content\/uploads\/2024\/08\/probodyone-blog.jpg","width":1600,"height":550,"caption":"Salud Sostenible by Fabrice Lef\u00e8vre Institute"},"image":{"@id":"https:\/\/saludsostenible.es\/#\/schema\/logo\/image\/"},"sameAs":["https:\/\/www.facebook.com\/ProbodyoneBarcelona","https:\/\/x.com\/probodyone","https:\/\/www.youtube.com\/@Probodyone\/videos"]}]}},"_links":{"self":[{"href":"https:\/\/saludsostenible.es\/en\/wp-json\/wp\/v2\/product\/501116","targetHints":{"allow":["GET"]}}],"collection":[{"href":"https:\/\/saludsostenible.es\/en\/wp-json\/wp\/v2\/product"}],"about":[{"href":"https:\/\/saludsostenible.es\/en\/wp-json\/wp\/v2\/types\/product"}],"wp:featuredmedia":[{"embeddable":true,"href":"https:\/\/saludsostenible.es\/en\/wp-json\/wp\/v2\/media\/501117"}],"wp:attachment":[{"href":"https:\/\/saludsostenible.es\/en\/wp-json\/wp\/v2\/media?parent=501116"}],"wp:term":[{"taxonomy":"product_brand","embeddable":true,"href":"https:\/\/saludsostenible.es\/en\/wp-json\/wp\/v2\/product_brand?post=501116"},{"taxonomy":"product_cat","embeddable":true,"href":"https:\/\/saludsostenible.es\/en\/wp-json\/wp\/v2\/product_cat?post=501116"},{"taxonomy":"product_tag","embeddable":true,"href":"https:\/\/saludsostenible.es\/en\/wp-json\/wp\/v2\/product_tag?post=501116"}],"curies":[{"name":"wp","href":"https:\/\/api.w.org\/{rel}","templated":true}]}}