{"id":501120,"date":"2025-09-10T20:14:55","date_gmt":"2025-09-10T20:14:55","guid":{"rendered":"https:\/\/saludsostenible.es\/product\/ergyquer-forte\/"},"modified":"2025-09-10T20:15:12","modified_gmt":"2025-09-10T20:15:12","slug":"ergyquer-forte","status":"publish","type":"product","link":"https:\/\/saludsostenible.es\/en\/product\/ergyquer-forte\/","title":{"rendered":"ERGYQUER Forte"},"content":{"rendered":"<p>Indicaciones<br \/>\nApoyo a las defensas naturales<br \/>\nContribuye al funcionamiento normal del sistema inmunitario<br \/>\nVentajas<br \/>\nExtractos de hongos de origen ecol\u00f3gico.<br \/>\nNO CONTIENE: conservantes, aromas, edulcorantes o colorantes artificiales, az\u00facares ni fructosa a\u00f1adidos, almid\u00f3n, trigo, ma\u00edz, soja o levaduras.<br \/>\nIngredientes Sin OGM.<br \/>\nApto para celiacos, intolerantes a la lactosa, vegetarianos y veganos.<br \/>\nExtracto de Sofora ultra concentrado en Quercetina (98%).<br \/>\nZinc y vitamina C bajo sus formas m\u00e1s biodisponibles.<br \/>\nIngredientesExtracto seco de Sofora japonica (98% quercetina) (Styphnolobium japonicum\u00a0(L.) Schott), extracto seco BIO de Agaricus blazei (Agaricus blazei Murill, 30% Polisac\u00e1ridos y 15% Beta glucanos) \u2013 extractos de origen no UE \u2013 c\u00e1psula vegetal (HPMC), colorante: complejo c\u00faprico de clorofilina, L-ascorbato de calcio ( Vitamina C), bisglicinato de zinc, almid\u00f3n de patata, estearato de magnesio vegetal, selenito s\u00f3dico<br \/>\nComposici\u00f3n (por dosis recomendada)<br \/>\nIngrediente activo<br \/>\nPor 1 c\u00e1psula<br \/>\nPor 2 c\u00e1psulas<br \/>\n% VRN*<br \/>\nQuercetina (extracto seco de Sofora japonica)<br \/>\n250 mg<br \/>\n500 mg<br \/>\n\u2014<br \/>\nAgaricus blazei (extracto seco BIO, 30 % polisac\u00e1ridos, 15 % \u03b2-glucanos)<br \/>\n170 mg<br \/>\n340 mg<br \/>\n\u2014<br \/>\nVitamina C (L-ascorbato de calcio)<br \/>\n120 mg<br \/>\n240 mg<br \/>\n300 %<br \/>\nZinc (bisglicinato)<br \/>\n15 mg<br \/>\n30 mg<br \/>\n150 %<br \/>\nSelenio (selenito s\u00f3dico)<br \/>\n55 \u00b5g<br \/>\n110 \u00b5g<br \/>\n100 %<br \/>\nLibre de:<br \/>\nGluten<br \/>\nLactosa<br \/>\nConservantes<br \/>\nColorantes artificiales<br \/>\nIndicaciones de uso<br \/>\n1 c\u00e1psula al d\u00eda fuera de las comidas o seg\u00fan recomiende el profesional de la salud<br \/>\nPrecauciones<br \/>\nNo apto para ni\u00f1os, en caso de embarazo, en periodo de lactancia (quercetina).<br \/>\nEvitar la toma simult\u00e1nea con medicamentos u otros complementos a base de fibras (betaglucanos).<br \/>\nNo superar la dosis diaria recomendada.<br \/>\nERGYREN Support<\/p>","protected":false},"excerpt":{"rendered":"<p>ERGYQUER Forte es un complemento alimenticio con potente acci\u00f3n antioxidante y antiinflamatoria, formulado a base de quercetina, resveratrol, curcumina y otros nutrientes esenciales. Ayuda a proteger las c\u00e9lulas del estr\u00e9s oxidativo, apoya el sistema inmunol\u00f3gico y favorece el bienestar general en situaciones de inflamaci\u00f3n cr\u00f3nica o estr\u00e9s celular elevado.<\/p>","protected":false},"featured_media":501121,"template":"","meta":[],"product_brand":[185],"product_cat":[277,253,186,281,282,262],"product_tag":[],"class_list":{"0":"post-501120","1":"product","2":"type-product","3":"status-publish","4":"has-post-thumbnail","6":"product_brand-laboratorio-nutergia","7":"product_cat-antioxidantes-estres-oxidativo","8":"product_cat-inmunidad-antioxidantes","9":"product_cat-laboratorio-nutergia","10":"product_cat-salud-inmune-defensas","11":"product_cat-salud-masculina","12":"product_cat-suplementos-micronutricionales","13":"product_shipping_class-producto-fisico","15":"first","16":"instock","17":"purchasable","18":"product-type-simple"},"yoast_head":"<!-- This site is optimized with the Yoast SEO Premium plugin v22.9 (Yoast SEO v27.6) - https:\/\/yoast.com\/product\/yoast-seo-premium-wordpress\/ -->\n<title>ERGYQUER Forte - Salud Sostenible by Fabrice Lef&egrave;vre Institute<\/title>\n<meta name=\"robots\" content=\"index, follow, max-snippet:-1, max-image-preview:large, max-video-preview:-1\" \/>\n<link rel=\"canonical\" href=\"https:\/\/saludsostenible.es\/en\/product\/ergyquer-forte\/\" \/>\n<meta property=\"og:locale\" content=\"en_GB\" \/>\n<meta property=\"og:type\" content=\"article\" \/>\n<meta property=\"og:title\" content=\"ERGYQUER Forte\" \/>\n<meta property=\"og:description\" content=\"ERGYQUER Forte es un complemento alimenticio con potente acci\u00f3n antioxidante y antiinflamatoria, formulado a base de quercetina, resveratrol, curcumina y otros nutrientes esenciales. Ayuda a proteger las c\u00e9lulas del estr\u00e9s oxidativo, apoya el sistema inmunol\u00f3gico y favorece el bienestar general en situaciones de inflamaci\u00f3n cr\u00f3nica o estr\u00e9s celular elevado.\" \/>\n<meta property=\"og:url\" content=\"https:\/\/saludsostenible.es\/en\/product\/ergyquer-forte\/\" \/>\n<meta property=\"og:site_name\" content=\"Salud Sostenible by Fabrice Lef&egrave;vre Institute\" \/>\n<meta property=\"article:publisher\" content=\"https:\/\/www.facebook.com\/ProbodyoneBarcelona\" \/>\n<meta property=\"article:modified_time\" content=\"2025-09-10T20:15:12+00:00\" \/>\n<meta property=\"og:image\" content=\"https:\/\/saludsostenible.es\/wp-content\/uploads\/2025\/09\/ergyquer-forte.jpg\" \/>\n\t<meta property=\"og:image:width\" content=\"600\" \/>\n\t<meta property=\"og:image:height\" content=\"600\" \/>\n\t<meta property=\"og:image:type\" content=\"image\/png\" \/>\n<meta name=\"twitter:card\" content=\"summary_large_image\" \/>\n<meta name=\"twitter:site\" content=\"@probodyone\" \/>\n<meta name=\"twitter:label1\" content=\"Estimated reading time\" \/>\n\t<meta name=\"twitter:data1\" content=\"1 minute\" \/>\n<script type=\"application\/ld+json\" class=\"yoast-schema-graph\">{\"@context\":\"https:\\\/\\\/schema.org\",\"@graph\":[{\"@type\":\"WebPage\",\"@id\":\"https:\\\/\\\/saludsostenible.es\\\/product\\\/ergyquer-forte\\\/\",\"url\":\"https:\\\/\\\/saludsostenible.es\\\/product\\\/ergyquer-forte\\\/\",\"name\":\"ERGYQUER Forte - Salud Sostenible by Fabrice Lef&egrave;vre Institute\",\"isPartOf\":{\"@id\":\"https:\\\/\\\/saludsostenible.es\\\/#website\"},\"primaryImageOfPage\":{\"@id\":\"https:\\\/\\\/saludsostenible.es\\\/product\\\/ergyquer-forte\\\/#primaryimage\"},\"image\":{\"@id\":\"https:\\\/\\\/saludsostenible.es\\\/product\\\/ergyquer-forte\\\/#primaryimage\"},\"thumbnailUrl\":\"https:\\\/\\\/saludsostenible.es\\\/wp-content\\\/uploads\\\/2025\\\/09\\\/ergyquer-forte.jpg\",\"datePublished\":\"2025-09-10T20:14:55+00:00\",\"dateModified\":\"2025-09-10T20:15:12+00:00\",\"breadcrumb\":{\"@id\":\"https:\\\/\\\/saludsostenible.es\\\/product\\\/ergyquer-forte\\\/#breadcrumb\"},\"inLanguage\":\"en-GB\",\"potentialAction\":[{\"@type\":\"ReadAction\",\"target\":[\"https:\\\/\\\/saludsostenible.es\\\/product\\\/ergyquer-forte\\\/\"]}]},{\"@type\":\"ImageObject\",\"inLanguage\":\"en-GB\",\"@id\":\"https:\\\/\\\/saludsostenible.es\\\/product\\\/ergyquer-forte\\\/#primaryimage\",\"url\":\"https:\\\/\\\/saludsostenible.es\\\/wp-content\\\/uploads\\\/2025\\\/09\\\/ergyquer-forte.jpg\",\"contentUrl\":\"https:\\\/\\\/saludsostenible.es\\\/wp-content\\\/uploads\\\/2025\\\/09\\\/ergyquer-forte.jpg\",\"width\":600,\"height\":600},{\"@type\":\"BreadcrumbList\",\"@id\":\"https:\\\/\\\/saludsostenible.es\\\/product\\\/ergyquer-forte\\\/#breadcrumb\",\"itemListElement\":[{\"@type\":\"ListItem\",\"position\":1,\"name\":\"Home\",\"item\":\"https:\\\/\\\/saludsostenible.es\\\/\"},{\"@type\":\"ListItem\",\"position\":2,\"name\":\"Tienda\",\"item\":\"https:\\\/\\\/saludsostenible.es\\\/tienda\\\/\"},{\"@type\":\"ListItem\",\"position\":3,\"name\":\"ERGYQUER Forte\"}]},{\"@type\":\"WebSite\",\"@id\":\"https:\\\/\\\/saludsostenible.es\\\/#website\",\"url\":\"https:\\\/\\\/saludsostenible.es\\\/\",\"name\":\"Salud Sostenible Beauty & Longevity\",\"description\":\"Plataforma de consulta online y acceso a especialistas privados: salud integrativa, beauty y longevidad. Inicia tu perfil de salud metab\u00f3lica.\",\"publisher\":{\"@id\":\"https:\\\/\\\/saludsostenible.es\\\/#organization\"},\"alternateName\":\"Salud Sostenible\",\"potentialAction\":[{\"@type\":\"SearchAction\",\"target\":{\"@type\":\"EntryPoint\",\"urlTemplate\":\"https:\\\/\\\/saludsostenible.es\\\/?s={search_term_string}\"},\"query-input\":{\"@type\":\"PropertyValueSpecification\",\"valueRequired\":true,\"valueName\":\"search_term_string\"}}],\"inLanguage\":\"en-GB\"},{\"@type\":\"Organization\",\"@id\":\"https:\\\/\\\/saludsostenible.es\\\/#organization\",\"name\":\"Salud Sostenible by Fabrice Lef\u00e8vre Institute\",\"alternateName\":\"Osteopat\u00eda en Barcelona, Madrid y Marbella\",\"url\":\"https:\\\/\\\/saludsostenible.es\\\/\",\"logo\":{\"@type\":\"ImageObject\",\"inLanguage\":\"en-GB\",\"@id\":\"https:\\\/\\\/saludsostenible.es\\\/#\\\/schema\\\/logo\\\/image\\\/\",\"url\":\"https:\\\/\\\/saludsostenible.es\\\/wp-content\\\/uploads\\\/2024\\\/08\\\/probodyone-blog.jpg\",\"contentUrl\":\"https:\\\/\\\/saludsostenible.es\\\/wp-content\\\/uploads\\\/2024\\\/08\\\/probodyone-blog.jpg\",\"width\":1600,\"height\":550,\"caption\":\"Salud Sostenible by Fabrice Lef\u00e8vre Institute\"},\"image\":{\"@id\":\"https:\\\/\\\/saludsostenible.es\\\/#\\\/schema\\\/logo\\\/image\\\/\"},\"sameAs\":[\"https:\\\/\\\/www.facebook.com\\\/ProbodyoneBarcelona\",\"https:\\\/\\\/x.com\\\/probodyone\",\"https:\\\/\\\/www.youtube.com\\\/@Probodyone\\\/videos\"]}]}<\/script>\n<!-- \/ Yoast SEO Premium plugin. -->","yoast_head_json":{"title":"ERGYQUER Forte - Salud Sostenible by Fabrice Lef&egrave;vre Institute","robots":{"index":"index","follow":"follow","max-snippet":"max-snippet:-1","max-image-preview":"max-image-preview:large","max-video-preview":"max-video-preview:-1"},"canonical":"https:\/\/saludsostenible.es\/en\/product\/ergyquer-forte\/","og_locale":"en_GB","og_type":"article","og_title":"ERGYQUER Forte","og_description":"ERGYQUER Forte es un complemento alimenticio con potente acci\u00f3n antioxidante y antiinflamatoria, formulado a base de quercetina, resveratrol, curcumina y otros nutrientes esenciales. Ayuda a proteger las c\u00e9lulas del estr\u00e9s oxidativo, apoya el sistema inmunol\u00f3gico y favorece el bienestar general en situaciones de inflamaci\u00f3n cr\u00f3nica o estr\u00e9s celular elevado.","og_url":"https:\/\/saludsostenible.es\/en\/product\/ergyquer-forte\/","og_site_name":"Salud Sostenible by Fabrice Lef&egrave;vre Institute","article_publisher":"https:\/\/www.facebook.com\/ProbodyoneBarcelona","article_modified_time":"2025-09-10T20:15:12+00:00","og_image":[{"width":600,"height":600,"url":"https:\/\/saludsostenible.es\/wp-content\/uploads\/2025\/09\/ergyquer-forte.jpg","type":"image\/png"}],"twitter_card":"summary_large_image","twitter_site":"@probodyone","twitter_misc":{"Estimated reading time":"1 minute"},"schema":{"@context":"https:\/\/schema.org","@graph":[{"@type":"WebPage","@id":"https:\/\/saludsostenible.es\/product\/ergyquer-forte\/","url":"https:\/\/saludsostenible.es\/product\/ergyquer-forte\/","name":"ERGYQUER Forte - Salud Sostenible by Fabrice Lef&egrave;vre Institute","isPartOf":{"@id":"https:\/\/saludsostenible.es\/#website"},"primaryImageOfPage":{"@id":"https:\/\/saludsostenible.es\/product\/ergyquer-forte\/#primaryimage"},"image":{"@id":"https:\/\/saludsostenible.es\/product\/ergyquer-forte\/#primaryimage"},"thumbnailUrl":"https:\/\/saludsostenible.es\/wp-content\/uploads\/2025\/09\/ergyquer-forte.jpg","datePublished":"2025-09-10T20:14:55+00:00","dateModified":"2025-09-10T20:15:12+00:00","breadcrumb":{"@id":"https:\/\/saludsostenible.es\/product\/ergyquer-forte\/#breadcrumb"},"inLanguage":"en-GB","potentialAction":[{"@type":"ReadAction","target":["https:\/\/saludsostenible.es\/product\/ergyquer-forte\/"]}]},{"@type":"ImageObject","inLanguage":"en-GB","@id":"https:\/\/saludsostenible.es\/product\/ergyquer-forte\/#primaryimage","url":"https:\/\/saludsostenible.es\/wp-content\/uploads\/2025\/09\/ergyquer-forte.jpg","contentUrl":"https:\/\/saludsostenible.es\/wp-content\/uploads\/2025\/09\/ergyquer-forte.jpg","width":600,"height":600},{"@type":"BreadcrumbList","@id":"https:\/\/saludsostenible.es\/product\/ergyquer-forte\/#breadcrumb","itemListElement":[{"@type":"ListItem","position":1,"name":"Home","item":"https:\/\/saludsostenible.es\/"},{"@type":"ListItem","position":2,"name":"Tienda","item":"https:\/\/saludsostenible.es\/tienda\/"},{"@type":"ListItem","position":3,"name":"ERGYQUER Forte"}]},{"@type":"WebSite","@id":"https:\/\/saludsostenible.es\/#website","url":"https:\/\/saludsostenible.es\/","name":"Salud Sostenible Beauty & Longevity","description":"Plataforma de consulta online y acceso a especialistas privados: salud integrativa, beauty y longevidad. Inicia tu perfil de salud metab\u00f3lica.","publisher":{"@id":"https:\/\/saludsostenible.es\/#organization"},"alternateName":"Salud Sostenible","potentialAction":[{"@type":"SearchAction","target":{"@type":"EntryPoint","urlTemplate":"https:\/\/saludsostenible.es\/?s={search_term_string}"},"query-input":{"@type":"PropertyValueSpecification","valueRequired":true,"valueName":"search_term_string"}}],"inLanguage":"en-GB"},{"@type":"Organization","@id":"https:\/\/saludsostenible.es\/#organization","name":"Salud Sostenible by Fabrice Lef\u00e8vre Institute","alternateName":"Osteopat\u00eda en Barcelona, Madrid y Marbella","url":"https:\/\/saludsostenible.es\/","logo":{"@type":"ImageObject","inLanguage":"en-GB","@id":"https:\/\/saludsostenible.es\/#\/schema\/logo\/image\/","url":"https:\/\/saludsostenible.es\/wp-content\/uploads\/2024\/08\/probodyone-blog.jpg","contentUrl":"https:\/\/saludsostenible.es\/wp-content\/uploads\/2024\/08\/probodyone-blog.jpg","width":1600,"height":550,"caption":"Salud Sostenible by Fabrice Lef\u00e8vre Institute"},"image":{"@id":"https:\/\/saludsostenible.es\/#\/schema\/logo\/image\/"},"sameAs":["https:\/\/www.facebook.com\/ProbodyoneBarcelona","https:\/\/x.com\/probodyone","https:\/\/www.youtube.com\/@Probodyone\/videos"]}]}},"_links":{"self":[{"href":"https:\/\/saludsostenible.es\/en\/wp-json\/wp\/v2\/product\/501120","targetHints":{"allow":["GET"]}}],"collection":[{"href":"https:\/\/saludsostenible.es\/en\/wp-json\/wp\/v2\/product"}],"about":[{"href":"https:\/\/saludsostenible.es\/en\/wp-json\/wp\/v2\/types\/product"}],"wp:featuredmedia":[{"embeddable":true,"href":"https:\/\/saludsostenible.es\/en\/wp-json\/wp\/v2\/media\/501121"}],"wp:attachment":[{"href":"https:\/\/saludsostenible.es\/en\/wp-json\/wp\/v2\/media?parent=501120"}],"wp:term":[{"taxonomy":"product_brand","embeddable":true,"href":"https:\/\/saludsostenible.es\/en\/wp-json\/wp\/v2\/product_brand?post=501120"},{"taxonomy":"product_cat","embeddable":true,"href":"https:\/\/saludsostenible.es\/en\/wp-json\/wp\/v2\/product_cat?post=501120"},{"taxonomy":"product_tag","embeddable":true,"href":"https:\/\/saludsostenible.es\/en\/wp-json\/wp\/v2\/product_tag?post=501120"}],"curies":[{"name":"wp","href":"https:\/\/api.w.org\/{rel}","templated":true}]}}