{"id":501122,"date":"2025-09-10T20:14:55","date_gmt":"2025-09-10T20:14:55","guid":{"rendered":"https:\/\/saludsostenible.es\/product\/ergyren-support\/"},"modified":"2025-09-10T20:15:13","modified_gmt":"2025-09-10T20:15:13","slug":"ergyren-support","status":"publish","type":"product","link":"https:\/\/saludsostenible.es\/en\/product\/ergyren-support\/","title":{"rendered":"ERGYREN Support"},"content":{"rendered":"<p>Indicaciones<br \/>\nPara favorecer el equilibrio \u00e1cido-base normal<br \/>\nComo protecci\u00f3n de las c\u00e9lulas frente al da\u00f1o oxidativo<br \/>\n(1)El zinc contribuye al equilibrio \u00e1cido-base normal<br \/>\n(2) El zinc contribuye a la protecci\u00f3n de las c\u00e9lulas frente al da\u00f1o oxidativo<br \/>\nVentajas<br \/>\nSIN conservantes, aromas artificiales, az\u00facares ni fructosa a\u00f1adidos, edulcorantes artificiales, gluten, almid\u00f3n, trigo, lactosa, soja o levaduras.<br \/>\nApto para vegetariana\/os y vegana\/os.<br \/>\nApto para las personas que sufren enfermedad celiaca.<br \/>\nIngredientes<br \/>\nC\u00e1psula de origen vegetal (agente de recubrimiento: HPMC, colorante: complejo c\u00faprico de clorofilina), Mioinositol (IP6), L-Glutamina, estigma de ma\u00edz (Zea mays L.) (origen no UE), N-Acetil-Ciste\u00edna, taurina, L-glicina, citrato de magnesio, prote\u00edna org\u00e1nica aislada de arroz, bisglicinato de zinc.<br \/>\nSIN conservantes, aromas artificiales, az\u00facares ni fructosa a\u00f1adidos, edulcorantes artificiales, gluten, almid\u00f3n, trigo, lactosa, soja o levaduras.<br \/>\nComposici\u00f3n<br \/>\nIngrediente<br \/>\nCantidad por 2 c\u00e1psulas<br \/>\n% IR*<br \/>\nMioinositol (IP6)<br \/>\n200 mg<br \/>\n\u2014<br \/>\nL-Glutamina<br \/>\n200 mg<br \/>\n\u2014<br \/>\nEstigma de ma\u00edz (Zea mays L.)<br \/>\n150 mg<br \/>\n\u2014<br \/>\n\u2022 de los cuales flavonas (2 %)<br \/>\n3 mg<br \/>\n\u2014<br \/>\nN-Acetil-Ciste\u00edna (NAC)<br \/>\n100 mg<br \/>\n\u2014<br \/>\nTaurina<br \/>\n100 mg<br \/>\n\u2014<br \/>\nL-Glicina<br \/>\n100 mg<br \/>\n\u2014<br \/>\nCitrato de magnesio<br \/>\n100 mg<br \/>\n\u2014<br \/>\nZinc (bisglicinato)<br \/>\n10 mg<br \/>\n67 %<br \/>\nLibre de:<br \/>\nGluten<br \/>\nLactosa<br \/>\nConservantes<br \/>\nColorantes artificiales<br \/>\nIndicaciones de uso<br \/>\n2 c\u00e1psulas al d\u00eda, durante la comida<br \/>\nPrecauciones<br \/>\nNo superar la dosis diaria expresamente recomendada.<br \/>\nMantener fuera del alcance de los ni\u00f1os.<br \/>\nEste complemento alimenticio \u00fanicamente debe ser consumido por adultos.<br \/>\nSe recomienda consultar con un profesional de la salud en caso de embarazo y\/o lactancia.<br \/>\nNo recomendado en caso de edema card\u00edaco o renal.<br \/>\nERGYVITAL Hombre<\/p>","protected":false},"excerpt":{"rendered":"<p>ERGYREN Support es un complemento alimenticio formulado para apoyar el buen funcionamiento de los ri\u00f1ones y el sistema urinario. Su combinaci\u00f3n de extractos vegetales, vitaminas y minerales favorece la eliminaci\u00f3n de toxinas, contribuye al equilibrio \u00e1cido-base y protege frente al estr\u00e9s oxidativo.<\/p>","protected":false},"featured_media":501123,"template":"","meta":[],"product_brand":[185],"product_cat":[253,277,256,284,279,186,282,262],"product_tag":[],"class_list":{"0":"post-501122","1":"product","2":"type-product","3":"status-publish","4":"has-post-thumbnail","6":"product_brand-laboratorio-nutergia","7":"product_cat-inmunidad-antioxidantes","8":"product_cat-antioxidantes-estres-oxidativo","9":"product_cat-detox-drenaje","10":"product_cat-equilibrio-acido-desmineralizado","11":"product_cat-equilibrio-peso-adelgazamiento","12":"product_cat-laboratorio-nutergia","13":"product_cat-salud-masculina","14":"product_cat-suplementos-micronutricionales","16":"first","17":"instock","18":"purchasable","19":"product-type-simple"},"yoast_head":"<!-- This site is optimized with the Yoast SEO Premium plugin v22.9 (Yoast SEO v27.6) - https:\/\/yoast.com\/product\/yoast-seo-premium-wordpress\/ -->\n<title>ERGYREN Support - Salud Sostenible by Fabrice Lef&egrave;vre Institute<\/title>\n<meta name=\"robots\" content=\"index, follow, max-snippet:-1, max-image-preview:large, max-video-preview:-1\" \/>\n<link rel=\"canonical\" href=\"https:\/\/saludsostenible.es\/en\/product\/ergyren-support\/\" \/>\n<meta property=\"og:locale\" content=\"en_GB\" \/>\n<meta property=\"og:type\" content=\"article\" \/>\n<meta property=\"og:title\" content=\"ERGYREN Support\" \/>\n<meta property=\"og:description\" content=\"ERGYREN Support es un complemento alimenticio formulado para apoyar el buen funcionamiento de los ri\u00f1ones y el sistema urinario. Su combinaci\u00f3n de extractos vegetales, vitaminas y minerales favorece la eliminaci\u00f3n de toxinas, contribuye al equilibrio \u00e1cido-base y protege frente al estr\u00e9s oxidativo.\" \/>\n<meta property=\"og:url\" content=\"https:\/\/saludsostenible.es\/en\/product\/ergyren-support\/\" \/>\n<meta property=\"og:site_name\" content=\"Salud Sostenible by Fabrice Lef&egrave;vre Institute\" \/>\n<meta property=\"article:publisher\" content=\"https:\/\/www.facebook.com\/ProbodyoneBarcelona\" \/>\n<meta property=\"article:modified_time\" content=\"2025-09-10T20:15:13+00:00\" \/>\n<meta property=\"og:image\" content=\"https:\/\/saludsostenible.es\/wp-content\/uploads\/2025\/09\/ergyren-support.jpg\" \/>\n\t<meta property=\"og:image:width\" content=\"600\" \/>\n\t<meta property=\"og:image:height\" content=\"600\" \/>\n\t<meta property=\"og:image:type\" content=\"image\/png\" \/>\n<meta name=\"twitter:card\" content=\"summary_large_image\" \/>\n<meta name=\"twitter:site\" content=\"@probodyone\" \/>\n<meta name=\"twitter:label1\" content=\"Estimated reading time\" \/>\n\t<meta name=\"twitter:data1\" content=\"1 minute\" \/>\n<script type=\"application\/ld+json\" class=\"yoast-schema-graph\">{\"@context\":\"https:\\\/\\\/schema.org\",\"@graph\":[{\"@type\":\"WebPage\",\"@id\":\"https:\\\/\\\/saludsostenible.es\\\/product\\\/ergyren-support\\\/\",\"url\":\"https:\\\/\\\/saludsostenible.es\\\/product\\\/ergyren-support\\\/\",\"name\":\"ERGYREN Support - Salud Sostenible by Fabrice Lef&egrave;vre Institute\",\"isPartOf\":{\"@id\":\"https:\\\/\\\/saludsostenible.es\\\/#website\"},\"primaryImageOfPage\":{\"@id\":\"https:\\\/\\\/saludsostenible.es\\\/product\\\/ergyren-support\\\/#primaryimage\"},\"image\":{\"@id\":\"https:\\\/\\\/saludsostenible.es\\\/product\\\/ergyren-support\\\/#primaryimage\"},\"thumbnailUrl\":\"https:\\\/\\\/saludsostenible.es\\\/wp-content\\\/uploads\\\/2025\\\/09\\\/ergyren-support.jpg\",\"datePublished\":\"2025-09-10T20:14:55+00:00\",\"dateModified\":\"2025-09-10T20:15:13+00:00\",\"breadcrumb\":{\"@id\":\"https:\\\/\\\/saludsostenible.es\\\/product\\\/ergyren-support\\\/#breadcrumb\"},\"inLanguage\":\"en-GB\",\"potentialAction\":[{\"@type\":\"ReadAction\",\"target\":[\"https:\\\/\\\/saludsostenible.es\\\/product\\\/ergyren-support\\\/\"]}]},{\"@type\":\"ImageObject\",\"inLanguage\":\"en-GB\",\"@id\":\"https:\\\/\\\/saludsostenible.es\\\/product\\\/ergyren-support\\\/#primaryimage\",\"url\":\"https:\\\/\\\/saludsostenible.es\\\/wp-content\\\/uploads\\\/2025\\\/09\\\/ergyren-support.jpg\",\"contentUrl\":\"https:\\\/\\\/saludsostenible.es\\\/wp-content\\\/uploads\\\/2025\\\/09\\\/ergyren-support.jpg\",\"width\":600,\"height\":600},{\"@type\":\"BreadcrumbList\",\"@id\":\"https:\\\/\\\/saludsostenible.es\\\/product\\\/ergyren-support\\\/#breadcrumb\",\"itemListElement\":[{\"@type\":\"ListItem\",\"position\":1,\"name\":\"Home\",\"item\":\"https:\\\/\\\/saludsostenible.es\\\/\"},{\"@type\":\"ListItem\",\"position\":2,\"name\":\"Tienda\",\"item\":\"https:\\\/\\\/saludsostenible.es\\\/tienda\\\/\"},{\"@type\":\"ListItem\",\"position\":3,\"name\":\"ERGYREN Support\"}]},{\"@type\":\"WebSite\",\"@id\":\"https:\\\/\\\/saludsostenible.es\\\/#website\",\"url\":\"https:\\\/\\\/saludsostenible.es\\\/\",\"name\":\"Salud Sostenible Beauty & Longevity\",\"description\":\"Plataforma de consulta online y acceso a especialistas privados: salud integrativa, beauty y longevidad. Inicia tu perfil de salud metab\u00f3lica.\",\"publisher\":{\"@id\":\"https:\\\/\\\/saludsostenible.es\\\/#organization\"},\"alternateName\":\"Salud Sostenible\",\"potentialAction\":[{\"@type\":\"SearchAction\",\"target\":{\"@type\":\"EntryPoint\",\"urlTemplate\":\"https:\\\/\\\/saludsostenible.es\\\/?s={search_term_string}\"},\"query-input\":{\"@type\":\"PropertyValueSpecification\",\"valueRequired\":true,\"valueName\":\"search_term_string\"}}],\"inLanguage\":\"en-GB\"},{\"@type\":\"Organization\",\"@id\":\"https:\\\/\\\/saludsostenible.es\\\/#organization\",\"name\":\"Salud Sostenible by Fabrice Lef\u00e8vre Institute\",\"alternateName\":\"Osteopat\u00eda en Barcelona, Madrid y Marbella\",\"url\":\"https:\\\/\\\/saludsostenible.es\\\/\",\"logo\":{\"@type\":\"ImageObject\",\"inLanguage\":\"en-GB\",\"@id\":\"https:\\\/\\\/saludsostenible.es\\\/#\\\/schema\\\/logo\\\/image\\\/\",\"url\":\"https:\\\/\\\/saludsostenible.es\\\/wp-content\\\/uploads\\\/2024\\\/08\\\/probodyone-blog.jpg\",\"contentUrl\":\"https:\\\/\\\/saludsostenible.es\\\/wp-content\\\/uploads\\\/2024\\\/08\\\/probodyone-blog.jpg\",\"width\":1600,\"height\":550,\"caption\":\"Salud Sostenible by Fabrice Lef\u00e8vre Institute\"},\"image\":{\"@id\":\"https:\\\/\\\/saludsostenible.es\\\/#\\\/schema\\\/logo\\\/image\\\/\"},\"sameAs\":[\"https:\\\/\\\/www.facebook.com\\\/ProbodyoneBarcelona\",\"https:\\\/\\\/x.com\\\/probodyone\",\"https:\\\/\\\/www.youtube.com\\\/@Probodyone\\\/videos\"]}]}<\/script>\n<!-- \/ Yoast SEO Premium plugin. -->","yoast_head_json":{"title":"ERGYREN Support - Salud Sostenible by Fabrice Lef&egrave;vre Institute","robots":{"index":"index","follow":"follow","max-snippet":"max-snippet:-1","max-image-preview":"max-image-preview:large","max-video-preview":"max-video-preview:-1"},"canonical":"https:\/\/saludsostenible.es\/en\/product\/ergyren-support\/","og_locale":"en_GB","og_type":"article","og_title":"ERGYREN Support","og_description":"ERGYREN Support es un complemento alimenticio formulado para apoyar el buen funcionamiento de los ri\u00f1ones y el sistema urinario. Su combinaci\u00f3n de extractos vegetales, vitaminas y minerales favorece la eliminaci\u00f3n de toxinas, contribuye al equilibrio \u00e1cido-base y protege frente al estr\u00e9s oxidativo.","og_url":"https:\/\/saludsostenible.es\/en\/product\/ergyren-support\/","og_site_name":"Salud Sostenible by Fabrice Lef&egrave;vre Institute","article_publisher":"https:\/\/www.facebook.com\/ProbodyoneBarcelona","article_modified_time":"2025-09-10T20:15:13+00:00","og_image":[{"width":600,"height":600,"url":"https:\/\/saludsostenible.es\/wp-content\/uploads\/2025\/09\/ergyren-support.jpg","type":"image\/png"}],"twitter_card":"summary_large_image","twitter_site":"@probodyone","twitter_misc":{"Estimated reading time":"1 minute"},"schema":{"@context":"https:\/\/schema.org","@graph":[{"@type":"WebPage","@id":"https:\/\/saludsostenible.es\/product\/ergyren-support\/","url":"https:\/\/saludsostenible.es\/product\/ergyren-support\/","name":"ERGYREN Support - Salud Sostenible by Fabrice Lef&egrave;vre Institute","isPartOf":{"@id":"https:\/\/saludsostenible.es\/#website"},"primaryImageOfPage":{"@id":"https:\/\/saludsostenible.es\/product\/ergyren-support\/#primaryimage"},"image":{"@id":"https:\/\/saludsostenible.es\/product\/ergyren-support\/#primaryimage"},"thumbnailUrl":"https:\/\/saludsostenible.es\/wp-content\/uploads\/2025\/09\/ergyren-support.jpg","datePublished":"2025-09-10T20:14:55+00:00","dateModified":"2025-09-10T20:15:13+00:00","breadcrumb":{"@id":"https:\/\/saludsostenible.es\/product\/ergyren-support\/#breadcrumb"},"inLanguage":"en-GB","potentialAction":[{"@type":"ReadAction","target":["https:\/\/saludsostenible.es\/product\/ergyren-support\/"]}]},{"@type":"ImageObject","inLanguage":"en-GB","@id":"https:\/\/saludsostenible.es\/product\/ergyren-support\/#primaryimage","url":"https:\/\/saludsostenible.es\/wp-content\/uploads\/2025\/09\/ergyren-support.jpg","contentUrl":"https:\/\/saludsostenible.es\/wp-content\/uploads\/2025\/09\/ergyren-support.jpg","width":600,"height":600},{"@type":"BreadcrumbList","@id":"https:\/\/saludsostenible.es\/product\/ergyren-support\/#breadcrumb","itemListElement":[{"@type":"ListItem","position":1,"name":"Home","item":"https:\/\/saludsostenible.es\/"},{"@type":"ListItem","position":2,"name":"Tienda","item":"https:\/\/saludsostenible.es\/tienda\/"},{"@type":"ListItem","position":3,"name":"ERGYREN Support"}]},{"@type":"WebSite","@id":"https:\/\/saludsostenible.es\/#website","url":"https:\/\/saludsostenible.es\/","name":"Salud Sostenible Beauty & Longevity","description":"Plataforma de consulta online y acceso a especialistas privados: salud integrativa, beauty y longevidad. Inicia tu perfil de salud metab\u00f3lica.","publisher":{"@id":"https:\/\/saludsostenible.es\/#organization"},"alternateName":"Salud Sostenible","potentialAction":[{"@type":"SearchAction","target":{"@type":"EntryPoint","urlTemplate":"https:\/\/saludsostenible.es\/?s={search_term_string}"},"query-input":{"@type":"PropertyValueSpecification","valueRequired":true,"valueName":"search_term_string"}}],"inLanguage":"en-GB"},{"@type":"Organization","@id":"https:\/\/saludsostenible.es\/#organization","name":"Salud Sostenible by Fabrice Lef\u00e8vre Institute","alternateName":"Osteopat\u00eda en Barcelona, Madrid y Marbella","url":"https:\/\/saludsostenible.es\/","logo":{"@type":"ImageObject","inLanguage":"en-GB","@id":"https:\/\/saludsostenible.es\/#\/schema\/logo\/image\/","url":"https:\/\/saludsostenible.es\/wp-content\/uploads\/2024\/08\/probodyone-blog.jpg","contentUrl":"https:\/\/saludsostenible.es\/wp-content\/uploads\/2024\/08\/probodyone-blog.jpg","width":1600,"height":550,"caption":"Salud Sostenible by Fabrice Lef\u00e8vre Institute"},"image":{"@id":"https:\/\/saludsostenible.es\/#\/schema\/logo\/image\/"},"sameAs":["https:\/\/www.facebook.com\/ProbodyoneBarcelona","https:\/\/x.com\/probodyone","https:\/\/www.youtube.com\/@Probodyone\/videos"]}]}},"_links":{"self":[{"href":"https:\/\/saludsostenible.es\/en\/wp-json\/wp\/v2\/product\/501122","targetHints":{"allow":["GET"]}}],"collection":[{"href":"https:\/\/saludsostenible.es\/en\/wp-json\/wp\/v2\/product"}],"about":[{"href":"https:\/\/saludsostenible.es\/en\/wp-json\/wp\/v2\/types\/product"}],"wp:featuredmedia":[{"embeddable":true,"href":"https:\/\/saludsostenible.es\/en\/wp-json\/wp\/v2\/media\/501123"}],"wp:attachment":[{"href":"https:\/\/saludsostenible.es\/en\/wp-json\/wp\/v2\/media?parent=501122"}],"wp:term":[{"taxonomy":"product_brand","embeddable":true,"href":"https:\/\/saludsostenible.es\/en\/wp-json\/wp\/v2\/product_brand?post=501122"},{"taxonomy":"product_cat","embeddable":true,"href":"https:\/\/saludsostenible.es\/en\/wp-json\/wp\/v2\/product_cat?post=501122"},{"taxonomy":"product_tag","embeddable":true,"href":"https:\/\/saludsostenible.es\/en\/wp-json\/wp\/v2\/product_tag?post=501122"}],"curies":[{"name":"wp","href":"https:\/\/api.w.org\/{rel}","templated":true}]}}