{"id":501124,"date":"2025-09-10T20:14:55","date_gmt":"2025-09-10T20:14:55","guid":{"rendered":"https:\/\/saludsostenible.es\/product\/ergyvital-hombre\/"},"modified":"2025-09-10T20:15:14","modified_gmt":"2025-09-10T20:15:14","slug":"ergyvital-hombre","status":"publish","type":"product","link":"https:\/\/saludsostenible.es\/en\/product\/ergyvital-hombre\/","title":{"rendered":"ERGYVITAL Hombre"},"content":{"rendered":"<p>Indicaciones:<br \/>\nPara el buen funcionamiento de la pr\u00f3stata, bienestar urinario y masculino.<br \/>\nAyuda a estimular la libido, mejorar la erecci\u00f3n y relajar los m\u00fasculos.<br \/>\nVentajas:<br \/>\nUna formula\u00a0\u00fanica\u00a0por el bienestar masculino<br \/>\nAcci\u00f3n reforzada por el\u00a0licopeno\u00a0proveniente del tomate, as\u00ed como por la presencia de\u00a0vitaminas y oligoelementos antioxidantes\u00a0(vitaminas C y E, zinc y selenio).<br \/>\nERGYVITAL Hombre es un complemento alimenticio para el bienestar masculino. Esta f\u00f3rmula exclusiva contiene una sinergia de 9 ingredientes activos con acciones complementarias:<br \/>\nEl\u00a0epilobio\u00a0ayuda al buen funcionamiento de la pr\u00f3stata y favorece la comodidad urinaria de los hombres.La\u00a0Serenoa repens, tambi\u00e9n conocida como palma enana americana o palma de Florida, se utiliza para mantener una funci\u00f3n urinaria normal en los hombres mayores de 45 a\u00f1os. Ayuda a mantener el m\u00e1ximo flujo de orina.El azafr\u00e1n se utiliza para reducir la tensi\u00f3n y ayudar a dormir mejor.<br \/>\nAyuda a estimular la libido, mejorar la erecci\u00f3n y relajar los m\u00fasculos.Las vitaminas C y E, el zinc y el selenio ayudan a proteger las c\u00e9lulas contra el estr\u00e9s oxidativo.ERGYVITAL Hombre tambi\u00e9n contiene licopeno, un pigmento derivado del tomate, y ortiga.<br \/>\nIngredientes<br \/>\nExtractos de saw palmetto (Serenoa repens\u00a0(W. Bartram) Small), de epilobio (Epilobium parvifl orum Schreb.), de ortiga (Urtica dioica L.), prote\u00ednas de guisante, vitamina C (L-ascorbato de calcio), licopeno procedente del tomate, citrato de zinc, antiaglomerante: estearato de magnesio vegetal; selenita de sodio, succinato de vitamina E (D-alfa tocoferol), extracto de azafr\u00e1n (Crocus sativus L.). C\u00e1psula: gelatina de pescado, colorante: \u00f3xido de hierro.<br \/>\nComposici\u00f3n<br \/>\nIngrediente<br \/>\nCantidad por 3 c\u00e1psulas<br \/>\n% VRN*<br \/>\nExtracto seco de Saw palmetto (Serenoa repens)<br \/>\n1 500 mg **<br \/>\n\u2014<br \/>\nExtracto seco de Epilobio (Epilobium parviflorum)<br \/>\n1 800 mg **<br \/>\n\u2014<br \/>\nExtracto seco de Ortiga (Urtica dioica)<br \/>\n720 mg **<br \/>\n\u2014<br \/>\nExtracto seco de Azafr\u00e1n (Crocus sativus)<br \/>\n8,4 mg **<br \/>\n\u2014<br \/>\nLicopeno (de tomate)<br \/>\n3 mg<br \/>\n\u2014<br \/>\nVitamina C (L-ascorbato de calcio)<br \/>\n80 mg<br \/>\n100 %<br \/>\nZinc (citrato)<br \/>\n10 mg<br \/>\n100 %<br \/>\nVitamina E (succinato de D-alfa-tocoferol)<br \/>\n9 mg<br \/>\n75 %<br \/>\nSelenio (selenito de sodio)<br \/>\n55 \u03bcg<br \/>\n100 %<br \/>\nLibre de:<br \/>\nGluten<br \/>\nLactosa<br \/>\nConservantes<br \/>\nColorantes artificiales<br \/>\nIndicaciones de uso<br \/>\nDe 2 a 3 c\u00e1psulas al d\u00eda en 2 dosis, durante las comidas.<br \/>\nPrecauciones<br \/>\nProducto destinado a hombres adultos.<br \/>\nNo consumir si se toma al mismo tiempo anticoagulantes ( saw palmeto) y en caso de insuficiencia card\u00edaca o renal edematosas (ortiga)<br \/>\nNo superar la dosis diaria recomendada.<br \/>\nConsultar con el profesional de la salud en caso de tratamientos hormonales o enfermedades de base.<br \/>\nMantener fuera del alcance de los ni\u00f1os.<br \/>\nOLIGOVIOL C<\/p>","protected":false},"excerpt":{"rendered":"<p>ERGYVITAL Hombre es un complemento alimenticio formulado especialmente para cubrir las necesidades nutricionales espec\u00edficas del hombre. Su combinaci\u00f3n de vitaminas, minerales, antioxidantes y extractos vegetales ayuda a mantener la vitalidad, el rendimiento f\u00edsico e intelectual, la salud reproductiva y la protecci\u00f3n celular frente al estr\u00e9s oxidativo.<\/p>","protected":false},"featured_media":501125,"template":"","meta":[],"product_brand":[185],"product_cat":[249,186,282,262],"product_tag":[],"class_list":{"0":"post-501124","1":"product","2":"type-product","3":"status-publish","4":"has-post-thumbnail","6":"product_brand-laboratorio-nutergia","7":"product_cat-energia-vitalidad","8":"product_cat-laboratorio-nutergia","9":"product_cat-salud-masculina","10":"product_cat-suplementos-micronutricionales","12":"first","13":"instock","14":"purchasable","15":"product-type-simple"},"yoast_head":"<!-- This site is optimized with the Yoast SEO Premium plugin v22.9 (Yoast SEO v27.6) - https:\/\/yoast.com\/product\/yoast-seo-premium-wordpress\/ -->\n<title>ERGYVITAL Hombre - Salud Sostenible by Fabrice Lef&egrave;vre Institute<\/title>\n<meta name=\"robots\" content=\"index, follow, max-snippet:-1, max-image-preview:large, max-video-preview:-1\" \/>\n<link rel=\"canonical\" href=\"https:\/\/saludsostenible.es\/en\/product\/ergyvital-hombre\/\" \/>\n<meta property=\"og:locale\" content=\"en_GB\" \/>\n<meta property=\"og:type\" content=\"article\" \/>\n<meta property=\"og:title\" content=\"ERGYVITAL Hombre\" \/>\n<meta property=\"og:description\" content=\"ERGYVITAL Hombre es un complemento alimenticio formulado especialmente para cubrir las necesidades nutricionales espec\u00edficas del hombre. Su combinaci\u00f3n de vitaminas, minerales, antioxidantes y extractos vegetales ayuda a mantener la vitalidad, el rendimiento f\u00edsico e intelectual, la salud reproductiva y la protecci\u00f3n celular frente al estr\u00e9s oxidativo.\" \/>\n<meta property=\"og:url\" content=\"https:\/\/saludsostenible.es\/en\/product\/ergyvital-hombre\/\" \/>\n<meta property=\"og:site_name\" content=\"Salud Sostenible by Fabrice Lef&egrave;vre Institute\" \/>\n<meta property=\"article:publisher\" content=\"https:\/\/www.facebook.com\/ProbodyoneBarcelona\" \/>\n<meta property=\"article:modified_time\" content=\"2025-09-10T20:15:14+00:00\" \/>\n<meta property=\"og:image\" content=\"https:\/\/saludsostenible.es\/wp-content\/uploads\/2025\/09\/ergyvital-hombre.jpg\" \/>\n\t<meta property=\"og:image:width\" content=\"600\" \/>\n\t<meta property=\"og:image:height\" content=\"600\" \/>\n\t<meta property=\"og:image:type\" content=\"image\/png\" \/>\n<meta name=\"twitter:card\" content=\"summary_large_image\" \/>\n<meta name=\"twitter:site\" content=\"@probodyone\" \/>\n<meta name=\"twitter:label1\" content=\"Estimated reading time\" \/>\n\t<meta name=\"twitter:data1\" content=\"2 minutes\" \/>\n<script type=\"application\/ld+json\" class=\"yoast-schema-graph\">{\"@context\":\"https:\\\/\\\/schema.org\",\"@graph\":[{\"@type\":\"WebPage\",\"@id\":\"https:\\\/\\\/saludsostenible.es\\\/product\\\/ergyvital-hombre\\\/\",\"url\":\"https:\\\/\\\/saludsostenible.es\\\/product\\\/ergyvital-hombre\\\/\",\"name\":\"ERGYVITAL Hombre - Salud Sostenible by Fabrice Lef&egrave;vre Institute\",\"isPartOf\":{\"@id\":\"https:\\\/\\\/saludsostenible.es\\\/#website\"},\"primaryImageOfPage\":{\"@id\":\"https:\\\/\\\/saludsostenible.es\\\/product\\\/ergyvital-hombre\\\/#primaryimage\"},\"image\":{\"@id\":\"https:\\\/\\\/saludsostenible.es\\\/product\\\/ergyvital-hombre\\\/#primaryimage\"},\"thumbnailUrl\":\"https:\\\/\\\/saludsostenible.es\\\/wp-content\\\/uploads\\\/2025\\\/09\\\/ergyvital-hombre.jpg\",\"datePublished\":\"2025-09-10T20:14:55+00:00\",\"dateModified\":\"2025-09-10T20:15:14+00:00\",\"breadcrumb\":{\"@id\":\"https:\\\/\\\/saludsostenible.es\\\/product\\\/ergyvital-hombre\\\/#breadcrumb\"},\"inLanguage\":\"en-GB\",\"potentialAction\":[{\"@type\":\"ReadAction\",\"target\":[\"https:\\\/\\\/saludsostenible.es\\\/product\\\/ergyvital-hombre\\\/\"]}]},{\"@type\":\"ImageObject\",\"inLanguage\":\"en-GB\",\"@id\":\"https:\\\/\\\/saludsostenible.es\\\/product\\\/ergyvital-hombre\\\/#primaryimage\",\"url\":\"https:\\\/\\\/saludsostenible.es\\\/wp-content\\\/uploads\\\/2025\\\/09\\\/ergyvital-hombre.jpg\",\"contentUrl\":\"https:\\\/\\\/saludsostenible.es\\\/wp-content\\\/uploads\\\/2025\\\/09\\\/ergyvital-hombre.jpg\",\"width\":600,\"height\":600},{\"@type\":\"BreadcrumbList\",\"@id\":\"https:\\\/\\\/saludsostenible.es\\\/product\\\/ergyvital-hombre\\\/#breadcrumb\",\"itemListElement\":[{\"@type\":\"ListItem\",\"position\":1,\"name\":\"Home\",\"item\":\"https:\\\/\\\/saludsostenible.es\\\/\"},{\"@type\":\"ListItem\",\"position\":2,\"name\":\"Tienda\",\"item\":\"https:\\\/\\\/saludsostenible.es\\\/tienda\\\/\"},{\"@type\":\"ListItem\",\"position\":3,\"name\":\"ERGYVITAL Hombre\"}]},{\"@type\":\"WebSite\",\"@id\":\"https:\\\/\\\/saludsostenible.es\\\/#website\",\"url\":\"https:\\\/\\\/saludsostenible.es\\\/\",\"name\":\"Salud Sostenible Beauty & Longevity\",\"description\":\"Plataforma de consulta online y acceso a especialistas privados: salud integrativa, beauty y longevidad. Inicia tu perfil de salud metab\u00f3lica.\",\"publisher\":{\"@id\":\"https:\\\/\\\/saludsostenible.es\\\/#organization\"},\"alternateName\":\"Salud Sostenible\",\"potentialAction\":[{\"@type\":\"SearchAction\",\"target\":{\"@type\":\"EntryPoint\",\"urlTemplate\":\"https:\\\/\\\/saludsostenible.es\\\/?s={search_term_string}\"},\"query-input\":{\"@type\":\"PropertyValueSpecification\",\"valueRequired\":true,\"valueName\":\"search_term_string\"}}],\"inLanguage\":\"en-GB\"},{\"@type\":\"Organization\",\"@id\":\"https:\\\/\\\/saludsostenible.es\\\/#organization\",\"name\":\"Salud Sostenible by Fabrice Lef\u00e8vre Institute\",\"alternateName\":\"Osteopat\u00eda en Barcelona, Madrid y Marbella\",\"url\":\"https:\\\/\\\/saludsostenible.es\\\/\",\"logo\":{\"@type\":\"ImageObject\",\"inLanguage\":\"en-GB\",\"@id\":\"https:\\\/\\\/saludsostenible.es\\\/#\\\/schema\\\/logo\\\/image\\\/\",\"url\":\"https:\\\/\\\/saludsostenible.es\\\/wp-content\\\/uploads\\\/2024\\\/08\\\/probodyone-blog.jpg\",\"contentUrl\":\"https:\\\/\\\/saludsostenible.es\\\/wp-content\\\/uploads\\\/2024\\\/08\\\/probodyone-blog.jpg\",\"width\":1600,\"height\":550,\"caption\":\"Salud Sostenible by Fabrice Lef\u00e8vre Institute\"},\"image\":{\"@id\":\"https:\\\/\\\/saludsostenible.es\\\/#\\\/schema\\\/logo\\\/image\\\/\"},\"sameAs\":[\"https:\\\/\\\/www.facebook.com\\\/ProbodyoneBarcelona\",\"https:\\\/\\\/x.com\\\/probodyone\",\"https:\\\/\\\/www.youtube.com\\\/@Probodyone\\\/videos\"]}]}<\/script>\n<!-- \/ Yoast SEO Premium plugin. -->","yoast_head_json":{"title":"ERGYVITAL Hombre - Salud Sostenible by Fabrice Lef&egrave;vre Institute","robots":{"index":"index","follow":"follow","max-snippet":"max-snippet:-1","max-image-preview":"max-image-preview:large","max-video-preview":"max-video-preview:-1"},"canonical":"https:\/\/saludsostenible.es\/en\/product\/ergyvital-hombre\/","og_locale":"en_GB","og_type":"article","og_title":"ERGYVITAL Hombre","og_description":"ERGYVITAL Hombre es un complemento alimenticio formulado especialmente para cubrir las necesidades nutricionales espec\u00edficas del hombre. Su combinaci\u00f3n de vitaminas, minerales, antioxidantes y extractos vegetales ayuda a mantener la vitalidad, el rendimiento f\u00edsico e intelectual, la salud reproductiva y la protecci\u00f3n celular frente al estr\u00e9s oxidativo.","og_url":"https:\/\/saludsostenible.es\/en\/product\/ergyvital-hombre\/","og_site_name":"Salud Sostenible by Fabrice Lef&egrave;vre Institute","article_publisher":"https:\/\/www.facebook.com\/ProbodyoneBarcelona","article_modified_time":"2025-09-10T20:15:14+00:00","og_image":[{"width":600,"height":600,"url":"https:\/\/saludsostenible.es\/wp-content\/uploads\/2025\/09\/ergyvital-hombre.jpg","type":"image\/png"}],"twitter_card":"summary_large_image","twitter_site":"@probodyone","twitter_misc":{"Estimated reading time":"2 minutes"},"schema":{"@context":"https:\/\/schema.org","@graph":[{"@type":"WebPage","@id":"https:\/\/saludsostenible.es\/product\/ergyvital-hombre\/","url":"https:\/\/saludsostenible.es\/product\/ergyvital-hombre\/","name":"ERGYVITAL Hombre - Salud Sostenible by Fabrice Lef&egrave;vre Institute","isPartOf":{"@id":"https:\/\/saludsostenible.es\/#website"},"primaryImageOfPage":{"@id":"https:\/\/saludsostenible.es\/product\/ergyvital-hombre\/#primaryimage"},"image":{"@id":"https:\/\/saludsostenible.es\/product\/ergyvital-hombre\/#primaryimage"},"thumbnailUrl":"https:\/\/saludsostenible.es\/wp-content\/uploads\/2025\/09\/ergyvital-hombre.jpg","datePublished":"2025-09-10T20:14:55+00:00","dateModified":"2025-09-10T20:15:14+00:00","breadcrumb":{"@id":"https:\/\/saludsostenible.es\/product\/ergyvital-hombre\/#breadcrumb"},"inLanguage":"en-GB","potentialAction":[{"@type":"ReadAction","target":["https:\/\/saludsostenible.es\/product\/ergyvital-hombre\/"]}]},{"@type":"ImageObject","inLanguage":"en-GB","@id":"https:\/\/saludsostenible.es\/product\/ergyvital-hombre\/#primaryimage","url":"https:\/\/saludsostenible.es\/wp-content\/uploads\/2025\/09\/ergyvital-hombre.jpg","contentUrl":"https:\/\/saludsostenible.es\/wp-content\/uploads\/2025\/09\/ergyvital-hombre.jpg","width":600,"height":600},{"@type":"BreadcrumbList","@id":"https:\/\/saludsostenible.es\/product\/ergyvital-hombre\/#breadcrumb","itemListElement":[{"@type":"ListItem","position":1,"name":"Home","item":"https:\/\/saludsostenible.es\/"},{"@type":"ListItem","position":2,"name":"Tienda","item":"https:\/\/saludsostenible.es\/tienda\/"},{"@type":"ListItem","position":3,"name":"ERGYVITAL Hombre"}]},{"@type":"WebSite","@id":"https:\/\/saludsostenible.es\/#website","url":"https:\/\/saludsostenible.es\/","name":"Salud Sostenible Beauty & Longevity","description":"Plataforma de consulta online y acceso a especialistas privados: salud integrativa, beauty y longevidad. Inicia tu perfil de salud metab\u00f3lica.","publisher":{"@id":"https:\/\/saludsostenible.es\/#organization"},"alternateName":"Salud Sostenible","potentialAction":[{"@type":"SearchAction","target":{"@type":"EntryPoint","urlTemplate":"https:\/\/saludsostenible.es\/?s={search_term_string}"},"query-input":{"@type":"PropertyValueSpecification","valueRequired":true,"valueName":"search_term_string"}}],"inLanguage":"en-GB"},{"@type":"Organization","@id":"https:\/\/saludsostenible.es\/#organization","name":"Salud Sostenible by Fabrice Lef\u00e8vre Institute","alternateName":"Osteopat\u00eda en Barcelona, Madrid y Marbella","url":"https:\/\/saludsostenible.es\/","logo":{"@type":"ImageObject","inLanguage":"en-GB","@id":"https:\/\/saludsostenible.es\/#\/schema\/logo\/image\/","url":"https:\/\/saludsostenible.es\/wp-content\/uploads\/2024\/08\/probodyone-blog.jpg","contentUrl":"https:\/\/saludsostenible.es\/wp-content\/uploads\/2024\/08\/probodyone-blog.jpg","width":1600,"height":550,"caption":"Salud Sostenible by Fabrice Lef\u00e8vre Institute"},"image":{"@id":"https:\/\/saludsostenible.es\/#\/schema\/logo\/image\/"},"sameAs":["https:\/\/www.facebook.com\/ProbodyoneBarcelona","https:\/\/x.com\/probodyone","https:\/\/www.youtube.com\/@Probodyone\/videos"]}]}},"_links":{"self":[{"href":"https:\/\/saludsostenible.es\/en\/wp-json\/wp\/v2\/product\/501124","targetHints":{"allow":["GET"]}}],"collection":[{"href":"https:\/\/saludsostenible.es\/en\/wp-json\/wp\/v2\/product"}],"about":[{"href":"https:\/\/saludsostenible.es\/en\/wp-json\/wp\/v2\/types\/product"}],"wp:featuredmedia":[{"embeddable":true,"href":"https:\/\/saludsostenible.es\/en\/wp-json\/wp\/v2\/media\/501125"}],"wp:attachment":[{"href":"https:\/\/saludsostenible.es\/en\/wp-json\/wp\/v2\/media?parent=501124"}],"wp:term":[{"taxonomy":"product_brand","embeddable":true,"href":"https:\/\/saludsostenible.es\/en\/wp-json\/wp\/v2\/product_brand?post=501124"},{"taxonomy":"product_cat","embeddable":true,"href":"https:\/\/saludsostenible.es\/en\/wp-json\/wp\/v2\/product_cat?post=501124"},{"taxonomy":"product_tag","embeddable":true,"href":"https:\/\/saludsostenible.es\/en\/wp-json\/wp\/v2\/product_tag?post=501124"}],"curies":[{"name":"wp","href":"https:\/\/api.w.org\/{rel}","templated":true}]}}