{"id":501138,"date":"2025-09-10T20:15:21","date_gmt":"2025-09-10T20:15:21","guid":{"rendered":"https:\/\/saludsostenible.es\/product\/oligoviol-o\/"},"modified":"2025-09-10T20:15:22","modified_gmt":"2025-09-10T20:15:22","slug":"oligoviol-o","status":"publish","type":"product","link":"https:\/\/saludsostenible.es\/en\/product\/oligoviol-o\/","title":{"rendered":"OLIGOVIOL O"},"content":{"rendered":"<p>Indicaciones<br \/>\nEn caso de exceso de radicales libres.<br \/>\nPara ayudar a un terreno oxidado: Terreno O (CHANBIO).<br \/>\nVentajas<br \/>\nNutrientes en su estado natural<br \/>\nOligoelementos biodisponibles.<br \/>\nF\u00f3rmula concentrada<br \/>\nAgua de mar y extracto patentado de litotamno, origen Francia.<br \/>\nSin alcohol, sin edulcorante, sin az\u00facar, sin sabor artificial<br \/>\nIngredientes<br \/>\nSoluci\u00f3n acuosa de oligoelementos (agua filtrada, agua de mar concentrada sin sodio, extracto estandarizado de litotamno \u2013\u00a0Phymatolithon calcareum Pall., gluconatos de zinc, de hierro y de cobre, cloruro de cromo, selenita y molibdato de sodio, sulfato de manganeso), conservante: sorbato de potasio; corrector de acidez: hidr\u00f3xido de potasio.<br \/>\nComposici\u00f3n (por dosis recomendada)<br \/>\nIngrediente<br \/>\nCantidad por 5 ml<br \/>\n% VRN*<br \/>\nSelenio<br \/>\n50 mg<br \/>\n91 %<br \/>\nZinc (complejo OLIGOMAX)<br \/>\n0,1 mg<br \/>\n1 %<br \/>\nHierro (complejo OLIGOMAX)<br \/>\n0,07 mg<br \/>\n0,5 %<br \/>\nCobre (complejo OLIGOMAX)<br \/>\n0,06 mg<br \/>\n6 %<br \/>\nManganeso (complejo OLIGOMAX)<br \/>\n0,03 mg<br \/>\n1,5 %<br \/>\nCromo (complejo OLIGOMAX)<br \/>\n5,6 mg<br \/>\n12 %<br \/>\nMolibdeno (complejo OLIGOMAX)<br \/>\n5,4 mg<br \/>\n10 %<br \/>\nAgua de mar concentrada (sin sodio)<br \/>\n150 mg<br \/>\n\u2014<br \/>\nExtracto de litotamo (Phymatolithon calcareum)<br \/>\n15 mg<br \/>\n\u2014<br \/>\nLibre de:<br \/>\nGluten<br \/>\nLactosa<br \/>\nConservantes<br \/>\nColorantes artificiales<br \/>\nIndicaciones de uso<br \/>\n5 ml al d\u00eda para diluir en 1 vaso de agua (150 ml).<br \/>\nEs normal que se produzca un ligero enturbiamiento o dep\u00f3sito, ag\u00edtelo bien antes de utilizarlo.<br \/>\nPrecauciones<br \/>\nMantener fuera del alcance de los ni\u00f1os, a una temperatura inferior a 25\u00b0C y alejado de la humedad.<br \/>\nERGYVIOL<\/p>","protected":false},"excerpt":{"rendered":"<p>OLIGOVIOL O es un complemento alimenticio a base de oligoelementos formulado para apoyar el sistema osteoarticular y mineral, ayudando al mantenimiento de los huesos, articulaciones y tejidos conectivos. Su f\u00f3rmula sin\u00e9rgica favorece el metabolismo mineral, protege frente al estr\u00e9s oxidativo y contribuye al bienestar esquel\u00e9tico.<\/p>","protected":false},"featured_media":501139,"template":"","meta":[],"product_brand":[185],"product_cat":[277,253,186,262],"product_tag":[],"class_list":{"0":"post-501138","1":"product","2":"type-product","3":"status-publish","4":"has-post-thumbnail","6":"product_brand-laboratorio-nutergia","7":"product_cat-antioxidantes-estres-oxidativo","8":"product_cat-inmunidad-antioxidantes","9":"product_cat-laboratorio-nutergia","10":"product_cat-suplementos-micronutricionales","11":"product_shipping_class-producto-fisico","13":"first","14":"instock","15":"purchasable","16":"product-type-simple"},"yoast_head":"<!-- This site is optimized with the Yoast SEO Premium plugin v22.9 (Yoast SEO v27.6) - https:\/\/yoast.com\/product\/yoast-seo-premium-wordpress\/ -->\n<title>OLIGOVIOL O - Salud Sostenible by Fabrice Lef&egrave;vre Institute<\/title>\n<meta name=\"robots\" content=\"index, follow, max-snippet:-1, max-image-preview:large, max-video-preview:-1\" \/>\n<link rel=\"canonical\" href=\"https:\/\/saludsostenible.es\/en\/product\/oligoviol-o\/\" \/>\n<meta property=\"og:locale\" content=\"en_GB\" \/>\n<meta property=\"og:type\" content=\"article\" \/>\n<meta property=\"og:title\" content=\"OLIGOVIOL O\" \/>\n<meta property=\"og:description\" content=\"OLIGOVIOL O es un complemento alimenticio a base de oligoelementos formulado para apoyar el sistema osteoarticular y mineral, ayudando al mantenimiento de los huesos, articulaciones y tejidos conectivos. Su f\u00f3rmula sin\u00e9rgica favorece el metabolismo mineral, protege frente al estr\u00e9s oxidativo y contribuye al bienestar esquel\u00e9tico.\" \/>\n<meta property=\"og:url\" content=\"https:\/\/saludsostenible.es\/en\/product\/oligoviol-o\/\" \/>\n<meta property=\"og:site_name\" content=\"Salud Sostenible by Fabrice Lef&egrave;vre Institute\" \/>\n<meta property=\"article:publisher\" content=\"https:\/\/www.facebook.com\/ProbodyoneBarcelona\" \/>\n<meta property=\"article:modified_time\" content=\"2025-09-10T20:15:22+00:00\" \/>\n<meta property=\"og:image\" content=\"https:\/\/saludsostenible.es\/wp-content\/uploads\/2025\/09\/oligoviol-o.jpg\" \/>\n\t<meta property=\"og:image:width\" content=\"600\" \/>\n\t<meta property=\"og:image:height\" content=\"600\" \/>\n\t<meta property=\"og:image:type\" content=\"image\/png\" \/>\n<meta name=\"twitter:card\" content=\"summary_large_image\" \/>\n<meta name=\"twitter:site\" content=\"@probodyone\" \/>\n<meta name=\"twitter:label1\" content=\"Estimated reading time\" \/>\n\t<meta name=\"twitter:data1\" content=\"1 minute\" \/>\n<script type=\"application\/ld+json\" class=\"yoast-schema-graph\">{\"@context\":\"https:\\\/\\\/schema.org\",\"@graph\":[{\"@type\":\"WebPage\",\"@id\":\"https:\\\/\\\/saludsostenible.es\\\/product\\\/oligoviol-o\\\/\",\"url\":\"https:\\\/\\\/saludsostenible.es\\\/product\\\/oligoviol-o\\\/\",\"name\":\"OLIGOVIOL O - Salud Sostenible by Fabrice Lef&egrave;vre Institute\",\"isPartOf\":{\"@id\":\"https:\\\/\\\/saludsostenible.es\\\/#website\"},\"primaryImageOfPage\":{\"@id\":\"https:\\\/\\\/saludsostenible.es\\\/product\\\/oligoviol-o\\\/#primaryimage\"},\"image\":{\"@id\":\"https:\\\/\\\/saludsostenible.es\\\/product\\\/oligoviol-o\\\/#primaryimage\"},\"thumbnailUrl\":\"https:\\\/\\\/saludsostenible.es\\\/wp-content\\\/uploads\\\/2025\\\/09\\\/oligoviol-o.jpg\",\"datePublished\":\"2025-09-10T20:15:21+00:00\",\"dateModified\":\"2025-09-10T20:15:22+00:00\",\"breadcrumb\":{\"@id\":\"https:\\\/\\\/saludsostenible.es\\\/product\\\/oligoviol-o\\\/#breadcrumb\"},\"inLanguage\":\"en-GB\",\"potentialAction\":[{\"@type\":\"ReadAction\",\"target\":[\"https:\\\/\\\/saludsostenible.es\\\/product\\\/oligoviol-o\\\/\"]}]},{\"@type\":\"ImageObject\",\"inLanguage\":\"en-GB\",\"@id\":\"https:\\\/\\\/saludsostenible.es\\\/product\\\/oligoviol-o\\\/#primaryimage\",\"url\":\"https:\\\/\\\/saludsostenible.es\\\/wp-content\\\/uploads\\\/2025\\\/09\\\/oligoviol-o.jpg\",\"contentUrl\":\"https:\\\/\\\/saludsostenible.es\\\/wp-content\\\/uploads\\\/2025\\\/09\\\/oligoviol-o.jpg\",\"width\":600,\"height\":600},{\"@type\":\"BreadcrumbList\",\"@id\":\"https:\\\/\\\/saludsostenible.es\\\/product\\\/oligoviol-o\\\/#breadcrumb\",\"itemListElement\":[{\"@type\":\"ListItem\",\"position\":1,\"name\":\"Home\",\"item\":\"https:\\\/\\\/saludsostenible.es\\\/\"},{\"@type\":\"ListItem\",\"position\":2,\"name\":\"Tienda\",\"item\":\"https:\\\/\\\/saludsostenible.es\\\/tienda\\\/\"},{\"@type\":\"ListItem\",\"position\":3,\"name\":\"OLIGOVIOL O\"}]},{\"@type\":\"WebSite\",\"@id\":\"https:\\\/\\\/saludsostenible.es\\\/#website\",\"url\":\"https:\\\/\\\/saludsostenible.es\\\/\",\"name\":\"Salud Sostenible Beauty & Longevity\",\"description\":\"Plataforma de consulta online y acceso a especialistas privados: salud integrativa, beauty y longevidad. Inicia tu perfil de salud metab\u00f3lica.\",\"publisher\":{\"@id\":\"https:\\\/\\\/saludsostenible.es\\\/#organization\"},\"alternateName\":\"Salud Sostenible\",\"potentialAction\":[{\"@type\":\"SearchAction\",\"target\":{\"@type\":\"EntryPoint\",\"urlTemplate\":\"https:\\\/\\\/saludsostenible.es\\\/?s={search_term_string}\"},\"query-input\":{\"@type\":\"PropertyValueSpecification\",\"valueRequired\":true,\"valueName\":\"search_term_string\"}}],\"inLanguage\":\"en-GB\"},{\"@type\":\"Organization\",\"@id\":\"https:\\\/\\\/saludsostenible.es\\\/#organization\",\"name\":\"Salud Sostenible by Fabrice Lef\u00e8vre Institute\",\"alternateName\":\"Osteopat\u00eda en Barcelona, Madrid y Marbella\",\"url\":\"https:\\\/\\\/saludsostenible.es\\\/\",\"logo\":{\"@type\":\"ImageObject\",\"inLanguage\":\"en-GB\",\"@id\":\"https:\\\/\\\/saludsostenible.es\\\/#\\\/schema\\\/logo\\\/image\\\/\",\"url\":\"https:\\\/\\\/saludsostenible.es\\\/wp-content\\\/uploads\\\/2024\\\/08\\\/probodyone-blog.jpg\",\"contentUrl\":\"https:\\\/\\\/saludsostenible.es\\\/wp-content\\\/uploads\\\/2024\\\/08\\\/probodyone-blog.jpg\",\"width\":1600,\"height\":550,\"caption\":\"Salud Sostenible by Fabrice Lef\u00e8vre Institute\"},\"image\":{\"@id\":\"https:\\\/\\\/saludsostenible.es\\\/#\\\/schema\\\/logo\\\/image\\\/\"},\"sameAs\":[\"https:\\\/\\\/www.facebook.com\\\/ProbodyoneBarcelona\",\"https:\\\/\\\/x.com\\\/probodyone\",\"https:\\\/\\\/www.youtube.com\\\/@Probodyone\\\/videos\"]}]}<\/script>\n<!-- \/ Yoast SEO Premium plugin. -->","yoast_head_json":{"title":"OLIGOVIOL O - Salud Sostenible by Fabrice Lef&egrave;vre Institute","robots":{"index":"index","follow":"follow","max-snippet":"max-snippet:-1","max-image-preview":"max-image-preview:large","max-video-preview":"max-video-preview:-1"},"canonical":"https:\/\/saludsostenible.es\/en\/product\/oligoviol-o\/","og_locale":"en_GB","og_type":"article","og_title":"OLIGOVIOL O","og_description":"OLIGOVIOL O es un complemento alimenticio a base de oligoelementos formulado para apoyar el sistema osteoarticular y mineral, ayudando al mantenimiento de los huesos, articulaciones y tejidos conectivos. Su f\u00f3rmula sin\u00e9rgica favorece el metabolismo mineral, protege frente al estr\u00e9s oxidativo y contribuye al bienestar esquel\u00e9tico.","og_url":"https:\/\/saludsostenible.es\/en\/product\/oligoviol-o\/","og_site_name":"Salud Sostenible by Fabrice Lef&egrave;vre Institute","article_publisher":"https:\/\/www.facebook.com\/ProbodyoneBarcelona","article_modified_time":"2025-09-10T20:15:22+00:00","og_image":[{"width":600,"height":600,"url":"https:\/\/saludsostenible.es\/wp-content\/uploads\/2025\/09\/oligoviol-o.jpg","type":"image\/png"}],"twitter_card":"summary_large_image","twitter_site":"@probodyone","twitter_misc":{"Estimated reading time":"1 minute"},"schema":{"@context":"https:\/\/schema.org","@graph":[{"@type":"WebPage","@id":"https:\/\/saludsostenible.es\/product\/oligoviol-o\/","url":"https:\/\/saludsostenible.es\/product\/oligoviol-o\/","name":"OLIGOVIOL O - Salud Sostenible by Fabrice Lef&egrave;vre Institute","isPartOf":{"@id":"https:\/\/saludsostenible.es\/#website"},"primaryImageOfPage":{"@id":"https:\/\/saludsostenible.es\/product\/oligoviol-o\/#primaryimage"},"image":{"@id":"https:\/\/saludsostenible.es\/product\/oligoviol-o\/#primaryimage"},"thumbnailUrl":"https:\/\/saludsostenible.es\/wp-content\/uploads\/2025\/09\/oligoviol-o.jpg","datePublished":"2025-09-10T20:15:21+00:00","dateModified":"2025-09-10T20:15:22+00:00","breadcrumb":{"@id":"https:\/\/saludsostenible.es\/product\/oligoviol-o\/#breadcrumb"},"inLanguage":"en-GB","potentialAction":[{"@type":"ReadAction","target":["https:\/\/saludsostenible.es\/product\/oligoviol-o\/"]}]},{"@type":"ImageObject","inLanguage":"en-GB","@id":"https:\/\/saludsostenible.es\/product\/oligoviol-o\/#primaryimage","url":"https:\/\/saludsostenible.es\/wp-content\/uploads\/2025\/09\/oligoviol-o.jpg","contentUrl":"https:\/\/saludsostenible.es\/wp-content\/uploads\/2025\/09\/oligoviol-o.jpg","width":600,"height":600},{"@type":"BreadcrumbList","@id":"https:\/\/saludsostenible.es\/product\/oligoviol-o\/#breadcrumb","itemListElement":[{"@type":"ListItem","position":1,"name":"Home","item":"https:\/\/saludsostenible.es\/"},{"@type":"ListItem","position":2,"name":"Tienda","item":"https:\/\/saludsostenible.es\/tienda\/"},{"@type":"ListItem","position":3,"name":"OLIGOVIOL O"}]},{"@type":"WebSite","@id":"https:\/\/saludsostenible.es\/#website","url":"https:\/\/saludsostenible.es\/","name":"Salud Sostenible Beauty & Longevity","description":"Plataforma de consulta online y acceso a especialistas privados: salud integrativa, beauty y longevidad. Inicia tu perfil de salud metab\u00f3lica.","publisher":{"@id":"https:\/\/saludsostenible.es\/#organization"},"alternateName":"Salud Sostenible","potentialAction":[{"@type":"SearchAction","target":{"@type":"EntryPoint","urlTemplate":"https:\/\/saludsostenible.es\/?s={search_term_string}"},"query-input":{"@type":"PropertyValueSpecification","valueRequired":true,"valueName":"search_term_string"}}],"inLanguage":"en-GB"},{"@type":"Organization","@id":"https:\/\/saludsostenible.es\/#organization","name":"Salud Sostenible by Fabrice Lef\u00e8vre Institute","alternateName":"Osteopat\u00eda en Barcelona, Madrid y Marbella","url":"https:\/\/saludsostenible.es\/","logo":{"@type":"ImageObject","inLanguage":"en-GB","@id":"https:\/\/saludsostenible.es\/#\/schema\/logo\/image\/","url":"https:\/\/saludsostenible.es\/wp-content\/uploads\/2024\/08\/probodyone-blog.jpg","contentUrl":"https:\/\/saludsostenible.es\/wp-content\/uploads\/2024\/08\/probodyone-blog.jpg","width":1600,"height":550,"caption":"Salud Sostenible by Fabrice Lef\u00e8vre Institute"},"image":{"@id":"https:\/\/saludsostenible.es\/#\/schema\/logo\/image\/"},"sameAs":["https:\/\/www.facebook.com\/ProbodyoneBarcelona","https:\/\/x.com\/probodyone","https:\/\/www.youtube.com\/@Probodyone\/videos"]}]}},"_links":{"self":[{"href":"https:\/\/saludsostenible.es\/en\/wp-json\/wp\/v2\/product\/501138","targetHints":{"allow":["GET"]}}],"collection":[{"href":"https:\/\/saludsostenible.es\/en\/wp-json\/wp\/v2\/product"}],"about":[{"href":"https:\/\/saludsostenible.es\/en\/wp-json\/wp\/v2\/types\/product"}],"wp:featuredmedia":[{"embeddable":true,"href":"https:\/\/saludsostenible.es\/en\/wp-json\/wp\/v2\/media\/501139"}],"wp:attachment":[{"href":"https:\/\/saludsostenible.es\/en\/wp-json\/wp\/v2\/media?parent=501138"}],"wp:term":[{"taxonomy":"product_brand","embeddable":true,"href":"https:\/\/saludsostenible.es\/en\/wp-json\/wp\/v2\/product_brand?post=501138"},{"taxonomy":"product_cat","embeddable":true,"href":"https:\/\/saludsostenible.es\/en\/wp-json\/wp\/v2\/product_cat?post=501138"},{"taxonomy":"product_tag","embeddable":true,"href":"https:\/\/saludsostenible.es\/en\/wp-json\/wp\/v2\/product_tag?post=501138"}],"curies":[{"name":"wp","href":"https:\/\/api.w.org\/{rel}","templated":true}]}}