{"id":501159,"date":"2025-09-10T20:15:21","date_gmt":"2025-09-10T20:15:21","guid":{"rendered":"https:\/\/saludsostenible.es\/product\/supralfa\/"},"modified":"2025-09-10T20:15:36","modified_gmt":"2025-09-10T20:15:36","slug":"supralfa","status":"publish","type":"product","link":"https:\/\/saludsostenible.es\/en\/product\/supralfa\/","title":{"rendered":"SUPRALFA"},"content":{"rendered":"<p>Indicaciones<br \/>\nPara las mujeres embarazadas y en per\u00edodo de lactancia<br \/>\nCarencia alimentaria en hierro.<br \/>\nEn caso de fatiga<br \/>\nVentajas<br \/>\nSin alcohol, sin az\u00facar, sin edulcorante, sin sabor artificial.<br \/>\nUn concentrado de agua de mar sin sodio, muy rico en oligoelementos.<br \/>\nHierro, bajo la forma de gluconato ferroso (sal de gran biodisponibilidad), oligoelemento fundamental para importantesfunciones biol\u00f3gicas.<br \/>\nBuena tolerancia<br \/>\nAgua de mar y extracto patentado de litotamno, origen Francia.<br \/>\nNuevo tap\u00f3n dosificador con graduaci\u00f3n a 2,5 ml<br \/>\nSUPRALFA es una combinaci\u00f3n \u00fanica y completa de oligoelementos, agua de mar desodorizada y extracto de lithothamnion.<br \/>\nSu f\u00f3rmula se ha optimizado con la adici\u00f3n de cobre. El cobre participa en el transporte normal del hierro en el organismo. El hierro ayuda a reducir la fatiga.<br \/>\nIngredientes<br \/>\nSoluci\u00f3n acuosa de oligoelementos (agua filtrada, agua de mar concentrada sin sodio, gluconatos de hierro, de zinc y de cobre, Lithomer\u00ae: extracto estandarizado de litotamno \u2013\u00a0Lithothamnium calcareum; sulfato de manganeso, selenita y molibdato de sodio, cloruro de cromo) sabores naturales, conservante: sorbato de potasio; acidificante: \u00e1cido l\u00e1ctico.<br \/>\nComposici\u00f3n (por dosis recomendada &#8211; 1 c\u00e1psula)<br \/>\nIngrediente<br \/>\nCantidad por 5 ml<br \/>\n% VRN*<br \/>\nMagnesio<br \/>\n22 mg<br \/>\n\u2014<br \/>\nHierro (gluconato ferroso)<br \/>\n10 mg<br \/>\n71 %<br \/>\nZinc (gluconato)<br \/>\n0,13 mg<br \/>\n\u2014<br \/>\nCobre (gluconato)<br \/>\n62 \u00b5g<br \/>\n\u2014<br \/>\nManganeso (sulfato)<br \/>\n36 mg<br \/>\n\u2014<br \/>\nSelenio (selenito de sodio)<br \/>\n7,7 \u00b5g<br \/>\n\u2014<br \/>\nCromo (cloruro)<br \/>\n5,6 \u00b5g<br \/>\n\u2014<br \/>\nMolibdeno (molibdato de sodio)<br \/>\n5,6 \u00b5g<br \/>\n\u2014<br \/>\nLibre de:<br \/>\nGluten<br \/>\nLactosa<br \/>\nConservantes<br \/>\nColorantes artificiales<br \/>\nIndicaciones de uso<br \/>\n5 ml al d\u00eda diluidos en 1 vaso de agua (150 ml).<br \/>\nNi\u00f1os de 3 a 10 a\u00f1os: 2,5 ml al d\u00eda diluidos en 1 vaso de agua (150 ml).<br \/>\nPrecauciones<br \/>\nNo se recomienda a las personas que padecen enfermedades que provocan una acumulaci\u00f3n anormal de hierro (hemocromatosis, policitemia, etc.).<br \/>\nNo sustituye a una dieta variada y equilibrada y a un estilo de vida saludable.No superar la dosis diaria recomendada<br \/>\nERGYCLEAN<\/p>","protected":false},"excerpt":{"rendered":"<p>SUPRALFA es un complemento alimenticio multivitam\u00ednico y multimineral completo, dise\u00f1ado para aportar todos los micronutrientes esenciales al organismo, ayudando a mantener la energ\u00eda, reforzar las defensas y prevenir carencias nutricionales. Su f\u00f3rmula completa cubre las necesidades diarias de vitaminas, minerales y oligoelementos, ideal en \u00e9pocas de fatiga, estr\u00e9s o como mantenimiento diario.<\/p>","protected":false},"featured_media":501160,"template":"","meta":[],"product_brand":[185],"product_cat":[186,262],"product_tag":[],"class_list":{"0":"post-501159","1":"product","2":"type-product","3":"status-publish","4":"has-post-thumbnail","6":"product_brand-laboratorio-nutergia","7":"product_cat-laboratorio-nutergia","8":"product_cat-suplementos-micronutricionales","9":"product_shipping_class-producto-fisico","11":"first","12":"instock","13":"purchasable","14":"product-type-simple"},"yoast_head":"<!-- This site is optimized with the Yoast SEO Premium plugin v22.9 (Yoast SEO v27.6) - https:\/\/yoast.com\/product\/yoast-seo-premium-wordpress\/ -->\n<title>SUPRALFA - Salud Sostenible by Fabrice Lef&egrave;vre Institute<\/title>\n<meta name=\"robots\" content=\"index, follow, max-snippet:-1, max-image-preview:large, max-video-preview:-1\" \/>\n<link rel=\"canonical\" href=\"https:\/\/saludsostenible.es\/en\/product\/supralfa\/\" \/>\n<meta property=\"og:locale\" content=\"en_GB\" \/>\n<meta property=\"og:type\" content=\"article\" \/>\n<meta property=\"og:title\" content=\"SUPRALFA\" \/>\n<meta property=\"og:description\" content=\"SUPRALFA es un complemento alimenticio multivitam\u00ednico y multimineral completo, dise\u00f1ado para aportar todos los micronutrientes esenciales al organismo, ayudando a mantener la energ\u00eda, reforzar las defensas y prevenir carencias nutricionales. Su f\u00f3rmula completa cubre las necesidades diarias de vitaminas, minerales y oligoelementos, ideal en \u00e9pocas de fatiga, estr\u00e9s o como mantenimiento diario.\" \/>\n<meta property=\"og:url\" content=\"https:\/\/saludsostenible.es\/en\/product\/supralfa\/\" \/>\n<meta property=\"og:site_name\" content=\"Salud Sostenible by Fabrice Lef&egrave;vre Institute\" \/>\n<meta property=\"article:publisher\" content=\"https:\/\/www.facebook.com\/ProbodyoneBarcelona\" \/>\n<meta property=\"article:modified_time\" content=\"2025-09-10T20:15:36+00:00\" \/>\n<meta property=\"og:image\" content=\"https:\/\/saludsostenible.es\/wp-content\/uploads\/2025\/09\/supralfa.jpg\" \/>\n\t<meta property=\"og:image:width\" content=\"600\" \/>\n\t<meta property=\"og:image:height\" content=\"600\" \/>\n\t<meta property=\"og:image:type\" content=\"image\/png\" \/>\n<meta name=\"twitter:card\" content=\"summary_large_image\" \/>\n<meta name=\"twitter:site\" content=\"@probodyone\" \/>\n<meta name=\"twitter:label1\" content=\"Estimated reading time\" \/>\n\t<meta name=\"twitter:data1\" content=\"1 minute\" \/>\n<script type=\"application\/ld+json\" class=\"yoast-schema-graph\">{\"@context\":\"https:\\\/\\\/schema.org\",\"@graph\":[{\"@type\":\"WebPage\",\"@id\":\"https:\\\/\\\/saludsostenible.es\\\/product\\\/supralfa\\\/\",\"url\":\"https:\\\/\\\/saludsostenible.es\\\/product\\\/supralfa\\\/\",\"name\":\"SUPRALFA - Salud Sostenible by Fabrice Lef&egrave;vre Institute\",\"isPartOf\":{\"@id\":\"https:\\\/\\\/saludsostenible.es\\\/#website\"},\"primaryImageOfPage\":{\"@id\":\"https:\\\/\\\/saludsostenible.es\\\/product\\\/supralfa\\\/#primaryimage\"},\"image\":{\"@id\":\"https:\\\/\\\/saludsostenible.es\\\/product\\\/supralfa\\\/#primaryimage\"},\"thumbnailUrl\":\"https:\\\/\\\/saludsostenible.es\\\/wp-content\\\/uploads\\\/2025\\\/09\\\/supralfa.jpg\",\"datePublished\":\"2025-09-10T20:15:21+00:00\",\"dateModified\":\"2025-09-10T20:15:36+00:00\",\"breadcrumb\":{\"@id\":\"https:\\\/\\\/saludsostenible.es\\\/product\\\/supralfa\\\/#breadcrumb\"},\"inLanguage\":\"en-GB\",\"potentialAction\":[{\"@type\":\"ReadAction\",\"target\":[\"https:\\\/\\\/saludsostenible.es\\\/product\\\/supralfa\\\/\"]}]},{\"@type\":\"ImageObject\",\"inLanguage\":\"en-GB\",\"@id\":\"https:\\\/\\\/saludsostenible.es\\\/product\\\/supralfa\\\/#primaryimage\",\"url\":\"https:\\\/\\\/saludsostenible.es\\\/wp-content\\\/uploads\\\/2025\\\/09\\\/supralfa.jpg\",\"contentUrl\":\"https:\\\/\\\/saludsostenible.es\\\/wp-content\\\/uploads\\\/2025\\\/09\\\/supralfa.jpg\",\"width\":600,\"height\":600},{\"@type\":\"BreadcrumbList\",\"@id\":\"https:\\\/\\\/saludsostenible.es\\\/product\\\/supralfa\\\/#breadcrumb\",\"itemListElement\":[{\"@type\":\"ListItem\",\"position\":1,\"name\":\"Home\",\"item\":\"https:\\\/\\\/saludsostenible.es\\\/\"},{\"@type\":\"ListItem\",\"position\":2,\"name\":\"Tienda\",\"item\":\"https:\\\/\\\/saludsostenible.es\\\/tienda\\\/\"},{\"@type\":\"ListItem\",\"position\":3,\"name\":\"SUPRALFA\"}]},{\"@type\":\"WebSite\",\"@id\":\"https:\\\/\\\/saludsostenible.es\\\/#website\",\"url\":\"https:\\\/\\\/saludsostenible.es\\\/\",\"name\":\"Salud Sostenible Beauty & Longevity\",\"description\":\"Plataforma de consulta online y acceso a especialistas privados: salud integrativa, beauty y longevidad. Inicia tu perfil de salud metab\u00f3lica.\",\"publisher\":{\"@id\":\"https:\\\/\\\/saludsostenible.es\\\/#organization\"},\"alternateName\":\"Salud Sostenible\",\"potentialAction\":[{\"@type\":\"SearchAction\",\"target\":{\"@type\":\"EntryPoint\",\"urlTemplate\":\"https:\\\/\\\/saludsostenible.es\\\/?s={search_term_string}\"},\"query-input\":{\"@type\":\"PropertyValueSpecification\",\"valueRequired\":true,\"valueName\":\"search_term_string\"}}],\"inLanguage\":\"en-GB\"},{\"@type\":\"Organization\",\"@id\":\"https:\\\/\\\/saludsostenible.es\\\/#organization\",\"name\":\"Salud Sostenible by Fabrice Lef\u00e8vre Institute\",\"alternateName\":\"Osteopat\u00eda en Barcelona, Madrid y Marbella\",\"url\":\"https:\\\/\\\/saludsostenible.es\\\/\",\"logo\":{\"@type\":\"ImageObject\",\"inLanguage\":\"en-GB\",\"@id\":\"https:\\\/\\\/saludsostenible.es\\\/#\\\/schema\\\/logo\\\/image\\\/\",\"url\":\"https:\\\/\\\/saludsostenible.es\\\/wp-content\\\/uploads\\\/2024\\\/08\\\/probodyone-blog.jpg\",\"contentUrl\":\"https:\\\/\\\/saludsostenible.es\\\/wp-content\\\/uploads\\\/2024\\\/08\\\/probodyone-blog.jpg\",\"width\":1600,\"height\":550,\"caption\":\"Salud Sostenible by Fabrice Lef\u00e8vre Institute\"},\"image\":{\"@id\":\"https:\\\/\\\/saludsostenible.es\\\/#\\\/schema\\\/logo\\\/image\\\/\"},\"sameAs\":[\"https:\\\/\\\/www.facebook.com\\\/ProbodyoneBarcelona\",\"https:\\\/\\\/x.com\\\/probodyone\",\"https:\\\/\\\/www.youtube.com\\\/@Probodyone\\\/videos\"]}]}<\/script>\n<!-- \/ Yoast SEO Premium plugin. -->","yoast_head_json":{"title":"SUPRALFA - Salud Sostenible by Fabrice Lef&egrave;vre Institute","robots":{"index":"index","follow":"follow","max-snippet":"max-snippet:-1","max-image-preview":"max-image-preview:large","max-video-preview":"max-video-preview:-1"},"canonical":"https:\/\/saludsostenible.es\/en\/product\/supralfa\/","og_locale":"en_GB","og_type":"article","og_title":"SUPRALFA","og_description":"SUPRALFA es un complemento alimenticio multivitam\u00ednico y multimineral completo, dise\u00f1ado para aportar todos los micronutrientes esenciales al organismo, ayudando a mantener la energ\u00eda, reforzar las defensas y prevenir carencias nutricionales. Su f\u00f3rmula completa cubre las necesidades diarias de vitaminas, minerales y oligoelementos, ideal en \u00e9pocas de fatiga, estr\u00e9s o como mantenimiento diario.","og_url":"https:\/\/saludsostenible.es\/en\/product\/supralfa\/","og_site_name":"Salud Sostenible by Fabrice Lef&egrave;vre Institute","article_publisher":"https:\/\/www.facebook.com\/ProbodyoneBarcelona","article_modified_time":"2025-09-10T20:15:36+00:00","og_image":[{"width":600,"height":600,"url":"https:\/\/saludsostenible.es\/wp-content\/uploads\/2025\/09\/supralfa.jpg","type":"image\/png"}],"twitter_card":"summary_large_image","twitter_site":"@probodyone","twitter_misc":{"Estimated reading time":"1 minute"},"schema":{"@context":"https:\/\/schema.org","@graph":[{"@type":"WebPage","@id":"https:\/\/saludsostenible.es\/product\/supralfa\/","url":"https:\/\/saludsostenible.es\/product\/supralfa\/","name":"SUPRALFA - Salud Sostenible by Fabrice Lef&egrave;vre Institute","isPartOf":{"@id":"https:\/\/saludsostenible.es\/#website"},"primaryImageOfPage":{"@id":"https:\/\/saludsostenible.es\/product\/supralfa\/#primaryimage"},"image":{"@id":"https:\/\/saludsostenible.es\/product\/supralfa\/#primaryimage"},"thumbnailUrl":"https:\/\/saludsostenible.es\/wp-content\/uploads\/2025\/09\/supralfa.jpg","datePublished":"2025-09-10T20:15:21+00:00","dateModified":"2025-09-10T20:15:36+00:00","breadcrumb":{"@id":"https:\/\/saludsostenible.es\/product\/supralfa\/#breadcrumb"},"inLanguage":"en-GB","potentialAction":[{"@type":"ReadAction","target":["https:\/\/saludsostenible.es\/product\/supralfa\/"]}]},{"@type":"ImageObject","inLanguage":"en-GB","@id":"https:\/\/saludsostenible.es\/product\/supralfa\/#primaryimage","url":"https:\/\/saludsostenible.es\/wp-content\/uploads\/2025\/09\/supralfa.jpg","contentUrl":"https:\/\/saludsostenible.es\/wp-content\/uploads\/2025\/09\/supralfa.jpg","width":600,"height":600},{"@type":"BreadcrumbList","@id":"https:\/\/saludsostenible.es\/product\/supralfa\/#breadcrumb","itemListElement":[{"@type":"ListItem","position":1,"name":"Home","item":"https:\/\/saludsostenible.es\/"},{"@type":"ListItem","position":2,"name":"Tienda","item":"https:\/\/saludsostenible.es\/tienda\/"},{"@type":"ListItem","position":3,"name":"SUPRALFA"}]},{"@type":"WebSite","@id":"https:\/\/saludsostenible.es\/#website","url":"https:\/\/saludsostenible.es\/","name":"Salud Sostenible Beauty & Longevity","description":"Plataforma de consulta online y acceso a especialistas privados: salud integrativa, beauty y longevidad. Inicia tu perfil de salud metab\u00f3lica.","publisher":{"@id":"https:\/\/saludsostenible.es\/#organization"},"alternateName":"Salud Sostenible","potentialAction":[{"@type":"SearchAction","target":{"@type":"EntryPoint","urlTemplate":"https:\/\/saludsostenible.es\/?s={search_term_string}"},"query-input":{"@type":"PropertyValueSpecification","valueRequired":true,"valueName":"search_term_string"}}],"inLanguage":"en-GB"},{"@type":"Organization","@id":"https:\/\/saludsostenible.es\/#organization","name":"Salud Sostenible by Fabrice Lef\u00e8vre Institute","alternateName":"Osteopat\u00eda en Barcelona, Madrid y Marbella","url":"https:\/\/saludsostenible.es\/","logo":{"@type":"ImageObject","inLanguage":"en-GB","@id":"https:\/\/saludsostenible.es\/#\/schema\/logo\/image\/","url":"https:\/\/saludsostenible.es\/wp-content\/uploads\/2024\/08\/probodyone-blog.jpg","contentUrl":"https:\/\/saludsostenible.es\/wp-content\/uploads\/2024\/08\/probodyone-blog.jpg","width":1600,"height":550,"caption":"Salud Sostenible by Fabrice Lef\u00e8vre Institute"},"image":{"@id":"https:\/\/saludsostenible.es\/#\/schema\/logo\/image\/"},"sameAs":["https:\/\/www.facebook.com\/ProbodyoneBarcelona","https:\/\/x.com\/probodyone","https:\/\/www.youtube.com\/@Probodyone\/videos"]}]}},"_links":{"self":[{"href":"https:\/\/saludsostenible.es\/en\/wp-json\/wp\/v2\/product\/501159","targetHints":{"allow":["GET"]}}],"collection":[{"href":"https:\/\/saludsostenible.es\/en\/wp-json\/wp\/v2\/product"}],"about":[{"href":"https:\/\/saludsostenible.es\/en\/wp-json\/wp\/v2\/types\/product"}],"wp:featuredmedia":[{"embeddable":true,"href":"https:\/\/saludsostenible.es\/en\/wp-json\/wp\/v2\/media\/501160"}],"wp:attachment":[{"href":"https:\/\/saludsostenible.es\/en\/wp-json\/wp\/v2\/media?parent=501159"}],"wp:term":[{"taxonomy":"product_brand","embeddable":true,"href":"https:\/\/saludsostenible.es\/en\/wp-json\/wp\/v2\/product_brand?post=501159"},{"taxonomy":"product_cat","embeddable":true,"href":"https:\/\/saludsostenible.es\/en\/wp-json\/wp\/v2\/product_cat?post=501159"},{"taxonomy":"product_tag","embeddable":true,"href":"https:\/\/saludsostenible.es\/en\/wp-json\/wp\/v2\/product_tag?post=501159"}],"curies":[{"name":"wp","href":"https:\/\/api.w.org\/{rel}","templated":true}]}}