{"id":501167,"date":"2025-09-10T20:15:21","date_gmt":"2025-09-10T20:15:21","guid":{"rendered":"https:\/\/saludsostenible.es\/product\/ergyphilus-atb\/"},"modified":"2025-09-10T20:15:39","modified_gmt":"2025-09-10T20:15:39","slug":"ergyphilus-atb","status":"publish","type":"product","link":"https:\/\/saludsostenible.es\/en\/product\/ergyphilus-atb\/","title":{"rendered":"ERGYPHILUS ATB"},"content":{"rendered":"<p>Indicaciones:<br \/>\nLimitar las molestias intestinales debidas a la toma de antibi\u00f3ticos.<br \/>\nReequilibrar la flora intestinal fragilizada.<br \/>\nMantener la calidad de la mucosa intestinal.<br \/>\nVentajas:<br \/>\nCepas\u00a0vivas revivificantes\u00a0naturalmente presentes en el sistema digestivo humano<br \/>\nSello Sport Protect , sin s\u00edlice , sin gluten, sin di\u00f3xido de titano, sin leche, sin soja<br \/>\nTolerancia a la acidez g\u00e1strica y a las sales biliares para la supervivencia de las bacterias al intestino.<br \/>\nSu dosis de 7.000 millones de bacterias por c\u00e1psula est\u00e1 dise\u00f1ada espec\u00edficamente para acompa\u00f1ar a los antibi\u00f3ticos.<br \/>\nSinergia de 3 cepas probi\u00f3ticas + vitamina B3, fundamental para la mucosa intestinal<br \/>\nEficacia comprobada por estudios\u00a0(inhibici\u00f3n\u00a0 pat\u00f3genos)<br \/>\nApto durante el embarazo y la lactancia<br \/>\nIngredientes<br \/>\nAlmid\u00f3n de patata, fructo oligosac\u00e1ridos (FOS), lactobacilus liofilizados, vitamina B3 (nicotinamida), antioxidante: \u00e1cido L-asc\u00f3rbico, antiaglomerante: estearato de magnesio vegetal. C\u00e1spula: gelatina de pescado.<br \/>\nComposici\u00f3n (por dosis recomendada &#8211; 2 c\u00e1psulas)<br \/>\nIngrediente<br \/>\nPor 2 c\u00e1psulas<br \/>\nPor 4 c\u00e1psulas<br \/>\n% VRN*<br \/>\nLactobacillus rhamnosus GG (ATCC 53103)<br \/>\n6 \u00d7 10\u2079 UFC<br \/>\n12 \u00d7 10\u2079 UFC<br \/>\n\u2014<br \/>\nLactobacillus acidophilus (DSM 21717)<br \/>\n4 \u00d7 10\u2079 UFC<br \/>\n8 \u00d7 10\u2079 UFC<br \/>\n\u2014<br \/>\nLactobacillus plantarum (LMG P-21021)<br \/>\n4 \u00d7 10\u2079 UFC<br \/>\n8 \u00d7 10\u2079 UFC<br \/>\n\u2014<br \/>\nVitamina B3 (nicotinamida)<br \/>\n2,4 mg<br \/>\n4,8 mg<br \/>\n30 % (4 caps)<br \/>\nLibre de:<br \/>\nGluten<br \/>\nLactosa<br \/>\nConservantes<br \/>\nColorantes artificiales<br \/>\nIndicaciones de uso<br \/>\nDe 2 a 3 c\u00e1psulas al d\u00eda. Tomar a distancia del antibi\u00f3tico (2 horas como m\u00ednimo), fuera o durante la comida.*A partir de los 6 a\u00f1os, 1 c\u00e1psula al d\u00eda.*A partir de los 10 a\u00f1os, 2 c\u00e1psulas al d\u00eda.*Si el ni\u00f1o no se traga la c\u00e1psula, puede abrirse para mezclar el polvo con un alimento semil\u00edquido como la compota<br \/>\nA tomar con 2 h de diferencia de la toma del antibi\u00f3tico.<br \/>\nDurante y despu\u00e9s del tratamiento antibioticoConservaci\u00f3n en un lugar fresco (+4\u00b0C) para garantizar la conservaci\u00f3n y la calidad del producto.<br \/>\nPrecauciones<br \/>\nA partir de 6 a\u00f1os ( c\u00e1psula)<br \/>\nERGYPHILUS Beb\u00e9<\/p>","protected":false},"excerpt":{"rendered":"<p>ERGYPHILUS ATB es un complemento alimenticio probi\u00f3tico especialmente formulado para acompa\u00f1ar tratamientos antibi\u00f3ticos, restaurar el equilibrio de la microbiota intestinal y prevenir trastornos digestivos asociados. Gracias a su combinaci\u00f3n de cepas probi\u00f3ticas resistentes y vitamina B3, ayuda a mantener la flora intestinal durante y despu\u00e9s de los tratamientos.<\/p>","protected":false},"featured_media":501168,"template":"","meta":[],"product_brand":[185],"product_cat":[248,284,186,262],"product_tag":[],"class_list":{"0":"post-501167","1":"product","2":"type-product","3":"status-publish","4":"has-post-thumbnail","6":"product_brand-laboratorio-nutergia","7":"product_cat-bienestar-digestivo","8":"product_cat-equilibrio-acido-desmineralizado","9":"product_cat-laboratorio-nutergia","10":"product_cat-suplementos-micronutricionales","11":"product_shipping_class-producto-fisico","13":"first","14":"instock","15":"purchasable","16":"product-type-simple"},"yoast_head":"<!-- This site is optimized with the Yoast SEO Premium plugin v22.9 (Yoast SEO v27.6) - https:\/\/yoast.com\/product\/yoast-seo-premium-wordpress\/ -->\n<title>ERGYPHILUS ATB - Salud Sostenible by Fabrice Lef&egrave;vre Institute<\/title>\n<meta name=\"robots\" content=\"index, follow, max-snippet:-1, max-image-preview:large, max-video-preview:-1\" \/>\n<link rel=\"canonical\" href=\"https:\/\/saludsostenible.es\/en\/product\/ergyphilus-atb\/\" \/>\n<meta property=\"og:locale\" content=\"en_GB\" \/>\n<meta property=\"og:type\" content=\"article\" \/>\n<meta property=\"og:title\" content=\"ERGYPHILUS ATB\" \/>\n<meta property=\"og:description\" content=\"ERGYPHILUS ATB es un complemento alimenticio probi\u00f3tico especialmente formulado para acompa\u00f1ar tratamientos antibi\u00f3ticos, restaurar el equilibrio de la microbiota intestinal y prevenir trastornos digestivos asociados. Gracias a su combinaci\u00f3n de cepas probi\u00f3ticas resistentes y vitamina B3, ayuda a mantener la flora intestinal durante y despu\u00e9s de los tratamientos.\" \/>\n<meta property=\"og:url\" content=\"https:\/\/saludsostenible.es\/en\/product\/ergyphilus-atb\/\" \/>\n<meta property=\"og:site_name\" content=\"Salud Sostenible by Fabrice Lef&egrave;vre Institute\" \/>\n<meta property=\"article:publisher\" content=\"https:\/\/www.facebook.com\/ProbodyoneBarcelona\" \/>\n<meta property=\"article:modified_time\" content=\"2025-09-10T20:15:39+00:00\" \/>\n<meta property=\"og:image\" content=\"https:\/\/saludsostenible.es\/wp-content\/uploads\/2025\/09\/ergyphilus-atb.jpg\" \/>\n\t<meta property=\"og:image:width\" content=\"600\" \/>\n\t<meta property=\"og:image:height\" content=\"600\" \/>\n\t<meta property=\"og:image:type\" content=\"image\/png\" \/>\n<meta name=\"twitter:card\" content=\"summary_large_image\" \/>\n<meta name=\"twitter:site\" content=\"@probodyone\" \/>\n<meta name=\"twitter:label1\" content=\"Estimated reading time\" \/>\n\t<meta name=\"twitter:data1\" content=\"2 minutes\" \/>\n<script type=\"application\/ld+json\" class=\"yoast-schema-graph\">{\"@context\":\"https:\\\/\\\/schema.org\",\"@graph\":[{\"@type\":\"WebPage\",\"@id\":\"https:\\\/\\\/saludsostenible.es\\\/product\\\/ergyphilus-atb\\\/\",\"url\":\"https:\\\/\\\/saludsostenible.es\\\/product\\\/ergyphilus-atb\\\/\",\"name\":\"ERGYPHILUS ATB - Salud Sostenible by Fabrice Lef&egrave;vre Institute\",\"isPartOf\":{\"@id\":\"https:\\\/\\\/saludsostenible.es\\\/#website\"},\"primaryImageOfPage\":{\"@id\":\"https:\\\/\\\/saludsostenible.es\\\/product\\\/ergyphilus-atb\\\/#primaryimage\"},\"image\":{\"@id\":\"https:\\\/\\\/saludsostenible.es\\\/product\\\/ergyphilus-atb\\\/#primaryimage\"},\"thumbnailUrl\":\"https:\\\/\\\/saludsostenible.es\\\/wp-content\\\/uploads\\\/2025\\\/09\\\/ergyphilus-atb.jpg\",\"datePublished\":\"2025-09-10T20:15:21+00:00\",\"dateModified\":\"2025-09-10T20:15:39+00:00\",\"breadcrumb\":{\"@id\":\"https:\\\/\\\/saludsostenible.es\\\/product\\\/ergyphilus-atb\\\/#breadcrumb\"},\"inLanguage\":\"en-GB\",\"potentialAction\":[{\"@type\":\"ReadAction\",\"target\":[\"https:\\\/\\\/saludsostenible.es\\\/product\\\/ergyphilus-atb\\\/\"]}]},{\"@type\":\"ImageObject\",\"inLanguage\":\"en-GB\",\"@id\":\"https:\\\/\\\/saludsostenible.es\\\/product\\\/ergyphilus-atb\\\/#primaryimage\",\"url\":\"https:\\\/\\\/saludsostenible.es\\\/wp-content\\\/uploads\\\/2025\\\/09\\\/ergyphilus-atb.jpg\",\"contentUrl\":\"https:\\\/\\\/saludsostenible.es\\\/wp-content\\\/uploads\\\/2025\\\/09\\\/ergyphilus-atb.jpg\",\"width\":600,\"height\":600},{\"@type\":\"BreadcrumbList\",\"@id\":\"https:\\\/\\\/saludsostenible.es\\\/product\\\/ergyphilus-atb\\\/#breadcrumb\",\"itemListElement\":[{\"@type\":\"ListItem\",\"position\":1,\"name\":\"Home\",\"item\":\"https:\\\/\\\/saludsostenible.es\\\/\"},{\"@type\":\"ListItem\",\"position\":2,\"name\":\"Tienda\",\"item\":\"https:\\\/\\\/saludsostenible.es\\\/tienda\\\/\"},{\"@type\":\"ListItem\",\"position\":3,\"name\":\"ERGYPHILUS ATB\"}]},{\"@type\":\"WebSite\",\"@id\":\"https:\\\/\\\/saludsostenible.es\\\/#website\",\"url\":\"https:\\\/\\\/saludsostenible.es\\\/\",\"name\":\"Salud Sostenible Beauty & Longevity\",\"description\":\"Plataforma de consulta online y acceso a especialistas privados: salud integrativa, beauty y longevidad. Inicia tu perfil de salud metab\u00f3lica.\",\"publisher\":{\"@id\":\"https:\\\/\\\/saludsostenible.es\\\/#organization\"},\"alternateName\":\"Salud Sostenible\",\"potentialAction\":[{\"@type\":\"SearchAction\",\"target\":{\"@type\":\"EntryPoint\",\"urlTemplate\":\"https:\\\/\\\/saludsostenible.es\\\/?s={search_term_string}\"},\"query-input\":{\"@type\":\"PropertyValueSpecification\",\"valueRequired\":true,\"valueName\":\"search_term_string\"}}],\"inLanguage\":\"en-GB\"},{\"@type\":\"Organization\",\"@id\":\"https:\\\/\\\/saludsostenible.es\\\/#organization\",\"name\":\"Salud Sostenible by Fabrice Lef\u00e8vre Institute\",\"alternateName\":\"Osteopat\u00eda en Barcelona, Madrid y Marbella\",\"url\":\"https:\\\/\\\/saludsostenible.es\\\/\",\"logo\":{\"@type\":\"ImageObject\",\"inLanguage\":\"en-GB\",\"@id\":\"https:\\\/\\\/saludsostenible.es\\\/#\\\/schema\\\/logo\\\/image\\\/\",\"url\":\"https:\\\/\\\/saludsostenible.es\\\/wp-content\\\/uploads\\\/2024\\\/08\\\/probodyone-blog.jpg\",\"contentUrl\":\"https:\\\/\\\/saludsostenible.es\\\/wp-content\\\/uploads\\\/2024\\\/08\\\/probodyone-blog.jpg\",\"width\":1600,\"height\":550,\"caption\":\"Salud Sostenible by Fabrice Lef\u00e8vre Institute\"},\"image\":{\"@id\":\"https:\\\/\\\/saludsostenible.es\\\/#\\\/schema\\\/logo\\\/image\\\/\"},\"sameAs\":[\"https:\\\/\\\/www.facebook.com\\\/ProbodyoneBarcelona\",\"https:\\\/\\\/x.com\\\/probodyone\",\"https:\\\/\\\/www.youtube.com\\\/@Probodyone\\\/videos\"]}]}<\/script>\n<!-- \/ Yoast SEO Premium plugin. -->","yoast_head_json":{"title":"ERGYPHILUS ATB - Salud Sostenible by Fabrice Lef&egrave;vre Institute","robots":{"index":"index","follow":"follow","max-snippet":"max-snippet:-1","max-image-preview":"max-image-preview:large","max-video-preview":"max-video-preview:-1"},"canonical":"https:\/\/saludsostenible.es\/en\/product\/ergyphilus-atb\/","og_locale":"en_GB","og_type":"article","og_title":"ERGYPHILUS ATB","og_description":"ERGYPHILUS ATB es un complemento alimenticio probi\u00f3tico especialmente formulado para acompa\u00f1ar tratamientos antibi\u00f3ticos, restaurar el equilibrio de la microbiota intestinal y prevenir trastornos digestivos asociados. Gracias a su combinaci\u00f3n de cepas probi\u00f3ticas resistentes y vitamina B3, ayuda a mantener la flora intestinal durante y despu\u00e9s de los tratamientos.","og_url":"https:\/\/saludsostenible.es\/en\/product\/ergyphilus-atb\/","og_site_name":"Salud Sostenible by Fabrice Lef&egrave;vre Institute","article_publisher":"https:\/\/www.facebook.com\/ProbodyoneBarcelona","article_modified_time":"2025-09-10T20:15:39+00:00","og_image":[{"width":600,"height":600,"url":"https:\/\/saludsostenible.es\/wp-content\/uploads\/2025\/09\/ergyphilus-atb.jpg","type":"image\/png"}],"twitter_card":"summary_large_image","twitter_site":"@probodyone","twitter_misc":{"Estimated reading time":"2 minutes"},"schema":{"@context":"https:\/\/schema.org","@graph":[{"@type":"WebPage","@id":"https:\/\/saludsostenible.es\/product\/ergyphilus-atb\/","url":"https:\/\/saludsostenible.es\/product\/ergyphilus-atb\/","name":"ERGYPHILUS ATB - Salud Sostenible by Fabrice Lef&egrave;vre Institute","isPartOf":{"@id":"https:\/\/saludsostenible.es\/#website"},"primaryImageOfPage":{"@id":"https:\/\/saludsostenible.es\/product\/ergyphilus-atb\/#primaryimage"},"image":{"@id":"https:\/\/saludsostenible.es\/product\/ergyphilus-atb\/#primaryimage"},"thumbnailUrl":"https:\/\/saludsostenible.es\/wp-content\/uploads\/2025\/09\/ergyphilus-atb.jpg","datePublished":"2025-09-10T20:15:21+00:00","dateModified":"2025-09-10T20:15:39+00:00","breadcrumb":{"@id":"https:\/\/saludsostenible.es\/product\/ergyphilus-atb\/#breadcrumb"},"inLanguage":"en-GB","potentialAction":[{"@type":"ReadAction","target":["https:\/\/saludsostenible.es\/product\/ergyphilus-atb\/"]}]},{"@type":"ImageObject","inLanguage":"en-GB","@id":"https:\/\/saludsostenible.es\/product\/ergyphilus-atb\/#primaryimage","url":"https:\/\/saludsostenible.es\/wp-content\/uploads\/2025\/09\/ergyphilus-atb.jpg","contentUrl":"https:\/\/saludsostenible.es\/wp-content\/uploads\/2025\/09\/ergyphilus-atb.jpg","width":600,"height":600},{"@type":"BreadcrumbList","@id":"https:\/\/saludsostenible.es\/product\/ergyphilus-atb\/#breadcrumb","itemListElement":[{"@type":"ListItem","position":1,"name":"Home","item":"https:\/\/saludsostenible.es\/"},{"@type":"ListItem","position":2,"name":"Tienda","item":"https:\/\/saludsostenible.es\/tienda\/"},{"@type":"ListItem","position":3,"name":"ERGYPHILUS ATB"}]},{"@type":"WebSite","@id":"https:\/\/saludsostenible.es\/#website","url":"https:\/\/saludsostenible.es\/","name":"Salud Sostenible Beauty & Longevity","description":"Plataforma de consulta online y acceso a especialistas privados: salud integrativa, beauty y longevidad. Inicia tu perfil de salud metab\u00f3lica.","publisher":{"@id":"https:\/\/saludsostenible.es\/#organization"},"alternateName":"Salud Sostenible","potentialAction":[{"@type":"SearchAction","target":{"@type":"EntryPoint","urlTemplate":"https:\/\/saludsostenible.es\/?s={search_term_string}"},"query-input":{"@type":"PropertyValueSpecification","valueRequired":true,"valueName":"search_term_string"}}],"inLanguage":"en-GB"},{"@type":"Organization","@id":"https:\/\/saludsostenible.es\/#organization","name":"Salud Sostenible by Fabrice Lef\u00e8vre Institute","alternateName":"Osteopat\u00eda en Barcelona, Madrid y Marbella","url":"https:\/\/saludsostenible.es\/","logo":{"@type":"ImageObject","inLanguage":"en-GB","@id":"https:\/\/saludsostenible.es\/#\/schema\/logo\/image\/","url":"https:\/\/saludsostenible.es\/wp-content\/uploads\/2024\/08\/probodyone-blog.jpg","contentUrl":"https:\/\/saludsostenible.es\/wp-content\/uploads\/2024\/08\/probodyone-blog.jpg","width":1600,"height":550,"caption":"Salud Sostenible by Fabrice Lef\u00e8vre Institute"},"image":{"@id":"https:\/\/saludsostenible.es\/#\/schema\/logo\/image\/"},"sameAs":["https:\/\/www.facebook.com\/ProbodyoneBarcelona","https:\/\/x.com\/probodyone","https:\/\/www.youtube.com\/@Probodyone\/videos"]}]}},"_links":{"self":[{"href":"https:\/\/saludsostenible.es\/en\/wp-json\/wp\/v2\/product\/501167","targetHints":{"allow":["GET"]}}],"collection":[{"href":"https:\/\/saludsostenible.es\/en\/wp-json\/wp\/v2\/product"}],"about":[{"href":"https:\/\/saludsostenible.es\/en\/wp-json\/wp\/v2\/types\/product"}],"wp:featuredmedia":[{"embeddable":true,"href":"https:\/\/saludsostenible.es\/en\/wp-json\/wp\/v2\/media\/501168"}],"wp:attachment":[{"href":"https:\/\/saludsostenible.es\/en\/wp-json\/wp\/v2\/media?parent=501167"}],"wp:term":[{"taxonomy":"product_brand","embeddable":true,"href":"https:\/\/saludsostenible.es\/en\/wp-json\/wp\/v2\/product_brand?post=501167"},{"taxonomy":"product_cat","embeddable":true,"href":"https:\/\/saludsostenible.es\/en\/wp-json\/wp\/v2\/product_cat?post=501167"},{"taxonomy":"product_tag","embeddable":true,"href":"https:\/\/saludsostenible.es\/en\/wp-json\/wp\/v2\/product_tag?post=501167"}],"curies":[{"name":"wp","href":"https:\/\/api.w.org\/{rel}","templated":true}]}}