{"id":501171,"date":"2025-09-10T20:15:21","date_gmt":"2025-09-10T20:15:21","guid":{"rendered":"https:\/\/saludsostenible.es\/product\/ergyphilus-conf\/"},"modified":"2025-09-10T20:15:41","modified_gmt":"2025-09-10T20:15:41","slug":"ergyphilus-conf","status":"publish","type":"product","link":"https:\/\/saludsostenible.es\/en\/product\/ergyphilus-conf\/","title":{"rendered":"ERGYPHILUS CONF"},"content":{"rendered":"<p>Indicaciones<br \/>\nERGYPHILUS\u00ae Conf puede recomendarse para contribuir al equilibrio de la flora intestinal aportando lactobacilos y bifidobacterias as\u00ed como para el binestar intestinal.<br \/>\nLa vitamina B3 contribuye al mantenimiento de la salud de las mucosas, incluida la del intestino.<br \/>\nVentajas<br \/>\nCepas vivas revivificantes\u00a0naturalmente presentes en el sistema digestivo humano<br \/>\nSello Sport Protect , sin silice , sin gluten, sin di\u00f3xido de titano, sin leche, sin soja<br \/>\nSinergia de 5 cepas\u00a0probi\u00f3ticas + vitamina B3, fundamental para la mucosa intestinal<br \/>\nEficacia comprobada por estudios (sobre las molestias digestivas, as\u00ed como sobre los trastornos nerviosos asociados)<br \/>\nTolerancia a la acidez g\u00e1strica\u00a0y a las sales biliares para la supervivencia de las bacterias al intestino.<br \/>\nBacterias revivibles: vuelven a la vida al entrar en contacto con el entorno intestinal.<br \/>\nGarant\u00eda de 6 mil millones de bacterias por c\u00e1psula.<br \/>\nApto durante el embarazo y la lactancia<br \/>\nIngredientes<br \/>\nAlmid\u00f3n de patata, fructo-oligosac\u00e1ridos (FOS) y vitamina C, Lactobacillus y bifidobacterias), antiaglomerante: estearato de magnesio vegetal,; antioxidante: \u00e1cido asc\u00f3rbico. C\u00e1psula: gelatina de pescado.<br \/>\nComposici\u00f3n (por dosis recomendada &#8211; 2 c\u00e1psulas)<br \/>\nIngrediente<br \/>\nPor 1 c\u00e1psula<br \/>\nPor 4 c\u00e1psulas<br \/>\nLactobacillus y bifidobacterias revivificantes (total)<br \/>\n6 000 millones UFC<br \/>\n24 000 millones UFC<br \/>\n\u2022 Lactobacillus plantarum LMG P-21021<br \/>\n\u2248 2 000 millones UFC<br \/>\n\u2248 8 000 millones UFC<br \/>\n\u2022 Lactobacillus rhamnosus GG ATCC 53103<br \/>\n\u2248 1 300 millones UFC<br \/>\n\u2248 5 200 millones UFC<br \/>\n\u2022 Bifidobacterium longum DSM 16603<br \/>\n\u2248 1 300 millones UFC<br \/>\n\u2248 5 200 millones UFC<br \/>\n\u2022 Lactobacillus acidophilus DSM 21717<br \/>\n\u2248 700 millones UFC<br \/>\n\u2248 2 800 millones UFC<br \/>\n\u2022 Bifidobacterium bifidum DSM 22892<br \/>\n\u2248 700 millones UFC<br \/>\n\u2248 2 800 millones UFC<br \/>\nVitamina B3 (nicotinamida)<br \/>\n1,2 mg<br \/>\n4,8 mg<br \/>\nComplejo protector: fructo-oligosac\u00e1ridos (FOS) y vitamina C<br \/>\nc.s.*<br \/>\nLibre de:<br \/>\nGluten<br \/>\nLactosa<br \/>\nConservantes<br \/>\nColorantes artificiales<br \/>\nIndicaciones de uso<br \/>\nDe 2 a 4 c\u00e1psulas al d\u00eda.<br \/>\nA partir de los 6 a\u00f1os, 1 c\u00e1psula al d\u00eda.A partir de los 10 a\u00f1os, 2 c\u00e1psulas al d\u00eda.Si el ni\u00f1o no se traga la c\u00e1psula, puede abrirse para mezclar el polvo con un alimento semil\u00edquido como la compota.<br \/>\nPrecauciones<br \/>\nA conservar preferentemente a 4\u00baC.<br \/>\nMantener fuera del alcance de los ni\u00f1os y lejos de la humedad.<br \/>\nERGYPHILUS Inmuno Complex<\/p>","protected":false},"excerpt":{"rendered":"<p>ERGYPHILUS CONF es un complemento alimenticio a base de probi\u00f3ticos espec\u00edficos, dise\u00f1ado para fortalecer el sistema inmunol\u00f3gico y ayudar en la prevenci\u00f3n de infecciones de repetici\u00f3n, especialmente respiratorias y ORL (otorrinolaringol\u00f3gicas). Su f\u00f3rmula exclusiva equilibra la microbiota intestinal, primera barrera de defensa natural.<\/p>","protected":false},"featured_media":501172,"template":"","meta":[],"product_brand":[185],"product_cat":[248,284,186,262],"product_tag":[],"class_list":{"0":"post-501171","1":"product","2":"type-product","3":"status-publish","4":"has-post-thumbnail","6":"product_brand-laboratorio-nutergia","7":"product_cat-bienestar-digestivo","8":"product_cat-equilibrio-acido-desmineralizado","9":"product_cat-laboratorio-nutergia","10":"product_cat-suplementos-micronutricionales","11":"product_shipping_class-producto-fisico","13":"first","14":"instock","15":"purchasable","16":"product-type-simple"},"yoast_head":"<!-- This site is optimized with the Yoast SEO Premium plugin v22.9 (Yoast SEO v27.6) - https:\/\/yoast.com\/product\/yoast-seo-premium-wordpress\/ -->\n<title>ERGYPHILUS CONF - Salud Sostenible by Fabrice Lef&egrave;vre Institute<\/title>\n<meta name=\"robots\" content=\"index, follow, max-snippet:-1, max-image-preview:large, max-video-preview:-1\" \/>\n<link rel=\"canonical\" href=\"https:\/\/saludsostenible.es\/en\/product\/ergyphilus-conf\/\" \/>\n<meta property=\"og:locale\" content=\"en_GB\" \/>\n<meta property=\"og:type\" content=\"article\" \/>\n<meta property=\"og:title\" content=\"ERGYPHILUS CONF\" \/>\n<meta property=\"og:description\" content=\"ERGYPHILUS CONF es un complemento alimenticio a base de probi\u00f3ticos espec\u00edficos, dise\u00f1ado para fortalecer el sistema inmunol\u00f3gico y ayudar en la prevenci\u00f3n de infecciones de repetici\u00f3n, especialmente respiratorias y ORL (otorrinolaringol\u00f3gicas). Su f\u00f3rmula exclusiva equilibra la microbiota intestinal, primera barrera de defensa natural.\" \/>\n<meta property=\"og:url\" content=\"https:\/\/saludsostenible.es\/en\/product\/ergyphilus-conf\/\" \/>\n<meta property=\"og:site_name\" content=\"Salud Sostenible by Fabrice Lef&egrave;vre Institute\" \/>\n<meta property=\"article:publisher\" content=\"https:\/\/www.facebook.com\/ProbodyoneBarcelona\" \/>\n<meta property=\"article:modified_time\" content=\"2025-09-10T20:15:41+00:00\" \/>\n<meta property=\"og:image\" content=\"https:\/\/saludsostenible.es\/wp-content\/uploads\/2025\/09\/ergyphilus-conf.jpg\" \/>\n\t<meta property=\"og:image:width\" content=\"600\" \/>\n\t<meta property=\"og:image:height\" content=\"600\" \/>\n\t<meta property=\"og:image:type\" content=\"image\/png\" \/>\n<meta name=\"twitter:card\" content=\"summary_large_image\" \/>\n<meta name=\"twitter:site\" content=\"@probodyone\" \/>\n<meta name=\"twitter:label1\" content=\"Estimated reading time\" \/>\n\t<meta name=\"twitter:data1\" content=\"2 minutes\" \/>\n<script type=\"application\/ld+json\" class=\"yoast-schema-graph\">{\"@context\":\"https:\\\/\\\/schema.org\",\"@graph\":[{\"@type\":\"WebPage\",\"@id\":\"https:\\\/\\\/saludsostenible.es\\\/product\\\/ergyphilus-conf\\\/\",\"url\":\"https:\\\/\\\/saludsostenible.es\\\/product\\\/ergyphilus-conf\\\/\",\"name\":\"ERGYPHILUS CONF - Salud Sostenible by Fabrice Lef&egrave;vre Institute\",\"isPartOf\":{\"@id\":\"https:\\\/\\\/saludsostenible.es\\\/#website\"},\"primaryImageOfPage\":{\"@id\":\"https:\\\/\\\/saludsostenible.es\\\/product\\\/ergyphilus-conf\\\/#primaryimage\"},\"image\":{\"@id\":\"https:\\\/\\\/saludsostenible.es\\\/product\\\/ergyphilus-conf\\\/#primaryimage\"},\"thumbnailUrl\":\"https:\\\/\\\/saludsostenible.es\\\/wp-content\\\/uploads\\\/2025\\\/09\\\/ergyphilus-conf.jpg\",\"datePublished\":\"2025-09-10T20:15:21+00:00\",\"dateModified\":\"2025-09-10T20:15:41+00:00\",\"breadcrumb\":{\"@id\":\"https:\\\/\\\/saludsostenible.es\\\/product\\\/ergyphilus-conf\\\/#breadcrumb\"},\"inLanguage\":\"en-GB\",\"potentialAction\":[{\"@type\":\"ReadAction\",\"target\":[\"https:\\\/\\\/saludsostenible.es\\\/product\\\/ergyphilus-conf\\\/\"]}]},{\"@type\":\"ImageObject\",\"inLanguage\":\"en-GB\",\"@id\":\"https:\\\/\\\/saludsostenible.es\\\/product\\\/ergyphilus-conf\\\/#primaryimage\",\"url\":\"https:\\\/\\\/saludsostenible.es\\\/wp-content\\\/uploads\\\/2025\\\/09\\\/ergyphilus-conf.jpg\",\"contentUrl\":\"https:\\\/\\\/saludsostenible.es\\\/wp-content\\\/uploads\\\/2025\\\/09\\\/ergyphilus-conf.jpg\",\"width\":600,\"height\":600},{\"@type\":\"BreadcrumbList\",\"@id\":\"https:\\\/\\\/saludsostenible.es\\\/product\\\/ergyphilus-conf\\\/#breadcrumb\",\"itemListElement\":[{\"@type\":\"ListItem\",\"position\":1,\"name\":\"Home\",\"item\":\"https:\\\/\\\/saludsostenible.es\\\/\"},{\"@type\":\"ListItem\",\"position\":2,\"name\":\"Tienda\",\"item\":\"https:\\\/\\\/saludsostenible.es\\\/tienda\\\/\"},{\"@type\":\"ListItem\",\"position\":3,\"name\":\"ERGYPHILUS CONF\"}]},{\"@type\":\"WebSite\",\"@id\":\"https:\\\/\\\/saludsostenible.es\\\/#website\",\"url\":\"https:\\\/\\\/saludsostenible.es\\\/\",\"name\":\"Salud Sostenible Beauty & Longevity\",\"description\":\"Plataforma de consulta online y acceso a especialistas privados: salud integrativa, beauty y longevidad. Inicia tu perfil de salud metab\u00f3lica.\",\"publisher\":{\"@id\":\"https:\\\/\\\/saludsostenible.es\\\/#organization\"},\"alternateName\":\"Salud Sostenible\",\"potentialAction\":[{\"@type\":\"SearchAction\",\"target\":{\"@type\":\"EntryPoint\",\"urlTemplate\":\"https:\\\/\\\/saludsostenible.es\\\/?s={search_term_string}\"},\"query-input\":{\"@type\":\"PropertyValueSpecification\",\"valueRequired\":true,\"valueName\":\"search_term_string\"}}],\"inLanguage\":\"en-GB\"},{\"@type\":\"Organization\",\"@id\":\"https:\\\/\\\/saludsostenible.es\\\/#organization\",\"name\":\"Salud Sostenible by Fabrice Lef\u00e8vre Institute\",\"alternateName\":\"Osteopat\u00eda en Barcelona, Madrid y Marbella\",\"url\":\"https:\\\/\\\/saludsostenible.es\\\/\",\"logo\":{\"@type\":\"ImageObject\",\"inLanguage\":\"en-GB\",\"@id\":\"https:\\\/\\\/saludsostenible.es\\\/#\\\/schema\\\/logo\\\/image\\\/\",\"url\":\"https:\\\/\\\/saludsostenible.es\\\/wp-content\\\/uploads\\\/2024\\\/08\\\/probodyone-blog.jpg\",\"contentUrl\":\"https:\\\/\\\/saludsostenible.es\\\/wp-content\\\/uploads\\\/2024\\\/08\\\/probodyone-blog.jpg\",\"width\":1600,\"height\":550,\"caption\":\"Salud Sostenible by Fabrice Lef\u00e8vre Institute\"},\"image\":{\"@id\":\"https:\\\/\\\/saludsostenible.es\\\/#\\\/schema\\\/logo\\\/image\\\/\"},\"sameAs\":[\"https:\\\/\\\/www.facebook.com\\\/ProbodyoneBarcelona\",\"https:\\\/\\\/x.com\\\/probodyone\",\"https:\\\/\\\/www.youtube.com\\\/@Probodyone\\\/videos\"]}]}<\/script>\n<!-- \/ Yoast SEO Premium plugin. -->","yoast_head_json":{"title":"ERGYPHILUS CONF - Salud Sostenible by Fabrice Lef&egrave;vre Institute","robots":{"index":"index","follow":"follow","max-snippet":"max-snippet:-1","max-image-preview":"max-image-preview:large","max-video-preview":"max-video-preview:-1"},"canonical":"https:\/\/saludsostenible.es\/en\/product\/ergyphilus-conf\/","og_locale":"en_GB","og_type":"article","og_title":"ERGYPHILUS CONF","og_description":"ERGYPHILUS CONF es un complemento alimenticio a base de probi\u00f3ticos espec\u00edficos, dise\u00f1ado para fortalecer el sistema inmunol\u00f3gico y ayudar en la prevenci\u00f3n de infecciones de repetici\u00f3n, especialmente respiratorias y ORL (otorrinolaringol\u00f3gicas). Su f\u00f3rmula exclusiva equilibra la microbiota intestinal, primera barrera de defensa natural.","og_url":"https:\/\/saludsostenible.es\/en\/product\/ergyphilus-conf\/","og_site_name":"Salud Sostenible by Fabrice Lef&egrave;vre Institute","article_publisher":"https:\/\/www.facebook.com\/ProbodyoneBarcelona","article_modified_time":"2025-09-10T20:15:41+00:00","og_image":[{"width":600,"height":600,"url":"https:\/\/saludsostenible.es\/wp-content\/uploads\/2025\/09\/ergyphilus-conf.jpg","type":"image\/png"}],"twitter_card":"summary_large_image","twitter_site":"@probodyone","twitter_misc":{"Estimated reading time":"2 minutes"},"schema":{"@context":"https:\/\/schema.org","@graph":[{"@type":"WebPage","@id":"https:\/\/saludsostenible.es\/product\/ergyphilus-conf\/","url":"https:\/\/saludsostenible.es\/product\/ergyphilus-conf\/","name":"ERGYPHILUS CONF - Salud Sostenible by Fabrice Lef&egrave;vre Institute","isPartOf":{"@id":"https:\/\/saludsostenible.es\/#website"},"primaryImageOfPage":{"@id":"https:\/\/saludsostenible.es\/product\/ergyphilus-conf\/#primaryimage"},"image":{"@id":"https:\/\/saludsostenible.es\/product\/ergyphilus-conf\/#primaryimage"},"thumbnailUrl":"https:\/\/saludsostenible.es\/wp-content\/uploads\/2025\/09\/ergyphilus-conf.jpg","datePublished":"2025-09-10T20:15:21+00:00","dateModified":"2025-09-10T20:15:41+00:00","breadcrumb":{"@id":"https:\/\/saludsostenible.es\/product\/ergyphilus-conf\/#breadcrumb"},"inLanguage":"en-GB","potentialAction":[{"@type":"ReadAction","target":["https:\/\/saludsostenible.es\/product\/ergyphilus-conf\/"]}]},{"@type":"ImageObject","inLanguage":"en-GB","@id":"https:\/\/saludsostenible.es\/product\/ergyphilus-conf\/#primaryimage","url":"https:\/\/saludsostenible.es\/wp-content\/uploads\/2025\/09\/ergyphilus-conf.jpg","contentUrl":"https:\/\/saludsostenible.es\/wp-content\/uploads\/2025\/09\/ergyphilus-conf.jpg","width":600,"height":600},{"@type":"BreadcrumbList","@id":"https:\/\/saludsostenible.es\/product\/ergyphilus-conf\/#breadcrumb","itemListElement":[{"@type":"ListItem","position":1,"name":"Home","item":"https:\/\/saludsostenible.es\/"},{"@type":"ListItem","position":2,"name":"Tienda","item":"https:\/\/saludsostenible.es\/tienda\/"},{"@type":"ListItem","position":3,"name":"ERGYPHILUS CONF"}]},{"@type":"WebSite","@id":"https:\/\/saludsostenible.es\/#website","url":"https:\/\/saludsostenible.es\/","name":"Salud Sostenible Beauty & Longevity","description":"Plataforma de consulta online y acceso a especialistas privados: salud integrativa, beauty y longevidad. Inicia tu perfil de salud metab\u00f3lica.","publisher":{"@id":"https:\/\/saludsostenible.es\/#organization"},"alternateName":"Salud Sostenible","potentialAction":[{"@type":"SearchAction","target":{"@type":"EntryPoint","urlTemplate":"https:\/\/saludsostenible.es\/?s={search_term_string}"},"query-input":{"@type":"PropertyValueSpecification","valueRequired":true,"valueName":"search_term_string"}}],"inLanguage":"en-GB"},{"@type":"Organization","@id":"https:\/\/saludsostenible.es\/#organization","name":"Salud Sostenible by Fabrice Lef\u00e8vre Institute","alternateName":"Osteopat\u00eda en Barcelona, Madrid y Marbella","url":"https:\/\/saludsostenible.es\/","logo":{"@type":"ImageObject","inLanguage":"en-GB","@id":"https:\/\/saludsostenible.es\/#\/schema\/logo\/image\/","url":"https:\/\/saludsostenible.es\/wp-content\/uploads\/2024\/08\/probodyone-blog.jpg","contentUrl":"https:\/\/saludsostenible.es\/wp-content\/uploads\/2024\/08\/probodyone-blog.jpg","width":1600,"height":550,"caption":"Salud Sostenible by Fabrice Lef\u00e8vre Institute"},"image":{"@id":"https:\/\/saludsostenible.es\/#\/schema\/logo\/image\/"},"sameAs":["https:\/\/www.facebook.com\/ProbodyoneBarcelona","https:\/\/x.com\/probodyone","https:\/\/www.youtube.com\/@Probodyone\/videos"]}]}},"_links":{"self":[{"href":"https:\/\/saludsostenible.es\/en\/wp-json\/wp\/v2\/product\/501171","targetHints":{"allow":["GET"]}}],"collection":[{"href":"https:\/\/saludsostenible.es\/en\/wp-json\/wp\/v2\/product"}],"about":[{"href":"https:\/\/saludsostenible.es\/en\/wp-json\/wp\/v2\/types\/product"}],"wp:featuredmedia":[{"embeddable":true,"href":"https:\/\/saludsostenible.es\/en\/wp-json\/wp\/v2\/media\/501172"}],"wp:attachment":[{"href":"https:\/\/saludsostenible.es\/en\/wp-json\/wp\/v2\/media?parent=501171"}],"wp:term":[{"taxonomy":"product_brand","embeddable":true,"href":"https:\/\/saludsostenible.es\/en\/wp-json\/wp\/v2\/product_brand?post=501171"},{"taxonomy":"product_cat","embeddable":true,"href":"https:\/\/saludsostenible.es\/en\/wp-json\/wp\/v2\/product_cat?post=501171"},{"taxonomy":"product_tag","embeddable":true,"href":"https:\/\/saludsostenible.es\/en\/wp-json\/wp\/v2\/product_tag?post=501171"}],"curies":[{"name":"wp","href":"https:\/\/api.w.org\/{rel}","templated":true}]}}