{"id":501175,"date":"2025-09-10T20:15:44","date_gmt":"2025-09-10T20:15:44","guid":{"rendered":"https:\/\/saludsostenible.es\/product\/ergyphilus-intima\/"},"modified":"2025-09-10T20:15:44","modified_gmt":"2025-09-10T20:15:44","slug":"ergyphilus-intima","status":"publish","type":"product","link":"https:\/\/saludsostenible.es\/en\/product\/ergyphilus-intima\/","title":{"rendered":"ERGYPHILUS INTIMA"},"content":{"rendered":"<p>Indicaciones<br \/>\nPara el bienestar \u00edntimo y para contribuir al equilibrio de la flora intestinal y vaginal.<br \/>\nPara las mujeres embarazadas, lactantes y las j\u00f3venes a partir de los primeros ciclos menstruales.<br \/>\nVentajas:<br \/>\nSinergia \u00fanica de 6 cepas con Lactobacillus crispatus y vitamina B2 adaptados al ecosistema uro-genital<br \/>\nCepas vivas, revivificantes, no microencapsuladas, naturalmente presentes en la microbiota humana, con alta capacidad de revivificaci\u00f3n*.<br \/>\nEficacia demostrada frente a Escherichia coli, Gardnerella vaginalis, Candida albicans y Estreptococo B*.<br \/>\nFuerte adhesi\u00f3n a la mucosa vaginal, como a la mucosa intestinal, fuerte resistencia a la acidez g\u00e1strica*.<br \/>\nNo contiene: gluten, lactosa, prote\u00ednas de leche, soja, colorantes, conservantes, di\u00f3xido de titanio, s\u00edlice.<br \/>\nApto en embarazo y lactancia.<br \/>\nIngredientes<br \/>\nAlmid\u00f3n de patata, fructooligosac\u00e1ridos (FOS), lactobacilos y bifidobacterias liofi lizados, antiaglomerante: sales de magnesio de \u00e1cidos grasos; antioxidante: \u00e1cido asc\u00f3rbico; vitamina B2 (riboflavina).C\u00e1psula: gelatina de pescado.<br \/>\nComposici\u00f3n (por dosis recomendada &#8211; 2 c\u00e1psulas)<br \/>\nIngrediente<br \/>\nCantidad por 4 c\u00e1psulas<br \/>\n% VRN*<br \/>\nCepas vivas revivificantes (total)<br \/>\n32 000 millones UFC<br \/>\n\u2014<br \/>\n\u2022 Lactobacillus acidophilus DSM 21717<br \/>\n10 000 millones UFC<br \/>\n\u2014<br \/>\n\u2022 Lactobacillus crispatus DSM 24619<br \/>\n7 000 millones UFC<br \/>\n\u2014<br \/>\n\u2022 Lactobacillus gasseri LMG 26661<br \/>\n7 000 millones UFC<br \/>\n\u2014<br \/>\n\u2022 Lactobacillus rhamnosus GG ATCC 53103<br \/>\n4 400 millones UFC<br \/>\n\u2014<br \/>\n\u2022 Bifidobacterium bifidum DSM 22892<br \/>\n2 000 millones UFC<br \/>\n\u2014<br \/>\n\u2022 Lactobacillus fermentum AGAL NM02\/31704<br \/>\n1 600 millones UFC<br \/>\n\u2014<br \/>\nFructooligosac\u00e1ridos (FOS)<br \/>\n446 mg<br \/>\n\u2014<br \/>\nVitamina B2 (riboflavina)<br \/>\n0,44 mg<br \/>\n30 %<br \/>\nLibre de:<br \/>\nGluten<br \/>\nLactosa<br \/>\nConservantes<br \/>\nColorantes artificiales<br \/>\nIndicaciones de uso<br \/>\n2 a 4 c\u00e1psulas \/ d\u00eda<br \/>\n\u2022 V\u00eda oral.<br \/>\nPrecauciones<br \/>\nUna vez recibido, conservar el producto preferentemente a + 4\u00b0C.<br \/>\nERGYPHILUS Ni\u00f1os<\/p>","protected":false},"excerpt":{"rendered":"<p>ERGYPHILUS INTIMA es un complemento alimenticio probi\u00f3tico especialmente formulado para el equilibrio de la flora \u00edntima femenina. Contiene cepas probi\u00f3ticas espec\u00edficas que favorecen la salud vaginal y urinaria, ayudando a prevenir infecciones como candidiasis, vaginosis o cistitis, y a restablecer la microbiota \u00edntima tras tratamientos antibi\u00f3ticos o alteraciones hormonales.<\/p>","protected":false},"featured_media":501176,"template":"","meta":[],"product_brand":[185],"product_cat":[248,284,186,262],"product_tag":[],"class_list":{"0":"post-501175","1":"product","2":"type-product","3":"status-publish","4":"has-post-thumbnail","6":"product_brand-laboratorio-nutergia","7":"product_cat-bienestar-digestivo","8":"product_cat-equilibrio-acido-desmineralizado","9":"product_cat-laboratorio-nutergia","10":"product_cat-suplementos-micronutricionales","11":"product_shipping_class-producto-fisico","13":"first","14":"instock","15":"purchasable","16":"product-type-simple"},"yoast_head":"<!-- This site is optimized with the Yoast SEO Premium plugin v22.9 (Yoast SEO v27.6) - https:\/\/yoast.com\/product\/yoast-seo-premium-wordpress\/ -->\n<title>ERGYPHILUS INTIMA - Salud Sostenible by Fabrice Lef&egrave;vre Institute<\/title>\n<meta name=\"robots\" content=\"index, follow, max-snippet:-1, max-image-preview:large, max-video-preview:-1\" \/>\n<link rel=\"canonical\" href=\"https:\/\/saludsostenible.es\/en\/product\/ergyphilus-intima\/\" \/>\n<meta property=\"og:locale\" content=\"en_GB\" \/>\n<meta property=\"og:type\" content=\"article\" \/>\n<meta property=\"og:title\" content=\"ERGYPHILUS INTIMA\" \/>\n<meta property=\"og:description\" content=\"ERGYPHILUS INTIMA es un complemento alimenticio probi\u00f3tico especialmente formulado para el equilibrio de la flora \u00edntima femenina. Contiene cepas probi\u00f3ticas espec\u00edficas que favorecen la salud vaginal y urinaria, ayudando a prevenir infecciones como candidiasis, vaginosis o cistitis, y a restablecer la microbiota \u00edntima tras tratamientos antibi\u00f3ticos o alteraciones hormonales.\" \/>\n<meta property=\"og:url\" content=\"https:\/\/saludsostenible.es\/en\/product\/ergyphilus-intima\/\" \/>\n<meta property=\"og:site_name\" content=\"Salud Sostenible by Fabrice Lef&egrave;vre Institute\" \/>\n<meta property=\"article:publisher\" content=\"https:\/\/www.facebook.com\/ProbodyoneBarcelona\" \/>\n<meta property=\"og:image\" content=\"https:\/\/saludsostenible.es\/wp-content\/uploads\/2025\/09\/ergyphilus-intima.jpg\" \/>\n\t<meta property=\"og:image:width\" content=\"600\" \/>\n\t<meta property=\"og:image:height\" content=\"600\" \/>\n\t<meta property=\"og:image:type\" content=\"image\/png\" \/>\n<meta name=\"twitter:card\" content=\"summary_large_image\" \/>\n<meta name=\"twitter:site\" content=\"@probodyone\" \/>\n<meta name=\"twitter:label1\" content=\"Estimated reading time\" \/>\n\t<meta name=\"twitter:data1\" content=\"1 minute\" \/>\n<script type=\"application\/ld+json\" class=\"yoast-schema-graph\">{\"@context\":\"https:\\\/\\\/schema.org\",\"@graph\":[{\"@type\":\"WebPage\",\"@id\":\"https:\\\/\\\/saludsostenible.es\\\/product\\\/ergyphilus-intima\\\/\",\"url\":\"https:\\\/\\\/saludsostenible.es\\\/product\\\/ergyphilus-intima\\\/\",\"name\":\"ERGYPHILUS INTIMA - Salud Sostenible by Fabrice Lef&egrave;vre Institute\",\"isPartOf\":{\"@id\":\"https:\\\/\\\/saludsostenible.es\\\/#website\"},\"primaryImageOfPage\":{\"@id\":\"https:\\\/\\\/saludsostenible.es\\\/product\\\/ergyphilus-intima\\\/#primaryimage\"},\"image\":{\"@id\":\"https:\\\/\\\/saludsostenible.es\\\/product\\\/ergyphilus-intima\\\/#primaryimage\"},\"thumbnailUrl\":\"https:\\\/\\\/saludsostenible.es\\\/wp-content\\\/uploads\\\/2025\\\/09\\\/ergyphilus-intima.jpg\",\"datePublished\":\"2025-09-10T20:15:44+00:00\",\"breadcrumb\":{\"@id\":\"https:\\\/\\\/saludsostenible.es\\\/product\\\/ergyphilus-intima\\\/#breadcrumb\"},\"inLanguage\":\"en-GB\",\"potentialAction\":[{\"@type\":\"ReadAction\",\"target\":[\"https:\\\/\\\/saludsostenible.es\\\/product\\\/ergyphilus-intima\\\/\"]}]},{\"@type\":\"ImageObject\",\"inLanguage\":\"en-GB\",\"@id\":\"https:\\\/\\\/saludsostenible.es\\\/product\\\/ergyphilus-intima\\\/#primaryimage\",\"url\":\"https:\\\/\\\/saludsostenible.es\\\/wp-content\\\/uploads\\\/2025\\\/09\\\/ergyphilus-intima.jpg\",\"contentUrl\":\"https:\\\/\\\/saludsostenible.es\\\/wp-content\\\/uploads\\\/2025\\\/09\\\/ergyphilus-intima.jpg\",\"width\":600,\"height\":600},{\"@type\":\"BreadcrumbList\",\"@id\":\"https:\\\/\\\/saludsostenible.es\\\/product\\\/ergyphilus-intima\\\/#breadcrumb\",\"itemListElement\":[{\"@type\":\"ListItem\",\"position\":1,\"name\":\"Home\",\"item\":\"https:\\\/\\\/saludsostenible.es\\\/\"},{\"@type\":\"ListItem\",\"position\":2,\"name\":\"Tienda\",\"item\":\"https:\\\/\\\/saludsostenible.es\\\/tienda\\\/\"},{\"@type\":\"ListItem\",\"position\":3,\"name\":\"ERGYPHILUS INTIMA\"}]},{\"@type\":\"WebSite\",\"@id\":\"https:\\\/\\\/saludsostenible.es\\\/#website\",\"url\":\"https:\\\/\\\/saludsostenible.es\\\/\",\"name\":\"Salud Sostenible Beauty & Longevity\",\"description\":\"Plataforma de consulta online y acceso a especialistas privados: salud integrativa, beauty y longevidad. Inicia tu perfil de salud metab\u00f3lica.\",\"publisher\":{\"@id\":\"https:\\\/\\\/saludsostenible.es\\\/#organization\"},\"alternateName\":\"Salud Sostenible\",\"potentialAction\":[{\"@type\":\"SearchAction\",\"target\":{\"@type\":\"EntryPoint\",\"urlTemplate\":\"https:\\\/\\\/saludsostenible.es\\\/?s={search_term_string}\"},\"query-input\":{\"@type\":\"PropertyValueSpecification\",\"valueRequired\":true,\"valueName\":\"search_term_string\"}}],\"inLanguage\":\"en-GB\"},{\"@type\":\"Organization\",\"@id\":\"https:\\\/\\\/saludsostenible.es\\\/#organization\",\"name\":\"Salud Sostenible by Fabrice Lef\u00e8vre Institute\",\"alternateName\":\"Osteopat\u00eda en Barcelona, Madrid y Marbella\",\"url\":\"https:\\\/\\\/saludsostenible.es\\\/\",\"logo\":{\"@type\":\"ImageObject\",\"inLanguage\":\"en-GB\",\"@id\":\"https:\\\/\\\/saludsostenible.es\\\/#\\\/schema\\\/logo\\\/image\\\/\",\"url\":\"https:\\\/\\\/saludsostenible.es\\\/wp-content\\\/uploads\\\/2024\\\/08\\\/probodyone-blog.jpg\",\"contentUrl\":\"https:\\\/\\\/saludsostenible.es\\\/wp-content\\\/uploads\\\/2024\\\/08\\\/probodyone-blog.jpg\",\"width\":1600,\"height\":550,\"caption\":\"Salud Sostenible by Fabrice Lef\u00e8vre Institute\"},\"image\":{\"@id\":\"https:\\\/\\\/saludsostenible.es\\\/#\\\/schema\\\/logo\\\/image\\\/\"},\"sameAs\":[\"https:\\\/\\\/www.facebook.com\\\/ProbodyoneBarcelona\",\"https:\\\/\\\/x.com\\\/probodyone\",\"https:\\\/\\\/www.youtube.com\\\/@Probodyone\\\/videos\"]}]}<\/script>\n<!-- \/ Yoast SEO Premium plugin. -->","yoast_head_json":{"title":"ERGYPHILUS INTIMA - Salud Sostenible by Fabrice Lef&egrave;vre Institute","robots":{"index":"index","follow":"follow","max-snippet":"max-snippet:-1","max-image-preview":"max-image-preview:large","max-video-preview":"max-video-preview:-1"},"canonical":"https:\/\/saludsostenible.es\/en\/product\/ergyphilus-intima\/","og_locale":"en_GB","og_type":"article","og_title":"ERGYPHILUS INTIMA","og_description":"ERGYPHILUS INTIMA es un complemento alimenticio probi\u00f3tico especialmente formulado para el equilibrio de la flora \u00edntima femenina. Contiene cepas probi\u00f3ticas espec\u00edficas que favorecen la salud vaginal y urinaria, ayudando a prevenir infecciones como candidiasis, vaginosis o cistitis, y a restablecer la microbiota \u00edntima tras tratamientos antibi\u00f3ticos o alteraciones hormonales.","og_url":"https:\/\/saludsostenible.es\/en\/product\/ergyphilus-intima\/","og_site_name":"Salud Sostenible by Fabrice Lef&egrave;vre Institute","article_publisher":"https:\/\/www.facebook.com\/ProbodyoneBarcelona","og_image":[{"width":600,"height":600,"url":"https:\/\/saludsostenible.es\/wp-content\/uploads\/2025\/09\/ergyphilus-intima.jpg","type":"image\/png"}],"twitter_card":"summary_large_image","twitter_site":"@probodyone","twitter_misc":{"Estimated reading time":"1 minute"},"schema":{"@context":"https:\/\/schema.org","@graph":[{"@type":"WebPage","@id":"https:\/\/saludsostenible.es\/product\/ergyphilus-intima\/","url":"https:\/\/saludsostenible.es\/product\/ergyphilus-intima\/","name":"ERGYPHILUS INTIMA - Salud Sostenible by Fabrice Lef&egrave;vre Institute","isPartOf":{"@id":"https:\/\/saludsostenible.es\/#website"},"primaryImageOfPage":{"@id":"https:\/\/saludsostenible.es\/product\/ergyphilus-intima\/#primaryimage"},"image":{"@id":"https:\/\/saludsostenible.es\/product\/ergyphilus-intima\/#primaryimage"},"thumbnailUrl":"https:\/\/saludsostenible.es\/wp-content\/uploads\/2025\/09\/ergyphilus-intima.jpg","datePublished":"2025-09-10T20:15:44+00:00","breadcrumb":{"@id":"https:\/\/saludsostenible.es\/product\/ergyphilus-intima\/#breadcrumb"},"inLanguage":"en-GB","potentialAction":[{"@type":"ReadAction","target":["https:\/\/saludsostenible.es\/product\/ergyphilus-intima\/"]}]},{"@type":"ImageObject","inLanguage":"en-GB","@id":"https:\/\/saludsostenible.es\/product\/ergyphilus-intima\/#primaryimage","url":"https:\/\/saludsostenible.es\/wp-content\/uploads\/2025\/09\/ergyphilus-intima.jpg","contentUrl":"https:\/\/saludsostenible.es\/wp-content\/uploads\/2025\/09\/ergyphilus-intima.jpg","width":600,"height":600},{"@type":"BreadcrumbList","@id":"https:\/\/saludsostenible.es\/product\/ergyphilus-intima\/#breadcrumb","itemListElement":[{"@type":"ListItem","position":1,"name":"Home","item":"https:\/\/saludsostenible.es\/"},{"@type":"ListItem","position":2,"name":"Tienda","item":"https:\/\/saludsostenible.es\/tienda\/"},{"@type":"ListItem","position":3,"name":"ERGYPHILUS INTIMA"}]},{"@type":"WebSite","@id":"https:\/\/saludsostenible.es\/#website","url":"https:\/\/saludsostenible.es\/","name":"Salud Sostenible Beauty & Longevity","description":"Plataforma de consulta online y acceso a especialistas privados: salud integrativa, beauty y longevidad. Inicia tu perfil de salud metab\u00f3lica.","publisher":{"@id":"https:\/\/saludsostenible.es\/#organization"},"alternateName":"Salud Sostenible","potentialAction":[{"@type":"SearchAction","target":{"@type":"EntryPoint","urlTemplate":"https:\/\/saludsostenible.es\/?s={search_term_string}"},"query-input":{"@type":"PropertyValueSpecification","valueRequired":true,"valueName":"search_term_string"}}],"inLanguage":"en-GB"},{"@type":"Organization","@id":"https:\/\/saludsostenible.es\/#organization","name":"Salud Sostenible by Fabrice Lef\u00e8vre Institute","alternateName":"Osteopat\u00eda en Barcelona, Madrid y Marbella","url":"https:\/\/saludsostenible.es\/","logo":{"@type":"ImageObject","inLanguage":"en-GB","@id":"https:\/\/saludsostenible.es\/#\/schema\/logo\/image\/","url":"https:\/\/saludsostenible.es\/wp-content\/uploads\/2024\/08\/probodyone-blog.jpg","contentUrl":"https:\/\/saludsostenible.es\/wp-content\/uploads\/2024\/08\/probodyone-blog.jpg","width":1600,"height":550,"caption":"Salud Sostenible by Fabrice Lef\u00e8vre Institute"},"image":{"@id":"https:\/\/saludsostenible.es\/#\/schema\/logo\/image\/"},"sameAs":["https:\/\/www.facebook.com\/ProbodyoneBarcelona","https:\/\/x.com\/probodyone","https:\/\/www.youtube.com\/@Probodyone\/videos"]}]}},"_links":{"self":[{"href":"https:\/\/saludsostenible.es\/en\/wp-json\/wp\/v2\/product\/501175","targetHints":{"allow":["GET"]}}],"collection":[{"href":"https:\/\/saludsostenible.es\/en\/wp-json\/wp\/v2\/product"}],"about":[{"href":"https:\/\/saludsostenible.es\/en\/wp-json\/wp\/v2\/types\/product"}],"wp:featuredmedia":[{"embeddable":true,"href":"https:\/\/saludsostenible.es\/en\/wp-json\/wp\/v2\/media\/501176"}],"wp:attachment":[{"href":"https:\/\/saludsostenible.es\/en\/wp-json\/wp\/v2\/media?parent=501175"}],"wp:term":[{"taxonomy":"product_brand","embeddable":true,"href":"https:\/\/saludsostenible.es\/en\/wp-json\/wp\/v2\/product_brand?post=501175"},{"taxonomy":"product_cat","embeddable":true,"href":"https:\/\/saludsostenible.es\/en\/wp-json\/wp\/v2\/product_cat?post=501175"},{"taxonomy":"product_tag","embeddable":true,"href":"https:\/\/saludsostenible.es\/en\/wp-json\/wp\/v2\/product_tag?post=501175"}],"curies":[{"name":"wp","href":"https:\/\/api.w.org\/{rel}","templated":true}]}}