{"id":501188,"date":"2025-09-10T20:15:44","date_gmt":"2025-09-10T20:15:44","guid":{"rendered":"https:\/\/saludsostenible.es\/product\/ergyliver-complex\/"},"modified":"2025-09-10T20:15:53","modified_gmt":"2025-09-10T20:15:53","slug":"ergyliver-complex","status":"publish","type":"product","link":"https:\/\/saludsostenible.es\/en\/product\/ergyliver-complex\/","title":{"rendered":"ERGYLIVER COMPLEX"},"content":{"rendered":"<p>Indicaciones<br \/>\nApoyo de una funci\u00f3n hep\u00e1tica normal.<br \/>\nMetabolismo lip\u00eddico normal.<br \/>\nAsocia el cardo mariano ,el romero\u00a0 y la colina , que apoyan una funci\u00f3n hep\u00e1tica normal. La colina\u00a0 contribuye a un metabolismo lip\u00eddico normal.<br \/>\nEl zinc, el selenio y el cobre contribuyen a la protecci\u00f3n de las c\u00e9lulas frente al da\u00f1o oxidativo.<br \/>\nVentajas<br \/>\nSinergia de activos espec\u00edficos y cofactores<br \/>\nProducto NATURAL: SIN al\u00e9rgenos, gluten, di\u00f3xido de titanio,soja, levaduras\u2026<br \/>\nApto para personas que sufren de enfermedad cel\u00edaca<br \/>\nVitaminas B9\u00a0 bajo forma activa<br \/>\nIngredientes<br \/>\nBitartrato de colina, hidr\u00f3xido de magnesio, extracto estandarizado de cardo mariano (Silybum marianum\u00a0L. Gaertn., 80% silimarina), extracto estandarizado de romero (Rosmarinus officinalis L., 50% \u00e1cido urs\u00f3lico), taurina, almid\u00f3n de patata, inositol, N-Acetil-Cisteina, citrato de zinc, antiaglomerante: estearato de magnesio; L-metionina, gluconato de cobre, molibdato de sodio, selenita de sodio, vitamina B6 (Piridoxal-5\u2019-Fosfato), vitamina B1 (Clorhidrato de Tiamina), vitamina B9 (L-Metilfolato de calcio). C\u00e1psula: gelatina de pescado.<br \/>\nComposici\u00f3n (por dosis diaria &#8211; 2 c\u00e1psulas)<br \/>\nIngrediente<br \/>\nCantidad por 2 c\u00e1psulas<br \/>\n% VRN*<br \/>\nTaurina<br \/>\n120 mg<br \/>\n\u2014<br \/>\nColina (bitartrato)<br \/>\n84 mg<br \/>\n\u2014<br \/>\nInositol<br \/>\n70 mg<br \/>\n\u2014<br \/>\nExtracto estandarizado de romero(Rosmarinus officinalis, 50 % \u00e1cido urs\u00f3lico)<br \/>\n120 mg<br \/>\n\u2014<br \/>\nExtracto estandarizado de cardo mariano(Silybum marianum, 80 % silimarina)<br \/>\n125 mg<br \/>\n\u2014<br \/>\nN-Acetil-Ciste\u00edna (NAC)<br \/>\n50 mg<br \/>\n\u2014<br \/>\nL-Metionina<br \/>\n20 mg<br \/>\n\u2014<br \/>\nMagnesio<br \/>\n58 mg<br \/>\n15 %<br \/>\nZinc<br \/>\n8 mg<br \/>\n80 %<br \/>\nCobre<br \/>\n1 mg<br \/>\n100 %<br \/>\nSelenio<br \/>\n26 \u00b5g<br \/>\n47 %<br \/>\nMolibdeno<br \/>\n25 \u00b5g<br \/>\n50 %<br \/>\nVitamina B1 (tiamina)<br \/>\n1,1 mg<br \/>\n100 %<br \/>\nVitamina B6 (Piridoxal-5\u2032-fosfato)<br \/>\n1,4 mg<br \/>\n100 %<br \/>\nVitamina B9 (L-metilfolato de calcio)<br \/>\n200 \u00b5g<br \/>\n100 %<br \/>\nVitamina B12 (metilcobalamina)<br \/>\n200 \u00b5g<br \/>\n8 000 %<br \/>\nLibre de:<br \/>\nGluten<br \/>\nLactosa<br \/>\nConservantes<br \/>\nColorantes artificiales<br \/>\nIndicaciones de uso<br \/>\n2 c\u00e1psulas al d\u00eda.<br \/>\nPrecauciones<br \/>\nConsultar con un profesional de la salud en caso de embarazo, lactancia o en caso de toma simult\u00e1nea de medicamentos.<br \/>\nNo administrar a ni\u00f1os de menos de 12 a\u00f1os (NAC,).<br \/>\nMantener fuera del alcance de los ni\u00f1os , a T\u00aa<25 \u00baC y al abrigo de la humedad.\nNo superar las dosis diarias recomendadas.\nAtenci\u00f3n, este envase contiene una c\u00e1psula deshidratante que no hay que ingerir.\nERGYSLIM\n<\/p>","protected":false},"excerpt":{"rendered":"<p>ERGYLIVER COMPLEX es un complemento alimenticio formulado para apoyar las funciones hep\u00e1ticas y digestivas. Gracias a su combinaci\u00f3n de extractos vegetales depurativos, amino\u00e1cidos, antioxidantes y micronutrientes, favorece la detoxificaci\u00f3n del h\u00edgado, mejora la digesti\u00f3n de grasas y apoya el bienestar general del organismo.<\/p>","protected":false},"featured_media":501189,"template":"","meta":[],"product_brand":[185],"product_cat":[256,279,186,262],"product_tag":[],"class_list":{"0":"post-501188","1":"product","2":"type-product","3":"status-publish","4":"has-post-thumbnail","6":"product_brand-laboratorio-nutergia","7":"product_cat-detox-drenaje","8":"product_cat-equilibrio-peso-adelgazamiento","9":"product_cat-laboratorio-nutergia","10":"product_cat-suplementos-micronutricionales","12":"first","13":"instock","14":"purchasable","15":"product-type-simple"},"yoast_head":"<!-- This site is optimized with the Yoast SEO Premium plugin v22.9 (Yoast SEO v27.6) - https:\/\/yoast.com\/product\/yoast-seo-premium-wordpress\/ -->\n<title>ERGYLIVER COMPLEX - Salud Sostenible by Fabrice Lef&egrave;vre Institute<\/title>\n<meta name=\"robots\" content=\"index, follow, max-snippet:-1, max-image-preview:large, max-video-preview:-1\" \/>\n<link rel=\"canonical\" href=\"https:\/\/saludsostenible.es\/en\/product\/ergyliver-complex\/\" \/>\n<meta property=\"og:locale\" content=\"en_GB\" \/>\n<meta property=\"og:type\" content=\"article\" \/>\n<meta property=\"og:title\" content=\"ERGYLIVER COMPLEX\" \/>\n<meta property=\"og:description\" content=\"ERGYLIVER COMPLEX es un complemento alimenticio formulado para apoyar las funciones hep\u00e1ticas y digestivas. Gracias a su combinaci\u00f3n de extractos vegetales depurativos, amino\u00e1cidos, antioxidantes y micronutrientes, favorece la detoxificaci\u00f3n del h\u00edgado, mejora la digesti\u00f3n de grasas y apoya el bienestar general del organismo.\" \/>\n<meta property=\"og:url\" content=\"https:\/\/saludsostenible.es\/en\/product\/ergyliver-complex\/\" \/>\n<meta property=\"og:site_name\" content=\"Salud Sostenible by Fabrice Lef&egrave;vre Institute\" \/>\n<meta property=\"article:publisher\" content=\"https:\/\/www.facebook.com\/ProbodyoneBarcelona\" \/>\n<meta property=\"article:modified_time\" content=\"2025-09-10T20:15:53+00:00\" \/>\n<meta property=\"og:image\" content=\"https:\/\/saludsostenible.es\/wp-content\/uploads\/2025\/09\/ergyliver-complex.jpg\" \/>\n\t<meta property=\"og:image:width\" content=\"600\" \/>\n\t<meta property=\"og:image:height\" content=\"600\" \/>\n\t<meta property=\"og:image:type\" content=\"image\/png\" \/>\n<meta name=\"twitter:card\" content=\"summary_large_image\" \/>\n<meta name=\"twitter:site\" content=\"@probodyone\" \/>\n<meta name=\"twitter:label1\" content=\"Estimated reading time\" \/>\n\t<meta name=\"twitter:data1\" content=\"1 minute\" \/>\n<script type=\"application\/ld+json\" class=\"yoast-schema-graph\">{\"@context\":\"https:\\\/\\\/schema.org\",\"@graph\":[{\"@type\":\"WebPage\",\"@id\":\"https:\\\/\\\/saludsostenible.es\\\/product\\\/ergyliver-complex\\\/\",\"url\":\"https:\\\/\\\/saludsostenible.es\\\/product\\\/ergyliver-complex\\\/\",\"name\":\"ERGYLIVER COMPLEX - Salud Sostenible by Fabrice Lef&egrave;vre Institute\",\"isPartOf\":{\"@id\":\"https:\\\/\\\/saludsostenible.es\\\/#website\"},\"primaryImageOfPage\":{\"@id\":\"https:\\\/\\\/saludsostenible.es\\\/product\\\/ergyliver-complex\\\/#primaryimage\"},\"image\":{\"@id\":\"https:\\\/\\\/saludsostenible.es\\\/product\\\/ergyliver-complex\\\/#primaryimage\"},\"thumbnailUrl\":\"https:\\\/\\\/saludsostenible.es\\\/wp-content\\\/uploads\\\/2025\\\/09\\\/ergyliver-complex.jpg\",\"datePublished\":\"2025-09-10T20:15:44+00:00\",\"dateModified\":\"2025-09-10T20:15:53+00:00\",\"breadcrumb\":{\"@id\":\"https:\\\/\\\/saludsostenible.es\\\/product\\\/ergyliver-complex\\\/#breadcrumb\"},\"inLanguage\":\"en-GB\",\"potentialAction\":[{\"@type\":\"ReadAction\",\"target\":[\"https:\\\/\\\/saludsostenible.es\\\/product\\\/ergyliver-complex\\\/\"]}]},{\"@type\":\"ImageObject\",\"inLanguage\":\"en-GB\",\"@id\":\"https:\\\/\\\/saludsostenible.es\\\/product\\\/ergyliver-complex\\\/#primaryimage\",\"url\":\"https:\\\/\\\/saludsostenible.es\\\/wp-content\\\/uploads\\\/2025\\\/09\\\/ergyliver-complex.jpg\",\"contentUrl\":\"https:\\\/\\\/saludsostenible.es\\\/wp-content\\\/uploads\\\/2025\\\/09\\\/ergyliver-complex.jpg\",\"width\":600,\"height\":600},{\"@type\":\"BreadcrumbList\",\"@id\":\"https:\\\/\\\/saludsostenible.es\\\/product\\\/ergyliver-complex\\\/#breadcrumb\",\"itemListElement\":[{\"@type\":\"ListItem\",\"position\":1,\"name\":\"Home\",\"item\":\"https:\\\/\\\/saludsostenible.es\\\/\"},{\"@type\":\"ListItem\",\"position\":2,\"name\":\"Tienda\",\"item\":\"https:\\\/\\\/saludsostenible.es\\\/tienda\\\/\"},{\"@type\":\"ListItem\",\"position\":3,\"name\":\"ERGYLIVER COMPLEX\"}]},{\"@type\":\"WebSite\",\"@id\":\"https:\\\/\\\/saludsostenible.es\\\/#website\",\"url\":\"https:\\\/\\\/saludsostenible.es\\\/\",\"name\":\"Salud Sostenible Beauty & Longevity\",\"description\":\"Plataforma de consulta online y acceso a especialistas privados: salud integrativa, beauty y longevidad. Inicia tu perfil de salud metab\u00f3lica.\",\"publisher\":{\"@id\":\"https:\\\/\\\/saludsostenible.es\\\/#organization\"},\"alternateName\":\"Salud Sostenible\",\"potentialAction\":[{\"@type\":\"SearchAction\",\"target\":{\"@type\":\"EntryPoint\",\"urlTemplate\":\"https:\\\/\\\/saludsostenible.es\\\/?s={search_term_string}\"},\"query-input\":{\"@type\":\"PropertyValueSpecification\",\"valueRequired\":true,\"valueName\":\"search_term_string\"}}],\"inLanguage\":\"en-GB\"},{\"@type\":\"Organization\",\"@id\":\"https:\\\/\\\/saludsostenible.es\\\/#organization\",\"name\":\"Salud Sostenible by Fabrice Lef\u00e8vre Institute\",\"alternateName\":\"Osteopat\u00eda en Barcelona, Madrid y Marbella\",\"url\":\"https:\\\/\\\/saludsostenible.es\\\/\",\"logo\":{\"@type\":\"ImageObject\",\"inLanguage\":\"en-GB\",\"@id\":\"https:\\\/\\\/saludsostenible.es\\\/#\\\/schema\\\/logo\\\/image\\\/\",\"url\":\"https:\\\/\\\/saludsostenible.es\\\/wp-content\\\/uploads\\\/2024\\\/08\\\/probodyone-blog.jpg\",\"contentUrl\":\"https:\\\/\\\/saludsostenible.es\\\/wp-content\\\/uploads\\\/2024\\\/08\\\/probodyone-blog.jpg\",\"width\":1600,\"height\":550,\"caption\":\"Salud Sostenible by Fabrice Lef\u00e8vre Institute\"},\"image\":{\"@id\":\"https:\\\/\\\/saludsostenible.es\\\/#\\\/schema\\\/logo\\\/image\\\/\"},\"sameAs\":[\"https:\\\/\\\/www.facebook.com\\\/ProbodyoneBarcelona\",\"https:\\\/\\\/x.com\\\/probodyone\",\"https:\\\/\\\/www.youtube.com\\\/@Probodyone\\\/videos\"]}]}<\/script>\n<!-- \/ Yoast SEO Premium plugin. -->","yoast_head_json":{"title":"ERGYLIVER COMPLEX - Salud Sostenible by Fabrice Lef&egrave;vre Institute","robots":{"index":"index","follow":"follow","max-snippet":"max-snippet:-1","max-image-preview":"max-image-preview:large","max-video-preview":"max-video-preview:-1"},"canonical":"https:\/\/saludsostenible.es\/en\/product\/ergyliver-complex\/","og_locale":"en_GB","og_type":"article","og_title":"ERGYLIVER COMPLEX","og_description":"ERGYLIVER COMPLEX es un complemento alimenticio formulado para apoyar las funciones hep\u00e1ticas y digestivas. Gracias a su combinaci\u00f3n de extractos vegetales depurativos, amino\u00e1cidos, antioxidantes y micronutrientes, favorece la detoxificaci\u00f3n del h\u00edgado, mejora la digesti\u00f3n de grasas y apoya el bienestar general del organismo.","og_url":"https:\/\/saludsostenible.es\/en\/product\/ergyliver-complex\/","og_site_name":"Salud Sostenible by Fabrice Lef&egrave;vre Institute","article_publisher":"https:\/\/www.facebook.com\/ProbodyoneBarcelona","article_modified_time":"2025-09-10T20:15:53+00:00","og_image":[{"width":600,"height":600,"url":"https:\/\/saludsostenible.es\/wp-content\/uploads\/2025\/09\/ergyliver-complex.jpg","type":"image\/png"}],"twitter_card":"summary_large_image","twitter_site":"@probodyone","twitter_misc":{"Estimated reading time":"1 minute"},"schema":{"@context":"https:\/\/schema.org","@graph":[{"@type":"WebPage","@id":"https:\/\/saludsostenible.es\/product\/ergyliver-complex\/","url":"https:\/\/saludsostenible.es\/product\/ergyliver-complex\/","name":"ERGYLIVER COMPLEX - Salud Sostenible by Fabrice Lef&egrave;vre Institute","isPartOf":{"@id":"https:\/\/saludsostenible.es\/#website"},"primaryImageOfPage":{"@id":"https:\/\/saludsostenible.es\/product\/ergyliver-complex\/#primaryimage"},"image":{"@id":"https:\/\/saludsostenible.es\/product\/ergyliver-complex\/#primaryimage"},"thumbnailUrl":"https:\/\/saludsostenible.es\/wp-content\/uploads\/2025\/09\/ergyliver-complex.jpg","datePublished":"2025-09-10T20:15:44+00:00","dateModified":"2025-09-10T20:15:53+00:00","breadcrumb":{"@id":"https:\/\/saludsostenible.es\/product\/ergyliver-complex\/#breadcrumb"},"inLanguage":"en-GB","potentialAction":[{"@type":"ReadAction","target":["https:\/\/saludsostenible.es\/product\/ergyliver-complex\/"]}]},{"@type":"ImageObject","inLanguage":"en-GB","@id":"https:\/\/saludsostenible.es\/product\/ergyliver-complex\/#primaryimage","url":"https:\/\/saludsostenible.es\/wp-content\/uploads\/2025\/09\/ergyliver-complex.jpg","contentUrl":"https:\/\/saludsostenible.es\/wp-content\/uploads\/2025\/09\/ergyliver-complex.jpg","width":600,"height":600},{"@type":"BreadcrumbList","@id":"https:\/\/saludsostenible.es\/product\/ergyliver-complex\/#breadcrumb","itemListElement":[{"@type":"ListItem","position":1,"name":"Home","item":"https:\/\/saludsostenible.es\/"},{"@type":"ListItem","position":2,"name":"Tienda","item":"https:\/\/saludsostenible.es\/tienda\/"},{"@type":"ListItem","position":3,"name":"ERGYLIVER COMPLEX"}]},{"@type":"WebSite","@id":"https:\/\/saludsostenible.es\/#website","url":"https:\/\/saludsostenible.es\/","name":"Salud Sostenible Beauty & Longevity","description":"Plataforma de consulta online y acceso a especialistas privados: salud integrativa, beauty y longevidad. Inicia tu perfil de salud metab\u00f3lica.","publisher":{"@id":"https:\/\/saludsostenible.es\/#organization"},"alternateName":"Salud Sostenible","potentialAction":[{"@type":"SearchAction","target":{"@type":"EntryPoint","urlTemplate":"https:\/\/saludsostenible.es\/?s={search_term_string}"},"query-input":{"@type":"PropertyValueSpecification","valueRequired":true,"valueName":"search_term_string"}}],"inLanguage":"en-GB"},{"@type":"Organization","@id":"https:\/\/saludsostenible.es\/#organization","name":"Salud Sostenible by Fabrice Lef\u00e8vre Institute","alternateName":"Osteopat\u00eda en Barcelona, Madrid y Marbella","url":"https:\/\/saludsostenible.es\/","logo":{"@type":"ImageObject","inLanguage":"en-GB","@id":"https:\/\/saludsostenible.es\/#\/schema\/logo\/image\/","url":"https:\/\/saludsostenible.es\/wp-content\/uploads\/2024\/08\/probodyone-blog.jpg","contentUrl":"https:\/\/saludsostenible.es\/wp-content\/uploads\/2024\/08\/probodyone-blog.jpg","width":1600,"height":550,"caption":"Salud Sostenible by Fabrice Lef\u00e8vre Institute"},"image":{"@id":"https:\/\/saludsostenible.es\/#\/schema\/logo\/image\/"},"sameAs":["https:\/\/www.facebook.com\/ProbodyoneBarcelona","https:\/\/x.com\/probodyone","https:\/\/www.youtube.com\/@Probodyone\/videos"]}]}},"_links":{"self":[{"href":"https:\/\/saludsostenible.es\/en\/wp-json\/wp\/v2\/product\/501188","targetHints":{"allow":["GET"]}}],"collection":[{"href":"https:\/\/saludsostenible.es\/en\/wp-json\/wp\/v2\/product"}],"about":[{"href":"https:\/\/saludsostenible.es\/en\/wp-json\/wp\/v2\/types\/product"}],"wp:featuredmedia":[{"embeddable":true,"href":"https:\/\/saludsostenible.es\/en\/wp-json\/wp\/v2\/media\/501189"}],"wp:attachment":[{"href":"https:\/\/saludsostenible.es\/en\/wp-json\/wp\/v2\/media?parent=501188"}],"wp:term":[{"taxonomy":"product_brand","embeddable":true,"href":"https:\/\/saludsostenible.es\/en\/wp-json\/wp\/v2\/product_brand?post=501188"},{"taxonomy":"product_cat","embeddable":true,"href":"https:\/\/saludsostenible.es\/en\/wp-json\/wp\/v2\/product_cat?post=501188"},{"taxonomy":"product_tag","embeddable":true,"href":"https:\/\/saludsostenible.es\/en\/wp-json\/wp\/v2\/product_tag?post=501188"}],"curies":[{"name":"wp","href":"https:\/\/api.w.org\/{rel}","templated":true}]}}