{"id":501190,"date":"2025-09-10T20:15:44","date_gmt":"2025-09-10T20:15:44","guid":{"rendered":"https:\/\/saludsostenible.es\/product\/ergyslim\/"},"modified":"2025-09-10T20:15:54","modified_gmt":"2025-09-10T20:15:54","slug":"ergyslim","status":"publish","type":"product","link":"https:\/\/saludsostenible.es\/en\/product\/ergyslim\/","title":{"rendered":"ERGYSLIM"},"content":{"rendered":"<p>Indicaciones<br \/>\nDetoxificaci\u00f3n intestinal.<br \/>\nPara mejorar los trastornos del tr\u00e1nsito intestinal y reequilibrar el ecosistema intestinal.<br \/>\nERGYSLIM es una sinergia original de plantas y algas (espirulina y chlorella) para el bienestar intestinal.<br \/>\nLa chlorella es un alga que ayuda a detoxificar. La acci\u00f3n de ERGYSLIM se ve reforzada por la adici\u00f3n de psyllium, una planta conocida por facilitar el tr\u00e1nsito intestinal y mantener un colon sano.<br \/>\nLa f\u00f3rmula se completa con dos oligoelementos, el magnesio y el cromo.<br \/>\nVentajas<br \/>\nPara una doble acci\u00f3n tanto en la detoxificaci\u00f3n del organismo como en el tr\u00e1nsito intestinal.<br \/>\nSin gluten, sin colorantes, sin conservantes, sin aromas artificiales.<br \/>\nApto para dietas vegetarianas y veganas.<br \/>\nContiene 5,6g de fibra por 2 sobres.<br \/>\nIngredientes<br \/>\nPolvo de psyllium (Plantago ovata Forssk.), fibras de acacia (Acacia senegal\u00a0(L.) Willd.), carbonato de magnesio, polvo de higuera chuma (Opuntia ficus indica (L.)\u00a0Mill.) y de spirulina (Spirulina platensis\u00a0(Gomont) Geitler), antiaglomerante: bicarbonato de potassio; polvo de clorela (Chlorella pyrenoidosa Chick); cloruro de cromo; edulcorante: gluc\u00f3sidos de esteviol.<br \/>\nApto para vegetarianos y veganos.<br \/>\nComposici\u00f3n (por dosis diaria &#8211; 1 sobre)<br \/>\nIngrediente<br \/>\nCantidad por 2 sobres (10 g)<br \/>\n% VRN*<br \/>\nFibras totales<br \/>\n5,6 g<br \/>\n\u2014<br \/>\n\u2022 Psyllium (Plantago ovata Forssk.)<br \/>\n4,5 g<br \/>\n\u2014<br \/>\n\u2022 Fibras de acacia (Acacia senegal (L.) Willd.)<br \/>\n1,8 g<br \/>\n\u2014<br \/>\nPolvo de higuera chumba (Opuntia ficus-indica (L.) Mill.)<br \/>\n720 mg<br \/>\n\u2014<br \/>\nEspirulina (Spirulina platensis)<br \/>\n600 mg<br \/>\n\u2014<br \/>\nChlorella (Chlorella pyrenoidosa)<br \/>\n300 mg<br \/>\n\u2014<br \/>\nMagnesio (carbonato de magnesio)<br \/>\n225 mg<br \/>\n60 %<br \/>\nCromo (cloruro de cromo)<br \/>\n12 \u00b5g<br \/>\n30 %<br \/>\nLibre de:<br \/>\nGluten<br \/>\nConservantes<br \/>\nColorantes artificiales<br \/>\nIndicaciones de uso<br \/>\nDe 1 a 2 sobres al d\u00eda, preferentemente fuera de las comidas, diluido en un vaso de agua (150 ml).<br \/>\nPara una buena disoluci\u00f3n, vierta el polvo y luego el agua en peque\u00f1as cantidades, mientras agita o utiliza un agitador.<br \/>\nPrecauciones<br \/>\nNo administrar en caso de toma simultanea de medicamentos (psyllium), y a ni\u00f1os de menos de 12 a\u00f1os.<br \/>\nSe recomienda consultar con un profesional de la salud en caso de embarazo o lactancia.<br \/>\nMantener fuera del alcance de los ni\u00f1os, a una temperatura inferior a 25\u00b0C y alejado de la humedad.<br \/>\nNo superar la dosis diaria recomendada.<br \/>\nERGYTAURINA DETOX<\/p>","protected":false},"excerpt":{"rendered":"<p>ERGYSLIM es un complemento alimenticio formulado para apoyar el control de peso, el metabolismo de las grasas y el drenaje de l\u00edquidos. Gracias a su combinaci\u00f3n de prote\u00ednas, fibras, plantas, vitaminas y minerales, contribuye a la saciedad, favorece la p\u00e9rdida de peso dentro de un programa diet\u00e9tico y ayuda a mantener el bienestar metab\u00f3lico.<\/p>","protected":false},"featured_media":501191,"template":"","meta":[],"product_brand":[185],"product_cat":[279,186,262],"product_tag":[],"class_list":{"0":"post-501190","1":"product","2":"type-product","3":"status-publish","4":"has-post-thumbnail","6":"product_brand-laboratorio-nutergia","7":"product_cat-equilibrio-peso-adelgazamiento","8":"product_cat-laboratorio-nutergia","9":"product_cat-suplementos-micronutricionales","11":"first","12":"instock","13":"purchasable","14":"product-type-simple"},"yoast_head":"<!-- This site is optimized with the Yoast SEO Premium plugin v22.9 (Yoast SEO v27.6) - https:\/\/yoast.com\/product\/yoast-seo-premium-wordpress\/ -->\n<title>ERGYSLIM - Salud Sostenible by Fabrice Lef&egrave;vre Institute<\/title>\n<meta name=\"robots\" content=\"index, follow, max-snippet:-1, max-image-preview:large, max-video-preview:-1\" \/>\n<link rel=\"canonical\" href=\"https:\/\/saludsostenible.es\/en\/product\/ergyslim\/\" \/>\n<meta property=\"og:locale\" content=\"en_GB\" \/>\n<meta property=\"og:type\" content=\"article\" \/>\n<meta property=\"og:title\" content=\"ERGYSLIM\" \/>\n<meta property=\"og:description\" content=\"ERGYSLIM es un complemento alimenticio formulado para apoyar el control de peso, el metabolismo de las grasas y el drenaje de l\u00edquidos. Gracias a su combinaci\u00f3n de prote\u00ednas, fibras, plantas, vitaminas y minerales, contribuye a la saciedad, favorece la p\u00e9rdida de peso dentro de un programa diet\u00e9tico y ayuda a mantener el bienestar metab\u00f3lico.\" \/>\n<meta property=\"og:url\" content=\"https:\/\/saludsostenible.es\/en\/product\/ergyslim\/\" \/>\n<meta property=\"og:site_name\" content=\"Salud Sostenible by Fabrice Lef&egrave;vre Institute\" \/>\n<meta property=\"article:publisher\" content=\"https:\/\/www.facebook.com\/ProbodyoneBarcelona\" \/>\n<meta property=\"article:modified_time\" content=\"2025-09-10T20:15:54+00:00\" \/>\n<meta property=\"og:image\" content=\"https:\/\/saludsostenible.es\/wp-content\/uploads\/2025\/09\/ergyslim.jpg\" \/>\n\t<meta property=\"og:image:width\" content=\"600\" \/>\n\t<meta property=\"og:image:height\" content=\"600\" \/>\n\t<meta property=\"og:image:type\" content=\"image\/png\" \/>\n<meta name=\"twitter:card\" content=\"summary_large_image\" \/>\n<meta name=\"twitter:site\" content=\"@probodyone\" \/>\n<meta name=\"twitter:label1\" content=\"Estimated reading time\" \/>\n\t<meta name=\"twitter:data1\" content=\"2 minutes\" \/>\n<script type=\"application\/ld+json\" class=\"yoast-schema-graph\">{\"@context\":\"https:\\\/\\\/schema.org\",\"@graph\":[{\"@type\":\"WebPage\",\"@id\":\"https:\\\/\\\/saludsostenible.es\\\/product\\\/ergyslim\\\/\",\"url\":\"https:\\\/\\\/saludsostenible.es\\\/product\\\/ergyslim\\\/\",\"name\":\"ERGYSLIM - Salud Sostenible by Fabrice Lef&egrave;vre Institute\",\"isPartOf\":{\"@id\":\"https:\\\/\\\/saludsostenible.es\\\/#website\"},\"primaryImageOfPage\":{\"@id\":\"https:\\\/\\\/saludsostenible.es\\\/product\\\/ergyslim\\\/#primaryimage\"},\"image\":{\"@id\":\"https:\\\/\\\/saludsostenible.es\\\/product\\\/ergyslim\\\/#primaryimage\"},\"thumbnailUrl\":\"https:\\\/\\\/saludsostenible.es\\\/wp-content\\\/uploads\\\/2025\\\/09\\\/ergyslim.jpg\",\"datePublished\":\"2025-09-10T20:15:44+00:00\",\"dateModified\":\"2025-09-10T20:15:54+00:00\",\"breadcrumb\":{\"@id\":\"https:\\\/\\\/saludsostenible.es\\\/product\\\/ergyslim\\\/#breadcrumb\"},\"inLanguage\":\"en-GB\",\"potentialAction\":[{\"@type\":\"ReadAction\",\"target\":[\"https:\\\/\\\/saludsostenible.es\\\/product\\\/ergyslim\\\/\"]}]},{\"@type\":\"ImageObject\",\"inLanguage\":\"en-GB\",\"@id\":\"https:\\\/\\\/saludsostenible.es\\\/product\\\/ergyslim\\\/#primaryimage\",\"url\":\"https:\\\/\\\/saludsostenible.es\\\/wp-content\\\/uploads\\\/2025\\\/09\\\/ergyslim.jpg\",\"contentUrl\":\"https:\\\/\\\/saludsostenible.es\\\/wp-content\\\/uploads\\\/2025\\\/09\\\/ergyslim.jpg\",\"width\":600,\"height\":600},{\"@type\":\"BreadcrumbList\",\"@id\":\"https:\\\/\\\/saludsostenible.es\\\/product\\\/ergyslim\\\/#breadcrumb\",\"itemListElement\":[{\"@type\":\"ListItem\",\"position\":1,\"name\":\"Home\",\"item\":\"https:\\\/\\\/saludsostenible.es\\\/\"},{\"@type\":\"ListItem\",\"position\":2,\"name\":\"Tienda\",\"item\":\"https:\\\/\\\/saludsostenible.es\\\/tienda\\\/\"},{\"@type\":\"ListItem\",\"position\":3,\"name\":\"ERGYSLIM\"}]},{\"@type\":\"WebSite\",\"@id\":\"https:\\\/\\\/saludsostenible.es\\\/#website\",\"url\":\"https:\\\/\\\/saludsostenible.es\\\/\",\"name\":\"Salud Sostenible Beauty & Longevity\",\"description\":\"Plataforma de consulta online y acceso a especialistas privados: salud integrativa, beauty y longevidad. Inicia tu perfil de salud metab\u00f3lica.\",\"publisher\":{\"@id\":\"https:\\\/\\\/saludsostenible.es\\\/#organization\"},\"alternateName\":\"Salud Sostenible\",\"potentialAction\":[{\"@type\":\"SearchAction\",\"target\":{\"@type\":\"EntryPoint\",\"urlTemplate\":\"https:\\\/\\\/saludsostenible.es\\\/?s={search_term_string}\"},\"query-input\":{\"@type\":\"PropertyValueSpecification\",\"valueRequired\":true,\"valueName\":\"search_term_string\"}}],\"inLanguage\":\"en-GB\"},{\"@type\":\"Organization\",\"@id\":\"https:\\\/\\\/saludsostenible.es\\\/#organization\",\"name\":\"Salud Sostenible by Fabrice Lef\u00e8vre Institute\",\"alternateName\":\"Osteopat\u00eda en Barcelona, Madrid y Marbella\",\"url\":\"https:\\\/\\\/saludsostenible.es\\\/\",\"logo\":{\"@type\":\"ImageObject\",\"inLanguage\":\"en-GB\",\"@id\":\"https:\\\/\\\/saludsostenible.es\\\/#\\\/schema\\\/logo\\\/image\\\/\",\"url\":\"https:\\\/\\\/saludsostenible.es\\\/wp-content\\\/uploads\\\/2024\\\/08\\\/probodyone-blog.jpg\",\"contentUrl\":\"https:\\\/\\\/saludsostenible.es\\\/wp-content\\\/uploads\\\/2024\\\/08\\\/probodyone-blog.jpg\",\"width\":1600,\"height\":550,\"caption\":\"Salud Sostenible by Fabrice Lef\u00e8vre Institute\"},\"image\":{\"@id\":\"https:\\\/\\\/saludsostenible.es\\\/#\\\/schema\\\/logo\\\/image\\\/\"},\"sameAs\":[\"https:\\\/\\\/www.facebook.com\\\/ProbodyoneBarcelona\",\"https:\\\/\\\/x.com\\\/probodyone\",\"https:\\\/\\\/www.youtube.com\\\/@Probodyone\\\/videos\"]}]}<\/script>\n<!-- \/ Yoast SEO Premium plugin. -->","yoast_head_json":{"title":"ERGYSLIM - Salud Sostenible by Fabrice Lef&egrave;vre Institute","robots":{"index":"index","follow":"follow","max-snippet":"max-snippet:-1","max-image-preview":"max-image-preview:large","max-video-preview":"max-video-preview:-1"},"canonical":"https:\/\/saludsostenible.es\/en\/product\/ergyslim\/","og_locale":"en_GB","og_type":"article","og_title":"ERGYSLIM","og_description":"ERGYSLIM es un complemento alimenticio formulado para apoyar el control de peso, el metabolismo de las grasas y el drenaje de l\u00edquidos. Gracias a su combinaci\u00f3n de prote\u00ednas, fibras, plantas, vitaminas y minerales, contribuye a la saciedad, favorece la p\u00e9rdida de peso dentro de un programa diet\u00e9tico y ayuda a mantener el bienestar metab\u00f3lico.","og_url":"https:\/\/saludsostenible.es\/en\/product\/ergyslim\/","og_site_name":"Salud Sostenible by Fabrice Lef&egrave;vre Institute","article_publisher":"https:\/\/www.facebook.com\/ProbodyoneBarcelona","article_modified_time":"2025-09-10T20:15:54+00:00","og_image":[{"width":600,"height":600,"url":"https:\/\/saludsostenible.es\/wp-content\/uploads\/2025\/09\/ergyslim.jpg","type":"image\/png"}],"twitter_card":"summary_large_image","twitter_site":"@probodyone","twitter_misc":{"Estimated reading time":"2 minutes"},"schema":{"@context":"https:\/\/schema.org","@graph":[{"@type":"WebPage","@id":"https:\/\/saludsostenible.es\/product\/ergyslim\/","url":"https:\/\/saludsostenible.es\/product\/ergyslim\/","name":"ERGYSLIM - Salud Sostenible by Fabrice Lef&egrave;vre Institute","isPartOf":{"@id":"https:\/\/saludsostenible.es\/#website"},"primaryImageOfPage":{"@id":"https:\/\/saludsostenible.es\/product\/ergyslim\/#primaryimage"},"image":{"@id":"https:\/\/saludsostenible.es\/product\/ergyslim\/#primaryimage"},"thumbnailUrl":"https:\/\/saludsostenible.es\/wp-content\/uploads\/2025\/09\/ergyslim.jpg","datePublished":"2025-09-10T20:15:44+00:00","dateModified":"2025-09-10T20:15:54+00:00","breadcrumb":{"@id":"https:\/\/saludsostenible.es\/product\/ergyslim\/#breadcrumb"},"inLanguage":"en-GB","potentialAction":[{"@type":"ReadAction","target":["https:\/\/saludsostenible.es\/product\/ergyslim\/"]}]},{"@type":"ImageObject","inLanguage":"en-GB","@id":"https:\/\/saludsostenible.es\/product\/ergyslim\/#primaryimage","url":"https:\/\/saludsostenible.es\/wp-content\/uploads\/2025\/09\/ergyslim.jpg","contentUrl":"https:\/\/saludsostenible.es\/wp-content\/uploads\/2025\/09\/ergyslim.jpg","width":600,"height":600},{"@type":"BreadcrumbList","@id":"https:\/\/saludsostenible.es\/product\/ergyslim\/#breadcrumb","itemListElement":[{"@type":"ListItem","position":1,"name":"Home","item":"https:\/\/saludsostenible.es\/"},{"@type":"ListItem","position":2,"name":"Tienda","item":"https:\/\/saludsostenible.es\/tienda\/"},{"@type":"ListItem","position":3,"name":"ERGYSLIM"}]},{"@type":"WebSite","@id":"https:\/\/saludsostenible.es\/#website","url":"https:\/\/saludsostenible.es\/","name":"Salud Sostenible Beauty & Longevity","description":"Plataforma de consulta online y acceso a especialistas privados: salud integrativa, beauty y longevidad. Inicia tu perfil de salud metab\u00f3lica.","publisher":{"@id":"https:\/\/saludsostenible.es\/#organization"},"alternateName":"Salud Sostenible","potentialAction":[{"@type":"SearchAction","target":{"@type":"EntryPoint","urlTemplate":"https:\/\/saludsostenible.es\/?s={search_term_string}"},"query-input":{"@type":"PropertyValueSpecification","valueRequired":true,"valueName":"search_term_string"}}],"inLanguage":"en-GB"},{"@type":"Organization","@id":"https:\/\/saludsostenible.es\/#organization","name":"Salud Sostenible by Fabrice Lef\u00e8vre Institute","alternateName":"Osteopat\u00eda en Barcelona, Madrid y Marbella","url":"https:\/\/saludsostenible.es\/","logo":{"@type":"ImageObject","inLanguage":"en-GB","@id":"https:\/\/saludsostenible.es\/#\/schema\/logo\/image\/","url":"https:\/\/saludsostenible.es\/wp-content\/uploads\/2024\/08\/probodyone-blog.jpg","contentUrl":"https:\/\/saludsostenible.es\/wp-content\/uploads\/2024\/08\/probodyone-blog.jpg","width":1600,"height":550,"caption":"Salud Sostenible by Fabrice Lef\u00e8vre Institute"},"image":{"@id":"https:\/\/saludsostenible.es\/#\/schema\/logo\/image\/"},"sameAs":["https:\/\/www.facebook.com\/ProbodyoneBarcelona","https:\/\/x.com\/probodyone","https:\/\/www.youtube.com\/@Probodyone\/videos"]}]}},"_links":{"self":[{"href":"https:\/\/saludsostenible.es\/en\/wp-json\/wp\/v2\/product\/501190","targetHints":{"allow":["GET"]}}],"collection":[{"href":"https:\/\/saludsostenible.es\/en\/wp-json\/wp\/v2\/product"}],"about":[{"href":"https:\/\/saludsostenible.es\/en\/wp-json\/wp\/v2\/types\/product"}],"wp:featuredmedia":[{"embeddable":true,"href":"https:\/\/saludsostenible.es\/en\/wp-json\/wp\/v2\/media\/501191"}],"wp:attachment":[{"href":"https:\/\/saludsostenible.es\/en\/wp-json\/wp\/v2\/media?parent=501190"}],"wp:term":[{"taxonomy":"product_brand","embeddable":true,"href":"https:\/\/saludsostenible.es\/en\/wp-json\/wp\/v2\/product_brand?post=501190"},{"taxonomy":"product_cat","embeddable":true,"href":"https:\/\/saludsostenible.es\/en\/wp-json\/wp\/v2\/product_cat?post=501190"},{"taxonomy":"product_tag","embeddable":true,"href":"https:\/\/saludsostenible.es\/en\/wp-json\/wp\/v2\/product_tag?post=501190"}],"curies":[{"name":"wp","href":"https:\/\/api.w.org\/{rel}","templated":true}]}}