{"id":501194,"date":"2025-09-10T20:15:44","date_gmt":"2025-09-10T20:15:44","guid":{"rendered":"https:\/\/saludsostenible.es\/product\/ergycalm\/"},"modified":"2025-09-10T20:15:56","modified_gmt":"2025-09-10T20:15:56","slug":"ergycalm","status":"publish","type":"product","link":"https:\/\/saludsostenible.es\/en\/product\/ergycalm\/","title":{"rendered":"ERGYCALM"},"content":{"rendered":"<p>Indicaciones<br \/>\nPara promover un sue\u00f1o de calidad.<br \/>\nCalmante y relajante.<br \/>\nCuando se deja de fumar.<br \/>\nVentajas<br \/>\nAcci\u00f3n r\u00e1pida calmante del stress agudo<br \/>\nSin alcohol, sin az\u00facar, sin edulcorante, sin sabor artificial<br \/>\nSin residuos de pesticidas<br \/>\ncombina el\u00a0espino blanco, relajante y calmante, la\u00a0ballota, que favorece la relajaci\u00f3n, y la\u00a0melisa, que favorece la relajaci\u00f3n y el bienestar f\u00edsico.La f\u00f3rmula es rica en\u00a0magnesio, que contribuye a las funciones psicol\u00f3gicas normales.<br \/>\nIngredientes<br \/>\nSoluci\u00f3n acuosa de oligoelementos (agua filtrada, agua de mar concentrada sin sodio, extracto estandarizado de litotamno \u2013 Phymatolithon calcareum Pall., gluconatos de zinc, hierro y cobre, cloruro de cromo, sulfato de manganeso, selenito y molibdato de sodio), estabilizante: glicerina vegetal; extractos de espino blanco (Crataegus oxyacantha Auct.), de ballota (Ballota nigra L.) y de melisa (Melissa offi cinalis L.), aroma natural, conservante: sorbato de potasio.<br \/>\nComposici\u00f3n (por dosis diaria &#8211; 10 ml)<br \/>\nIngrediente activo<br \/>\nCantidad aproximada por 20 ml<br \/>\nExtractos acuosos de plantas<br \/>\n&#8211; Espino blanco (Crataegus monogyna)<br \/>\n800 mg<br \/>\n&#8211; Melisa (Melissa officinalis)<br \/>\n400 mg<br \/>\n&#8211; Passiflora (Passiflora incarnata)<br \/>\n400 mg<br \/>\n&#8211; L\u00fapulo (Humulus lupulus)<br \/>\n400 mg<br \/>\nMagnesio (gluconato de magnesio)<br \/>\n56 mg (15 % VRN*)<br \/>\nZinc (gluconato de zinc)<br \/>\n1,5 mg (15 % VRN*)<br \/>\nCromo (cloruro de cromo)<br \/>\n6 \u00b5g (15 % VRN*)<br \/>\nAgentes conservantes<br \/>\nSorbato pot\u00e1sico, benzoato s\u00f3dico<br \/>\nOtros ingredientes<br \/>\nAgua purificada, extracto de plantas, aroma natural, \u00e1cido c\u00edtrico<br \/>\nLibre de:<br \/>\nGluten<br \/>\nLactosa<br \/>\nConservantes artificiales<br \/>\nColorantes<br \/>\nIndicaciones de uso<br \/>\n10 a 20 ml al d\u00eda diluidos en 1 vaso de agua (150 ml).Un ligero dep\u00f3sito turbio es normal, agitar bien antes de tomar.<br \/>\nPrecauciones<br \/>\nConsultar con un profesional de la salud en los siguientes casos: para los ni\u00f1os, mujeres embarazada, mujeres en periodo de lactancia.<br \/>\nNo superar las dosis diarias recomendadas<br \/>\nERGYEPUR<\/p>","protected":false},"excerpt":{"rendered":"<p>ERGYCALM es un complemento alimenticio a base de plantas, magnesio y vitaminas del grupo B, formulado para favorecer la relajaci\u00f3n, el equilibrio emocional y el sue\u00f1o natural. Su f\u00f3rmula ayuda a reducir el estr\u00e9s diario, la irritabilidad, el nerviosismo y favorece un descanso reparador sin causar somnolencia durante el d\u00eda.<\/p>","protected":false},"featured_media":501195,"template":"","meta":[],"product_brand":[185],"product_cat":[250,186,262],"product_tag":[],"class_list":{"0":"post-501194","1":"product","2":"type-product","3":"status-publish","4":"has-post-thumbnail","6":"product_brand-laboratorio-nutergia","7":"product_cat-estres-sueno-equilibrio-mental","8":"product_cat-laboratorio-nutergia","9":"product_cat-suplementos-micronutricionales","11":"first","12":"instock","13":"purchasable","14":"product-type-simple"},"yoast_head":"<!-- This site is optimized with the Yoast SEO Premium plugin v22.9 (Yoast SEO v27.6) - https:\/\/yoast.com\/product\/yoast-seo-premium-wordpress\/ -->\n<title>ERGYCALM - Salud Sostenible by Fabrice Lef&egrave;vre Institute<\/title>\n<meta name=\"robots\" content=\"index, follow, max-snippet:-1, max-image-preview:large, max-video-preview:-1\" \/>\n<link rel=\"canonical\" href=\"https:\/\/saludsostenible.es\/en\/product\/ergycalm\/\" \/>\n<meta property=\"og:locale\" content=\"en_GB\" \/>\n<meta property=\"og:type\" content=\"article\" \/>\n<meta property=\"og:title\" content=\"ERGYCALM\" \/>\n<meta property=\"og:description\" content=\"ERGYCALM es un complemento alimenticio a base de plantas, magnesio y vitaminas del grupo B, formulado para favorecer la relajaci\u00f3n, el equilibrio emocional y el sue\u00f1o natural. Su f\u00f3rmula ayuda a reducir el estr\u00e9s diario, la irritabilidad, el nerviosismo y favorece un descanso reparador sin causar somnolencia durante el d\u00eda.\" \/>\n<meta property=\"og:url\" content=\"https:\/\/saludsostenible.es\/en\/product\/ergycalm\/\" \/>\n<meta property=\"og:site_name\" content=\"Salud Sostenible by Fabrice Lef&egrave;vre Institute\" \/>\n<meta property=\"article:publisher\" content=\"https:\/\/www.facebook.com\/ProbodyoneBarcelona\" \/>\n<meta property=\"article:modified_time\" content=\"2025-09-10T20:15:56+00:00\" \/>\n<meta property=\"og:image\" content=\"https:\/\/saludsostenible.es\/wp-content\/uploads\/2025\/09\/ergycalm.jpg\" \/>\n\t<meta property=\"og:image:width\" content=\"600\" \/>\n\t<meta property=\"og:image:height\" content=\"600\" \/>\n\t<meta property=\"og:image:type\" content=\"image\/png\" \/>\n<meta name=\"twitter:card\" content=\"summary_large_image\" \/>\n<meta name=\"twitter:site\" content=\"@probodyone\" \/>\n<meta name=\"twitter:label1\" content=\"Estimated reading time\" \/>\n\t<meta name=\"twitter:data1\" content=\"1 minute\" \/>\n<script type=\"application\/ld+json\" class=\"yoast-schema-graph\">{\"@context\":\"https:\\\/\\\/schema.org\",\"@graph\":[{\"@type\":\"WebPage\",\"@id\":\"https:\\\/\\\/saludsostenible.es\\\/product\\\/ergycalm\\\/\",\"url\":\"https:\\\/\\\/saludsostenible.es\\\/product\\\/ergycalm\\\/\",\"name\":\"ERGYCALM - Salud Sostenible by Fabrice Lef&egrave;vre Institute\",\"isPartOf\":{\"@id\":\"https:\\\/\\\/saludsostenible.es\\\/#website\"},\"primaryImageOfPage\":{\"@id\":\"https:\\\/\\\/saludsostenible.es\\\/product\\\/ergycalm\\\/#primaryimage\"},\"image\":{\"@id\":\"https:\\\/\\\/saludsostenible.es\\\/product\\\/ergycalm\\\/#primaryimage\"},\"thumbnailUrl\":\"https:\\\/\\\/saludsostenible.es\\\/wp-content\\\/uploads\\\/2025\\\/09\\\/ergycalm.jpg\",\"datePublished\":\"2025-09-10T20:15:44+00:00\",\"dateModified\":\"2025-09-10T20:15:56+00:00\",\"breadcrumb\":{\"@id\":\"https:\\\/\\\/saludsostenible.es\\\/product\\\/ergycalm\\\/#breadcrumb\"},\"inLanguage\":\"en-GB\",\"potentialAction\":[{\"@type\":\"ReadAction\",\"target\":[\"https:\\\/\\\/saludsostenible.es\\\/product\\\/ergycalm\\\/\"]}]},{\"@type\":\"ImageObject\",\"inLanguage\":\"en-GB\",\"@id\":\"https:\\\/\\\/saludsostenible.es\\\/product\\\/ergycalm\\\/#primaryimage\",\"url\":\"https:\\\/\\\/saludsostenible.es\\\/wp-content\\\/uploads\\\/2025\\\/09\\\/ergycalm.jpg\",\"contentUrl\":\"https:\\\/\\\/saludsostenible.es\\\/wp-content\\\/uploads\\\/2025\\\/09\\\/ergycalm.jpg\",\"width\":600,\"height\":600},{\"@type\":\"BreadcrumbList\",\"@id\":\"https:\\\/\\\/saludsostenible.es\\\/product\\\/ergycalm\\\/#breadcrumb\",\"itemListElement\":[{\"@type\":\"ListItem\",\"position\":1,\"name\":\"Home\",\"item\":\"https:\\\/\\\/saludsostenible.es\\\/\"},{\"@type\":\"ListItem\",\"position\":2,\"name\":\"Tienda\",\"item\":\"https:\\\/\\\/saludsostenible.es\\\/tienda\\\/\"},{\"@type\":\"ListItem\",\"position\":3,\"name\":\"ERGYCALM\"}]},{\"@type\":\"WebSite\",\"@id\":\"https:\\\/\\\/saludsostenible.es\\\/#website\",\"url\":\"https:\\\/\\\/saludsostenible.es\\\/\",\"name\":\"Salud Sostenible Beauty & Longevity\",\"description\":\"Plataforma de consulta online y acceso a especialistas privados: salud integrativa, beauty y longevidad. Inicia tu perfil de salud metab\u00f3lica.\",\"publisher\":{\"@id\":\"https:\\\/\\\/saludsostenible.es\\\/#organization\"},\"alternateName\":\"Salud Sostenible\",\"potentialAction\":[{\"@type\":\"SearchAction\",\"target\":{\"@type\":\"EntryPoint\",\"urlTemplate\":\"https:\\\/\\\/saludsostenible.es\\\/?s={search_term_string}\"},\"query-input\":{\"@type\":\"PropertyValueSpecification\",\"valueRequired\":true,\"valueName\":\"search_term_string\"}}],\"inLanguage\":\"en-GB\"},{\"@type\":\"Organization\",\"@id\":\"https:\\\/\\\/saludsostenible.es\\\/#organization\",\"name\":\"Salud Sostenible by Fabrice Lef\u00e8vre Institute\",\"alternateName\":\"Osteopat\u00eda en Barcelona, Madrid y Marbella\",\"url\":\"https:\\\/\\\/saludsostenible.es\\\/\",\"logo\":{\"@type\":\"ImageObject\",\"inLanguage\":\"en-GB\",\"@id\":\"https:\\\/\\\/saludsostenible.es\\\/#\\\/schema\\\/logo\\\/image\\\/\",\"url\":\"https:\\\/\\\/saludsostenible.es\\\/wp-content\\\/uploads\\\/2024\\\/08\\\/probodyone-blog.jpg\",\"contentUrl\":\"https:\\\/\\\/saludsostenible.es\\\/wp-content\\\/uploads\\\/2024\\\/08\\\/probodyone-blog.jpg\",\"width\":1600,\"height\":550,\"caption\":\"Salud Sostenible by Fabrice Lef\u00e8vre Institute\"},\"image\":{\"@id\":\"https:\\\/\\\/saludsostenible.es\\\/#\\\/schema\\\/logo\\\/image\\\/\"},\"sameAs\":[\"https:\\\/\\\/www.facebook.com\\\/ProbodyoneBarcelona\",\"https:\\\/\\\/x.com\\\/probodyone\",\"https:\\\/\\\/www.youtube.com\\\/@Probodyone\\\/videos\"]}]}<\/script>\n<!-- \/ Yoast SEO Premium plugin. -->","yoast_head_json":{"title":"ERGYCALM - Salud Sostenible by Fabrice Lef&egrave;vre Institute","robots":{"index":"index","follow":"follow","max-snippet":"max-snippet:-1","max-image-preview":"max-image-preview:large","max-video-preview":"max-video-preview:-1"},"canonical":"https:\/\/saludsostenible.es\/en\/product\/ergycalm\/","og_locale":"en_GB","og_type":"article","og_title":"ERGYCALM","og_description":"ERGYCALM es un complemento alimenticio a base de plantas, magnesio y vitaminas del grupo B, formulado para favorecer la relajaci\u00f3n, el equilibrio emocional y el sue\u00f1o natural. Su f\u00f3rmula ayuda a reducir el estr\u00e9s diario, la irritabilidad, el nerviosismo y favorece un descanso reparador sin causar somnolencia durante el d\u00eda.","og_url":"https:\/\/saludsostenible.es\/en\/product\/ergycalm\/","og_site_name":"Salud Sostenible by Fabrice Lef&egrave;vre Institute","article_publisher":"https:\/\/www.facebook.com\/ProbodyoneBarcelona","article_modified_time":"2025-09-10T20:15:56+00:00","og_image":[{"width":600,"height":600,"url":"https:\/\/saludsostenible.es\/wp-content\/uploads\/2025\/09\/ergycalm.jpg","type":"image\/png"}],"twitter_card":"summary_large_image","twitter_site":"@probodyone","twitter_misc":{"Estimated reading time":"1 minute"},"schema":{"@context":"https:\/\/schema.org","@graph":[{"@type":"WebPage","@id":"https:\/\/saludsostenible.es\/product\/ergycalm\/","url":"https:\/\/saludsostenible.es\/product\/ergycalm\/","name":"ERGYCALM - Salud Sostenible by Fabrice Lef&egrave;vre Institute","isPartOf":{"@id":"https:\/\/saludsostenible.es\/#website"},"primaryImageOfPage":{"@id":"https:\/\/saludsostenible.es\/product\/ergycalm\/#primaryimage"},"image":{"@id":"https:\/\/saludsostenible.es\/product\/ergycalm\/#primaryimage"},"thumbnailUrl":"https:\/\/saludsostenible.es\/wp-content\/uploads\/2025\/09\/ergycalm.jpg","datePublished":"2025-09-10T20:15:44+00:00","dateModified":"2025-09-10T20:15:56+00:00","breadcrumb":{"@id":"https:\/\/saludsostenible.es\/product\/ergycalm\/#breadcrumb"},"inLanguage":"en-GB","potentialAction":[{"@type":"ReadAction","target":["https:\/\/saludsostenible.es\/product\/ergycalm\/"]}]},{"@type":"ImageObject","inLanguage":"en-GB","@id":"https:\/\/saludsostenible.es\/product\/ergycalm\/#primaryimage","url":"https:\/\/saludsostenible.es\/wp-content\/uploads\/2025\/09\/ergycalm.jpg","contentUrl":"https:\/\/saludsostenible.es\/wp-content\/uploads\/2025\/09\/ergycalm.jpg","width":600,"height":600},{"@type":"BreadcrumbList","@id":"https:\/\/saludsostenible.es\/product\/ergycalm\/#breadcrumb","itemListElement":[{"@type":"ListItem","position":1,"name":"Home","item":"https:\/\/saludsostenible.es\/"},{"@type":"ListItem","position":2,"name":"Tienda","item":"https:\/\/saludsostenible.es\/tienda\/"},{"@type":"ListItem","position":3,"name":"ERGYCALM"}]},{"@type":"WebSite","@id":"https:\/\/saludsostenible.es\/#website","url":"https:\/\/saludsostenible.es\/","name":"Salud Sostenible Beauty & Longevity","description":"Plataforma de consulta online y acceso a especialistas privados: salud integrativa, beauty y longevidad. Inicia tu perfil de salud metab\u00f3lica.","publisher":{"@id":"https:\/\/saludsostenible.es\/#organization"},"alternateName":"Salud Sostenible","potentialAction":[{"@type":"SearchAction","target":{"@type":"EntryPoint","urlTemplate":"https:\/\/saludsostenible.es\/?s={search_term_string}"},"query-input":{"@type":"PropertyValueSpecification","valueRequired":true,"valueName":"search_term_string"}}],"inLanguage":"en-GB"},{"@type":"Organization","@id":"https:\/\/saludsostenible.es\/#organization","name":"Salud Sostenible by Fabrice Lef\u00e8vre Institute","alternateName":"Osteopat\u00eda en Barcelona, Madrid y Marbella","url":"https:\/\/saludsostenible.es\/","logo":{"@type":"ImageObject","inLanguage":"en-GB","@id":"https:\/\/saludsostenible.es\/#\/schema\/logo\/image\/","url":"https:\/\/saludsostenible.es\/wp-content\/uploads\/2024\/08\/probodyone-blog.jpg","contentUrl":"https:\/\/saludsostenible.es\/wp-content\/uploads\/2024\/08\/probodyone-blog.jpg","width":1600,"height":550,"caption":"Salud Sostenible by Fabrice Lef\u00e8vre Institute"},"image":{"@id":"https:\/\/saludsostenible.es\/#\/schema\/logo\/image\/"},"sameAs":["https:\/\/www.facebook.com\/ProbodyoneBarcelona","https:\/\/x.com\/probodyone","https:\/\/www.youtube.com\/@Probodyone\/videos"]}]}},"_links":{"self":[{"href":"https:\/\/saludsostenible.es\/en\/wp-json\/wp\/v2\/product\/501194","targetHints":{"allow":["GET"]}}],"collection":[{"href":"https:\/\/saludsostenible.es\/en\/wp-json\/wp\/v2\/product"}],"about":[{"href":"https:\/\/saludsostenible.es\/en\/wp-json\/wp\/v2\/types\/product"}],"wp:featuredmedia":[{"embeddable":true,"href":"https:\/\/saludsostenible.es\/en\/wp-json\/wp\/v2\/media\/501195"}],"wp:attachment":[{"href":"https:\/\/saludsostenible.es\/en\/wp-json\/wp\/v2\/media?parent=501194"}],"wp:term":[{"taxonomy":"product_brand","embeddable":true,"href":"https:\/\/saludsostenible.es\/en\/wp-json\/wp\/v2\/product_brand?post=501194"},{"taxonomy":"product_cat","embeddable":true,"href":"https:\/\/saludsostenible.es\/en\/wp-json\/wp\/v2\/product_cat?post=501194"},{"taxonomy":"product_tag","embeddable":true,"href":"https:\/\/saludsostenible.es\/en\/wp-json\/wp\/v2\/product_tag?post=501194"}],"curies":[{"name":"wp","href":"https:\/\/api.w.org\/{rel}","templated":true}]}}