{"id":501196,"date":"2025-09-10T20:15:44","date_gmt":"2025-09-10T20:15:44","guid":{"rendered":"https:\/\/saludsostenible.es\/product\/ergyepur\/"},"modified":"2025-09-10T20:15:56","modified_gmt":"2025-09-10T20:15:56","slug":"ergyepur","status":"publish","type":"product","link":"https:\/\/saludsostenible.es\/en\/product\/ergyepur\/","title":{"rendered":"ERGYEPUR"},"content":{"rendered":"<p>Indicaciones<br \/>\nApoya la funci\u00f3n hep\u00e1tica (en caso de digesti\u00f3n lenta, piel apagada\u2026)<br \/>\nPara promover la detoxificaci\u00f3n del h\u00edgado<br \/>\nLimpieza del organismo<br \/>\nVentajas<br \/>\nSin alcohol, sin az\u00facar, sin edulcorante, sin sabor artificial<br \/>\nAgua de mar y extracto patentado de litotamno, origen Francia.<br \/>\nSinergia de Plantas + Oligoelementos para una eficacia reforzada<br \/>\nDoble acci\u00f3n detoxificante y protectora hep\u00e1tica.<br \/>\nSin residuos de pesticidas*<br \/>\nIngredientes<br \/>\nSoluci\u00f3n acuosa de oligoelementos (agua filtrada, agua de mar concentrada sin sodio, extracto estandarizado de litotamno \u2013\u00a0Phymatolithon calcareum Pall., cloruros de zinc y cromo, gluconatos de zinc, hierro y cobre, sulfatos de cobre y manganeso, selenita y molibdato de sodio), estabilizante: glicerina vegetal; extractos de cardo-mariano\u00a0(Silybum marianum (L.) Gaertn.), alcachofa (Cynara scolymus L.), desmodium (Desmodium adscendens DC.) y boldo (Peumus boldus Molina), conservante: sorbato de potasio; aroma natural de lim\u00f3n con otros aromas naturales.<br \/>\nComposici\u00f3n (por dosis diaria &#8211; 10 ml)<br \/>\nIngrediente activo<br \/>\nCantidad aproximada por 20 ml<br \/>\nExtractos acuosos de plantas<br \/>\n&#8211; Alcachofa (Cynara scolymus)<br \/>\n900 mg<br \/>\n&#8211; R\u00e1bano negro (Raphanus sativus niger)<br \/>\n900 mg<br \/>\n&#8211; Cardo mariano (Silybum marianum)<br \/>\n450 mg<br \/>\n&#8211; Fumaria (Fumaria officinalis)<br \/>\n450 mg<br \/>\nOligoelementos (en forma de gluconatos)<br \/>\n&#8211; Zinc<br \/>\n1,5 mg (15 % VRN*)<br \/>\n&#8211; Cobre<br \/>\n0,15 mg (15 % VRN*)<br \/>\n&#8211; Manganeso<br \/>\n0,3 mg (15 % VRN*)<br \/>\n&#8211; Selenio<br \/>\n8,25 \u00b5g (15 % VRN*)<br \/>\nConservantes<br \/>\nSorbato pot\u00e1sico, benzoato s\u00f3dico<br \/>\nOtros ingredientes<br \/>\nAgua purificada, \u00e1cido c\u00edtrico, aroma natural<br \/>\nLibre de:<br \/>\nGluten<br \/>\nLactosa<br \/>\nColorantes artificiales<br \/>\nConservantes<br \/>\nIndicaciones de uso<br \/>\n0 a 20 ml al d\u00eda diluidos en 1 vaso de agua (150 ml).<br \/>\nUn ligero dep\u00f3sito turbio es normal, agitar bien antes de tomar<br \/>\nPrecauciones<br \/>\nSe recomienda consultar con un profesional de la salud en los siguientes casos: para los ni\u00f1os, mujer embarazada, en periodo de lactancia.<br \/>\nNo recomendado en caso de obstrucci\u00f3n de las v\u00edas biliares (alcachofa, boldo)<br \/>\nMantener fuera del alcance de los ni\u00f1os a temperatura inferior a 25\u00b0C y al abrigo de la humedad.<br \/>\nNo superar las dosis diarias recomendadas.<br \/>\nConsumir en un plazo de 2 meses despu\u00e9s de su apertura.<br \/>\nERGYPHYTUM<\/p>","protected":false},"excerpt":{"rendered":"<p>ERGYEPUR es un complemento alimenticio l\u00edquido a base de plantas tradicionalmente utilizadas para el apoyo hep\u00e1tico y el drenaje general del organismo. Su f\u00f3rmula ayuda a estimular las funciones del h\u00edgado, favorece la eliminaci\u00f3n de toxinas, mejora la digesti\u00f3n de grasas y contribuye al bienestar digestivo y metab\u00f3lico.<\/p>","protected":false},"featured_media":501197,"template":"","meta":[],"product_brand":[185],"product_cat":[256,279,186,262],"product_tag":[],"class_list":{"0":"post-501196","1":"product","2":"type-product","3":"status-publish","4":"has-post-thumbnail","6":"product_brand-laboratorio-nutergia","7":"product_cat-detox-drenaje","8":"product_cat-equilibrio-peso-adelgazamiento","9":"product_cat-laboratorio-nutergia","10":"product_cat-suplementos-micronutricionales","12":"first","13":"instock","14":"purchasable","15":"product-type-simple"},"yoast_head":"<!-- This site is optimized with the Yoast SEO Premium plugin v22.9 (Yoast SEO v27.6) - https:\/\/yoast.com\/product\/yoast-seo-premium-wordpress\/ -->\n<title>ERGYEPUR - Salud Sostenible by Fabrice Lef&egrave;vre Institute<\/title>\n<meta name=\"robots\" content=\"index, follow, max-snippet:-1, max-image-preview:large, max-video-preview:-1\" \/>\n<link rel=\"canonical\" href=\"https:\/\/saludsostenible.es\/en\/product\/ergyepur\/\" \/>\n<meta property=\"og:locale\" content=\"en_GB\" \/>\n<meta property=\"og:type\" content=\"article\" \/>\n<meta property=\"og:title\" content=\"ERGYEPUR\" \/>\n<meta property=\"og:description\" content=\"ERGYEPUR es un complemento alimenticio l\u00edquido a base de plantas tradicionalmente utilizadas para el apoyo hep\u00e1tico y el drenaje general del organismo. Su f\u00f3rmula ayuda a estimular las funciones del h\u00edgado, favorece la eliminaci\u00f3n de toxinas, mejora la digesti\u00f3n de grasas y contribuye al bienestar digestivo y metab\u00f3lico.\" \/>\n<meta property=\"og:url\" content=\"https:\/\/saludsostenible.es\/en\/product\/ergyepur\/\" \/>\n<meta property=\"og:site_name\" content=\"Salud Sostenible by Fabrice Lef&egrave;vre Institute\" \/>\n<meta property=\"article:publisher\" content=\"https:\/\/www.facebook.com\/ProbodyoneBarcelona\" \/>\n<meta property=\"article:modified_time\" content=\"2025-09-10T20:15:56+00:00\" \/>\n<meta property=\"og:image\" content=\"https:\/\/saludsostenible.es\/wp-content\/uploads\/2025\/09\/ergyepur.jpg\" \/>\n\t<meta property=\"og:image:width\" content=\"600\" \/>\n\t<meta property=\"og:image:height\" content=\"600\" \/>\n\t<meta property=\"og:image:type\" content=\"image\/png\" \/>\n<meta name=\"twitter:card\" content=\"summary_large_image\" \/>\n<meta name=\"twitter:site\" content=\"@probodyone\" \/>\n<meta name=\"twitter:label1\" content=\"Estimated reading time\" \/>\n\t<meta name=\"twitter:data1\" content=\"2 minutes\" \/>\n<script type=\"application\/ld+json\" class=\"yoast-schema-graph\">{\"@context\":\"https:\\\/\\\/schema.org\",\"@graph\":[{\"@type\":\"WebPage\",\"@id\":\"https:\\\/\\\/saludsostenible.es\\\/product\\\/ergyepur\\\/\",\"url\":\"https:\\\/\\\/saludsostenible.es\\\/product\\\/ergyepur\\\/\",\"name\":\"ERGYEPUR - Salud Sostenible by Fabrice Lef&egrave;vre Institute\",\"isPartOf\":{\"@id\":\"https:\\\/\\\/saludsostenible.es\\\/#website\"},\"primaryImageOfPage\":{\"@id\":\"https:\\\/\\\/saludsostenible.es\\\/product\\\/ergyepur\\\/#primaryimage\"},\"image\":{\"@id\":\"https:\\\/\\\/saludsostenible.es\\\/product\\\/ergyepur\\\/#primaryimage\"},\"thumbnailUrl\":\"https:\\\/\\\/saludsostenible.es\\\/wp-content\\\/uploads\\\/2025\\\/09\\\/ergyepur.jpg\",\"datePublished\":\"2025-09-10T20:15:44+00:00\",\"dateModified\":\"2025-09-10T20:15:56+00:00\",\"breadcrumb\":{\"@id\":\"https:\\\/\\\/saludsostenible.es\\\/product\\\/ergyepur\\\/#breadcrumb\"},\"inLanguage\":\"en-GB\",\"potentialAction\":[{\"@type\":\"ReadAction\",\"target\":[\"https:\\\/\\\/saludsostenible.es\\\/product\\\/ergyepur\\\/\"]}]},{\"@type\":\"ImageObject\",\"inLanguage\":\"en-GB\",\"@id\":\"https:\\\/\\\/saludsostenible.es\\\/product\\\/ergyepur\\\/#primaryimage\",\"url\":\"https:\\\/\\\/saludsostenible.es\\\/wp-content\\\/uploads\\\/2025\\\/09\\\/ergyepur.jpg\",\"contentUrl\":\"https:\\\/\\\/saludsostenible.es\\\/wp-content\\\/uploads\\\/2025\\\/09\\\/ergyepur.jpg\",\"width\":600,\"height\":600},{\"@type\":\"BreadcrumbList\",\"@id\":\"https:\\\/\\\/saludsostenible.es\\\/product\\\/ergyepur\\\/#breadcrumb\",\"itemListElement\":[{\"@type\":\"ListItem\",\"position\":1,\"name\":\"Home\",\"item\":\"https:\\\/\\\/saludsostenible.es\\\/\"},{\"@type\":\"ListItem\",\"position\":2,\"name\":\"Tienda\",\"item\":\"https:\\\/\\\/saludsostenible.es\\\/tienda\\\/\"},{\"@type\":\"ListItem\",\"position\":3,\"name\":\"ERGYEPUR\"}]},{\"@type\":\"WebSite\",\"@id\":\"https:\\\/\\\/saludsostenible.es\\\/#website\",\"url\":\"https:\\\/\\\/saludsostenible.es\\\/\",\"name\":\"Salud Sostenible Beauty & Longevity\",\"description\":\"Plataforma de consulta online y acceso a especialistas privados: salud integrativa, beauty y longevidad. Inicia tu perfil de salud metab\u00f3lica.\",\"publisher\":{\"@id\":\"https:\\\/\\\/saludsostenible.es\\\/#organization\"},\"alternateName\":\"Salud Sostenible\",\"potentialAction\":[{\"@type\":\"SearchAction\",\"target\":{\"@type\":\"EntryPoint\",\"urlTemplate\":\"https:\\\/\\\/saludsostenible.es\\\/?s={search_term_string}\"},\"query-input\":{\"@type\":\"PropertyValueSpecification\",\"valueRequired\":true,\"valueName\":\"search_term_string\"}}],\"inLanguage\":\"en-GB\"},{\"@type\":\"Organization\",\"@id\":\"https:\\\/\\\/saludsostenible.es\\\/#organization\",\"name\":\"Salud Sostenible by Fabrice Lef\u00e8vre Institute\",\"alternateName\":\"Osteopat\u00eda en Barcelona, Madrid y Marbella\",\"url\":\"https:\\\/\\\/saludsostenible.es\\\/\",\"logo\":{\"@type\":\"ImageObject\",\"inLanguage\":\"en-GB\",\"@id\":\"https:\\\/\\\/saludsostenible.es\\\/#\\\/schema\\\/logo\\\/image\\\/\",\"url\":\"https:\\\/\\\/saludsostenible.es\\\/wp-content\\\/uploads\\\/2024\\\/08\\\/probodyone-blog.jpg\",\"contentUrl\":\"https:\\\/\\\/saludsostenible.es\\\/wp-content\\\/uploads\\\/2024\\\/08\\\/probodyone-blog.jpg\",\"width\":1600,\"height\":550,\"caption\":\"Salud Sostenible by Fabrice Lef\u00e8vre Institute\"},\"image\":{\"@id\":\"https:\\\/\\\/saludsostenible.es\\\/#\\\/schema\\\/logo\\\/image\\\/\"},\"sameAs\":[\"https:\\\/\\\/www.facebook.com\\\/ProbodyoneBarcelona\",\"https:\\\/\\\/x.com\\\/probodyone\",\"https:\\\/\\\/www.youtube.com\\\/@Probodyone\\\/videos\"]}]}<\/script>\n<!-- \/ Yoast SEO Premium plugin. -->","yoast_head_json":{"title":"ERGYEPUR - Salud Sostenible by Fabrice Lef&egrave;vre Institute","robots":{"index":"index","follow":"follow","max-snippet":"max-snippet:-1","max-image-preview":"max-image-preview:large","max-video-preview":"max-video-preview:-1"},"canonical":"https:\/\/saludsostenible.es\/en\/product\/ergyepur\/","og_locale":"en_GB","og_type":"article","og_title":"ERGYEPUR","og_description":"ERGYEPUR es un complemento alimenticio l\u00edquido a base de plantas tradicionalmente utilizadas para el apoyo hep\u00e1tico y el drenaje general del organismo. Su f\u00f3rmula ayuda a estimular las funciones del h\u00edgado, favorece la eliminaci\u00f3n de toxinas, mejora la digesti\u00f3n de grasas y contribuye al bienestar digestivo y metab\u00f3lico.","og_url":"https:\/\/saludsostenible.es\/en\/product\/ergyepur\/","og_site_name":"Salud Sostenible by Fabrice Lef&egrave;vre Institute","article_publisher":"https:\/\/www.facebook.com\/ProbodyoneBarcelona","article_modified_time":"2025-09-10T20:15:56+00:00","og_image":[{"width":600,"height":600,"url":"https:\/\/saludsostenible.es\/wp-content\/uploads\/2025\/09\/ergyepur.jpg","type":"image\/png"}],"twitter_card":"summary_large_image","twitter_site":"@probodyone","twitter_misc":{"Estimated reading time":"2 minutes"},"schema":{"@context":"https:\/\/schema.org","@graph":[{"@type":"WebPage","@id":"https:\/\/saludsostenible.es\/product\/ergyepur\/","url":"https:\/\/saludsostenible.es\/product\/ergyepur\/","name":"ERGYEPUR - Salud Sostenible by Fabrice Lef&egrave;vre Institute","isPartOf":{"@id":"https:\/\/saludsostenible.es\/#website"},"primaryImageOfPage":{"@id":"https:\/\/saludsostenible.es\/product\/ergyepur\/#primaryimage"},"image":{"@id":"https:\/\/saludsostenible.es\/product\/ergyepur\/#primaryimage"},"thumbnailUrl":"https:\/\/saludsostenible.es\/wp-content\/uploads\/2025\/09\/ergyepur.jpg","datePublished":"2025-09-10T20:15:44+00:00","dateModified":"2025-09-10T20:15:56+00:00","breadcrumb":{"@id":"https:\/\/saludsostenible.es\/product\/ergyepur\/#breadcrumb"},"inLanguage":"en-GB","potentialAction":[{"@type":"ReadAction","target":["https:\/\/saludsostenible.es\/product\/ergyepur\/"]}]},{"@type":"ImageObject","inLanguage":"en-GB","@id":"https:\/\/saludsostenible.es\/product\/ergyepur\/#primaryimage","url":"https:\/\/saludsostenible.es\/wp-content\/uploads\/2025\/09\/ergyepur.jpg","contentUrl":"https:\/\/saludsostenible.es\/wp-content\/uploads\/2025\/09\/ergyepur.jpg","width":600,"height":600},{"@type":"BreadcrumbList","@id":"https:\/\/saludsostenible.es\/product\/ergyepur\/#breadcrumb","itemListElement":[{"@type":"ListItem","position":1,"name":"Home","item":"https:\/\/saludsostenible.es\/"},{"@type":"ListItem","position":2,"name":"Tienda","item":"https:\/\/saludsostenible.es\/tienda\/"},{"@type":"ListItem","position":3,"name":"ERGYEPUR"}]},{"@type":"WebSite","@id":"https:\/\/saludsostenible.es\/#website","url":"https:\/\/saludsostenible.es\/","name":"Salud Sostenible Beauty & Longevity","description":"Plataforma de consulta online y acceso a especialistas privados: salud integrativa, beauty y longevidad. Inicia tu perfil de salud metab\u00f3lica.","publisher":{"@id":"https:\/\/saludsostenible.es\/#organization"},"alternateName":"Salud Sostenible","potentialAction":[{"@type":"SearchAction","target":{"@type":"EntryPoint","urlTemplate":"https:\/\/saludsostenible.es\/?s={search_term_string}"},"query-input":{"@type":"PropertyValueSpecification","valueRequired":true,"valueName":"search_term_string"}}],"inLanguage":"en-GB"},{"@type":"Organization","@id":"https:\/\/saludsostenible.es\/#organization","name":"Salud Sostenible by Fabrice Lef\u00e8vre Institute","alternateName":"Osteopat\u00eda en Barcelona, Madrid y Marbella","url":"https:\/\/saludsostenible.es\/","logo":{"@type":"ImageObject","inLanguage":"en-GB","@id":"https:\/\/saludsostenible.es\/#\/schema\/logo\/image\/","url":"https:\/\/saludsostenible.es\/wp-content\/uploads\/2024\/08\/probodyone-blog.jpg","contentUrl":"https:\/\/saludsostenible.es\/wp-content\/uploads\/2024\/08\/probodyone-blog.jpg","width":1600,"height":550,"caption":"Salud Sostenible by Fabrice Lef\u00e8vre Institute"},"image":{"@id":"https:\/\/saludsostenible.es\/#\/schema\/logo\/image\/"},"sameAs":["https:\/\/www.facebook.com\/ProbodyoneBarcelona","https:\/\/x.com\/probodyone","https:\/\/www.youtube.com\/@Probodyone\/videos"]}]}},"_links":{"self":[{"href":"https:\/\/saludsostenible.es\/en\/wp-json\/wp\/v2\/product\/501196","targetHints":{"allow":["GET"]}}],"collection":[{"href":"https:\/\/saludsostenible.es\/en\/wp-json\/wp\/v2\/product"}],"about":[{"href":"https:\/\/saludsostenible.es\/en\/wp-json\/wp\/v2\/types\/product"}],"wp:featuredmedia":[{"embeddable":true,"href":"https:\/\/saludsostenible.es\/en\/wp-json\/wp\/v2\/media\/501197"}],"wp:attachment":[{"href":"https:\/\/saludsostenible.es\/en\/wp-json\/wp\/v2\/media?parent=501196"}],"wp:term":[{"taxonomy":"product_brand","embeddable":true,"href":"https:\/\/saludsostenible.es\/en\/wp-json\/wp\/v2\/product_brand?post=501196"},{"taxonomy":"product_cat","embeddable":true,"href":"https:\/\/saludsostenible.es\/en\/wp-json\/wp\/v2\/product_cat?post=501196"},{"taxonomy":"product_tag","embeddable":true,"href":"https:\/\/saludsostenible.es\/en\/wp-json\/wp\/v2\/product_tag?post=501196"}],"curies":[{"name":"wp","href":"https:\/\/api.w.org\/{rel}","templated":true}]}}