{"id":501200,"date":"2025-09-10T20:15:44","date_gmt":"2025-09-10T20:15:44","guid":{"rendered":"https:\/\/saludsostenible.es\/product\/ergydigest\/"},"modified":"2025-09-10T20:15:58","modified_gmt":"2025-09-10T20:15:58","slug":"ergydigest","status":"publish","type":"product","link":"https:\/\/saludsostenible.es\/en\/product\/ergydigest\/","title":{"rendered":"ERGYDIGEST"},"content":{"rendered":"<p>Indicaciones<br \/>\nFacilitar la detoxificaci\u00f3n y\u00a0 digesti\u00f3n<br \/>\nPara mantener una piel sana gracias al zinc y la bardana<br \/>\nMetabolismo de los az\u00facares, las grasas y las prote\u00ednas gracias a los oligoelementos<br \/>\nVentajas<br \/>\nSin alcohol, sin az\u00facar*, sin edulcorante, sin sabor artificial. Sin residuos de pesticidas**<br \/>\nSinergia de Plantas + Oligoelementos para una eficacia reforzada<br \/>\nAgua de mar y extracto patentado de litotamno, origen Francia.<br \/>\nDoble acci\u00f3n digestiva y depurativa de la piel<br \/>\nIngredientes<br \/>\nSoluci\u00f3n acuosa de oligoelementos (agua filtrada, agua de mar concentrada sin sodio, extracto estandarizado de litotamno \u2013\u00a0Phymatolithon calcareum Pall., cloruros de zinc y cromo, gluconatos de zinc, hierro y cobre, sulfato de manganeso, selenita y molibdato de sodio), estabilizante: glicerina vegetal; extractos de alcachofa (Cynara scolymus L.), r\u00e1bano negro (Raphanus raphanistrum subsp. sativus (L.) Domin), romero (Rosmarinus officinalis L.) y bardana (Arctium lappa L.), conservante: sorbato de potasio.<br \/>\nComposici\u00f3n (por dosis diaria &#8211; 10 ml)<br \/>\nIngrediente activo<br \/>\nCantidad aproximada por 20 ml<br \/>\nExtractos acuosos de plantas<br \/>\n&#8211; Alcachofa (Cynara scolymus)<br \/>\n700 mg<br \/>\n&#8211; R\u00e1bano negro (Raphanus sativus niger)<br \/>\n700 mg<br \/>\n&#8211; Ang\u00e9lica (Angelica archangelica)<br \/>\n700 mg<br \/>\n&#8211; Boldo (Peumus boldus)<br \/>\n700 mg<br \/>\nOligoelementos (gluconatos o similares)<br \/>\n&#8211; Zinc<br \/>\n1,5 mg (15 % VRN*)<br \/>\n&#8211; Cobre<br \/>\n0,15 mg (15 % VRN*)<br \/>\n&#8211; Manganeso<br \/>\n0,3 mg (15 % VRN*)<br \/>\nOtros ingredientes<br \/>\nAgua purificada, \u00e1cido c\u00edtrico, aroma natural, conservantes (sorbato pot\u00e1sico, benzoato s\u00f3dico)<br \/>\nLibre de:<br \/>\nGluten<br \/>\nLactosa<br \/>\nConservantes<br \/>\nColorantes artificiales<br \/>\nIndicaciones de uso<br \/>\n10 a 20 ml al d\u00eda diluidos en 1 vaso de agua (150ml).<br \/>\nUn ligero dep\u00f3sito turbio es normal, agitar bien antes de tomar.<br \/>\nPrecauciones<br \/>\nNo recomendado en caso de obstrucci\u00f3n de las v\u00edas biliares (alcachofa).<br \/>\nNo recomendado para ni\u00f1os, en caso de embarazo o en periodo de lactancia (r\u00e1bano negro).<br \/>\nSe recomienda consultar con un profesional de la salud para las personas que sufran de\u00a0 hipotiroides o sigan tratamiento para la tiroides (r\u00e1bano negro).<br \/>\nNo superar la dosis diaria recomendada<br \/>\nConsumir en un plazo de 2 meses despu\u00e9s de su apertura.<br \/>\nERGYDREN<\/p>","protected":false},"excerpt":{"rendered":"<p>ERGYDIGEST es un complemento alimenticio l\u00edquido formulado para favorecer la digesti\u00f3n, estimular la funci\u00f3n biliar y facilitar el confort digestivo tras las comidas. Gracias a su combinaci\u00f3n de plantas digestivas, oligoelementos y minerales, ayuda en casos de digestiones pesadas, hinchaz\u00f3n, gases o dispepsia.<\/p>","protected":false},"featured_media":501201,"template":"","meta":[],"product_brand":[185],"product_cat":[248,186,262],"product_tag":[],"class_list":{"0":"post-501200","1":"product","2":"type-product","3":"status-publish","4":"has-post-thumbnail","6":"product_brand-laboratorio-nutergia","7":"product_cat-bienestar-digestivo","8":"product_cat-laboratorio-nutergia","9":"product_cat-suplementos-micronutricionales","11":"first","12":"instock","13":"purchasable","14":"product-type-simple"},"yoast_head":"<!-- This site is optimized with the Yoast SEO Premium plugin v22.9 (Yoast SEO v27.6) - https:\/\/yoast.com\/product\/yoast-seo-premium-wordpress\/ -->\n<title>ERGYDIGEST - Salud Sostenible by Fabrice Lef&egrave;vre Institute<\/title>\n<meta name=\"robots\" content=\"index, follow, max-snippet:-1, max-image-preview:large, max-video-preview:-1\" \/>\n<link rel=\"canonical\" href=\"https:\/\/saludsostenible.es\/en\/product\/ergydigest\/\" \/>\n<meta property=\"og:locale\" content=\"en_GB\" \/>\n<meta property=\"og:type\" content=\"article\" \/>\n<meta property=\"og:title\" content=\"ERGYDIGEST\" \/>\n<meta property=\"og:description\" content=\"ERGYDIGEST es un complemento alimenticio l\u00edquido formulado para favorecer la digesti\u00f3n, estimular la funci\u00f3n biliar y facilitar el confort digestivo tras las comidas. Gracias a su combinaci\u00f3n de plantas digestivas, oligoelementos y minerales, ayuda en casos de digestiones pesadas, hinchaz\u00f3n, gases o dispepsia.\" \/>\n<meta property=\"og:url\" content=\"https:\/\/saludsostenible.es\/en\/product\/ergydigest\/\" \/>\n<meta property=\"og:site_name\" content=\"Salud Sostenible by Fabrice Lef&egrave;vre Institute\" \/>\n<meta property=\"article:publisher\" content=\"https:\/\/www.facebook.com\/ProbodyoneBarcelona\" \/>\n<meta property=\"article:modified_time\" content=\"2025-09-10T20:15:58+00:00\" \/>\n<meta property=\"og:image\" content=\"https:\/\/saludsostenible.es\/wp-content\/uploads\/2025\/09\/ergydigest.jpg\" \/>\n\t<meta property=\"og:image:width\" content=\"600\" \/>\n\t<meta property=\"og:image:height\" content=\"600\" \/>\n\t<meta property=\"og:image:type\" content=\"image\/png\" \/>\n<meta name=\"twitter:card\" content=\"summary_large_image\" \/>\n<meta name=\"twitter:site\" content=\"@probodyone\" \/>\n<meta name=\"twitter:label1\" content=\"Estimated reading time\" \/>\n\t<meta name=\"twitter:data1\" content=\"2 minutes\" \/>\n<script type=\"application\/ld+json\" class=\"yoast-schema-graph\">{\"@context\":\"https:\\\/\\\/schema.org\",\"@graph\":[{\"@type\":\"WebPage\",\"@id\":\"https:\\\/\\\/saludsostenible.es\\\/product\\\/ergydigest\\\/\",\"url\":\"https:\\\/\\\/saludsostenible.es\\\/product\\\/ergydigest\\\/\",\"name\":\"ERGYDIGEST - Salud Sostenible by Fabrice Lef&egrave;vre Institute\",\"isPartOf\":{\"@id\":\"https:\\\/\\\/saludsostenible.es\\\/#website\"},\"primaryImageOfPage\":{\"@id\":\"https:\\\/\\\/saludsostenible.es\\\/product\\\/ergydigest\\\/#primaryimage\"},\"image\":{\"@id\":\"https:\\\/\\\/saludsostenible.es\\\/product\\\/ergydigest\\\/#primaryimage\"},\"thumbnailUrl\":\"https:\\\/\\\/saludsostenible.es\\\/wp-content\\\/uploads\\\/2025\\\/09\\\/ergydigest.jpg\",\"datePublished\":\"2025-09-10T20:15:44+00:00\",\"dateModified\":\"2025-09-10T20:15:58+00:00\",\"breadcrumb\":{\"@id\":\"https:\\\/\\\/saludsostenible.es\\\/product\\\/ergydigest\\\/#breadcrumb\"},\"inLanguage\":\"en-GB\",\"potentialAction\":[{\"@type\":\"ReadAction\",\"target\":[\"https:\\\/\\\/saludsostenible.es\\\/product\\\/ergydigest\\\/\"]}]},{\"@type\":\"ImageObject\",\"inLanguage\":\"en-GB\",\"@id\":\"https:\\\/\\\/saludsostenible.es\\\/product\\\/ergydigest\\\/#primaryimage\",\"url\":\"https:\\\/\\\/saludsostenible.es\\\/wp-content\\\/uploads\\\/2025\\\/09\\\/ergydigest.jpg\",\"contentUrl\":\"https:\\\/\\\/saludsostenible.es\\\/wp-content\\\/uploads\\\/2025\\\/09\\\/ergydigest.jpg\",\"width\":600,\"height\":600},{\"@type\":\"BreadcrumbList\",\"@id\":\"https:\\\/\\\/saludsostenible.es\\\/product\\\/ergydigest\\\/#breadcrumb\",\"itemListElement\":[{\"@type\":\"ListItem\",\"position\":1,\"name\":\"Home\",\"item\":\"https:\\\/\\\/saludsostenible.es\\\/\"},{\"@type\":\"ListItem\",\"position\":2,\"name\":\"Tienda\",\"item\":\"https:\\\/\\\/saludsostenible.es\\\/tienda\\\/\"},{\"@type\":\"ListItem\",\"position\":3,\"name\":\"ERGYDIGEST\"}]},{\"@type\":\"WebSite\",\"@id\":\"https:\\\/\\\/saludsostenible.es\\\/#website\",\"url\":\"https:\\\/\\\/saludsostenible.es\\\/\",\"name\":\"Salud Sostenible Beauty & Longevity\",\"description\":\"Plataforma de consulta online y acceso a especialistas privados: salud integrativa, beauty y longevidad. Inicia tu perfil de salud metab\u00f3lica.\",\"publisher\":{\"@id\":\"https:\\\/\\\/saludsostenible.es\\\/#organization\"},\"alternateName\":\"Salud Sostenible\",\"potentialAction\":[{\"@type\":\"SearchAction\",\"target\":{\"@type\":\"EntryPoint\",\"urlTemplate\":\"https:\\\/\\\/saludsostenible.es\\\/?s={search_term_string}\"},\"query-input\":{\"@type\":\"PropertyValueSpecification\",\"valueRequired\":true,\"valueName\":\"search_term_string\"}}],\"inLanguage\":\"en-GB\"},{\"@type\":\"Organization\",\"@id\":\"https:\\\/\\\/saludsostenible.es\\\/#organization\",\"name\":\"Salud Sostenible by Fabrice Lef\u00e8vre Institute\",\"alternateName\":\"Osteopat\u00eda en Barcelona, Madrid y Marbella\",\"url\":\"https:\\\/\\\/saludsostenible.es\\\/\",\"logo\":{\"@type\":\"ImageObject\",\"inLanguage\":\"en-GB\",\"@id\":\"https:\\\/\\\/saludsostenible.es\\\/#\\\/schema\\\/logo\\\/image\\\/\",\"url\":\"https:\\\/\\\/saludsostenible.es\\\/wp-content\\\/uploads\\\/2024\\\/08\\\/probodyone-blog.jpg\",\"contentUrl\":\"https:\\\/\\\/saludsostenible.es\\\/wp-content\\\/uploads\\\/2024\\\/08\\\/probodyone-blog.jpg\",\"width\":1600,\"height\":550,\"caption\":\"Salud Sostenible by Fabrice Lef\u00e8vre Institute\"},\"image\":{\"@id\":\"https:\\\/\\\/saludsostenible.es\\\/#\\\/schema\\\/logo\\\/image\\\/\"},\"sameAs\":[\"https:\\\/\\\/www.facebook.com\\\/ProbodyoneBarcelona\",\"https:\\\/\\\/x.com\\\/probodyone\",\"https:\\\/\\\/www.youtube.com\\\/@Probodyone\\\/videos\"]}]}<\/script>\n<!-- \/ Yoast SEO Premium plugin. -->","yoast_head_json":{"title":"ERGYDIGEST - Salud Sostenible by Fabrice Lef&egrave;vre Institute","robots":{"index":"index","follow":"follow","max-snippet":"max-snippet:-1","max-image-preview":"max-image-preview:large","max-video-preview":"max-video-preview:-1"},"canonical":"https:\/\/saludsostenible.es\/en\/product\/ergydigest\/","og_locale":"en_GB","og_type":"article","og_title":"ERGYDIGEST","og_description":"ERGYDIGEST es un complemento alimenticio l\u00edquido formulado para favorecer la digesti\u00f3n, estimular la funci\u00f3n biliar y facilitar el confort digestivo tras las comidas. Gracias a su combinaci\u00f3n de plantas digestivas, oligoelementos y minerales, ayuda en casos de digestiones pesadas, hinchaz\u00f3n, gases o dispepsia.","og_url":"https:\/\/saludsostenible.es\/en\/product\/ergydigest\/","og_site_name":"Salud Sostenible by Fabrice Lef&egrave;vre Institute","article_publisher":"https:\/\/www.facebook.com\/ProbodyoneBarcelona","article_modified_time":"2025-09-10T20:15:58+00:00","og_image":[{"width":600,"height":600,"url":"https:\/\/saludsostenible.es\/wp-content\/uploads\/2025\/09\/ergydigest.jpg","type":"image\/png"}],"twitter_card":"summary_large_image","twitter_site":"@probodyone","twitter_misc":{"Estimated reading time":"2 minutes"},"schema":{"@context":"https:\/\/schema.org","@graph":[{"@type":"WebPage","@id":"https:\/\/saludsostenible.es\/product\/ergydigest\/","url":"https:\/\/saludsostenible.es\/product\/ergydigest\/","name":"ERGYDIGEST - Salud Sostenible by Fabrice Lef&egrave;vre Institute","isPartOf":{"@id":"https:\/\/saludsostenible.es\/#website"},"primaryImageOfPage":{"@id":"https:\/\/saludsostenible.es\/product\/ergydigest\/#primaryimage"},"image":{"@id":"https:\/\/saludsostenible.es\/product\/ergydigest\/#primaryimage"},"thumbnailUrl":"https:\/\/saludsostenible.es\/wp-content\/uploads\/2025\/09\/ergydigest.jpg","datePublished":"2025-09-10T20:15:44+00:00","dateModified":"2025-09-10T20:15:58+00:00","breadcrumb":{"@id":"https:\/\/saludsostenible.es\/product\/ergydigest\/#breadcrumb"},"inLanguage":"en-GB","potentialAction":[{"@type":"ReadAction","target":["https:\/\/saludsostenible.es\/product\/ergydigest\/"]}]},{"@type":"ImageObject","inLanguage":"en-GB","@id":"https:\/\/saludsostenible.es\/product\/ergydigest\/#primaryimage","url":"https:\/\/saludsostenible.es\/wp-content\/uploads\/2025\/09\/ergydigest.jpg","contentUrl":"https:\/\/saludsostenible.es\/wp-content\/uploads\/2025\/09\/ergydigest.jpg","width":600,"height":600},{"@type":"BreadcrumbList","@id":"https:\/\/saludsostenible.es\/product\/ergydigest\/#breadcrumb","itemListElement":[{"@type":"ListItem","position":1,"name":"Home","item":"https:\/\/saludsostenible.es\/"},{"@type":"ListItem","position":2,"name":"Tienda","item":"https:\/\/saludsostenible.es\/tienda\/"},{"@type":"ListItem","position":3,"name":"ERGYDIGEST"}]},{"@type":"WebSite","@id":"https:\/\/saludsostenible.es\/#website","url":"https:\/\/saludsostenible.es\/","name":"Salud Sostenible Beauty & Longevity","description":"Plataforma de consulta online y acceso a especialistas privados: salud integrativa, beauty y longevidad. Inicia tu perfil de salud metab\u00f3lica.","publisher":{"@id":"https:\/\/saludsostenible.es\/#organization"},"alternateName":"Salud Sostenible","potentialAction":[{"@type":"SearchAction","target":{"@type":"EntryPoint","urlTemplate":"https:\/\/saludsostenible.es\/?s={search_term_string}"},"query-input":{"@type":"PropertyValueSpecification","valueRequired":true,"valueName":"search_term_string"}}],"inLanguage":"en-GB"},{"@type":"Organization","@id":"https:\/\/saludsostenible.es\/#organization","name":"Salud Sostenible by Fabrice Lef\u00e8vre Institute","alternateName":"Osteopat\u00eda en Barcelona, Madrid y Marbella","url":"https:\/\/saludsostenible.es\/","logo":{"@type":"ImageObject","inLanguage":"en-GB","@id":"https:\/\/saludsostenible.es\/#\/schema\/logo\/image\/","url":"https:\/\/saludsostenible.es\/wp-content\/uploads\/2024\/08\/probodyone-blog.jpg","contentUrl":"https:\/\/saludsostenible.es\/wp-content\/uploads\/2024\/08\/probodyone-blog.jpg","width":1600,"height":550,"caption":"Salud Sostenible by Fabrice Lef\u00e8vre Institute"},"image":{"@id":"https:\/\/saludsostenible.es\/#\/schema\/logo\/image\/"},"sameAs":["https:\/\/www.facebook.com\/ProbodyoneBarcelona","https:\/\/x.com\/probodyone","https:\/\/www.youtube.com\/@Probodyone\/videos"]}]}},"_links":{"self":[{"href":"https:\/\/saludsostenible.es\/en\/wp-json\/wp\/v2\/product\/501200","targetHints":{"allow":["GET"]}}],"collection":[{"href":"https:\/\/saludsostenible.es\/en\/wp-json\/wp\/v2\/product"}],"about":[{"href":"https:\/\/saludsostenible.es\/en\/wp-json\/wp\/v2\/types\/product"}],"wp:featuredmedia":[{"embeddable":true,"href":"https:\/\/saludsostenible.es\/en\/wp-json\/wp\/v2\/media\/501201"}],"wp:attachment":[{"href":"https:\/\/saludsostenible.es\/en\/wp-json\/wp\/v2\/media?parent=501200"}],"wp:term":[{"taxonomy":"product_brand","embeddable":true,"href":"https:\/\/saludsostenible.es\/en\/wp-json\/wp\/v2\/product_brand?post=501200"},{"taxonomy":"product_cat","embeddable":true,"href":"https:\/\/saludsostenible.es\/en\/wp-json\/wp\/v2\/product_cat?post=501200"},{"taxonomy":"product_tag","embeddable":true,"href":"https:\/\/saludsostenible.es\/en\/wp-json\/wp\/v2\/product_tag?post=501200"}],"curies":[{"name":"wp","href":"https:\/\/api.w.org\/{rel}","templated":true}]}}