{"id":501202,"date":"2025-09-10T20:15:44","date_gmt":"2025-09-10T20:15:44","guid":{"rendered":"https:\/\/saludsostenible.es\/product\/ergydren\/"},"modified":"2025-09-10T20:16:00","modified_gmt":"2025-09-10T20:16:00","slug":"ergydren","status":"publish","type":"product","link":"https:\/\/saludsostenible.es\/en\/product\/ergydren\/","title":{"rendered":"ERGYDREN"},"content":{"rendered":"<p>Indicaciones<br \/>\nComo cura de primavera (y en el momento de los cambios de estaci\u00f3n)<br \/>\nComo complemento durante el control de peso<br \/>\nPara apoyar las funciones de detoxificaci\u00f3n y eliminaci\u00f3n del organismo<br \/>\nVentajas<br \/>\nSin alcohol,\u00a0 sin edulcorante, sin az\u00facar a\u00f1adido*<br \/>\nSinergia de Plantas + Oligoelementos para una eficacia reforzada<br \/>\nAgua de mar y extracto patentado de litotamno, origen Francia.<br \/>\nDoble acci\u00f3n de drenaje y eliminaci\u00f3n.<br \/>\nSin residuos de pesticidas **<br \/>\nIngredientes<br \/>\nSoluci\u00f3n acuosa de oligoelementos (agua filtrada, agua de mar concentrada sin sodio, extracto estandarizado de litotamno \u2013\u00a0Phymatolithon calcareum Pall., gluconatos de zinc, hierro y cobre, cloruro de cromo, sulfato de manganeso, selenito y molibdato de sodio), estabilizante: glicerina vegetal; extractos de ulmaria (Spiraea ulmaria L.), alcachofa (Cynara scolymus L.), grosella (Ribes nigrum L.) y tilo (Tilia cordata Mill.), aroma natural sabor melocot\u00f3n, conservante: sorbato de potasio.<br \/>\nComposici\u00f3n (por dosis diaria &#8211; 20 ml)<br \/>\nIngrediente activo<br \/>\nCantidad aproximada por 20 ml<br \/>\nExtractos acuosos de plantas<br \/>\n&#8211; Alcachofa (Cynara scolymus)<br \/>\n700 mg<br \/>\n&#8211; Grosellero negro (Ribes nigrum)<br \/>\n700 mg<br \/>\n&#8211; Reina de los prados \/ Ulmaria (Filipendula ulmaria)<br \/>\n700 mg<br \/>\n&#8211; Pilosela (Hieracium pilosella)<br \/>\n700 mg<br \/>\nOligoelementos (en forma de gluconatos)<br \/>\n&#8211; Zinc<br \/>\n1,5 mg (15 % VRN*)<br \/>\n&#8211; Manganeso<br \/>\n0,3 mg (15 % VRN*)<br \/>\n&#8211; Cobre<br \/>\n0,15 mg (15 % VRN*)<br \/>\nOtros ingredientes<br \/>\nAgua purificada, \u00e1cido c\u00edtrico, conservantes (sorbato pot\u00e1sico, benzoato s\u00f3dico), aroma natural<br \/>\nLibre de:<br \/>\nGluten<br \/>\nLactosa<br \/>\nConservantes<br \/>\nColorantes artificiales<br \/>\nIndicaciones de uso<br \/>\n10 a 20 ml al d\u00eda diluidos en 1 vaso de agua (150 ml) o en 1 ltro de agua a beber a lo largo de todo el d\u00eda. A renovar si es necesarioUn ligero dep\u00f3sito turbio es normal, agitar bien antes de tomar..<br \/>\nPrecauciones<br \/>\nReservado su uso para adultos ( ulmaria)<br \/>\nSe recomienda consultar con un profesional de la salud para las mujeres embarazadas o en periodo de lactancia, y en caso de toma simultanea de anticoagulantes (ulmaria)<br \/>\nDesaconsejado para las personas que sufren alergia a los derivados de los salicilatos y en caso de obstrucci\u00f3n de las v\u00edas biliares(alcachofa).<br \/>\nNo superar las dosis diarias recomendadas<br \/>\nERGYFEM CYCLE<\/p>","protected":false},"excerpt":{"rendered":"<p>ERGYDREN es un complemento alimenticio l\u00edquido formulado a base de plantas y oligoelementos, especialmente dise\u00f1ado para favorecer el drenaje y la eliminaci\u00f3n de toxinas, ayudando a depurar el organismo, mejorar la circulaci\u00f3n y reducir la retenci\u00f3n de l\u00edquidos. Es ideal para programas de depuraci\u00f3n general o como apoyo en dietas de control de peso.<\/p>","protected":false},"featured_media":501203,"template":"","meta":[],"product_brand":[185],"product_cat":[256,279,186,262],"product_tag":[],"class_list":{"0":"post-501202","1":"product","2":"type-product","3":"status-publish","4":"has-post-thumbnail","6":"product_brand-laboratorio-nutergia","7":"product_cat-detox-drenaje","8":"product_cat-equilibrio-peso-adelgazamiento","9":"product_cat-laboratorio-nutergia","10":"product_cat-suplementos-micronutricionales","12":"first","13":"instock","14":"purchasable","15":"product-type-simple"},"yoast_head":"<!-- This site is optimized with the Yoast SEO Premium plugin v22.9 (Yoast SEO v27.6) - https:\/\/yoast.com\/product\/yoast-seo-premium-wordpress\/ -->\n<title>ERGYDREN - Salud Sostenible by Fabrice Lef&egrave;vre Institute<\/title>\n<meta name=\"robots\" content=\"index, follow, max-snippet:-1, max-image-preview:large, max-video-preview:-1\" \/>\n<link rel=\"canonical\" href=\"https:\/\/saludsostenible.es\/en\/product\/ergydren\/\" \/>\n<meta property=\"og:locale\" content=\"en_GB\" \/>\n<meta property=\"og:type\" content=\"article\" \/>\n<meta property=\"og:title\" content=\"ERGYDREN\" \/>\n<meta property=\"og:description\" content=\"ERGYDREN es un complemento alimenticio l\u00edquido formulado a base de plantas y oligoelementos, especialmente dise\u00f1ado para favorecer el drenaje y la eliminaci\u00f3n de toxinas, ayudando a depurar el organismo, mejorar la circulaci\u00f3n y reducir la retenci\u00f3n de l\u00edquidos. Es ideal para programas de depuraci\u00f3n general o como apoyo en dietas de control de peso.\" \/>\n<meta property=\"og:url\" content=\"https:\/\/saludsostenible.es\/en\/product\/ergydren\/\" \/>\n<meta property=\"og:site_name\" content=\"Salud Sostenible by Fabrice Lef&egrave;vre Institute\" \/>\n<meta property=\"article:publisher\" content=\"https:\/\/www.facebook.com\/ProbodyoneBarcelona\" \/>\n<meta property=\"article:modified_time\" content=\"2025-09-10T20:16:00+00:00\" \/>\n<meta property=\"og:image\" content=\"https:\/\/saludsostenible.es\/wp-content\/uploads\/2025\/09\/ergydren.jpg\" \/>\n\t<meta property=\"og:image:width\" content=\"600\" \/>\n\t<meta property=\"og:image:height\" content=\"600\" \/>\n\t<meta property=\"og:image:type\" content=\"image\/png\" \/>\n<meta name=\"twitter:card\" content=\"summary_large_image\" \/>\n<meta name=\"twitter:site\" content=\"@probodyone\" \/>\n<meta name=\"twitter:label1\" content=\"Estimated reading time\" \/>\n\t<meta name=\"twitter:data1\" content=\"2 minutes\" \/>\n<script type=\"application\/ld+json\" class=\"yoast-schema-graph\">{\"@context\":\"https:\\\/\\\/schema.org\",\"@graph\":[{\"@type\":\"WebPage\",\"@id\":\"https:\\\/\\\/saludsostenible.es\\\/product\\\/ergydren\\\/\",\"url\":\"https:\\\/\\\/saludsostenible.es\\\/product\\\/ergydren\\\/\",\"name\":\"ERGYDREN - Salud Sostenible by Fabrice Lef&egrave;vre Institute\",\"isPartOf\":{\"@id\":\"https:\\\/\\\/saludsostenible.es\\\/#website\"},\"primaryImageOfPage\":{\"@id\":\"https:\\\/\\\/saludsostenible.es\\\/product\\\/ergydren\\\/#primaryimage\"},\"image\":{\"@id\":\"https:\\\/\\\/saludsostenible.es\\\/product\\\/ergydren\\\/#primaryimage\"},\"thumbnailUrl\":\"https:\\\/\\\/saludsostenible.es\\\/wp-content\\\/uploads\\\/2025\\\/09\\\/ergydren.jpg\",\"datePublished\":\"2025-09-10T20:15:44+00:00\",\"dateModified\":\"2025-09-10T20:16:00+00:00\",\"breadcrumb\":{\"@id\":\"https:\\\/\\\/saludsostenible.es\\\/product\\\/ergydren\\\/#breadcrumb\"},\"inLanguage\":\"en-GB\",\"potentialAction\":[{\"@type\":\"ReadAction\",\"target\":[\"https:\\\/\\\/saludsostenible.es\\\/product\\\/ergydren\\\/\"]}]},{\"@type\":\"ImageObject\",\"inLanguage\":\"en-GB\",\"@id\":\"https:\\\/\\\/saludsostenible.es\\\/product\\\/ergydren\\\/#primaryimage\",\"url\":\"https:\\\/\\\/saludsostenible.es\\\/wp-content\\\/uploads\\\/2025\\\/09\\\/ergydren.jpg\",\"contentUrl\":\"https:\\\/\\\/saludsostenible.es\\\/wp-content\\\/uploads\\\/2025\\\/09\\\/ergydren.jpg\",\"width\":600,\"height\":600},{\"@type\":\"BreadcrumbList\",\"@id\":\"https:\\\/\\\/saludsostenible.es\\\/product\\\/ergydren\\\/#breadcrumb\",\"itemListElement\":[{\"@type\":\"ListItem\",\"position\":1,\"name\":\"Home\",\"item\":\"https:\\\/\\\/saludsostenible.es\\\/\"},{\"@type\":\"ListItem\",\"position\":2,\"name\":\"Tienda\",\"item\":\"https:\\\/\\\/saludsostenible.es\\\/tienda\\\/\"},{\"@type\":\"ListItem\",\"position\":3,\"name\":\"ERGYDREN\"}]},{\"@type\":\"WebSite\",\"@id\":\"https:\\\/\\\/saludsostenible.es\\\/#website\",\"url\":\"https:\\\/\\\/saludsostenible.es\\\/\",\"name\":\"Salud Sostenible Beauty & Longevity\",\"description\":\"Plataforma de consulta online y acceso a especialistas privados: salud integrativa, beauty y longevidad. Inicia tu perfil de salud metab\u00f3lica.\",\"publisher\":{\"@id\":\"https:\\\/\\\/saludsostenible.es\\\/#organization\"},\"alternateName\":\"Salud Sostenible\",\"potentialAction\":[{\"@type\":\"SearchAction\",\"target\":{\"@type\":\"EntryPoint\",\"urlTemplate\":\"https:\\\/\\\/saludsostenible.es\\\/?s={search_term_string}\"},\"query-input\":{\"@type\":\"PropertyValueSpecification\",\"valueRequired\":true,\"valueName\":\"search_term_string\"}}],\"inLanguage\":\"en-GB\"},{\"@type\":\"Organization\",\"@id\":\"https:\\\/\\\/saludsostenible.es\\\/#organization\",\"name\":\"Salud Sostenible by Fabrice Lef\u00e8vre Institute\",\"alternateName\":\"Osteopat\u00eda en Barcelona, Madrid y Marbella\",\"url\":\"https:\\\/\\\/saludsostenible.es\\\/\",\"logo\":{\"@type\":\"ImageObject\",\"inLanguage\":\"en-GB\",\"@id\":\"https:\\\/\\\/saludsostenible.es\\\/#\\\/schema\\\/logo\\\/image\\\/\",\"url\":\"https:\\\/\\\/saludsostenible.es\\\/wp-content\\\/uploads\\\/2024\\\/08\\\/probodyone-blog.jpg\",\"contentUrl\":\"https:\\\/\\\/saludsostenible.es\\\/wp-content\\\/uploads\\\/2024\\\/08\\\/probodyone-blog.jpg\",\"width\":1600,\"height\":550,\"caption\":\"Salud Sostenible by Fabrice Lef\u00e8vre Institute\"},\"image\":{\"@id\":\"https:\\\/\\\/saludsostenible.es\\\/#\\\/schema\\\/logo\\\/image\\\/\"},\"sameAs\":[\"https:\\\/\\\/www.facebook.com\\\/ProbodyoneBarcelona\",\"https:\\\/\\\/x.com\\\/probodyone\",\"https:\\\/\\\/www.youtube.com\\\/@Probodyone\\\/videos\"]}]}<\/script>\n<!-- \/ Yoast SEO Premium plugin. -->","yoast_head_json":{"title":"ERGYDREN - Salud Sostenible by Fabrice Lef&egrave;vre Institute","robots":{"index":"index","follow":"follow","max-snippet":"max-snippet:-1","max-image-preview":"max-image-preview:large","max-video-preview":"max-video-preview:-1"},"canonical":"https:\/\/saludsostenible.es\/en\/product\/ergydren\/","og_locale":"en_GB","og_type":"article","og_title":"ERGYDREN","og_description":"ERGYDREN es un complemento alimenticio l\u00edquido formulado a base de plantas y oligoelementos, especialmente dise\u00f1ado para favorecer el drenaje y la eliminaci\u00f3n de toxinas, ayudando a depurar el organismo, mejorar la circulaci\u00f3n y reducir la retenci\u00f3n de l\u00edquidos. Es ideal para programas de depuraci\u00f3n general o como apoyo en dietas de control de peso.","og_url":"https:\/\/saludsostenible.es\/en\/product\/ergydren\/","og_site_name":"Salud Sostenible by Fabrice Lef&egrave;vre Institute","article_publisher":"https:\/\/www.facebook.com\/ProbodyoneBarcelona","article_modified_time":"2025-09-10T20:16:00+00:00","og_image":[{"width":600,"height":600,"url":"https:\/\/saludsostenible.es\/wp-content\/uploads\/2025\/09\/ergydren.jpg","type":"image\/png"}],"twitter_card":"summary_large_image","twitter_site":"@probodyone","twitter_misc":{"Estimated reading time":"2 minutes"},"schema":{"@context":"https:\/\/schema.org","@graph":[{"@type":"WebPage","@id":"https:\/\/saludsostenible.es\/product\/ergydren\/","url":"https:\/\/saludsostenible.es\/product\/ergydren\/","name":"ERGYDREN - Salud Sostenible by Fabrice Lef&egrave;vre Institute","isPartOf":{"@id":"https:\/\/saludsostenible.es\/#website"},"primaryImageOfPage":{"@id":"https:\/\/saludsostenible.es\/product\/ergydren\/#primaryimage"},"image":{"@id":"https:\/\/saludsostenible.es\/product\/ergydren\/#primaryimage"},"thumbnailUrl":"https:\/\/saludsostenible.es\/wp-content\/uploads\/2025\/09\/ergydren.jpg","datePublished":"2025-09-10T20:15:44+00:00","dateModified":"2025-09-10T20:16:00+00:00","breadcrumb":{"@id":"https:\/\/saludsostenible.es\/product\/ergydren\/#breadcrumb"},"inLanguage":"en-GB","potentialAction":[{"@type":"ReadAction","target":["https:\/\/saludsostenible.es\/product\/ergydren\/"]}]},{"@type":"ImageObject","inLanguage":"en-GB","@id":"https:\/\/saludsostenible.es\/product\/ergydren\/#primaryimage","url":"https:\/\/saludsostenible.es\/wp-content\/uploads\/2025\/09\/ergydren.jpg","contentUrl":"https:\/\/saludsostenible.es\/wp-content\/uploads\/2025\/09\/ergydren.jpg","width":600,"height":600},{"@type":"BreadcrumbList","@id":"https:\/\/saludsostenible.es\/product\/ergydren\/#breadcrumb","itemListElement":[{"@type":"ListItem","position":1,"name":"Home","item":"https:\/\/saludsostenible.es\/"},{"@type":"ListItem","position":2,"name":"Tienda","item":"https:\/\/saludsostenible.es\/tienda\/"},{"@type":"ListItem","position":3,"name":"ERGYDREN"}]},{"@type":"WebSite","@id":"https:\/\/saludsostenible.es\/#website","url":"https:\/\/saludsostenible.es\/","name":"Salud Sostenible Beauty & Longevity","description":"Plataforma de consulta online y acceso a especialistas privados: salud integrativa, beauty y longevidad. Inicia tu perfil de salud metab\u00f3lica.","publisher":{"@id":"https:\/\/saludsostenible.es\/#organization"},"alternateName":"Salud Sostenible","potentialAction":[{"@type":"SearchAction","target":{"@type":"EntryPoint","urlTemplate":"https:\/\/saludsostenible.es\/?s={search_term_string}"},"query-input":{"@type":"PropertyValueSpecification","valueRequired":true,"valueName":"search_term_string"}}],"inLanguage":"en-GB"},{"@type":"Organization","@id":"https:\/\/saludsostenible.es\/#organization","name":"Salud Sostenible by Fabrice Lef\u00e8vre Institute","alternateName":"Osteopat\u00eda en Barcelona, Madrid y Marbella","url":"https:\/\/saludsostenible.es\/","logo":{"@type":"ImageObject","inLanguage":"en-GB","@id":"https:\/\/saludsostenible.es\/#\/schema\/logo\/image\/","url":"https:\/\/saludsostenible.es\/wp-content\/uploads\/2024\/08\/probodyone-blog.jpg","contentUrl":"https:\/\/saludsostenible.es\/wp-content\/uploads\/2024\/08\/probodyone-blog.jpg","width":1600,"height":550,"caption":"Salud Sostenible by Fabrice Lef\u00e8vre Institute"},"image":{"@id":"https:\/\/saludsostenible.es\/#\/schema\/logo\/image\/"},"sameAs":["https:\/\/www.facebook.com\/ProbodyoneBarcelona","https:\/\/x.com\/probodyone","https:\/\/www.youtube.com\/@Probodyone\/videos"]}]}},"_links":{"self":[{"href":"https:\/\/saludsostenible.es\/en\/wp-json\/wp\/v2\/product\/501202","targetHints":{"allow":["GET"]}}],"collection":[{"href":"https:\/\/saludsostenible.es\/en\/wp-json\/wp\/v2\/product"}],"about":[{"href":"https:\/\/saludsostenible.es\/en\/wp-json\/wp\/v2\/types\/product"}],"wp:featuredmedia":[{"embeddable":true,"href":"https:\/\/saludsostenible.es\/en\/wp-json\/wp\/v2\/media\/501203"}],"wp:attachment":[{"href":"https:\/\/saludsostenible.es\/en\/wp-json\/wp\/v2\/media?parent=501202"}],"wp:term":[{"taxonomy":"product_brand","embeddable":true,"href":"https:\/\/saludsostenible.es\/en\/wp-json\/wp\/v2\/product_brand?post=501202"},{"taxonomy":"product_cat","embeddable":true,"href":"https:\/\/saludsostenible.es\/en\/wp-json\/wp\/v2\/product_cat?post=501202"},{"taxonomy":"product_tag","embeddable":true,"href":"https:\/\/saludsostenible.es\/en\/wp-json\/wp\/v2\/product_tag?post=501202"}],"curies":[{"name":"wp","href":"https:\/\/api.w.org\/{rel}","templated":true}]}}