{"id":501208,"date":"2025-09-10T20:15:44","date_gmt":"2025-09-10T20:15:44","guid":{"rendered":"https:\/\/saludsostenible.es\/product\/vectidorm\/"},"modified":"2025-09-10T20:16:02","modified_gmt":"2025-09-10T20:16:02","slug":"vectidorm","status":"publish","type":"product","link":"https:\/\/saludsostenible.es\/en\/product\/vectidorm\/","title":{"rendered":"VECTIDORM"},"content":{"rendered":"<p>Indicaciones<br \/>\nPara favorecer el sue\u00f1o, en caso de trastornos c\u00edclicos del mismo (dormirse tarde o despertarse muy pronto) y\/o en caso de despertarse varias veces durante la noche.<br \/>\nAlivio de los efectos del jet-lag<br \/>\nIngredientes<br \/>\nMagnesio marino (\u00f3xido de magnesio), estabilizante: goma acacia; hidr\u00f3xido de magnesio, polvo de jugo de cereza (Prunus cerasus L.) estandarizado en melatonina, extractos de pasiflora (Passiflora incarnata L.) y eschscholtzia (Eschscholzia californica Cham.), agente antiaglomerante: fosfato dic\u00e1lcico; vitaminas B5 (D-pantotenato de calcio), B6 (clorhidrato de piridoxina), B9 (\u00e1cido pteroilmonoglut\u00e1mico) y B12 (cianocobalamina). C\u00e1psula: gelatina de pescado, colorante: \u00f3xido de hierro.Origen extractos: UE.<br \/>\nComposici\u00f3n (por dosis diaria &#8211; 1 c\u00e1psula)<br \/>\nIngrediente activo<br \/>\nCantidad por 2 c\u00e1psulas<br \/>\nExtractos de plantas<br \/>\n&#8211; Valeriana (Valeriana officinalis)<br \/>\n200 mg<br \/>\n&#8211; Amapola de California (Eschscholzia californica)<br \/>\n200 mg<br \/>\n&#8211; Pasiflora (Passiflora incarnata)<br \/>\n100 mg<br \/>\n&#8211; Melisa (Melissa officinalis)<br \/>\n100 mg<br \/>\nAmino\u00e1cido<br \/>\n&#8211; L-tript\u00f3fano<br \/>\n220 mg<br \/>\nVitaminas y minerales<br \/>\n&#8211; Vitamina B6<br \/>\n1,4 mg (100 % VRN*)<br \/>\n&#8211; Magnesio<br \/>\n56,25 mg (15 % VRN*)<br \/>\nOtros ingredientes<br \/>\nC\u00e1psula vegetal (hidroxipropilmetilcelulosa), antiaglomerantes (estearato de magnesio, di\u00f3xido de silicio)<br \/>\nLibre de:<br \/>\nGluten<br \/>\nLactosa<br \/>\nConservantes<br \/>\nColorantes artificiales<br \/>\nIndicaciones de uso<br \/>\n2 c\u00e1psulas al d\u00eda antes de acostarse ( no crea h\u00e1bitos)<br \/>\nPrecauciones<br \/>\nDesaconsejado para mujeres embarazadas o lactantes, ni\u00f1os y adolescentes, y personas con enfermedades inflamatorias o autoinmunes (melatonina).Consultar con un profesional de la salud para personas epil\u00e9pticas, asm\u00e1ticas, con trastornos del estado de \u00e1nimo, de la personalidad o del comportamiento, y bajo tratamiento farmacol\u00f3gico (melatonina). La toma debe ser puntual. Riesgo de somnolencia.<br \/>\nEl efecto beneficioso se obtiene por el consumo de 1 mg de melatonina antes de acostarse.<br \/>\nMantener fuera del alcance de los ni\u00f1os, a menos de 25\u00b0C y alejado de la humedad.<br \/>\nVECTIPUR<\/p>","protected":false},"excerpt":{"rendered":"<p>VECTIDORM es un complemento alimenticio formulado para favorecer el sue\u00f1o natural y de calidad. Su combinaci\u00f3n de melatonina, plantas relajantes, magnesio y vitaminas B ayuda a conciliar el sue\u00f1o m\u00e1s r\u00e1pidamente, mejora la calidad del descanso y contribuye al equilibrio nervioso, sin provocar somnolencia residual al despertar.<\/p>","protected":false},"featured_media":501209,"template":"","meta":[],"product_brand":[185],"product_cat":[250,186,262],"product_tag":[],"class_list":{"0":"post-501208","1":"product","2":"type-product","3":"status-publish","4":"has-post-thumbnail","6":"product_brand-laboratorio-nutergia","7":"product_cat-estres-sueno-equilibrio-mental","8":"product_cat-laboratorio-nutergia","9":"product_cat-suplementos-micronutricionales","11":"first","12":"instock","13":"purchasable","14":"product-type-simple"},"yoast_head":"<!-- This site is optimized with the Yoast SEO Premium plugin v22.9 (Yoast SEO v27.6) - https:\/\/yoast.com\/product\/yoast-seo-premium-wordpress\/ -->\n<title>VECTIDORM - Salud Sostenible by Fabrice Lef&egrave;vre Institute<\/title>\n<meta name=\"robots\" content=\"index, follow, max-snippet:-1, max-image-preview:large, max-video-preview:-1\" \/>\n<link rel=\"canonical\" href=\"https:\/\/saludsostenible.es\/en\/product\/vectidorm\/\" \/>\n<meta property=\"og:locale\" content=\"en_GB\" \/>\n<meta property=\"og:type\" content=\"article\" \/>\n<meta property=\"og:title\" content=\"VECTIDORM\" \/>\n<meta property=\"og:description\" content=\"VECTIDORM es un complemento alimenticio formulado para favorecer el sue\u00f1o natural y de calidad. Su combinaci\u00f3n de melatonina, plantas relajantes, magnesio y vitaminas B ayuda a conciliar el sue\u00f1o m\u00e1s r\u00e1pidamente, mejora la calidad del descanso y contribuye al equilibrio nervioso, sin provocar somnolencia residual al despertar.\" \/>\n<meta property=\"og:url\" content=\"https:\/\/saludsostenible.es\/en\/product\/vectidorm\/\" \/>\n<meta property=\"og:site_name\" content=\"Salud Sostenible by Fabrice Lef&egrave;vre Institute\" \/>\n<meta property=\"article:publisher\" content=\"https:\/\/www.facebook.com\/ProbodyoneBarcelona\" \/>\n<meta property=\"article:modified_time\" content=\"2025-09-10T20:16:02+00:00\" \/>\n<meta property=\"og:image\" content=\"https:\/\/saludsostenible.es\/wp-content\/uploads\/2025\/09\/vectidorm.jpg\" \/>\n\t<meta property=\"og:image:width\" content=\"600\" \/>\n\t<meta property=\"og:image:height\" content=\"600\" \/>\n\t<meta property=\"og:image:type\" content=\"image\/png\" \/>\n<meta name=\"twitter:card\" content=\"summary_large_image\" \/>\n<meta name=\"twitter:site\" content=\"@probodyone\" \/>\n<meta name=\"twitter:label1\" content=\"Estimated reading time\" \/>\n\t<meta name=\"twitter:data1\" content=\"1 minute\" \/>\n<script type=\"application\/ld+json\" class=\"yoast-schema-graph\">{\"@context\":\"https:\\\/\\\/schema.org\",\"@graph\":[{\"@type\":\"WebPage\",\"@id\":\"https:\\\/\\\/saludsostenible.es\\\/product\\\/vectidorm\\\/\",\"url\":\"https:\\\/\\\/saludsostenible.es\\\/product\\\/vectidorm\\\/\",\"name\":\"VECTIDORM - Salud Sostenible by Fabrice Lef&egrave;vre Institute\",\"isPartOf\":{\"@id\":\"https:\\\/\\\/saludsostenible.es\\\/#website\"},\"primaryImageOfPage\":{\"@id\":\"https:\\\/\\\/saludsostenible.es\\\/product\\\/vectidorm\\\/#primaryimage\"},\"image\":{\"@id\":\"https:\\\/\\\/saludsostenible.es\\\/product\\\/vectidorm\\\/#primaryimage\"},\"thumbnailUrl\":\"https:\\\/\\\/saludsostenible.es\\\/wp-content\\\/uploads\\\/2025\\\/09\\\/vectidorm.jpg\",\"datePublished\":\"2025-09-10T20:15:44+00:00\",\"dateModified\":\"2025-09-10T20:16:02+00:00\",\"breadcrumb\":{\"@id\":\"https:\\\/\\\/saludsostenible.es\\\/product\\\/vectidorm\\\/#breadcrumb\"},\"inLanguage\":\"en-GB\",\"potentialAction\":[{\"@type\":\"ReadAction\",\"target\":[\"https:\\\/\\\/saludsostenible.es\\\/product\\\/vectidorm\\\/\"]}]},{\"@type\":\"ImageObject\",\"inLanguage\":\"en-GB\",\"@id\":\"https:\\\/\\\/saludsostenible.es\\\/product\\\/vectidorm\\\/#primaryimage\",\"url\":\"https:\\\/\\\/saludsostenible.es\\\/wp-content\\\/uploads\\\/2025\\\/09\\\/vectidorm.jpg\",\"contentUrl\":\"https:\\\/\\\/saludsostenible.es\\\/wp-content\\\/uploads\\\/2025\\\/09\\\/vectidorm.jpg\",\"width\":600,\"height\":600},{\"@type\":\"BreadcrumbList\",\"@id\":\"https:\\\/\\\/saludsostenible.es\\\/product\\\/vectidorm\\\/#breadcrumb\",\"itemListElement\":[{\"@type\":\"ListItem\",\"position\":1,\"name\":\"Home\",\"item\":\"https:\\\/\\\/saludsostenible.es\\\/\"},{\"@type\":\"ListItem\",\"position\":2,\"name\":\"Tienda\",\"item\":\"https:\\\/\\\/saludsostenible.es\\\/tienda\\\/\"},{\"@type\":\"ListItem\",\"position\":3,\"name\":\"VECTIDORM\"}]},{\"@type\":\"WebSite\",\"@id\":\"https:\\\/\\\/saludsostenible.es\\\/#website\",\"url\":\"https:\\\/\\\/saludsostenible.es\\\/\",\"name\":\"Salud Sostenible Beauty & Longevity\",\"description\":\"Plataforma de consulta online y acceso a especialistas privados: salud integrativa, beauty y longevidad. Inicia tu perfil de salud metab\u00f3lica.\",\"publisher\":{\"@id\":\"https:\\\/\\\/saludsostenible.es\\\/#organization\"},\"alternateName\":\"Salud Sostenible\",\"potentialAction\":[{\"@type\":\"SearchAction\",\"target\":{\"@type\":\"EntryPoint\",\"urlTemplate\":\"https:\\\/\\\/saludsostenible.es\\\/?s={search_term_string}\"},\"query-input\":{\"@type\":\"PropertyValueSpecification\",\"valueRequired\":true,\"valueName\":\"search_term_string\"}}],\"inLanguage\":\"en-GB\"},{\"@type\":\"Organization\",\"@id\":\"https:\\\/\\\/saludsostenible.es\\\/#organization\",\"name\":\"Salud Sostenible by Fabrice Lef\u00e8vre Institute\",\"alternateName\":\"Osteopat\u00eda en Barcelona, Madrid y Marbella\",\"url\":\"https:\\\/\\\/saludsostenible.es\\\/\",\"logo\":{\"@type\":\"ImageObject\",\"inLanguage\":\"en-GB\",\"@id\":\"https:\\\/\\\/saludsostenible.es\\\/#\\\/schema\\\/logo\\\/image\\\/\",\"url\":\"https:\\\/\\\/saludsostenible.es\\\/wp-content\\\/uploads\\\/2024\\\/08\\\/probodyone-blog.jpg\",\"contentUrl\":\"https:\\\/\\\/saludsostenible.es\\\/wp-content\\\/uploads\\\/2024\\\/08\\\/probodyone-blog.jpg\",\"width\":1600,\"height\":550,\"caption\":\"Salud Sostenible by Fabrice Lef\u00e8vre Institute\"},\"image\":{\"@id\":\"https:\\\/\\\/saludsostenible.es\\\/#\\\/schema\\\/logo\\\/image\\\/\"},\"sameAs\":[\"https:\\\/\\\/www.facebook.com\\\/ProbodyoneBarcelona\",\"https:\\\/\\\/x.com\\\/probodyone\",\"https:\\\/\\\/www.youtube.com\\\/@Probodyone\\\/videos\"]}]}<\/script>\n<!-- \/ Yoast SEO Premium plugin. -->","yoast_head_json":{"title":"VECTIDORM - Salud Sostenible by Fabrice Lef&egrave;vre Institute","robots":{"index":"index","follow":"follow","max-snippet":"max-snippet:-1","max-image-preview":"max-image-preview:large","max-video-preview":"max-video-preview:-1"},"canonical":"https:\/\/saludsostenible.es\/en\/product\/vectidorm\/","og_locale":"en_GB","og_type":"article","og_title":"VECTIDORM","og_description":"VECTIDORM es un complemento alimenticio formulado para favorecer el sue\u00f1o natural y de calidad. Su combinaci\u00f3n de melatonina, plantas relajantes, magnesio y vitaminas B ayuda a conciliar el sue\u00f1o m\u00e1s r\u00e1pidamente, mejora la calidad del descanso y contribuye al equilibrio nervioso, sin provocar somnolencia residual al despertar.","og_url":"https:\/\/saludsostenible.es\/en\/product\/vectidorm\/","og_site_name":"Salud Sostenible by Fabrice Lef&egrave;vre Institute","article_publisher":"https:\/\/www.facebook.com\/ProbodyoneBarcelona","article_modified_time":"2025-09-10T20:16:02+00:00","og_image":[{"width":600,"height":600,"url":"https:\/\/saludsostenible.es\/wp-content\/uploads\/2025\/09\/vectidorm.jpg","type":"image\/png"}],"twitter_card":"summary_large_image","twitter_site":"@probodyone","twitter_misc":{"Estimated reading time":"1 minute"},"schema":{"@context":"https:\/\/schema.org","@graph":[{"@type":"WebPage","@id":"https:\/\/saludsostenible.es\/product\/vectidorm\/","url":"https:\/\/saludsostenible.es\/product\/vectidorm\/","name":"VECTIDORM - Salud Sostenible by Fabrice Lef&egrave;vre Institute","isPartOf":{"@id":"https:\/\/saludsostenible.es\/#website"},"primaryImageOfPage":{"@id":"https:\/\/saludsostenible.es\/product\/vectidorm\/#primaryimage"},"image":{"@id":"https:\/\/saludsostenible.es\/product\/vectidorm\/#primaryimage"},"thumbnailUrl":"https:\/\/saludsostenible.es\/wp-content\/uploads\/2025\/09\/vectidorm.jpg","datePublished":"2025-09-10T20:15:44+00:00","dateModified":"2025-09-10T20:16:02+00:00","breadcrumb":{"@id":"https:\/\/saludsostenible.es\/product\/vectidorm\/#breadcrumb"},"inLanguage":"en-GB","potentialAction":[{"@type":"ReadAction","target":["https:\/\/saludsostenible.es\/product\/vectidorm\/"]}]},{"@type":"ImageObject","inLanguage":"en-GB","@id":"https:\/\/saludsostenible.es\/product\/vectidorm\/#primaryimage","url":"https:\/\/saludsostenible.es\/wp-content\/uploads\/2025\/09\/vectidorm.jpg","contentUrl":"https:\/\/saludsostenible.es\/wp-content\/uploads\/2025\/09\/vectidorm.jpg","width":600,"height":600},{"@type":"BreadcrumbList","@id":"https:\/\/saludsostenible.es\/product\/vectidorm\/#breadcrumb","itemListElement":[{"@type":"ListItem","position":1,"name":"Home","item":"https:\/\/saludsostenible.es\/"},{"@type":"ListItem","position":2,"name":"Tienda","item":"https:\/\/saludsostenible.es\/tienda\/"},{"@type":"ListItem","position":3,"name":"VECTIDORM"}]},{"@type":"WebSite","@id":"https:\/\/saludsostenible.es\/#website","url":"https:\/\/saludsostenible.es\/","name":"Salud Sostenible Beauty & Longevity","description":"Plataforma de consulta online y acceso a especialistas privados: salud integrativa, beauty y longevidad. Inicia tu perfil de salud metab\u00f3lica.","publisher":{"@id":"https:\/\/saludsostenible.es\/#organization"},"alternateName":"Salud Sostenible","potentialAction":[{"@type":"SearchAction","target":{"@type":"EntryPoint","urlTemplate":"https:\/\/saludsostenible.es\/?s={search_term_string}"},"query-input":{"@type":"PropertyValueSpecification","valueRequired":true,"valueName":"search_term_string"}}],"inLanguage":"en-GB"},{"@type":"Organization","@id":"https:\/\/saludsostenible.es\/#organization","name":"Salud Sostenible by Fabrice Lef\u00e8vre Institute","alternateName":"Osteopat\u00eda en Barcelona, Madrid y Marbella","url":"https:\/\/saludsostenible.es\/","logo":{"@type":"ImageObject","inLanguage":"en-GB","@id":"https:\/\/saludsostenible.es\/#\/schema\/logo\/image\/","url":"https:\/\/saludsostenible.es\/wp-content\/uploads\/2024\/08\/probodyone-blog.jpg","contentUrl":"https:\/\/saludsostenible.es\/wp-content\/uploads\/2024\/08\/probodyone-blog.jpg","width":1600,"height":550,"caption":"Salud Sostenible by Fabrice Lef\u00e8vre Institute"},"image":{"@id":"https:\/\/saludsostenible.es\/#\/schema\/logo\/image\/"},"sameAs":["https:\/\/www.facebook.com\/ProbodyoneBarcelona","https:\/\/x.com\/probodyone","https:\/\/www.youtube.com\/@Probodyone\/videos"]}]}},"_links":{"self":[{"href":"https:\/\/saludsostenible.es\/en\/wp-json\/wp\/v2\/product\/501208","targetHints":{"allow":["GET"]}}],"collection":[{"href":"https:\/\/saludsostenible.es\/en\/wp-json\/wp\/v2\/product"}],"about":[{"href":"https:\/\/saludsostenible.es\/en\/wp-json\/wp\/v2\/types\/product"}],"wp:featuredmedia":[{"embeddable":true,"href":"https:\/\/saludsostenible.es\/en\/wp-json\/wp\/v2\/media\/501209"}],"wp:attachment":[{"href":"https:\/\/saludsostenible.es\/en\/wp-json\/wp\/v2\/media?parent=501208"}],"wp:term":[{"taxonomy":"product_brand","embeddable":true,"href":"https:\/\/saludsostenible.es\/en\/wp-json\/wp\/v2\/product_brand?post=501208"},{"taxonomy":"product_cat","embeddable":true,"href":"https:\/\/saludsostenible.es\/en\/wp-json\/wp\/v2\/product_cat?post=501208"},{"taxonomy":"product_tag","embeddable":true,"href":"https:\/\/saludsostenible.es\/en\/wp-json\/wp\/v2\/product_tag?post=501208"}],"curies":[{"name":"wp","href":"https:\/\/api.w.org\/{rel}","templated":true}]}}