{"id":501210,"date":"2025-09-10T20:15:44","date_gmt":"2025-09-10T20:15:44","guid":{"rendered":"https:\/\/saludsostenible.es\/product\/vectipur\/"},"modified":"2025-09-10T20:16:03","modified_gmt":"2025-09-10T20:16:03","slug":"vectipur","status":"publish","type":"product","link":"https:\/\/saludsostenible.es\/en\/product\/vectipur\/","title":{"rendered":"VECTIPUR"},"content":{"rendered":"<p>Indicaciones<br \/>\nPara regular los niveles de l\u00edpidos en sangre.<br \/>\nMetabolismo normal de la homociste\u00edna.<br \/>\nIngredientes<br \/>\nL-arginina, tartrato de L-carnitina, extracto de canela de Ceil\u00e1n (Cinnamomum zeylanicum Blume), L-metionina, coenzima Q10, antiaglomerantes: acidos grasos, sales de magnesio de acidos grasos; vitaminas E (succinado \u00e1cido de D-alfa-tocoferilo), B6 (clorhidrato de piridoxina), B9 (\u00e1cido pteroilmonoglutamico) y B12 (cianocobalamina), cloruro de cromo. C\u00e1psula: gelatina de pescado, colorante: \u00f3xido de hierro. Origen extracto: Francia<br \/>\nComposici\u00f3n (por dosis diaria &#8211; 2 c\u00e1psulas)<br \/>\nIngrediente<br \/>\nCantidad por 3 c\u00e1psulas<br \/>\n% VRN*<br \/>\nExtracto de canela de Ceil\u00e1n<br \/>\n240\u202fmg<br \/>\n\u2014<br \/>\nLarginina<br \/>\n405\u202fmg<br \/>\n\u2014<br \/>\nLcarnitina (tartrato)<br \/>\n240\u202fmg<br \/>\n\u2014<br \/>\nLmetionina<br \/>\n210\u202fmg<br \/>\n\u2014<br \/>\nCoenzima\u202fQ10<br \/>\n105\u202fmg<br \/>\n\u2014<br \/>\nCromo (cloruro)<br \/>\n25\u202f\u00b5g<br \/>\n62\u202f%<br \/>\nVitamina\u202fB6 (clorhidrato de piridoxina)<br \/>\n2\u202fmg<br \/>\n143\u202f%<br \/>\nVitamina\u202fB9 (\u00e1cido pteroilmonoglut\u00e1mico)<br \/>\n200\u202f\u00b5g<br \/>\n100\u202f%<br \/>\nVitamina\u202fB12 (cianocobalamina)<br \/>\n1\u202f\u00b5g<br \/>\n40\u202f%<br \/>\nVitamina\u202fE (succinato de Dalfatocoferilo)<br \/>\n30\u202fmg<br \/>\n250\u202f%<br \/>\nLibre de:<br \/>\nGluten<br \/>\nLactosa<br \/>\nConservantes<br \/>\nColorantes artificiales<br \/>\nIndicaciones de uso<br \/>\n1 a 3 c\u00e1psula(s) \/ d\u00eda con la comida.<br \/>\nPrecauciones<br \/>\nEste frasco contiene una c\u00e1psula desecante, no ingerir. No sustituye a un r\u00e9gimen alimentario variado y equilibrado, y a un modo de vida sano. No superar ladosis diaria recomendada.<br \/>\nMantener fuera del alcance de los ni\u00f1os, a T\u00ba < 25\u00ba C y al abrigo de la humedad.\nVECTISEREN\n<\/p>","protected":false},"excerpt":{"rendered":"<p>VECTIPUR es un complemento alimenticio antioxidante formulado con una combinaci\u00f3n sin\u00e9rgica de polifenoles de uva, vitaminas, oligoelementos y antioxidantes clave, dise\u00f1ado para proteger las c\u00e9lulas del estr\u00e9s oxidativo, apoyar el sistema cardiovascular y mejorar la vitalidad general. Ideal como defensa frente al envejecimiento celular, la fatiga y los radicales libres.<\/p>","protected":false},"featured_media":501211,"template":"","meta":[],"product_brand":[185],"product_cat":[253,277,279,186,262],"product_tag":[],"class_list":{"0":"post-501210","1":"product","2":"type-product","3":"status-publish","4":"has-post-thumbnail","6":"product_brand-laboratorio-nutergia","7":"product_cat-inmunidad-antioxidantes","8":"product_cat-antioxidantes-estres-oxidativo","9":"product_cat-equilibrio-peso-adelgazamiento","10":"product_cat-laboratorio-nutergia","11":"product_cat-suplementos-micronutricionales","12":"product_shipping_class-producto-fisico","14":"first","15":"instock","16":"purchasable","17":"product-type-simple"},"yoast_head":"<!-- This site is optimized with the Yoast SEO Premium plugin v22.9 (Yoast SEO v27.6) - https:\/\/yoast.com\/product\/yoast-seo-premium-wordpress\/ -->\n<title>VECTIPUR - Salud Sostenible by Fabrice Lef&egrave;vre Institute<\/title>\n<meta name=\"robots\" content=\"index, follow, max-snippet:-1, max-image-preview:large, max-video-preview:-1\" \/>\n<link rel=\"canonical\" href=\"https:\/\/saludsostenible.es\/en\/product\/vectipur\/\" \/>\n<meta property=\"og:locale\" content=\"en_GB\" \/>\n<meta property=\"og:type\" content=\"article\" \/>\n<meta property=\"og:title\" content=\"VECTIPUR\" \/>\n<meta property=\"og:description\" content=\"VECTIPUR es un complemento alimenticio antioxidante formulado con una combinaci\u00f3n sin\u00e9rgica de polifenoles de uva, vitaminas, oligoelementos y antioxidantes clave, dise\u00f1ado para proteger las c\u00e9lulas del estr\u00e9s oxidativo, apoyar el sistema cardiovascular y mejorar la vitalidad general. Ideal como defensa frente al envejecimiento celular, la fatiga y los radicales libres.\" \/>\n<meta property=\"og:url\" content=\"https:\/\/saludsostenible.es\/en\/product\/vectipur\/\" \/>\n<meta property=\"og:site_name\" content=\"Salud Sostenible by Fabrice Lef&egrave;vre Institute\" \/>\n<meta property=\"article:publisher\" content=\"https:\/\/www.facebook.com\/ProbodyoneBarcelona\" \/>\n<meta property=\"article:modified_time\" content=\"2025-09-10T20:16:03+00:00\" \/>\n<meta property=\"og:image\" content=\"https:\/\/saludsostenible.es\/wp-content\/uploads\/2025\/09\/vectipur.jpg\" \/>\n\t<meta property=\"og:image:width\" content=\"532\" \/>\n\t<meta property=\"og:image:height\" content=\"532\" \/>\n\t<meta property=\"og:image:type\" content=\"image\/png\" \/>\n<meta name=\"twitter:card\" content=\"summary_large_image\" \/>\n<meta name=\"twitter:site\" content=\"@probodyone\" \/>\n<meta name=\"twitter:label1\" content=\"Estimated reading time\" \/>\n\t<meta name=\"twitter:data1\" content=\"1 minute\" \/>\n<script type=\"application\/ld+json\" class=\"yoast-schema-graph\">{\"@context\":\"https:\\\/\\\/schema.org\",\"@graph\":[{\"@type\":\"WebPage\",\"@id\":\"https:\\\/\\\/saludsostenible.es\\\/product\\\/vectipur\\\/\",\"url\":\"https:\\\/\\\/saludsostenible.es\\\/product\\\/vectipur\\\/\",\"name\":\"VECTIPUR - Salud Sostenible by Fabrice Lef&egrave;vre Institute\",\"isPartOf\":{\"@id\":\"https:\\\/\\\/saludsostenible.es\\\/#website\"},\"primaryImageOfPage\":{\"@id\":\"https:\\\/\\\/saludsostenible.es\\\/product\\\/vectipur\\\/#primaryimage\"},\"image\":{\"@id\":\"https:\\\/\\\/saludsostenible.es\\\/product\\\/vectipur\\\/#primaryimage\"},\"thumbnailUrl\":\"https:\\\/\\\/saludsostenible.es\\\/wp-content\\\/uploads\\\/2025\\\/09\\\/vectipur.jpg\",\"datePublished\":\"2025-09-10T20:15:44+00:00\",\"dateModified\":\"2025-09-10T20:16:03+00:00\",\"breadcrumb\":{\"@id\":\"https:\\\/\\\/saludsostenible.es\\\/product\\\/vectipur\\\/#breadcrumb\"},\"inLanguage\":\"en-GB\",\"potentialAction\":[{\"@type\":\"ReadAction\",\"target\":[\"https:\\\/\\\/saludsostenible.es\\\/product\\\/vectipur\\\/\"]}]},{\"@type\":\"ImageObject\",\"inLanguage\":\"en-GB\",\"@id\":\"https:\\\/\\\/saludsostenible.es\\\/product\\\/vectipur\\\/#primaryimage\",\"url\":\"https:\\\/\\\/saludsostenible.es\\\/wp-content\\\/uploads\\\/2025\\\/09\\\/vectipur.jpg\",\"contentUrl\":\"https:\\\/\\\/saludsostenible.es\\\/wp-content\\\/uploads\\\/2025\\\/09\\\/vectipur.jpg\",\"width\":532,\"height\":532},{\"@type\":\"BreadcrumbList\",\"@id\":\"https:\\\/\\\/saludsostenible.es\\\/product\\\/vectipur\\\/#breadcrumb\",\"itemListElement\":[{\"@type\":\"ListItem\",\"position\":1,\"name\":\"Home\",\"item\":\"https:\\\/\\\/saludsostenible.es\\\/\"},{\"@type\":\"ListItem\",\"position\":2,\"name\":\"Tienda\",\"item\":\"https:\\\/\\\/saludsostenible.es\\\/tienda\\\/\"},{\"@type\":\"ListItem\",\"position\":3,\"name\":\"VECTIPUR\"}]},{\"@type\":\"WebSite\",\"@id\":\"https:\\\/\\\/saludsostenible.es\\\/#website\",\"url\":\"https:\\\/\\\/saludsostenible.es\\\/\",\"name\":\"Salud Sostenible Beauty & Longevity\",\"description\":\"Plataforma de consulta online y acceso a especialistas privados: salud integrativa, beauty y longevidad. Inicia tu perfil de salud metab\u00f3lica.\",\"publisher\":{\"@id\":\"https:\\\/\\\/saludsostenible.es\\\/#organization\"},\"alternateName\":\"Salud Sostenible\",\"potentialAction\":[{\"@type\":\"SearchAction\",\"target\":{\"@type\":\"EntryPoint\",\"urlTemplate\":\"https:\\\/\\\/saludsostenible.es\\\/?s={search_term_string}\"},\"query-input\":{\"@type\":\"PropertyValueSpecification\",\"valueRequired\":true,\"valueName\":\"search_term_string\"}}],\"inLanguage\":\"en-GB\"},{\"@type\":\"Organization\",\"@id\":\"https:\\\/\\\/saludsostenible.es\\\/#organization\",\"name\":\"Salud Sostenible by Fabrice Lef\u00e8vre Institute\",\"alternateName\":\"Osteopat\u00eda en Barcelona, Madrid y Marbella\",\"url\":\"https:\\\/\\\/saludsostenible.es\\\/\",\"logo\":{\"@type\":\"ImageObject\",\"inLanguage\":\"en-GB\",\"@id\":\"https:\\\/\\\/saludsostenible.es\\\/#\\\/schema\\\/logo\\\/image\\\/\",\"url\":\"https:\\\/\\\/saludsostenible.es\\\/wp-content\\\/uploads\\\/2024\\\/08\\\/probodyone-blog.jpg\",\"contentUrl\":\"https:\\\/\\\/saludsostenible.es\\\/wp-content\\\/uploads\\\/2024\\\/08\\\/probodyone-blog.jpg\",\"width\":1600,\"height\":550,\"caption\":\"Salud Sostenible by Fabrice Lef\u00e8vre Institute\"},\"image\":{\"@id\":\"https:\\\/\\\/saludsostenible.es\\\/#\\\/schema\\\/logo\\\/image\\\/\"},\"sameAs\":[\"https:\\\/\\\/www.facebook.com\\\/ProbodyoneBarcelona\",\"https:\\\/\\\/x.com\\\/probodyone\",\"https:\\\/\\\/www.youtube.com\\\/@Probodyone\\\/videos\"]}]}<\/script>\n<!-- \/ Yoast SEO Premium plugin. -->","yoast_head_json":{"title":"VECTIPUR - Salud Sostenible by Fabrice Lef&egrave;vre Institute","robots":{"index":"index","follow":"follow","max-snippet":"max-snippet:-1","max-image-preview":"max-image-preview:large","max-video-preview":"max-video-preview:-1"},"canonical":"https:\/\/saludsostenible.es\/en\/product\/vectipur\/","og_locale":"en_GB","og_type":"article","og_title":"VECTIPUR","og_description":"VECTIPUR es un complemento alimenticio antioxidante formulado con una combinaci\u00f3n sin\u00e9rgica de polifenoles de uva, vitaminas, oligoelementos y antioxidantes clave, dise\u00f1ado para proteger las c\u00e9lulas del estr\u00e9s oxidativo, apoyar el sistema cardiovascular y mejorar la vitalidad general. Ideal como defensa frente al envejecimiento celular, la fatiga y los radicales libres.","og_url":"https:\/\/saludsostenible.es\/en\/product\/vectipur\/","og_site_name":"Salud Sostenible by Fabrice Lef&egrave;vre Institute","article_publisher":"https:\/\/www.facebook.com\/ProbodyoneBarcelona","article_modified_time":"2025-09-10T20:16:03+00:00","og_image":[{"width":532,"height":532,"url":"https:\/\/saludsostenible.es\/wp-content\/uploads\/2025\/09\/vectipur.jpg","type":"image\/png"}],"twitter_card":"summary_large_image","twitter_site":"@probodyone","twitter_misc":{"Estimated reading time":"1 minute"},"schema":{"@context":"https:\/\/schema.org","@graph":[{"@type":"WebPage","@id":"https:\/\/saludsostenible.es\/product\/vectipur\/","url":"https:\/\/saludsostenible.es\/product\/vectipur\/","name":"VECTIPUR - Salud Sostenible by Fabrice Lef&egrave;vre Institute","isPartOf":{"@id":"https:\/\/saludsostenible.es\/#website"},"primaryImageOfPage":{"@id":"https:\/\/saludsostenible.es\/product\/vectipur\/#primaryimage"},"image":{"@id":"https:\/\/saludsostenible.es\/product\/vectipur\/#primaryimage"},"thumbnailUrl":"https:\/\/saludsostenible.es\/wp-content\/uploads\/2025\/09\/vectipur.jpg","datePublished":"2025-09-10T20:15:44+00:00","dateModified":"2025-09-10T20:16:03+00:00","breadcrumb":{"@id":"https:\/\/saludsostenible.es\/product\/vectipur\/#breadcrumb"},"inLanguage":"en-GB","potentialAction":[{"@type":"ReadAction","target":["https:\/\/saludsostenible.es\/product\/vectipur\/"]}]},{"@type":"ImageObject","inLanguage":"en-GB","@id":"https:\/\/saludsostenible.es\/product\/vectipur\/#primaryimage","url":"https:\/\/saludsostenible.es\/wp-content\/uploads\/2025\/09\/vectipur.jpg","contentUrl":"https:\/\/saludsostenible.es\/wp-content\/uploads\/2025\/09\/vectipur.jpg","width":532,"height":532},{"@type":"BreadcrumbList","@id":"https:\/\/saludsostenible.es\/product\/vectipur\/#breadcrumb","itemListElement":[{"@type":"ListItem","position":1,"name":"Home","item":"https:\/\/saludsostenible.es\/"},{"@type":"ListItem","position":2,"name":"Tienda","item":"https:\/\/saludsostenible.es\/tienda\/"},{"@type":"ListItem","position":3,"name":"VECTIPUR"}]},{"@type":"WebSite","@id":"https:\/\/saludsostenible.es\/#website","url":"https:\/\/saludsostenible.es\/","name":"Salud Sostenible Beauty & Longevity","description":"Plataforma de consulta online y acceso a especialistas privados: salud integrativa, beauty y longevidad. Inicia tu perfil de salud metab\u00f3lica.","publisher":{"@id":"https:\/\/saludsostenible.es\/#organization"},"alternateName":"Salud Sostenible","potentialAction":[{"@type":"SearchAction","target":{"@type":"EntryPoint","urlTemplate":"https:\/\/saludsostenible.es\/?s={search_term_string}"},"query-input":{"@type":"PropertyValueSpecification","valueRequired":true,"valueName":"search_term_string"}}],"inLanguage":"en-GB"},{"@type":"Organization","@id":"https:\/\/saludsostenible.es\/#organization","name":"Salud Sostenible by Fabrice Lef\u00e8vre Institute","alternateName":"Osteopat\u00eda en Barcelona, Madrid y Marbella","url":"https:\/\/saludsostenible.es\/","logo":{"@type":"ImageObject","inLanguage":"en-GB","@id":"https:\/\/saludsostenible.es\/#\/schema\/logo\/image\/","url":"https:\/\/saludsostenible.es\/wp-content\/uploads\/2024\/08\/probodyone-blog.jpg","contentUrl":"https:\/\/saludsostenible.es\/wp-content\/uploads\/2024\/08\/probodyone-blog.jpg","width":1600,"height":550,"caption":"Salud Sostenible by Fabrice Lef\u00e8vre Institute"},"image":{"@id":"https:\/\/saludsostenible.es\/#\/schema\/logo\/image\/"},"sameAs":["https:\/\/www.facebook.com\/ProbodyoneBarcelona","https:\/\/x.com\/probodyone","https:\/\/www.youtube.com\/@Probodyone\/videos"]}]}},"_links":{"self":[{"href":"https:\/\/saludsostenible.es\/en\/wp-json\/wp\/v2\/product\/501210","targetHints":{"allow":["GET"]}}],"collection":[{"href":"https:\/\/saludsostenible.es\/en\/wp-json\/wp\/v2\/product"}],"about":[{"href":"https:\/\/saludsostenible.es\/en\/wp-json\/wp\/v2\/types\/product"}],"wp:featuredmedia":[{"embeddable":true,"href":"https:\/\/saludsostenible.es\/en\/wp-json\/wp\/v2\/media\/501211"}],"wp:attachment":[{"href":"https:\/\/saludsostenible.es\/en\/wp-json\/wp\/v2\/media?parent=501210"}],"wp:term":[{"taxonomy":"product_brand","embeddable":true,"href":"https:\/\/saludsostenible.es\/en\/wp-json\/wp\/v2\/product_brand?post=501210"},{"taxonomy":"product_cat","embeddable":true,"href":"https:\/\/saludsostenible.es\/en\/wp-json\/wp\/v2\/product_cat?post=501210"},{"taxonomy":"product_tag","embeddable":true,"href":"https:\/\/saludsostenible.es\/en\/wp-json\/wp\/v2\/product_tag?post=501210"}],"curies":[{"name":"wp","href":"https:\/\/api.w.org\/{rel}","templated":true}]}}