{"id":501212,"date":"2025-09-10T20:15:44","date_gmt":"2025-09-10T20:15:44","guid":{"rendered":"https:\/\/saludsostenible.es\/product\/vectiseren\/"},"modified":"2025-09-10T20:16:04","modified_gmt":"2025-09-10T20:16:04","slug":"vectiseren","status":"publish","type":"product","link":"https:\/\/saludsostenible.es\/en\/product\/vectiseren\/","title":{"rendered":"VECTISEREN"},"content":{"rendered":"<p>Indicaciones<br \/>\nEstr\u00e9s emocional temporal<br \/>\nReducci\u00f3n de la fatiga por el estr\u00e9s o asociada a un trabajo mental excesivo.<br \/>\nMejora el estado de \u00e1nimo.<br \/>\nDesequilibrio emocional.<br \/>\nAntojos de az\u00facar.<br \/>\nVentajas<br \/>\nSin alcohol, sin az\u00facar, sin sabor artificial.<br \/>\nVECTISEREN combina Rhodiola, que ayuda al organismo a adaptarse al estr\u00e9s emocional temporal. La f\u00f3rmula tambi\u00e9n contiene vitaminas B2, B3, B6, B9 y C y magnesio, que favorecen las funciones psicol\u00f3gicas normales, as\u00ed como L-tript\u00f3fano.<br \/>\nIngredientes<br \/>\nL-tript\u00f3fano, magnesio marino (\u00f3xido de magnesio), inositol, vitamina C, extracto de rodiola (Sedum roseum L.), antiaglomerantes: fosfato dic\u00e1lcico y estearato de magnesio, gluconato de zinc, vitaminas B1, B2, B3, B5, B6, B8 y B9, cloruro de cromo. Apto para una dieta vegetariana<br \/>\nC\u00e1psula: C\u00e1psula\u00a0vegetal\u00a0(pullulan proveniente de almid\u00f3n).<br \/>\nComposici\u00f3n (por dosis diaria &#8211; 2 c\u00e1psulas)<br \/>\nIngrediente<br \/>\nCantidad por c\u00e1psula<br \/>\n% VRN*<br \/>\nLtript\u00f3fano<br \/>\n220\u202fmg<br \/>\n\u2014<br \/>\nInositol<br \/>\n50\u202fmg<br \/>\n\u2014<br \/>\nExtracto de rhodiola (Sedum roseum)<br \/>\n33\u202fmg<br \/>\n\u2014<br \/>\nMagnesio marino (\u00f3xido)<br \/>\n57\u202fmg<br \/>\n15\u202f%<br \/>\nZinc (gluconato)<br \/>\n2\u202fmg<br \/>\n20\u202f%<br \/>\nCromo (cloruro)<br \/>\n20\u202f\u00b5g<br \/>\n50\u202f%<br \/>\nVitamina\u202fC<br \/>\n27\u202fmg<br \/>\n33\u202f%<br \/>\nVitamina\u202fB1<br \/>\n0,37\u202fmg<br \/>\n33\u202f%<br \/>\nVitamina\u202fB2<br \/>\n0,47\u202fmg<br \/>\n33\u202f%<br \/>\nVitamina\u202fB3 (niacina)<br \/>\n5,3\u202fmg<br \/>\n33\u202f%<br \/>\nVitamina\u202fB5<br \/>\n2\u202fmg<br \/>\n33\u202f%<br \/>\nVitamina\u202fB6<br \/>\n0,47\u202fmg<br \/>\n33\u202f%<br \/>\nVitamina\u202fB8 (biotina)<br \/>\n16\u202f\u00b5g<br \/>\n33\u202f%<br \/>\nVitamina\u202fB9 (\u00e1cido f\u00f3lico)<br \/>\n67\u202f\u00b5g<br \/>\n33\u202f%<br \/>\nLibre de:<br \/>\nGluten<br \/>\nLactosa<br \/>\nConservantes<br \/>\nColorantes artificiales<br \/>\nIndicaciones de uso<br \/>\ndultos: 1 c\u00e1psula al d\u00edaNi\u00f1os a partir de 10 a\u00f1os: 1 c\u00e1psula al d\u00eda..<br \/>\nPrecauciones<br \/>\nReservado para adultos. Se recomienda consultar con un profesional de la salud para mujeres en periodo de lactancia y los ni\u00f1os. No debe ser consumido por mujeres embarazadas y personas en tratamiento con antidepresivos o que padecen insuficiencia renal (L-tript\u00f3fano).<br \/>\nNo superar la dosis diaria recomendada.<br \/>\nERGYFEM BIENESTAR<\/p>","protected":false},"excerpt":{"rendered":"<p>VECTISEREN es un complemento alimenticio dise\u00f1ado para favorecer el bienestar emocional y el equilibrio nervioso en situaciones de estr\u00e9s, ansiedad leve o sobrecarga emocional. Su f\u00f3rmula combina amino\u00e1cidos precursores de neurotransmisores, extractos de plantas adapt\u00f3genas, vitaminas del grupo B y minerales, ayudando a mejorar el \u00e1nimo, reducir la ansiedad y favorecer la calma mental.<\/p>","protected":false},"featured_media":501213,"template":"","meta":[],"product_brand":[185],"product_cat":[256,279,250,186,262],"product_tag":[],"class_list":{"0":"post-501212","1":"product","2":"type-product","3":"status-publish","4":"has-post-thumbnail","6":"product_brand-laboratorio-nutergia","7":"product_cat-detox-drenaje","8":"product_cat-equilibrio-peso-adelgazamiento","9":"product_cat-estres-sueno-equilibrio-mental","10":"product_cat-laboratorio-nutergia","11":"product_cat-suplementos-micronutricionales","13":"first","14":"instock","15":"purchasable","16":"product-type-simple"},"yoast_head":"<!-- This site is optimized with the Yoast SEO Premium plugin v22.9 (Yoast SEO v27.6) - https:\/\/yoast.com\/product\/yoast-seo-premium-wordpress\/ -->\n<title>VECTISEREN - Salud Sostenible by Fabrice Lef&egrave;vre Institute<\/title>\n<meta name=\"robots\" content=\"index, follow, max-snippet:-1, max-image-preview:large, max-video-preview:-1\" \/>\n<link rel=\"canonical\" href=\"https:\/\/saludsostenible.es\/en\/product\/vectiseren\/\" \/>\n<meta property=\"og:locale\" content=\"en_GB\" \/>\n<meta property=\"og:type\" content=\"article\" \/>\n<meta property=\"og:title\" content=\"VECTISEREN\" \/>\n<meta property=\"og:description\" content=\"VECTISEREN es un complemento alimenticio dise\u00f1ado para favorecer el bienestar emocional y el equilibrio nervioso en situaciones de estr\u00e9s, ansiedad leve o sobrecarga emocional. Su f\u00f3rmula combina amino\u00e1cidos precursores de neurotransmisores, extractos de plantas adapt\u00f3genas, vitaminas del grupo B y minerales, ayudando a mejorar el \u00e1nimo, reducir la ansiedad y favorecer la calma mental.\" \/>\n<meta property=\"og:url\" content=\"https:\/\/saludsostenible.es\/en\/product\/vectiseren\/\" \/>\n<meta property=\"og:site_name\" content=\"Salud Sostenible by Fabrice Lef&egrave;vre Institute\" \/>\n<meta property=\"article:publisher\" content=\"https:\/\/www.facebook.com\/ProbodyoneBarcelona\" \/>\n<meta property=\"article:modified_time\" content=\"2025-09-10T20:16:04+00:00\" \/>\n<meta property=\"og:image\" content=\"https:\/\/saludsostenible.es\/wp-content\/uploads\/2025\/09\/vectiseren.jpg\" \/>\n\t<meta property=\"og:image:width\" content=\"600\" \/>\n\t<meta property=\"og:image:height\" content=\"600\" \/>\n\t<meta property=\"og:image:type\" content=\"image\/png\" \/>\n<meta name=\"twitter:card\" content=\"summary_large_image\" \/>\n<meta name=\"twitter:site\" content=\"@probodyone\" \/>\n<meta name=\"twitter:label1\" content=\"Estimated reading time\" \/>\n\t<meta name=\"twitter:data1\" content=\"1 minute\" \/>\n<script type=\"application\/ld+json\" class=\"yoast-schema-graph\">{\"@context\":\"https:\\\/\\\/schema.org\",\"@graph\":[{\"@type\":\"WebPage\",\"@id\":\"https:\\\/\\\/saludsostenible.es\\\/product\\\/vectiseren\\\/\",\"url\":\"https:\\\/\\\/saludsostenible.es\\\/product\\\/vectiseren\\\/\",\"name\":\"VECTISEREN - Salud Sostenible by Fabrice Lef&egrave;vre Institute\",\"isPartOf\":{\"@id\":\"https:\\\/\\\/saludsostenible.es\\\/#website\"},\"primaryImageOfPage\":{\"@id\":\"https:\\\/\\\/saludsostenible.es\\\/product\\\/vectiseren\\\/#primaryimage\"},\"image\":{\"@id\":\"https:\\\/\\\/saludsostenible.es\\\/product\\\/vectiseren\\\/#primaryimage\"},\"thumbnailUrl\":\"https:\\\/\\\/saludsostenible.es\\\/wp-content\\\/uploads\\\/2025\\\/09\\\/vectiseren.jpg\",\"datePublished\":\"2025-09-10T20:15:44+00:00\",\"dateModified\":\"2025-09-10T20:16:04+00:00\",\"breadcrumb\":{\"@id\":\"https:\\\/\\\/saludsostenible.es\\\/product\\\/vectiseren\\\/#breadcrumb\"},\"inLanguage\":\"en-GB\",\"potentialAction\":[{\"@type\":\"ReadAction\",\"target\":[\"https:\\\/\\\/saludsostenible.es\\\/product\\\/vectiseren\\\/\"]}]},{\"@type\":\"ImageObject\",\"inLanguage\":\"en-GB\",\"@id\":\"https:\\\/\\\/saludsostenible.es\\\/product\\\/vectiseren\\\/#primaryimage\",\"url\":\"https:\\\/\\\/saludsostenible.es\\\/wp-content\\\/uploads\\\/2025\\\/09\\\/vectiseren.jpg\",\"contentUrl\":\"https:\\\/\\\/saludsostenible.es\\\/wp-content\\\/uploads\\\/2025\\\/09\\\/vectiseren.jpg\",\"width\":600,\"height\":600},{\"@type\":\"BreadcrumbList\",\"@id\":\"https:\\\/\\\/saludsostenible.es\\\/product\\\/vectiseren\\\/#breadcrumb\",\"itemListElement\":[{\"@type\":\"ListItem\",\"position\":1,\"name\":\"Home\",\"item\":\"https:\\\/\\\/saludsostenible.es\\\/\"},{\"@type\":\"ListItem\",\"position\":2,\"name\":\"Tienda\",\"item\":\"https:\\\/\\\/saludsostenible.es\\\/tienda\\\/\"},{\"@type\":\"ListItem\",\"position\":3,\"name\":\"VECTISEREN\"}]},{\"@type\":\"WebSite\",\"@id\":\"https:\\\/\\\/saludsostenible.es\\\/#website\",\"url\":\"https:\\\/\\\/saludsostenible.es\\\/\",\"name\":\"Salud Sostenible Beauty & Longevity\",\"description\":\"Plataforma de consulta online y acceso a especialistas privados: salud integrativa, beauty y longevidad. Inicia tu perfil de salud metab\u00f3lica.\",\"publisher\":{\"@id\":\"https:\\\/\\\/saludsostenible.es\\\/#organization\"},\"alternateName\":\"Salud Sostenible\",\"potentialAction\":[{\"@type\":\"SearchAction\",\"target\":{\"@type\":\"EntryPoint\",\"urlTemplate\":\"https:\\\/\\\/saludsostenible.es\\\/?s={search_term_string}\"},\"query-input\":{\"@type\":\"PropertyValueSpecification\",\"valueRequired\":true,\"valueName\":\"search_term_string\"}}],\"inLanguage\":\"en-GB\"},{\"@type\":\"Organization\",\"@id\":\"https:\\\/\\\/saludsostenible.es\\\/#organization\",\"name\":\"Salud Sostenible by Fabrice Lef\u00e8vre Institute\",\"alternateName\":\"Osteopat\u00eda en Barcelona, Madrid y Marbella\",\"url\":\"https:\\\/\\\/saludsostenible.es\\\/\",\"logo\":{\"@type\":\"ImageObject\",\"inLanguage\":\"en-GB\",\"@id\":\"https:\\\/\\\/saludsostenible.es\\\/#\\\/schema\\\/logo\\\/image\\\/\",\"url\":\"https:\\\/\\\/saludsostenible.es\\\/wp-content\\\/uploads\\\/2024\\\/08\\\/probodyone-blog.jpg\",\"contentUrl\":\"https:\\\/\\\/saludsostenible.es\\\/wp-content\\\/uploads\\\/2024\\\/08\\\/probodyone-blog.jpg\",\"width\":1600,\"height\":550,\"caption\":\"Salud Sostenible by Fabrice Lef\u00e8vre Institute\"},\"image\":{\"@id\":\"https:\\\/\\\/saludsostenible.es\\\/#\\\/schema\\\/logo\\\/image\\\/\"},\"sameAs\":[\"https:\\\/\\\/www.facebook.com\\\/ProbodyoneBarcelona\",\"https:\\\/\\\/x.com\\\/probodyone\",\"https:\\\/\\\/www.youtube.com\\\/@Probodyone\\\/videos\"]}]}<\/script>\n<!-- \/ Yoast SEO Premium plugin. -->","yoast_head_json":{"title":"VECTISEREN - Salud Sostenible by Fabrice Lef&egrave;vre Institute","robots":{"index":"index","follow":"follow","max-snippet":"max-snippet:-1","max-image-preview":"max-image-preview:large","max-video-preview":"max-video-preview:-1"},"canonical":"https:\/\/saludsostenible.es\/en\/product\/vectiseren\/","og_locale":"en_GB","og_type":"article","og_title":"VECTISEREN","og_description":"VECTISEREN es un complemento alimenticio dise\u00f1ado para favorecer el bienestar emocional y el equilibrio nervioso en situaciones de estr\u00e9s, ansiedad leve o sobrecarga emocional. Su f\u00f3rmula combina amino\u00e1cidos precursores de neurotransmisores, extractos de plantas adapt\u00f3genas, vitaminas del grupo B y minerales, ayudando a mejorar el \u00e1nimo, reducir la ansiedad y favorecer la calma mental.","og_url":"https:\/\/saludsostenible.es\/en\/product\/vectiseren\/","og_site_name":"Salud Sostenible by Fabrice Lef&egrave;vre Institute","article_publisher":"https:\/\/www.facebook.com\/ProbodyoneBarcelona","article_modified_time":"2025-09-10T20:16:04+00:00","og_image":[{"width":600,"height":600,"url":"https:\/\/saludsostenible.es\/wp-content\/uploads\/2025\/09\/vectiseren.jpg","type":"image\/png"}],"twitter_card":"summary_large_image","twitter_site":"@probodyone","twitter_misc":{"Estimated reading time":"1 minute"},"schema":{"@context":"https:\/\/schema.org","@graph":[{"@type":"WebPage","@id":"https:\/\/saludsostenible.es\/product\/vectiseren\/","url":"https:\/\/saludsostenible.es\/product\/vectiseren\/","name":"VECTISEREN - Salud Sostenible by Fabrice Lef&egrave;vre Institute","isPartOf":{"@id":"https:\/\/saludsostenible.es\/#website"},"primaryImageOfPage":{"@id":"https:\/\/saludsostenible.es\/product\/vectiseren\/#primaryimage"},"image":{"@id":"https:\/\/saludsostenible.es\/product\/vectiseren\/#primaryimage"},"thumbnailUrl":"https:\/\/saludsostenible.es\/wp-content\/uploads\/2025\/09\/vectiseren.jpg","datePublished":"2025-09-10T20:15:44+00:00","dateModified":"2025-09-10T20:16:04+00:00","breadcrumb":{"@id":"https:\/\/saludsostenible.es\/product\/vectiseren\/#breadcrumb"},"inLanguage":"en-GB","potentialAction":[{"@type":"ReadAction","target":["https:\/\/saludsostenible.es\/product\/vectiseren\/"]}]},{"@type":"ImageObject","inLanguage":"en-GB","@id":"https:\/\/saludsostenible.es\/product\/vectiseren\/#primaryimage","url":"https:\/\/saludsostenible.es\/wp-content\/uploads\/2025\/09\/vectiseren.jpg","contentUrl":"https:\/\/saludsostenible.es\/wp-content\/uploads\/2025\/09\/vectiseren.jpg","width":600,"height":600},{"@type":"BreadcrumbList","@id":"https:\/\/saludsostenible.es\/product\/vectiseren\/#breadcrumb","itemListElement":[{"@type":"ListItem","position":1,"name":"Home","item":"https:\/\/saludsostenible.es\/"},{"@type":"ListItem","position":2,"name":"Tienda","item":"https:\/\/saludsostenible.es\/tienda\/"},{"@type":"ListItem","position":3,"name":"VECTISEREN"}]},{"@type":"WebSite","@id":"https:\/\/saludsostenible.es\/#website","url":"https:\/\/saludsostenible.es\/","name":"Salud Sostenible Beauty & Longevity","description":"Plataforma de consulta online y acceso a especialistas privados: salud integrativa, beauty y longevidad. Inicia tu perfil de salud metab\u00f3lica.","publisher":{"@id":"https:\/\/saludsostenible.es\/#organization"},"alternateName":"Salud Sostenible","potentialAction":[{"@type":"SearchAction","target":{"@type":"EntryPoint","urlTemplate":"https:\/\/saludsostenible.es\/?s={search_term_string}"},"query-input":{"@type":"PropertyValueSpecification","valueRequired":true,"valueName":"search_term_string"}}],"inLanguage":"en-GB"},{"@type":"Organization","@id":"https:\/\/saludsostenible.es\/#organization","name":"Salud Sostenible by Fabrice Lef\u00e8vre Institute","alternateName":"Osteopat\u00eda en Barcelona, Madrid y Marbella","url":"https:\/\/saludsostenible.es\/","logo":{"@type":"ImageObject","inLanguage":"en-GB","@id":"https:\/\/saludsostenible.es\/#\/schema\/logo\/image\/","url":"https:\/\/saludsostenible.es\/wp-content\/uploads\/2024\/08\/probodyone-blog.jpg","contentUrl":"https:\/\/saludsostenible.es\/wp-content\/uploads\/2024\/08\/probodyone-blog.jpg","width":1600,"height":550,"caption":"Salud Sostenible by Fabrice Lef\u00e8vre Institute"},"image":{"@id":"https:\/\/saludsostenible.es\/#\/schema\/logo\/image\/"},"sameAs":["https:\/\/www.facebook.com\/ProbodyoneBarcelona","https:\/\/x.com\/probodyone","https:\/\/www.youtube.com\/@Probodyone\/videos"]}]}},"_links":{"self":[{"href":"https:\/\/saludsostenible.es\/en\/wp-json\/wp\/v2\/product\/501212","targetHints":{"allow":["GET"]}}],"collection":[{"href":"https:\/\/saludsostenible.es\/en\/wp-json\/wp\/v2\/product"}],"about":[{"href":"https:\/\/saludsostenible.es\/en\/wp-json\/wp\/v2\/types\/product"}],"wp:featuredmedia":[{"embeddable":true,"href":"https:\/\/saludsostenible.es\/en\/wp-json\/wp\/v2\/media\/501213"}],"wp:attachment":[{"href":"https:\/\/saludsostenible.es\/en\/wp-json\/wp\/v2\/media?parent=501212"}],"wp:term":[{"taxonomy":"product_brand","embeddable":true,"href":"https:\/\/saludsostenible.es\/en\/wp-json\/wp\/v2\/product_brand?post=501212"},{"taxonomy":"product_cat","embeddable":true,"href":"https:\/\/saludsostenible.es\/en\/wp-json\/wp\/v2\/product_cat?post=501212"},{"taxonomy":"product_tag","embeddable":true,"href":"https:\/\/saludsostenible.es\/en\/wp-json\/wp\/v2\/product_tag?post=501212"}],"curies":[{"name":"wp","href":"https:\/\/api.w.org\/{rel}","templated":true}]}}