{"id":501214,"date":"2025-09-10T20:16:06","date_gmt":"2025-09-10T20:16:06","guid":{"rendered":"https:\/\/saludsostenible.es\/product\/ergyfem-bienestar\/"},"modified":"2025-09-10T20:16:08","modified_gmt":"2025-09-10T20:16:08","slug":"ergyfem-bienestar","status":"publish","type":"product","link":"https:\/\/saludsostenible.es\/en\/product\/ergyfem-bienestar\/","title":{"rendered":"ERGYFEM BIENESTAR"},"content":{"rendered":"<p>Indicaciones<br \/>\nERGYFEM Bienestar combina 2 plantas reguladoras beneficiosas para ayudar a recuperar el bienestar durante la menopausia, entre ellas la salvia, que act\u00faa sobre los\u00a0sofocos y los sudores nocturnos.<br \/>\nERGYFEM Bienestar posee as\u00ed una actividad fitoestrog\u00e9nica. Completan la f\u00f3rmula el GABA,\u00a0principal neurotransmisor inhibidor del sistema nervioso,\u00a0as\u00ed como 5 oligoelementos y 6 vitaminas.<br \/>\nEn particular, la vitamina B6 es interesante por su papel en la\u00a0actividad hormonal femenina.<br \/>\nEl magnesio favorece el funcionamiento del sistema nervioso y\u00a0ayuda a reducir la fatiga, un elemento esencial a tener en cuenta cuando se trata de las molestias asociadas a la menopausia.<br \/>\nEl cromo ayuda a mantener\u00a0niveles normales de az\u00facar en sangre.<br \/>\nEl magnesio y el zinc ayudan a mantener los huesos fuertes.<br \/>\nEl cabello, a menudo debilitado durante la menopausia, tambi\u00e9n se mantiene en buen estado gracias al zinc y al selenio.<br \/>\nSin gluten, soja, colorantes ni conservantes.<br \/>\nIngredientes<br \/>\nExtractos de salvia (Salvia officinalis L.) y l\u00fapulo (Humulus lupulus L.), bisglicinato de magnesio, GABA (\u00e1cido gamma-aminobut\u00edrico), \u00f3xido de magnesio, gluconato de zinc, vitaminas B1 (clorhidrato de tiamina), B2 (riboflavina), B3 (nicotinamida). ), B5 (D-pantotenato c\u00e1lcico), B6 \u200b\u200b\u200b\u200b(clorhidrato de piridoxina) y B9 (L-metilfolato c\u00e1lcico), antiaglomerante: sales magn\u00e9sicas de \u00e1cidos grasos; selenito de sodio, cloruro de cromo, gluconato de cobre. C\u00e1psula: gelatina\u00a0de pescado\u00a0.<br \/>\nComposici\u00f3n (por dosis diaria &#8211; 2 c\u00e1psulas)<br \/>\nIngrediente<br \/>\nCantidad<br \/>\n% VRN<br \/>\nExtracto de salvia<br \/>\n187,5\u202fmg<br \/>\n\u2014<br \/>\nExtracto de l\u00fapulo<br \/>\n50\u202fmg<br \/>\n\u2014<br \/>\nGABA (\u00e1cido gamma-aminobut\u00edrico)<br \/>\n35\u202fmg<br \/>\n\u2014<br \/>\nMagnesio (bisglicinato + \u00f3xido)<br \/>\n28\u202fmg<br \/>\n15\u202f%<br \/>\nZinc (gluconato)<br \/>\n3\u202fmg<br \/>\n60\u202f%<br \/>\nCobre (gluconato)<br \/>\n0,075\u202fmg<br \/>\n15\u202f%<br \/>\nSelenio (selenito de sodio)<br \/>\n16,5\u202f\u00b5g<br \/>\n60\u202f%<br \/>\nCromo (cloruro)<br \/>\n12\u202f\u00b5g<br \/>\n60\u202f%<br \/>\nVit.\u202fB1 (tiamina)<br \/>\n0,55\u202fmg<br \/>\n100\u202f%<br \/>\nVit.\u202fB2 (riboflavina)<br \/>\n0,7\u202fmg<br \/>\n100\u202f%<br \/>\nVit.\u202fB3 (nicotinamida)<br \/>\n8\u202fmg<br \/>\n100\u202f%<br \/>\nVit.\u202fB5 (D-pantotenato c\u00e1lcico)<br \/>\n3\u202fmg<br \/>\n100\u202f%<br \/>\nVit.\u202fB6 (piridoxina)<br \/>\n0,7\u202fmg<br \/>\n100\u202f%<br \/>\nVit.\u202fB9 (L-metilfolato c\u00e1lcico)<br \/>\n100\u202f\u00b5g<br \/>\n100\u202f%<br \/>\nLibre de:<br \/>\nGluten<br \/>\nLactosa<br \/>\nConservantes<br \/>\nColorantes artificiales<br \/>\nIndicaciones de uso<br \/>\n2 c\u00e1psulas al d\u00eda, durante la cena..<br \/>\nPrecauciones<br \/>\nNo recomendado en mujeres embarazadas y en per\u00edodo de lactancia (l\u00fapulo y salvia) y en casos de antecedentes personales o familiares de c\u00e1ncer hormonodependiente (l\u00fapulo).<br \/>\nNo sustituye a una dieta variada y equilibrada y a un estilo de vida saludable.<br \/>\nNo exceda la dosis diaria recomendada.<br \/>\nAlmacenar fuera del alcance de los ni\u00f1os y lejos de la humedad.<br \/>\nERGYFEM EQUILIBRIO<\/p>","protected":false},"excerpt":{"rendered":"<p>ERGYFEM BIENESTAR es un complemento alimenticio especialmente formulado para acompa\u00f1ar a la mujer durante la etapa de la menopausia y el climaterio. Gracias a su combinaci\u00f3n de fitoestr\u00f3genos, plantas adapt\u00f3genas, vitaminas y minerales, ayuda a aliviar los sofocos, el insomnio, la irritabilidad y los cambios de humor, mientras protege la salud \u00f3sea, cardiovascular y el bienestar general.<\/p>","protected":false},"featured_media":501215,"template":"","meta":[],"product_brand":[185],"product_cat":[186,254,262],"product_tag":[],"class_list":{"0":"post-501214","1":"product","2":"type-product","3":"status-publish","4":"has-post-thumbnail","6":"product_brand-laboratorio-nutergia","7":"product_cat-laboratorio-nutergia","8":"product_cat-salud-hormonal-femenina","9":"product_cat-suplementos-micronutricionales","10":"product_shipping_class-producto-fisico","12":"first","13":"instock","14":"purchasable","15":"product-type-simple"},"yoast_head":"<!-- This site is optimized with the Yoast SEO Premium plugin v22.9 (Yoast SEO v27.6) - https:\/\/yoast.com\/product\/yoast-seo-premium-wordpress\/ -->\n<title>ERGYFEM BIENESTAR - Salud Sostenible by Fabrice Lef&egrave;vre Institute<\/title>\n<meta name=\"robots\" content=\"index, follow, max-snippet:-1, max-image-preview:large, max-video-preview:-1\" \/>\n<link rel=\"canonical\" href=\"https:\/\/saludsostenible.es\/en\/product\/ergyfem-bienestar\/\" \/>\n<meta property=\"og:locale\" content=\"en_GB\" \/>\n<meta property=\"og:type\" content=\"article\" \/>\n<meta property=\"og:title\" content=\"ERGYFEM BIENESTAR\" \/>\n<meta property=\"og:description\" content=\"ERGYFEM BIENESTAR es un complemento alimenticio especialmente formulado para acompa\u00f1ar a la mujer durante la etapa de la menopausia y el climaterio. Gracias a su combinaci\u00f3n de fitoestr\u00f3genos, plantas adapt\u00f3genas, vitaminas y minerales, ayuda a aliviar los sofocos, el insomnio, la irritabilidad y los cambios de humor, mientras protege la salud \u00f3sea, cardiovascular y el bienestar general.\" \/>\n<meta property=\"og:url\" content=\"https:\/\/saludsostenible.es\/en\/product\/ergyfem-bienestar\/\" \/>\n<meta property=\"og:site_name\" content=\"Salud Sostenible by Fabrice Lef&egrave;vre Institute\" \/>\n<meta property=\"article:publisher\" content=\"https:\/\/www.facebook.com\/ProbodyoneBarcelona\" \/>\n<meta property=\"article:modified_time\" content=\"2025-09-10T20:16:08+00:00\" \/>\n<meta property=\"og:image\" content=\"https:\/\/saludsostenible.es\/wp-content\/uploads\/2025\/09\/ergyfem-bienestar.jpg\" \/>\n\t<meta property=\"og:image:width\" content=\"600\" \/>\n\t<meta property=\"og:image:height\" content=\"600\" \/>\n\t<meta property=\"og:image:type\" content=\"image\/png\" \/>\n<meta name=\"twitter:card\" content=\"summary_large_image\" \/>\n<meta name=\"twitter:site\" content=\"@probodyone\" \/>\n<meta name=\"twitter:label1\" content=\"Estimated reading time\" \/>\n\t<meta name=\"twitter:data1\" content=\"2 minutes\" \/>\n<script type=\"application\/ld+json\" class=\"yoast-schema-graph\">{\"@context\":\"https:\\\/\\\/schema.org\",\"@graph\":[{\"@type\":\"WebPage\",\"@id\":\"https:\\\/\\\/saludsostenible.es\\\/product\\\/ergyfem-bienestar\\\/\",\"url\":\"https:\\\/\\\/saludsostenible.es\\\/product\\\/ergyfem-bienestar\\\/\",\"name\":\"ERGYFEM BIENESTAR - Salud Sostenible by Fabrice Lef&egrave;vre Institute\",\"isPartOf\":{\"@id\":\"https:\\\/\\\/saludsostenible.es\\\/#website\"},\"primaryImageOfPage\":{\"@id\":\"https:\\\/\\\/saludsostenible.es\\\/product\\\/ergyfem-bienestar\\\/#primaryimage\"},\"image\":{\"@id\":\"https:\\\/\\\/saludsostenible.es\\\/product\\\/ergyfem-bienestar\\\/#primaryimage\"},\"thumbnailUrl\":\"https:\\\/\\\/saludsostenible.es\\\/wp-content\\\/uploads\\\/2025\\\/09\\\/ergyfem-bienestar.jpg\",\"datePublished\":\"2025-09-10T20:16:06+00:00\",\"dateModified\":\"2025-09-10T20:16:08+00:00\",\"breadcrumb\":{\"@id\":\"https:\\\/\\\/saludsostenible.es\\\/product\\\/ergyfem-bienestar\\\/#breadcrumb\"},\"inLanguage\":\"en-GB\",\"potentialAction\":[{\"@type\":\"ReadAction\",\"target\":[\"https:\\\/\\\/saludsostenible.es\\\/product\\\/ergyfem-bienestar\\\/\"]}]},{\"@type\":\"ImageObject\",\"inLanguage\":\"en-GB\",\"@id\":\"https:\\\/\\\/saludsostenible.es\\\/product\\\/ergyfem-bienestar\\\/#primaryimage\",\"url\":\"https:\\\/\\\/saludsostenible.es\\\/wp-content\\\/uploads\\\/2025\\\/09\\\/ergyfem-bienestar.jpg\",\"contentUrl\":\"https:\\\/\\\/saludsostenible.es\\\/wp-content\\\/uploads\\\/2025\\\/09\\\/ergyfem-bienestar.jpg\",\"width\":600,\"height\":600},{\"@type\":\"BreadcrumbList\",\"@id\":\"https:\\\/\\\/saludsostenible.es\\\/product\\\/ergyfem-bienestar\\\/#breadcrumb\",\"itemListElement\":[{\"@type\":\"ListItem\",\"position\":1,\"name\":\"Home\",\"item\":\"https:\\\/\\\/saludsostenible.es\\\/\"},{\"@type\":\"ListItem\",\"position\":2,\"name\":\"Tienda\",\"item\":\"https:\\\/\\\/saludsostenible.es\\\/tienda\\\/\"},{\"@type\":\"ListItem\",\"position\":3,\"name\":\"ERGYFEM BIENESTAR\"}]},{\"@type\":\"WebSite\",\"@id\":\"https:\\\/\\\/saludsostenible.es\\\/#website\",\"url\":\"https:\\\/\\\/saludsostenible.es\\\/\",\"name\":\"Salud Sostenible Beauty & Longevity\",\"description\":\"Plataforma de consulta online y acceso a especialistas privados: salud integrativa, beauty y longevidad. Inicia tu perfil de salud metab\u00f3lica.\",\"publisher\":{\"@id\":\"https:\\\/\\\/saludsostenible.es\\\/#organization\"},\"alternateName\":\"Salud Sostenible\",\"potentialAction\":[{\"@type\":\"SearchAction\",\"target\":{\"@type\":\"EntryPoint\",\"urlTemplate\":\"https:\\\/\\\/saludsostenible.es\\\/?s={search_term_string}\"},\"query-input\":{\"@type\":\"PropertyValueSpecification\",\"valueRequired\":true,\"valueName\":\"search_term_string\"}}],\"inLanguage\":\"en-GB\"},{\"@type\":\"Organization\",\"@id\":\"https:\\\/\\\/saludsostenible.es\\\/#organization\",\"name\":\"Salud Sostenible by Fabrice Lef\u00e8vre Institute\",\"alternateName\":\"Osteopat\u00eda en Barcelona, Madrid y Marbella\",\"url\":\"https:\\\/\\\/saludsostenible.es\\\/\",\"logo\":{\"@type\":\"ImageObject\",\"inLanguage\":\"en-GB\",\"@id\":\"https:\\\/\\\/saludsostenible.es\\\/#\\\/schema\\\/logo\\\/image\\\/\",\"url\":\"https:\\\/\\\/saludsostenible.es\\\/wp-content\\\/uploads\\\/2024\\\/08\\\/probodyone-blog.jpg\",\"contentUrl\":\"https:\\\/\\\/saludsostenible.es\\\/wp-content\\\/uploads\\\/2024\\\/08\\\/probodyone-blog.jpg\",\"width\":1600,\"height\":550,\"caption\":\"Salud Sostenible by Fabrice Lef\u00e8vre Institute\"},\"image\":{\"@id\":\"https:\\\/\\\/saludsostenible.es\\\/#\\\/schema\\\/logo\\\/image\\\/\"},\"sameAs\":[\"https:\\\/\\\/www.facebook.com\\\/ProbodyoneBarcelona\",\"https:\\\/\\\/x.com\\\/probodyone\",\"https:\\\/\\\/www.youtube.com\\\/@Probodyone\\\/videos\"]}]}<\/script>\n<!-- \/ Yoast SEO Premium plugin. -->","yoast_head_json":{"title":"ERGYFEM BIENESTAR - Salud Sostenible by Fabrice Lef&egrave;vre Institute","robots":{"index":"index","follow":"follow","max-snippet":"max-snippet:-1","max-image-preview":"max-image-preview:large","max-video-preview":"max-video-preview:-1"},"canonical":"https:\/\/saludsostenible.es\/en\/product\/ergyfem-bienestar\/","og_locale":"en_GB","og_type":"article","og_title":"ERGYFEM BIENESTAR","og_description":"ERGYFEM BIENESTAR es un complemento alimenticio especialmente formulado para acompa\u00f1ar a la mujer durante la etapa de la menopausia y el climaterio. Gracias a su combinaci\u00f3n de fitoestr\u00f3genos, plantas adapt\u00f3genas, vitaminas y minerales, ayuda a aliviar los sofocos, el insomnio, la irritabilidad y los cambios de humor, mientras protege la salud \u00f3sea, cardiovascular y el bienestar general.","og_url":"https:\/\/saludsostenible.es\/en\/product\/ergyfem-bienestar\/","og_site_name":"Salud Sostenible by Fabrice Lef&egrave;vre Institute","article_publisher":"https:\/\/www.facebook.com\/ProbodyoneBarcelona","article_modified_time":"2025-09-10T20:16:08+00:00","og_image":[{"width":600,"height":600,"url":"https:\/\/saludsostenible.es\/wp-content\/uploads\/2025\/09\/ergyfem-bienestar.jpg","type":"image\/png"}],"twitter_card":"summary_large_image","twitter_site":"@probodyone","twitter_misc":{"Estimated reading time":"2 minutes"},"schema":{"@context":"https:\/\/schema.org","@graph":[{"@type":"WebPage","@id":"https:\/\/saludsostenible.es\/product\/ergyfem-bienestar\/","url":"https:\/\/saludsostenible.es\/product\/ergyfem-bienestar\/","name":"ERGYFEM BIENESTAR - Salud Sostenible by Fabrice Lef&egrave;vre Institute","isPartOf":{"@id":"https:\/\/saludsostenible.es\/#website"},"primaryImageOfPage":{"@id":"https:\/\/saludsostenible.es\/product\/ergyfem-bienestar\/#primaryimage"},"image":{"@id":"https:\/\/saludsostenible.es\/product\/ergyfem-bienestar\/#primaryimage"},"thumbnailUrl":"https:\/\/saludsostenible.es\/wp-content\/uploads\/2025\/09\/ergyfem-bienestar.jpg","datePublished":"2025-09-10T20:16:06+00:00","dateModified":"2025-09-10T20:16:08+00:00","breadcrumb":{"@id":"https:\/\/saludsostenible.es\/product\/ergyfem-bienestar\/#breadcrumb"},"inLanguage":"en-GB","potentialAction":[{"@type":"ReadAction","target":["https:\/\/saludsostenible.es\/product\/ergyfem-bienestar\/"]}]},{"@type":"ImageObject","inLanguage":"en-GB","@id":"https:\/\/saludsostenible.es\/product\/ergyfem-bienestar\/#primaryimage","url":"https:\/\/saludsostenible.es\/wp-content\/uploads\/2025\/09\/ergyfem-bienestar.jpg","contentUrl":"https:\/\/saludsostenible.es\/wp-content\/uploads\/2025\/09\/ergyfem-bienestar.jpg","width":600,"height":600},{"@type":"BreadcrumbList","@id":"https:\/\/saludsostenible.es\/product\/ergyfem-bienestar\/#breadcrumb","itemListElement":[{"@type":"ListItem","position":1,"name":"Home","item":"https:\/\/saludsostenible.es\/"},{"@type":"ListItem","position":2,"name":"Tienda","item":"https:\/\/saludsostenible.es\/tienda\/"},{"@type":"ListItem","position":3,"name":"ERGYFEM BIENESTAR"}]},{"@type":"WebSite","@id":"https:\/\/saludsostenible.es\/#website","url":"https:\/\/saludsostenible.es\/","name":"Salud Sostenible Beauty & Longevity","description":"Plataforma de consulta online y acceso a especialistas privados: salud integrativa, beauty y longevidad. Inicia tu perfil de salud metab\u00f3lica.","publisher":{"@id":"https:\/\/saludsostenible.es\/#organization"},"alternateName":"Salud Sostenible","potentialAction":[{"@type":"SearchAction","target":{"@type":"EntryPoint","urlTemplate":"https:\/\/saludsostenible.es\/?s={search_term_string}"},"query-input":{"@type":"PropertyValueSpecification","valueRequired":true,"valueName":"search_term_string"}}],"inLanguage":"en-GB"},{"@type":"Organization","@id":"https:\/\/saludsostenible.es\/#organization","name":"Salud Sostenible by Fabrice Lef\u00e8vre Institute","alternateName":"Osteopat\u00eda en Barcelona, Madrid y Marbella","url":"https:\/\/saludsostenible.es\/","logo":{"@type":"ImageObject","inLanguage":"en-GB","@id":"https:\/\/saludsostenible.es\/#\/schema\/logo\/image\/","url":"https:\/\/saludsostenible.es\/wp-content\/uploads\/2024\/08\/probodyone-blog.jpg","contentUrl":"https:\/\/saludsostenible.es\/wp-content\/uploads\/2024\/08\/probodyone-blog.jpg","width":1600,"height":550,"caption":"Salud Sostenible by Fabrice Lef\u00e8vre Institute"},"image":{"@id":"https:\/\/saludsostenible.es\/#\/schema\/logo\/image\/"},"sameAs":["https:\/\/www.facebook.com\/ProbodyoneBarcelona","https:\/\/x.com\/probodyone","https:\/\/www.youtube.com\/@Probodyone\/videos"]}]}},"_links":{"self":[{"href":"https:\/\/saludsostenible.es\/en\/wp-json\/wp\/v2\/product\/501214","targetHints":{"allow":["GET"]}}],"collection":[{"href":"https:\/\/saludsostenible.es\/en\/wp-json\/wp\/v2\/product"}],"about":[{"href":"https:\/\/saludsostenible.es\/en\/wp-json\/wp\/v2\/types\/product"}],"wp:featuredmedia":[{"embeddable":true,"href":"https:\/\/saludsostenible.es\/en\/wp-json\/wp\/v2\/media\/501215"}],"wp:attachment":[{"href":"https:\/\/saludsostenible.es\/en\/wp-json\/wp\/v2\/media?parent=501214"}],"wp:term":[{"taxonomy":"product_brand","embeddable":true,"href":"https:\/\/saludsostenible.es\/en\/wp-json\/wp\/v2\/product_brand?post=501214"},{"taxonomy":"product_cat","embeddable":true,"href":"https:\/\/saludsostenible.es\/en\/wp-json\/wp\/v2\/product_cat?post=501214"},{"taxonomy":"product_tag","embeddable":true,"href":"https:\/\/saludsostenible.es\/en\/wp-json\/wp\/v2\/product_tag?post=501214"}],"curies":[{"name":"wp","href":"https:\/\/api.w.org\/{rel}","templated":true}]}}