{"id":501216,"date":"2025-09-10T20:16:06","date_gmt":"2025-09-10T20:16:06","guid":{"rendered":"https:\/\/saludsostenible.es\/product\/ergyfem-equilibrio\/"},"modified":"2025-09-10T20:16:09","modified_gmt":"2025-09-10T20:16:09","slug":"ergyfem-equilibrio","status":"publish","type":"product","link":"https:\/\/saludsostenible.es\/en\/product\/ergyfem-equilibrio\/","title":{"rendered":"ERGYFEM EQUILIBRIO"},"content":{"rendered":"<p>Indicaciones<br \/>\nEs una\u00a0f\u00f3rmula vegetal sin hormonas\u00a0, beneficiosa para la mujer durante la menopausia.<br \/>\nEl azafr\u00e1n ayuda a mejorar los signos de\u00a0la menopausia\u00a0, como la irritabilidad y los sofocos.<br \/>\nOtros 3 extractos de plantas completan la f\u00f3rmula: extractos\u00a0de polen, diente de le\u00f3n y semillas de uva\u00a0.<br \/>\nLa f\u00f3rmula se completa con una sinergia de\u00a06 vitaminas y 4 minerales, con una dosis reforzada\u00a0de magnesio que apoya el funcionamiento del\u00a0sistema nervioso\u00a0y contribuye a\u00a0la reducci\u00f3n de la fatiga\u00a0.<br \/>\nERGYFEM Equilibrio puede recomendarse para\u00a0favorecer el equilibrio femenino durante la menopausia\u00a0, en caso de:<br \/>\nSofocos<br \/>\nIrritabilidad<br \/>\nFatiga<br \/>\nEstr\u00e9s<br \/>\nTrastornos del sue\u00f1o<br \/>\nVentajas<br \/>\nLa vitamina\u00a0B6\u00a0es interesante por su papel en la actividad hormonal.<br \/>\nEl cromo\u00a0contribuye\u00a0al mantenimiento de niveles normales de az\u00facar en sangre.<br \/>\nEl magnesio\u00a0y\u00a0el zinc\u00a0ayudan\u00a0a mantener\u00a0huesos fuertes.<br \/>\nA menudo debilitado durante la menopausia,\u00a0el cabello\u00a0tambi\u00e9n se mantiene sano\u00a0gracias al\u00a0zinc\u00a0y\u00a0al selenio\u00a0.<br \/>\nERGYFEM EQUILIBRIO\u00a0ofrece as\u00ed una soluci\u00f3n\u00a0sin fitoestr\u00f3genos,\u00a0sin soja, sin colorantes, sin conservantes.<br \/>\nIngredientes<br \/>\nBisglicinato y \u00f3xido de magnesio, fibra de acacia\u00a0(Acacia seyal),\u00a0extracto de polen ( Palmera datilera)\u00a0,\u00a0gluconato de zinc, extracto de diente de le\u00f3n\u00a0(Taraxacum officinale\u00a0Weber.\u00a0),\u00a0vitaminas B1 (\u00a0clorhidrato de tiamina), B2 (riboflavina), B3 (nicotinamida), B5 (D-pantotenato de calcio). ), B6 \u200b\u200b(clorhidrato de piridoxina) y B9 (L-metilfolato de calcio), extracto de azafr\u00e1n\u00a0(Crocus sativus\u00a0L.\u00a0),\u00a0extracto de semilla de uva\u00a0(Vitis vinifera\u00a0L.\u00a0),\u00a0antiaglomerante:\u00a0sales magn\u00e9sicas de \u00e1cidos grasos; selenito de sodio,\u00a0cloruro de cromo. C\u00e1psula: gelatina\u00a0de pescado\u00a0.<br \/>\nComposici\u00f3n (por dosis diaria &#8211; 2 c\u00e1psulas)<br \/>\nIngrediente<br \/>\nCantidad<br \/>\n% VRN*<br \/>\nFibra de acacia (Acacia seyal)<br \/>\n135\u202fmg<br \/>\n\u2014<br \/>\nExtracto de polen<br \/>\n35\u202fmg<br \/>\n\u2014<br \/>\nExtracto de diente de le\u00f3n<br \/>\n20\u202fmg<br \/>\n\u2014<br \/>\nExtracto de azafr\u00e1n (Crocus s.)<br \/>\n15\u202fmg<br \/>\n\u2014<br \/>\nExtracto de semilla de uva<br \/>\n12,5\u202fmg<br \/>\n\u2014<br \/>\nMagnesio (bisglicinato + \u00f3xido)<br \/>\n56,25\u202fmg<br \/>\n15\u202f%<br \/>\nZinc (gluconato)<br \/>\n3\u202fmg<br \/>\n30\u202f%<br \/>\nSelenio (selenito de sodio)<br \/>\n16,5\u202f\u00b5g<br \/>\n30\u202f%<br \/>\nCromo (cloruro)<br \/>\n12\u202f\u00b5g<br \/>\n30\u202f%<br \/>\nVitamina\u202fB1 (tiamina)<br \/>\n0,55\u202fmg<br \/>\n50\u202f%<br \/>\nVitamina\u202fB2 (riboflavina)<br \/>\n0,7\u202fmg<br \/>\n50\u202f%<br \/>\nVitamina\u202fB3 (niacina)<br \/>\n8\u202fmg<br \/>\n50\u202f%<br \/>\nVitamina\u202fB5 (D-pantotenato)<br \/>\n3\u202fmg<br \/>\n50\u202f%<br \/>\nVitamina\u202fB6 (piridoxina)<br \/>\n0,7\u202fmg<br \/>\n50\u202f%<br \/>\nVitamina\u202fB9 (Lmetilfolato)<br \/>\n100\u202f\u00b5g<br \/>\n50\u202f%<br \/>\nLibre de:<br \/>\nGluten<br \/>\nLactosa<br \/>\nConservantes<br \/>\nColorantes artificiales<br \/>\nIndicaciones de uso<br \/>\n2 c\u00e1psulas al d\u00eda, durante una comida<br \/>\nPrecauciones<br \/>\nNo consumir por mujeres embarazadas o en per\u00edodo de lactancia (diente de le\u00f3n y azafr\u00e1n).<br \/>\nNo recomendado en personas que toman antidepresivos (azafr\u00e1n), en casos de \u00falcera p\u00e9ptica, obstrucciones biliares, insuficiencia cardiaca o renal edematosa y alergia a plantas de la familia de las Aster\u00e1ceas (diente de le\u00f3n) o a algunos de sus componentes<br \/>\nNo sustituye a una dieta variada y equilibrada y a un estilo de vida saludable.<br \/>\nNo exceda la dosis diaria recomendada.<br \/>\nNo abrir la c\u00e1psula<\/p>","protected":false},"excerpt":{"rendered":"<p>ERGYFEM EQUILIBRIO es un complemento alimenticio formulado especialmente para acompa\u00f1ar a la mujer durante el ciclo premenstrual y perimenop\u00e1usico. Su combinaci\u00f3n de extractos vegetales, vitaminas, minerales y nutrientes espec\u00edficos ayuda a regular el equilibrio hormonal, aliviar los s\u00edntomas emocionales y f\u00edsicos asociados a los cambios hormonales, mejorando el bienestar general femenino.<\/p>","protected":false},"featured_media":501217,"template":"","meta":[],"product_brand":[185],"product_cat":[186,254,262],"product_tag":[],"class_list":{"0":"post-501216","1":"product","2":"type-product","3":"status-publish","4":"has-post-thumbnail","6":"product_brand-laboratorio-nutergia","7":"product_cat-laboratorio-nutergia","8":"product_cat-salud-hormonal-femenina","9":"product_cat-suplementos-micronutricionales","10":"product_shipping_class-producto-fisico","12":"first","13":"instock","14":"purchasable","15":"product-type-simple"},"yoast_head":"<!-- This site is optimized with the Yoast SEO Premium plugin v22.9 (Yoast SEO v27.6) - https:\/\/yoast.com\/product\/yoast-seo-premium-wordpress\/ -->\n<title>ERGYFEM EQUILIBRIO - Salud Sostenible by Fabrice Lef&egrave;vre Institute<\/title>\n<meta name=\"robots\" content=\"index, follow, max-snippet:-1, max-image-preview:large, max-video-preview:-1\" \/>\n<link rel=\"canonical\" href=\"https:\/\/saludsostenible.es\/en\/product\/ergyfem-equilibrio\/\" \/>\n<meta property=\"og:locale\" content=\"en_GB\" \/>\n<meta property=\"og:type\" content=\"article\" \/>\n<meta property=\"og:title\" content=\"ERGYFEM EQUILIBRIO\" \/>\n<meta property=\"og:description\" content=\"ERGYFEM EQUILIBRIO es un complemento alimenticio formulado especialmente para acompa\u00f1ar a la mujer durante el ciclo premenstrual y perimenop\u00e1usico. Su combinaci\u00f3n de extractos vegetales, vitaminas, minerales y nutrientes espec\u00edficos ayuda a regular el equilibrio hormonal, aliviar los s\u00edntomas emocionales y f\u00edsicos asociados a los cambios hormonales, mejorando el bienestar general femenino.\" \/>\n<meta property=\"og:url\" content=\"https:\/\/saludsostenible.es\/en\/product\/ergyfem-equilibrio\/\" \/>\n<meta property=\"og:site_name\" content=\"Salud Sostenible by Fabrice Lef&egrave;vre Institute\" \/>\n<meta property=\"article:publisher\" content=\"https:\/\/www.facebook.com\/ProbodyoneBarcelona\" \/>\n<meta property=\"article:modified_time\" content=\"2025-09-10T20:16:09+00:00\" \/>\n<meta property=\"og:image\" content=\"https:\/\/saludsostenible.es\/wp-content\/uploads\/2025\/09\/ergyfem-equilibrio.jpg\" \/>\n\t<meta property=\"og:image:width\" content=\"600\" \/>\n\t<meta property=\"og:image:height\" content=\"600\" \/>\n\t<meta property=\"og:image:type\" content=\"image\/png\" \/>\n<meta name=\"twitter:card\" content=\"summary_large_image\" \/>\n<meta name=\"twitter:site\" content=\"@probodyone\" \/>\n<meta name=\"twitter:label1\" content=\"Estimated reading time\" \/>\n\t<meta name=\"twitter:data1\" content=\"2 minutes\" \/>\n<script type=\"application\/ld+json\" class=\"yoast-schema-graph\">{\"@context\":\"https:\\\/\\\/schema.org\",\"@graph\":[{\"@type\":\"WebPage\",\"@id\":\"https:\\\/\\\/saludsostenible.es\\\/product\\\/ergyfem-equilibrio\\\/\",\"url\":\"https:\\\/\\\/saludsostenible.es\\\/product\\\/ergyfem-equilibrio\\\/\",\"name\":\"ERGYFEM EQUILIBRIO - Salud Sostenible by Fabrice Lef&egrave;vre Institute\",\"isPartOf\":{\"@id\":\"https:\\\/\\\/saludsostenible.es\\\/#website\"},\"primaryImageOfPage\":{\"@id\":\"https:\\\/\\\/saludsostenible.es\\\/product\\\/ergyfem-equilibrio\\\/#primaryimage\"},\"image\":{\"@id\":\"https:\\\/\\\/saludsostenible.es\\\/product\\\/ergyfem-equilibrio\\\/#primaryimage\"},\"thumbnailUrl\":\"https:\\\/\\\/saludsostenible.es\\\/wp-content\\\/uploads\\\/2025\\\/09\\\/ergyfem-equilibrio.jpg\",\"datePublished\":\"2025-09-10T20:16:06+00:00\",\"dateModified\":\"2025-09-10T20:16:09+00:00\",\"breadcrumb\":{\"@id\":\"https:\\\/\\\/saludsostenible.es\\\/product\\\/ergyfem-equilibrio\\\/#breadcrumb\"},\"inLanguage\":\"en-GB\",\"potentialAction\":[{\"@type\":\"ReadAction\",\"target\":[\"https:\\\/\\\/saludsostenible.es\\\/product\\\/ergyfem-equilibrio\\\/\"]}]},{\"@type\":\"ImageObject\",\"inLanguage\":\"en-GB\",\"@id\":\"https:\\\/\\\/saludsostenible.es\\\/product\\\/ergyfem-equilibrio\\\/#primaryimage\",\"url\":\"https:\\\/\\\/saludsostenible.es\\\/wp-content\\\/uploads\\\/2025\\\/09\\\/ergyfem-equilibrio.jpg\",\"contentUrl\":\"https:\\\/\\\/saludsostenible.es\\\/wp-content\\\/uploads\\\/2025\\\/09\\\/ergyfem-equilibrio.jpg\",\"width\":600,\"height\":600},{\"@type\":\"BreadcrumbList\",\"@id\":\"https:\\\/\\\/saludsostenible.es\\\/product\\\/ergyfem-equilibrio\\\/#breadcrumb\",\"itemListElement\":[{\"@type\":\"ListItem\",\"position\":1,\"name\":\"Home\",\"item\":\"https:\\\/\\\/saludsostenible.es\\\/\"},{\"@type\":\"ListItem\",\"position\":2,\"name\":\"Tienda\",\"item\":\"https:\\\/\\\/saludsostenible.es\\\/tienda\\\/\"},{\"@type\":\"ListItem\",\"position\":3,\"name\":\"ERGYFEM EQUILIBRIO\"}]},{\"@type\":\"WebSite\",\"@id\":\"https:\\\/\\\/saludsostenible.es\\\/#website\",\"url\":\"https:\\\/\\\/saludsostenible.es\\\/\",\"name\":\"Salud Sostenible Beauty & Longevity\",\"description\":\"Plataforma de consulta online y acceso a especialistas privados: salud integrativa, beauty y longevidad. Inicia tu perfil de salud metab\u00f3lica.\",\"publisher\":{\"@id\":\"https:\\\/\\\/saludsostenible.es\\\/#organization\"},\"alternateName\":\"Salud Sostenible\",\"potentialAction\":[{\"@type\":\"SearchAction\",\"target\":{\"@type\":\"EntryPoint\",\"urlTemplate\":\"https:\\\/\\\/saludsostenible.es\\\/?s={search_term_string}\"},\"query-input\":{\"@type\":\"PropertyValueSpecification\",\"valueRequired\":true,\"valueName\":\"search_term_string\"}}],\"inLanguage\":\"en-GB\"},{\"@type\":\"Organization\",\"@id\":\"https:\\\/\\\/saludsostenible.es\\\/#organization\",\"name\":\"Salud Sostenible by Fabrice Lef\u00e8vre Institute\",\"alternateName\":\"Osteopat\u00eda en Barcelona, Madrid y Marbella\",\"url\":\"https:\\\/\\\/saludsostenible.es\\\/\",\"logo\":{\"@type\":\"ImageObject\",\"inLanguage\":\"en-GB\",\"@id\":\"https:\\\/\\\/saludsostenible.es\\\/#\\\/schema\\\/logo\\\/image\\\/\",\"url\":\"https:\\\/\\\/saludsostenible.es\\\/wp-content\\\/uploads\\\/2024\\\/08\\\/probodyone-blog.jpg\",\"contentUrl\":\"https:\\\/\\\/saludsostenible.es\\\/wp-content\\\/uploads\\\/2024\\\/08\\\/probodyone-blog.jpg\",\"width\":1600,\"height\":550,\"caption\":\"Salud Sostenible by Fabrice Lef\u00e8vre Institute\"},\"image\":{\"@id\":\"https:\\\/\\\/saludsostenible.es\\\/#\\\/schema\\\/logo\\\/image\\\/\"},\"sameAs\":[\"https:\\\/\\\/www.facebook.com\\\/ProbodyoneBarcelona\",\"https:\\\/\\\/x.com\\\/probodyone\",\"https:\\\/\\\/www.youtube.com\\\/@Probodyone\\\/videos\"]}]}<\/script>\n<!-- \/ Yoast SEO Premium plugin. -->","yoast_head_json":{"title":"ERGYFEM EQUILIBRIO - Salud Sostenible by Fabrice Lef&egrave;vre Institute","robots":{"index":"index","follow":"follow","max-snippet":"max-snippet:-1","max-image-preview":"max-image-preview:large","max-video-preview":"max-video-preview:-1"},"canonical":"https:\/\/saludsostenible.es\/en\/product\/ergyfem-equilibrio\/","og_locale":"en_GB","og_type":"article","og_title":"ERGYFEM EQUILIBRIO","og_description":"ERGYFEM EQUILIBRIO es un complemento alimenticio formulado especialmente para acompa\u00f1ar a la mujer durante el ciclo premenstrual y perimenop\u00e1usico. Su combinaci\u00f3n de extractos vegetales, vitaminas, minerales y nutrientes espec\u00edficos ayuda a regular el equilibrio hormonal, aliviar los s\u00edntomas emocionales y f\u00edsicos asociados a los cambios hormonales, mejorando el bienestar general femenino.","og_url":"https:\/\/saludsostenible.es\/en\/product\/ergyfem-equilibrio\/","og_site_name":"Salud Sostenible by Fabrice Lef&egrave;vre Institute","article_publisher":"https:\/\/www.facebook.com\/ProbodyoneBarcelona","article_modified_time":"2025-09-10T20:16:09+00:00","og_image":[{"width":600,"height":600,"url":"https:\/\/saludsostenible.es\/wp-content\/uploads\/2025\/09\/ergyfem-equilibrio.jpg","type":"image\/png"}],"twitter_card":"summary_large_image","twitter_site":"@probodyone","twitter_misc":{"Estimated reading time":"2 minutes"},"schema":{"@context":"https:\/\/schema.org","@graph":[{"@type":"WebPage","@id":"https:\/\/saludsostenible.es\/product\/ergyfem-equilibrio\/","url":"https:\/\/saludsostenible.es\/product\/ergyfem-equilibrio\/","name":"ERGYFEM EQUILIBRIO - Salud Sostenible by Fabrice Lef&egrave;vre Institute","isPartOf":{"@id":"https:\/\/saludsostenible.es\/#website"},"primaryImageOfPage":{"@id":"https:\/\/saludsostenible.es\/product\/ergyfem-equilibrio\/#primaryimage"},"image":{"@id":"https:\/\/saludsostenible.es\/product\/ergyfem-equilibrio\/#primaryimage"},"thumbnailUrl":"https:\/\/saludsostenible.es\/wp-content\/uploads\/2025\/09\/ergyfem-equilibrio.jpg","datePublished":"2025-09-10T20:16:06+00:00","dateModified":"2025-09-10T20:16:09+00:00","breadcrumb":{"@id":"https:\/\/saludsostenible.es\/product\/ergyfem-equilibrio\/#breadcrumb"},"inLanguage":"en-GB","potentialAction":[{"@type":"ReadAction","target":["https:\/\/saludsostenible.es\/product\/ergyfem-equilibrio\/"]}]},{"@type":"ImageObject","inLanguage":"en-GB","@id":"https:\/\/saludsostenible.es\/product\/ergyfem-equilibrio\/#primaryimage","url":"https:\/\/saludsostenible.es\/wp-content\/uploads\/2025\/09\/ergyfem-equilibrio.jpg","contentUrl":"https:\/\/saludsostenible.es\/wp-content\/uploads\/2025\/09\/ergyfem-equilibrio.jpg","width":600,"height":600},{"@type":"BreadcrumbList","@id":"https:\/\/saludsostenible.es\/product\/ergyfem-equilibrio\/#breadcrumb","itemListElement":[{"@type":"ListItem","position":1,"name":"Home","item":"https:\/\/saludsostenible.es\/"},{"@type":"ListItem","position":2,"name":"Tienda","item":"https:\/\/saludsostenible.es\/tienda\/"},{"@type":"ListItem","position":3,"name":"ERGYFEM EQUILIBRIO"}]},{"@type":"WebSite","@id":"https:\/\/saludsostenible.es\/#website","url":"https:\/\/saludsostenible.es\/","name":"Salud Sostenible Beauty & Longevity","description":"Plataforma de consulta online y acceso a especialistas privados: salud integrativa, beauty y longevidad. Inicia tu perfil de salud metab\u00f3lica.","publisher":{"@id":"https:\/\/saludsostenible.es\/#organization"},"alternateName":"Salud Sostenible","potentialAction":[{"@type":"SearchAction","target":{"@type":"EntryPoint","urlTemplate":"https:\/\/saludsostenible.es\/?s={search_term_string}"},"query-input":{"@type":"PropertyValueSpecification","valueRequired":true,"valueName":"search_term_string"}}],"inLanguage":"en-GB"},{"@type":"Organization","@id":"https:\/\/saludsostenible.es\/#organization","name":"Salud Sostenible by Fabrice Lef\u00e8vre Institute","alternateName":"Osteopat\u00eda en Barcelona, Madrid y Marbella","url":"https:\/\/saludsostenible.es\/","logo":{"@type":"ImageObject","inLanguage":"en-GB","@id":"https:\/\/saludsostenible.es\/#\/schema\/logo\/image\/","url":"https:\/\/saludsostenible.es\/wp-content\/uploads\/2024\/08\/probodyone-blog.jpg","contentUrl":"https:\/\/saludsostenible.es\/wp-content\/uploads\/2024\/08\/probodyone-blog.jpg","width":1600,"height":550,"caption":"Salud Sostenible by Fabrice Lef\u00e8vre Institute"},"image":{"@id":"https:\/\/saludsostenible.es\/#\/schema\/logo\/image\/"},"sameAs":["https:\/\/www.facebook.com\/ProbodyoneBarcelona","https:\/\/x.com\/probodyone","https:\/\/www.youtube.com\/@Probodyone\/videos"]}]}},"_links":{"self":[{"href":"https:\/\/saludsostenible.es\/en\/wp-json\/wp\/v2\/product\/501216","targetHints":{"allow":["GET"]}}],"collection":[{"href":"https:\/\/saludsostenible.es\/en\/wp-json\/wp\/v2\/product"}],"about":[{"href":"https:\/\/saludsostenible.es\/en\/wp-json\/wp\/v2\/types\/product"}],"wp:featuredmedia":[{"embeddable":true,"href":"https:\/\/saludsostenible.es\/en\/wp-json\/wp\/v2\/media\/501217"}],"wp:attachment":[{"href":"https:\/\/saludsostenible.es\/en\/wp-json\/wp\/v2\/media?parent=501216"}],"wp:term":[{"taxonomy":"product_brand","embeddable":true,"href":"https:\/\/saludsostenible.es\/en\/wp-json\/wp\/v2\/product_brand?post=501216"},{"taxonomy":"product_cat","embeddable":true,"href":"https:\/\/saludsostenible.es\/en\/wp-json\/wp\/v2\/product_cat?post=501216"},{"taxonomy":"product_tag","embeddable":true,"href":"https:\/\/saludsostenible.es\/en\/wp-json\/wp\/v2\/product_tag?post=501216"}],"curies":[{"name":"wp","href":"https:\/\/api.w.org\/{rel}","templated":true}]}}