{"id":501227,"date":"2025-09-10T20:16:06","date_gmt":"2025-09-10T20:16:06","guid":{"rendered":"https:\/\/saludsostenible.es\/product\/precio-1290e-30-capsulas\/"},"modified":"2026-05-14T06:35:25","modified_gmt":"2026-05-14T06:35:25","slug":"npro-leboulardi-2","status":"publish","type":"product","link":"https:\/\/saludsostenible.es\/en\/product\/npro-leboulardi-2\/","title":{"rendered":"NPRO LEBOULARDI"},"content":{"rendered":"<p>NPro\u202fLeboulardi es un complemento alimenticio a base de la levadura probi\u00f3tica Saccharomyces boulardii (250\u202fmg \/ 5\u202f\u00d7\u202f10\u2079\u202fUFC por c\u00e1psula), dise\u00f1ada para favorecer la salud intestinal. Su f\u00f3rmula contiene solo levadura y excipientes m\u00ednimos (extracto de bamb\u00fa, almid\u00f3n de arroz, c\u00e1psula vegetal), sin prebi\u00f3ticos ni fibras, lo que la hace compatible con dietas FODMAP, bajas en histamina y SIBO<br \/>\nDescripci\u00f3n del Producto<br \/>\n\u00bfQu\u00e9 hace tu microbiota por ti?<br \/>\nLa microbiota intestinal est\u00e1 compuesta por millones de bacterias, hongos y virus que viven en nuestro intestino en un delicado equilibrio.<br \/>\nEste rico ecosistema cumple una gran variedad de funciones: sintetizan vitaminas, \u00e1cidos grasos de cadena corta y neurotransmisores, apoyan la digesti\u00f3n y el metabolismo, favorecen una correcta respuesta inmunitaria, compiten con microorganismos perjudiciales, etc.<br \/>\n\u00bfPor qu\u00e9 puede desequilibrarse la microbiota?<br \/>\nDiversos factores pueden alterar este equilibrio: una dieta inadecuada, un consumo excesivo de alcohol, el estr\u00e9s cr\u00f3nico, infecciones v\u00edricas o bacterianas, el uso de antibi\u00f3ticos, el consumo de alimentos en mal estado o viajes a zonas con est\u00e1ndares de higiene bajos.<br \/>\nPor ello, para recuperar una microbiota diversa y equilibrada, es fundamental adoptar h\u00e1bitos saludables. Una dieta rica en alimentos integrales, frutas, verduras y alimentos fermentados, junto con un manejo adecuado del estr\u00e9s y una buena calidad de sue\u00f1o, puede marcar una gran diferencia en la salud de tu microbiota intestinal.<br \/>\n\u00bfQu\u00e9 es Saccharomyces boulardii?<br \/>\nSaccharomyces boulardii es una levadura natural que se aisl\u00f3 por primera vez en 1923 de la piel del lichi y el mangost\u00e1n. Es uno de los probi\u00f3ticos m\u00e1s resistentes, ya que puede sobrevivir al ambiente \u00e1cido del est\u00f3mago y la acci\u00f3n de las enzimas digestivas, lo que le permite llegar viva al intestino, donde ejerce sus efectos beneficiosos.<br \/>\nA diferencia de las bacterias probi\u00f3ticas, las levaduras como S. boulardii no se ven afectadas por los tratamientos con antibi\u00f3ticos, lo que las convierte en una opci\u00f3n ideal para proteger y restaurar la microbiota en situaciones de desequilibrio.<\/p>\n<p>FORMATO: Bote de 30 c\u00e1psulas.<br \/>\nBote de 60 c\u00e1psulas<\/p>\n<p>MODO DE EMPLEO: Tomar de 1 a 3 c\u00e1psulas al d\u00eda preferiblemente junto a las comidas (1 cada comida). Puede tomarse con alimentos o con el est\u00f3mago vac\u00edo porque resiste la acidez intestinal.<br \/>\nDosis por c\u00e1psula Saccharomyces boulardii5 mil millones de UFC 250 mg<\/p>","protected":false},"excerpt":{"rendered":"<p>NPro\u202fLeboulardi es un complemento alimenticio a base de la levadura probi\u00f3tica Saccharomyces boulardii (250\u202fmg \/ 5\u202f\u00d7\u202f10\u2079\u202fUFC por c\u00e1psula), dise\u00f1ada para favorecer la salud intestinal. Su f\u00f3rmula contiene solo levadura y excipientes m\u00ednimos (extracto de bamb\u00fa, almid\u00f3n de arroz, c\u00e1psula vegetal), sin prebi\u00f3ticos ni fibras, lo que la hace compatible con dietas FODMAP, bajas en histamina y SIBO<br \/>\nDescripci\u00f3n del Producto<br \/>\n\u00bfQu\u00e9 hace tu microbiota por ti?<\/p>","protected":false},"featured_media":501228,"template":"","meta":[],"product_brand":[187],"product_cat":[188,262],"product_tag":[],"class_list":{"0":"post-501227","1":"product","2":"type-product","3":"status-publish","4":"has-post-thumbnail","6":"product_brand-n-pro","7":"product_cat-n-pro","8":"product_cat-suplementos-micronutricionales","9":"product_shipping_class-producto-fisico","11":"first","12":"instock","13":"purchasable","14":"product-type-variable","15":"has-default-attributes"},"yoast_head":"<!-- This site is optimized with the Yoast SEO Premium plugin v22.9 (Yoast SEO v27.6) - https:\/\/yoast.com\/product\/yoast-seo-premium-wordpress\/ -->\n<title>NPRO LEBOULARDI - Salud Sostenible by Fabrice Lef&egrave;vre Institute<\/title>\n<meta name=\"robots\" content=\"index, follow, max-snippet:-1, max-image-preview:large, max-video-preview:-1\" \/>\n<link rel=\"canonical\" href=\"https:\/\/saludsostenible.es\/en\/product\/npro-leboulardi-2\/\" \/>\n<meta property=\"og:locale\" content=\"en_GB\" \/>\n<meta property=\"og:type\" content=\"article\" \/>\n<meta property=\"og:title\" content=\"NPRO LEBOULARDI\" \/>\n<meta property=\"og:description\" content=\"NPro\u202fLeboulardi es un complemento alimenticio a base de la levadura probi\u00f3tica Saccharomyces boulardii (250\u202fmg \/ 5\u202f\u00d7\u202f10\u2079\u202fUFC por c\u00e1psula), dise\u00f1ada para favorecer la salud intestinal. Su f\u00f3rmula contiene solo levadura y excipientes m\u00ednimos (extracto de bamb\u00fa, almid\u00f3n de arroz, c\u00e1psula vegetal), sin prebi\u00f3ticos ni fibras, lo que la hace compatible con dietas FODMAP, bajas en histamina y SIBO Descripci\u00f3n del Producto \u00bfQu\u00e9 hace tu microbiota por ti?\" \/>\n<meta property=\"og:url\" content=\"https:\/\/saludsostenible.es\/en\/product\/npro-leboulardi-2\/\" \/>\n<meta property=\"og:site_name\" content=\"Salud Sostenible by Fabrice Lef&egrave;vre Institute\" \/>\n<meta property=\"article:publisher\" content=\"https:\/\/www.facebook.com\/ProbodyoneBarcelona\" \/>\n<meta property=\"article:modified_time\" content=\"2026-05-14T06:35:25+00:00\" \/>\n<meta property=\"og:image\" content=\"https:\/\/saludsostenible.es\/wp-content\/uploads\/2025\/09\/precio-1290-30-capsulas.jpg\" \/>\n\t<meta property=\"og:image:width\" content=\"403\" \/>\n\t<meta property=\"og:image:height\" content=\"786\" \/>\n\t<meta property=\"og:image:type\" content=\"image\/png\" \/>\n<meta name=\"twitter:card\" content=\"summary_large_image\" \/>\n<meta name=\"twitter:site\" content=\"@probodyone\" \/>\n<meta name=\"twitter:label1\" content=\"Estimated reading time\" \/>\n\t<meta name=\"twitter:data1\" content=\"2 minutes\" \/>\n<script type=\"application\/ld+json\" class=\"yoast-schema-graph\">{\"@context\":\"https:\\\/\\\/schema.org\",\"@graph\":[{\"@type\":\"WebPage\",\"@id\":\"https:\\\/\\\/saludsostenible.es\\\/product\\\/npro-leboulardi-2\\\/\",\"url\":\"https:\\\/\\\/saludsostenible.es\\\/product\\\/npro-leboulardi-2\\\/\",\"name\":\"NPRO LEBOULARDI - Salud Sostenible by Fabrice Lef&egrave;vre Institute\",\"isPartOf\":{\"@id\":\"https:\\\/\\\/saludsostenible.es\\\/#website\"},\"primaryImageOfPage\":{\"@id\":\"https:\\\/\\\/saludsostenible.es\\\/product\\\/npro-leboulardi-2\\\/#primaryimage\"},\"image\":{\"@id\":\"https:\\\/\\\/saludsostenible.es\\\/product\\\/npro-leboulardi-2\\\/#primaryimage\"},\"thumbnailUrl\":\"https:\\\/\\\/saludsostenible.es\\\/wp-content\\\/uploads\\\/2025\\\/09\\\/precio-1290-30-capsulas.jpg\",\"datePublished\":\"2025-09-10T20:16:06+00:00\",\"dateModified\":\"2026-05-14T06:35:25+00:00\",\"breadcrumb\":{\"@id\":\"https:\\\/\\\/saludsostenible.es\\\/product\\\/npro-leboulardi-2\\\/#breadcrumb\"},\"inLanguage\":\"en-GB\",\"potentialAction\":[{\"@type\":\"ReadAction\",\"target\":[\"https:\\\/\\\/saludsostenible.es\\\/product\\\/npro-leboulardi-2\\\/\"]}]},{\"@type\":\"ImageObject\",\"inLanguage\":\"en-GB\",\"@id\":\"https:\\\/\\\/saludsostenible.es\\\/product\\\/npro-leboulardi-2\\\/#primaryimage\",\"url\":\"https:\\\/\\\/saludsostenible.es\\\/wp-content\\\/uploads\\\/2025\\\/09\\\/precio-1290-30-capsulas.jpg\",\"contentUrl\":\"https:\\\/\\\/saludsostenible.es\\\/wp-content\\\/uploads\\\/2025\\\/09\\\/precio-1290-30-capsulas.jpg\",\"width\":403,\"height\":786},{\"@type\":\"BreadcrumbList\",\"@id\":\"https:\\\/\\\/saludsostenible.es\\\/product\\\/npro-leboulardi-2\\\/#breadcrumb\",\"itemListElement\":[{\"@type\":\"ListItem\",\"position\":1,\"name\":\"Home\",\"item\":\"https:\\\/\\\/saludsostenible.es\\\/\"},{\"@type\":\"ListItem\",\"position\":2,\"name\":\"Tienda\",\"item\":\"https:\\\/\\\/saludsostenible.es\\\/tienda\\\/\"},{\"@type\":\"ListItem\",\"position\":3,\"name\":\"NPRO LEBOULARDI\"}]},{\"@type\":\"WebSite\",\"@id\":\"https:\\\/\\\/saludsostenible.es\\\/#website\",\"url\":\"https:\\\/\\\/saludsostenible.es\\\/\",\"name\":\"Salud Sostenible Beauty & Longevity\",\"description\":\"Plataforma de consulta online y acceso a especialistas privados: salud integrativa, beauty y longevidad. Inicia tu perfil de salud metab\u00f3lica.\",\"publisher\":{\"@id\":\"https:\\\/\\\/saludsostenible.es\\\/#organization\"},\"alternateName\":\"Salud Sostenible\",\"potentialAction\":[{\"@type\":\"SearchAction\",\"target\":{\"@type\":\"EntryPoint\",\"urlTemplate\":\"https:\\\/\\\/saludsostenible.es\\\/?s={search_term_string}\"},\"query-input\":{\"@type\":\"PropertyValueSpecification\",\"valueRequired\":true,\"valueName\":\"search_term_string\"}}],\"inLanguage\":\"en-GB\"},{\"@type\":\"Organization\",\"@id\":\"https:\\\/\\\/saludsostenible.es\\\/#organization\",\"name\":\"Salud Sostenible by Fabrice Lef\u00e8vre Institute\",\"alternateName\":\"Osteopat\u00eda en Barcelona, Madrid y Marbella\",\"url\":\"https:\\\/\\\/saludsostenible.es\\\/\",\"logo\":{\"@type\":\"ImageObject\",\"inLanguage\":\"en-GB\",\"@id\":\"https:\\\/\\\/saludsostenible.es\\\/#\\\/schema\\\/logo\\\/image\\\/\",\"url\":\"https:\\\/\\\/saludsostenible.es\\\/wp-content\\\/uploads\\\/2024\\\/08\\\/probodyone-blog.jpg\",\"contentUrl\":\"https:\\\/\\\/saludsostenible.es\\\/wp-content\\\/uploads\\\/2024\\\/08\\\/probodyone-blog.jpg\",\"width\":1600,\"height\":550,\"caption\":\"Salud Sostenible by Fabrice Lef\u00e8vre Institute\"},\"image\":{\"@id\":\"https:\\\/\\\/saludsostenible.es\\\/#\\\/schema\\\/logo\\\/image\\\/\"},\"sameAs\":[\"https:\\\/\\\/www.facebook.com\\\/ProbodyoneBarcelona\",\"https:\\\/\\\/x.com\\\/probodyone\",\"https:\\\/\\\/www.youtube.com\\\/@Probodyone\\\/videos\"]}]}<\/script>\n<!-- \/ Yoast SEO Premium plugin. -->","yoast_head_json":{"title":"NPRO LEBOULARDI - Salud Sostenible by Fabrice Lef&egrave;vre Institute","robots":{"index":"index","follow":"follow","max-snippet":"max-snippet:-1","max-image-preview":"max-image-preview:large","max-video-preview":"max-video-preview:-1"},"canonical":"https:\/\/saludsostenible.es\/en\/product\/npro-leboulardi-2\/","og_locale":"en_GB","og_type":"article","og_title":"NPRO LEBOULARDI","og_description":"NPro\u202fLeboulardi es un complemento alimenticio a base de la levadura probi\u00f3tica Saccharomyces boulardii (250\u202fmg \/ 5\u202f\u00d7\u202f10\u2079\u202fUFC por c\u00e1psula), dise\u00f1ada para favorecer la salud intestinal. Su f\u00f3rmula contiene solo levadura y excipientes m\u00ednimos (extracto de bamb\u00fa, almid\u00f3n de arroz, c\u00e1psula vegetal), sin prebi\u00f3ticos ni fibras, lo que la hace compatible con dietas FODMAP, bajas en histamina y SIBO Descripci\u00f3n del Producto \u00bfQu\u00e9 hace tu microbiota por ti?","og_url":"https:\/\/saludsostenible.es\/en\/product\/npro-leboulardi-2\/","og_site_name":"Salud Sostenible by Fabrice Lef&egrave;vre Institute","article_publisher":"https:\/\/www.facebook.com\/ProbodyoneBarcelona","article_modified_time":"2026-05-14T06:35:25+00:00","og_image":[{"width":403,"height":786,"url":"https:\/\/saludsostenible.es\/wp-content\/uploads\/2025\/09\/precio-1290-30-capsulas.jpg","type":"image\/png"}],"twitter_card":"summary_large_image","twitter_site":"@probodyone","twitter_misc":{"Estimated reading time":"2 minutes"},"schema":{"@context":"https:\/\/schema.org","@graph":[{"@type":"WebPage","@id":"https:\/\/saludsostenible.es\/product\/npro-leboulardi-2\/","url":"https:\/\/saludsostenible.es\/product\/npro-leboulardi-2\/","name":"NPRO LEBOULARDI - Salud Sostenible by Fabrice Lef&egrave;vre Institute","isPartOf":{"@id":"https:\/\/saludsostenible.es\/#website"},"primaryImageOfPage":{"@id":"https:\/\/saludsostenible.es\/product\/npro-leboulardi-2\/#primaryimage"},"image":{"@id":"https:\/\/saludsostenible.es\/product\/npro-leboulardi-2\/#primaryimage"},"thumbnailUrl":"https:\/\/saludsostenible.es\/wp-content\/uploads\/2025\/09\/precio-1290-30-capsulas.jpg","datePublished":"2025-09-10T20:16:06+00:00","dateModified":"2026-05-14T06:35:25+00:00","breadcrumb":{"@id":"https:\/\/saludsostenible.es\/product\/npro-leboulardi-2\/#breadcrumb"},"inLanguage":"en-GB","potentialAction":[{"@type":"ReadAction","target":["https:\/\/saludsostenible.es\/product\/npro-leboulardi-2\/"]}]},{"@type":"ImageObject","inLanguage":"en-GB","@id":"https:\/\/saludsostenible.es\/product\/npro-leboulardi-2\/#primaryimage","url":"https:\/\/saludsostenible.es\/wp-content\/uploads\/2025\/09\/precio-1290-30-capsulas.jpg","contentUrl":"https:\/\/saludsostenible.es\/wp-content\/uploads\/2025\/09\/precio-1290-30-capsulas.jpg","width":403,"height":786},{"@type":"BreadcrumbList","@id":"https:\/\/saludsostenible.es\/product\/npro-leboulardi-2\/#breadcrumb","itemListElement":[{"@type":"ListItem","position":1,"name":"Home","item":"https:\/\/saludsostenible.es\/"},{"@type":"ListItem","position":2,"name":"Tienda","item":"https:\/\/saludsostenible.es\/tienda\/"},{"@type":"ListItem","position":3,"name":"NPRO LEBOULARDI"}]},{"@type":"WebSite","@id":"https:\/\/saludsostenible.es\/#website","url":"https:\/\/saludsostenible.es\/","name":"Salud Sostenible Beauty & Longevity","description":"Plataforma de consulta online y acceso a especialistas privados: salud integrativa, beauty y longevidad. Inicia tu perfil de salud metab\u00f3lica.","publisher":{"@id":"https:\/\/saludsostenible.es\/#organization"},"alternateName":"Salud Sostenible","potentialAction":[{"@type":"SearchAction","target":{"@type":"EntryPoint","urlTemplate":"https:\/\/saludsostenible.es\/?s={search_term_string}"},"query-input":{"@type":"PropertyValueSpecification","valueRequired":true,"valueName":"search_term_string"}}],"inLanguage":"en-GB"},{"@type":"Organization","@id":"https:\/\/saludsostenible.es\/#organization","name":"Salud Sostenible by Fabrice Lef\u00e8vre Institute","alternateName":"Osteopat\u00eda en Barcelona, Madrid y Marbella","url":"https:\/\/saludsostenible.es\/","logo":{"@type":"ImageObject","inLanguage":"en-GB","@id":"https:\/\/saludsostenible.es\/#\/schema\/logo\/image\/","url":"https:\/\/saludsostenible.es\/wp-content\/uploads\/2024\/08\/probodyone-blog.jpg","contentUrl":"https:\/\/saludsostenible.es\/wp-content\/uploads\/2024\/08\/probodyone-blog.jpg","width":1600,"height":550,"caption":"Salud Sostenible by Fabrice Lef\u00e8vre Institute"},"image":{"@id":"https:\/\/saludsostenible.es\/#\/schema\/logo\/image\/"},"sameAs":["https:\/\/www.facebook.com\/ProbodyoneBarcelona","https:\/\/x.com\/probodyone","https:\/\/www.youtube.com\/@Probodyone\/videos"]}]}},"_links":{"self":[{"href":"https:\/\/saludsostenible.es\/en\/wp-json\/wp\/v2\/product\/501227","targetHints":{"allow":["GET"]}}],"collection":[{"href":"https:\/\/saludsostenible.es\/en\/wp-json\/wp\/v2\/product"}],"about":[{"href":"https:\/\/saludsostenible.es\/en\/wp-json\/wp\/v2\/types\/product"}],"wp:featuredmedia":[{"embeddable":true,"href":"https:\/\/saludsostenible.es\/en\/wp-json\/wp\/v2\/media\/501228"}],"wp:attachment":[{"href":"https:\/\/saludsostenible.es\/en\/wp-json\/wp\/v2\/media?parent=501227"}],"wp:term":[{"taxonomy":"product_brand","embeddable":true,"href":"https:\/\/saludsostenible.es\/en\/wp-json\/wp\/v2\/product_brand?post=501227"},{"taxonomy":"product_cat","embeddable":true,"href":"https:\/\/saludsostenible.es\/en\/wp-json\/wp\/v2\/product_cat?post=501227"},{"taxonomy":"product_tag","embeddable":true,"href":"https:\/\/saludsostenible.es\/en\/wp-json\/wp\/v2\/product_tag?post=501227"}],"curies":[{"name":"wp","href":"https:\/\/api.w.org\/{rel}","templated":true}]}}