{"id":501233,"date":"2025-09-10T20:16:06","date_gmt":"2025-09-10T20:16:06","guid":{"rendered":"https:\/\/saludsostenible.es\/product\/npro-enzimtolerance\/"},"modified":"2026-05-14T06:43:09","modified_gmt":"2026-05-14T06:43:09","slug":"npro-enzimtolerance","status":"publish","type":"product","link":"https:\/\/saludsostenible.es\/en\/product\/npro-enzimtolerance\/","title":{"rendered":"NPRO ENZIMTOLERANCE 60 CAPSULAS"},"content":{"rendered":"<p>NPro\u202fEnzimTolerance est\u00e1 formulado con un mix enzim\u00e1tico de 18 enzimas entre las que destacan dipeptilpeptidasa (DPP4) y xilosa isomerasa. En la alimentaci\u00f3n actual est\u00e1n presentes altas cantidades de fructosa as\u00ed como cereales que contienen gluten. En las digestiones pesadas puede ayudar un aporte de enzimas.<\/p>\n<p>Descripci\u00f3n del Producto<br \/>\nEl papel de las enzimas en la digesti\u00f3n<br \/>\nLas enzimas digestivas son estructuras producidas en distintas \u00e1reas del sistema digestivo como la boca, el est\u00f3mago, el p\u00e1ncreas y el intestino delgado.<br \/>\nCada una de ellas act\u00faa sobre un grupo de nutrientes espec\u00edficos, dividiendo mol\u00e9culas complejas en part\u00edculas m\u00e1s peque\u00f1as que el cuerpo puede absorber y utilizar.<br \/>\nDigesti\u00f3n de carbohidratos y fibra<br \/>\nLa amilasa degrada los almidones presentes en alimentos como patatas y cereales, mientras que la lactasa act\u00faa sobre la lactosa de la leche, y la invertasa descompone la sacarosa, componente del az\u00facar de mesa.<br \/>\nLa xilosa isomerasa es una enzima clave en el metabolismo de la fructosa, ayudando a convertir este az\u00facar en glucosa, facilitando su absorci\u00f3n.<br \/>\nOtras enzimas, como la celulasa y la hemicelulasa, apoyan la digesti\u00f3n de fibras vegetales que el cuerpo humano no puede descomponer de forma natural.<br \/>\nLa pectinasa descompone la pectina, una fibra soluble en frutas como manzanas y c\u00edtricos, mientras que la beta-glucanasa ayuda a procesar los beta-glucanos presentes en la avena, la cebada y algunas setas. La alfa-galactosidasa facilita la digesti\u00f3n de oligosac\u00e1ridos en legumbres y verduras, reduciendo los gases asociados a estos alimentos.<br \/>\nDigesti\u00f3n de prote\u00ednas y grasas<br \/>\nLa digesti\u00f3n de prote\u00ednas requiere de la acci\u00f3n de enzimas proteasas, que las descomponen en amino\u00e1cidos. Las enzimas papa\u00edna, procedente de la papaya, y bromela\u00edna, de la pi\u00f1a, pertenecen a este grupo.<br \/>\nLa DPP4 (dipeptidil peptidasa-4) es una enzima que participa en la digesti\u00f3n de prote\u00ednas ricas en prolina, como el gluten y la case\u00edna. La prolina es un tipo de amino\u00e1cido, que son los bloques b\u00e1sicos de las prote\u00ednas. La prolina es especial porque tiene una estructura \u00fanica que hace que las prote\u00ednas que la contienen (como el gluten y la case\u00edna) sean m\u00e1s dif\u00edciles de descomponer y digerir para el sistema digestivo humano.<br \/>\nLa lipasa, por su parte, facilita la descomposici\u00f3n de las grasas, dividi\u00e9ndolas en \u00e1cidos grasos y glicerol, elementos esenciales para el funcionamiento celular.<br \/>\nAbsorci\u00f3n de minerales y otros nutrientes clave<br \/>\nLa enzima fitasa juega un rol importante en la liberaci\u00f3n de minerales como el hierro, el calcio y el zinc presentes en los alimentos vegetales. Al descomponer los fitatos que los contienen, se mejora la biodisponibilidad de estos nutrientes, promoviendo una nutrici\u00f3n m\u00e1s completa.<\/p>\n<p>FORMATO: Bote de 60 c\u00e1psulas<br \/>\nMODO DE EMPLEO: Tomar 1-2 c\u00e1psulas unos minutos antes de las comidas principales.<\/p>\n<p>COMPOSICI\u00d3N:<br \/>\nMix enzim\u00e1tico 500 mg\/c\u00e1psula. Amilasa (20.000 DU) 137mg, Xilosa isomerasa (2.250 U) 50mg, Pectinasa (52 endo-PGU) 35mg, Beta-glucanasa (30 BGU) 27 mg, Dipeptidilpeptidasa DPP4 (2.000 DPPIV) 57 mg, Hemicelulasa (400 HCU) 9,5 mg, Celulasa (3.500 CU) 27 mg, Proteasa (50.000 HUT) 50 mg, Xilanasa (600 XU) 9,3 mg, Lipasa (3.500 FIP) 12 mg, Glucoamilasa (45 AGU) 9 mg, Fitasa (2.000 PU) 11 mg, Alfa-galactosidasa (225 GALU) 5 mg, Bromelaina (125.000 FCCPU) 5,3mg, Papaina (16.000 FCCPU) 0,3 mg, Lactasa (3.500 ALU) 23 mg, Diastasa de malta (200 DP) 22,5mg, Invertasa (200 SU) 1,5 mg. C\u00e1psula vegetal.<\/p>","protected":false},"excerpt":{"rendered":"<p>NPro\u202fEnzimTolerance est\u00e1 formulado con un mix enzim\u00e1tico de 18 enzimas entre las que destacan dipeptilpeptidasa (DPP4) y xilosa isomerasa. En la alimentaci\u00f3n actual est\u00e1n presentes altas cantidades de fructosa as\u00ed como cereales que contienen gluten.<\/p>","protected":false},"featured_media":501234,"template":"","meta":[],"product_brand":[187],"product_cat":[248,188,262],"product_tag":[],"class_list":{"0":"post-501233","1":"product","2":"type-product","3":"status-publish","4":"has-post-thumbnail","6":"product_brand-n-pro","7":"product_cat-bienestar-digestivo","8":"product_cat-n-pro","9":"product_cat-suplementos-micronutricionales","10":"product_shipping_class-producto-fisico","12":"first","13":"instock","14":"purchasable","15":"product-type-simple"},"yoast_head":"<!-- This site is optimized with the Yoast SEO Premium plugin v22.9 (Yoast SEO v27.6) - https:\/\/yoast.com\/product\/yoast-seo-premium-wordpress\/ -->\n<title>NPRO ENZIMTOLERANCE 60 CAPSULAS - Salud Sostenible by Fabrice Lef&egrave;vre Institute<\/title>\n<meta name=\"robots\" content=\"index, follow, max-snippet:-1, max-image-preview:large, max-video-preview:-1\" \/>\n<link rel=\"canonical\" href=\"https:\/\/saludsostenible.es\/en\/product\/npro-enzimtolerance\/\" \/>\n<meta property=\"og:locale\" content=\"en_GB\" \/>\n<meta property=\"og:type\" content=\"article\" \/>\n<meta property=\"og:title\" content=\"NPRO ENZIMTOLERANCE 60 CAPSULAS\" \/>\n<meta property=\"og:description\" content=\"NPro\u202fEnzimTolerance est\u00e1 formulado con un mix enzim\u00e1tico de 18 enzimas entre las que destacan dipeptilpeptidasa (DPP4) y xilosa isomerasa. En la alimentaci\u00f3n actual est\u00e1n presentes altas cantidades de fructosa as\u00ed como cereales que contienen gluten.\" \/>\n<meta property=\"og:url\" content=\"https:\/\/saludsostenible.es\/en\/product\/npro-enzimtolerance\/\" \/>\n<meta property=\"og:site_name\" content=\"Salud Sostenible by Fabrice Lef&egrave;vre Institute\" \/>\n<meta property=\"article:publisher\" content=\"https:\/\/www.facebook.com\/ProbodyoneBarcelona\" \/>\n<meta property=\"article:modified_time\" content=\"2026-05-14T06:43:09+00:00\" \/>\n<meta property=\"og:image\" content=\"https:\/\/saludsostenible.es\/wp-content\/uploads\/2025\/09\/npro-enzimtolerance.jpg\" \/>\n\t<meta property=\"og:image:width\" content=\"456\" \/>\n\t<meta property=\"og:image:height\" content=\"1010\" \/>\n\t<meta property=\"og:image:type\" content=\"image\/png\" \/>\n<meta name=\"twitter:card\" content=\"summary_large_image\" \/>\n<meta name=\"twitter:site\" content=\"@probodyone\" \/>\n<meta name=\"twitter:label1\" content=\"Estimated reading time\" \/>\n\t<meta name=\"twitter:data1\" content=\"3 minutes\" \/>\n<script type=\"application\/ld+json\" class=\"yoast-schema-graph\">{\"@context\":\"https:\\\/\\\/schema.org\",\"@graph\":[{\"@type\":\"WebPage\",\"@id\":\"https:\\\/\\\/saludsostenible.es\\\/product\\\/npro-enzimtolerance\\\/\",\"url\":\"https:\\\/\\\/saludsostenible.es\\\/product\\\/npro-enzimtolerance\\\/\",\"name\":\"NPRO ENZIMTOLERANCE 60 CAPSULAS - Salud Sostenible by Fabrice Lef&egrave;vre Institute\",\"isPartOf\":{\"@id\":\"https:\\\/\\\/saludsostenible.es\\\/#website\"},\"primaryImageOfPage\":{\"@id\":\"https:\\\/\\\/saludsostenible.es\\\/product\\\/npro-enzimtolerance\\\/#primaryimage\"},\"image\":{\"@id\":\"https:\\\/\\\/saludsostenible.es\\\/product\\\/npro-enzimtolerance\\\/#primaryimage\"},\"thumbnailUrl\":\"https:\\\/\\\/saludsostenible.es\\\/wp-content\\\/uploads\\\/2025\\\/09\\\/npro-enzimtolerance.jpg\",\"datePublished\":\"2025-09-10T20:16:06+00:00\",\"dateModified\":\"2026-05-14T06:43:09+00:00\",\"breadcrumb\":{\"@id\":\"https:\\\/\\\/saludsostenible.es\\\/product\\\/npro-enzimtolerance\\\/#breadcrumb\"},\"inLanguage\":\"en-GB\",\"potentialAction\":[{\"@type\":\"ReadAction\",\"target\":[\"https:\\\/\\\/saludsostenible.es\\\/product\\\/npro-enzimtolerance\\\/\"]}]},{\"@type\":\"ImageObject\",\"inLanguage\":\"en-GB\",\"@id\":\"https:\\\/\\\/saludsostenible.es\\\/product\\\/npro-enzimtolerance\\\/#primaryimage\",\"url\":\"https:\\\/\\\/saludsostenible.es\\\/wp-content\\\/uploads\\\/2025\\\/09\\\/npro-enzimtolerance.jpg\",\"contentUrl\":\"https:\\\/\\\/saludsostenible.es\\\/wp-content\\\/uploads\\\/2025\\\/09\\\/npro-enzimtolerance.jpg\",\"width\":456,\"height\":1010},{\"@type\":\"BreadcrumbList\",\"@id\":\"https:\\\/\\\/saludsostenible.es\\\/product\\\/npro-enzimtolerance\\\/#breadcrumb\",\"itemListElement\":[{\"@type\":\"ListItem\",\"position\":1,\"name\":\"Home\",\"item\":\"https:\\\/\\\/saludsostenible.es\\\/\"},{\"@type\":\"ListItem\",\"position\":2,\"name\":\"Tienda\",\"item\":\"https:\\\/\\\/saludsostenible.es\\\/tienda\\\/\"},{\"@type\":\"ListItem\",\"position\":3,\"name\":\"NPRO ENZIMTOLERANCE 60 CAPSULAS\"}]},{\"@type\":\"WebSite\",\"@id\":\"https:\\\/\\\/saludsostenible.es\\\/#website\",\"url\":\"https:\\\/\\\/saludsostenible.es\\\/\",\"name\":\"Salud Sostenible Beauty & Longevity\",\"description\":\"Plataforma de consulta online y acceso a especialistas privados: salud integrativa, beauty y longevidad. Inicia tu perfil de salud metab\u00f3lica.\",\"publisher\":{\"@id\":\"https:\\\/\\\/saludsostenible.es\\\/#organization\"},\"alternateName\":\"Salud Sostenible\",\"potentialAction\":[{\"@type\":\"SearchAction\",\"target\":{\"@type\":\"EntryPoint\",\"urlTemplate\":\"https:\\\/\\\/saludsostenible.es\\\/?s={search_term_string}\"},\"query-input\":{\"@type\":\"PropertyValueSpecification\",\"valueRequired\":true,\"valueName\":\"search_term_string\"}}],\"inLanguage\":\"en-GB\"},{\"@type\":\"Organization\",\"@id\":\"https:\\\/\\\/saludsostenible.es\\\/#organization\",\"name\":\"Salud Sostenible by Fabrice Lef\u00e8vre Institute\",\"alternateName\":\"Osteopat\u00eda en Barcelona, Madrid y Marbella\",\"url\":\"https:\\\/\\\/saludsostenible.es\\\/\",\"logo\":{\"@type\":\"ImageObject\",\"inLanguage\":\"en-GB\",\"@id\":\"https:\\\/\\\/saludsostenible.es\\\/#\\\/schema\\\/logo\\\/image\\\/\",\"url\":\"https:\\\/\\\/saludsostenible.es\\\/wp-content\\\/uploads\\\/2024\\\/08\\\/probodyone-blog.jpg\",\"contentUrl\":\"https:\\\/\\\/saludsostenible.es\\\/wp-content\\\/uploads\\\/2024\\\/08\\\/probodyone-blog.jpg\",\"width\":1600,\"height\":550,\"caption\":\"Salud Sostenible by Fabrice Lef\u00e8vre Institute\"},\"image\":{\"@id\":\"https:\\\/\\\/saludsostenible.es\\\/#\\\/schema\\\/logo\\\/image\\\/\"},\"sameAs\":[\"https:\\\/\\\/www.facebook.com\\\/ProbodyoneBarcelona\",\"https:\\\/\\\/x.com\\\/probodyone\",\"https:\\\/\\\/www.youtube.com\\\/@Probodyone\\\/videos\"]}]}<\/script>\n<!-- \/ Yoast SEO Premium plugin. -->","yoast_head_json":{"title":"NPRO ENZIMTOLERANCE 60 CAPSULAS - Salud Sostenible by Fabrice Lef&egrave;vre Institute","robots":{"index":"index","follow":"follow","max-snippet":"max-snippet:-1","max-image-preview":"max-image-preview:large","max-video-preview":"max-video-preview:-1"},"canonical":"https:\/\/saludsostenible.es\/en\/product\/npro-enzimtolerance\/","og_locale":"en_GB","og_type":"article","og_title":"NPRO ENZIMTOLERANCE 60 CAPSULAS","og_description":"NPro\u202fEnzimTolerance est\u00e1 formulado con un mix enzim\u00e1tico de 18 enzimas entre las que destacan dipeptilpeptidasa (DPP4) y xilosa isomerasa. En la alimentaci\u00f3n actual est\u00e1n presentes altas cantidades de fructosa as\u00ed como cereales que contienen gluten.","og_url":"https:\/\/saludsostenible.es\/en\/product\/npro-enzimtolerance\/","og_site_name":"Salud Sostenible by Fabrice Lef&egrave;vre Institute","article_publisher":"https:\/\/www.facebook.com\/ProbodyoneBarcelona","article_modified_time":"2026-05-14T06:43:09+00:00","og_image":[{"width":456,"height":1010,"url":"https:\/\/saludsostenible.es\/wp-content\/uploads\/2025\/09\/npro-enzimtolerance.jpg","type":"image\/png"}],"twitter_card":"summary_large_image","twitter_site":"@probodyone","twitter_misc":{"Estimated reading time":"3 minutes"},"schema":{"@context":"https:\/\/schema.org","@graph":[{"@type":"WebPage","@id":"https:\/\/saludsostenible.es\/product\/npro-enzimtolerance\/","url":"https:\/\/saludsostenible.es\/product\/npro-enzimtolerance\/","name":"NPRO ENZIMTOLERANCE 60 CAPSULAS - Salud Sostenible by Fabrice Lef&egrave;vre Institute","isPartOf":{"@id":"https:\/\/saludsostenible.es\/#website"},"primaryImageOfPage":{"@id":"https:\/\/saludsostenible.es\/product\/npro-enzimtolerance\/#primaryimage"},"image":{"@id":"https:\/\/saludsostenible.es\/product\/npro-enzimtolerance\/#primaryimage"},"thumbnailUrl":"https:\/\/saludsostenible.es\/wp-content\/uploads\/2025\/09\/npro-enzimtolerance.jpg","datePublished":"2025-09-10T20:16:06+00:00","dateModified":"2026-05-14T06:43:09+00:00","breadcrumb":{"@id":"https:\/\/saludsostenible.es\/product\/npro-enzimtolerance\/#breadcrumb"},"inLanguage":"en-GB","potentialAction":[{"@type":"ReadAction","target":["https:\/\/saludsostenible.es\/product\/npro-enzimtolerance\/"]}]},{"@type":"ImageObject","inLanguage":"en-GB","@id":"https:\/\/saludsostenible.es\/product\/npro-enzimtolerance\/#primaryimage","url":"https:\/\/saludsostenible.es\/wp-content\/uploads\/2025\/09\/npro-enzimtolerance.jpg","contentUrl":"https:\/\/saludsostenible.es\/wp-content\/uploads\/2025\/09\/npro-enzimtolerance.jpg","width":456,"height":1010},{"@type":"BreadcrumbList","@id":"https:\/\/saludsostenible.es\/product\/npro-enzimtolerance\/#breadcrumb","itemListElement":[{"@type":"ListItem","position":1,"name":"Home","item":"https:\/\/saludsostenible.es\/"},{"@type":"ListItem","position":2,"name":"Tienda","item":"https:\/\/saludsostenible.es\/tienda\/"},{"@type":"ListItem","position":3,"name":"NPRO ENZIMTOLERANCE 60 CAPSULAS"}]},{"@type":"WebSite","@id":"https:\/\/saludsostenible.es\/#website","url":"https:\/\/saludsostenible.es\/","name":"Salud Sostenible Beauty & Longevity","description":"Plataforma de consulta online y acceso a especialistas privados: salud integrativa, beauty y longevidad. Inicia tu perfil de salud metab\u00f3lica.","publisher":{"@id":"https:\/\/saludsostenible.es\/#organization"},"alternateName":"Salud Sostenible","potentialAction":[{"@type":"SearchAction","target":{"@type":"EntryPoint","urlTemplate":"https:\/\/saludsostenible.es\/?s={search_term_string}"},"query-input":{"@type":"PropertyValueSpecification","valueRequired":true,"valueName":"search_term_string"}}],"inLanguage":"en-GB"},{"@type":"Organization","@id":"https:\/\/saludsostenible.es\/#organization","name":"Salud Sostenible by Fabrice Lef\u00e8vre Institute","alternateName":"Osteopat\u00eda en Barcelona, Madrid y Marbella","url":"https:\/\/saludsostenible.es\/","logo":{"@type":"ImageObject","inLanguage":"en-GB","@id":"https:\/\/saludsostenible.es\/#\/schema\/logo\/image\/","url":"https:\/\/saludsostenible.es\/wp-content\/uploads\/2024\/08\/probodyone-blog.jpg","contentUrl":"https:\/\/saludsostenible.es\/wp-content\/uploads\/2024\/08\/probodyone-blog.jpg","width":1600,"height":550,"caption":"Salud Sostenible by Fabrice Lef\u00e8vre Institute"},"image":{"@id":"https:\/\/saludsostenible.es\/#\/schema\/logo\/image\/"},"sameAs":["https:\/\/www.facebook.com\/ProbodyoneBarcelona","https:\/\/x.com\/probodyone","https:\/\/www.youtube.com\/@Probodyone\/videos"]}]}},"_links":{"self":[{"href":"https:\/\/saludsostenible.es\/en\/wp-json\/wp\/v2\/product\/501233","targetHints":{"allow":["GET"]}}],"collection":[{"href":"https:\/\/saludsostenible.es\/en\/wp-json\/wp\/v2\/product"}],"about":[{"href":"https:\/\/saludsostenible.es\/en\/wp-json\/wp\/v2\/types\/product"}],"wp:featuredmedia":[{"embeddable":true,"href":"https:\/\/saludsostenible.es\/en\/wp-json\/wp\/v2\/media\/501234"}],"wp:attachment":[{"href":"https:\/\/saludsostenible.es\/en\/wp-json\/wp\/v2\/media?parent=501233"}],"wp:term":[{"taxonomy":"product_brand","embeddable":true,"href":"https:\/\/saludsostenible.es\/en\/wp-json\/wp\/v2\/product_brand?post=501233"},{"taxonomy":"product_cat","embeddable":true,"href":"https:\/\/saludsostenible.es\/en\/wp-json\/wp\/v2\/product_cat?post=501233"},{"taxonomy":"product_tag","embeddable":true,"href":"https:\/\/saludsostenible.es\/en\/wp-json\/wp\/v2\/product_tag?post=501233"}],"curies":[{"name":"wp","href":"https:\/\/api.w.org\/{rel}","templated":true}]}}