{"id":501243,"date":"2025-09-10T20:16:06","date_gmt":"2025-09-10T20:16:06","guid":{"rendered":"https:\/\/saludsostenible.es\/product\/npro-regenintest\/"},"modified":"2026-05-14T06:52:31","modified_gmt":"2026-05-14T06:52:31","slug":"npro-regenintest","status":"publish","type":"product","link":"https:\/\/saludsostenible.es\/en\/product\/npro-regenintest\/","title":{"rendered":"NPRO REGENINTEST"},"content":{"rendered":"<p>NPro\u202fREGENintest contiene una combinaci\u00f3n de ingredientes de alta calidad, tales como la c\u00farcuma, que tiene acci\u00f3n antiinflamatoria y que ayuda a mantener la eficacia del sistema inmunitario, y el zinc, que contribuye al mantenimiento de la piel en condiciones normales, al proceso de divisi\u00f3n celular y a la protecci\u00f3n de las c\u00e9lulas frente al da\u00f1o oxidativo.<br \/>\nDescripci\u00f3n del Producto<br \/>\n\u00bfComo puede afectarnos un exceso de permeabilidad intestinal?<br \/>\nLa pared intestinal act\u00faa como barrera selectiva en nuestro cuerpo. Permite el paso de nutrientes al torrente sangu\u00edneo mientras bloquea el ingreso de sustancias da\u00f1inas, como toxinas, bacterias y part\u00edculas no digeridas.<br \/>\nHay situaciones que pueden da\u00f1ar esta barrera, afectando la estructura y adhesi\u00f3n entre las c\u00e9lulas intestinales. Entre estas, se encuentran peque\u00f1as lesiones, estados inflamatorios o disbiosis (un desequilibrio en la microbiota intestinal).<br \/>\nCuando estas alteraciones ocurren, pueden provocar el s\u00edndrome conocido como leaky gut o intestino permeable, causando una excesiva activaci\u00f3n del sistema inmunitario y comprometiendo la absorci\u00f3n de nutrientes.<br \/>\nLa capacidad regenerativa del intestino<br \/>\nEl intestino es un \u00f3rgano con alta capacidad regenerativa; lo cual es clave para mantener su integridad estructural y funcional. Para ello, las c\u00e9lulas que lo componen necesitan disponer de los nutrientes adecuados.<br \/>\nIngredientes seleccionados<br \/>\nLa L-glutamina es un amino\u00e1cido no esencial que el cuerpo utiliza ampliamente, especialmente en los m\u00fasculos y las c\u00e9lulas intestinales, donde act\u00faa como una fuente de energ\u00eda importante y contribuye al mantenimiento de la integridad intestinal. Para garantizar una acci\u00f3n \u00f3ptima, utilizamos L-glutamina de KYOWA, reconocida por su pureza 100% y su procedencia vegetal obtenida a trav\u00e9s de un proceso de biofermentaci\u00f3n.<br \/>\nLa carnosina es un dip\u00e9ptido formado por la uni\u00f3n de los amino\u00e1cidos beta-alanina e histidina. Se encuentra en altas concentraciones en el m\u00fasculo y el cerebro, donde desempe\u00f1a un papel importante en el metabolismo celular.<br \/>\nLa c\u00farcuma es una planta originaria de Asia reconocida por sus m\u00faltiples beneficios para la salud. Su principal compuesto activo, la curcumina, es responsable de sus propiedades antioxidantes y antiinflamatorias, as\u00ed como de su caracter\u00edstico color naranja\/amarillo. La c\u00farcuma ayuda a mantener la eficacia del sistema inmunitario y a fortalecer la resistencia frente a alergias, adem\u00e1s de apoyar la funci\u00f3n digestiva y hep\u00e1tica.<br \/>\nEl trans-resveratrol y la quercetina son compuestos naturales con propiedades antioxidantes que ayudan a neutralizar los radicales libres y contribuyen a la protecci\u00f3n celular frente al estr\u00e9s oxidativo. El trans-resveratrol, un polifenol, se encuentra principalmente en la piel de las uvas, el vino tinto y algunos frutos secos, mientras que la quercetina, un flavonoide, est\u00e1 presente en frutas como las manzanas y c\u00edtricos, verduras como la cebolla y en el t\u00e9 verde.<br \/>\nEl zinc es un mineral esencial que contribuye al proceso de divisi\u00f3n celular, a la s\u00edntesis de prote\u00ednas y a la protecci\u00f3n de las c\u00e9lulas frente al da\u00f1o oxidativo. Tambi\u00e9n desempe\u00f1a un papel importante en el funcionamiento del sistema inmunitario. La s\u00edntesis de prote\u00ednas, en la que el zinc juega un papel clave, es fundamental para la regeneraci\u00f3n de los tejidos. *El zinc juega un papel clave en la s\u00edntesis de prote\u00ednas, proceso fundamental para la regeneraci\u00f3n de los tejidos.<\/p>\n<p>FORMATO:\u00a0 Bote de 60 c\u00e1psulas<br \/>\nModo de empleo:\u00a0\u00a0Tomar dos c\u00e1psulas preferiblemente media hora antes de\u00a0cualquier comida principal. Aumentar la dosis\u00a0seg\u00fan criterio del\u00a0profesional.<\/p>\n<p>COMPONENTES Dosis 2 c\u00e1psulasL-Glutamina KYOWA 800 mgC\u00farcuma microencapsulada 280 mgZinc-Carnosina 111 mgTrans-Resveratrol\u00a0 (Polygonum cuspidatum e.s. 98%) 100mgQuercetina (Acacia Japonica E.S. 95%) 100 mg<br \/>\nBamb\u00fa e.s. (85% silicio)Almid\u00f3n de arrozC\u00e1psula vegetal<\/p>","protected":false},"excerpt":{"rendered":"<p>NPro\u202fREGENintest contiene una combinaci\u00f3n de ingredientes de alta calidad, tales como la c\u00farcuma, que tiene acci\u00f3n antiinflamatoria y que ayuda a mantener la eficacia del sistema inmunitario, y el zinc, que contribuye al mantenimiento de la piel en condiciones normales, al proceso de divisi\u00f3n celular y a la protecci\u00f3n de las c\u00e9lulas frente al da\u00f1o oxidativo. Descripci\u00f3n del Producto<br \/>\n\u00bfComo puede afectarnos un exceso de permeabilidad intestinal?<\/p>","protected":false},"featured_media":501244,"template":"","meta":[],"product_brand":[187],"product_cat":[248,188,262],"product_tag":[],"class_list":{"0":"post-501243","1":"product","2":"type-product","3":"status-publish","4":"has-post-thumbnail","6":"product_brand-n-pro","7":"product_cat-bienestar-digestivo","8":"product_cat-n-pro","9":"product_cat-suplementos-micronutricionales","10":"product_shipping_class-producto-fisico","12":"first","13":"instock","14":"purchasable","15":"product-type-variable","16":"has-default-attributes"},"yoast_head":"<!-- This site is optimized with the Yoast SEO Premium plugin v22.9 (Yoast SEO v27.6) - https:\/\/yoast.com\/product\/yoast-seo-premium-wordpress\/ -->\n<title>NPRO REGENINTEST - Salud Sostenible by Fabrice Lef&egrave;vre Institute<\/title>\n<meta name=\"robots\" content=\"index, follow, max-snippet:-1, max-image-preview:large, max-video-preview:-1\" \/>\n<link rel=\"canonical\" href=\"https:\/\/saludsostenible.es\/en\/product\/npro-regenintest\/\" \/>\n<meta property=\"og:locale\" content=\"en_GB\" \/>\n<meta property=\"og:type\" content=\"article\" \/>\n<meta property=\"og:title\" content=\"NPRO REGENINTEST\" \/>\n<meta property=\"og:description\" content=\"NPro\u202fREGENintest contiene una combinaci\u00f3n de ingredientes de alta calidad, tales como la c\u00farcuma, que tiene acci\u00f3n antiinflamatoria y que ayuda a mantener la eficacia del sistema inmunitario, y el zinc, que contribuye al mantenimiento de la piel en condiciones normales, al proceso de divisi\u00f3n celular y a la protecci\u00f3n de las c\u00e9lulas frente al da\u00f1o oxidativo. Descripci\u00f3n del Producto \u00bfComo puede afectarnos un exceso de permeabilidad intestinal?\" \/>\n<meta property=\"og:url\" content=\"https:\/\/saludsostenible.es\/en\/product\/npro-regenintest\/\" \/>\n<meta property=\"og:site_name\" content=\"Salud Sostenible by Fabrice Lef&egrave;vre Institute\" \/>\n<meta property=\"article:publisher\" content=\"https:\/\/www.facebook.com\/ProbodyoneBarcelona\" \/>\n<meta property=\"article:modified_time\" content=\"2026-05-14T06:52:31+00:00\" \/>\n<meta property=\"og:image\" content=\"https:\/\/saludsostenible.es\/wp-content\/uploads\/2025\/09\/npro-regenintest.jpg\" \/>\n\t<meta property=\"og:image:width\" content=\"630\" \/>\n\t<meta property=\"og:image:height\" content=\"1347\" \/>\n\t<meta property=\"og:image:type\" content=\"image\/png\" \/>\n<meta name=\"twitter:card\" content=\"summary_large_image\" \/>\n<meta name=\"twitter:site\" content=\"@probodyone\" \/>\n<meta name=\"twitter:label1\" content=\"Estimated reading time\" \/>\n\t<meta name=\"twitter:data1\" content=\"3 minutes\" \/>\n<script type=\"application\/ld+json\" class=\"yoast-schema-graph\">{\"@context\":\"https:\\\/\\\/schema.org\",\"@graph\":[{\"@type\":\"WebPage\",\"@id\":\"https:\\\/\\\/saludsostenible.es\\\/product\\\/npro-regenintest\\\/\",\"url\":\"https:\\\/\\\/saludsostenible.es\\\/product\\\/npro-regenintest\\\/\",\"name\":\"NPRO REGENINTEST - Salud Sostenible by Fabrice Lef&egrave;vre Institute\",\"isPartOf\":{\"@id\":\"https:\\\/\\\/saludsostenible.es\\\/#website\"},\"primaryImageOfPage\":{\"@id\":\"https:\\\/\\\/saludsostenible.es\\\/product\\\/npro-regenintest\\\/#primaryimage\"},\"image\":{\"@id\":\"https:\\\/\\\/saludsostenible.es\\\/product\\\/npro-regenintest\\\/#primaryimage\"},\"thumbnailUrl\":\"https:\\\/\\\/saludsostenible.es\\\/wp-content\\\/uploads\\\/2025\\\/09\\\/npro-regenintest.jpg\",\"datePublished\":\"2025-09-10T20:16:06+00:00\",\"dateModified\":\"2026-05-14T06:52:31+00:00\",\"breadcrumb\":{\"@id\":\"https:\\\/\\\/saludsostenible.es\\\/product\\\/npro-regenintest\\\/#breadcrumb\"},\"inLanguage\":\"en-GB\",\"potentialAction\":[{\"@type\":\"ReadAction\",\"target\":[\"https:\\\/\\\/saludsostenible.es\\\/product\\\/npro-regenintest\\\/\"]}]},{\"@type\":\"ImageObject\",\"inLanguage\":\"en-GB\",\"@id\":\"https:\\\/\\\/saludsostenible.es\\\/product\\\/npro-regenintest\\\/#primaryimage\",\"url\":\"https:\\\/\\\/saludsostenible.es\\\/wp-content\\\/uploads\\\/2025\\\/09\\\/npro-regenintest.jpg\",\"contentUrl\":\"https:\\\/\\\/saludsostenible.es\\\/wp-content\\\/uploads\\\/2025\\\/09\\\/npro-regenintest.jpg\",\"width\":630,\"height\":1347},{\"@type\":\"BreadcrumbList\",\"@id\":\"https:\\\/\\\/saludsostenible.es\\\/product\\\/npro-regenintest\\\/#breadcrumb\",\"itemListElement\":[{\"@type\":\"ListItem\",\"position\":1,\"name\":\"Home\",\"item\":\"https:\\\/\\\/saludsostenible.es\\\/\"},{\"@type\":\"ListItem\",\"position\":2,\"name\":\"Tienda\",\"item\":\"https:\\\/\\\/saludsostenible.es\\\/tienda\\\/\"},{\"@type\":\"ListItem\",\"position\":3,\"name\":\"NPRO REGENINTEST\"}]},{\"@type\":\"WebSite\",\"@id\":\"https:\\\/\\\/saludsostenible.es\\\/#website\",\"url\":\"https:\\\/\\\/saludsostenible.es\\\/\",\"name\":\"Salud Sostenible Beauty & Longevity\",\"description\":\"Plataforma de consulta online y acceso a especialistas privados: salud integrativa, beauty y longevidad. Inicia tu perfil de salud metab\u00f3lica.\",\"publisher\":{\"@id\":\"https:\\\/\\\/saludsostenible.es\\\/#organization\"},\"alternateName\":\"Salud Sostenible\",\"potentialAction\":[{\"@type\":\"SearchAction\",\"target\":{\"@type\":\"EntryPoint\",\"urlTemplate\":\"https:\\\/\\\/saludsostenible.es\\\/?s={search_term_string}\"},\"query-input\":{\"@type\":\"PropertyValueSpecification\",\"valueRequired\":true,\"valueName\":\"search_term_string\"}}],\"inLanguage\":\"en-GB\"},{\"@type\":\"Organization\",\"@id\":\"https:\\\/\\\/saludsostenible.es\\\/#organization\",\"name\":\"Salud Sostenible by Fabrice Lef\u00e8vre Institute\",\"alternateName\":\"Osteopat\u00eda en Barcelona, Madrid y Marbella\",\"url\":\"https:\\\/\\\/saludsostenible.es\\\/\",\"logo\":{\"@type\":\"ImageObject\",\"inLanguage\":\"en-GB\",\"@id\":\"https:\\\/\\\/saludsostenible.es\\\/#\\\/schema\\\/logo\\\/image\\\/\",\"url\":\"https:\\\/\\\/saludsostenible.es\\\/wp-content\\\/uploads\\\/2024\\\/08\\\/probodyone-blog.jpg\",\"contentUrl\":\"https:\\\/\\\/saludsostenible.es\\\/wp-content\\\/uploads\\\/2024\\\/08\\\/probodyone-blog.jpg\",\"width\":1600,\"height\":550,\"caption\":\"Salud Sostenible by Fabrice Lef\u00e8vre Institute\"},\"image\":{\"@id\":\"https:\\\/\\\/saludsostenible.es\\\/#\\\/schema\\\/logo\\\/image\\\/\"},\"sameAs\":[\"https:\\\/\\\/www.facebook.com\\\/ProbodyoneBarcelona\",\"https:\\\/\\\/x.com\\\/probodyone\",\"https:\\\/\\\/www.youtube.com\\\/@Probodyone\\\/videos\"]}]}<\/script>\n<!-- \/ Yoast SEO Premium plugin. -->","yoast_head_json":{"title":"NPRO REGENINTEST - Salud Sostenible by Fabrice Lef&egrave;vre Institute","robots":{"index":"index","follow":"follow","max-snippet":"max-snippet:-1","max-image-preview":"max-image-preview:large","max-video-preview":"max-video-preview:-1"},"canonical":"https:\/\/saludsostenible.es\/en\/product\/npro-regenintest\/","og_locale":"en_GB","og_type":"article","og_title":"NPRO REGENINTEST","og_description":"NPro\u202fREGENintest contiene una combinaci\u00f3n de ingredientes de alta calidad, tales como la c\u00farcuma, que tiene acci\u00f3n antiinflamatoria y que ayuda a mantener la eficacia del sistema inmunitario, y el zinc, que contribuye al mantenimiento de la piel en condiciones normales, al proceso de divisi\u00f3n celular y a la protecci\u00f3n de las c\u00e9lulas frente al da\u00f1o oxidativo. Descripci\u00f3n del Producto \u00bfComo puede afectarnos un exceso de permeabilidad intestinal?","og_url":"https:\/\/saludsostenible.es\/en\/product\/npro-regenintest\/","og_site_name":"Salud Sostenible by Fabrice Lef&egrave;vre Institute","article_publisher":"https:\/\/www.facebook.com\/ProbodyoneBarcelona","article_modified_time":"2026-05-14T06:52:31+00:00","og_image":[{"width":630,"height":1347,"url":"https:\/\/saludsostenible.es\/wp-content\/uploads\/2025\/09\/npro-regenintest.jpg","type":"image\/png"}],"twitter_card":"summary_large_image","twitter_site":"@probodyone","twitter_misc":{"Estimated reading time":"3 minutes"},"schema":{"@context":"https:\/\/schema.org","@graph":[{"@type":"WebPage","@id":"https:\/\/saludsostenible.es\/product\/npro-regenintest\/","url":"https:\/\/saludsostenible.es\/product\/npro-regenintest\/","name":"NPRO REGENINTEST - Salud Sostenible by Fabrice Lef&egrave;vre Institute","isPartOf":{"@id":"https:\/\/saludsostenible.es\/#website"},"primaryImageOfPage":{"@id":"https:\/\/saludsostenible.es\/product\/npro-regenintest\/#primaryimage"},"image":{"@id":"https:\/\/saludsostenible.es\/product\/npro-regenintest\/#primaryimage"},"thumbnailUrl":"https:\/\/saludsostenible.es\/wp-content\/uploads\/2025\/09\/npro-regenintest.jpg","datePublished":"2025-09-10T20:16:06+00:00","dateModified":"2026-05-14T06:52:31+00:00","breadcrumb":{"@id":"https:\/\/saludsostenible.es\/product\/npro-regenintest\/#breadcrumb"},"inLanguage":"en-GB","potentialAction":[{"@type":"ReadAction","target":["https:\/\/saludsostenible.es\/product\/npro-regenintest\/"]}]},{"@type":"ImageObject","inLanguage":"en-GB","@id":"https:\/\/saludsostenible.es\/product\/npro-regenintest\/#primaryimage","url":"https:\/\/saludsostenible.es\/wp-content\/uploads\/2025\/09\/npro-regenintest.jpg","contentUrl":"https:\/\/saludsostenible.es\/wp-content\/uploads\/2025\/09\/npro-regenintest.jpg","width":630,"height":1347},{"@type":"BreadcrumbList","@id":"https:\/\/saludsostenible.es\/product\/npro-regenintest\/#breadcrumb","itemListElement":[{"@type":"ListItem","position":1,"name":"Home","item":"https:\/\/saludsostenible.es\/"},{"@type":"ListItem","position":2,"name":"Tienda","item":"https:\/\/saludsostenible.es\/tienda\/"},{"@type":"ListItem","position":3,"name":"NPRO REGENINTEST"}]},{"@type":"WebSite","@id":"https:\/\/saludsostenible.es\/#website","url":"https:\/\/saludsostenible.es\/","name":"Salud Sostenible Beauty & Longevity","description":"Plataforma de consulta online y acceso a especialistas privados: salud integrativa, beauty y longevidad. Inicia tu perfil de salud metab\u00f3lica.","publisher":{"@id":"https:\/\/saludsostenible.es\/#organization"},"alternateName":"Salud Sostenible","potentialAction":[{"@type":"SearchAction","target":{"@type":"EntryPoint","urlTemplate":"https:\/\/saludsostenible.es\/?s={search_term_string}"},"query-input":{"@type":"PropertyValueSpecification","valueRequired":true,"valueName":"search_term_string"}}],"inLanguage":"en-GB"},{"@type":"Organization","@id":"https:\/\/saludsostenible.es\/#organization","name":"Salud Sostenible by Fabrice Lef\u00e8vre Institute","alternateName":"Osteopat\u00eda en Barcelona, Madrid y Marbella","url":"https:\/\/saludsostenible.es\/","logo":{"@type":"ImageObject","inLanguage":"en-GB","@id":"https:\/\/saludsostenible.es\/#\/schema\/logo\/image\/","url":"https:\/\/saludsostenible.es\/wp-content\/uploads\/2024\/08\/probodyone-blog.jpg","contentUrl":"https:\/\/saludsostenible.es\/wp-content\/uploads\/2024\/08\/probodyone-blog.jpg","width":1600,"height":550,"caption":"Salud Sostenible by Fabrice Lef\u00e8vre Institute"},"image":{"@id":"https:\/\/saludsostenible.es\/#\/schema\/logo\/image\/"},"sameAs":["https:\/\/www.facebook.com\/ProbodyoneBarcelona","https:\/\/x.com\/probodyone","https:\/\/www.youtube.com\/@Probodyone\/videos"]}]}},"_links":{"self":[{"href":"https:\/\/saludsostenible.es\/en\/wp-json\/wp\/v2\/product\/501243","targetHints":{"allow":["GET"]}}],"collection":[{"href":"https:\/\/saludsostenible.es\/en\/wp-json\/wp\/v2\/product"}],"about":[{"href":"https:\/\/saludsostenible.es\/en\/wp-json\/wp\/v2\/types\/product"}],"wp:featuredmedia":[{"embeddable":true,"href":"https:\/\/saludsostenible.es\/en\/wp-json\/wp\/v2\/media\/501244"}],"wp:attachment":[{"href":"https:\/\/saludsostenible.es\/en\/wp-json\/wp\/v2\/media?parent=501243"}],"wp:term":[{"taxonomy":"product_brand","embeddable":true,"href":"https:\/\/saludsostenible.es\/en\/wp-json\/wp\/v2\/product_brand?post=501243"},{"taxonomy":"product_cat","embeddable":true,"href":"https:\/\/saludsostenible.es\/en\/wp-json\/wp\/v2\/product_cat?post=501243"},{"taxonomy":"product_tag","embeddable":true,"href":"https:\/\/saludsostenible.es\/en\/wp-json\/wp\/v2\/product_tag?post=501243"}],"curies":[{"name":"wp","href":"https:\/\/api.w.org\/{rel}","templated":true}]}}