{"id":501245,"date":"2025-09-10T20:16:33","date_gmt":"2025-09-10T20:16:33","guid":{"rendered":"https:\/\/saludsostenible.es\/product\/npro-detoxintest\/"},"modified":"2026-05-14T06:41:06","modified_gmt":"2026-05-14T06:41:06","slug":"npro-detoxintest","status":"publish","type":"product","link":"https:\/\/saludsostenible.es\/en\/product\/npro-detoxintest\/","title":{"rendered":"NPRO DETOXINTEST"},"content":{"rendered":"<p>NPro\u202fDETOXintest es un producto formulado a base de carb\u00f3n vegetal, arcilla blanca, chlorella clorela y plantas como cilantro y an\u00eds verde.<\/p>\n<p>Descripci\u00f3n del Producto<br \/>\nCausas de la producci\u00f3n de gases intestinales<br \/>\nComer alimentos muy ricos en fibra, como las legumbres, hablar mientras se come, consumir bebidas gaseosas o tener alterada la microbiota pueden incrementar la presencia de gas en el sistema digestivo.<br \/>\nUna parte de este gas producido es normal, forma parte del proceso de digesti\u00f3n y es eliminado mediante eructos o flatulencias. Sin embargo, si la producci\u00f3n es excesiva, puede resultar molesta y causar distensi\u00f3n y calambres abdominales, ya que los gases quedan atrapados y no se mueven f\u00e1cilmente a trav\u00e9s del sistema digestivo.<\/p>\n<p>El carb\u00f3n de coco activo como aliado<br \/>\nEl carb\u00f3n activo de coco tiene una superficie altamente porosa con capacidad de adsorci\u00f3n de mol\u00e9culas peque\u00f1as (gases, metales) por lo que act\u00faa como un purificador natural y reduce los gases intestinales, eructos e impurezas. Este efecto beneficioso se logra tomando 1 g de carb\u00f3n activo al menos 30 minutos antes de la comida y otro gramo poco despu\u00e9s de comer.<br \/>\nA diferencia del carb\u00f3n vegetal de fuentes no especificadas, se obtiene sometiendo la c\u00e1scara de coco a temperaturas muy altas, que var\u00edan entre 400 y 700 grados cent\u00edgrados.<\/p>\n<p>Extractos vegetales seleccionados<br \/>\nEl cilantro, o coriandro, ayuda a mantener un equilibrio en la producci\u00f3n de gases en el tracto gastrointestinal, reduce molestias digestivas como la sensaci\u00f3n de pesadez y ayuda a digerir (descomponer) toxinas.<br \/>\nLa chlorella clorela es una microalga verde, muy rica en clorofila, apoya la funci\u00f3n de la ves\u00edcula biliar, el h\u00edgado y los ri\u00f1ones, \u00f3rganos encargados de las funciones de detoxificaci\u00f3n; y ayuda a eliminar metales pesados del cuerpo.<br \/>\nEl an\u00eds verde, por su parte, alivia los espasmos intestinales, que a menudo se producen por la acumulaci\u00f3n de gases.<\/p>\n<p>FORMATOS:\u2022 140g en polvo con cacito dosificadorMODO DE EMPLEO:\u2022 Un cacito al d\u00eda o m\u00e1s, seg\u00fan prescripci\u00f3n profesional (1) (2)<br \/>\nCOMPOSICI\u00d3N: Dosis cacito.<br \/>\nCarb\u00f3n activo de coco 2g, Chlorella pirenoydosa Bio 1g, Cilantro E.S. 10:1 1g, Arcilla blanca o caol\u00edn 0,5g, An\u00eds verde 0,5g.<\/p>","protected":false},"excerpt":{"rendered":"<p>NPro\u202fDETOXintest es un producto formulado a base de carb\u00f3n vegetal, arcilla blanca, chlorella clorela y plantas como cilantro y an\u00eds verde. Descripci\u00f3n del Producto<br \/>\nCausas de la producci\u00f3n de gases intestinales<br \/>\nComer alimentos muy ricos en fibra, como las legumbres, hablar mientras se come, consumir bebidas gaseosas o tener alterada la microbiota pueden incrementar la presencia de gas en el sistema digestivo.<\/p>","protected":false},"featured_media":501246,"template":"","meta":[],"product_brand":[187],"product_cat":[256,279,188,262],"product_tag":[],"class_list":{"0":"post-501245","1":"product","2":"type-product","3":"status-publish","4":"has-post-thumbnail","6":"product_brand-n-pro","7":"product_cat-detox-drenaje","8":"product_cat-equilibrio-peso-adelgazamiento","9":"product_cat-n-pro","10":"product_cat-suplementos-micronutricionales","11":"product_shipping_class-producto-fisico","13":"first","14":"instock","15":"purchasable","16":"product-type-variable","17":"has-default-attributes"},"yoast_head":"<!-- This site is optimized with the Yoast SEO Premium plugin v22.9 (Yoast SEO v27.6) - https:\/\/yoast.com\/product\/yoast-seo-premium-wordpress\/ -->\n<title>NPRO DETOXINTEST - Salud Sostenible by Fabrice Lef&egrave;vre Institute<\/title>\n<meta name=\"robots\" content=\"index, follow, max-snippet:-1, max-image-preview:large, max-video-preview:-1\" \/>\n<link rel=\"canonical\" href=\"https:\/\/saludsostenible.es\/en\/product\/npro-detoxintest\/\" \/>\n<meta property=\"og:locale\" content=\"en_GB\" \/>\n<meta property=\"og:type\" content=\"article\" \/>\n<meta property=\"og:title\" content=\"NPRO DETOXINTEST\" \/>\n<meta property=\"og:description\" content=\"NPro\u202fDETOXintest es un producto formulado a base de carb\u00f3n vegetal, arcilla blanca, chlorella clorela y plantas como cilantro y an\u00eds verde. Descripci\u00f3n del Producto Causas de la producci\u00f3n de gases intestinales Comer alimentos muy ricos en fibra, como las legumbres, hablar mientras se come, consumir bebidas gaseosas o tener alterada la microbiota pueden incrementar la presencia de gas en el sistema digestivo.\" \/>\n<meta property=\"og:url\" content=\"https:\/\/saludsostenible.es\/en\/product\/npro-detoxintest\/\" \/>\n<meta property=\"og:site_name\" content=\"Salud Sostenible by Fabrice Lef&egrave;vre Institute\" \/>\n<meta property=\"article:publisher\" content=\"https:\/\/www.facebook.com\/ProbodyoneBarcelona\" \/>\n<meta property=\"article:modified_time\" content=\"2026-05-14T06:41:06+00:00\" \/>\n<meta property=\"og:image\" content=\"https:\/\/saludsostenible.es\/wp-content\/uploads\/2025\/09\/npro-detoxintest.jpg\" \/>\n\t<meta property=\"og:image:width\" content=\"547\" \/>\n\t<meta property=\"og:image:height\" content=\"1085\" \/>\n\t<meta property=\"og:image:type\" content=\"image\/png\" \/>\n<meta name=\"twitter:card\" content=\"summary_large_image\" \/>\n<meta name=\"twitter:site\" content=\"@probodyone\" \/>\n<meta name=\"twitter:label1\" content=\"Estimated reading time\" \/>\n\t<meta name=\"twitter:data1\" content=\"2 minutes\" \/>\n<script type=\"application\/ld+json\" class=\"yoast-schema-graph\">{\"@context\":\"https:\\\/\\\/schema.org\",\"@graph\":[{\"@type\":\"WebPage\",\"@id\":\"https:\\\/\\\/saludsostenible.es\\\/product\\\/npro-detoxintest\\\/\",\"url\":\"https:\\\/\\\/saludsostenible.es\\\/product\\\/npro-detoxintest\\\/\",\"name\":\"NPRO DETOXINTEST - Salud Sostenible by Fabrice Lef&egrave;vre Institute\",\"isPartOf\":{\"@id\":\"https:\\\/\\\/saludsostenible.es\\\/#website\"},\"primaryImageOfPage\":{\"@id\":\"https:\\\/\\\/saludsostenible.es\\\/product\\\/npro-detoxintest\\\/#primaryimage\"},\"image\":{\"@id\":\"https:\\\/\\\/saludsostenible.es\\\/product\\\/npro-detoxintest\\\/#primaryimage\"},\"thumbnailUrl\":\"https:\\\/\\\/saludsostenible.es\\\/wp-content\\\/uploads\\\/2025\\\/09\\\/npro-detoxintest.jpg\",\"datePublished\":\"2025-09-10T20:16:33+00:00\",\"dateModified\":\"2026-05-14T06:41:06+00:00\",\"breadcrumb\":{\"@id\":\"https:\\\/\\\/saludsostenible.es\\\/product\\\/npro-detoxintest\\\/#breadcrumb\"},\"inLanguage\":\"en-GB\",\"potentialAction\":[{\"@type\":\"ReadAction\",\"target\":[\"https:\\\/\\\/saludsostenible.es\\\/product\\\/npro-detoxintest\\\/\"]}]},{\"@type\":\"ImageObject\",\"inLanguage\":\"en-GB\",\"@id\":\"https:\\\/\\\/saludsostenible.es\\\/product\\\/npro-detoxintest\\\/#primaryimage\",\"url\":\"https:\\\/\\\/saludsostenible.es\\\/wp-content\\\/uploads\\\/2025\\\/09\\\/npro-detoxintest.jpg\",\"contentUrl\":\"https:\\\/\\\/saludsostenible.es\\\/wp-content\\\/uploads\\\/2025\\\/09\\\/npro-detoxintest.jpg\",\"width\":547,\"height\":1085},{\"@type\":\"BreadcrumbList\",\"@id\":\"https:\\\/\\\/saludsostenible.es\\\/product\\\/npro-detoxintest\\\/#breadcrumb\",\"itemListElement\":[{\"@type\":\"ListItem\",\"position\":1,\"name\":\"Home\",\"item\":\"https:\\\/\\\/saludsostenible.es\\\/\"},{\"@type\":\"ListItem\",\"position\":2,\"name\":\"Tienda\",\"item\":\"https:\\\/\\\/saludsostenible.es\\\/tienda\\\/\"},{\"@type\":\"ListItem\",\"position\":3,\"name\":\"NPRO DETOXINTEST\"}]},{\"@type\":\"WebSite\",\"@id\":\"https:\\\/\\\/saludsostenible.es\\\/#website\",\"url\":\"https:\\\/\\\/saludsostenible.es\\\/\",\"name\":\"Salud Sostenible Beauty & Longevity\",\"description\":\"Plataforma de consulta online y acceso a especialistas privados: salud integrativa, beauty y longevidad. Inicia tu perfil de salud metab\u00f3lica.\",\"publisher\":{\"@id\":\"https:\\\/\\\/saludsostenible.es\\\/#organization\"},\"alternateName\":\"Salud Sostenible\",\"potentialAction\":[{\"@type\":\"SearchAction\",\"target\":{\"@type\":\"EntryPoint\",\"urlTemplate\":\"https:\\\/\\\/saludsostenible.es\\\/?s={search_term_string}\"},\"query-input\":{\"@type\":\"PropertyValueSpecification\",\"valueRequired\":true,\"valueName\":\"search_term_string\"}}],\"inLanguage\":\"en-GB\"},{\"@type\":\"Organization\",\"@id\":\"https:\\\/\\\/saludsostenible.es\\\/#organization\",\"name\":\"Salud Sostenible by Fabrice Lef\u00e8vre Institute\",\"alternateName\":\"Osteopat\u00eda en Barcelona, Madrid y Marbella\",\"url\":\"https:\\\/\\\/saludsostenible.es\\\/\",\"logo\":{\"@type\":\"ImageObject\",\"inLanguage\":\"en-GB\",\"@id\":\"https:\\\/\\\/saludsostenible.es\\\/#\\\/schema\\\/logo\\\/image\\\/\",\"url\":\"https:\\\/\\\/saludsostenible.es\\\/wp-content\\\/uploads\\\/2024\\\/08\\\/probodyone-blog.jpg\",\"contentUrl\":\"https:\\\/\\\/saludsostenible.es\\\/wp-content\\\/uploads\\\/2024\\\/08\\\/probodyone-blog.jpg\",\"width\":1600,\"height\":550,\"caption\":\"Salud Sostenible by Fabrice Lef\u00e8vre Institute\"},\"image\":{\"@id\":\"https:\\\/\\\/saludsostenible.es\\\/#\\\/schema\\\/logo\\\/image\\\/\"},\"sameAs\":[\"https:\\\/\\\/www.facebook.com\\\/ProbodyoneBarcelona\",\"https:\\\/\\\/x.com\\\/probodyone\",\"https:\\\/\\\/www.youtube.com\\\/@Probodyone\\\/videos\"]}]}<\/script>\n<!-- \/ Yoast SEO Premium plugin. -->","yoast_head_json":{"title":"NPRO DETOXINTEST - Salud Sostenible by Fabrice Lef&egrave;vre Institute","robots":{"index":"index","follow":"follow","max-snippet":"max-snippet:-1","max-image-preview":"max-image-preview:large","max-video-preview":"max-video-preview:-1"},"canonical":"https:\/\/saludsostenible.es\/en\/product\/npro-detoxintest\/","og_locale":"en_GB","og_type":"article","og_title":"NPRO DETOXINTEST","og_description":"NPro\u202fDETOXintest es un producto formulado a base de carb\u00f3n vegetal, arcilla blanca, chlorella clorela y plantas como cilantro y an\u00eds verde. Descripci\u00f3n del Producto Causas de la producci\u00f3n de gases intestinales Comer alimentos muy ricos en fibra, como las legumbres, hablar mientras se come, consumir bebidas gaseosas o tener alterada la microbiota pueden incrementar la presencia de gas en el sistema digestivo.","og_url":"https:\/\/saludsostenible.es\/en\/product\/npro-detoxintest\/","og_site_name":"Salud Sostenible by Fabrice Lef&egrave;vre Institute","article_publisher":"https:\/\/www.facebook.com\/ProbodyoneBarcelona","article_modified_time":"2026-05-14T06:41:06+00:00","og_image":[{"width":547,"height":1085,"url":"https:\/\/saludsostenible.es\/wp-content\/uploads\/2025\/09\/npro-detoxintest.jpg","type":"image\/png"}],"twitter_card":"summary_large_image","twitter_site":"@probodyone","twitter_misc":{"Estimated reading time":"2 minutes"},"schema":{"@context":"https:\/\/schema.org","@graph":[{"@type":"WebPage","@id":"https:\/\/saludsostenible.es\/product\/npro-detoxintest\/","url":"https:\/\/saludsostenible.es\/product\/npro-detoxintest\/","name":"NPRO DETOXINTEST - Salud Sostenible by Fabrice Lef&egrave;vre Institute","isPartOf":{"@id":"https:\/\/saludsostenible.es\/#website"},"primaryImageOfPage":{"@id":"https:\/\/saludsostenible.es\/product\/npro-detoxintest\/#primaryimage"},"image":{"@id":"https:\/\/saludsostenible.es\/product\/npro-detoxintest\/#primaryimage"},"thumbnailUrl":"https:\/\/saludsostenible.es\/wp-content\/uploads\/2025\/09\/npro-detoxintest.jpg","datePublished":"2025-09-10T20:16:33+00:00","dateModified":"2026-05-14T06:41:06+00:00","breadcrumb":{"@id":"https:\/\/saludsostenible.es\/product\/npro-detoxintest\/#breadcrumb"},"inLanguage":"en-GB","potentialAction":[{"@type":"ReadAction","target":["https:\/\/saludsostenible.es\/product\/npro-detoxintest\/"]}]},{"@type":"ImageObject","inLanguage":"en-GB","@id":"https:\/\/saludsostenible.es\/product\/npro-detoxintest\/#primaryimage","url":"https:\/\/saludsostenible.es\/wp-content\/uploads\/2025\/09\/npro-detoxintest.jpg","contentUrl":"https:\/\/saludsostenible.es\/wp-content\/uploads\/2025\/09\/npro-detoxintest.jpg","width":547,"height":1085},{"@type":"BreadcrumbList","@id":"https:\/\/saludsostenible.es\/product\/npro-detoxintest\/#breadcrumb","itemListElement":[{"@type":"ListItem","position":1,"name":"Home","item":"https:\/\/saludsostenible.es\/"},{"@type":"ListItem","position":2,"name":"Tienda","item":"https:\/\/saludsostenible.es\/tienda\/"},{"@type":"ListItem","position":3,"name":"NPRO DETOXINTEST"}]},{"@type":"WebSite","@id":"https:\/\/saludsostenible.es\/#website","url":"https:\/\/saludsostenible.es\/","name":"Salud Sostenible Beauty & Longevity","description":"Plataforma de consulta online y acceso a especialistas privados: salud integrativa, beauty y longevidad. Inicia tu perfil de salud metab\u00f3lica.","publisher":{"@id":"https:\/\/saludsostenible.es\/#organization"},"alternateName":"Salud Sostenible","potentialAction":[{"@type":"SearchAction","target":{"@type":"EntryPoint","urlTemplate":"https:\/\/saludsostenible.es\/?s={search_term_string}"},"query-input":{"@type":"PropertyValueSpecification","valueRequired":true,"valueName":"search_term_string"}}],"inLanguage":"en-GB"},{"@type":"Organization","@id":"https:\/\/saludsostenible.es\/#organization","name":"Salud Sostenible by Fabrice Lef\u00e8vre Institute","alternateName":"Osteopat\u00eda en Barcelona, Madrid y Marbella","url":"https:\/\/saludsostenible.es\/","logo":{"@type":"ImageObject","inLanguage":"en-GB","@id":"https:\/\/saludsostenible.es\/#\/schema\/logo\/image\/","url":"https:\/\/saludsostenible.es\/wp-content\/uploads\/2024\/08\/probodyone-blog.jpg","contentUrl":"https:\/\/saludsostenible.es\/wp-content\/uploads\/2024\/08\/probodyone-blog.jpg","width":1600,"height":550,"caption":"Salud Sostenible by Fabrice Lef\u00e8vre Institute"},"image":{"@id":"https:\/\/saludsostenible.es\/#\/schema\/logo\/image\/"},"sameAs":["https:\/\/www.facebook.com\/ProbodyoneBarcelona","https:\/\/x.com\/probodyone","https:\/\/www.youtube.com\/@Probodyone\/videos"]}]}},"_links":{"self":[{"href":"https:\/\/saludsostenible.es\/en\/wp-json\/wp\/v2\/product\/501245","targetHints":{"allow":["GET"]}}],"collection":[{"href":"https:\/\/saludsostenible.es\/en\/wp-json\/wp\/v2\/product"}],"about":[{"href":"https:\/\/saludsostenible.es\/en\/wp-json\/wp\/v2\/types\/product"}],"wp:featuredmedia":[{"embeddable":true,"href":"https:\/\/saludsostenible.es\/en\/wp-json\/wp\/v2\/media\/501246"}],"wp:attachment":[{"href":"https:\/\/saludsostenible.es\/en\/wp-json\/wp\/v2\/media?parent=501245"}],"wp:term":[{"taxonomy":"product_brand","embeddable":true,"href":"https:\/\/saludsostenible.es\/en\/wp-json\/wp\/v2\/product_brand?post=501245"},{"taxonomy":"product_cat","embeddable":true,"href":"https:\/\/saludsostenible.es\/en\/wp-json\/wp\/v2\/product_cat?post=501245"},{"taxonomy":"product_tag","embeddable":true,"href":"https:\/\/saludsostenible.es\/en\/wp-json\/wp\/v2\/product_tag?post=501245"}],"curies":[{"name":"wp","href":"https:\/\/api.w.org\/{rel}","templated":true}]}}