{"id":501254,"date":"2025-09-10T20:16:33","date_gmt":"2025-09-10T20:16:33","guid":{"rendered":"https:\/\/saludsostenible.es\/product\/precio-5851e-180-capsulas\/"},"modified":"2026-05-14T06:33:59","modified_gmt":"2026-05-14T06:33:59","slug":"npro-cleanintest-2","status":"publish","type":"product","link":"https:\/\/saludsostenible.es\/en\/product\/npro-cleanintest-2\/","title":{"rendered":"NPRO CLEANINTEST"},"content":{"rendered":"<p>NPro\u202fCLEANintest est\u00e1 formulado con extractos vegetales de neem, or\u00e9gano, agracejo, tomillo, romero, menta y clavo. El tomillo tiene un efecto antibacteriano y el or\u00e9gano y la menta contribuyen al funcionamiento normal del tracto intestinal.<br \/>\nDescripci\u00f3n del Producto<br \/>\nLa microbiota como ecosistema intestinal<br \/>\nEl intestino es el h\u00e1bitat de una poblaci\u00f3n muy diversa de microorganismos, principalmente bacterias que viven en la superficie mucosa o en la luz del intestino.<br \/>\nEste ecosistema microbiano incluye especies nativas que colonizan permanentemente nuestro tracto gastrointestinal y una serie variable de microorganismos vivos que transitan temporalmente por el tubo digestivo.<br \/>\nLas bacterias nativas se adquieren al nacer y durante el primer a\u00f1o de vida, mientras que las bacterias en tr\u00e1nsito se ingieren continuamente a trav\u00e9s alimentos, bebidas, etc.<br \/>\nCausas del desequilibrio de la microbiota<br \/>\nFactores como una dieta inadecuada o el estr\u00e9s cr\u00f3nico pueden alterar este ecosistema microbiano, favoreciendo el crecimiento de bacterias pat\u00f3genas y produciendo s\u00edntomas digestivos variados.<br \/>\nExtractos vegetales seleccionados<br \/>\nLa berberina es un compuesto natural presente en ra\u00edces, rizomas y cortezas del g\u00e9nero Berberis. Apoya la salud gastrointestinal, normaliza la funci\u00f3n del tracto intestinal y favorece la actividad de las gl\u00e1ndulas encargadas de producir jugos g\u00e1stricos.<br \/>\nEl or\u00e9gano se ha utilizado desde hace siglos para dar sabor a los platos y tambi\u00e9n como remedio natural frente a diferentes problemas. Tradicionalmente, se ha utilizado para facilitar la digesti\u00f3n y contribuir al confort digestivo. Adem\u00e1s, contribuye a la producci\u00f3n y excreci\u00f3n de bilis, apoyando la salud hep\u00e1tica y se le han atribuido propiedades antiinflamatorias.<br \/>\nEl tomillo, tambi\u00e9n es una planta arom\u00e1tica originaria de los pa\u00edses de la cuenca mediterr\u00e1nea occidental que posee actividad antibacteriana y contribuye a facilitar la digesti\u00f3n.<br \/>\nEl clavo de olor, originario de Indonesia, es valorado por sus botones florales secos, que se utilizan como especia en cocinas de todo el mundo. Contribuye a una digesti\u00f3n saludable sin causar molestias adicionales en personas que ya tienen sensibilidad g\u00e1strica.<br \/>\nLa menta es conocida por su efecto carminativo, ayudando a reducir las flatulencias y aliviar los espasmos abdominales. Tambi\u00e9n contribuye al bienestar digestivo, aliviando la indigesti\u00f3n y sus molestias asociadas.<\/p>\n<p>Formato: Bote de 180 c\u00e1psulas.<br \/>\nBote de 60 c\u00e1psulas<\/p>\n<p>Modo de empleo: Tomar dos capsulas antes de una comida principal, aumentar las tomas siguiendo recomendaci\u00f3n profesional.<br \/>\nCOMPOSICI\u00d3N: Dosis por 2 c\u00e1psulasBerberina E.S. 97% 320 mgNeem 20:1 E.S. 7,5% 300 mgOr\u00e9gano E.S. 5:1 (30% polif.) 300 mgTomillo E.S. 5:1 300 mgClavo E.S. 10:1 100 mgMenta Piperita E.S. 10% 20 mg<\/p>","protected":false},"excerpt":{"rendered":"<p>NPro\u202fCLEANintest est\u00e1 formulado con extractos vegetales de neem, or\u00e9gano, agracejo, tomillo, romero, menta y clavo. El tomillo tiene un efecto antibacteriano y el or\u00e9gano y la menta contribuyen al funcionamiento normal del tracto intestinal.<\/p>","protected":false},"featured_media":501255,"template":"","meta":[],"product_brand":[187],"product_cat":[188,262],"product_tag":[],"class_list":{"0":"post-501254","1":"product","2":"type-product","3":"status-publish","4":"has-post-thumbnail","6":"product_brand-n-pro","7":"product_cat-n-pro","8":"product_cat-suplementos-micronutricionales","9":"product_shipping_class-producto-fisico","11":"first","12":"instock","13":"purchasable","14":"product-type-variable","15":"has-default-attributes"},"yoast_head":"<!-- This site is optimized with the Yoast SEO Premium plugin v22.9 (Yoast SEO v27.6) - https:\/\/yoast.com\/product\/yoast-seo-premium-wordpress\/ -->\n<title>NPRO CLEANINTEST - Salud Sostenible by Fabrice Lef&egrave;vre Institute<\/title>\n<meta name=\"robots\" content=\"index, follow, max-snippet:-1, max-image-preview:large, max-video-preview:-1\" \/>\n<link rel=\"canonical\" href=\"https:\/\/saludsostenible.es\/en\/product\/npro-cleanintest-2\/\" \/>\n<meta property=\"og:locale\" content=\"en_GB\" \/>\n<meta property=\"og:type\" content=\"article\" \/>\n<meta property=\"og:title\" content=\"NPRO CLEANINTEST\" \/>\n<meta property=\"og:description\" content=\"NPro\u202fCLEANintest est\u00e1 formulado con extractos vegetales de neem, or\u00e9gano, agracejo, tomillo, romero, menta y clavo. El tomillo tiene un efecto antibacteriano y el or\u00e9gano y la menta contribuyen al funcionamiento normal del tracto intestinal.\" \/>\n<meta property=\"og:url\" content=\"https:\/\/saludsostenible.es\/en\/product\/npro-cleanintest-2\/\" \/>\n<meta property=\"og:site_name\" content=\"Salud Sostenible by Fabrice Lef&egrave;vre Institute\" \/>\n<meta property=\"article:publisher\" content=\"https:\/\/www.facebook.com\/ProbodyoneBarcelona\" \/>\n<meta property=\"article:modified_time\" content=\"2026-05-14T06:33:59+00:00\" \/>\n<meta property=\"og:image\" content=\"https:\/\/saludsostenible.es\/wp-content\/uploads\/2025\/09\/precio-5851-180-capsulas.jpg\" \/>\n\t<meta property=\"og:image:width\" content=\"445\" \/>\n\t<meta property=\"og:image:height\" content=\"902\" \/>\n\t<meta property=\"og:image:type\" content=\"image\/png\" \/>\n<meta name=\"twitter:card\" content=\"summary_large_image\" \/>\n<meta name=\"twitter:site\" content=\"@probodyone\" \/>\n<meta name=\"twitter:label1\" content=\"Estimated reading time\" \/>\n\t<meta name=\"twitter:data1\" content=\"3 minutes\" \/>\n<script type=\"application\/ld+json\" class=\"yoast-schema-graph\">{\"@context\":\"https:\\\/\\\/schema.org\",\"@graph\":[{\"@type\":\"WebPage\",\"@id\":\"https:\\\/\\\/saludsostenible.es\\\/product\\\/npro-cleanintest-2\\\/\",\"url\":\"https:\\\/\\\/saludsostenible.es\\\/product\\\/npro-cleanintest-2\\\/\",\"name\":\"NPRO CLEANINTEST - Salud Sostenible by Fabrice Lef&egrave;vre Institute\",\"isPartOf\":{\"@id\":\"https:\\\/\\\/saludsostenible.es\\\/#website\"},\"primaryImageOfPage\":{\"@id\":\"https:\\\/\\\/saludsostenible.es\\\/product\\\/npro-cleanintest-2\\\/#primaryimage\"},\"image\":{\"@id\":\"https:\\\/\\\/saludsostenible.es\\\/product\\\/npro-cleanintest-2\\\/#primaryimage\"},\"thumbnailUrl\":\"https:\\\/\\\/saludsostenible.es\\\/wp-content\\\/uploads\\\/2025\\\/09\\\/precio-5851-180-capsulas.jpg\",\"datePublished\":\"2025-09-10T20:16:33+00:00\",\"dateModified\":\"2026-05-14T06:33:59+00:00\",\"breadcrumb\":{\"@id\":\"https:\\\/\\\/saludsostenible.es\\\/product\\\/npro-cleanintest-2\\\/#breadcrumb\"},\"inLanguage\":\"en-GB\",\"potentialAction\":[{\"@type\":\"ReadAction\",\"target\":[\"https:\\\/\\\/saludsostenible.es\\\/product\\\/npro-cleanintest-2\\\/\"]}]},{\"@type\":\"ImageObject\",\"inLanguage\":\"en-GB\",\"@id\":\"https:\\\/\\\/saludsostenible.es\\\/product\\\/npro-cleanintest-2\\\/#primaryimage\",\"url\":\"https:\\\/\\\/saludsostenible.es\\\/wp-content\\\/uploads\\\/2025\\\/09\\\/precio-5851-180-capsulas.jpg\",\"contentUrl\":\"https:\\\/\\\/saludsostenible.es\\\/wp-content\\\/uploads\\\/2025\\\/09\\\/precio-5851-180-capsulas.jpg\",\"width\":445,\"height\":902},{\"@type\":\"BreadcrumbList\",\"@id\":\"https:\\\/\\\/saludsostenible.es\\\/product\\\/npro-cleanintest-2\\\/#breadcrumb\",\"itemListElement\":[{\"@type\":\"ListItem\",\"position\":1,\"name\":\"Home\",\"item\":\"https:\\\/\\\/saludsostenible.es\\\/\"},{\"@type\":\"ListItem\",\"position\":2,\"name\":\"Tienda\",\"item\":\"https:\\\/\\\/saludsostenible.es\\\/tienda\\\/\"},{\"@type\":\"ListItem\",\"position\":3,\"name\":\"NPRO CLEANINTEST\"}]},{\"@type\":\"WebSite\",\"@id\":\"https:\\\/\\\/saludsostenible.es\\\/#website\",\"url\":\"https:\\\/\\\/saludsostenible.es\\\/\",\"name\":\"Salud Sostenible Beauty & Longevity\",\"description\":\"Plataforma de consulta online y acceso a especialistas privados: salud integrativa, beauty y longevidad. Inicia tu perfil de salud metab\u00f3lica.\",\"publisher\":{\"@id\":\"https:\\\/\\\/saludsostenible.es\\\/#organization\"},\"alternateName\":\"Salud Sostenible\",\"potentialAction\":[{\"@type\":\"SearchAction\",\"target\":{\"@type\":\"EntryPoint\",\"urlTemplate\":\"https:\\\/\\\/saludsostenible.es\\\/?s={search_term_string}\"},\"query-input\":{\"@type\":\"PropertyValueSpecification\",\"valueRequired\":true,\"valueName\":\"search_term_string\"}}],\"inLanguage\":\"en-GB\"},{\"@type\":\"Organization\",\"@id\":\"https:\\\/\\\/saludsostenible.es\\\/#organization\",\"name\":\"Salud Sostenible by Fabrice Lef\u00e8vre Institute\",\"alternateName\":\"Osteopat\u00eda en Barcelona, Madrid y Marbella\",\"url\":\"https:\\\/\\\/saludsostenible.es\\\/\",\"logo\":{\"@type\":\"ImageObject\",\"inLanguage\":\"en-GB\",\"@id\":\"https:\\\/\\\/saludsostenible.es\\\/#\\\/schema\\\/logo\\\/image\\\/\",\"url\":\"https:\\\/\\\/saludsostenible.es\\\/wp-content\\\/uploads\\\/2024\\\/08\\\/probodyone-blog.jpg\",\"contentUrl\":\"https:\\\/\\\/saludsostenible.es\\\/wp-content\\\/uploads\\\/2024\\\/08\\\/probodyone-blog.jpg\",\"width\":1600,\"height\":550,\"caption\":\"Salud Sostenible by Fabrice Lef\u00e8vre Institute\"},\"image\":{\"@id\":\"https:\\\/\\\/saludsostenible.es\\\/#\\\/schema\\\/logo\\\/image\\\/\"},\"sameAs\":[\"https:\\\/\\\/www.facebook.com\\\/ProbodyoneBarcelona\",\"https:\\\/\\\/x.com\\\/probodyone\",\"https:\\\/\\\/www.youtube.com\\\/@Probodyone\\\/videos\"]}]}<\/script>\n<!-- \/ Yoast SEO Premium plugin. -->","yoast_head_json":{"title":"NPRO CLEANINTEST - Salud Sostenible by Fabrice Lef&egrave;vre Institute","robots":{"index":"index","follow":"follow","max-snippet":"max-snippet:-1","max-image-preview":"max-image-preview:large","max-video-preview":"max-video-preview:-1"},"canonical":"https:\/\/saludsostenible.es\/en\/product\/npro-cleanintest-2\/","og_locale":"en_GB","og_type":"article","og_title":"NPRO CLEANINTEST","og_description":"NPro\u202fCLEANintest est\u00e1 formulado con extractos vegetales de neem, or\u00e9gano, agracejo, tomillo, romero, menta y clavo. El tomillo tiene un efecto antibacteriano y el or\u00e9gano y la menta contribuyen al funcionamiento normal del tracto intestinal.","og_url":"https:\/\/saludsostenible.es\/en\/product\/npro-cleanintest-2\/","og_site_name":"Salud Sostenible by Fabrice Lef&egrave;vre Institute","article_publisher":"https:\/\/www.facebook.com\/ProbodyoneBarcelona","article_modified_time":"2026-05-14T06:33:59+00:00","og_image":[{"width":445,"height":902,"url":"https:\/\/saludsostenible.es\/wp-content\/uploads\/2025\/09\/precio-5851-180-capsulas.jpg","type":"image\/png"}],"twitter_card":"summary_large_image","twitter_site":"@probodyone","twitter_misc":{"Estimated reading time":"3 minutes"},"schema":{"@context":"https:\/\/schema.org","@graph":[{"@type":"WebPage","@id":"https:\/\/saludsostenible.es\/product\/npro-cleanintest-2\/","url":"https:\/\/saludsostenible.es\/product\/npro-cleanintest-2\/","name":"NPRO CLEANINTEST - Salud Sostenible by Fabrice Lef&egrave;vre Institute","isPartOf":{"@id":"https:\/\/saludsostenible.es\/#website"},"primaryImageOfPage":{"@id":"https:\/\/saludsostenible.es\/product\/npro-cleanintest-2\/#primaryimage"},"image":{"@id":"https:\/\/saludsostenible.es\/product\/npro-cleanintest-2\/#primaryimage"},"thumbnailUrl":"https:\/\/saludsostenible.es\/wp-content\/uploads\/2025\/09\/precio-5851-180-capsulas.jpg","datePublished":"2025-09-10T20:16:33+00:00","dateModified":"2026-05-14T06:33:59+00:00","breadcrumb":{"@id":"https:\/\/saludsostenible.es\/product\/npro-cleanintest-2\/#breadcrumb"},"inLanguage":"en-GB","potentialAction":[{"@type":"ReadAction","target":["https:\/\/saludsostenible.es\/product\/npro-cleanintest-2\/"]}]},{"@type":"ImageObject","inLanguage":"en-GB","@id":"https:\/\/saludsostenible.es\/product\/npro-cleanintest-2\/#primaryimage","url":"https:\/\/saludsostenible.es\/wp-content\/uploads\/2025\/09\/precio-5851-180-capsulas.jpg","contentUrl":"https:\/\/saludsostenible.es\/wp-content\/uploads\/2025\/09\/precio-5851-180-capsulas.jpg","width":445,"height":902},{"@type":"BreadcrumbList","@id":"https:\/\/saludsostenible.es\/product\/npro-cleanintest-2\/#breadcrumb","itemListElement":[{"@type":"ListItem","position":1,"name":"Home","item":"https:\/\/saludsostenible.es\/"},{"@type":"ListItem","position":2,"name":"Tienda","item":"https:\/\/saludsostenible.es\/tienda\/"},{"@type":"ListItem","position":3,"name":"NPRO CLEANINTEST"}]},{"@type":"WebSite","@id":"https:\/\/saludsostenible.es\/#website","url":"https:\/\/saludsostenible.es\/","name":"Salud Sostenible Beauty & Longevity","description":"Plataforma de consulta online y acceso a especialistas privados: salud integrativa, beauty y longevidad. Inicia tu perfil de salud metab\u00f3lica.","publisher":{"@id":"https:\/\/saludsostenible.es\/#organization"},"alternateName":"Salud Sostenible","potentialAction":[{"@type":"SearchAction","target":{"@type":"EntryPoint","urlTemplate":"https:\/\/saludsostenible.es\/?s={search_term_string}"},"query-input":{"@type":"PropertyValueSpecification","valueRequired":true,"valueName":"search_term_string"}}],"inLanguage":"en-GB"},{"@type":"Organization","@id":"https:\/\/saludsostenible.es\/#organization","name":"Salud Sostenible by Fabrice Lef\u00e8vre Institute","alternateName":"Osteopat\u00eda en Barcelona, Madrid y Marbella","url":"https:\/\/saludsostenible.es\/","logo":{"@type":"ImageObject","inLanguage":"en-GB","@id":"https:\/\/saludsostenible.es\/#\/schema\/logo\/image\/","url":"https:\/\/saludsostenible.es\/wp-content\/uploads\/2024\/08\/probodyone-blog.jpg","contentUrl":"https:\/\/saludsostenible.es\/wp-content\/uploads\/2024\/08\/probodyone-blog.jpg","width":1600,"height":550,"caption":"Salud Sostenible by Fabrice Lef\u00e8vre Institute"},"image":{"@id":"https:\/\/saludsostenible.es\/#\/schema\/logo\/image\/"},"sameAs":["https:\/\/www.facebook.com\/ProbodyoneBarcelona","https:\/\/x.com\/probodyone","https:\/\/www.youtube.com\/@Probodyone\/videos"]}]}},"_links":{"self":[{"href":"https:\/\/saludsostenible.es\/en\/wp-json\/wp\/v2\/product\/501254","targetHints":{"allow":["GET"]}}],"collection":[{"href":"https:\/\/saludsostenible.es\/en\/wp-json\/wp\/v2\/product"}],"about":[{"href":"https:\/\/saludsostenible.es\/en\/wp-json\/wp\/v2\/types\/product"}],"wp:featuredmedia":[{"embeddable":true,"href":"https:\/\/saludsostenible.es\/en\/wp-json\/wp\/v2\/media\/501255"}],"wp:attachment":[{"href":"https:\/\/saludsostenible.es\/en\/wp-json\/wp\/v2\/media?parent=501254"}],"wp:term":[{"taxonomy":"product_brand","embeddable":true,"href":"https:\/\/saludsostenible.es\/en\/wp-json\/wp\/v2\/product_brand?post=501254"},{"taxonomy":"product_cat","embeddable":true,"href":"https:\/\/saludsostenible.es\/en\/wp-json\/wp\/v2\/product_cat?post=501254"},{"taxonomy":"product_tag","embeddable":true,"href":"https:\/\/saludsostenible.es\/en\/wp-json\/wp\/v2\/product_tag?post=501254"}],"curies":[{"name":"wp","href":"https:\/\/api.w.org\/{rel}","templated":true}]}}