{"id":501256,"date":"2025-09-10T20:16:33","date_gmt":"2025-09-10T20:16:33","guid":{"rendered":"https:\/\/saludsostenible.es\/product\/npro-butibifidus\/"},"modified":"2026-05-14T06:38:22","modified_gmt":"2026-05-14T06:38:22","slug":"npro-butibifidus","status":"publish","type":"product","link":"https:\/\/saludsostenible.es\/en\/product\/npro-butibifidus\/","title":{"rendered":"NPRO BUTIBIFIDUS 60 CAPSULAS"},"content":{"rendered":"<p>NPro Butibifidus incluye en su formulaci\u00f3n 500 mg de butirato, 20 mil millones de UFC de Bifidobacterias (avaladas por m\u00e1s de 10 estudios cient\u00edficos), almid\u00f3n resistente tipo II y vitaminas B2, B3, C y E.<br \/>\nDescripci\u00f3n del Producto<br \/>\nPorque el butirato es esencial para la salud intestinal<br \/>\nEn el colon, las bacterias intestinales fermentan la fibra diet\u00e9tica, produciendo \u00e1cidos grasos de cadena corta como acetato, propionato y butirato.<br \/>\nEl butirato es especialmente relevante, ya que es la principal fuente de energ\u00eda para las c\u00e9lulas intestinales y desempe\u00f1a un papel fundamental en el mantenimiento de un colon saludable.<br \/>\nLa disbiosis intestinal puede reducir los niveles de butirato<br \/>\nAlteraciones gastrointestinales, como la disbiosis, suelen estar asociadas con niveles insuficientes de \u00e1cido but\u00edrico en el colon, lo que puede comprometer la salud intestinal.<br \/>\nEn estas situaciones, disminuyen las bacterias beneficiosas, como las del g\u00e9nero Bifidobacterium (por ejemplo, B. infantis, B. lactis, B. longum, B. bifidum, B. adolescentis), que favorecen concentraciones adecuadas de butirato.<br \/>\nEn el colon, las bacterias intestinales fermentan la fibra diet\u00e9tica, produciendo \u00e1cidos grasos de cadena corta (AGCC) como acetato, propionato y butirato. El butirato es la principal fuente de energ\u00eda para las c\u00e9lulas del colon y desempe\u00f1a un papel fundamental en la homeostasis intestinal, la inmunotolerancia y el metabolismo energ\u00e9tico celular.<br \/>\nAporta una triple fuente de butirato: en forma de butirato de sodio, 6 cepas de Bifidobacterias que aumentan los niveles de butirato y nutrientes (almid\u00f3n resistente y vitaminas) que act\u00faan como prebi\u00f3ticos para bacterias productoras de butirato. Para facilitar que los ingredientes lleguen al colon, donde deben ejercer su acci\u00f3n, el producto incorpora c\u00e1psulas de liberaci\u00f3n retardada.<\/p>\n<p>FORMATO:Bote de 60 c\u00e1psulas.<\/p>\n<p>MODO DE EMPLEO:Tomar de 1 a 2 c\u00e1psulas al d\u00eda, preferiblemente con est\u00f3mago vac\u00edo.<br \/>\nDosis por 2 c\u00e1psulasButirato de sodio (500mg de butirato) 633mgMezcla de bacterias probi\u00f3ticas (20.000 millones de UFC*) 200mg<br \/>\n\u2013 Bifidobacterium breve\u00a0 CCFM1025\u00a0\u00a0\u00a0 5\u00b7109UFC*<br \/>\n\u2013 Bifidobacterium adolescentisCCFM1061\u00a0 4\u00b7109 UFC*<br \/>\n\u2013 Bifidobacterium adolescentisCCFM1061\u00a0\u00a0 4\u00b7109 UFC*<br \/>\n\u2013 Bifidobacterium adolescentisCCFM1062 \u00a0 4\u00b7109 UFC*<br \/>\n\u2013 Bifidobacterium longumYS108R\u00a0\u00a0 3\u00b7109 UFC*<br \/>\n\u2013 Bifidobacterium animalis subsp. lactis\u00a0DSM 15954\u00a0\u00a0 2\u00b7109 UFC*<br \/>\n\u2013 Bifidobacterium bifidum CCFM1063\u00a0 2\u00b7109 UFC*<br \/>\nRiboflavina (Vitamina B2)\u00a0 10 mg (714,2% VRN**)<br \/>\nNicotinamida (Vitamina B3) 16 mg\u00a0 (100% VRN**)<br \/>\n\u00c1cido asc\u00f3rbico (Vitamina C) 100 mg (125% VRN**)<br \/>\nAlfa-tocoferol (Vitamina E) 18 mg (26,88 UI)<br \/>\nPolvo de pl\u00e1tanodeshidratado 140 mgAporta almid\u00f3nresistente tipo II 91 mg<br \/>\nContiene Bamb\u00fa y Aroma natural de pl\u00e1tano<br \/>\nC\u00e1psula de liberaci\u00f3n retardada*Unidades formadoras de colonias<br \/>\n**Valores de referencia de nutrientes<\/p>","protected":false},"excerpt":{"rendered":"<p>NPro Butibifidus incluye en su formulaci\u00f3n 500 mg de butirato, 20 mil millones de UFC de Bifidobacterias (avaladas por m\u00e1s de 10 estudios cient\u00edficos), almid\u00f3n resistente tipo II y vitaminas B2, B3, C y E. Descripci\u00f3n del Producto<br \/>\nPorque el butirato es esencial para la salud intestinal<br \/>\nEn el colon, las bacterias intestinales fermentan la fibra diet\u00e9tica, produciendo \u00e1cidos grasos de cadena corta como acetato, propionato y butirato.<\/p>","protected":false},"featured_media":501257,"template":"","meta":[],"product_brand":[187],"product_cat":[188,262],"product_tag":[],"class_list":{"0":"post-501256","1":"product","2":"type-product","3":"status-publish","4":"has-post-thumbnail","6":"product_brand-n-pro","7":"product_cat-n-pro","8":"product_cat-suplementos-micronutricionales","9":"product_shipping_class-producto-fisico","11":"first","12":"instock","13":"purchasable","14":"product-type-simple"},"yoast_head":"<!-- This site is optimized with the Yoast SEO Premium plugin v22.9 (Yoast SEO v27.6) - https:\/\/yoast.com\/product\/yoast-seo-premium-wordpress\/ -->\n<title>NPRO BUTIBIFIDUS 60 CAPSULAS - Salud Sostenible by Fabrice Lef&egrave;vre Institute<\/title>\n<meta name=\"robots\" content=\"index, follow, max-snippet:-1, max-image-preview:large, max-video-preview:-1\" \/>\n<link rel=\"canonical\" href=\"https:\/\/saludsostenible.es\/en\/product\/npro-butibifidus\/\" \/>\n<meta property=\"og:locale\" content=\"en_GB\" \/>\n<meta property=\"og:type\" content=\"article\" \/>\n<meta property=\"og:title\" content=\"NPRO BUTIBIFIDUS 60 CAPSULAS\" \/>\n<meta property=\"og:description\" content=\"NPro Butibifidus incluye en su formulaci\u00f3n 500 mg de butirato, 20 mil millones de UFC de Bifidobacterias (avaladas por m\u00e1s de 10 estudios cient\u00edficos), almid\u00f3n resistente tipo II y vitaminas B2, B3, C y E. Descripci\u00f3n del Producto Porque el butirato es esencial para la salud intestinal En el colon, las bacterias intestinales fermentan la fibra diet\u00e9tica, produciendo \u00e1cidos grasos de cadena corta como acetato, propionato y butirato.\" \/>\n<meta property=\"og:url\" content=\"https:\/\/saludsostenible.es\/en\/product\/npro-butibifidus\/\" \/>\n<meta property=\"og:site_name\" content=\"Salud Sostenible by Fabrice Lef&egrave;vre Institute\" \/>\n<meta property=\"article:publisher\" content=\"https:\/\/www.facebook.com\/ProbodyoneBarcelona\" \/>\n<meta property=\"article:modified_time\" content=\"2026-05-14T06:38:22+00:00\" \/>\n<meta property=\"og:image\" content=\"https:\/\/saludsostenible.es\/wp-content\/uploads\/2025\/09\/npro-butibifidus.jpg\" \/>\n\t<meta property=\"og:image:width\" content=\"372\" \/>\n\t<meta property=\"og:image:height\" content=\"740\" \/>\n\t<meta property=\"og:image:type\" content=\"image\/png\" \/>\n<meta name=\"twitter:card\" content=\"summary_large_image\" \/>\n<meta name=\"twitter:site\" content=\"@probodyone\" \/>\n<meta name=\"twitter:label1\" content=\"Estimated reading time\" \/>\n\t<meta name=\"twitter:data1\" content=\"3 minutes\" \/>\n<script type=\"application\/ld+json\" class=\"yoast-schema-graph\">{\"@context\":\"https:\\\/\\\/schema.org\",\"@graph\":[{\"@type\":\"WebPage\",\"@id\":\"https:\\\/\\\/saludsostenible.es\\\/product\\\/npro-butibifidus\\\/\",\"url\":\"https:\\\/\\\/saludsostenible.es\\\/product\\\/npro-butibifidus\\\/\",\"name\":\"NPRO BUTIBIFIDUS 60 CAPSULAS - Salud Sostenible by Fabrice Lef&egrave;vre Institute\",\"isPartOf\":{\"@id\":\"https:\\\/\\\/saludsostenible.es\\\/#website\"},\"primaryImageOfPage\":{\"@id\":\"https:\\\/\\\/saludsostenible.es\\\/product\\\/npro-butibifidus\\\/#primaryimage\"},\"image\":{\"@id\":\"https:\\\/\\\/saludsostenible.es\\\/product\\\/npro-butibifidus\\\/#primaryimage\"},\"thumbnailUrl\":\"https:\\\/\\\/saludsostenible.es\\\/wp-content\\\/uploads\\\/2025\\\/09\\\/npro-butibifidus.jpg\",\"datePublished\":\"2025-09-10T20:16:33+00:00\",\"dateModified\":\"2026-05-14T06:38:22+00:00\",\"breadcrumb\":{\"@id\":\"https:\\\/\\\/saludsostenible.es\\\/product\\\/npro-butibifidus\\\/#breadcrumb\"},\"inLanguage\":\"en-GB\",\"potentialAction\":[{\"@type\":\"ReadAction\",\"target\":[\"https:\\\/\\\/saludsostenible.es\\\/product\\\/npro-butibifidus\\\/\"]}]},{\"@type\":\"ImageObject\",\"inLanguage\":\"en-GB\",\"@id\":\"https:\\\/\\\/saludsostenible.es\\\/product\\\/npro-butibifidus\\\/#primaryimage\",\"url\":\"https:\\\/\\\/saludsostenible.es\\\/wp-content\\\/uploads\\\/2025\\\/09\\\/npro-butibifidus.jpg\",\"contentUrl\":\"https:\\\/\\\/saludsostenible.es\\\/wp-content\\\/uploads\\\/2025\\\/09\\\/npro-butibifidus.jpg\",\"width\":372,\"height\":740},{\"@type\":\"BreadcrumbList\",\"@id\":\"https:\\\/\\\/saludsostenible.es\\\/product\\\/npro-butibifidus\\\/#breadcrumb\",\"itemListElement\":[{\"@type\":\"ListItem\",\"position\":1,\"name\":\"Home\",\"item\":\"https:\\\/\\\/saludsostenible.es\\\/\"},{\"@type\":\"ListItem\",\"position\":2,\"name\":\"Tienda\",\"item\":\"https:\\\/\\\/saludsostenible.es\\\/tienda\\\/\"},{\"@type\":\"ListItem\",\"position\":3,\"name\":\"NPRO BUTIBIFIDUS 60 CAPSULAS\"}]},{\"@type\":\"WebSite\",\"@id\":\"https:\\\/\\\/saludsostenible.es\\\/#website\",\"url\":\"https:\\\/\\\/saludsostenible.es\\\/\",\"name\":\"Salud Sostenible Beauty & Longevity\",\"description\":\"Plataforma de consulta online y acceso a especialistas privados: salud integrativa, beauty y longevidad. Inicia tu perfil de salud metab\u00f3lica.\",\"publisher\":{\"@id\":\"https:\\\/\\\/saludsostenible.es\\\/#organization\"},\"alternateName\":\"Salud Sostenible\",\"potentialAction\":[{\"@type\":\"SearchAction\",\"target\":{\"@type\":\"EntryPoint\",\"urlTemplate\":\"https:\\\/\\\/saludsostenible.es\\\/?s={search_term_string}\"},\"query-input\":{\"@type\":\"PropertyValueSpecification\",\"valueRequired\":true,\"valueName\":\"search_term_string\"}}],\"inLanguage\":\"en-GB\"},{\"@type\":\"Organization\",\"@id\":\"https:\\\/\\\/saludsostenible.es\\\/#organization\",\"name\":\"Salud Sostenible by Fabrice Lef\u00e8vre Institute\",\"alternateName\":\"Osteopat\u00eda en Barcelona, Madrid y Marbella\",\"url\":\"https:\\\/\\\/saludsostenible.es\\\/\",\"logo\":{\"@type\":\"ImageObject\",\"inLanguage\":\"en-GB\",\"@id\":\"https:\\\/\\\/saludsostenible.es\\\/#\\\/schema\\\/logo\\\/image\\\/\",\"url\":\"https:\\\/\\\/saludsostenible.es\\\/wp-content\\\/uploads\\\/2024\\\/08\\\/probodyone-blog.jpg\",\"contentUrl\":\"https:\\\/\\\/saludsostenible.es\\\/wp-content\\\/uploads\\\/2024\\\/08\\\/probodyone-blog.jpg\",\"width\":1600,\"height\":550,\"caption\":\"Salud Sostenible by Fabrice Lef\u00e8vre Institute\"},\"image\":{\"@id\":\"https:\\\/\\\/saludsostenible.es\\\/#\\\/schema\\\/logo\\\/image\\\/\"},\"sameAs\":[\"https:\\\/\\\/www.facebook.com\\\/ProbodyoneBarcelona\",\"https:\\\/\\\/x.com\\\/probodyone\",\"https:\\\/\\\/www.youtube.com\\\/@Probodyone\\\/videos\"]}]}<\/script>\n<!-- \/ Yoast SEO Premium plugin. -->","yoast_head_json":{"title":"NPRO BUTIBIFIDUS 60 CAPSULAS - Salud Sostenible by Fabrice Lef&egrave;vre Institute","robots":{"index":"index","follow":"follow","max-snippet":"max-snippet:-1","max-image-preview":"max-image-preview:large","max-video-preview":"max-video-preview:-1"},"canonical":"https:\/\/saludsostenible.es\/en\/product\/npro-butibifidus\/","og_locale":"en_GB","og_type":"article","og_title":"NPRO BUTIBIFIDUS 60 CAPSULAS","og_description":"NPro Butibifidus incluye en su formulaci\u00f3n 500 mg de butirato, 20 mil millones de UFC de Bifidobacterias (avaladas por m\u00e1s de 10 estudios cient\u00edficos), almid\u00f3n resistente tipo II y vitaminas B2, B3, C y E. Descripci\u00f3n del Producto Porque el butirato es esencial para la salud intestinal En el colon, las bacterias intestinales fermentan la fibra diet\u00e9tica, produciendo \u00e1cidos grasos de cadena corta como acetato, propionato y butirato.","og_url":"https:\/\/saludsostenible.es\/en\/product\/npro-butibifidus\/","og_site_name":"Salud Sostenible by Fabrice Lef&egrave;vre Institute","article_publisher":"https:\/\/www.facebook.com\/ProbodyoneBarcelona","article_modified_time":"2026-05-14T06:38:22+00:00","og_image":[{"width":372,"height":740,"url":"https:\/\/saludsostenible.es\/wp-content\/uploads\/2025\/09\/npro-butibifidus.jpg","type":"image\/png"}],"twitter_card":"summary_large_image","twitter_site":"@probodyone","twitter_misc":{"Estimated reading time":"3 minutes"},"schema":{"@context":"https:\/\/schema.org","@graph":[{"@type":"WebPage","@id":"https:\/\/saludsostenible.es\/product\/npro-butibifidus\/","url":"https:\/\/saludsostenible.es\/product\/npro-butibifidus\/","name":"NPRO BUTIBIFIDUS 60 CAPSULAS - Salud Sostenible by Fabrice Lef&egrave;vre Institute","isPartOf":{"@id":"https:\/\/saludsostenible.es\/#website"},"primaryImageOfPage":{"@id":"https:\/\/saludsostenible.es\/product\/npro-butibifidus\/#primaryimage"},"image":{"@id":"https:\/\/saludsostenible.es\/product\/npro-butibifidus\/#primaryimage"},"thumbnailUrl":"https:\/\/saludsostenible.es\/wp-content\/uploads\/2025\/09\/npro-butibifidus.jpg","datePublished":"2025-09-10T20:16:33+00:00","dateModified":"2026-05-14T06:38:22+00:00","breadcrumb":{"@id":"https:\/\/saludsostenible.es\/product\/npro-butibifidus\/#breadcrumb"},"inLanguage":"en-GB","potentialAction":[{"@type":"ReadAction","target":["https:\/\/saludsostenible.es\/product\/npro-butibifidus\/"]}]},{"@type":"ImageObject","inLanguage":"en-GB","@id":"https:\/\/saludsostenible.es\/product\/npro-butibifidus\/#primaryimage","url":"https:\/\/saludsostenible.es\/wp-content\/uploads\/2025\/09\/npro-butibifidus.jpg","contentUrl":"https:\/\/saludsostenible.es\/wp-content\/uploads\/2025\/09\/npro-butibifidus.jpg","width":372,"height":740},{"@type":"BreadcrumbList","@id":"https:\/\/saludsostenible.es\/product\/npro-butibifidus\/#breadcrumb","itemListElement":[{"@type":"ListItem","position":1,"name":"Home","item":"https:\/\/saludsostenible.es\/"},{"@type":"ListItem","position":2,"name":"Tienda","item":"https:\/\/saludsostenible.es\/tienda\/"},{"@type":"ListItem","position":3,"name":"NPRO BUTIBIFIDUS 60 CAPSULAS"}]},{"@type":"WebSite","@id":"https:\/\/saludsostenible.es\/#website","url":"https:\/\/saludsostenible.es\/","name":"Salud Sostenible Beauty & Longevity","description":"Plataforma de consulta online y acceso a especialistas privados: salud integrativa, beauty y longevidad. Inicia tu perfil de salud metab\u00f3lica.","publisher":{"@id":"https:\/\/saludsostenible.es\/#organization"},"alternateName":"Salud Sostenible","potentialAction":[{"@type":"SearchAction","target":{"@type":"EntryPoint","urlTemplate":"https:\/\/saludsostenible.es\/?s={search_term_string}"},"query-input":{"@type":"PropertyValueSpecification","valueRequired":true,"valueName":"search_term_string"}}],"inLanguage":"en-GB"},{"@type":"Organization","@id":"https:\/\/saludsostenible.es\/#organization","name":"Salud Sostenible by Fabrice Lef\u00e8vre Institute","alternateName":"Osteopat\u00eda en Barcelona, Madrid y Marbella","url":"https:\/\/saludsostenible.es\/","logo":{"@type":"ImageObject","inLanguage":"en-GB","@id":"https:\/\/saludsostenible.es\/#\/schema\/logo\/image\/","url":"https:\/\/saludsostenible.es\/wp-content\/uploads\/2024\/08\/probodyone-blog.jpg","contentUrl":"https:\/\/saludsostenible.es\/wp-content\/uploads\/2024\/08\/probodyone-blog.jpg","width":1600,"height":550,"caption":"Salud Sostenible by Fabrice Lef\u00e8vre Institute"},"image":{"@id":"https:\/\/saludsostenible.es\/#\/schema\/logo\/image\/"},"sameAs":["https:\/\/www.facebook.com\/ProbodyoneBarcelona","https:\/\/x.com\/probodyone","https:\/\/www.youtube.com\/@Probodyone\/videos"]}]}},"_links":{"self":[{"href":"https:\/\/saludsostenible.es\/en\/wp-json\/wp\/v2\/product\/501256","targetHints":{"allow":["GET"]}}],"collection":[{"href":"https:\/\/saludsostenible.es\/en\/wp-json\/wp\/v2\/product"}],"about":[{"href":"https:\/\/saludsostenible.es\/en\/wp-json\/wp\/v2\/types\/product"}],"wp:featuredmedia":[{"embeddable":true,"href":"https:\/\/saludsostenible.es\/en\/wp-json\/wp\/v2\/media\/501257"}],"wp:attachment":[{"href":"https:\/\/saludsostenible.es\/en\/wp-json\/wp\/v2\/media?parent=501256"}],"wp:term":[{"taxonomy":"product_brand","embeddable":true,"href":"https:\/\/saludsostenible.es\/en\/wp-json\/wp\/v2\/product_brand?post=501256"},{"taxonomy":"product_cat","embeddable":true,"href":"https:\/\/saludsostenible.es\/en\/wp-json\/wp\/v2\/product_cat?post=501256"},{"taxonomy":"product_tag","embeddable":true,"href":"https:\/\/saludsostenible.es\/en\/wp-json\/wp\/v2\/product_tag?post=501256"}],"curies":[{"name":"wp","href":"https:\/\/api.w.org\/{rel}","templated":true}]}}