{"id":501258,"date":"2025-09-10T20:16:33","date_gmt":"2025-09-10T20:16:33","guid":{"rendered":"https:\/\/saludsostenible.es\/product\/npro-glutamina\/"},"modified":"2026-05-14T06:44:05","modified_gmt":"2026-05-14T06:44:05","slug":"npro-glutamina","status":"publish","type":"product","link":"https:\/\/saludsostenible.es\/en\/product\/npro-glutamina\/","title":{"rendered":"NPRO GLUTAMINA 300g"},"content":{"rendered":"<p>NPRO L-Glutamina continene L-glutamina Kyowa, un ingrediente de origen fermentativo de de alta calidad y 100% vegano, y vitamina C, que contribuye a mantener la funci\u00f3n normal del sistema inmune.<\/p>\n<p>Descripci\u00f3n del Producto<br \/>\n\u00bfComo puede afectarnos un exceso de permeabilidad intestinal?<br \/>\nLa pared intestinal act\u00faa como barrera selectiva en nuestro cuerpo. Permite el paso de nutrientes al torrente sangu\u00edneo mientras bloquea el ingreso de sustancias da\u00f1inas, como toxinas, bacterias y part\u00edculas no digeridas.<br \/>\nHay situaciones que pueden da\u00f1ar esta barrera, afectando la estructura y adhesi\u00f3n entre las c\u00e9lulas intestinales. Entre estas, se encuentran peque\u00f1as lesiones, estados inflamatorios o disbiosis (un desequilibrio en la microbiota intestinal).<br \/>\nCuando estas alteraciones ocurren, pueden provocar el s\u00edndrome conocido como leaky gut o intestino permeable, causando una excesiva activaci\u00f3n del sistema inmunitario y comprometiendo la absorci\u00f3n de nutrientes.<br \/>\nLa capacidad regenerativa del intestino<br \/>\nEl intestino es un \u00f3rgano con alta capacidad regenerativa; lo cual es clave para mantener su integridad estructural y funcional. Para ello, las c\u00e9lulas que lo componen necesitan disponer de los nutrientes adecuados.<br \/>\nIngredientes seleccionados<br \/>\nLa L-glutamina es un amino\u00e1cido no esencial que el cuerpo utiliza ampliamente, especialmente en los m\u00fasculos y las c\u00e9lulas intestinales, donde act\u00faa como una de las principales fuentes de energ\u00eda y contribuye al mantenimiento de la integridad intestinal. Para garantizar una acci\u00f3n \u00f3ptima, utilizamos L-glutamina de KYOWA, reconocida por su pureza 100% y su procedencia vegetal obtenida a trav\u00e9s de un proceso de biofermentaci\u00f3n.<br \/>\nPor otro lado, la vitamina C protege las c\u00e9lulas frente al da\u00f1o oxidativo causado por lesiones, y mejora el estado antioxidante global al regenerar la forma reducida de la vitamina E. Adem\u00e1s, es indispensable para la cicatrizaci\u00f3n y, gracias a su papel en la formaci\u00f3n de col\u00e1geno, es fundamental para el buen funcionamiento de los tejidos.<\/p>\n<p>FORMATOS:\u2022 300g en polvo con cacito dosificador<\/p>\n<p>Modo de empleo:\u00a0 1 cacito (5g) al d\u00eda. Disolver en agua o zumo y tomar media hora ante de la comida. Para dosis superiores consultar con el profesional sanitario.<br \/>\nCOMPOSICI\u00d3N Dosis (5g)L-Glutamina KYOWA 4.889mgVitamina C (\u00c1cido asc\u00f3rbico) 111mg<\/p>","protected":false},"excerpt":{"rendered":"<p>NPRO L-Glutamina continene L-glutamina Kyowa, un ingrediente de origen fermentativo de de alta calidad y 100% vegano, y vitamina C, que contribuye a mantener la funci\u00f3n normal del sistema inmune. Descripci\u00f3n del Producto<br \/>\n\u00bfComo puede afectarnos un exceso de permeabilidad intestinal?<\/p>","protected":false},"featured_media":501259,"template":"","meta":[],"product_brand":[187],"product_cat":[188,281,262],"product_tag":[],"class_list":{"0":"post-501258","1":"product","2":"type-product","3":"status-publish","4":"has-post-thumbnail","6":"product_brand-n-pro","7":"product_cat-n-pro","8":"product_cat-salud-inmune-defensas","9":"product_cat-suplementos-micronutricionales","11":"first","12":"instock","13":"purchasable","14":"product-type-simple"},"yoast_head":"<!-- This site is optimized with the Yoast SEO Premium plugin v22.9 (Yoast SEO v27.6) - https:\/\/yoast.com\/product\/yoast-seo-premium-wordpress\/ -->\n<title>NPRO GLUTAMINA 300g - Salud Sostenible by Fabrice Lef&egrave;vre Institute<\/title>\n<meta name=\"robots\" content=\"index, follow, max-snippet:-1, max-image-preview:large, max-video-preview:-1\" \/>\n<link rel=\"canonical\" href=\"https:\/\/saludsostenible.es\/en\/product\/npro-glutamina\/\" \/>\n<meta property=\"og:locale\" content=\"en_GB\" \/>\n<meta property=\"og:type\" content=\"article\" \/>\n<meta property=\"og:title\" content=\"NPRO GLUTAMINA 300g\" \/>\n<meta property=\"og:description\" content=\"NPRO L-Glutamina continene L-glutamina Kyowa, un ingrediente de origen fermentativo de de alta calidad y 100% vegano, y vitamina C, que contribuye a mantener la funci\u00f3n normal del sistema inmune. Descripci\u00f3n del Producto \u00bfComo puede afectarnos un exceso de permeabilidad intestinal?\" \/>\n<meta property=\"og:url\" content=\"https:\/\/saludsostenible.es\/en\/product\/npro-glutamina\/\" \/>\n<meta property=\"og:site_name\" content=\"Salud Sostenible by Fabrice Lef&egrave;vre Institute\" \/>\n<meta property=\"article:publisher\" content=\"https:\/\/www.facebook.com\/ProbodyoneBarcelona\" \/>\n<meta property=\"article:modified_time\" content=\"2026-05-14T06:44:05+00:00\" \/>\n<meta property=\"og:image\" content=\"https:\/\/saludsostenible.es\/wp-content\/uploads\/2025\/09\/npro-glutamina.jpg\" \/>\n\t<meta property=\"og:image:width\" content=\"659\" \/>\n\t<meta property=\"og:image:height\" content=\"964\" \/>\n\t<meta property=\"og:image:type\" content=\"image\/jpeg\" \/>\n<meta name=\"twitter:card\" content=\"summary_large_image\" \/>\n<meta name=\"twitter:site\" content=\"@probodyone\" \/>\n<meta name=\"twitter:label1\" content=\"Estimated reading time\" \/>\n\t<meta name=\"twitter:data1\" content=\"2 minutes\" \/>\n<script type=\"application\/ld+json\" class=\"yoast-schema-graph\">{\"@context\":\"https:\\\/\\\/schema.org\",\"@graph\":[{\"@type\":\"WebPage\",\"@id\":\"https:\\\/\\\/saludsostenible.es\\\/product\\\/npro-glutamina\\\/\",\"url\":\"https:\\\/\\\/saludsostenible.es\\\/product\\\/npro-glutamina\\\/\",\"name\":\"NPRO GLUTAMINA 300g - Salud Sostenible by Fabrice Lef&egrave;vre Institute\",\"isPartOf\":{\"@id\":\"https:\\\/\\\/saludsostenible.es\\\/#website\"},\"primaryImageOfPage\":{\"@id\":\"https:\\\/\\\/saludsostenible.es\\\/product\\\/npro-glutamina\\\/#primaryimage\"},\"image\":{\"@id\":\"https:\\\/\\\/saludsostenible.es\\\/product\\\/npro-glutamina\\\/#primaryimage\"},\"thumbnailUrl\":\"https:\\\/\\\/saludsostenible.es\\\/wp-content\\\/uploads\\\/2025\\\/09\\\/npro-glutamina.jpg\",\"datePublished\":\"2025-09-10T20:16:33+00:00\",\"dateModified\":\"2026-05-14T06:44:05+00:00\",\"breadcrumb\":{\"@id\":\"https:\\\/\\\/saludsostenible.es\\\/product\\\/npro-glutamina\\\/#breadcrumb\"},\"inLanguage\":\"en-GB\",\"potentialAction\":[{\"@type\":\"ReadAction\",\"target\":[\"https:\\\/\\\/saludsostenible.es\\\/product\\\/npro-glutamina\\\/\"]}]},{\"@type\":\"ImageObject\",\"inLanguage\":\"en-GB\",\"@id\":\"https:\\\/\\\/saludsostenible.es\\\/product\\\/npro-glutamina\\\/#primaryimage\",\"url\":\"https:\\\/\\\/saludsostenible.es\\\/wp-content\\\/uploads\\\/2025\\\/09\\\/npro-glutamina.jpg\",\"contentUrl\":\"https:\\\/\\\/saludsostenible.es\\\/wp-content\\\/uploads\\\/2025\\\/09\\\/npro-glutamina.jpg\",\"width\":659,\"height\":964},{\"@type\":\"BreadcrumbList\",\"@id\":\"https:\\\/\\\/saludsostenible.es\\\/product\\\/npro-glutamina\\\/#breadcrumb\",\"itemListElement\":[{\"@type\":\"ListItem\",\"position\":1,\"name\":\"Home\",\"item\":\"https:\\\/\\\/saludsostenible.es\\\/\"},{\"@type\":\"ListItem\",\"position\":2,\"name\":\"Tienda\",\"item\":\"https:\\\/\\\/saludsostenible.es\\\/tienda\\\/\"},{\"@type\":\"ListItem\",\"position\":3,\"name\":\"NPRO GLUTAMINA 300g\"}]},{\"@type\":\"WebSite\",\"@id\":\"https:\\\/\\\/saludsostenible.es\\\/#website\",\"url\":\"https:\\\/\\\/saludsostenible.es\\\/\",\"name\":\"Salud Sostenible Beauty & Longevity\",\"description\":\"Plataforma de consulta online y acceso a especialistas privados: salud integrativa, beauty y longevidad. Inicia tu perfil de salud metab\u00f3lica.\",\"publisher\":{\"@id\":\"https:\\\/\\\/saludsostenible.es\\\/#organization\"},\"alternateName\":\"Salud Sostenible\",\"potentialAction\":[{\"@type\":\"SearchAction\",\"target\":{\"@type\":\"EntryPoint\",\"urlTemplate\":\"https:\\\/\\\/saludsostenible.es\\\/?s={search_term_string}\"},\"query-input\":{\"@type\":\"PropertyValueSpecification\",\"valueRequired\":true,\"valueName\":\"search_term_string\"}}],\"inLanguage\":\"en-GB\"},{\"@type\":\"Organization\",\"@id\":\"https:\\\/\\\/saludsostenible.es\\\/#organization\",\"name\":\"Salud Sostenible by Fabrice Lef\u00e8vre Institute\",\"alternateName\":\"Osteopat\u00eda en Barcelona, Madrid y Marbella\",\"url\":\"https:\\\/\\\/saludsostenible.es\\\/\",\"logo\":{\"@type\":\"ImageObject\",\"inLanguage\":\"en-GB\",\"@id\":\"https:\\\/\\\/saludsostenible.es\\\/#\\\/schema\\\/logo\\\/image\\\/\",\"url\":\"https:\\\/\\\/saludsostenible.es\\\/wp-content\\\/uploads\\\/2024\\\/08\\\/probodyone-blog.jpg\",\"contentUrl\":\"https:\\\/\\\/saludsostenible.es\\\/wp-content\\\/uploads\\\/2024\\\/08\\\/probodyone-blog.jpg\",\"width\":1600,\"height\":550,\"caption\":\"Salud Sostenible by Fabrice Lef\u00e8vre Institute\"},\"image\":{\"@id\":\"https:\\\/\\\/saludsostenible.es\\\/#\\\/schema\\\/logo\\\/image\\\/\"},\"sameAs\":[\"https:\\\/\\\/www.facebook.com\\\/ProbodyoneBarcelona\",\"https:\\\/\\\/x.com\\\/probodyone\",\"https:\\\/\\\/www.youtube.com\\\/@Probodyone\\\/videos\"]}]}<\/script>\n<!-- \/ Yoast SEO Premium plugin. -->","yoast_head_json":{"title":"NPRO GLUTAMINA 300g - Salud Sostenible by Fabrice Lef&egrave;vre Institute","robots":{"index":"index","follow":"follow","max-snippet":"max-snippet:-1","max-image-preview":"max-image-preview:large","max-video-preview":"max-video-preview:-1"},"canonical":"https:\/\/saludsostenible.es\/en\/product\/npro-glutamina\/","og_locale":"en_GB","og_type":"article","og_title":"NPRO GLUTAMINA 300g","og_description":"NPRO L-Glutamina continene L-glutamina Kyowa, un ingrediente de origen fermentativo de de alta calidad y 100% vegano, y vitamina C, que contribuye a mantener la funci\u00f3n normal del sistema inmune. Descripci\u00f3n del Producto \u00bfComo puede afectarnos un exceso de permeabilidad intestinal?","og_url":"https:\/\/saludsostenible.es\/en\/product\/npro-glutamina\/","og_site_name":"Salud Sostenible by Fabrice Lef&egrave;vre Institute","article_publisher":"https:\/\/www.facebook.com\/ProbodyoneBarcelona","article_modified_time":"2026-05-14T06:44:05+00:00","og_image":[{"width":659,"height":964,"url":"https:\/\/saludsostenible.es\/wp-content\/uploads\/2025\/09\/npro-glutamina.jpg","type":"image\/jpeg"}],"twitter_card":"summary_large_image","twitter_site":"@probodyone","twitter_misc":{"Estimated reading time":"2 minutes"},"schema":{"@context":"https:\/\/schema.org","@graph":[{"@type":"WebPage","@id":"https:\/\/saludsostenible.es\/product\/npro-glutamina\/","url":"https:\/\/saludsostenible.es\/product\/npro-glutamina\/","name":"NPRO GLUTAMINA 300g - Salud Sostenible by Fabrice Lef&egrave;vre Institute","isPartOf":{"@id":"https:\/\/saludsostenible.es\/#website"},"primaryImageOfPage":{"@id":"https:\/\/saludsostenible.es\/product\/npro-glutamina\/#primaryimage"},"image":{"@id":"https:\/\/saludsostenible.es\/product\/npro-glutamina\/#primaryimage"},"thumbnailUrl":"https:\/\/saludsostenible.es\/wp-content\/uploads\/2025\/09\/npro-glutamina.jpg","datePublished":"2025-09-10T20:16:33+00:00","dateModified":"2026-05-14T06:44:05+00:00","breadcrumb":{"@id":"https:\/\/saludsostenible.es\/product\/npro-glutamina\/#breadcrumb"},"inLanguage":"en-GB","potentialAction":[{"@type":"ReadAction","target":["https:\/\/saludsostenible.es\/product\/npro-glutamina\/"]}]},{"@type":"ImageObject","inLanguage":"en-GB","@id":"https:\/\/saludsostenible.es\/product\/npro-glutamina\/#primaryimage","url":"https:\/\/saludsostenible.es\/wp-content\/uploads\/2025\/09\/npro-glutamina.jpg","contentUrl":"https:\/\/saludsostenible.es\/wp-content\/uploads\/2025\/09\/npro-glutamina.jpg","width":659,"height":964},{"@type":"BreadcrumbList","@id":"https:\/\/saludsostenible.es\/product\/npro-glutamina\/#breadcrumb","itemListElement":[{"@type":"ListItem","position":1,"name":"Home","item":"https:\/\/saludsostenible.es\/"},{"@type":"ListItem","position":2,"name":"Tienda","item":"https:\/\/saludsostenible.es\/tienda\/"},{"@type":"ListItem","position":3,"name":"NPRO GLUTAMINA 300g"}]},{"@type":"WebSite","@id":"https:\/\/saludsostenible.es\/#website","url":"https:\/\/saludsostenible.es\/","name":"Salud Sostenible Beauty & Longevity","description":"Plataforma de consulta online y acceso a especialistas privados: salud integrativa, beauty y longevidad. Inicia tu perfil de salud metab\u00f3lica.","publisher":{"@id":"https:\/\/saludsostenible.es\/#organization"},"alternateName":"Salud Sostenible","potentialAction":[{"@type":"SearchAction","target":{"@type":"EntryPoint","urlTemplate":"https:\/\/saludsostenible.es\/?s={search_term_string}"},"query-input":{"@type":"PropertyValueSpecification","valueRequired":true,"valueName":"search_term_string"}}],"inLanguage":"en-GB"},{"@type":"Organization","@id":"https:\/\/saludsostenible.es\/#organization","name":"Salud Sostenible by Fabrice Lef\u00e8vre Institute","alternateName":"Osteopat\u00eda en Barcelona, Madrid y Marbella","url":"https:\/\/saludsostenible.es\/","logo":{"@type":"ImageObject","inLanguage":"en-GB","@id":"https:\/\/saludsostenible.es\/#\/schema\/logo\/image\/","url":"https:\/\/saludsostenible.es\/wp-content\/uploads\/2024\/08\/probodyone-blog.jpg","contentUrl":"https:\/\/saludsostenible.es\/wp-content\/uploads\/2024\/08\/probodyone-blog.jpg","width":1600,"height":550,"caption":"Salud Sostenible by Fabrice Lef\u00e8vre Institute"},"image":{"@id":"https:\/\/saludsostenible.es\/#\/schema\/logo\/image\/"},"sameAs":["https:\/\/www.facebook.com\/ProbodyoneBarcelona","https:\/\/x.com\/probodyone","https:\/\/www.youtube.com\/@Probodyone\/videos"]}]}},"_links":{"self":[{"href":"https:\/\/saludsostenible.es\/en\/wp-json\/wp\/v2\/product\/501258","targetHints":{"allow":["GET"]}}],"collection":[{"href":"https:\/\/saludsostenible.es\/en\/wp-json\/wp\/v2\/product"}],"about":[{"href":"https:\/\/saludsostenible.es\/en\/wp-json\/wp\/v2\/types\/product"}],"wp:featuredmedia":[{"embeddable":true,"href":"https:\/\/saludsostenible.es\/en\/wp-json\/wp\/v2\/media\/501259"}],"wp:attachment":[{"href":"https:\/\/saludsostenible.es\/en\/wp-json\/wp\/v2\/media?parent=501258"}],"wp:term":[{"taxonomy":"product_brand","embeddable":true,"href":"https:\/\/saludsostenible.es\/en\/wp-json\/wp\/v2\/product_brand?post=501258"},{"taxonomy":"product_cat","embeddable":true,"href":"https:\/\/saludsostenible.es\/en\/wp-json\/wp\/v2\/product_cat?post=501258"},{"taxonomy":"product_tag","embeddable":true,"href":"https:\/\/saludsostenible.es\/en\/wp-json\/wp\/v2\/product_tag?post=501258"}],"curies":[{"name":"wp","href":"https:\/\/api.w.org\/{rel}","templated":true}]}}