{"id":501266,"date":"2025-09-10T20:16:33","date_gmt":"2025-09-10T20:16:33","guid":{"rendered":"https:\/\/saludsostenible.es\/product\/npro-ultrabiota\/"},"modified":"2026-05-14T06:49:22","modified_gmt":"2026-05-14T06:49:22","slug":"npro-ultrabiota","status":"publish","type":"product","link":"https:\/\/saludsostenible.es\/en\/product\/npro-ultrabiota\/","title":{"rendered":"NPRO ULTRABIOTA 30 CAPSULAS"},"content":{"rendered":"<p>NPro\u00a0Ultrabiota\u00a0es un probi\u00f3tico de alta carga, con 9 cepas pertenecientes a la microbiota reguladora y con acci\u00f3n anti-inflamatoria, formulado para situaciones en las que se busca una acci\u00f3n intensiva para restablecer y mantener el equilibrio de la microbiota intestinal.<br \/>\nDescripci\u00f3n del Producto<br \/>\nLa carga de un probi\u00f3tico se mide por la cantidad de Unidades Formadoras de Colonias (UFC). As\u00ed, podr\u00edamos clasificar los probi\u00f3ticos en: Baja carga (\u22645.000 millones UFC), Carga media (5.000 \u2013 50.000 millones UFC) y Alta carga (\u226550.000 millones UFC). Su eficacia no depende \u00fanicamente de las UFC, sino de la selecci\u00f3n adecuada de cepas y de su aplicaci\u00f3n terap\u00e9utica.<br \/>\nIncluye almid\u00f3n resistente tipo 2 (pl\u00e1tano verde), una fibra fermentable baja en FODMAP e histamina, con efecto prebi\u00f3tico sobre las cepas que contiene el\u00a0producto y\u00a0la microbiota\u00a0comensal. Favorece la producci\u00f3n de\u00a0\u00e1cidos grasos de cadena corta (AGCC),\u00a0como el butirato.<br \/>\nFORMATO:\u00a0Bl\u00edster de 30 c\u00e1psulas.<br \/>\nMODO\u00a0DE\u00a0EMPLEO:\u00a0Tomar 1 c\u00e1psula al d\u00eda, en ayunas.<br \/>\nCOMPOSICI\u00d3N \u2013\u00a0Dosis por c\u00e1psula<br \/>\nMix\u00a0probi\u00f3tico 50\u00d7109 UFC*<br \/>\nLactobacillus\u00a0acidophillus\u00a0NCFM 10\u00d7109 UFC<br \/>\nLactobacillus\u00a0rhamnosus\u00a0GG 6\u00d7109 UFC<br \/>\nLactiplantibacillus\u00a0plantarum\u00a0299v 6x109UFC<br \/>\nBifidobacterium\u00a0animalissubs.lactis\u00a0DSM 15954<br \/>\n(geneticamente\u00a0equivalente a\u00a0B.lactis\u00a0Bb12) 6\u00d7109 UFC<br \/>\nBifidobacterium\u00a0breve M-16V 6\u00d7109 UFC<br \/>\nLactobacillus\u00a0acidophilus\u00a0CCFM1200 4\u00d7109 UFC<br \/>\nBifidobacterium\u00a0longum\u00a0subsp.\u00a0longum\u00a0YS108R 4x109UFC<br \/>\nLactobacillus\u00a0paracasei\u00a0CCFM1089 4\u00d7109 UFC<br \/>\nLactobacillus\u00a0plantarum\u00a0CCFM8610 4x109UFC<br \/>\nPolvo de pl\u00e1tano verde deshidratado 550 mg<br \/>\nAporta almid\u00f3n resistente tipo 2 357,5 mg<br \/>\nC\u00e1psula vegetal<br \/>\n*Unidades formadoras de colonias<\/p>","protected":false},"excerpt":{"rendered":"<p>NPro\u00a0Ultrabiota\u00a0es un probi\u00f3tico de alta carga, con 9 cepas pertenecientes a la microbiota reguladora y con acci\u00f3n anti-inflamatoria, formulado para situaciones en las que se busca una acci\u00f3n intensiva para restablecer y mantener el equilibrio de la microbiota intestinal. Descripci\u00f3n del Producto<br \/>\nLa carga de un probi\u00f3tico se mide por la cantidad de Unidades Formadoras de Colonias (UFC).<\/p>","protected":false},"featured_media":501267,"template":"","meta":[],"product_brand":[187],"product_cat":[248,188,262],"product_tag":[],"class_list":{"0":"post-501266","1":"product","2":"type-product","3":"status-publish","4":"has-post-thumbnail","6":"product_brand-n-pro","7":"product_cat-bienestar-digestivo","8":"product_cat-n-pro","9":"product_cat-suplementos-micronutricionales","10":"product_shipping_class-producto-fisico","12":"first","13":"instock","14":"purchasable","15":"product-type-simple"},"yoast_head":"<!-- This site is optimized with the Yoast SEO Premium plugin v22.9 (Yoast SEO v27.6) - https:\/\/yoast.com\/product\/yoast-seo-premium-wordpress\/ -->\n<title>NPRO ULTRABIOTA 30 CAPSULAS - Salud Sostenible by Fabrice Lef&egrave;vre Institute<\/title>\n<meta name=\"robots\" content=\"index, follow, max-snippet:-1, max-image-preview:large, max-video-preview:-1\" \/>\n<link rel=\"canonical\" href=\"https:\/\/saludsostenible.es\/en\/product\/npro-ultrabiota\/\" \/>\n<meta property=\"og:locale\" content=\"en_GB\" \/>\n<meta property=\"og:type\" content=\"article\" \/>\n<meta property=\"og:title\" content=\"NPRO ULTRABIOTA 30 CAPSULAS\" \/>\n<meta property=\"og:description\" content=\"NPro\u00a0Ultrabiota\u00a0es un probi\u00f3tico de alta carga, con 9 cepas pertenecientes a la microbiota reguladora y con acci\u00f3n anti-inflamatoria, formulado para situaciones en las que se busca una acci\u00f3n intensiva para restablecer y mantener el equilibrio de la microbiota intestinal. Descripci\u00f3n del Producto La carga de un probi\u00f3tico se mide por la cantidad de Unidades Formadoras de Colonias (UFC).\" \/>\n<meta property=\"og:url\" content=\"https:\/\/saludsostenible.es\/en\/product\/npro-ultrabiota\/\" \/>\n<meta property=\"og:site_name\" content=\"Salud Sostenible by Fabrice Lef&egrave;vre Institute\" \/>\n<meta property=\"article:publisher\" content=\"https:\/\/www.facebook.com\/ProbodyoneBarcelona\" \/>\n<meta property=\"article:modified_time\" content=\"2026-05-14T06:49:22+00:00\" \/>\n<meta property=\"og:image\" content=\"https:\/\/saludsostenible.es\/wp-content\/uploads\/2025\/09\/npro-ultrabiota.jpg\" \/>\n\t<meta property=\"og:image:width\" content=\"561\" \/>\n\t<meta property=\"og:image:height\" content=\"435\" \/>\n\t<meta property=\"og:image:type\" content=\"image\/png\" \/>\n<meta name=\"twitter:card\" content=\"summary_large_image\" \/>\n<meta name=\"twitter:site\" content=\"@probodyone\" \/>\n<meta name=\"twitter:label1\" content=\"Estimated reading time\" \/>\n\t<meta name=\"twitter:data1\" content=\"2 minutes\" \/>\n<script type=\"application\/ld+json\" class=\"yoast-schema-graph\">{\"@context\":\"https:\\\/\\\/schema.org\",\"@graph\":[{\"@type\":\"WebPage\",\"@id\":\"https:\\\/\\\/saludsostenible.es\\\/product\\\/npro-ultrabiota\\\/\",\"url\":\"https:\\\/\\\/saludsostenible.es\\\/product\\\/npro-ultrabiota\\\/\",\"name\":\"NPRO ULTRABIOTA 30 CAPSULAS - Salud Sostenible by Fabrice Lef&egrave;vre Institute\",\"isPartOf\":{\"@id\":\"https:\\\/\\\/saludsostenible.es\\\/#website\"},\"primaryImageOfPage\":{\"@id\":\"https:\\\/\\\/saludsostenible.es\\\/product\\\/npro-ultrabiota\\\/#primaryimage\"},\"image\":{\"@id\":\"https:\\\/\\\/saludsostenible.es\\\/product\\\/npro-ultrabiota\\\/#primaryimage\"},\"thumbnailUrl\":\"https:\\\/\\\/saludsostenible.es\\\/wp-content\\\/uploads\\\/2025\\\/09\\\/npro-ultrabiota.jpg\",\"datePublished\":\"2025-09-10T20:16:33+00:00\",\"dateModified\":\"2026-05-14T06:49:22+00:00\",\"breadcrumb\":{\"@id\":\"https:\\\/\\\/saludsostenible.es\\\/product\\\/npro-ultrabiota\\\/#breadcrumb\"},\"inLanguage\":\"en-GB\",\"potentialAction\":[{\"@type\":\"ReadAction\",\"target\":[\"https:\\\/\\\/saludsostenible.es\\\/product\\\/npro-ultrabiota\\\/\"]}]},{\"@type\":\"ImageObject\",\"inLanguage\":\"en-GB\",\"@id\":\"https:\\\/\\\/saludsostenible.es\\\/product\\\/npro-ultrabiota\\\/#primaryimage\",\"url\":\"https:\\\/\\\/saludsostenible.es\\\/wp-content\\\/uploads\\\/2025\\\/09\\\/npro-ultrabiota.jpg\",\"contentUrl\":\"https:\\\/\\\/saludsostenible.es\\\/wp-content\\\/uploads\\\/2025\\\/09\\\/npro-ultrabiota.jpg\",\"width\":561,\"height\":435},{\"@type\":\"BreadcrumbList\",\"@id\":\"https:\\\/\\\/saludsostenible.es\\\/product\\\/npro-ultrabiota\\\/#breadcrumb\",\"itemListElement\":[{\"@type\":\"ListItem\",\"position\":1,\"name\":\"Home\",\"item\":\"https:\\\/\\\/saludsostenible.es\\\/\"},{\"@type\":\"ListItem\",\"position\":2,\"name\":\"Tienda\",\"item\":\"https:\\\/\\\/saludsostenible.es\\\/tienda\\\/\"},{\"@type\":\"ListItem\",\"position\":3,\"name\":\"NPRO ULTRABIOTA 30 CAPSULAS\"}]},{\"@type\":\"WebSite\",\"@id\":\"https:\\\/\\\/saludsostenible.es\\\/#website\",\"url\":\"https:\\\/\\\/saludsostenible.es\\\/\",\"name\":\"Salud Sostenible Beauty & Longevity\",\"description\":\"Plataforma de consulta online y acceso a especialistas privados: salud integrativa, beauty y longevidad. Inicia tu perfil de salud metab\u00f3lica.\",\"publisher\":{\"@id\":\"https:\\\/\\\/saludsostenible.es\\\/#organization\"},\"alternateName\":\"Salud Sostenible\",\"potentialAction\":[{\"@type\":\"SearchAction\",\"target\":{\"@type\":\"EntryPoint\",\"urlTemplate\":\"https:\\\/\\\/saludsostenible.es\\\/?s={search_term_string}\"},\"query-input\":{\"@type\":\"PropertyValueSpecification\",\"valueRequired\":true,\"valueName\":\"search_term_string\"}}],\"inLanguage\":\"en-GB\"},{\"@type\":\"Organization\",\"@id\":\"https:\\\/\\\/saludsostenible.es\\\/#organization\",\"name\":\"Salud Sostenible by Fabrice Lef\u00e8vre Institute\",\"alternateName\":\"Osteopat\u00eda en Barcelona, Madrid y Marbella\",\"url\":\"https:\\\/\\\/saludsostenible.es\\\/\",\"logo\":{\"@type\":\"ImageObject\",\"inLanguage\":\"en-GB\",\"@id\":\"https:\\\/\\\/saludsostenible.es\\\/#\\\/schema\\\/logo\\\/image\\\/\",\"url\":\"https:\\\/\\\/saludsostenible.es\\\/wp-content\\\/uploads\\\/2024\\\/08\\\/probodyone-blog.jpg\",\"contentUrl\":\"https:\\\/\\\/saludsostenible.es\\\/wp-content\\\/uploads\\\/2024\\\/08\\\/probodyone-blog.jpg\",\"width\":1600,\"height\":550,\"caption\":\"Salud Sostenible by Fabrice Lef\u00e8vre Institute\"},\"image\":{\"@id\":\"https:\\\/\\\/saludsostenible.es\\\/#\\\/schema\\\/logo\\\/image\\\/\"},\"sameAs\":[\"https:\\\/\\\/www.facebook.com\\\/ProbodyoneBarcelona\",\"https:\\\/\\\/x.com\\\/probodyone\",\"https:\\\/\\\/www.youtube.com\\\/@Probodyone\\\/videos\"]}]}<\/script>\n<!-- \/ Yoast SEO Premium plugin. -->","yoast_head_json":{"title":"NPRO ULTRABIOTA 30 CAPSULAS - Salud Sostenible by Fabrice Lef&egrave;vre Institute","robots":{"index":"index","follow":"follow","max-snippet":"max-snippet:-1","max-image-preview":"max-image-preview:large","max-video-preview":"max-video-preview:-1"},"canonical":"https:\/\/saludsostenible.es\/en\/product\/npro-ultrabiota\/","og_locale":"en_GB","og_type":"article","og_title":"NPRO ULTRABIOTA 30 CAPSULAS","og_description":"NPro\u00a0Ultrabiota\u00a0es un probi\u00f3tico de alta carga, con 9 cepas pertenecientes a la microbiota reguladora y con acci\u00f3n anti-inflamatoria, formulado para situaciones en las que se busca una acci\u00f3n intensiva para restablecer y mantener el equilibrio de la microbiota intestinal. Descripci\u00f3n del Producto La carga de un probi\u00f3tico se mide por la cantidad de Unidades Formadoras de Colonias (UFC).","og_url":"https:\/\/saludsostenible.es\/en\/product\/npro-ultrabiota\/","og_site_name":"Salud Sostenible by Fabrice Lef&egrave;vre Institute","article_publisher":"https:\/\/www.facebook.com\/ProbodyoneBarcelona","article_modified_time":"2026-05-14T06:49:22+00:00","og_image":[{"width":561,"height":435,"url":"https:\/\/saludsostenible.es\/wp-content\/uploads\/2025\/09\/npro-ultrabiota.jpg","type":"image\/png"}],"twitter_card":"summary_large_image","twitter_site":"@probodyone","twitter_misc":{"Estimated reading time":"2 minutes"},"schema":{"@context":"https:\/\/schema.org","@graph":[{"@type":"WebPage","@id":"https:\/\/saludsostenible.es\/product\/npro-ultrabiota\/","url":"https:\/\/saludsostenible.es\/product\/npro-ultrabiota\/","name":"NPRO ULTRABIOTA 30 CAPSULAS - Salud Sostenible by Fabrice Lef&egrave;vre Institute","isPartOf":{"@id":"https:\/\/saludsostenible.es\/#website"},"primaryImageOfPage":{"@id":"https:\/\/saludsostenible.es\/product\/npro-ultrabiota\/#primaryimage"},"image":{"@id":"https:\/\/saludsostenible.es\/product\/npro-ultrabiota\/#primaryimage"},"thumbnailUrl":"https:\/\/saludsostenible.es\/wp-content\/uploads\/2025\/09\/npro-ultrabiota.jpg","datePublished":"2025-09-10T20:16:33+00:00","dateModified":"2026-05-14T06:49:22+00:00","breadcrumb":{"@id":"https:\/\/saludsostenible.es\/product\/npro-ultrabiota\/#breadcrumb"},"inLanguage":"en-GB","potentialAction":[{"@type":"ReadAction","target":["https:\/\/saludsostenible.es\/product\/npro-ultrabiota\/"]}]},{"@type":"ImageObject","inLanguage":"en-GB","@id":"https:\/\/saludsostenible.es\/product\/npro-ultrabiota\/#primaryimage","url":"https:\/\/saludsostenible.es\/wp-content\/uploads\/2025\/09\/npro-ultrabiota.jpg","contentUrl":"https:\/\/saludsostenible.es\/wp-content\/uploads\/2025\/09\/npro-ultrabiota.jpg","width":561,"height":435},{"@type":"BreadcrumbList","@id":"https:\/\/saludsostenible.es\/product\/npro-ultrabiota\/#breadcrumb","itemListElement":[{"@type":"ListItem","position":1,"name":"Home","item":"https:\/\/saludsostenible.es\/"},{"@type":"ListItem","position":2,"name":"Tienda","item":"https:\/\/saludsostenible.es\/tienda\/"},{"@type":"ListItem","position":3,"name":"NPRO ULTRABIOTA 30 CAPSULAS"}]},{"@type":"WebSite","@id":"https:\/\/saludsostenible.es\/#website","url":"https:\/\/saludsostenible.es\/","name":"Salud Sostenible Beauty & Longevity","description":"Plataforma de consulta online y acceso a especialistas privados: salud integrativa, beauty y longevidad. Inicia tu perfil de salud metab\u00f3lica.","publisher":{"@id":"https:\/\/saludsostenible.es\/#organization"},"alternateName":"Salud Sostenible","potentialAction":[{"@type":"SearchAction","target":{"@type":"EntryPoint","urlTemplate":"https:\/\/saludsostenible.es\/?s={search_term_string}"},"query-input":{"@type":"PropertyValueSpecification","valueRequired":true,"valueName":"search_term_string"}}],"inLanguage":"en-GB"},{"@type":"Organization","@id":"https:\/\/saludsostenible.es\/#organization","name":"Salud Sostenible by Fabrice Lef\u00e8vre Institute","alternateName":"Osteopat\u00eda en Barcelona, Madrid y Marbella","url":"https:\/\/saludsostenible.es\/","logo":{"@type":"ImageObject","inLanguage":"en-GB","@id":"https:\/\/saludsostenible.es\/#\/schema\/logo\/image\/","url":"https:\/\/saludsostenible.es\/wp-content\/uploads\/2024\/08\/probodyone-blog.jpg","contentUrl":"https:\/\/saludsostenible.es\/wp-content\/uploads\/2024\/08\/probodyone-blog.jpg","width":1600,"height":550,"caption":"Salud Sostenible by Fabrice Lef\u00e8vre Institute"},"image":{"@id":"https:\/\/saludsostenible.es\/#\/schema\/logo\/image\/"},"sameAs":["https:\/\/www.facebook.com\/ProbodyoneBarcelona","https:\/\/x.com\/probodyone","https:\/\/www.youtube.com\/@Probodyone\/videos"]}]}},"_links":{"self":[{"href":"https:\/\/saludsostenible.es\/en\/wp-json\/wp\/v2\/product\/501266","targetHints":{"allow":["GET"]}}],"collection":[{"href":"https:\/\/saludsostenible.es\/en\/wp-json\/wp\/v2\/product"}],"about":[{"href":"https:\/\/saludsostenible.es\/en\/wp-json\/wp\/v2\/types\/product"}],"wp:featuredmedia":[{"embeddable":true,"href":"https:\/\/saludsostenible.es\/en\/wp-json\/wp\/v2\/media\/501267"}],"wp:attachment":[{"href":"https:\/\/saludsostenible.es\/en\/wp-json\/wp\/v2\/media?parent=501266"}],"wp:term":[{"taxonomy":"product_brand","embeddable":true,"href":"https:\/\/saludsostenible.es\/en\/wp-json\/wp\/v2\/product_brand?post=501266"},{"taxonomy":"product_cat","embeddable":true,"href":"https:\/\/saludsostenible.es\/en\/wp-json\/wp\/v2\/product_cat?post=501266"},{"taxonomy":"product_tag","embeddable":true,"href":"https:\/\/saludsostenible.es\/en\/wp-json\/wp\/v2\/product_tag?post=501266"}],"curies":[{"name":"wp","href":"https:\/\/api.w.org\/{rel}","templated":true}]}}