{"id":501271,"date":"2025-09-10T20:16:33","date_gmt":"2025-09-10T20:16:33","guid":{"rendered":"https:\/\/saludsostenible.es\/product\/precio-3600-e-375g\/"},"modified":"2026-05-14T06:13:20","modified_gmt":"2026-05-14T06:13:20","slug":"warrior-blend-organic-375g","status":"publish","type":"product","link":"https:\/\/saludsostenible.es\/en\/product\/warrior-blend-organic-375g\/","title":{"rendered":"Warrior Blend Organic (375g)"},"content":{"rendered":"<p>INDICACIONES<br \/>\nTextura cremosa MCTs (aceite de coco)<br \/>\n27 \u2013 24 gramos de prote\u00edna por porci\u00f3n<br \/>\nKeto y Paleo Friendly<br \/>\nBCAAs \u2013 Perfil de amino\u00e1cidos completo<br \/>\nCertificado Org\u00e1nico<br \/>\nIdeal como pre y post ejercicio<br \/>\nLibre de soya, libre de gluten, sin az\u00facar a\u00f1adida<br \/>\nAlta en Glutamina, Arginina, Lisina, and Leucina<br \/>\nFuentes de prote\u00edna<br \/>\nProte\u00edna de Hemp<br \/>\nProte\u00edna de Arveja fermentado<br \/>\nGoji Berries<br \/>\nEs de r\u00e1pida digesti\u00f3n por lo que tu cuerpo absorber\u00e1 y utilizara la prote\u00edna de manera m\u00e1s eficiente.<br \/>\nINGREDIENTES<br \/>\nMezcla de Prote\u00edna Propietaria (prote\u00edna de guisante fermentado org\u00e1nica, baya de goji org\u00e1nica, prote\u00edna de semilla de c\u00e1\u00f1amo org\u00e1nica), sabor vainilla org\u00e1nico, goma guar org\u00e1nica, aceite de triglic\u00e9ridos de cadena media org\u00e1nico (aceite de coco, goma de acacia), sal marina, extracto de hoja de stevia org\u00e1nica (gluc\u00f3sidos de esteviol).<br \/>\nSugerencia de uso:\u00a0mezclando, agitando o licuando una medida con 10 oz de tu bebida preferida, agua o leche vegetal de tu preferencia.<br \/>\nSABOR<br \/>\nBerry Shortcake<br \/>\nChocolate<br \/>\nChocolate Peanut Butter<br \/>\nMaple French Toast<br \/>\nMocha<br \/>\nUnflavoured<br \/>\nVanilla<\/p>","protected":false},"excerpt":{"rendered":"<p>Warrior Blend el mejor polvo de prote\u00edna vegetal dise\u00f1ado para estilos de vida activos. Elaborado con prote\u00ednas org\u00e1nicas de guisante, c\u00e1\u00f1amo y goji, ofrece energ\u00eda limpia, un perfil completo de amino\u00e1cidos y BCAA para favorecer la recuperaci\u00f3n. Perfecto para veganos, atletas y cualquier persona que busque un suplemento limpio y sin compromisos.<br \/>\nWarrior Blend combina el poder de las prote\u00ednas org\u00e1nicas de guisante, c\u00e1\u00f1amo y goji en un polvo suave y delicioso. Es naturalmente rico en BCAA, apoya la recuperaci\u00f3n muscular y est\u00e1 libre de l\u00e1cteos, soya y gluten. Su sabor a vainilla hace que cada batido sea agradable, ya sea despu\u00e9s del entrenamiento o como parte de tu nutrici\u00f3n diaria.<\/p>","protected":false},"featured_media":501272,"template":"","meta":[],"product_brand":[189,286],"product_cat":[201,42,190,262],"product_tag":[],"class_list":{"0":"post-501271","1":"product","2":"type-product","3":"status-publish","4":"has-post-thumbnail","6":"product_brand-naskorsport","7":"product_brand-sun-warrior","8":"product_cat-nutricion-deportiva","9":"product_cat-salud-sostenible","10":"product_cat-sunwarrior","11":"product_cat-suplementos-micronutricionales","12":"product_shipping_class-producto-fisico","14":"first","15":"instock","16":"purchasable","17":"product-type-variable","18":"has-default-attributes"},"yoast_head":"<!-- This site is optimized with the Yoast SEO Premium plugin v22.9 (Yoast SEO v27.6) - https:\/\/yoast.com\/product\/yoast-seo-premium-wordpress\/ -->\n<title>Warrior Blend Organic (375g) - Salud Sostenible by Fabrice Lef&egrave;vre Institute<\/title>\n<meta name=\"robots\" content=\"index, follow, max-snippet:-1, max-image-preview:large, max-video-preview:-1\" \/>\n<link rel=\"canonical\" href=\"https:\/\/saludsostenible.es\/en\/product\/warrior-blend-organic-375g\/\" \/>\n<meta property=\"og:locale\" content=\"en_GB\" \/>\n<meta property=\"og:type\" content=\"article\" \/>\n<meta property=\"og:title\" content=\"Warrior Blend Organic (375g)\" \/>\n<meta property=\"og:description\" content=\"Warrior Blend el mejor polvo de prote\u00edna vegetal dise\u00f1ado para estilos de vida activos. Elaborado con prote\u00ednas org\u00e1nicas de guisante, c\u00e1\u00f1amo y goji, ofrece energ\u00eda limpia, un perfil completo de amino\u00e1cidos y BCAA para favorecer la recuperaci\u00f3n. Perfecto para veganos, atletas y cualquier persona que busque un suplemento limpio y sin compromisos. Warrior Blend combina el poder de las prote\u00ednas org\u00e1nicas de guisante, c\u00e1\u00f1amo y goji en un polvo suave y delicioso. Es naturalmente rico en BCAA, apoya la recuperaci\u00f3n muscular y est\u00e1 libre de l\u00e1cteos, soya y gluten. Su sabor a vainilla hace que cada batido sea agradable, ya sea despu\u00e9s del entrenamiento o como parte de tu nutrici\u00f3n diaria.\" \/>\n<meta property=\"og:url\" content=\"https:\/\/saludsostenible.es\/en\/product\/warrior-blend-organic-375g\/\" \/>\n<meta property=\"og:site_name\" content=\"Salud Sostenible by Fabrice Lef&egrave;vre Institute\" \/>\n<meta property=\"article:publisher\" content=\"https:\/\/www.facebook.com\/ProbodyoneBarcelona\" \/>\n<meta property=\"article:modified_time\" content=\"2026-05-14T06:13:20+00:00\" \/>\n<meta property=\"og:image\" content=\"https:\/\/saludsostenible.es\/wp-content\/uploads\/2025\/09\/precio-3600-375g.jpg\" \/>\n\t<meta property=\"og:image:width\" content=\"891\" \/>\n\t<meta property=\"og:image:height\" content=\"891\" \/>\n\t<meta property=\"og:image:type\" content=\"image\/png\" \/>\n<meta name=\"twitter:card\" content=\"summary_large_image\" \/>\n<meta name=\"twitter:site\" content=\"@probodyone\" \/>\n<meta name=\"twitter:label1\" content=\"Estimated reading time\" \/>\n\t<meta name=\"twitter:data1\" content=\"1 minute\" \/>\n<script type=\"application\/ld+json\" class=\"yoast-schema-graph\">{\"@context\":\"https:\\\/\\\/schema.org\",\"@graph\":[{\"@type\":\"WebPage\",\"@id\":\"https:\\\/\\\/saludsostenible.es\\\/product\\\/warrior-blend-organic-375g\\\/\",\"url\":\"https:\\\/\\\/saludsostenible.es\\\/product\\\/warrior-blend-organic-375g\\\/\",\"name\":\"Warrior Blend Organic (375g) - Salud Sostenible by Fabrice Lef&egrave;vre Institute\",\"isPartOf\":{\"@id\":\"https:\\\/\\\/saludsostenible.es\\\/#website\"},\"primaryImageOfPage\":{\"@id\":\"https:\\\/\\\/saludsostenible.es\\\/product\\\/warrior-blend-organic-375g\\\/#primaryimage\"},\"image\":{\"@id\":\"https:\\\/\\\/saludsostenible.es\\\/product\\\/warrior-blend-organic-375g\\\/#primaryimage\"},\"thumbnailUrl\":\"https:\\\/\\\/saludsostenible.es\\\/wp-content\\\/uploads\\\/2025\\\/09\\\/precio-3600-375g.jpg\",\"datePublished\":\"2025-09-10T20:16:33+00:00\",\"dateModified\":\"2026-05-14T06:13:20+00:00\",\"breadcrumb\":{\"@id\":\"https:\\\/\\\/saludsostenible.es\\\/product\\\/warrior-blend-organic-375g\\\/#breadcrumb\"},\"inLanguage\":\"en-GB\",\"potentialAction\":[{\"@type\":\"ReadAction\",\"target\":[\"https:\\\/\\\/saludsostenible.es\\\/product\\\/warrior-blend-organic-375g\\\/\"]}]},{\"@type\":\"ImageObject\",\"inLanguage\":\"en-GB\",\"@id\":\"https:\\\/\\\/saludsostenible.es\\\/product\\\/warrior-blend-organic-375g\\\/#primaryimage\",\"url\":\"https:\\\/\\\/saludsostenible.es\\\/wp-content\\\/uploads\\\/2025\\\/09\\\/precio-3600-375g.jpg\",\"contentUrl\":\"https:\\\/\\\/saludsostenible.es\\\/wp-content\\\/uploads\\\/2025\\\/09\\\/precio-3600-375g.jpg\",\"width\":891,\"height\":891},{\"@type\":\"BreadcrumbList\",\"@id\":\"https:\\\/\\\/saludsostenible.es\\\/product\\\/warrior-blend-organic-375g\\\/#breadcrumb\",\"itemListElement\":[{\"@type\":\"ListItem\",\"position\":1,\"name\":\"Home\",\"item\":\"https:\\\/\\\/saludsostenible.es\\\/\"},{\"@type\":\"ListItem\",\"position\":2,\"name\":\"Tienda\",\"item\":\"https:\\\/\\\/saludsostenible.es\\\/tienda\\\/\"},{\"@type\":\"ListItem\",\"position\":3,\"name\":\"Warrior Blend Organic (375g)\"}]},{\"@type\":\"WebSite\",\"@id\":\"https:\\\/\\\/saludsostenible.es\\\/#website\",\"url\":\"https:\\\/\\\/saludsostenible.es\\\/\",\"name\":\"Salud Sostenible Beauty & Longevity\",\"description\":\"Plataforma de consulta online y acceso a especialistas privados: salud integrativa, beauty y longevidad. Inicia tu perfil de salud metab\u00f3lica.\",\"publisher\":{\"@id\":\"https:\\\/\\\/saludsostenible.es\\\/#organization\"},\"alternateName\":\"Salud Sostenible\",\"potentialAction\":[{\"@type\":\"SearchAction\",\"target\":{\"@type\":\"EntryPoint\",\"urlTemplate\":\"https:\\\/\\\/saludsostenible.es\\\/?s={search_term_string}\"},\"query-input\":{\"@type\":\"PropertyValueSpecification\",\"valueRequired\":true,\"valueName\":\"search_term_string\"}}],\"inLanguage\":\"en-GB\"},{\"@type\":\"Organization\",\"@id\":\"https:\\\/\\\/saludsostenible.es\\\/#organization\",\"name\":\"Salud Sostenible by Fabrice Lef\u00e8vre Institute\",\"alternateName\":\"Osteopat\u00eda en Barcelona, Madrid y Marbella\",\"url\":\"https:\\\/\\\/saludsostenible.es\\\/\",\"logo\":{\"@type\":\"ImageObject\",\"inLanguage\":\"en-GB\",\"@id\":\"https:\\\/\\\/saludsostenible.es\\\/#\\\/schema\\\/logo\\\/image\\\/\",\"url\":\"https:\\\/\\\/saludsostenible.es\\\/wp-content\\\/uploads\\\/2024\\\/08\\\/probodyone-blog.jpg\",\"contentUrl\":\"https:\\\/\\\/saludsostenible.es\\\/wp-content\\\/uploads\\\/2024\\\/08\\\/probodyone-blog.jpg\",\"width\":1600,\"height\":550,\"caption\":\"Salud Sostenible by Fabrice Lef\u00e8vre Institute\"},\"image\":{\"@id\":\"https:\\\/\\\/saludsostenible.es\\\/#\\\/schema\\\/logo\\\/image\\\/\"},\"sameAs\":[\"https:\\\/\\\/www.facebook.com\\\/ProbodyoneBarcelona\",\"https:\\\/\\\/x.com\\\/probodyone\",\"https:\\\/\\\/www.youtube.com\\\/@Probodyone\\\/videos\"]}]}<\/script>\n<!-- \/ Yoast SEO Premium plugin. -->","yoast_head_json":{"title":"Warrior Blend Organic (375g) - Salud Sostenible by Fabrice Lef&egrave;vre Institute","robots":{"index":"index","follow":"follow","max-snippet":"max-snippet:-1","max-image-preview":"max-image-preview:large","max-video-preview":"max-video-preview:-1"},"canonical":"https:\/\/saludsostenible.es\/en\/product\/warrior-blend-organic-375g\/","og_locale":"en_GB","og_type":"article","og_title":"Warrior Blend Organic (375g)","og_description":"Warrior Blend el mejor polvo de prote\u00edna vegetal dise\u00f1ado para estilos de vida activos. Elaborado con prote\u00ednas org\u00e1nicas de guisante, c\u00e1\u00f1amo y goji, ofrece energ\u00eda limpia, un perfil completo de amino\u00e1cidos y BCAA para favorecer la recuperaci\u00f3n. Perfecto para veganos, atletas y cualquier persona que busque un suplemento limpio y sin compromisos. Warrior Blend combina el poder de las prote\u00ednas org\u00e1nicas de guisante, c\u00e1\u00f1amo y goji en un polvo suave y delicioso. Es naturalmente rico en BCAA, apoya la recuperaci\u00f3n muscular y est\u00e1 libre de l\u00e1cteos, soya y gluten. Su sabor a vainilla hace que cada batido sea agradable, ya sea despu\u00e9s del entrenamiento o como parte de tu nutrici\u00f3n diaria.","og_url":"https:\/\/saludsostenible.es\/en\/product\/warrior-blend-organic-375g\/","og_site_name":"Salud Sostenible by Fabrice Lef&egrave;vre Institute","article_publisher":"https:\/\/www.facebook.com\/ProbodyoneBarcelona","article_modified_time":"2026-05-14T06:13:20+00:00","og_image":[{"width":891,"height":891,"url":"https:\/\/saludsostenible.es\/wp-content\/uploads\/2025\/09\/precio-3600-375g.jpg","type":"image\/png"}],"twitter_card":"summary_large_image","twitter_site":"@probodyone","twitter_misc":{"Estimated reading time":"1 minute"},"schema":{"@context":"https:\/\/schema.org","@graph":[{"@type":"WebPage","@id":"https:\/\/saludsostenible.es\/product\/warrior-blend-organic-375g\/","url":"https:\/\/saludsostenible.es\/product\/warrior-blend-organic-375g\/","name":"Warrior Blend Organic (375g) - Salud Sostenible by Fabrice Lef&egrave;vre Institute","isPartOf":{"@id":"https:\/\/saludsostenible.es\/#website"},"primaryImageOfPage":{"@id":"https:\/\/saludsostenible.es\/product\/warrior-blend-organic-375g\/#primaryimage"},"image":{"@id":"https:\/\/saludsostenible.es\/product\/warrior-blend-organic-375g\/#primaryimage"},"thumbnailUrl":"https:\/\/saludsostenible.es\/wp-content\/uploads\/2025\/09\/precio-3600-375g.jpg","datePublished":"2025-09-10T20:16:33+00:00","dateModified":"2026-05-14T06:13:20+00:00","breadcrumb":{"@id":"https:\/\/saludsostenible.es\/product\/warrior-blend-organic-375g\/#breadcrumb"},"inLanguage":"en-GB","potentialAction":[{"@type":"ReadAction","target":["https:\/\/saludsostenible.es\/product\/warrior-blend-organic-375g\/"]}]},{"@type":"ImageObject","inLanguage":"en-GB","@id":"https:\/\/saludsostenible.es\/product\/warrior-blend-organic-375g\/#primaryimage","url":"https:\/\/saludsostenible.es\/wp-content\/uploads\/2025\/09\/precio-3600-375g.jpg","contentUrl":"https:\/\/saludsostenible.es\/wp-content\/uploads\/2025\/09\/precio-3600-375g.jpg","width":891,"height":891},{"@type":"BreadcrumbList","@id":"https:\/\/saludsostenible.es\/product\/warrior-blend-organic-375g\/#breadcrumb","itemListElement":[{"@type":"ListItem","position":1,"name":"Home","item":"https:\/\/saludsostenible.es\/"},{"@type":"ListItem","position":2,"name":"Tienda","item":"https:\/\/saludsostenible.es\/tienda\/"},{"@type":"ListItem","position":3,"name":"Warrior Blend Organic (375g)"}]},{"@type":"WebSite","@id":"https:\/\/saludsostenible.es\/#website","url":"https:\/\/saludsostenible.es\/","name":"Salud Sostenible Beauty & Longevity","description":"Plataforma de consulta online y acceso a especialistas privados: salud integrativa, beauty y longevidad. Inicia tu perfil de salud metab\u00f3lica.","publisher":{"@id":"https:\/\/saludsostenible.es\/#organization"},"alternateName":"Salud Sostenible","potentialAction":[{"@type":"SearchAction","target":{"@type":"EntryPoint","urlTemplate":"https:\/\/saludsostenible.es\/?s={search_term_string}"},"query-input":{"@type":"PropertyValueSpecification","valueRequired":true,"valueName":"search_term_string"}}],"inLanguage":"en-GB"},{"@type":"Organization","@id":"https:\/\/saludsostenible.es\/#organization","name":"Salud Sostenible by Fabrice Lef\u00e8vre Institute","alternateName":"Osteopat\u00eda en Barcelona, Madrid y Marbella","url":"https:\/\/saludsostenible.es\/","logo":{"@type":"ImageObject","inLanguage":"en-GB","@id":"https:\/\/saludsostenible.es\/#\/schema\/logo\/image\/","url":"https:\/\/saludsostenible.es\/wp-content\/uploads\/2024\/08\/probodyone-blog.jpg","contentUrl":"https:\/\/saludsostenible.es\/wp-content\/uploads\/2024\/08\/probodyone-blog.jpg","width":1600,"height":550,"caption":"Salud Sostenible by Fabrice Lef\u00e8vre Institute"},"image":{"@id":"https:\/\/saludsostenible.es\/#\/schema\/logo\/image\/"},"sameAs":["https:\/\/www.facebook.com\/ProbodyoneBarcelona","https:\/\/x.com\/probodyone","https:\/\/www.youtube.com\/@Probodyone\/videos"]}]}},"_links":{"self":[{"href":"https:\/\/saludsostenible.es\/en\/wp-json\/wp\/v2\/product\/501271","targetHints":{"allow":["GET"]}}],"collection":[{"href":"https:\/\/saludsostenible.es\/en\/wp-json\/wp\/v2\/product"}],"about":[{"href":"https:\/\/saludsostenible.es\/en\/wp-json\/wp\/v2\/types\/product"}],"wp:featuredmedia":[{"embeddable":true,"href":"https:\/\/saludsostenible.es\/en\/wp-json\/wp\/v2\/media\/501272"}],"wp:attachment":[{"href":"https:\/\/saludsostenible.es\/en\/wp-json\/wp\/v2\/media?parent=501271"}],"wp:term":[{"taxonomy":"product_brand","embeddable":true,"href":"https:\/\/saludsostenible.es\/en\/wp-json\/wp\/v2\/product_brand?post=501271"},{"taxonomy":"product_cat","embeddable":true,"href":"https:\/\/saludsostenible.es\/en\/wp-json\/wp\/v2\/product_cat?post=501271"},{"taxonomy":"product_tag","embeddable":true,"href":"https:\/\/saludsostenible.es\/en\/wp-json\/wp\/v2\/product_tag?post=501271"}],"curies":[{"name":"wp","href":"https:\/\/api.w.org\/{rel}","templated":true}]}}