{"id":501278,"date":"2025-09-10T20:16:33","date_gmt":"2025-09-10T20:16:33","guid":{"rendered":"https:\/\/saludsostenible.es\/product\/thermo-greens-210g\/"},"modified":"2026-05-14T06:24:31","modified_gmt":"2026-05-14T06:24:31","slug":"thermo-greens-210g","status":"publish","type":"product","link":"https:\/\/saludsostenible.es\/en\/product\/thermo-greens-210g\/","title":{"rendered":"Thermo Greens (210g)"},"content":{"rendered":"<p>INDICACIONES<br \/>\nExcelente fuente de superalimentos verdes de primera calidad<br \/>\n\u2022 Ayuda a aumentar la quema de calor\u00edas<br \/>\n\u2022 Apoya una composici\u00f3n corporal saludable<br \/>\n\u2022 Promueve una digesti\u00f3n saludable<br \/>\n\u2022 Combate los radicales libres<br \/>\n\u2022 Activa el tejido adiposo marr\u00f3n<br \/>\n\u2022 Disminuye la grasa visceral<br \/>\n\u2022 Buena fuente de vitamina A<br \/>\n\u2022 Contiene 29 frutas, verduras y hierbas<br \/>\n\u2022 Apoya una respuesta inflamatoria saludable<\/p>\n<p>INGREDIENTES<br \/>\nsabor Manzana Verde: Polvo de agua de coco org\u00e1nico, polvo de jugo de pasto de trigo org\u00e1nico, sabor natural org\u00e1nico, mezcla de vegetales verdes org\u00e1nicos (col rizada org\u00e1nica, espinaca org\u00e1nica, espirulina org\u00e1nica), \u00e1cido c\u00edtrico, polvo de t\u00e9 matcha org\u00e1nico, mezcla Spectra\u00ae (extracto de Coffea arabica, extracto de t\u00e9 verde, concentrado de brotes de br\u00f3coli, extracto de cebolla, extracto de manzana, quercetina, extracto de acerola, concentrado de tomate, concentrado de br\u00f3coli, concentrado de a\u00e7a\u00ed, c\u00farcuma, concentrado de ajo, concentrado de albahaca, concentrado de or\u00e9gano, concentrado de canela, concentrado de zanahoria, concentrado de sa\u00faco, concentrado de mangost\u00e1n, concentrado de camu camu, extracto de grosella negra, extracto de ar\u00e1ndano, concentrado de frambuesa, concentrado de mora, concentrado de espinaca, concentrado de chokeberry, concentrado de col rizada, concentrado de cereza dulce, extracto de ar\u00e1ndano azul), polvo de vinagre de manzana org\u00e1nico, extracto de hoja de stevia org\u00e1nica (gluc\u00f3sidos de esteviol), extracto de granos del para\u00edso (Aframomum melegueta) (CaloriBurn GP\u00ae).<br \/>\nSugerencia de uso mezclando, agitando o licuando una medida con 10 oz de tu bebida preferida, agua o leche vegetal de tu preferencia<\/p>\n<p>SABOR<br \/>\nManzana Verde<br \/>\nNatural<\/p>","protected":false},"excerpt":{"rendered":"<p>Thermo Greens es un suplemento de superalimentos verdes dise\u00f1ado para apoyar el metabolismo, la energ\u00eda y el control de peso de manera natural. Su f\u00f3rmula combina extractos de vegetales, frutas, adapt\u00f3genos y termog\u00e9nicos suaves, aportando nutrientes esenciales, antioxidantes y compuestos bioactivos que favorecen la desintoxicaci\u00f3n, la quema de grasa y el bienestar general.<\/p>","protected":false},"featured_media":501279,"template":"","meta":[],"product_brand":[189,286],"product_cat":[249,279,201,190,262],"product_tag":[],"class_list":{"0":"post-501278","1":"product","2":"type-product","3":"status-publish","4":"has-post-thumbnail","6":"product_brand-naskorsport","7":"product_brand-sun-warrior","8":"product_cat-energia-vitalidad","9":"product_cat-equilibrio-peso-adelgazamiento","10":"product_cat-nutricion-deportiva","11":"product_cat-sunwarrior","12":"product_cat-suplementos-micronutricionales","13":"product_shipping_class-producto-fisico","15":"first","16":"instock","17":"purchasable","18":"product-type-variable","19":"has-default-attributes"},"yoast_head":"<!-- This site is optimized with the Yoast SEO Premium plugin v22.9 (Yoast SEO v27.6) - https:\/\/yoast.com\/product\/yoast-seo-premium-wordpress\/ -->\n<title>Thermo Greens (210g) - Salud Sostenible by Fabrice Lef&egrave;vre Institute<\/title>\n<meta name=\"robots\" content=\"index, follow, max-snippet:-1, max-image-preview:large, max-video-preview:-1\" \/>\n<link rel=\"canonical\" href=\"https:\/\/saludsostenible.es\/en\/product\/thermo-greens-210g\/\" \/>\n<meta property=\"og:locale\" content=\"en_GB\" \/>\n<meta property=\"og:type\" content=\"article\" \/>\n<meta property=\"og:title\" content=\"Thermo Greens (210g)\" \/>\n<meta property=\"og:description\" content=\"Thermo Greens es un suplemento de superalimentos verdes dise\u00f1ado para apoyar el metabolismo, la energ\u00eda y el control de peso de manera natural. Su f\u00f3rmula combina extractos de vegetales, frutas, adapt\u00f3genos y termog\u00e9nicos suaves, aportando nutrientes esenciales, antioxidantes y compuestos bioactivos que favorecen la desintoxicaci\u00f3n, la quema de grasa y el bienestar general.\" \/>\n<meta property=\"og:url\" content=\"https:\/\/saludsostenible.es\/en\/product\/thermo-greens-210g\/\" \/>\n<meta property=\"og:site_name\" content=\"Salud Sostenible by Fabrice Lef&egrave;vre Institute\" \/>\n<meta property=\"article:publisher\" content=\"https:\/\/www.facebook.com\/ProbodyoneBarcelona\" \/>\n<meta property=\"article:modified_time\" content=\"2026-05-14T06:24:31+00:00\" \/>\n<meta property=\"og:image\" content=\"https:\/\/saludsostenible.es\/wp-content\/uploads\/2025\/09\/thermo-greens-210g.jpg\" \/>\n\t<meta property=\"og:image:width\" content=\"809\" \/>\n\t<meta property=\"og:image:height\" content=\"809\" \/>\n\t<meta property=\"og:image:type\" content=\"image\/png\" \/>\n<meta name=\"twitter:card\" content=\"summary_large_image\" \/>\n<meta name=\"twitter:site\" content=\"@probodyone\" \/>\n<meta name=\"twitter:label1\" content=\"Estimated reading time\" \/>\n\t<meta name=\"twitter:data1\" content=\"2 minutes\" \/>\n<script type=\"application\/ld+json\" class=\"yoast-schema-graph\">{\"@context\":\"https:\\\/\\\/schema.org\",\"@graph\":[{\"@type\":\"WebPage\",\"@id\":\"https:\\\/\\\/saludsostenible.es\\\/product\\\/thermo-greens-210g\\\/\",\"url\":\"https:\\\/\\\/saludsostenible.es\\\/product\\\/thermo-greens-210g\\\/\",\"name\":\"Thermo Greens (210g) - Salud Sostenible by Fabrice Lef&egrave;vre Institute\",\"isPartOf\":{\"@id\":\"https:\\\/\\\/saludsostenible.es\\\/#website\"},\"primaryImageOfPage\":{\"@id\":\"https:\\\/\\\/saludsostenible.es\\\/product\\\/thermo-greens-210g\\\/#primaryimage\"},\"image\":{\"@id\":\"https:\\\/\\\/saludsostenible.es\\\/product\\\/thermo-greens-210g\\\/#primaryimage\"},\"thumbnailUrl\":\"https:\\\/\\\/saludsostenible.es\\\/wp-content\\\/uploads\\\/2025\\\/09\\\/thermo-greens-210g.jpg\",\"datePublished\":\"2025-09-10T20:16:33+00:00\",\"dateModified\":\"2026-05-14T06:24:31+00:00\",\"breadcrumb\":{\"@id\":\"https:\\\/\\\/saludsostenible.es\\\/product\\\/thermo-greens-210g\\\/#breadcrumb\"},\"inLanguage\":\"en-GB\",\"potentialAction\":[{\"@type\":\"ReadAction\",\"target\":[\"https:\\\/\\\/saludsostenible.es\\\/product\\\/thermo-greens-210g\\\/\"]}]},{\"@type\":\"ImageObject\",\"inLanguage\":\"en-GB\",\"@id\":\"https:\\\/\\\/saludsostenible.es\\\/product\\\/thermo-greens-210g\\\/#primaryimage\",\"url\":\"https:\\\/\\\/saludsostenible.es\\\/wp-content\\\/uploads\\\/2025\\\/09\\\/thermo-greens-210g.jpg\",\"contentUrl\":\"https:\\\/\\\/saludsostenible.es\\\/wp-content\\\/uploads\\\/2025\\\/09\\\/thermo-greens-210g.jpg\",\"width\":809,\"height\":809},{\"@type\":\"BreadcrumbList\",\"@id\":\"https:\\\/\\\/saludsostenible.es\\\/product\\\/thermo-greens-210g\\\/#breadcrumb\",\"itemListElement\":[{\"@type\":\"ListItem\",\"position\":1,\"name\":\"Home\",\"item\":\"https:\\\/\\\/saludsostenible.es\\\/\"},{\"@type\":\"ListItem\",\"position\":2,\"name\":\"Tienda\",\"item\":\"https:\\\/\\\/saludsostenible.es\\\/tienda\\\/\"},{\"@type\":\"ListItem\",\"position\":3,\"name\":\"Thermo Greens (210g)\"}]},{\"@type\":\"WebSite\",\"@id\":\"https:\\\/\\\/saludsostenible.es\\\/#website\",\"url\":\"https:\\\/\\\/saludsostenible.es\\\/\",\"name\":\"Salud Sostenible Beauty & Longevity\",\"description\":\"Plataforma de consulta online y acceso a especialistas privados: salud integrativa, beauty y longevidad. Inicia tu perfil de salud metab\u00f3lica.\",\"publisher\":{\"@id\":\"https:\\\/\\\/saludsostenible.es\\\/#organization\"},\"alternateName\":\"Salud Sostenible\",\"potentialAction\":[{\"@type\":\"SearchAction\",\"target\":{\"@type\":\"EntryPoint\",\"urlTemplate\":\"https:\\\/\\\/saludsostenible.es\\\/?s={search_term_string}\"},\"query-input\":{\"@type\":\"PropertyValueSpecification\",\"valueRequired\":true,\"valueName\":\"search_term_string\"}}],\"inLanguage\":\"en-GB\"},{\"@type\":\"Organization\",\"@id\":\"https:\\\/\\\/saludsostenible.es\\\/#organization\",\"name\":\"Salud Sostenible by Fabrice Lef\u00e8vre Institute\",\"alternateName\":\"Osteopat\u00eda en Barcelona, Madrid y Marbella\",\"url\":\"https:\\\/\\\/saludsostenible.es\\\/\",\"logo\":{\"@type\":\"ImageObject\",\"inLanguage\":\"en-GB\",\"@id\":\"https:\\\/\\\/saludsostenible.es\\\/#\\\/schema\\\/logo\\\/image\\\/\",\"url\":\"https:\\\/\\\/saludsostenible.es\\\/wp-content\\\/uploads\\\/2024\\\/08\\\/probodyone-blog.jpg\",\"contentUrl\":\"https:\\\/\\\/saludsostenible.es\\\/wp-content\\\/uploads\\\/2024\\\/08\\\/probodyone-blog.jpg\",\"width\":1600,\"height\":550,\"caption\":\"Salud Sostenible by Fabrice Lef\u00e8vre Institute\"},\"image\":{\"@id\":\"https:\\\/\\\/saludsostenible.es\\\/#\\\/schema\\\/logo\\\/image\\\/\"},\"sameAs\":[\"https:\\\/\\\/www.facebook.com\\\/ProbodyoneBarcelona\",\"https:\\\/\\\/x.com\\\/probodyone\",\"https:\\\/\\\/www.youtube.com\\\/@Probodyone\\\/videos\"]}]}<\/script>\n<!-- \/ Yoast SEO Premium plugin. -->","yoast_head_json":{"title":"Thermo Greens (210g) - Salud Sostenible by Fabrice Lef&egrave;vre Institute","robots":{"index":"index","follow":"follow","max-snippet":"max-snippet:-1","max-image-preview":"max-image-preview:large","max-video-preview":"max-video-preview:-1"},"canonical":"https:\/\/saludsostenible.es\/en\/product\/thermo-greens-210g\/","og_locale":"en_GB","og_type":"article","og_title":"Thermo Greens (210g)","og_description":"Thermo Greens es un suplemento de superalimentos verdes dise\u00f1ado para apoyar el metabolismo, la energ\u00eda y el control de peso de manera natural. Su f\u00f3rmula combina extractos de vegetales, frutas, adapt\u00f3genos y termog\u00e9nicos suaves, aportando nutrientes esenciales, antioxidantes y compuestos bioactivos que favorecen la desintoxicaci\u00f3n, la quema de grasa y el bienestar general.","og_url":"https:\/\/saludsostenible.es\/en\/product\/thermo-greens-210g\/","og_site_name":"Salud Sostenible by Fabrice Lef&egrave;vre Institute","article_publisher":"https:\/\/www.facebook.com\/ProbodyoneBarcelona","article_modified_time":"2026-05-14T06:24:31+00:00","og_image":[{"width":809,"height":809,"url":"https:\/\/saludsostenible.es\/wp-content\/uploads\/2025\/09\/thermo-greens-210g.jpg","type":"image\/png"}],"twitter_card":"summary_large_image","twitter_site":"@probodyone","twitter_misc":{"Estimated reading time":"2 minutes"},"schema":{"@context":"https:\/\/schema.org","@graph":[{"@type":"WebPage","@id":"https:\/\/saludsostenible.es\/product\/thermo-greens-210g\/","url":"https:\/\/saludsostenible.es\/product\/thermo-greens-210g\/","name":"Thermo Greens (210g) - Salud Sostenible by Fabrice Lef&egrave;vre Institute","isPartOf":{"@id":"https:\/\/saludsostenible.es\/#website"},"primaryImageOfPage":{"@id":"https:\/\/saludsostenible.es\/product\/thermo-greens-210g\/#primaryimage"},"image":{"@id":"https:\/\/saludsostenible.es\/product\/thermo-greens-210g\/#primaryimage"},"thumbnailUrl":"https:\/\/saludsostenible.es\/wp-content\/uploads\/2025\/09\/thermo-greens-210g.jpg","datePublished":"2025-09-10T20:16:33+00:00","dateModified":"2026-05-14T06:24:31+00:00","breadcrumb":{"@id":"https:\/\/saludsostenible.es\/product\/thermo-greens-210g\/#breadcrumb"},"inLanguage":"en-GB","potentialAction":[{"@type":"ReadAction","target":["https:\/\/saludsostenible.es\/product\/thermo-greens-210g\/"]}]},{"@type":"ImageObject","inLanguage":"en-GB","@id":"https:\/\/saludsostenible.es\/product\/thermo-greens-210g\/#primaryimage","url":"https:\/\/saludsostenible.es\/wp-content\/uploads\/2025\/09\/thermo-greens-210g.jpg","contentUrl":"https:\/\/saludsostenible.es\/wp-content\/uploads\/2025\/09\/thermo-greens-210g.jpg","width":809,"height":809},{"@type":"BreadcrumbList","@id":"https:\/\/saludsostenible.es\/product\/thermo-greens-210g\/#breadcrumb","itemListElement":[{"@type":"ListItem","position":1,"name":"Home","item":"https:\/\/saludsostenible.es\/"},{"@type":"ListItem","position":2,"name":"Tienda","item":"https:\/\/saludsostenible.es\/tienda\/"},{"@type":"ListItem","position":3,"name":"Thermo Greens (210g)"}]},{"@type":"WebSite","@id":"https:\/\/saludsostenible.es\/#website","url":"https:\/\/saludsostenible.es\/","name":"Salud Sostenible Beauty & Longevity","description":"Plataforma de consulta online y acceso a especialistas privados: salud integrativa, beauty y longevidad. Inicia tu perfil de salud metab\u00f3lica.","publisher":{"@id":"https:\/\/saludsostenible.es\/#organization"},"alternateName":"Salud Sostenible","potentialAction":[{"@type":"SearchAction","target":{"@type":"EntryPoint","urlTemplate":"https:\/\/saludsostenible.es\/?s={search_term_string}"},"query-input":{"@type":"PropertyValueSpecification","valueRequired":true,"valueName":"search_term_string"}}],"inLanguage":"en-GB"},{"@type":"Organization","@id":"https:\/\/saludsostenible.es\/#organization","name":"Salud Sostenible by Fabrice Lef\u00e8vre Institute","alternateName":"Osteopat\u00eda en Barcelona, Madrid y Marbella","url":"https:\/\/saludsostenible.es\/","logo":{"@type":"ImageObject","inLanguage":"en-GB","@id":"https:\/\/saludsostenible.es\/#\/schema\/logo\/image\/","url":"https:\/\/saludsostenible.es\/wp-content\/uploads\/2024\/08\/probodyone-blog.jpg","contentUrl":"https:\/\/saludsostenible.es\/wp-content\/uploads\/2024\/08\/probodyone-blog.jpg","width":1600,"height":550,"caption":"Salud Sostenible by Fabrice Lef\u00e8vre Institute"},"image":{"@id":"https:\/\/saludsostenible.es\/#\/schema\/logo\/image\/"},"sameAs":["https:\/\/www.facebook.com\/ProbodyoneBarcelona","https:\/\/x.com\/probodyone","https:\/\/www.youtube.com\/@Probodyone\/videos"]}]}},"_links":{"self":[{"href":"https:\/\/saludsostenible.es\/en\/wp-json\/wp\/v2\/product\/501278","targetHints":{"allow":["GET"]}}],"collection":[{"href":"https:\/\/saludsostenible.es\/en\/wp-json\/wp\/v2\/product"}],"about":[{"href":"https:\/\/saludsostenible.es\/en\/wp-json\/wp\/v2\/types\/product"}],"wp:featuredmedia":[{"embeddable":true,"href":"https:\/\/saludsostenible.es\/en\/wp-json\/wp\/v2\/media\/501279"}],"wp:attachment":[{"href":"https:\/\/saludsostenible.es\/en\/wp-json\/wp\/v2\/media?parent=501278"}],"wp:term":[{"taxonomy":"product_brand","embeddable":true,"href":"https:\/\/saludsostenible.es\/en\/wp-json\/wp\/v2\/product_brand?post=501278"},{"taxonomy":"product_cat","embeddable":true,"href":"https:\/\/saludsostenible.es\/en\/wp-json\/wp\/v2\/product_cat?post=501278"},{"taxonomy":"product_tag","embeddable":true,"href":"https:\/\/saludsostenible.es\/en\/wp-json\/wp\/v2\/product_tag?post=501278"}],"curies":[{"name":"wp","href":"https:\/\/api.w.org\/{rel}","templated":true}]}}