{"id":501300,"date":"2025-09-10T20:17:01","date_gmt":"2025-09-10T20:17:01","guid":{"rendered":"https:\/\/saludsostenible.es\/product\/harpasul-forte-monodosis-harpagofito-ortosifon-y-sauce\/"},"modified":"2025-09-10T20:17:08","modified_gmt":"2025-09-10T20:17:08","slug":"harpasul-forte-monodosis-harpagofito-ortosifon-y-sauce","status":"publish","type":"product","link":"https:\/\/saludsostenible.es\/en\/product\/harpasul-forte-monodosis-harpagofito-ortosifon-y-sauce\/","title":{"rendered":"HARPASUL FORTE MONODOSIS (Harpagofito, Ortosif\u00f3n y Sauce)"},"content":{"rendered":"<p>INDICACIONES<br \/>\nAntiinflamatorio natural: Harpagofito y sauce ayudan a aliviar dolores articulares y musculares.<br \/>\nEfecto drenante y depurativo: El ortosif\u00f3n favorece la eliminaci\u00f3n de l\u00edquidos y toxinas.<br \/>\nProtecci\u00f3n y recuperaci\u00f3n articular: Ideal en procesos de inflamaci\u00f3n o sobrecarga de las articulaciones.<br \/>\nAlivio del dolor: La salicina del sauce act\u00faa como un analg\u00e9sico suave y natural.<br \/>\nPresentaci\u00f3n en viales bebibles, ideal para tratamientos puntuales o intensivos.<br \/>\nINGREDIENTES<br \/>\nAgua, estabilizante glicerina, extracto seco de tub\u00e9rculo secundario de Harpagofito\u00a0(Harpagophytum procumbens (Burch.) DC), extracto seco de corteza de Sauce\u00a0(Salix alba L.), aroma, extracto seco de hojas de Ortosif\u00f3n\u00a0(Orthosiphon stamineus Benth.), estabilizante goma xantana, conservador sorbato pot\u00e1sico, edulcorante sucralosa, conservador benzoato s\u00f3dico.<br \/>\nMODO DE USO<br \/>\nTomar un vial al d\u00eda, preferentemente con las comidas.<br \/>\nPRECAUCIONES<br \/>\nNo superar la dosis diaria recomendada.<br \/>\nMantener fuera del alcance de los ni\u00f1os m\u00e1s peque\u00f1os.<br \/>\nLos complementos alimenticios no deben utilizarse como sustituto de una dieta variada y equilibrada y un estilo de vida saludable.<br \/>\nUn consumo excesivo puede tener efectos laxantes.<br \/>\nComplemento alimenticio con edulcorante.<br \/>\nConsulte a su m\u00e9dico en caso de ingesta simult\u00e1nea de antiagregantes o anticoagulantes.<br \/>\nNo administrar a ni\u00f1os y a adolescentes de menos de 18 a\u00f1os.<br \/>\nNo utilizar en caso de \u00falceras g\u00e1stricas o duodenales o de c\u00e1lculos biliares.<br \/>\nCondiciones de conservaci\u00f3n:\u00a0ambiente fresco y seco.<br \/>\nMAGNESIO (Bisglicinato) + B6<\/p>","protected":false},"excerpt":{"rendered":"<p>HARPASUL FORTE MONODOSIS es un complemento alimenticio l\u00edquido en pr\u00e1cticos viales, formulado a base de extractos estandarizados de plantas medicinales como el harpagofito, el ortosif\u00f3n y el sauce blanco, reconocidas por sus propiedades antiinflamatorias, depurativas y analg\u00e9sicas. Su presentaci\u00f3n monodosis facilita la toma y garantiza una absorci\u00f3n r\u00e1pida y eficaz.<\/p>","protected":false},"featured_media":501301,"template":"","meta":[],"product_brand":[191],"product_cat":[263,252,192,280],"product_tag":[],"class_list":{"0":"post-501300","1":"product","2":"type-product","3":"status-publish","4":"has-post-thumbnail","6":"product_brand-natysal","7":"product_cat-cremas-balsamicos","8":"product_cat-huesos-articulaciones-musculos","9":"product_cat-natysal","10":"product_cat-salud-antiinflamatoria","11":"product_shipping_class-producto-fisico","13":"first","14":"instock","15":"purchasable","16":"product-type-simple"},"yoast_head":"<!-- This site is optimized with the Yoast SEO Premium plugin v22.9 (Yoast SEO v27.6) - https:\/\/yoast.com\/product\/yoast-seo-premium-wordpress\/ -->\n<title>HARPASUL FORTE MONODOSIS (Harpagofito, Ortosif\u00f3n y Sauce) - Salud Sostenible by Fabrice Lef&egrave;vre Institute<\/title>\n<meta name=\"robots\" content=\"index, follow, max-snippet:-1, max-image-preview:large, max-video-preview:-1\" \/>\n<link rel=\"canonical\" href=\"https:\/\/saludsostenible.es\/en\/product\/harpasul-forte-monodosis-harpagofito-ortosifon-y-sauce\/\" \/>\n<meta property=\"og:locale\" content=\"en_GB\" \/>\n<meta property=\"og:type\" content=\"article\" \/>\n<meta property=\"og:title\" content=\"HARPASUL FORTE MONODOSIS (Harpagofito, Ortosif\u00f3n y Sauce)\" \/>\n<meta property=\"og:description\" content=\"HARPASUL FORTE MONODOSIS es un complemento alimenticio l\u00edquido en pr\u00e1cticos viales, formulado a base de extractos estandarizados de plantas medicinales como el harpagofito, el ortosif\u00f3n y el sauce blanco, reconocidas por sus propiedades antiinflamatorias, depurativas y analg\u00e9sicas. Su presentaci\u00f3n monodosis facilita la toma y garantiza una absorci\u00f3n r\u00e1pida y eficaz.\" \/>\n<meta property=\"og:url\" content=\"https:\/\/saludsostenible.es\/en\/product\/harpasul-forte-monodosis-harpagofito-ortosifon-y-sauce\/\" \/>\n<meta property=\"og:site_name\" content=\"Salud Sostenible by Fabrice Lef&egrave;vre Institute\" \/>\n<meta property=\"article:publisher\" content=\"https:\/\/www.facebook.com\/ProbodyoneBarcelona\" \/>\n<meta property=\"article:modified_time\" content=\"2025-09-10T20:17:08+00:00\" \/>\n<meta property=\"og:image\" content=\"https:\/\/saludsostenible.es\/wp-content\/uploads\/2025\/09\/harpasul-forte-monodosis-harpagofito-ortosifon-y-sauce.jpg\" \/>\n\t<meta property=\"og:image:width\" content=\"800\" \/>\n\t<meta property=\"og:image:height\" content=\"800\" \/>\n\t<meta property=\"og:image:type\" content=\"image\/jpeg\" \/>\n<meta name=\"twitter:card\" content=\"summary_large_image\" \/>\n<meta name=\"twitter:site\" content=\"@probodyone\" \/>\n<meta name=\"twitter:label1\" content=\"Estimated reading time\" \/>\n\t<meta name=\"twitter:data1\" content=\"1 minute\" \/>\n<script type=\"application\/ld+json\" class=\"yoast-schema-graph\">{\"@context\":\"https:\\\/\\\/schema.org\",\"@graph\":[{\"@type\":\"WebPage\",\"@id\":\"https:\\\/\\\/saludsostenible.es\\\/product\\\/harpasul-forte-monodosis-harpagofito-ortosifon-y-sauce\\\/\",\"url\":\"https:\\\/\\\/saludsostenible.es\\\/product\\\/harpasul-forte-monodosis-harpagofito-ortosifon-y-sauce\\\/\",\"name\":\"HARPASUL FORTE MONODOSIS (Harpagofito, Ortosif\u00f3n y Sauce) - Salud Sostenible by Fabrice Lef&egrave;vre Institute\",\"isPartOf\":{\"@id\":\"https:\\\/\\\/saludsostenible.es\\\/#website\"},\"primaryImageOfPage\":{\"@id\":\"https:\\\/\\\/saludsostenible.es\\\/product\\\/harpasul-forte-monodosis-harpagofito-ortosifon-y-sauce\\\/#primaryimage\"},\"image\":{\"@id\":\"https:\\\/\\\/saludsostenible.es\\\/product\\\/harpasul-forte-monodosis-harpagofito-ortosifon-y-sauce\\\/#primaryimage\"},\"thumbnailUrl\":\"https:\\\/\\\/saludsostenible.es\\\/wp-content\\\/uploads\\\/2025\\\/09\\\/harpasul-forte-monodosis-harpagofito-ortosifon-y-sauce.jpg\",\"datePublished\":\"2025-09-10T20:17:01+00:00\",\"dateModified\":\"2025-09-10T20:17:08+00:00\",\"breadcrumb\":{\"@id\":\"https:\\\/\\\/saludsostenible.es\\\/product\\\/harpasul-forte-monodosis-harpagofito-ortosifon-y-sauce\\\/#breadcrumb\"},\"inLanguage\":\"en-GB\",\"potentialAction\":[{\"@type\":\"ReadAction\",\"target\":[\"https:\\\/\\\/saludsostenible.es\\\/product\\\/harpasul-forte-monodosis-harpagofito-ortosifon-y-sauce\\\/\"]}]},{\"@type\":\"ImageObject\",\"inLanguage\":\"en-GB\",\"@id\":\"https:\\\/\\\/saludsostenible.es\\\/product\\\/harpasul-forte-monodosis-harpagofito-ortosifon-y-sauce\\\/#primaryimage\",\"url\":\"https:\\\/\\\/saludsostenible.es\\\/wp-content\\\/uploads\\\/2025\\\/09\\\/harpasul-forte-monodosis-harpagofito-ortosifon-y-sauce.jpg\",\"contentUrl\":\"https:\\\/\\\/saludsostenible.es\\\/wp-content\\\/uploads\\\/2025\\\/09\\\/harpasul-forte-monodosis-harpagofito-ortosifon-y-sauce.jpg\",\"width\":800,\"height\":800},{\"@type\":\"BreadcrumbList\",\"@id\":\"https:\\\/\\\/saludsostenible.es\\\/product\\\/harpasul-forte-monodosis-harpagofito-ortosifon-y-sauce\\\/#breadcrumb\",\"itemListElement\":[{\"@type\":\"ListItem\",\"position\":1,\"name\":\"Home\",\"item\":\"https:\\\/\\\/saludsostenible.es\\\/\"},{\"@type\":\"ListItem\",\"position\":2,\"name\":\"Tienda\",\"item\":\"https:\\\/\\\/saludsostenible.es\\\/tienda\\\/\"},{\"@type\":\"ListItem\",\"position\":3,\"name\":\"HARPASUL FORTE MONODOSIS (Harpagofito, Ortosif\u00f3n y Sauce)\"}]},{\"@type\":\"WebSite\",\"@id\":\"https:\\\/\\\/saludsostenible.es\\\/#website\",\"url\":\"https:\\\/\\\/saludsostenible.es\\\/\",\"name\":\"Salud Sostenible Beauty & Longevity\",\"description\":\"Plataforma de consulta online y acceso a especialistas privados: salud integrativa, beauty y longevidad. Inicia tu perfil de salud metab\u00f3lica.\",\"publisher\":{\"@id\":\"https:\\\/\\\/saludsostenible.es\\\/#organization\"},\"alternateName\":\"Salud Sostenible\",\"potentialAction\":[{\"@type\":\"SearchAction\",\"target\":{\"@type\":\"EntryPoint\",\"urlTemplate\":\"https:\\\/\\\/saludsostenible.es\\\/?s={search_term_string}\"},\"query-input\":{\"@type\":\"PropertyValueSpecification\",\"valueRequired\":true,\"valueName\":\"search_term_string\"}}],\"inLanguage\":\"en-GB\"},{\"@type\":\"Organization\",\"@id\":\"https:\\\/\\\/saludsostenible.es\\\/#organization\",\"name\":\"Salud Sostenible by Fabrice Lef\u00e8vre Institute\",\"alternateName\":\"Osteopat\u00eda en Barcelona, Madrid y Marbella\",\"url\":\"https:\\\/\\\/saludsostenible.es\\\/\",\"logo\":{\"@type\":\"ImageObject\",\"inLanguage\":\"en-GB\",\"@id\":\"https:\\\/\\\/saludsostenible.es\\\/#\\\/schema\\\/logo\\\/image\\\/\",\"url\":\"https:\\\/\\\/saludsostenible.es\\\/wp-content\\\/uploads\\\/2024\\\/08\\\/probodyone-blog.jpg\",\"contentUrl\":\"https:\\\/\\\/saludsostenible.es\\\/wp-content\\\/uploads\\\/2024\\\/08\\\/probodyone-blog.jpg\",\"width\":1600,\"height\":550,\"caption\":\"Salud Sostenible by Fabrice Lef\u00e8vre Institute\"},\"image\":{\"@id\":\"https:\\\/\\\/saludsostenible.es\\\/#\\\/schema\\\/logo\\\/image\\\/\"},\"sameAs\":[\"https:\\\/\\\/www.facebook.com\\\/ProbodyoneBarcelona\",\"https:\\\/\\\/x.com\\\/probodyone\",\"https:\\\/\\\/www.youtube.com\\\/@Probodyone\\\/videos\"]}]}<\/script>\n<!-- \/ Yoast SEO Premium plugin. -->","yoast_head_json":{"title":"HARPASUL FORTE MONODOSIS (Harpagofito, Ortosif\u00f3n y Sauce) - Salud Sostenible by Fabrice Lef&egrave;vre Institute","robots":{"index":"index","follow":"follow","max-snippet":"max-snippet:-1","max-image-preview":"max-image-preview:large","max-video-preview":"max-video-preview:-1"},"canonical":"https:\/\/saludsostenible.es\/en\/product\/harpasul-forte-monodosis-harpagofito-ortosifon-y-sauce\/","og_locale":"en_GB","og_type":"article","og_title":"HARPASUL FORTE MONODOSIS (Harpagofito, Ortosif\u00f3n y Sauce)","og_description":"HARPASUL FORTE MONODOSIS es un complemento alimenticio l\u00edquido en pr\u00e1cticos viales, formulado a base de extractos estandarizados de plantas medicinales como el harpagofito, el ortosif\u00f3n y el sauce blanco, reconocidas por sus propiedades antiinflamatorias, depurativas y analg\u00e9sicas. Su presentaci\u00f3n monodosis facilita la toma y garantiza una absorci\u00f3n r\u00e1pida y eficaz.","og_url":"https:\/\/saludsostenible.es\/en\/product\/harpasul-forte-monodosis-harpagofito-ortosifon-y-sauce\/","og_site_name":"Salud Sostenible by Fabrice Lef&egrave;vre Institute","article_publisher":"https:\/\/www.facebook.com\/ProbodyoneBarcelona","article_modified_time":"2025-09-10T20:17:08+00:00","og_image":[{"width":800,"height":800,"url":"https:\/\/saludsostenible.es\/wp-content\/uploads\/2025\/09\/harpasul-forte-monodosis-harpagofito-ortosifon-y-sauce.jpg","type":"image\/jpeg"}],"twitter_card":"summary_large_image","twitter_site":"@probodyone","twitter_misc":{"Estimated reading time":"1 minute"},"schema":{"@context":"https:\/\/schema.org","@graph":[{"@type":"WebPage","@id":"https:\/\/saludsostenible.es\/product\/harpasul-forte-monodosis-harpagofito-ortosifon-y-sauce\/","url":"https:\/\/saludsostenible.es\/product\/harpasul-forte-monodosis-harpagofito-ortosifon-y-sauce\/","name":"HARPASUL FORTE MONODOSIS (Harpagofito, Ortosif\u00f3n y Sauce) - Salud Sostenible by Fabrice Lef&egrave;vre Institute","isPartOf":{"@id":"https:\/\/saludsostenible.es\/#website"},"primaryImageOfPage":{"@id":"https:\/\/saludsostenible.es\/product\/harpasul-forte-monodosis-harpagofito-ortosifon-y-sauce\/#primaryimage"},"image":{"@id":"https:\/\/saludsostenible.es\/product\/harpasul-forte-monodosis-harpagofito-ortosifon-y-sauce\/#primaryimage"},"thumbnailUrl":"https:\/\/saludsostenible.es\/wp-content\/uploads\/2025\/09\/harpasul-forte-monodosis-harpagofito-ortosifon-y-sauce.jpg","datePublished":"2025-09-10T20:17:01+00:00","dateModified":"2025-09-10T20:17:08+00:00","breadcrumb":{"@id":"https:\/\/saludsostenible.es\/product\/harpasul-forte-monodosis-harpagofito-ortosifon-y-sauce\/#breadcrumb"},"inLanguage":"en-GB","potentialAction":[{"@type":"ReadAction","target":["https:\/\/saludsostenible.es\/product\/harpasul-forte-monodosis-harpagofito-ortosifon-y-sauce\/"]}]},{"@type":"ImageObject","inLanguage":"en-GB","@id":"https:\/\/saludsostenible.es\/product\/harpasul-forte-monodosis-harpagofito-ortosifon-y-sauce\/#primaryimage","url":"https:\/\/saludsostenible.es\/wp-content\/uploads\/2025\/09\/harpasul-forte-monodosis-harpagofito-ortosifon-y-sauce.jpg","contentUrl":"https:\/\/saludsostenible.es\/wp-content\/uploads\/2025\/09\/harpasul-forte-monodosis-harpagofito-ortosifon-y-sauce.jpg","width":800,"height":800},{"@type":"BreadcrumbList","@id":"https:\/\/saludsostenible.es\/product\/harpasul-forte-monodosis-harpagofito-ortosifon-y-sauce\/#breadcrumb","itemListElement":[{"@type":"ListItem","position":1,"name":"Home","item":"https:\/\/saludsostenible.es\/"},{"@type":"ListItem","position":2,"name":"Tienda","item":"https:\/\/saludsostenible.es\/tienda\/"},{"@type":"ListItem","position":3,"name":"HARPASUL FORTE MONODOSIS (Harpagofito, Ortosif\u00f3n y Sauce)"}]},{"@type":"WebSite","@id":"https:\/\/saludsostenible.es\/#website","url":"https:\/\/saludsostenible.es\/","name":"Salud Sostenible Beauty & Longevity","description":"Plataforma de consulta online y acceso a especialistas privados: salud integrativa, beauty y longevidad. Inicia tu perfil de salud metab\u00f3lica.","publisher":{"@id":"https:\/\/saludsostenible.es\/#organization"},"alternateName":"Salud Sostenible","potentialAction":[{"@type":"SearchAction","target":{"@type":"EntryPoint","urlTemplate":"https:\/\/saludsostenible.es\/?s={search_term_string}"},"query-input":{"@type":"PropertyValueSpecification","valueRequired":true,"valueName":"search_term_string"}}],"inLanguage":"en-GB"},{"@type":"Organization","@id":"https:\/\/saludsostenible.es\/#organization","name":"Salud Sostenible by Fabrice Lef\u00e8vre Institute","alternateName":"Osteopat\u00eda en Barcelona, Madrid y Marbella","url":"https:\/\/saludsostenible.es\/","logo":{"@type":"ImageObject","inLanguage":"en-GB","@id":"https:\/\/saludsostenible.es\/#\/schema\/logo\/image\/","url":"https:\/\/saludsostenible.es\/wp-content\/uploads\/2024\/08\/probodyone-blog.jpg","contentUrl":"https:\/\/saludsostenible.es\/wp-content\/uploads\/2024\/08\/probodyone-blog.jpg","width":1600,"height":550,"caption":"Salud Sostenible by Fabrice Lef\u00e8vre Institute"},"image":{"@id":"https:\/\/saludsostenible.es\/#\/schema\/logo\/image\/"},"sameAs":["https:\/\/www.facebook.com\/ProbodyoneBarcelona","https:\/\/x.com\/probodyone","https:\/\/www.youtube.com\/@Probodyone\/videos"]}]}},"_links":{"self":[{"href":"https:\/\/saludsostenible.es\/en\/wp-json\/wp\/v2\/product\/501300","targetHints":{"allow":["GET"]}}],"collection":[{"href":"https:\/\/saludsostenible.es\/en\/wp-json\/wp\/v2\/product"}],"about":[{"href":"https:\/\/saludsostenible.es\/en\/wp-json\/wp\/v2\/types\/product"}],"wp:featuredmedia":[{"embeddable":true,"href":"https:\/\/saludsostenible.es\/en\/wp-json\/wp\/v2\/media\/501301"}],"wp:attachment":[{"href":"https:\/\/saludsostenible.es\/en\/wp-json\/wp\/v2\/media?parent=501300"}],"wp:term":[{"taxonomy":"product_brand","embeddable":true,"href":"https:\/\/saludsostenible.es\/en\/wp-json\/wp\/v2\/product_brand?post=501300"},{"taxonomy":"product_cat","embeddable":true,"href":"https:\/\/saludsostenible.es\/en\/wp-json\/wp\/v2\/product_cat?post=501300"},{"taxonomy":"product_tag","embeddable":true,"href":"https:\/\/saludsostenible.es\/en\/wp-json\/wp\/v2\/product_tag?post=501300"}],"curies":[{"name":"wp","href":"https:\/\/api.w.org\/{rel}","templated":true}]}}