{"id":501310,"date":"2025-09-10T20:17:01","date_gmt":"2025-09-10T20:17:01","guid":{"rendered":"https:\/\/saludsostenible.es\/product\/silicio-complex-ortosilicico-estabilizado\/"},"modified":"2025-09-10T20:17:13","modified_gmt":"2025-09-10T20:17:13","slug":"silicio-complex-ortosilicico-estabilizado","status":"publish","type":"product","link":"https:\/\/saludsostenible.es\/en\/product\/silicio-complex-ortosilicico-estabilizado\/","title":{"rendered":"SILICIO COMPLEX (Ortosil\u00edcico estabilizado)"},"content":{"rendered":"<p>INDICACIONES<br \/>\nFavorece la producci\u00f3n natural de col\u00e1geno.<br \/>\nContribuye a la salud de piel, u\u00f1as y cabello.<br \/>\nApoya la estructura de huesos y articulaciones.<br \/>\nAyuda en procesos de regeneraci\u00f3n de tejidos conectivos.<br \/>\nMejora la elasticidad y firmeza de la piel.<br \/>\nINGREDIENTES<br \/>\nDiluyente agua, sulfato de glucosamina (origen crust\u00e1ceos), \u00e1cido ortosil\u00edcico estabilizado con colina (Silicio), zumo concentrado de frutos de Grosellero negro\u00a0(Ribes nigrum L.), metil sulfonil metano (MSM), zumo concentrado de frutos de Lim\u00f3n\u00a0(Citrus medica limon L.), conservante sorbato pot\u00e1sico, \u00e1cido hialur\u00f3nico, edulcorante sucralosa, conservante benzoato s\u00f3dico.<br \/>\nMODO DE USO<br \/>\nTomar 30 ml al d\u00eda (un vasito dosificador), por la ma\u00f1ana y en ayunas.<br \/>\nPRECAUCIONES<br \/>\nNo superar la dosis diaria recomendada.<br \/>\nMantener fuera del alcance de los ni\u00f1os m\u00e1s peque\u00f1os.<br \/>\nLos complementos alimenticios no deben utilizarse como sustitutos de una dieta variada y equilibrada y un estilo de vida saludable.<br \/>\nNo debe ser consumido por mujeres embarazadas o en per\u00edodo de lactancia, ni por ni\u00f1os ni por adolescentes.<br \/>\nContiene un producto a base de crust\u00e1ceos.<br \/>\nCONDICIONES DE CONSERVACI\u00d3N: Ambiente fresco y seco.\u00a0Una vez abierto, conservar en el frigor\u00edfico.<br \/>\nVITAMINA D3  4.000 U.I. (Colecalciferol)<\/p>","protected":false},"excerpt":{"rendered":"<p>Silicio Complex es un complemento alimenticio a base de \u00e1cido ortosil\u00edcico estabilizado con colina, una forma biodisponible de silicio que contribuye al mantenimiento de la piel, cabello, u\u00f1as, huesos y articulaciones. El silicio es un mineral esencial para la s\u00edntesis del col\u00e1geno y el tejido conectivo.<\/p>","protected":false},"featured_media":501311,"template":"","meta":[],"product_brand":[191],"product_cat":[284,252,205,192,264,251,280,275,262],"product_tag":[],"class_list":{"0":"post-501310","1":"product","2":"type-product","3":"status-publish","4":"has-post-thumbnail","6":"product_brand-natysal","7":"product_cat-equilibrio-acido-desmineralizado","8":"product_cat-huesos-articulaciones-musculos","9":"product_cat-longevity","10":"product_cat-natysal","11":"product_cat-nutricosmetica","12":"product_cat-piel-unas-cabello","13":"product_cat-salud-antiinflamatoria","14":"product_cat-suplementos-longevity","15":"product_cat-suplementos-micronutricionales","16":"product_shipping_class-producto-fisico","18":"first","19":"instock","20":"purchasable","21":"product-type-simple"},"yoast_head":"<!-- This site is optimized with the Yoast SEO Premium plugin v22.9 (Yoast SEO v27.6) - https:\/\/yoast.com\/product\/yoast-seo-premium-wordpress\/ -->\n<title>SILICIO COMPLEX (Ortosil\u00edcico estabilizado) - Salud Sostenible by Fabrice Lef&egrave;vre Institute<\/title>\n<meta name=\"robots\" content=\"index, follow, max-snippet:-1, max-image-preview:large, max-video-preview:-1\" \/>\n<link rel=\"canonical\" href=\"https:\/\/saludsostenible.es\/en\/product\/silicio-complex-ortosilicico-estabilizado\/\" \/>\n<meta property=\"og:locale\" content=\"en_GB\" \/>\n<meta property=\"og:type\" content=\"article\" \/>\n<meta property=\"og:title\" content=\"SILICIO COMPLEX (Ortosil\u00edcico estabilizado)\" \/>\n<meta property=\"og:description\" content=\"Silicio Complex es un complemento alimenticio a base de \u00e1cido ortosil\u00edcico estabilizado con colina, una forma biodisponible de silicio que contribuye al mantenimiento de la piel, cabello, u\u00f1as, huesos y articulaciones. El silicio es un mineral esencial para la s\u00edntesis del col\u00e1geno y el tejido conectivo.\" \/>\n<meta property=\"og:url\" content=\"https:\/\/saludsostenible.es\/en\/product\/silicio-complex-ortosilicico-estabilizado\/\" \/>\n<meta property=\"og:site_name\" content=\"Salud Sostenible by Fabrice Lef&egrave;vre Institute\" \/>\n<meta property=\"article:publisher\" content=\"https:\/\/www.facebook.com\/ProbodyoneBarcelona\" \/>\n<meta property=\"article:modified_time\" content=\"2025-09-10T20:17:13+00:00\" \/>\n<meta property=\"og:image\" content=\"https:\/\/saludsostenible.es\/wp-content\/uploads\/2025\/09\/silicio-complex-ortosilicico-estabilizado.jpg\" \/>\n\t<meta property=\"og:image:width\" content=\"800\" \/>\n\t<meta property=\"og:image:height\" content=\"800\" \/>\n\t<meta property=\"og:image:type\" content=\"image\/jpeg\" \/>\n<meta name=\"twitter:card\" content=\"summary_large_image\" \/>\n<meta name=\"twitter:site\" content=\"@probodyone\" \/>\n<meta name=\"twitter:label1\" content=\"Estimated reading time\" \/>\n\t<meta name=\"twitter:data1\" content=\"1 minute\" \/>\n<script type=\"application\/ld+json\" class=\"yoast-schema-graph\">{\"@context\":\"https:\\\/\\\/schema.org\",\"@graph\":[{\"@type\":\"WebPage\",\"@id\":\"https:\\\/\\\/saludsostenible.es\\\/product\\\/silicio-complex-ortosilicico-estabilizado\\\/\",\"url\":\"https:\\\/\\\/saludsostenible.es\\\/product\\\/silicio-complex-ortosilicico-estabilizado\\\/\",\"name\":\"SILICIO COMPLEX (Ortosil\u00edcico estabilizado) - Salud Sostenible by Fabrice Lef&egrave;vre Institute\",\"isPartOf\":{\"@id\":\"https:\\\/\\\/saludsostenible.es\\\/#website\"},\"primaryImageOfPage\":{\"@id\":\"https:\\\/\\\/saludsostenible.es\\\/product\\\/silicio-complex-ortosilicico-estabilizado\\\/#primaryimage\"},\"image\":{\"@id\":\"https:\\\/\\\/saludsostenible.es\\\/product\\\/silicio-complex-ortosilicico-estabilizado\\\/#primaryimage\"},\"thumbnailUrl\":\"https:\\\/\\\/saludsostenible.es\\\/wp-content\\\/uploads\\\/2025\\\/09\\\/silicio-complex-ortosilicico-estabilizado.jpg\",\"datePublished\":\"2025-09-10T20:17:01+00:00\",\"dateModified\":\"2025-09-10T20:17:13+00:00\",\"breadcrumb\":{\"@id\":\"https:\\\/\\\/saludsostenible.es\\\/product\\\/silicio-complex-ortosilicico-estabilizado\\\/#breadcrumb\"},\"inLanguage\":\"en-GB\",\"potentialAction\":[{\"@type\":\"ReadAction\",\"target\":[\"https:\\\/\\\/saludsostenible.es\\\/product\\\/silicio-complex-ortosilicico-estabilizado\\\/\"]}]},{\"@type\":\"ImageObject\",\"inLanguage\":\"en-GB\",\"@id\":\"https:\\\/\\\/saludsostenible.es\\\/product\\\/silicio-complex-ortosilicico-estabilizado\\\/#primaryimage\",\"url\":\"https:\\\/\\\/saludsostenible.es\\\/wp-content\\\/uploads\\\/2025\\\/09\\\/silicio-complex-ortosilicico-estabilizado.jpg\",\"contentUrl\":\"https:\\\/\\\/saludsostenible.es\\\/wp-content\\\/uploads\\\/2025\\\/09\\\/silicio-complex-ortosilicico-estabilizado.jpg\",\"width\":800,\"height\":800},{\"@type\":\"BreadcrumbList\",\"@id\":\"https:\\\/\\\/saludsostenible.es\\\/product\\\/silicio-complex-ortosilicico-estabilizado\\\/#breadcrumb\",\"itemListElement\":[{\"@type\":\"ListItem\",\"position\":1,\"name\":\"Home\",\"item\":\"https:\\\/\\\/saludsostenible.es\\\/\"},{\"@type\":\"ListItem\",\"position\":2,\"name\":\"Tienda\",\"item\":\"https:\\\/\\\/saludsostenible.es\\\/tienda\\\/\"},{\"@type\":\"ListItem\",\"position\":3,\"name\":\"SILICIO COMPLEX (Ortosil\u00edcico estabilizado)\"}]},{\"@type\":\"WebSite\",\"@id\":\"https:\\\/\\\/saludsostenible.es\\\/#website\",\"url\":\"https:\\\/\\\/saludsostenible.es\\\/\",\"name\":\"Salud Sostenible Beauty & Longevity\",\"description\":\"Plataforma de consulta online y acceso a especialistas privados: salud integrativa, beauty y longevidad. Inicia tu perfil de salud metab\u00f3lica.\",\"publisher\":{\"@id\":\"https:\\\/\\\/saludsostenible.es\\\/#organization\"},\"alternateName\":\"Salud Sostenible\",\"potentialAction\":[{\"@type\":\"SearchAction\",\"target\":{\"@type\":\"EntryPoint\",\"urlTemplate\":\"https:\\\/\\\/saludsostenible.es\\\/?s={search_term_string}\"},\"query-input\":{\"@type\":\"PropertyValueSpecification\",\"valueRequired\":true,\"valueName\":\"search_term_string\"}}],\"inLanguage\":\"en-GB\"},{\"@type\":\"Organization\",\"@id\":\"https:\\\/\\\/saludsostenible.es\\\/#organization\",\"name\":\"Salud Sostenible by Fabrice Lef\u00e8vre Institute\",\"alternateName\":\"Osteopat\u00eda en Barcelona, Madrid y Marbella\",\"url\":\"https:\\\/\\\/saludsostenible.es\\\/\",\"logo\":{\"@type\":\"ImageObject\",\"inLanguage\":\"en-GB\",\"@id\":\"https:\\\/\\\/saludsostenible.es\\\/#\\\/schema\\\/logo\\\/image\\\/\",\"url\":\"https:\\\/\\\/saludsostenible.es\\\/wp-content\\\/uploads\\\/2024\\\/08\\\/probodyone-blog.jpg\",\"contentUrl\":\"https:\\\/\\\/saludsostenible.es\\\/wp-content\\\/uploads\\\/2024\\\/08\\\/probodyone-blog.jpg\",\"width\":1600,\"height\":550,\"caption\":\"Salud Sostenible by Fabrice Lef\u00e8vre Institute\"},\"image\":{\"@id\":\"https:\\\/\\\/saludsostenible.es\\\/#\\\/schema\\\/logo\\\/image\\\/\"},\"sameAs\":[\"https:\\\/\\\/www.facebook.com\\\/ProbodyoneBarcelona\",\"https:\\\/\\\/x.com\\\/probodyone\",\"https:\\\/\\\/www.youtube.com\\\/@Probodyone\\\/videos\"]}]}<\/script>\n<!-- \/ Yoast SEO Premium plugin. -->","yoast_head_json":{"title":"SILICIO COMPLEX (Ortosil\u00edcico estabilizado) - Salud Sostenible by Fabrice Lef&egrave;vre Institute","robots":{"index":"index","follow":"follow","max-snippet":"max-snippet:-1","max-image-preview":"max-image-preview:large","max-video-preview":"max-video-preview:-1"},"canonical":"https:\/\/saludsostenible.es\/en\/product\/silicio-complex-ortosilicico-estabilizado\/","og_locale":"en_GB","og_type":"article","og_title":"SILICIO COMPLEX (Ortosil\u00edcico estabilizado)","og_description":"Silicio Complex es un complemento alimenticio a base de \u00e1cido ortosil\u00edcico estabilizado con colina, una forma biodisponible de silicio que contribuye al mantenimiento de la piel, cabello, u\u00f1as, huesos y articulaciones. El silicio es un mineral esencial para la s\u00edntesis del col\u00e1geno y el tejido conectivo.","og_url":"https:\/\/saludsostenible.es\/en\/product\/silicio-complex-ortosilicico-estabilizado\/","og_site_name":"Salud Sostenible by Fabrice Lef&egrave;vre Institute","article_publisher":"https:\/\/www.facebook.com\/ProbodyoneBarcelona","article_modified_time":"2025-09-10T20:17:13+00:00","og_image":[{"width":800,"height":800,"url":"https:\/\/saludsostenible.es\/wp-content\/uploads\/2025\/09\/silicio-complex-ortosilicico-estabilizado.jpg","type":"image\/jpeg"}],"twitter_card":"summary_large_image","twitter_site":"@probodyone","twitter_misc":{"Estimated reading time":"1 minute"},"schema":{"@context":"https:\/\/schema.org","@graph":[{"@type":"WebPage","@id":"https:\/\/saludsostenible.es\/product\/silicio-complex-ortosilicico-estabilizado\/","url":"https:\/\/saludsostenible.es\/product\/silicio-complex-ortosilicico-estabilizado\/","name":"SILICIO COMPLEX (Ortosil\u00edcico estabilizado) - Salud Sostenible by Fabrice Lef&egrave;vre Institute","isPartOf":{"@id":"https:\/\/saludsostenible.es\/#website"},"primaryImageOfPage":{"@id":"https:\/\/saludsostenible.es\/product\/silicio-complex-ortosilicico-estabilizado\/#primaryimage"},"image":{"@id":"https:\/\/saludsostenible.es\/product\/silicio-complex-ortosilicico-estabilizado\/#primaryimage"},"thumbnailUrl":"https:\/\/saludsostenible.es\/wp-content\/uploads\/2025\/09\/silicio-complex-ortosilicico-estabilizado.jpg","datePublished":"2025-09-10T20:17:01+00:00","dateModified":"2025-09-10T20:17:13+00:00","breadcrumb":{"@id":"https:\/\/saludsostenible.es\/product\/silicio-complex-ortosilicico-estabilizado\/#breadcrumb"},"inLanguage":"en-GB","potentialAction":[{"@type":"ReadAction","target":["https:\/\/saludsostenible.es\/product\/silicio-complex-ortosilicico-estabilizado\/"]}]},{"@type":"ImageObject","inLanguage":"en-GB","@id":"https:\/\/saludsostenible.es\/product\/silicio-complex-ortosilicico-estabilizado\/#primaryimage","url":"https:\/\/saludsostenible.es\/wp-content\/uploads\/2025\/09\/silicio-complex-ortosilicico-estabilizado.jpg","contentUrl":"https:\/\/saludsostenible.es\/wp-content\/uploads\/2025\/09\/silicio-complex-ortosilicico-estabilizado.jpg","width":800,"height":800},{"@type":"BreadcrumbList","@id":"https:\/\/saludsostenible.es\/product\/silicio-complex-ortosilicico-estabilizado\/#breadcrumb","itemListElement":[{"@type":"ListItem","position":1,"name":"Home","item":"https:\/\/saludsostenible.es\/"},{"@type":"ListItem","position":2,"name":"Tienda","item":"https:\/\/saludsostenible.es\/tienda\/"},{"@type":"ListItem","position":3,"name":"SILICIO COMPLEX (Ortosil\u00edcico estabilizado)"}]},{"@type":"WebSite","@id":"https:\/\/saludsostenible.es\/#website","url":"https:\/\/saludsostenible.es\/","name":"Salud Sostenible Beauty & Longevity","description":"Plataforma de consulta online y acceso a especialistas privados: salud integrativa, beauty y longevidad. Inicia tu perfil de salud metab\u00f3lica.","publisher":{"@id":"https:\/\/saludsostenible.es\/#organization"},"alternateName":"Salud Sostenible","potentialAction":[{"@type":"SearchAction","target":{"@type":"EntryPoint","urlTemplate":"https:\/\/saludsostenible.es\/?s={search_term_string}"},"query-input":{"@type":"PropertyValueSpecification","valueRequired":true,"valueName":"search_term_string"}}],"inLanguage":"en-GB"},{"@type":"Organization","@id":"https:\/\/saludsostenible.es\/#organization","name":"Salud Sostenible by Fabrice Lef\u00e8vre Institute","alternateName":"Osteopat\u00eda en Barcelona, Madrid y Marbella","url":"https:\/\/saludsostenible.es\/","logo":{"@type":"ImageObject","inLanguage":"en-GB","@id":"https:\/\/saludsostenible.es\/#\/schema\/logo\/image\/","url":"https:\/\/saludsostenible.es\/wp-content\/uploads\/2024\/08\/probodyone-blog.jpg","contentUrl":"https:\/\/saludsostenible.es\/wp-content\/uploads\/2024\/08\/probodyone-blog.jpg","width":1600,"height":550,"caption":"Salud Sostenible by Fabrice Lef\u00e8vre Institute"},"image":{"@id":"https:\/\/saludsostenible.es\/#\/schema\/logo\/image\/"},"sameAs":["https:\/\/www.facebook.com\/ProbodyoneBarcelona","https:\/\/x.com\/probodyone","https:\/\/www.youtube.com\/@Probodyone\/videos"]}]}},"_links":{"self":[{"href":"https:\/\/saludsostenible.es\/en\/wp-json\/wp\/v2\/product\/501310","targetHints":{"allow":["GET"]}}],"collection":[{"href":"https:\/\/saludsostenible.es\/en\/wp-json\/wp\/v2\/product"}],"about":[{"href":"https:\/\/saludsostenible.es\/en\/wp-json\/wp\/v2\/types\/product"}],"wp:featuredmedia":[{"embeddable":true,"href":"https:\/\/saludsostenible.es\/en\/wp-json\/wp\/v2\/media\/501311"}],"wp:attachment":[{"href":"https:\/\/saludsostenible.es\/en\/wp-json\/wp\/v2\/media?parent=501310"}],"wp:term":[{"taxonomy":"product_brand","embeddable":true,"href":"https:\/\/saludsostenible.es\/en\/wp-json\/wp\/v2\/product_brand?post=501310"},{"taxonomy":"product_cat","embeddable":true,"href":"https:\/\/saludsostenible.es\/en\/wp-json\/wp\/v2\/product_cat?post=501310"},{"taxonomy":"product_tag","embeddable":true,"href":"https:\/\/saludsostenible.es\/en\/wp-json\/wp\/v2\/product_tag?post=501310"}],"curies":[{"name":"wp","href":"https:\/\/api.w.org\/{rel}","templated":true}]}}