{"id":501314,"date":"2025-09-10T20:17:01","date_gmt":"2025-09-10T20:17:01","guid":{"rendered":"https:\/\/saludsostenible.es\/product\/ginkgosul-6-000-mg\/"},"modified":"2025-09-10T20:17:15","modified_gmt":"2025-09-10T20:17:15","slug":"ginkgosul-6-000-mg","status":"publish","type":"product","link":"https:\/\/saludsostenible.es\/en\/product\/ginkgosul-6-000-mg\/","title":{"rendered":"GINKGOSUL 6.000 Mg."},"content":{"rendered":"<p>INDICACIONES<br \/>\nEstimulaci\u00f3n de la circulaci\u00f3n sangu\u00ednea, especialmente en microvasos perif\u00e9ricos<br \/>\nAcci\u00f3n neuroprotectora y cognitiva: contribuye a mejorar memoria, atenci\u00f3n y concentraci\u00f3n<br \/>\nEfecto antiinflamatorio, antioxidante y antitromb\u00f3tico vinculado a flavonglic\u00f3sidos y lactonas terp\u00e9nicas del Ginkgo<br \/>\nINGREDIENTES<br \/>\nAgente de carga isomaltosa, extracto seco estandarizado de hojas de Ginkgo\u00a0(Ginkgo biloba L.), con un 24% de flavonglic\u00f3sidos, un 6% de lactonas terp\u00e9nicas y ratio 50:1, agente de carga hidroxipropilmetilcelulosa, antiaglomerante estearato magn\u00e9sico vegetal.<br \/>\nMODO DE USO<br \/>\nTomar 1 comprimido al d\u00eda.<br \/>\nPRECAUCIONES<br \/>\nNo superar la dosis diaria recomendada.<br \/>\nLos complementos alimenticios no deben utilizarse como sustitutos de una dieta variada y equilibrada y un estilo de vida saludable.<br \/>\nUn consumo excesivo puede producir efectos laxantes.<br \/>\nMantener fuera del alcance de los ni\u00f1os m\u00e1s peque\u00f1os.<br \/>\nConsulte a su m\u00e9dico en caso de toma simult\u00e1nea con anticoagulantes o antiagregantes plaquetarios.<br \/>\nNo se recomienda utilizar este producto durante el embarazo y la lactancia.<br \/>\nCONDICIONES DE CONSERVACI\u00d3N Ambiente fresco y seco.<br \/>\nLEVACOL<\/p>","protected":false},"excerpt":{"rendered":"<p>Complemento alimenticio en comprimidos de liberaci\u00f3n sostenida, formulado a base de extracto seco estandarizado de hojas de Ginkgo biloba, con ratio 50:1 (equivale a 6\u202f000\u202fmg de planta por comprimido). Dise\u00f1ado para mejorar la microcirculaci\u00f3n y apoyar la funci\u00f3n cognitiva.<\/p>","protected":false},"featured_media":501315,"template":"","meta":[],"product_brand":[191],"product_cat":[277,253,255,192,283,262],"product_tag":[],"class_list":{"0":"post-501314","1":"product","2":"type-product","3":"status-publish","4":"has-post-thumbnail","6":"product_brand-natysal","7":"product_cat-antioxidantes-estres-oxidativo","8":"product_cat-inmunidad-antioxidantes","9":"product_cat-cardiovascular-metabolico","10":"product_cat-natysal","11":"product_cat-salud-cognitiva-concentracion-memoria","12":"product_cat-suplementos-micronutricionales","13":"product_shipping_class-producto-fisico","15":"first","16":"instock","17":"purchasable","18":"product-type-simple"},"yoast_head":"<!-- This site is optimized with the Yoast SEO Premium plugin v22.9 (Yoast SEO v27.6) - https:\/\/yoast.com\/product\/yoast-seo-premium-wordpress\/ -->\n<title>GINKGOSUL 6.000 Mg. - Salud Sostenible by Fabrice Lef&egrave;vre Institute<\/title>\n<meta name=\"robots\" content=\"index, follow, max-snippet:-1, max-image-preview:large, max-video-preview:-1\" \/>\n<link rel=\"canonical\" href=\"https:\/\/saludsostenible.es\/en\/product\/ginkgosul-6-000-mg\/\" \/>\n<meta property=\"og:locale\" content=\"en_GB\" \/>\n<meta property=\"og:type\" content=\"article\" \/>\n<meta property=\"og:title\" content=\"GINKGOSUL 6.000 Mg.\" \/>\n<meta property=\"og:description\" content=\"Complemento alimenticio en comprimidos de liberaci\u00f3n sostenida, formulado a base de extracto seco estandarizado de hojas de Ginkgo biloba, con ratio 50:1 (equivale a 6\u202f000\u202fmg de planta por comprimido). Dise\u00f1ado para mejorar la microcirculaci\u00f3n y apoyar la funci\u00f3n cognitiva.\" \/>\n<meta property=\"og:url\" content=\"https:\/\/saludsostenible.es\/en\/product\/ginkgosul-6-000-mg\/\" \/>\n<meta property=\"og:site_name\" content=\"Salud Sostenible by Fabrice Lef&egrave;vre Institute\" \/>\n<meta property=\"article:publisher\" content=\"https:\/\/www.facebook.com\/ProbodyoneBarcelona\" \/>\n<meta property=\"article:modified_time\" content=\"2025-09-10T20:17:15+00:00\" \/>\n<meta property=\"og:image\" content=\"https:\/\/saludsostenible.es\/wp-content\/uploads\/2025\/09\/ginkgosul-6000-mg.jpg\" \/>\n\t<meta property=\"og:image:width\" content=\"800\" \/>\n\t<meta property=\"og:image:height\" content=\"800\" \/>\n\t<meta property=\"og:image:type\" content=\"image\/jpeg\" \/>\n<meta name=\"twitter:card\" content=\"summary_large_image\" \/>\n<meta name=\"twitter:site\" content=\"@probodyone\" \/>\n<meta name=\"twitter:label1\" content=\"Estimated reading time\" \/>\n\t<meta name=\"twitter:data1\" content=\"1 minute\" \/>\n<script type=\"application\/ld+json\" class=\"yoast-schema-graph\">{\"@context\":\"https:\\\/\\\/schema.org\",\"@graph\":[{\"@type\":\"WebPage\",\"@id\":\"https:\\\/\\\/saludsostenible.es\\\/product\\\/ginkgosul-6-000-mg\\\/\",\"url\":\"https:\\\/\\\/saludsostenible.es\\\/product\\\/ginkgosul-6-000-mg\\\/\",\"name\":\"GINKGOSUL 6.000 Mg. - Salud Sostenible by Fabrice Lef&egrave;vre Institute\",\"isPartOf\":{\"@id\":\"https:\\\/\\\/saludsostenible.es\\\/#website\"},\"primaryImageOfPage\":{\"@id\":\"https:\\\/\\\/saludsostenible.es\\\/product\\\/ginkgosul-6-000-mg\\\/#primaryimage\"},\"image\":{\"@id\":\"https:\\\/\\\/saludsostenible.es\\\/product\\\/ginkgosul-6-000-mg\\\/#primaryimage\"},\"thumbnailUrl\":\"https:\\\/\\\/saludsostenible.es\\\/wp-content\\\/uploads\\\/2025\\\/09\\\/ginkgosul-6000-mg.jpg\",\"datePublished\":\"2025-09-10T20:17:01+00:00\",\"dateModified\":\"2025-09-10T20:17:15+00:00\",\"breadcrumb\":{\"@id\":\"https:\\\/\\\/saludsostenible.es\\\/product\\\/ginkgosul-6-000-mg\\\/#breadcrumb\"},\"inLanguage\":\"en-GB\",\"potentialAction\":[{\"@type\":\"ReadAction\",\"target\":[\"https:\\\/\\\/saludsostenible.es\\\/product\\\/ginkgosul-6-000-mg\\\/\"]}]},{\"@type\":\"ImageObject\",\"inLanguage\":\"en-GB\",\"@id\":\"https:\\\/\\\/saludsostenible.es\\\/product\\\/ginkgosul-6-000-mg\\\/#primaryimage\",\"url\":\"https:\\\/\\\/saludsostenible.es\\\/wp-content\\\/uploads\\\/2025\\\/09\\\/ginkgosul-6000-mg.jpg\",\"contentUrl\":\"https:\\\/\\\/saludsostenible.es\\\/wp-content\\\/uploads\\\/2025\\\/09\\\/ginkgosul-6000-mg.jpg\",\"width\":800,\"height\":800},{\"@type\":\"BreadcrumbList\",\"@id\":\"https:\\\/\\\/saludsostenible.es\\\/product\\\/ginkgosul-6-000-mg\\\/#breadcrumb\",\"itemListElement\":[{\"@type\":\"ListItem\",\"position\":1,\"name\":\"Home\",\"item\":\"https:\\\/\\\/saludsostenible.es\\\/\"},{\"@type\":\"ListItem\",\"position\":2,\"name\":\"Tienda\",\"item\":\"https:\\\/\\\/saludsostenible.es\\\/tienda\\\/\"},{\"@type\":\"ListItem\",\"position\":3,\"name\":\"GINKGOSUL 6.000 Mg.\"}]},{\"@type\":\"WebSite\",\"@id\":\"https:\\\/\\\/saludsostenible.es\\\/#website\",\"url\":\"https:\\\/\\\/saludsostenible.es\\\/\",\"name\":\"Salud Sostenible Beauty & Longevity\",\"description\":\"Plataforma de consulta online y acceso a especialistas privados: salud integrativa, beauty y longevidad. Inicia tu perfil de salud metab\u00f3lica.\",\"publisher\":{\"@id\":\"https:\\\/\\\/saludsostenible.es\\\/#organization\"},\"alternateName\":\"Salud Sostenible\",\"potentialAction\":[{\"@type\":\"SearchAction\",\"target\":{\"@type\":\"EntryPoint\",\"urlTemplate\":\"https:\\\/\\\/saludsostenible.es\\\/?s={search_term_string}\"},\"query-input\":{\"@type\":\"PropertyValueSpecification\",\"valueRequired\":true,\"valueName\":\"search_term_string\"}}],\"inLanguage\":\"en-GB\"},{\"@type\":\"Organization\",\"@id\":\"https:\\\/\\\/saludsostenible.es\\\/#organization\",\"name\":\"Salud Sostenible by Fabrice Lef\u00e8vre Institute\",\"alternateName\":\"Osteopat\u00eda en Barcelona, Madrid y Marbella\",\"url\":\"https:\\\/\\\/saludsostenible.es\\\/\",\"logo\":{\"@type\":\"ImageObject\",\"inLanguage\":\"en-GB\",\"@id\":\"https:\\\/\\\/saludsostenible.es\\\/#\\\/schema\\\/logo\\\/image\\\/\",\"url\":\"https:\\\/\\\/saludsostenible.es\\\/wp-content\\\/uploads\\\/2024\\\/08\\\/probodyone-blog.jpg\",\"contentUrl\":\"https:\\\/\\\/saludsostenible.es\\\/wp-content\\\/uploads\\\/2024\\\/08\\\/probodyone-blog.jpg\",\"width\":1600,\"height\":550,\"caption\":\"Salud Sostenible by Fabrice Lef\u00e8vre Institute\"},\"image\":{\"@id\":\"https:\\\/\\\/saludsostenible.es\\\/#\\\/schema\\\/logo\\\/image\\\/\"},\"sameAs\":[\"https:\\\/\\\/www.facebook.com\\\/ProbodyoneBarcelona\",\"https:\\\/\\\/x.com\\\/probodyone\",\"https:\\\/\\\/www.youtube.com\\\/@Probodyone\\\/videos\"]}]}<\/script>\n<!-- \/ Yoast SEO Premium plugin. -->","yoast_head_json":{"title":"GINKGOSUL 6.000 Mg. - Salud Sostenible by Fabrice Lef&egrave;vre Institute","robots":{"index":"index","follow":"follow","max-snippet":"max-snippet:-1","max-image-preview":"max-image-preview:large","max-video-preview":"max-video-preview:-1"},"canonical":"https:\/\/saludsostenible.es\/en\/product\/ginkgosul-6-000-mg\/","og_locale":"en_GB","og_type":"article","og_title":"GINKGOSUL 6.000 Mg.","og_description":"Complemento alimenticio en comprimidos de liberaci\u00f3n sostenida, formulado a base de extracto seco estandarizado de hojas de Ginkgo biloba, con ratio 50:1 (equivale a 6\u202f000\u202fmg de planta por comprimido). Dise\u00f1ado para mejorar la microcirculaci\u00f3n y apoyar la funci\u00f3n cognitiva.","og_url":"https:\/\/saludsostenible.es\/en\/product\/ginkgosul-6-000-mg\/","og_site_name":"Salud Sostenible by Fabrice Lef&egrave;vre Institute","article_publisher":"https:\/\/www.facebook.com\/ProbodyoneBarcelona","article_modified_time":"2025-09-10T20:17:15+00:00","og_image":[{"width":800,"height":800,"url":"https:\/\/saludsostenible.es\/wp-content\/uploads\/2025\/09\/ginkgosul-6000-mg.jpg","type":"image\/jpeg"}],"twitter_card":"summary_large_image","twitter_site":"@probodyone","twitter_misc":{"Estimated reading time":"1 minute"},"schema":{"@context":"https:\/\/schema.org","@graph":[{"@type":"WebPage","@id":"https:\/\/saludsostenible.es\/product\/ginkgosul-6-000-mg\/","url":"https:\/\/saludsostenible.es\/product\/ginkgosul-6-000-mg\/","name":"GINKGOSUL 6.000 Mg. - Salud Sostenible by Fabrice Lef&egrave;vre Institute","isPartOf":{"@id":"https:\/\/saludsostenible.es\/#website"},"primaryImageOfPage":{"@id":"https:\/\/saludsostenible.es\/product\/ginkgosul-6-000-mg\/#primaryimage"},"image":{"@id":"https:\/\/saludsostenible.es\/product\/ginkgosul-6-000-mg\/#primaryimage"},"thumbnailUrl":"https:\/\/saludsostenible.es\/wp-content\/uploads\/2025\/09\/ginkgosul-6000-mg.jpg","datePublished":"2025-09-10T20:17:01+00:00","dateModified":"2025-09-10T20:17:15+00:00","breadcrumb":{"@id":"https:\/\/saludsostenible.es\/product\/ginkgosul-6-000-mg\/#breadcrumb"},"inLanguage":"en-GB","potentialAction":[{"@type":"ReadAction","target":["https:\/\/saludsostenible.es\/product\/ginkgosul-6-000-mg\/"]}]},{"@type":"ImageObject","inLanguage":"en-GB","@id":"https:\/\/saludsostenible.es\/product\/ginkgosul-6-000-mg\/#primaryimage","url":"https:\/\/saludsostenible.es\/wp-content\/uploads\/2025\/09\/ginkgosul-6000-mg.jpg","contentUrl":"https:\/\/saludsostenible.es\/wp-content\/uploads\/2025\/09\/ginkgosul-6000-mg.jpg","width":800,"height":800},{"@type":"BreadcrumbList","@id":"https:\/\/saludsostenible.es\/product\/ginkgosul-6-000-mg\/#breadcrumb","itemListElement":[{"@type":"ListItem","position":1,"name":"Home","item":"https:\/\/saludsostenible.es\/"},{"@type":"ListItem","position":2,"name":"Tienda","item":"https:\/\/saludsostenible.es\/tienda\/"},{"@type":"ListItem","position":3,"name":"GINKGOSUL 6.000 Mg."}]},{"@type":"WebSite","@id":"https:\/\/saludsostenible.es\/#website","url":"https:\/\/saludsostenible.es\/","name":"Salud Sostenible Beauty & Longevity","description":"Plataforma de consulta online y acceso a especialistas privados: salud integrativa, beauty y longevidad. Inicia tu perfil de salud metab\u00f3lica.","publisher":{"@id":"https:\/\/saludsostenible.es\/#organization"},"alternateName":"Salud Sostenible","potentialAction":[{"@type":"SearchAction","target":{"@type":"EntryPoint","urlTemplate":"https:\/\/saludsostenible.es\/?s={search_term_string}"},"query-input":{"@type":"PropertyValueSpecification","valueRequired":true,"valueName":"search_term_string"}}],"inLanguage":"en-GB"},{"@type":"Organization","@id":"https:\/\/saludsostenible.es\/#organization","name":"Salud Sostenible by Fabrice Lef\u00e8vre Institute","alternateName":"Osteopat\u00eda en Barcelona, Madrid y Marbella","url":"https:\/\/saludsostenible.es\/","logo":{"@type":"ImageObject","inLanguage":"en-GB","@id":"https:\/\/saludsostenible.es\/#\/schema\/logo\/image\/","url":"https:\/\/saludsostenible.es\/wp-content\/uploads\/2024\/08\/probodyone-blog.jpg","contentUrl":"https:\/\/saludsostenible.es\/wp-content\/uploads\/2024\/08\/probodyone-blog.jpg","width":1600,"height":550,"caption":"Salud Sostenible by Fabrice Lef\u00e8vre Institute"},"image":{"@id":"https:\/\/saludsostenible.es\/#\/schema\/logo\/image\/"},"sameAs":["https:\/\/www.facebook.com\/ProbodyoneBarcelona","https:\/\/x.com\/probodyone","https:\/\/www.youtube.com\/@Probodyone\/videos"]}]}},"_links":{"self":[{"href":"https:\/\/saludsostenible.es\/en\/wp-json\/wp\/v2\/product\/501314","targetHints":{"allow":["GET"]}}],"collection":[{"href":"https:\/\/saludsostenible.es\/en\/wp-json\/wp\/v2\/product"}],"about":[{"href":"https:\/\/saludsostenible.es\/en\/wp-json\/wp\/v2\/types\/product"}],"wp:featuredmedia":[{"embeddable":true,"href":"https:\/\/saludsostenible.es\/en\/wp-json\/wp\/v2\/media\/501315"}],"wp:attachment":[{"href":"https:\/\/saludsostenible.es\/en\/wp-json\/wp\/v2\/media?parent=501314"}],"wp:term":[{"taxonomy":"product_brand","embeddable":true,"href":"https:\/\/saludsostenible.es\/en\/wp-json\/wp\/v2\/product_brand?post=501314"},{"taxonomy":"product_cat","embeddable":true,"href":"https:\/\/saludsostenible.es\/en\/wp-json\/wp\/v2\/product_cat?post=501314"},{"taxonomy":"product_tag","embeddable":true,"href":"https:\/\/saludsostenible.es\/en\/wp-json\/wp\/v2\/product_tag?post=501314"}],"curies":[{"name":"wp","href":"https:\/\/api.w.org\/{rel}","templated":true}]}}