{"id":501328,"date":"2025-09-10T20:17:23","date_gmt":"2025-09-10T20:17:23","guid":{"rendered":"https:\/\/saludsostenible.es\/product\/lactosul-flora-kids-bucodispensables\/"},"modified":"2025-09-10T20:17:23","modified_gmt":"2025-09-10T20:17:23","slug":"lactosul-flora-kids-bucodispensables","status":"publish","type":"product","link":"https:\/\/saludsostenible.es\/en\/product\/lactosul-flora-kids-bucodispensables\/","title":{"rendered":"LACTOSUL FLORA KIDS BUCODISPENSABLES"},"content":{"rendered":"<p>INDICACIONES<br \/>\nAporta 5\u202f000 millones de fermentos l\u00e1cticos vivos por sobre (combinaci\u00f3n de B. lactis, L. plantarum, B. breve y L. rhamnosus), \u00fatiles para restablecer y mantener la flora intestinal, especialmente despu\u00e9s de tomar antibi\u00f3ticos o durante malestar digestivo<br \/>\nContiene Vitamina D\u2083 (2,5\u202f\u00b5g \u2248\u202f50\u202f% VRN), que favorece el correcto funcionamiento del sistema inmunitario en la infancia<br \/>\nPresentaci\u00f3n c\u00f3moda sin agua, con sabor agradable a fresa; ideal para ni\u00f1os peque\u00f1os y situaciones en movimiento (viajes, colegio, etc.)<br \/>\nINGREDIENTES<br \/>\nAgente de carga sorbitol, edulcorantes (eritritol, xilitol), fermentos l\u00e1cticos vivos enc\u00e1psulados (Bifidobacterium lactis, Lactobacillus plantarum, Bifidobacterium breve, Lactobacillus rhamnosus), emulgente \u00e9steres poliglic\u00e9ricos de \u00e1cidos grasos, acidulante \u00e1cido c\u00edtrico, aroma de fresa, edulcorante gluc\u00f3sidos de esteviol, vitamina D (colecalciferol).<br \/>\nMODO DE USO<br \/>\nA\u00a0partir de 3 a\u00f1os, tomar un sobre al d\u00eda, preferentemente por la ma\u00f1ana. Disolver el contenido del sobre directamente en la boca, sin necesidad de agua. Tiene un agradable sabor a fresa. No es necesario diluirlo en agua o mezclarlo con alimentos, aunque, si se prefiere, puede tomarse diluido en agua, leche fr\u00eda o mezclado con yogur.<br \/>\nPRECAUCIONES<br \/>\nNo superar la dosis diaria recomendada.<br \/>\nMantener fuera del alcance de los ni\u00f1os m\u00e1s peque\u00f1os.<br \/>\nLos complementos alimenticios no deben utilizarse como sustitutos de una dieta variada y equilibrada y un estilo de vida saludable.<br \/>\nComplemento alimenticio con edulcorantes.<br \/>\nUn consumo excesivo puede producir efectos laxantes.<br \/>\nConservaci\u00f3n: ambiente seco y fresco.<br \/>\nMELATONINA  1,95 mg + B6<\/p>","protected":false},"excerpt":{"rendered":"<p>Complemento alimenticio en formato sobres bucodispersables sabor fresa, ideal para ni\u00f1os a partir de 3 a\u00f1os. Contiene probi\u00f3ticos encapsulados y vitamina D\u2083, listo para disolver directamente en la boca sin necesidad de agua<\/p>","protected":false},"featured_media":501329,"template":"","meta":[],"product_brand":[191],"product_cat":[248,192,278,262],"product_tag":[],"class_list":{"0":"post-501328","1":"product","2":"type-product","3":"status-publish","4":"has-post-thumbnail","6":"product_brand-natysal","7":"product_cat-bienestar-digestivo","8":"product_cat-natysal","9":"product_cat-salud-ninos-bebes","10":"product_cat-suplementos-micronutricionales","11":"product_shipping_class-producto-fisico","13":"first","14":"instock","15":"purchasable","16":"product-type-simple"},"yoast_head":"<!-- This site is optimized with the Yoast SEO Premium plugin v22.9 (Yoast SEO v27.6) - https:\/\/yoast.com\/product\/yoast-seo-premium-wordpress\/ -->\n<title>LACTOSUL FLORA KIDS BUCODISPENSABLES - Salud Sostenible by Fabrice Lef&egrave;vre Institute<\/title>\n<meta name=\"robots\" content=\"index, follow, max-snippet:-1, max-image-preview:large, max-video-preview:-1\" \/>\n<link rel=\"canonical\" href=\"https:\/\/saludsostenible.es\/en\/product\/lactosul-flora-kids-bucodispensables\/\" \/>\n<meta property=\"og:locale\" content=\"en_GB\" \/>\n<meta property=\"og:type\" content=\"article\" \/>\n<meta property=\"og:title\" content=\"LACTOSUL FLORA KIDS BUCODISPENSABLES\" \/>\n<meta property=\"og:description\" content=\"Complemento alimenticio en formato sobres bucodispersables sabor fresa, ideal para ni\u00f1os a partir de 3 a\u00f1os. Contiene probi\u00f3ticos encapsulados y vitamina D\u2083, listo para disolver directamente en la boca sin necesidad de agua\" \/>\n<meta property=\"og:url\" content=\"https:\/\/saludsostenible.es\/en\/product\/lactosul-flora-kids-bucodispensables\/\" \/>\n<meta property=\"og:site_name\" content=\"Salud Sostenible by Fabrice Lef&egrave;vre Institute\" \/>\n<meta property=\"article:publisher\" content=\"https:\/\/www.facebook.com\/ProbodyoneBarcelona\" \/>\n<meta property=\"og:image\" content=\"https:\/\/saludsostenible.es\/wp-content\/uploads\/2025\/09\/lactosul-flora-kids-bucodispensables.jpg\" \/>\n\t<meta property=\"og:image:width\" content=\"575\" \/>\n\t<meta property=\"og:image:height\" content=\"575\" \/>\n\t<meta property=\"og:image:type\" content=\"image\/jpeg\" \/>\n<meta name=\"twitter:card\" content=\"summary_large_image\" \/>\n<meta name=\"twitter:site\" content=\"@probodyone\" \/>\n<meta name=\"twitter:label1\" content=\"Estimated reading time\" \/>\n\t<meta name=\"twitter:data1\" content=\"1 minute\" \/>\n<script type=\"application\/ld+json\" class=\"yoast-schema-graph\">{\"@context\":\"https:\\\/\\\/schema.org\",\"@graph\":[{\"@type\":\"WebPage\",\"@id\":\"https:\\\/\\\/saludsostenible.es\\\/product\\\/lactosul-flora-kids-bucodispensables\\\/\",\"url\":\"https:\\\/\\\/saludsostenible.es\\\/product\\\/lactosul-flora-kids-bucodispensables\\\/\",\"name\":\"LACTOSUL FLORA KIDS BUCODISPENSABLES - Salud Sostenible by Fabrice Lef&egrave;vre Institute\",\"isPartOf\":{\"@id\":\"https:\\\/\\\/saludsostenible.es\\\/#website\"},\"primaryImageOfPage\":{\"@id\":\"https:\\\/\\\/saludsostenible.es\\\/product\\\/lactosul-flora-kids-bucodispensables\\\/#primaryimage\"},\"image\":{\"@id\":\"https:\\\/\\\/saludsostenible.es\\\/product\\\/lactosul-flora-kids-bucodispensables\\\/#primaryimage\"},\"thumbnailUrl\":\"https:\\\/\\\/saludsostenible.es\\\/wp-content\\\/uploads\\\/2025\\\/09\\\/lactosul-flora-kids-bucodispensables.jpg\",\"datePublished\":\"2025-09-10T20:17:23+00:00\",\"breadcrumb\":{\"@id\":\"https:\\\/\\\/saludsostenible.es\\\/product\\\/lactosul-flora-kids-bucodispensables\\\/#breadcrumb\"},\"inLanguage\":\"en-GB\",\"potentialAction\":[{\"@type\":\"ReadAction\",\"target\":[\"https:\\\/\\\/saludsostenible.es\\\/product\\\/lactosul-flora-kids-bucodispensables\\\/\"]}]},{\"@type\":\"ImageObject\",\"inLanguage\":\"en-GB\",\"@id\":\"https:\\\/\\\/saludsostenible.es\\\/product\\\/lactosul-flora-kids-bucodispensables\\\/#primaryimage\",\"url\":\"https:\\\/\\\/saludsostenible.es\\\/wp-content\\\/uploads\\\/2025\\\/09\\\/lactosul-flora-kids-bucodispensables.jpg\",\"contentUrl\":\"https:\\\/\\\/saludsostenible.es\\\/wp-content\\\/uploads\\\/2025\\\/09\\\/lactosul-flora-kids-bucodispensables.jpg\",\"width\":575,\"height\":575},{\"@type\":\"BreadcrumbList\",\"@id\":\"https:\\\/\\\/saludsostenible.es\\\/product\\\/lactosul-flora-kids-bucodispensables\\\/#breadcrumb\",\"itemListElement\":[{\"@type\":\"ListItem\",\"position\":1,\"name\":\"Home\",\"item\":\"https:\\\/\\\/saludsostenible.es\\\/\"},{\"@type\":\"ListItem\",\"position\":2,\"name\":\"Tienda\",\"item\":\"https:\\\/\\\/saludsostenible.es\\\/tienda\\\/\"},{\"@type\":\"ListItem\",\"position\":3,\"name\":\"LACTOSUL FLORA KIDS BUCODISPENSABLES\"}]},{\"@type\":\"WebSite\",\"@id\":\"https:\\\/\\\/saludsostenible.es\\\/#website\",\"url\":\"https:\\\/\\\/saludsostenible.es\\\/\",\"name\":\"Salud Sostenible Beauty & Longevity\",\"description\":\"Plataforma de consulta online y acceso a especialistas privados: salud integrativa, beauty y longevidad. Inicia tu perfil de salud metab\u00f3lica.\",\"publisher\":{\"@id\":\"https:\\\/\\\/saludsostenible.es\\\/#organization\"},\"alternateName\":\"Salud Sostenible\",\"potentialAction\":[{\"@type\":\"SearchAction\",\"target\":{\"@type\":\"EntryPoint\",\"urlTemplate\":\"https:\\\/\\\/saludsostenible.es\\\/?s={search_term_string}\"},\"query-input\":{\"@type\":\"PropertyValueSpecification\",\"valueRequired\":true,\"valueName\":\"search_term_string\"}}],\"inLanguage\":\"en-GB\"},{\"@type\":\"Organization\",\"@id\":\"https:\\\/\\\/saludsostenible.es\\\/#organization\",\"name\":\"Salud Sostenible by Fabrice Lef\u00e8vre Institute\",\"alternateName\":\"Osteopat\u00eda en Barcelona, Madrid y Marbella\",\"url\":\"https:\\\/\\\/saludsostenible.es\\\/\",\"logo\":{\"@type\":\"ImageObject\",\"inLanguage\":\"en-GB\",\"@id\":\"https:\\\/\\\/saludsostenible.es\\\/#\\\/schema\\\/logo\\\/image\\\/\",\"url\":\"https:\\\/\\\/saludsostenible.es\\\/wp-content\\\/uploads\\\/2024\\\/08\\\/probodyone-blog.jpg\",\"contentUrl\":\"https:\\\/\\\/saludsostenible.es\\\/wp-content\\\/uploads\\\/2024\\\/08\\\/probodyone-blog.jpg\",\"width\":1600,\"height\":550,\"caption\":\"Salud Sostenible by Fabrice Lef\u00e8vre Institute\"},\"image\":{\"@id\":\"https:\\\/\\\/saludsostenible.es\\\/#\\\/schema\\\/logo\\\/image\\\/\"},\"sameAs\":[\"https:\\\/\\\/www.facebook.com\\\/ProbodyoneBarcelona\",\"https:\\\/\\\/x.com\\\/probodyone\",\"https:\\\/\\\/www.youtube.com\\\/@Probodyone\\\/videos\"]}]}<\/script>\n<!-- \/ Yoast SEO Premium plugin. -->","yoast_head_json":{"title":"LACTOSUL FLORA KIDS BUCODISPENSABLES - Salud Sostenible by Fabrice Lef&egrave;vre Institute","robots":{"index":"index","follow":"follow","max-snippet":"max-snippet:-1","max-image-preview":"max-image-preview:large","max-video-preview":"max-video-preview:-1"},"canonical":"https:\/\/saludsostenible.es\/en\/product\/lactosul-flora-kids-bucodispensables\/","og_locale":"en_GB","og_type":"article","og_title":"LACTOSUL FLORA KIDS BUCODISPENSABLES","og_description":"Complemento alimenticio en formato sobres bucodispersables sabor fresa, ideal para ni\u00f1os a partir de 3 a\u00f1os. Contiene probi\u00f3ticos encapsulados y vitamina D\u2083, listo para disolver directamente en la boca sin necesidad de agua","og_url":"https:\/\/saludsostenible.es\/en\/product\/lactosul-flora-kids-bucodispensables\/","og_site_name":"Salud Sostenible by Fabrice Lef&egrave;vre Institute","article_publisher":"https:\/\/www.facebook.com\/ProbodyoneBarcelona","og_image":[{"width":575,"height":575,"url":"https:\/\/saludsostenible.es\/wp-content\/uploads\/2025\/09\/lactosul-flora-kids-bucodispensables.jpg","type":"image\/jpeg"}],"twitter_card":"summary_large_image","twitter_site":"@probodyone","twitter_misc":{"Estimated reading time":"1 minute"},"schema":{"@context":"https:\/\/schema.org","@graph":[{"@type":"WebPage","@id":"https:\/\/saludsostenible.es\/product\/lactosul-flora-kids-bucodispensables\/","url":"https:\/\/saludsostenible.es\/product\/lactosul-flora-kids-bucodispensables\/","name":"LACTOSUL FLORA KIDS BUCODISPENSABLES - Salud Sostenible by Fabrice Lef&egrave;vre Institute","isPartOf":{"@id":"https:\/\/saludsostenible.es\/#website"},"primaryImageOfPage":{"@id":"https:\/\/saludsostenible.es\/product\/lactosul-flora-kids-bucodispensables\/#primaryimage"},"image":{"@id":"https:\/\/saludsostenible.es\/product\/lactosul-flora-kids-bucodispensables\/#primaryimage"},"thumbnailUrl":"https:\/\/saludsostenible.es\/wp-content\/uploads\/2025\/09\/lactosul-flora-kids-bucodispensables.jpg","datePublished":"2025-09-10T20:17:23+00:00","breadcrumb":{"@id":"https:\/\/saludsostenible.es\/product\/lactosul-flora-kids-bucodispensables\/#breadcrumb"},"inLanguage":"en-GB","potentialAction":[{"@type":"ReadAction","target":["https:\/\/saludsostenible.es\/product\/lactosul-flora-kids-bucodispensables\/"]}]},{"@type":"ImageObject","inLanguage":"en-GB","@id":"https:\/\/saludsostenible.es\/product\/lactosul-flora-kids-bucodispensables\/#primaryimage","url":"https:\/\/saludsostenible.es\/wp-content\/uploads\/2025\/09\/lactosul-flora-kids-bucodispensables.jpg","contentUrl":"https:\/\/saludsostenible.es\/wp-content\/uploads\/2025\/09\/lactosul-flora-kids-bucodispensables.jpg","width":575,"height":575},{"@type":"BreadcrumbList","@id":"https:\/\/saludsostenible.es\/product\/lactosul-flora-kids-bucodispensables\/#breadcrumb","itemListElement":[{"@type":"ListItem","position":1,"name":"Home","item":"https:\/\/saludsostenible.es\/"},{"@type":"ListItem","position":2,"name":"Tienda","item":"https:\/\/saludsostenible.es\/tienda\/"},{"@type":"ListItem","position":3,"name":"LACTOSUL FLORA KIDS BUCODISPENSABLES"}]},{"@type":"WebSite","@id":"https:\/\/saludsostenible.es\/#website","url":"https:\/\/saludsostenible.es\/","name":"Salud Sostenible Beauty & Longevity","description":"Plataforma de consulta online y acceso a especialistas privados: salud integrativa, beauty y longevidad. Inicia tu perfil de salud metab\u00f3lica.","publisher":{"@id":"https:\/\/saludsostenible.es\/#organization"},"alternateName":"Salud Sostenible","potentialAction":[{"@type":"SearchAction","target":{"@type":"EntryPoint","urlTemplate":"https:\/\/saludsostenible.es\/?s={search_term_string}"},"query-input":{"@type":"PropertyValueSpecification","valueRequired":true,"valueName":"search_term_string"}}],"inLanguage":"en-GB"},{"@type":"Organization","@id":"https:\/\/saludsostenible.es\/#organization","name":"Salud Sostenible by Fabrice Lef\u00e8vre Institute","alternateName":"Osteopat\u00eda en Barcelona, Madrid y Marbella","url":"https:\/\/saludsostenible.es\/","logo":{"@type":"ImageObject","inLanguage":"en-GB","@id":"https:\/\/saludsostenible.es\/#\/schema\/logo\/image\/","url":"https:\/\/saludsostenible.es\/wp-content\/uploads\/2024\/08\/probodyone-blog.jpg","contentUrl":"https:\/\/saludsostenible.es\/wp-content\/uploads\/2024\/08\/probodyone-blog.jpg","width":1600,"height":550,"caption":"Salud Sostenible by Fabrice Lef\u00e8vre Institute"},"image":{"@id":"https:\/\/saludsostenible.es\/#\/schema\/logo\/image\/"},"sameAs":["https:\/\/www.facebook.com\/ProbodyoneBarcelona","https:\/\/x.com\/probodyone","https:\/\/www.youtube.com\/@Probodyone\/videos"]}]}},"_links":{"self":[{"href":"https:\/\/saludsostenible.es\/en\/wp-json\/wp\/v2\/product\/501328","targetHints":{"allow":["GET"]}}],"collection":[{"href":"https:\/\/saludsostenible.es\/en\/wp-json\/wp\/v2\/product"}],"about":[{"href":"https:\/\/saludsostenible.es\/en\/wp-json\/wp\/v2\/types\/product"}],"wp:featuredmedia":[{"embeddable":true,"href":"https:\/\/saludsostenible.es\/en\/wp-json\/wp\/v2\/media\/501329"}],"wp:attachment":[{"href":"https:\/\/saludsostenible.es\/en\/wp-json\/wp\/v2\/media?parent=501328"}],"wp:term":[{"taxonomy":"product_brand","embeddable":true,"href":"https:\/\/saludsostenible.es\/en\/wp-json\/wp\/v2\/product_brand?post=501328"},{"taxonomy":"product_cat","embeddable":true,"href":"https:\/\/saludsostenible.es\/en\/wp-json\/wp\/v2\/product_cat?post=501328"},{"taxonomy":"product_tag","embeddable":true,"href":"https:\/\/saludsostenible.es\/en\/wp-json\/wp\/v2\/product_tag?post=501328"}],"curies":[{"name":"wp","href":"https:\/\/api.w.org\/{rel}","templated":true}]}}