{"id":501330,"date":"2025-09-10T20:17:23","date_gmt":"2025-09-10T20:17:23","guid":{"rendered":"https:\/\/saludsostenible.es\/product\/melatonina-195-mg-b6\/"},"modified":"2026-04-27T21:30:14","modified_gmt":"2026-04-27T21:30:14","slug":"melatonina-195-mg-b6","status":"publish","type":"product","link":"https:\/\/saludsostenible.es\/en\/product\/melatonina-195-mg-b6\/","title":{"rendered":"MELATONINA 1,95 mg + B6"},"content":{"rendered":"<p>INDICACIONES<br \/>\nReduce el tiempo de conciliaci\u00f3n del sue\u00f1o y ayuda a regulaci\u00f3n del ciclo sue\u00f1o-vigilia, \u00fatil en casos de insomnio ligero, turnos nocturnos o jetlag<br \/>\nLa vitamina\u202fB\u2086 (1,4\u202fmg) contribuye al funcionamiento normal del sistema nervioso y al metabolismo de prote\u00ednas y gl\u00facidos, complementando el efecto de la melatonina ([turn0search1], [turn0search13]).<br \/>\nEl formato orodispersable permite tomarlo directamente en la boca o con poca agua, ideal para una toma r\u00e1pida antes de acostarse.<br \/>\nINGREDIENTES<br \/>\nAgente de carga sorbitol, edulcorante xylitol, antiaglomerante estearato magn\u00e9sico, aroma de naranja, melatonina, Vitamina B6 (clorhidrato de piridoxina), edulcorante gluc\u00f3sidos de esteviol (97%).<br \/>\nMODO DE USO<br \/>\nTomar 1 comprimido al d\u00eda, ingiri\u00e9ndolo o disolvi\u00e9ndolo en la boca, 1 hora antes de irse a dormir.<br \/>\nPRECAUCIONES<br \/>\nNo superar la dosis diaria recomendada.<br \/>\nMantener fuera del alcance de los ni\u00f1os m\u00e1s peque\u00f1os.<br \/>\nLos complementos alimenticios no deben utilizarse como sustitutos de una dieta variada y equilibrada\u00a0 y un estilo de vida saludable.<br \/>\nUn consumo excesivo puede tener efectos laxantes.<br \/>\nComplemento alimenticio con edulcorantes.<br \/>\nCONDICIONES DE CONSERVACI\u00d3N: Ambiente fresco y seco.<br \/>\nSEDAPL\u00c1N  CON VALERIANA (Descanso y sue\u00f1o)<\/p>\n","protected":false},"excerpt":{"rendered":"<p>Complemento alimenticio en formato comprimidos orodispersables, con 1,95\u202fmg de melatonina y 1,4\u202fmg de vitamina\u202fB\u2086, dise\u00f1ado para ayudar a conciliar el sue\u00f1o m\u00e1s r\u00e1pidamente y apoyar el sistema nervioso ([turn0search13]). Se obtiene el efecto deseado con al menos 1\u202fmg de melatonina antes de dormir<\/p>\n","protected":false},"featured_media":501331,"template":"","meta":[],"product_brand":[191],"product_cat":[250,192,262],"product_tag":[],"class_list":{"0":"post-501330","1":"product","2":"type-product","3":"status-publish","4":"has-post-thumbnail","6":"product_brand-natysal","7":"product_cat-estres-sueno-equilibrio-mental","8":"product_cat-natysal","9":"product_cat-suplementos-micronutricionales","10":"product_shipping_class-producto-fisico","12":"first","13":"instock","14":"purchasable","15":"product-type-simple"},"yoast_head":"<!-- This site is optimized with the Yoast SEO Premium plugin v22.9 (Yoast SEO v27.6) - https:\/\/yoast.com\/product\/yoast-seo-premium-wordpress\/ -->\n<title>MELATONINA 1,95 mg + B6 - Salud Sostenible by Fabrice Lef&egrave;vre Institute<\/title>\n<meta name=\"robots\" content=\"index, follow, max-snippet:-1, max-image-preview:large, max-video-preview:-1\" \/>\n<link rel=\"canonical\" href=\"https:\/\/saludsostenible.es\/en\/product\/melatonina-195-mg-b6\/\" \/>\n<meta property=\"og:locale\" content=\"en_GB\" \/>\n<meta property=\"og:type\" content=\"article\" \/>\n<meta property=\"og:title\" content=\"MELATONINA 1,95 mg + B6\" \/>\n<meta property=\"og:description\" content=\"Complemento alimenticio en formato comprimidos orodispersables, con 1,95\u202fmg de melatonina y 1,4\u202fmg de vitamina\u202fB\u2086, dise\u00f1ado para ayudar a conciliar el sue\u00f1o m\u00e1s r\u00e1pidamente y apoyar el sistema nervioso ([turn0search13]). Se obtiene el efecto deseado con al menos 1\u202fmg de melatonina antes de dormir\" \/>\n<meta property=\"og:url\" content=\"https:\/\/saludsostenible.es\/en\/product\/melatonina-195-mg-b6\/\" \/>\n<meta property=\"og:site_name\" content=\"Salud Sostenible by Fabrice Lef&egrave;vre Institute\" \/>\n<meta property=\"article:publisher\" content=\"https:\/\/www.facebook.com\/ProbodyoneBarcelona\" \/>\n<meta property=\"article:modified_time\" content=\"2026-04-27T21:30:14+00:00\" \/>\n<meta property=\"og:image\" content=\"https:\/\/saludsostenible.es\/wp-content\/uploads\/2025\/09\/melatonina-195-mg-b6.jpg\" \/>\n\t<meta property=\"og:image:width\" content=\"589\" \/>\n\t<meta property=\"og:image:height\" content=\"589\" \/>\n\t<meta property=\"og:image:type\" content=\"image\/jpeg\" \/>\n<meta name=\"twitter:card\" content=\"summary_large_image\" \/>\n<meta name=\"twitter:site\" content=\"@probodyone\" \/>\n<meta name=\"twitter:label1\" content=\"Estimated reading time\" \/>\n\t<meta name=\"twitter:data1\" content=\"1 minute\" \/>\n<script type=\"application\/ld+json\" class=\"yoast-schema-graph\">{\"@context\":\"https:\\\/\\\/schema.org\",\"@graph\":[{\"@type\":\"WebPage\",\"@id\":\"https:\\\/\\\/saludsostenible.es\\\/product\\\/melatonina-195-mg-b6\\\/\",\"url\":\"https:\\\/\\\/saludsostenible.es\\\/product\\\/melatonina-195-mg-b6\\\/\",\"name\":\"MELATONINA 1,95 mg + B6 - Salud Sostenible by Fabrice Lef&egrave;vre Institute\",\"isPartOf\":{\"@id\":\"https:\\\/\\\/saludsostenible.es\\\/#website\"},\"primaryImageOfPage\":{\"@id\":\"https:\\\/\\\/saludsostenible.es\\\/product\\\/melatonina-195-mg-b6\\\/#primaryimage\"},\"image\":{\"@id\":\"https:\\\/\\\/saludsostenible.es\\\/product\\\/melatonina-195-mg-b6\\\/#primaryimage\"},\"thumbnailUrl\":\"https:\\\/\\\/saludsostenible.es\\\/wp-content\\\/uploads\\\/2025\\\/09\\\/melatonina-195-mg-b6.jpg\",\"datePublished\":\"2025-09-10T20:17:23+00:00\",\"dateModified\":\"2026-04-27T21:30:14+00:00\",\"breadcrumb\":{\"@id\":\"https:\\\/\\\/saludsostenible.es\\\/product\\\/melatonina-195-mg-b6\\\/#breadcrumb\"},\"inLanguage\":\"en-GB\",\"potentialAction\":[{\"@type\":\"ReadAction\",\"target\":[\"https:\\\/\\\/saludsostenible.es\\\/product\\\/melatonina-195-mg-b6\\\/\"]}]},{\"@type\":\"ImageObject\",\"inLanguage\":\"en-GB\",\"@id\":\"https:\\\/\\\/saludsostenible.es\\\/product\\\/melatonina-195-mg-b6\\\/#primaryimage\",\"url\":\"https:\\\/\\\/saludsostenible.es\\\/wp-content\\\/uploads\\\/2025\\\/09\\\/melatonina-195-mg-b6.jpg\",\"contentUrl\":\"https:\\\/\\\/saludsostenible.es\\\/wp-content\\\/uploads\\\/2025\\\/09\\\/melatonina-195-mg-b6.jpg\",\"width\":589,\"height\":589},{\"@type\":\"BreadcrumbList\",\"@id\":\"https:\\\/\\\/saludsostenible.es\\\/product\\\/melatonina-195-mg-b6\\\/#breadcrumb\",\"itemListElement\":[{\"@type\":\"ListItem\",\"position\":1,\"name\":\"Home\",\"item\":\"https:\\\/\\\/saludsostenible.es\\\/\"},{\"@type\":\"ListItem\",\"position\":2,\"name\":\"Tienda\",\"item\":\"https:\\\/\\\/saludsostenible.es\\\/tienda\\\/\"},{\"@type\":\"ListItem\",\"position\":3,\"name\":\"MELATONINA 1,95 mg + B6\"}]},{\"@type\":\"WebSite\",\"@id\":\"https:\\\/\\\/saludsostenible.es\\\/#website\",\"url\":\"https:\\\/\\\/saludsostenible.es\\\/\",\"name\":\"Salud Sostenible Beauty & Longevity\",\"description\":\"Plataforma de consulta online y acceso a especialistas privados: salud integrativa, beauty y longevidad. Inicia tu perfil de salud metab\u00f3lica.\",\"publisher\":{\"@id\":\"https:\\\/\\\/saludsostenible.es\\\/#organization\"},\"alternateName\":\"Salud Sostenible\",\"potentialAction\":[{\"@type\":\"SearchAction\",\"target\":{\"@type\":\"EntryPoint\",\"urlTemplate\":\"https:\\\/\\\/saludsostenible.es\\\/?s={search_term_string}\"},\"query-input\":{\"@type\":\"PropertyValueSpecification\",\"valueRequired\":true,\"valueName\":\"search_term_string\"}}],\"inLanguage\":\"en-GB\"},{\"@type\":\"Organization\",\"@id\":\"https:\\\/\\\/saludsostenible.es\\\/#organization\",\"name\":\"Salud Sostenible by Fabrice Lef\u00e8vre Institute\",\"alternateName\":\"Osteopat\u00eda en Barcelona, Madrid y Marbella\",\"url\":\"https:\\\/\\\/saludsostenible.es\\\/\",\"logo\":{\"@type\":\"ImageObject\",\"inLanguage\":\"en-GB\",\"@id\":\"https:\\\/\\\/saludsostenible.es\\\/#\\\/schema\\\/logo\\\/image\\\/\",\"url\":\"https:\\\/\\\/saludsostenible.es\\\/wp-content\\\/uploads\\\/2024\\\/08\\\/probodyone-blog.jpg\",\"contentUrl\":\"https:\\\/\\\/saludsostenible.es\\\/wp-content\\\/uploads\\\/2024\\\/08\\\/probodyone-blog.jpg\",\"width\":1600,\"height\":550,\"caption\":\"Salud Sostenible by Fabrice Lef\u00e8vre Institute\"},\"image\":{\"@id\":\"https:\\\/\\\/saludsostenible.es\\\/#\\\/schema\\\/logo\\\/image\\\/\"},\"sameAs\":[\"https:\\\/\\\/www.facebook.com\\\/ProbodyoneBarcelona\",\"https:\\\/\\\/x.com\\\/probodyone\",\"https:\\\/\\\/www.youtube.com\\\/@Probodyone\\\/videos\"]}]}<\/script>\n<!-- \/ Yoast SEO Premium plugin. -->","yoast_head_json":{"title":"MELATONINA 1,95 mg + B6 - Salud Sostenible by Fabrice Lef&egrave;vre Institute","robots":{"index":"index","follow":"follow","max-snippet":"max-snippet:-1","max-image-preview":"max-image-preview:large","max-video-preview":"max-video-preview:-1"},"canonical":"https:\/\/saludsostenible.es\/en\/product\/melatonina-195-mg-b6\/","og_locale":"en_GB","og_type":"article","og_title":"MELATONINA 1,95 mg + B6","og_description":"Complemento alimenticio en formato comprimidos orodispersables, con 1,95\u202fmg de melatonina y 1,4\u202fmg de vitamina\u202fB\u2086, dise\u00f1ado para ayudar a conciliar el sue\u00f1o m\u00e1s r\u00e1pidamente y apoyar el sistema nervioso ([turn0search13]). Se obtiene el efecto deseado con al menos 1\u202fmg de melatonina antes de dormir","og_url":"https:\/\/saludsostenible.es\/en\/product\/melatonina-195-mg-b6\/","og_site_name":"Salud Sostenible by Fabrice Lef&egrave;vre Institute","article_publisher":"https:\/\/www.facebook.com\/ProbodyoneBarcelona","article_modified_time":"2026-04-27T21:30:14+00:00","og_image":[{"width":589,"height":589,"url":"https:\/\/saludsostenible.es\/wp-content\/uploads\/2025\/09\/melatonina-195-mg-b6.jpg","type":"image\/jpeg"}],"twitter_card":"summary_large_image","twitter_site":"@probodyone","twitter_misc":{"Estimated reading time":"1 minute"},"schema":{"@context":"https:\/\/schema.org","@graph":[{"@type":"WebPage","@id":"https:\/\/saludsostenible.es\/product\/melatonina-195-mg-b6\/","url":"https:\/\/saludsostenible.es\/product\/melatonina-195-mg-b6\/","name":"MELATONINA 1,95 mg + B6 - Salud Sostenible by Fabrice Lef&egrave;vre Institute","isPartOf":{"@id":"https:\/\/saludsostenible.es\/#website"},"primaryImageOfPage":{"@id":"https:\/\/saludsostenible.es\/product\/melatonina-195-mg-b6\/#primaryimage"},"image":{"@id":"https:\/\/saludsostenible.es\/product\/melatonina-195-mg-b6\/#primaryimage"},"thumbnailUrl":"https:\/\/saludsostenible.es\/wp-content\/uploads\/2025\/09\/melatonina-195-mg-b6.jpg","datePublished":"2025-09-10T20:17:23+00:00","dateModified":"2026-04-27T21:30:14+00:00","breadcrumb":{"@id":"https:\/\/saludsostenible.es\/product\/melatonina-195-mg-b6\/#breadcrumb"},"inLanguage":"en-GB","potentialAction":[{"@type":"ReadAction","target":["https:\/\/saludsostenible.es\/product\/melatonina-195-mg-b6\/"]}]},{"@type":"ImageObject","inLanguage":"en-GB","@id":"https:\/\/saludsostenible.es\/product\/melatonina-195-mg-b6\/#primaryimage","url":"https:\/\/saludsostenible.es\/wp-content\/uploads\/2025\/09\/melatonina-195-mg-b6.jpg","contentUrl":"https:\/\/saludsostenible.es\/wp-content\/uploads\/2025\/09\/melatonina-195-mg-b6.jpg","width":589,"height":589},{"@type":"BreadcrumbList","@id":"https:\/\/saludsostenible.es\/product\/melatonina-195-mg-b6\/#breadcrumb","itemListElement":[{"@type":"ListItem","position":1,"name":"Home","item":"https:\/\/saludsostenible.es\/"},{"@type":"ListItem","position":2,"name":"Tienda","item":"https:\/\/saludsostenible.es\/tienda\/"},{"@type":"ListItem","position":3,"name":"MELATONINA 1,95 mg + B6"}]},{"@type":"WebSite","@id":"https:\/\/saludsostenible.es\/#website","url":"https:\/\/saludsostenible.es\/","name":"Salud Sostenible Beauty & Longevity","description":"Plataforma de consulta online y acceso a especialistas privados: salud integrativa, beauty y longevidad. Inicia tu perfil de salud metab\u00f3lica.","publisher":{"@id":"https:\/\/saludsostenible.es\/#organization"},"alternateName":"Salud Sostenible","potentialAction":[{"@type":"SearchAction","target":{"@type":"EntryPoint","urlTemplate":"https:\/\/saludsostenible.es\/?s={search_term_string}"},"query-input":{"@type":"PropertyValueSpecification","valueRequired":true,"valueName":"search_term_string"}}],"inLanguage":"en-GB"},{"@type":"Organization","@id":"https:\/\/saludsostenible.es\/#organization","name":"Salud Sostenible by Fabrice Lef\u00e8vre Institute","alternateName":"Osteopat\u00eda en Barcelona, Madrid y Marbella","url":"https:\/\/saludsostenible.es\/","logo":{"@type":"ImageObject","inLanguage":"en-GB","@id":"https:\/\/saludsostenible.es\/#\/schema\/logo\/image\/","url":"https:\/\/saludsostenible.es\/wp-content\/uploads\/2024\/08\/probodyone-blog.jpg","contentUrl":"https:\/\/saludsostenible.es\/wp-content\/uploads\/2024\/08\/probodyone-blog.jpg","width":1600,"height":550,"caption":"Salud Sostenible by Fabrice Lef\u00e8vre Institute"},"image":{"@id":"https:\/\/saludsostenible.es\/#\/schema\/logo\/image\/"},"sameAs":["https:\/\/www.facebook.com\/ProbodyoneBarcelona","https:\/\/x.com\/probodyone","https:\/\/www.youtube.com\/@Probodyone\/videos"]}]}},"_links":{"self":[{"href":"https:\/\/saludsostenible.es\/en\/wp-json\/wp\/v2\/product\/501330","targetHints":{"allow":["GET"]}}],"collection":[{"href":"https:\/\/saludsostenible.es\/en\/wp-json\/wp\/v2\/product"}],"about":[{"href":"https:\/\/saludsostenible.es\/en\/wp-json\/wp\/v2\/types\/product"}],"wp:featuredmedia":[{"embeddable":true,"href":"https:\/\/saludsostenible.es\/en\/wp-json\/wp\/v2\/media\/501331"}],"wp:attachment":[{"href":"https:\/\/saludsostenible.es\/en\/wp-json\/wp\/v2\/media?parent=501330"}],"wp:term":[{"taxonomy":"product_brand","embeddable":true,"href":"https:\/\/saludsostenible.es\/en\/wp-json\/wp\/v2\/product_brand?post=501330"},{"taxonomy":"product_cat","embeddable":true,"href":"https:\/\/saludsostenible.es\/en\/wp-json\/wp\/v2\/product_cat?post=501330"},{"taxonomy":"product_tag","embeddable":true,"href":"https:\/\/saludsostenible.es\/en\/wp-json\/wp\/v2\/product_tag?post=501330"}],"curies":[{"name":"wp","href":"https:\/\/api.w.org\/{rel}","templated":true}]}}